{"id":18073,"date":"2016-05-10T13:43:57","date_gmt":"2016-05-10T10:43:57","guid":{"rendered":"https:\/\/asart.com.ua\/dizajn-kvartir\/dizajn-interera-kiev\/"},"modified":"2025-03-12T17:15:50","modified_gmt":"2025-03-12T14:15:50","slug":"dizajn-interera-kiev","status":"publish","type":"page","link":"https:\/\/asart.com.ua\/en\/dizajn-kvartir\/dizajn-interera-kiev\/","title":{"rendered":"Interior design of apartments in Kyiv"},"content":{"rendered":"<p>Creating an interior design is a complex and responsible process that requires special knowledge and experience. Also, your comfortable and cozy stay in the apartment depends on a correctly created project. Our studio has been offering a full range of design services for many years. We carry out all work on:<\/p>\n<ul>\n<li>high level<\/li>\n<li>at an affordable price<\/li>\n<\/ul>\n<p>&nbsp;<\/p>\n<p><a href=\"https:\/\/asart.com.ua\/wp-content\/uploads\/2022\/08\/dizajn-kvartiry-zhk-sokolniki-55watermark.jpg\"><img loading=\"lazy\" decoding=\"async\" class=\"aligncenter size-full wp-image-9699 colorbox-18073\" src=\"https:\/\/asart.com.ua\/wp-content\/uploads\/2022\/08\/dizajn-kvartiry-zhk-sokolniki-55watermark.jpg\" alt=\"\" width=\"1000\" height=\"581\" srcset=\"https:\/\/asart.com.ua\/wp-content\/uploads\/2022\/08\/dizajn-kvartiry-zhk-sokolniki-55watermark.jpg 1000w, https:\/\/asart.com.ua\/wp-content\/uploads\/2022\/08\/dizajn-kvartiry-zhk-sokolniki-55watermark-300x174.jpg 300w, https:\/\/asart.com.ua\/wp-content\/uploads\/2022\/08\/dizajn-kvartiry-zhk-sokolniki-55watermark-768x446.jpg 768w\" sizes=\"(max-width: 1000px) 100vw, 1000px\" \/><\/a><\/p>\n<p><a href=\"https:\/\/asart.com.ua\/wp-content\/uploads\/2022\/08\/dizajn-kvartiry-zhk-sokolniki-48watermark.jpg\"><img loading=\"lazy\" decoding=\"async\" class=\"aligncenter size-full wp-image-9687 colorbox-18073\" src=\"https:\/\/asart.com.ua\/wp-content\/uploads\/2022\/08\/dizajn-kvartiry-zhk-sokolniki-48watermark.jpg\" alt=\"\" width=\"1000\" height=\"563\" srcset=\"https:\/\/asart.com.ua\/wp-content\/uploads\/2022\/08\/dizajn-kvartiry-zhk-sokolniki-48watermark.jpg 1000w, https:\/\/asart.com.ua\/wp-content\/uploads\/2022\/08\/dizajn-kvartiry-zhk-sokolniki-48watermark-300x169.jpg 300w, https:\/\/asart.com.ua\/wp-content\/uploads\/2022\/08\/dizajn-kvartiry-zhk-sokolniki-48watermark-768x432.jpg 768w\" sizes=\"(max-width: 1000px) 100vw, 1000px\" \/><\/a><\/p>\n<p><a href=\"https:\/\/asart.com.ua\/wp-content\/uploads\/2022\/08\/dizajn-kvartiry-zhk-sokolniki-53watermark.jpg\"><img loading=\"lazy\" decoding=\"async\" class=\"aligncenter size-full wp-image-9695 colorbox-18073\" src=\"https:\/\/asart.com.ua\/wp-content\/uploads\/2022\/08\/dizajn-kvartiry-zhk-sokolniki-53watermark.jpg\" alt=\"\" width=\"1000\" height=\"564\" srcset=\"https:\/\/asart.com.ua\/wp-content\/uploads\/2022\/08\/dizajn-kvartiry-zhk-sokolniki-53watermark.jpg 1000w, https:\/\/asart.com.ua\/wp-content\/uploads\/2022\/08\/dizajn-kvartiry-zhk-sokolniki-53watermark-300x169.jpg 300w, https:\/\/asart.com.ua\/wp-content\/uploads\/2022\/08\/dizajn-kvartiry-zhk-sokolniki-53watermark-768x433.jpg 768w\" sizes=\"(max-width: 1000px) 100vw, 1000px\" \/><\/a><\/p>\n<p><a href=\"https:\/\/asart.com.ua\/wp-content\/uploads\/2017\/03\/Kabinet-seryiy-4watermark.jpg\"><br \/>\n<\/a> <a href=\"https:\/\/asart.com.ua\/wp-content\/uploads\/2022\/08\/dizajn-kvartiry-zhk-sokolniki-46watermark.jpg\"><img loading=\"lazy\" decoding=\"async\" class=\"aligncenter size-full wp-image-9683 colorbox-18073\" src=\"https:\/\/asart.com.ua\/wp-content\/uploads\/2022\/08\/dizajn-kvartiry-zhk-sokolniki-46watermark.jpg\" alt=\"\" width=\"1000\" height=\"563\" srcset=\"https:\/\/asart.com.ua\/wp-content\/uploads\/2022\/08\/dizajn-kvartiry-zhk-sokolniki-46watermark.jpg 1000w, https:\/\/asart.com.ua\/wp-content\/uploads\/2022\/08\/dizajn-kvartiry-zhk-sokolniki-46watermark-300x169.jpg 300w, https:\/\/asart.com.ua\/wp-content\/uploads\/2022\/08\/dizajn-kvartiry-zhk-sokolniki-46watermark-768x432.jpg 768w\" sizes=\"(max-width: 1000px) 100vw, 1000px\" \/><\/a> <a href=\"https:\/\/asart.com.ua\/wp-content\/uploads\/2022\/08\/dizajn-kvartiry-zhk-sokolniki-79watermark.jpg\"><img loading=\"lazy\" decoding=\"async\" class=\"aligncenter size-full wp-image-9747 colorbox-18073\" src=\"https:\/\/asart.com.ua\/wp-content\/uploads\/2022\/08\/dizajn-kvartiry-zhk-sokolniki-79watermark.jpg\" alt=\"\" width=\"1000\" height=\"564\" srcset=\"https:\/\/asart.com.ua\/wp-content\/uploads\/2022\/08\/dizajn-kvartiry-zhk-sokolniki-79watermark.jpg 1000w, https:\/\/asart.com.ua\/wp-content\/uploads\/2022\/08\/dizajn-kvartiry-zhk-sokolniki-79watermark-300x169.jpg 300w, https:\/\/asart.com.ua\/wp-content\/uploads\/2022\/08\/dizajn-kvartiry-zhk-sokolniki-79watermark-768x433.jpg 768w\" sizes=\"(max-width: 1000px) 100vw, 1000px\" \/><\/a><\/p>\n<h2>Individual approach to every customer.<\/h2>\n<p>With the help of interior design, we will create an individual style in your apartment in Kyiv that will best suit your tastes and wishes. Often clients do not know which design direction to choose and in what style to decorate the room; sometimes it is very difficult for them to understand the options offered. Experienced <strong>designers of our studio will help you decide on the concept, style direction, color scheme<\/strong> , every centimeter of space will be used competently and functionally.<\/p>\n<p>The process of implementing an interior design project consists of:<\/p>\n<ul>\n<li>visualization<\/li>\n<li>implementation<\/li>\n<\/ul>\n<p>Our specialists travel to any corner of the city of Kyiv to get to know the client and his apartment. During the meeting, the premises are inspected, and the client\u2019s wishes according to the future design are clarified. To develop a project, many details need to be clarified.<\/p>\n<p>After collecting all the necessary information, the designer develops a 3 D project for the future interior design of your apartment in Kyiv. This procedure is a godsend for every client, because at the initial stage he can see what his home will look like and make the appropriate adjustments and amendments. We will also help you select the necessary materials for finishing the rooms. We will help you choose the necessary furniture and tell you how to properly arrange it in the room.<\/p>\n<p><a href=\"https:\/\/asart.com.ua\/wp-content\/uploads\/2023\/07\/56-f-11watermark-1024x576.jpg\"><img loading=\"lazy\" decoding=\"async\" class=\"aligncenter  wp-image-10096 colorbox-18073\" src=\"https:\/\/asart.com.ua\/wp-content\/uploads\/2023\/07\/56-f-11watermark-1024x576.jpg\" alt=\"\" width=\"1108\" height=\"623\" srcset=\"https:\/\/asart.com.ua\/wp-content\/uploads\/2023\/07\/56-f-11watermark-1024x576.jpg 1024w, https:\/\/asart.com.ua\/wp-content\/uploads\/2023\/07\/56-f-11watermark-300x169.jpg 300w, https:\/\/asart.com.ua\/wp-content\/uploads\/2023\/07\/56-f-11watermark-768x432.jpg 768w, https:\/\/asart.com.ua\/wp-content\/uploads\/2023\/07\/56-f-11watermark.jpg 1100w\" sizes=\"(max-width: 1108px) 100vw, 1108px\" \/><\/a><a href=\"https:\/\/asart.com.ua\/wp-content\/uploads\/2023\/07\/56-f-8watermark.jpg\"><img loading=\"lazy\" decoding=\"async\" class=\"aligncenter size-full wp-image-10089 colorbox-18073\" src=\"https:\/\/asart.com.ua\/wp-content\/uploads\/2023\/07\/56-f-8watermark.jpg\" alt=\"\" width=\"1100\" height=\"619\" srcset=\"https:\/\/asart.com.ua\/wp-content\/uploads\/2023\/07\/56-f-8watermark.jpg 1100w, https:\/\/asart.com.ua\/wp-content\/uploads\/2023\/07\/56-f-8watermark-300x169.jpg 300w, https:\/\/asart.com.ua\/wp-content\/uploads\/2023\/07\/56-f-8watermark-1024x576.jpg 1024w, https:\/\/asart.com.ua\/wp-content\/uploads\/2023\/07\/56-f-8watermark-768x432.jpg 768w\" sizes=\"(max-width: 1100px) 100vw, 1100px\" \/><\/a><\/p>\n<p><a href=\"https:\/\/asart.com.ua\/wp-content\/uploads\/2023\/07\/56-f-9watermark.jpg\"><img loading=\"lazy\" decoding=\"async\" class=\"aligncenter size-full wp-image-10091 colorbox-18073\" src=\"https:\/\/asart.com.ua\/wp-content\/uploads\/2023\/07\/56-f-9watermark.jpg\" alt=\"\" width=\"1100\" height=\"619\" srcset=\"https:\/\/asart.com.ua\/wp-content\/uploads\/2023\/07\/56-f-9watermark.jpg 1100w, https:\/\/asart.com.ua\/wp-content\/uploads\/2023\/07\/56-f-9watermark-300x169.jpg 300w, https:\/\/asart.com.ua\/wp-content\/uploads\/2023\/07\/56-f-9watermark-1024x576.jpg 1024w, https:\/\/asart.com.ua\/wp-content\/uploads\/2023\/07\/56-f-9watermark-768x432.jpg 768w\" sizes=\"(max-width: 1100px) 100vw, 1100px\" \/><\/a> <a href=\"https:\/\/asart.com.ua\/wp-content\/uploads\/2022\/08\/dizajn-kvartiry-zhk-sokolniki-87watermark.jpg\"><img loading=\"lazy\" decoding=\"async\" class=\"aligncenter  wp-image-9763 colorbox-18073\" src=\"https:\/\/asart.com.ua\/wp-content\/uploads\/2022\/08\/dizajn-kvartiry-zhk-sokolniki-87watermark.jpg\" alt=\"\" width=\"1098\" height=\"619\" srcset=\"https:\/\/asart.com.ua\/wp-content\/uploads\/2022\/08\/dizajn-kvartiry-zhk-sokolniki-87watermark.jpg 1000w, https:\/\/asart.com.ua\/wp-content\/uploads\/2022\/08\/dizajn-kvartiry-zhk-sokolniki-87watermark-300x169.jpg 300w, https:\/\/asart.com.ua\/wp-content\/uploads\/2022\/08\/dizajn-kvartiry-zhk-sokolniki-87watermark-768x433.jpg 768w\" sizes=\"(max-width: 1098px) 100vw, 1098px\" \/><\/a><\/p>\n<h3>We offer many interesting ideas.<\/h3>\n<p>According to the documentation and drawings provided by our designers, the construction company will be able to proceed with the renovation. Our project <em>will contain information regarding engineering systems, regarding where and what work to perform and what finishing and decorative materials to use<\/em> . Our company also offers architectural supervision services in Kyiv. The essence of this procedure is to supervise and control the progress of repair and design work. Due to this, the developed design of your apartment in Kyiv will be implemented as accurately as possible by specialists.<\/p>\n<p>Our studio will develop a unique interior design for apartments in Kyiv, which will make your home beautiful and unique.<\/p>\n<p>\u2705 Chytr\u00e9 materi\u00e1ly: samoopravn\u00e9 n\u00e1t\u011bry, dynamick\u00e9 osv\u011btlen\u00ed a biofiln\u00ed prvky.<br \/>\n\u2705 Digit\u00e1ln\u00ed technologie: 3D vizualizace, virtu\u00e1ln\u00ed realita a algoritmy AI pro optimalizaci prostoru.<br \/>\n\u2705 Ekologick\u00e1 \u0159e\u0161en\u00ed: udr\u017eiteln\u00e9 materi\u00e1ly, energeticky \u00fa\u010dinn\u00e9 syst\u00e9my a inovace v \u0159\u00edzen\u00ed mikroklimatu.<\/p>\n<p>Nab\u00edz\u00edme exkluzivn\u00ed spolupr\u00e1ci architekt\u016fm a interi\u00e9rov\u00fdm design\u00e9r\u016fm: od konceptu a\u017e po realizaci. Vyv\u00edj\u00edme unik\u00e1tn\u00ed projekty, implementujeme inovace a pom\u00e1h\u00e1me realizovat ty nejodv\u00e1\u017en\u011bj\u0161\u00ed n\u00e1pady.<\/p>\n<p>Jste p\u0159ipraveni vytvo\u0159it design, kter\u00fd zm\u011bn\u00ed zp\u016fsob, jak\u00fdm p\u0159em\u00fd\u0161l\u00edte o prostoru? Kontaktujte n\u00e1s!<\/p>\n","protected":false},"excerpt":{"rendered":"<p>Creating an interior design is a <a class=\"continue_link\" href=\"https:\/\/asart.com.ua\/en\/dizajn-kvartir\/dizajn-interera-kiev\/\">\u0427\u0438\u0442\u0430\u0442\u044c \u0434\u0430\u043b\u0435\u0435 >><\/a><\/p>\n","protected":false},"author":6,"featured_media":9700,"parent":17993,"menu_order":0,"comment_status":"closed","ping_status":"closed","template":"","meta":{"footnotes":""},"acf":[],"aioseo_notices":[],"_links":{"self":[{"href":"https:\/\/asart.com.ua\/en\/wp-json\/wp\/v2\/pages\/18073"}],"collection":[{"href":"https:\/\/asart.com.ua\/en\/wp-json\/wp\/v2\/pages"}],"about":[{"href":"https:\/\/asart.com.ua\/en\/wp-json\/wp\/v2\/types\/page"}],"author":[{"embeddable":true,"href":"https:\/\/asart.com.ua\/en\/wp-json\/wp\/v2\/users\/6"}],"replies":[{"embeddable":true,"href":"https:\/\/asart.com.ua\/en\/wp-json\/wp\/v2\/comments?post=18073"}],"version-history":[{"count":3,"href":"https:\/\/asart.com.ua\/en\/wp-json\/wp\/v2\/pages\/18073\/revisions"}],"predecessor-version":[{"id":21815,"href":"https:\/\/asart.com.ua\/en\/wp-json\/wp\/v2\/pages\/18073\/revisions\/21815"}],"up":[{"embeddable":true,"href":"https:\/\/asart.com.ua\/en\/wp-json\/wp\/v2\/pages\/17993"}],"wp:featuredmedia":[{"embeddable":true,"href":"https:\/\/asart.com.ua\/en\/wp-json\/wp\/v2\/media\/9700"}],"wp:attachment":[{"href":"https:\/\/asart.com.ua\/en\/wp-json\/wp\/v2\/media?parent=18073"}],"curies":[{"name":"wp","href":"https:\/\/api.w.org\/{rel}","templated":true}]}}