{"id":17976,"date":"2011-11-28T07:09:03","date_gmt":"2011-11-28T09:09:03","guid":{"rendered":"https:\/\/asart.com.ua\/kontakty\/"},"modified":"2025-02-18T11:16:02","modified_gmt":"2025-02-18T08:16:02","slug":"kontakty","status":"publish","type":"page","link":"https:\/\/asart.com.ua\/en\/kontakty\/","title":{"rendered":"Contacts"},"content":{"rendered":"<p>&nbsp;<\/p>\n<table border=\"0\">\n<tbody>\n<tr>\n<td style=\"margin: 10;\" valign=\"top\">\n<p style=\"text-align: left;\"><strong>Kharkov, Ukraine. St. Balakireva, 17 <\/strong><\/p>\n<p style=\"text-align: left;\">Working hours: Mon-Fri: 9 &#8211; 18<\/p>\n<p style=\"text-align: left;\">Sat-Sun: closed<\/p>\n<p style=\"text-align: left;\"><strong>Prague, Czech Republic. Ben\u00e1tsk\u00e1 , Nov\u00e9 M\u011bsto <\/strong><\/p>\n<p style=\"text-align: left;\"><strong>Nice, France Av. Saint-Augustin<\/strong><\/p>\n<p style=\"text-align: left;\">\u0422\u0435\u043b.:<\/p>\n<p style=\"text-align: left;\"><strong>+38 (097) 930 71 05 <a href=\"viber:\/\/add?number=380979307105\"><img loading=\"lazy\" decoding=\"async\" class=\"size-full wp-image-4691 alignnone colorbox-17976\" src=\"https:\/\/asart.com.ua\/wp-content\/uploads\/2017\/04\/vib.png\" alt=\"Viber\" width=\"32\" height=\"32\" \/><\/a><br \/>\n+42 (077) 454 43 04<br \/>\n<\/strong><\/p>\n<p><strong>+33 (744) 820834<\/strong><\/p>\n<div style=\"text-align: left;\">\n<p>E-mail: <strong><span style=\"color: #000000;\"><a style=\"color: #000000;\" href=\"mailto:info@asart.com.ua\">info@asart.com.ua<\/a><\/span><\/strong><\/p>\n<\/div>\n<div>\n<p style=\"text-align: left;\">We are on social media. networks:<br \/>\n<a href=\"https:\/\/vk.com\/club62794991\" target=\"_blank\" rel=\"nofollow noopener\"><img loading=\"lazy\" decoding=\"async\" class=\"alignleft size-full wp-image-4691 colorbox-17976\" src=\"https:\/\/asart.com.ua\/wp-content\/uploads\/2011\/11\/vk.png\" alt=\"vk\" width=\"32\" height=\"32\" \/><\/a> <a href=\"https:\/\/www.instagram.com\/andreysashuk\/\" target=\"_blank\" rel=\"nofollow noopener\"><img loading=\"lazy\" decoding=\"async\" class=\"alignleft size-full wp-image-4691 colorbox-17976\" src=\"https:\/\/asart.com.ua\/wp-content\/uploads\/2017\/04\/inst.png\" alt=\"vk\" width=\"32\" height=\"32\" \/><\/a> <a href=\"https:\/\/www.pinterest.com\/andrey_sashuk\/ \" target=\"_blank\" rel=\"nofollow noopener\"><img loading=\"lazy\" decoding=\"async\" class=\"alignleft size-full wp-image-4691 colorbox-17976\" src=\"https:\/\/asart.com.ua\/wp-content\/uploads\/2017\/04\/pint.png\" alt=\"vk\" width=\"32\" height=\"32\" \/><\/a><\/p>\n<\/div>\n<p>&nbsp;<\/p>\n<p><iframe loading=\"lazy\" src=\"https:\/\/www.google.com\/maps\/d\/embed?mid=1WHBMlKtz62tRoLpi37Rk1SWngQY\" width=\"450\" height=\"350\"><\/iframe><\/td>\n<td width=\"50\">\u00a0<\/td>\n<td valign=\"top\" width=\"500\">\n<p style=\"text-align: left;\"><a href=\"https:\/\/asart.com.ua\/wp-content\/uploads\/2024\/08\/img_7532rr.jpg\"><img loading=\"lazy\" decoding=\"async\" class=\"wp-image-19557 alignleft colorbox-17976\" src=\"https:\/\/asart.com.ua\/wp-content\/uploads\/2024\/08\/img_7532rr.jpg\" alt=\"\" width=\"155\" height=\"209\" srcset=\"https:\/\/asart.com.ua\/wp-content\/uploads\/2024\/08\/img_7532rr.jpg 945w, https:\/\/asart.com.ua\/wp-content\/uploads\/2024\/08\/img_7532rr-223x300.jpg 223w, https:\/\/asart.com.ua\/wp-content\/uploads\/2024\/08\/img_7532rr-760x1024.jpg 760w, https:\/\/asart.com.ua\/wp-content\/uploads\/2024\/08\/img_7532rr-768x1035.jpg 768w\" sizes=\"(max-width: 155px) 100vw, 155px\" \/><\/a><strong>Sashchuk Andrey Viktorovich<\/strong><br \/>\nArchitect-designer<br \/>\nHead of design studio<\/p>\n<\/td>\n<\/tr>\n<\/tbody>\n<\/table>\n<p>&nbsp;<\/p>\n","protected":false},"excerpt":{"rendered":"<p>&nbsp; Kharkov, Ukraine. St. Balakireva, 17 <a class=\"continue_link\" href=\"https:\/\/asart.com.ua\/en\/kontakty\/\">\u0427\u0438\u0442\u0430\u0442\u044c \u0434\u0430\u043b\u0435\u0435 >><\/a><\/p>\n","protected":false},"author":1,"featured_media":0,"parent":0,"menu_order":0,"comment_status":"closed","ping_status":"closed","template":"contacts.php","meta":{"footnotes":""},"acf":[],"aioseo_notices":[],"_links":{"self":[{"href":"https:\/\/asart.com.ua\/en\/wp-json\/wp\/v2\/pages\/17976"}],"collection":[{"href":"https:\/\/asart.com.ua\/en\/wp-json\/wp\/v2\/pages"}],"about":[{"href":"https:\/\/asart.com.ua\/en\/wp-json\/wp\/v2\/types\/page"}],"author":[{"embeddable":true,"href":"https:\/\/asart.com.ua\/en\/wp-json\/wp\/v2\/users\/1"}],"replies":[{"embeddable":true,"href":"https:\/\/asart.com.ua\/en\/wp-json\/wp\/v2\/comments?post=17976"}],"version-history":[{"count":13,"href":"https:\/\/asart.com.ua\/en\/wp-json\/wp\/v2\/pages\/17976\/revisions"}],"predecessor-version":[{"id":21770,"href":"https:\/\/asart.com.ua\/en\/wp-json\/wp\/v2\/pages\/17976\/revisions\/21770"}],"wp:attachment":[{"href":"https:\/\/asart.com.ua\/en\/wp-json\/wp\/v2\/media?parent=17976"}],"curies":[{"name":"wp","href":"https:\/\/api.w.org\/{rel}","templated":true}]}}