{"id":21794,"date":"2025-03-11T14:04:19","date_gmt":"2025-03-11T11:04:19","guid":{"rendered":"https:\/\/asart.com.ua\/dizajn-proekt-interera-pod-klyuch-v-prage-eksklyuzivnye-resheniya-dlya-vashego-prostranstva\/"},"modified":"2025-03-11T17:35:46","modified_gmt":"2025-03-11T14:35:46","slug":"dizajn-proekt-interera-pod-klyuch-v-prage-eksklyuzivnye-resheniya-dlya-vashego-prostranstva","status":"publish","type":"page","link":"https:\/\/asart.com.ua\/cs\/dizajn-proekt-interera-pod-klyuch-v-prage-eksklyuzivnye-resheniya-dlya-vashego-prostranstva\/","title":{"rendered":"Projekt interi\u00e9ru na kl\u00ed\u010d v Praze \u2013 exkluzivn\u00ed \u0159e\u0161en\u00ed pro v\u00e1\u0161 prostor"},"content":{"rendered":"<h3 data-pm-slice=\"1 1 []\">Chcete vytvo\u0159it jedine\u010dn\u00fd a stylov\u00fd interi\u00e9r v Praze nebo jej\u00edm okol\u00ed? Nab\u00edz\u00edme profesion\u00e1ln\u00ed slu\u017eby pro v\u00fdvoj a realizaci projektov\u00fdch projekt\u016f bytov\u00fdch a komer\u010dn\u00edch prostor. Estetika, funk\u010dnost a individu\u00e1ln\u00ed p\u0159\u00edstup jsou t\u0159i kl\u00ed\u010dov\u00e9 principy na\u0161\u00ed pr\u00e1ce.<\/h3>\n<p>Na\u0161e slu\u017eby:<\/p>\n<ul>\n<li>Vypracov\u00e1n\u00ed exkluzivn\u00edho designov\u00e9ho projektu s ohledem na va\u0161e p\u0159\u00e1n\u00ed a vlastnosti nemovitosti;<\/li>\n<li>V\u00fdb\u011br vysoce kvalitn\u00edch materi\u00e1l\u016f, n\u00e1bytku a dekorac\u00ed;<\/li>\n<li>Vizualizace projektu a detailn\u00ed rozpracov\u00e1n\u00ed ka\u017ed\u00e9ho prvku;<\/li>\n<li>Pln\u00e1 podpora implementace \u2013 od n\u00e1padu a\u017e po kone\u010dn\u00fd v\u00fdsledek;<\/li>\n<li>Spolupr\u00e1ce s developery, staviteli, realitn\u00edmi kancel\u00e1\u0159emi a soukrom\u00fdmi klienty.<\/li>\n<\/ul>\n<p>Pro\u010d si vybrat n\u00e1s?<\/p>\n<p>\u2705 I<strong>ndividu\u00e1ln\u00ed p\u0159\u00edstup<\/strong> \u2013 vytv\u00e1\u0159\u00edme interi\u00e9ry, kter\u00e9 odr\u00e1\u017eej\u00ed va\u0161i jedine\u010dnost; \u2705<strong> Zaji\u0161t\u011bn\u00ed kvality<\/strong> \u2013 pe\u010dliv\u011b kontrolujeme ka\u017edou f\u00e1zi projektu; \u2705<strong> Kompletn\u00ed cyklus slu\u017eeb<\/strong> \u2013 od konceptu a\u017e po realizaci na kl\u00ed\u010d; \u2705 <strong>Zku\u0161enosti s prac\u00ed v Praze a okol\u00ed<\/strong> \u2013 zn\u00e1me v\u0161echny nuance m\u00edstn\u00edho trhu a architektury.<\/p>\n<ul>\n<li>Pro koho jsou na\u0161e slu\u017eby ur\u010deny?<\/li>\n<li>Majitel\u00e9 byt\u016f, dom\u016f a vil, kte\u0159\u00ed cht\u011bj\u00ed vytvo\u0159it pohodln\u00fd a stylov\u00fd prostor;<\/li>\n<li>Develope\u0159i a realitn\u00ed kancel\u00e1\u0159e usiluj\u00edc\u00ed o zv\u00fd\u0161en\u00ed hodnoty a atraktivity nemovitost\u00ed;<\/li>\n<li>Majitel\u00e9 komer\u010dn\u00edch nemovitost\u00ed (kancel\u00e1\u0159e, restaurace, hotely), kte\u0159\u00ed pot\u0159ebuj\u00ed interi\u00e9r, kter\u00fd zd\u016fraz\u0148uje status podniku.<\/li>\n<li>Prom\u011b\u0148te svou nemovitost v um\u011bleck\u00e9 d\u00edlo! Kontaktujte n\u00e1s je\u0161t\u011b dnes pro bezplatnou konzultaci va\u0161eho projektu.<\/li>\n<\/ul>\n<p><a href=\"https:\/\/asart.com.ua\/wp-content\/uploads\/2022\/08\/karpenko-foto-001-27watermark.jpg\"><img loading=\"lazy\" decoding=\"async\" class=\"aligncenter size-full wp-image-9420 colorbox-21794\" src=\"https:\/\/asart.com.ua\/wp-content\/uploads\/2022\/08\/karpenko-foto-001-27watermark.jpg\" alt=\"\" width=\"1000\" height=\"667\" srcset=\"https:\/\/asart.com.ua\/wp-content\/uploads\/2022\/08\/karpenko-foto-001-27watermark.jpg 1000w, https:\/\/asart.com.ua\/wp-content\/uploads\/2022\/08\/karpenko-foto-001-27watermark-300x200.jpg 300w, https:\/\/asart.com.ua\/wp-content\/uploads\/2022\/08\/karpenko-foto-001-27watermark-768x512.jpg 768w, https:\/\/asart.com.ua\/wp-content\/uploads\/2022\/08\/karpenko-foto-001-27watermark-240x160.jpg 240w\" sizes=\"(max-width: 1000px) 100vw, 1000px\" \/><\/a><a href=\"https:\/\/asart.com.ua\/wp-content\/uploads\/2022\/08\/karpenko-foto-001-28watermark.jpg\"><img loading=\"lazy\" decoding=\"async\" class=\"aligncenter size-full wp-image-9422 colorbox-21794\" src=\"https:\/\/asart.com.ua\/wp-content\/uploads\/2022\/08\/karpenko-foto-001-28watermark.jpg\" alt=\"\" width=\"1000\" height=\"667\" srcset=\"https:\/\/asart.com.ua\/wp-content\/uploads\/2022\/08\/karpenko-foto-001-28watermark.jpg 1000w, https:\/\/asart.com.ua\/wp-content\/uploads\/2022\/08\/karpenko-foto-001-28watermark-300x200.jpg 300w, https:\/\/asart.com.ua\/wp-content\/uploads\/2022\/08\/karpenko-foto-001-28watermark-768x512.jpg 768w, https:\/\/asart.com.ua\/wp-content\/uploads\/2022\/08\/karpenko-foto-001-28watermark-240x160.jpg 240w\" sizes=\"(max-width: 1000px) 100vw, 1000px\" \/><\/a><a href=\"https:\/\/asart.com.ua\/wp-content\/uploads\/2022\/08\/karpenko-foto-001-1watermark.jpg\"><img loading=\"lazy\" decoding=\"async\" class=\"aligncenter size-full wp-image-9380 colorbox-21794\" src=\"https:\/\/asart.com.ua\/wp-content\/uploads\/2022\/08\/karpenko-foto-001-1watermark.jpg\" alt=\"\" width=\"1000\" height=\"667\" srcset=\"https:\/\/asart.com.ua\/wp-content\/uploads\/2022\/08\/karpenko-foto-001-1watermark.jpg 1000w, https:\/\/asart.com.ua\/wp-content\/uploads\/2022\/08\/karpenko-foto-001-1watermark-300x200.jpg 300w, https:\/\/asart.com.ua\/wp-content\/uploads\/2022\/08\/karpenko-foto-001-1watermark-768x512.jpg 768w, https:\/\/asart.com.ua\/wp-content\/uploads\/2022\/08\/karpenko-foto-001-1watermark-240x160.jpg 240w\" sizes=\"(max-width: 1000px) 100vw, 1000px\" \/><\/a><a href=\"https:\/\/asart.com.ua\/wp-content\/uploads\/2022\/08\/karpenko-foto-001-4watermark.jpg\"><img loading=\"lazy\" decoding=\"async\" class=\"aligncenter size-full wp-image-9386 colorbox-21794\" src=\"https:\/\/asart.com.ua\/wp-content\/uploads\/2022\/08\/karpenko-foto-001-4watermark.jpg\" alt=\"\" width=\"1000\" height=\"667\" srcset=\"https:\/\/asart.com.ua\/wp-content\/uploads\/2022\/08\/karpenko-foto-001-4watermark.jpg 1000w, https:\/\/asart.com.ua\/wp-content\/uploads\/2022\/08\/karpenko-foto-001-4watermark-300x200.jpg 300w, https:\/\/asart.com.ua\/wp-content\/uploads\/2022\/08\/karpenko-foto-001-4watermark-768x512.jpg 768w, https:\/\/asart.com.ua\/wp-content\/uploads\/2022\/08\/karpenko-foto-001-4watermark-240x160.jpg 240w\" sizes=\"(max-width: 1000px) 100vw, 1000px\" \/><\/a><a href=\"https:\/\/asart.com.ua\/wp-content\/uploads\/2022\/08\/karpenko-foto-001-20watermark.jpg\"><img loading=\"lazy\" decoding=\"async\" class=\"aligncenter size-full wp-image-9410 colorbox-21794\" src=\"https:\/\/asart.com.ua\/wp-content\/uploads\/2022\/08\/karpenko-foto-001-20watermark.jpg\" alt=\"\" width=\"1000\" height=\"667\" srcset=\"https:\/\/asart.com.ua\/wp-content\/uploads\/2022\/08\/karpenko-foto-001-20watermark.jpg 1000w, https:\/\/asart.com.ua\/wp-content\/uploads\/2022\/08\/karpenko-foto-001-20watermark-300x200.jpg 300w, https:\/\/asart.com.ua\/wp-content\/uploads\/2022\/08\/karpenko-foto-001-20watermark-768x512.jpg 768w, https:\/\/asart.com.ua\/wp-content\/uploads\/2022\/08\/karpenko-foto-001-20watermark-240x160.jpg 240w\" sizes=\"(max-width: 1000px) 100vw, 1000px\" \/><\/a><\/p>\n<p>&nbsp;<\/p>\n<p><a href=\"https:\/\/asart.com.ua\/wp-content\/uploads\/2022\/08\/karpenko-foto-001-38watermark.jpg\"><img loading=\"lazy\" decoding=\"async\" class=\"aligncenter size-full wp-image-9436 colorbox-21794\" src=\"https:\/\/asart.com.ua\/wp-content\/uploads\/2022\/08\/karpenko-foto-001-38watermark.jpg\" alt=\"\" width=\"1000\" height=\"667\" srcset=\"https:\/\/asart.com.ua\/wp-content\/uploads\/2022\/08\/karpenko-foto-001-38watermark.jpg 1000w, https:\/\/asart.com.ua\/wp-content\/uploads\/2022\/08\/karpenko-foto-001-38watermark-300x200.jpg 300w, https:\/\/asart.com.ua\/wp-content\/uploads\/2022\/08\/karpenko-foto-001-38watermark-768x512.jpg 768w, https:\/\/asart.com.ua\/wp-content\/uploads\/2022\/08\/karpenko-foto-001-38watermark-240x160.jpg 240w\" sizes=\"(max-width: 1000px) 100vw, 1000px\" \/><\/a><\/p>\n<p><a href=\"https:\/\/asart.com.ua\/wp-content\/uploads\/2022\/08\/karpenko-foto-001-48watermark.jpg\"><img loading=\"lazy\" decoding=\"async\" class=\"aligncenter size-full wp-image-9454 colorbox-21794\" src=\"https:\/\/asart.com.ua\/wp-content\/uploads\/2022\/08\/karpenko-foto-001-48watermark.jpg\" alt=\"\" width=\"1000\" height=\"667\" srcset=\"https:\/\/asart.com.ua\/wp-content\/uploads\/2022\/08\/karpenko-foto-001-48watermark.jpg 1000w, https:\/\/asart.com.ua\/wp-content\/uploads\/2022\/08\/karpenko-foto-001-48watermark-300x200.jpg 300w, https:\/\/asart.com.ua\/wp-content\/uploads\/2022\/08\/karpenko-foto-001-48watermark-768x512.jpg 768w, https:\/\/asart.com.ua\/wp-content\/uploads\/2022\/08\/karpenko-foto-001-48watermark-240x160.jpg 240w\" sizes=\"(max-width: 1000px) 100vw, 1000px\" \/><\/a><a href=\"https:\/\/asart.com.ua\/wp-content\/uploads\/2022\/08\/karpenko-foto-001-45watermark.jpg\"><img loading=\"lazy\" decoding=\"async\" class=\"aligncenter size-full wp-image-9448 colorbox-21794\" src=\"https:\/\/asart.com.ua\/wp-content\/uploads\/2022\/08\/karpenko-foto-001-45watermark.jpg\" alt=\"\" width=\"1000\" height=\"667\" srcset=\"https:\/\/asart.com.ua\/wp-content\/uploads\/2022\/08\/karpenko-foto-001-45watermark.jpg 1000w, https:\/\/asart.com.ua\/wp-content\/uploads\/2022\/08\/karpenko-foto-001-45watermark-300x200.jpg 300w, https:\/\/asart.com.ua\/wp-content\/uploads\/2022\/08\/karpenko-foto-001-45watermark-768x512.jpg 768w, https:\/\/asart.com.ua\/wp-content\/uploads\/2022\/08\/karpenko-foto-001-45watermark-240x160.jpg 240w\" sizes=\"(max-width: 1000px) 100vw, 1000px\" \/><\/a><\/p>\n<p>&nbsp;<\/p>\n","protected":false},"excerpt":{"rendered":"<p>Chcete vytvo\u0159it jedine\u010dn\u00fd a stylov\u00fd interi\u00e9r <a class=\"continue_link\" href=\"https:\/\/asart.com.ua\/cs\/dizajn-proekt-interera-pod-klyuch-v-prage-eksklyuzivnye-resheniya-dlya-vashego-prostranstva\/\">\u0427\u0438\u0442\u0430\u0442\u044c \u0434\u0430\u043b\u0435\u0435 >><\/a><\/p>\n","protected":false},"author":6,"featured_media":17350,"parent":0,"menu_order":0,"comment_status":"closed","ping_status":"closed","template":"","meta":{"footnotes":""},"acf":[],"aioseo_notices":[],"_links":{"self":[{"href":"https:\/\/asart.com.ua\/cs\/wp-json\/wp\/v2\/pages\/21794"}],"collection":[{"href":"https:\/\/asart.com.ua\/cs\/wp-json\/wp\/v2\/pages"}],"about":[{"href":"https:\/\/asart.com.ua\/cs\/wp-json\/wp\/v2\/types\/page"}],"author":[{"embeddable":true,"href":"https:\/\/asart.com.ua\/cs\/wp-json\/wp\/v2\/users\/6"}],"replies":[{"embeddable":true,"href":"https:\/\/asart.com.ua\/cs\/wp-json\/wp\/v2\/comments?post=21794"}],"version-history":[{"count":3,"href":"https:\/\/asart.com.ua\/cs\/wp-json\/wp\/v2\/pages\/21794\/revisions"}],"predecessor-version":[{"id":21801,"href":"https:\/\/asart.com.ua\/cs\/wp-json\/wp\/v2\/pages\/21794\/revisions\/21801"}],"wp:featuredmedia":[{"embeddable":true,"href":"https:\/\/asart.com.ua\/cs\/wp-json\/wp\/v2\/media\/17350"}],"wp:attachment":[{"href":"https:\/\/asart.com.ua\/cs\/wp-json\/wp\/v2\/media?parent=21794"}],"curies":[{"name":"wp","href":"https:\/\/api.w.org\/{rel}","templated":true}]}}