{"id":21765,"date":"2025-01-23T15:05:52","date_gmt":"2025-01-23T12:05:52","guid":{"rendered":"https:\/\/asart.com.ua\/arxitektor-dizajner-interera-v-xarkove\/"},"modified":"2025-01-24T16:31:20","modified_gmt":"2025-01-24T13:31:20","slug":"arxitektor-dizajner-interera-v-xarkove","status":"publish","type":"page","link":"https:\/\/asart.com.ua\/cs\/arxitektor-dizajner-interera-v-xarkove\/","title":{"rendered":"Architekt a interi\u00e9rov\u00fd design\u00e9r v Praze, \u010cesk\u00e1 republika."},"content":{"rendered":"<h2>Architekt-interi\u00e9rov\u00fd design\u00e9r v Praze: od n\u00e1padu po realizaci na kl\u00ed\u010d<\/h2>\n<p>Hled\u00e1te profesion\u00e1ln\u00edho architekta a interi\u00e9rov\u00e9ho design\u00e9ra v Charkov\u011b? Poskytujeme celou \u0159adu slu\u017eeb pro vytv\u00e1\u0159en\u00ed stylov\u00fdch, funk\u010dn\u00edch a pohodln\u00fdch interi\u00e9r\u016f obytn\u00fdch a ve\u0159ejn\u00fdch prostor.<\/p>\n<p><strong>Mezi na\u0161e slu\u017eby pat\u0159\u00ed:<\/strong><\/p>\n<ul>\n<li>N\u00e1vrh interi\u00e9ru &#8220;na kl\u00ed\u010d&#8221;<\/li>\n<li>Od po\u010d\u00e1te\u010dn\u00edch m\u011b\u0159en\u00ed a\u017e po fin\u00e1ln\u00ed dekor vytv\u00e1\u0159\u00edme interi\u00e9ry, kter\u00e9 odr\u00e1\u017eej\u00ed v\u00e1\u0161 styl a pot\u0159eby.<\/li>\n<li>Architektonick\u00e9 n\u00e1vrhy chat a fas\u00e1d<\/li>\n<li>Vyv\u00edj\u00edme jedine\u010dn\u00e9 projekty, kter\u00e9 harmonicky spojuj\u00ed estetiku a funk\u010dnost.<\/li>\n<li>Komplexn\u00ed oprav\u00e1rensk\u00e9 pr\u00e1ce<\/li>\n<li>V\u00e1\u0161 projekt o\u017eiv\u00edme s pomoc\u00ed profesion\u00e1ln\u00edho t\u00fdmu \u0159emesln\u00edk\u016f. Prov\u00e1d\u00edme v\u0161echny f\u00e1ze: od hrub\u00fdch prac\u00ed a\u017e po mont\u00e1\u017e fin\u00e1ln\u00edch detail\u016f.<\/li>\n<li>Pr\u00e1ce s obytn\u00fdmi a ve\u0159ejn\u00fdmi prostory<\/li>\n<li>Za\u0159izujeme byty, domy, kancel\u00e1\u0159e, kav\u00e1rny, salony a dal\u0161\u00ed komer\u010dn\u00ed nemovitosti.<\/li>\n<\/ul>\n<p><strong>Pro\u010d si vybrat n\u00e1s?<\/strong><\/p>\n<ul>\n<li>Integrovan\u00fd p\u0159\u00edstup. Postar\u00e1me se o ka\u017ed\u00fd detail \u2013 od v\u00fdvoje konceptu a\u017e po fin\u00e1ln\u00ed dotek.<\/li>\n<li>Individu\u00e1ln\u00ed \u0159e\u0161en\u00ed. Ka\u017ed\u00fd projekt je navr\u017een tak, aby vyhovoval va\u0161im p\u0159\u00e1n\u00edm, \u017eivotn\u00edmu stylu a rozpo\u010dtu.<\/li>\n<li>Zaji\u0161t\u011bn\u00ed kvality. Pou\u017e\u00edv\u00e1me modern\u00ed materi\u00e1ly a osv\u011bd\u010den\u00e9 technologie, abychom zajistili, \u017ee se v\u00e1m v\u00fdsledek bude l\u00edbit po mnoho let.<\/li>\n<li>Dodr\u017eov\u00e1n\u00ed term\u00edn\u016f. P\u0159ehledn\u011b pl\u00e1nujeme v\u0161echny f\u00e1ze prac\u00ed, abyste si hotov\u00fd prostor mohli u\u017e\u00edt v\u010das.<\/li>\n<\/ul>\n<h4>Vytv\u00e1\u0159\u00edme nejen interi\u00e9ry \u2013 vytv\u00e1\u0159\u00edme prostor, ve kter\u00e9m chcete \u017e\u00edt, pracovat a odpo\u010d\u00edvat.<\/h4>\n<p>Kontaktujte n\u00e1s a prodiskutujte sv\u016fj projekt a ud\u011blejte prvn\u00ed krok k domovu nebo kancel\u00e1\u0159i sv\u00fdch sn\u016f!<\/p>\n<p>+380979307105<\/p>\n<p><a href=\"https:\/\/asart.com.ua\/wp-content\/uploads\/2024\/10\/dizajner-interera-monako-11watermark.jpg\"><img loading=\"lazy\" decoding=\"async\" class=\"aligncenter  wp-image-21358 colorbox-21765\" src=\"https:\/\/asart.com.ua\/wp-content\/uploads\/2024\/10\/dizajner-interera-monako-11watermark.jpg\" alt=\"\" width=\"1017\" height=\"572\" srcset=\"https:\/\/asart.com.ua\/wp-content\/uploads\/2024\/10\/dizajner-interera-monako-11watermark.jpg 1200w, https:\/\/asart.com.ua\/wp-content\/uploads\/2024\/10\/dizajner-interera-monako-11watermark-300x169.jpg 300w, https:\/\/asart.com.ua\/wp-content\/uploads\/2024\/10\/dizajner-interera-monako-11watermark-768x432.jpg 768w\" sizes=\"(max-width: 1017px) 100vw, 1017px\" \/><\/a><a href=\"https:\/\/asart.com.ua\/wp-content\/uploads\/2024\/10\/dizajner-interera-monako-13watermark.jpg\"><img loading=\"lazy\" decoding=\"async\" class=\"aligncenter  wp-image-21366 colorbox-21765\" src=\"https:\/\/asart.com.ua\/wp-content\/uploads\/2024\/10\/dizajner-interera-monako-13watermark.jpg\" alt=\"\" width=\"1020\" height=\"574\" srcset=\"https:\/\/asart.com.ua\/wp-content\/uploads\/2024\/10\/dizajner-interera-monako-13watermark.jpg 1200w, https:\/\/asart.com.ua\/wp-content\/uploads\/2024\/10\/dizajner-interera-monako-13watermark-300x169.jpg 300w, https:\/\/asart.com.ua\/wp-content\/uploads\/2024\/10\/dizajner-interera-monako-13watermark-768x432.jpg 768w\" sizes=\"(max-width: 1020px) 100vw, 1020px\" \/><\/a><a href=\"https:\/\/asart.com.ua\/wp-content\/uploads\/2024\/09\/proczess-remonta-1watermark-.jpg\"><img loading=\"lazy\" decoding=\"async\" class=\"aligncenter size-full wp-image-20243 colorbox-21765\" src=\"https:\/\/asart.com.ua\/wp-content\/uploads\/2024\/09\/proczess-remonta-1watermark-.jpg\" alt=\"\" width=\"1000\" height=\"564\" srcset=\"https:\/\/asart.com.ua\/wp-content\/uploads\/2024\/09\/proczess-remonta-1watermark-.jpg 1000w, https:\/\/asart.com.ua\/wp-content\/uploads\/2024\/09\/proczess-remonta-1watermark--300x169.jpg 300w, https:\/\/asart.com.ua\/wp-content\/uploads\/2024\/09\/proczess-remonta-1watermark--768x433.jpg 768w\" sizes=\"(max-width: 1000px) 100vw, 1000px\" \/><\/a><a href=\"https:\/\/asart.com.ua\/wp-content\/uploads\/2024\/09\/proczess-remonta-2watermark-.jpg\"><img loading=\"lazy\" decoding=\"async\" class=\"aligncenter size-full wp-image-20247 colorbox-21765\" src=\"https:\/\/asart.com.ua\/wp-content\/uploads\/2024\/09\/proczess-remonta-2watermark-.jpg\" alt=\"\" width=\"1000\" height=\"564\" srcset=\"https:\/\/asart.com.ua\/wp-content\/uploads\/2024\/09\/proczess-remonta-2watermark-.jpg 1000w, https:\/\/asart.com.ua\/wp-content\/uploads\/2024\/09\/proczess-remonta-2watermark--300x169.jpg 300w, https:\/\/asart.com.ua\/wp-content\/uploads\/2024\/09\/proczess-remonta-2watermark--768x433.jpg 768w\" sizes=\"(max-width: 1000px) 100vw, 1000px\" \/><\/a><a href=\"https:\/\/asart.com.ua\/wp-content\/uploads\/2021\/11\/img-e68a7dd4b8744769030e11747e25889c-vwatermark.jpg\"><img loading=\"lazy\" decoding=\"async\" class=\"aligncenter size-full wp-image-9593 colorbox-21765\" src=\"https:\/\/asart.com.ua\/wp-content\/uploads\/2021\/11\/img-e68a7dd4b8744769030e11747e25889c-vwatermark.jpg\" alt=\"\" width=\"1000\" height=\"750\" srcset=\"https:\/\/asart.com.ua\/wp-content\/uploads\/2021\/11\/img-e68a7dd4b8744769030e11747e25889c-vwatermark.jpg 1000w, https:\/\/asart.com.ua\/wp-content\/uploads\/2021\/11\/img-e68a7dd4b8744769030e11747e25889c-vwatermark-300x225.jpg 300w, https:\/\/asart.com.ua\/wp-content\/uploads\/2021\/11\/img-e68a7dd4b8744769030e11747e25889c-vwatermark-768x576.jpg 768w, https:\/\/asart.com.ua\/wp-content\/uploads\/2021\/11\/img-e68a7dd4b8744769030e11747e25889c-vwatermark-160x120.jpg 160w, https:\/\/asart.com.ua\/wp-content\/uploads\/2021\/11\/img-e68a7dd4b8744769030e11747e25889c-vwatermark-289x217.jpg 289w\" sizes=\"(max-width: 1000px) 100vw, 1000px\" \/><\/a><a href=\"https:\/\/asart.com.ua\/wp-content\/uploads\/2024\/09\/suzdalskie-ryady-ofis-35watermark-.jpg\"><img loading=\"lazy\" decoding=\"async\" class=\"aligncenter size-full wp-image-20263 colorbox-21765\" src=\"https:\/\/asart.com.ua\/wp-content\/uploads\/2024\/09\/suzdalskie-ryady-ofis-35watermark-.jpg\" alt=\"\" width=\"1000\" height=\"564\" srcset=\"https:\/\/asart.com.ua\/wp-content\/uploads\/2024\/09\/suzdalskie-ryady-ofis-35watermark-.jpg 1000w, https:\/\/asart.com.ua\/wp-content\/uploads\/2024\/09\/suzdalskie-ryady-ofis-35watermark--300x169.jpg 300w, https:\/\/asart.com.ua\/wp-content\/uploads\/2024\/09\/suzdalskie-ryady-ofis-35watermark--768x433.jpg 768w\" sizes=\"(max-width: 1000px) 100vw, 1000px\" \/><\/a><\/p>\n<p><a href=\"https:\/\/asart.com.ua\/wp-content\/uploads\/2021\/11\/suzdalskie-ryady-ofis-25watermark-.jpg\"><img loading=\"lazy\" decoding=\"async\" class=\"aligncenter size-full wp-image-9583 colorbox-21765\" src=\"https:\/\/asart.com.ua\/wp-content\/uploads\/2021\/11\/suzdalskie-ryady-ofis-25watermark-.jpg\" alt=\"\" width=\"1000\" height=\"564\" srcset=\"https:\/\/asart.com.ua\/wp-content\/uploads\/2021\/11\/suzdalskie-ryady-ofis-25watermark-.jpg 1000w, https:\/\/asart.com.ua\/wp-content\/uploads\/2021\/11\/suzdalskie-ryady-ofis-25watermark--300x169.jpg 300w, https:\/\/asart.com.ua\/wp-content\/uploads\/2021\/11\/suzdalskie-ryady-ofis-25watermark--768x433.jpg 768w\" sizes=\"(max-width: 1000px) 100vw, 1000px\" \/><\/a><a href=\"https:\/\/asart.com.ua\/wp-content\/uploads\/2021\/11\/suzdalskie-ryady-ofis-17watermark-.jpg\"><img loading=\"lazy\" decoding=\"async\" class=\"aligncenter size-full wp-image-9577 colorbox-21765\" src=\"https:\/\/asart.com.ua\/wp-content\/uploads\/2021\/11\/suzdalskie-ryady-ofis-17watermark-.jpg\" alt=\"\" width=\"1000\" height=\"564\" srcset=\"https:\/\/asart.com.ua\/wp-content\/uploads\/2021\/11\/suzdalskie-ryady-ofis-17watermark-.jpg 1000w, https:\/\/asart.com.ua\/wp-content\/uploads\/2021\/11\/suzdalskie-ryady-ofis-17watermark--300x169.jpg 300w, https:\/\/asart.com.ua\/wp-content\/uploads\/2021\/11\/suzdalskie-ryady-ofis-17watermark--768x433.jpg 768w\" sizes=\"(max-width: 1000px) 100vw, 1000px\" \/><\/a><a href=\"https:\/\/asart.com.ua\/wp-content\/uploads\/2023\/07\/kuhnya-studiya-dom-63-14watermark-1024x559.jpg\"><img loading=\"lazy\" decoding=\"async\" class=\"aligncenter size-large wp-image-10122 colorbox-21765\" src=\"https:\/\/asart.com.ua\/wp-content\/uploads\/2023\/07\/kuhnya-studiya-dom-63-14watermark-1024x559.jpg\" alt=\"\" width=\"1024\" height=\"559\" srcset=\"https:\/\/asart.com.ua\/wp-content\/uploads\/2023\/07\/kuhnya-studiya-dom-63-14watermark-1024x559.jpg 1024w, https:\/\/asart.com.ua\/wp-content\/uploads\/2023\/07\/kuhnya-studiya-dom-63-14watermark-300x164.jpg 300w, https:\/\/asart.com.ua\/wp-content\/uploads\/2023\/07\/kuhnya-studiya-dom-63-14watermark-768x419.jpg 768w, https:\/\/asart.com.ua\/wp-content\/uploads\/2023\/07\/kuhnya-studiya-dom-63-14watermark.jpg 1100w\" sizes=\"(max-width: 1024px) 100vw, 1024px\" \/><\/a><a href=\"https:\/\/asart.com.ua\/wp-content\/uploads\/2023\/07\/kuhnya-studiya-dom-63-12watermark-1024x576.jpg\"><img loading=\"lazy\" decoding=\"async\" class=\"aligncenter size-large wp-image-10118 colorbox-21765\" src=\"https:\/\/asart.com.ua\/wp-content\/uploads\/2023\/07\/kuhnya-studiya-dom-63-12watermark-1024x576.jpg\" alt=\"\" width=\"1024\" height=\"576\" srcset=\"https:\/\/asart.com.ua\/wp-content\/uploads\/2023\/07\/kuhnya-studiya-dom-63-12watermark-1024x576.jpg 1024w, https:\/\/asart.com.ua\/wp-content\/uploads\/2023\/07\/kuhnya-studiya-dom-63-12watermark-300x169.jpg 300w, https:\/\/asart.com.ua\/wp-content\/uploads\/2023\/07\/kuhnya-studiya-dom-63-12watermark-768x432.jpg 768w, https:\/\/asart.com.ua\/wp-content\/uploads\/2023\/07\/kuhnya-studiya-dom-63-12watermark.jpg 1100w\" sizes=\"(max-width: 1024px) 100vw, 1024px\" \/><\/a><\/p>\n<p><a href=\"https:\/\/asart.com.ua\/wp-content\/uploads\/2022\/11\/arhitekturnyj-proekt-chastnogo-doma-malaya-danilovka-1watermark--1024x650.jpg\"><img loading=\"lazy\" decoding=\"async\" class=\"aligncenter size-large wp-image-9857 colorbox-21765\" src=\"https:\/\/asart.com.ua\/wp-content\/uploads\/2022\/11\/arhitekturnyj-proekt-chastnogo-doma-malaya-danilovka-1watermark--1024x650.jpg\" alt=\"\" width=\"1024\" height=\"650\" srcset=\"https:\/\/asart.com.ua\/wp-content\/uploads\/2022\/11\/arhitekturnyj-proekt-chastnogo-doma-malaya-danilovka-1watermark--1024x650.jpg 1024w, https:\/\/asart.com.ua\/wp-content\/uploads\/2022\/11\/arhitekturnyj-proekt-chastnogo-doma-malaya-danilovka-1watermark--300x191.jpg 300w, https:\/\/asart.com.ua\/wp-content\/uploads\/2022\/11\/arhitekturnyj-proekt-chastnogo-doma-malaya-danilovka-1watermark--768x488.jpg 768w, https:\/\/asart.com.ua\/wp-content\/uploads\/2022\/11\/arhitekturnyj-proekt-chastnogo-doma-malaya-danilovka-1watermark--233x147.jpg 233w, https:\/\/asart.com.ua\/wp-content\/uploads\/2022\/11\/arhitekturnyj-proekt-chastnogo-doma-malaya-danilovka-1watermark-.jpg 1200w\" sizes=\"(max-width: 1024px) 100vw, 1024px\" \/><\/a><a href=\"https:\/\/asart.com.ua\/wp-content\/uploads\/2024\/08\/dizan-interera-villy-2watermark--1024x576.jpg\"><img loading=\"lazy\" decoding=\"async\" class=\"aligncenter size-large wp-image-19865 colorbox-21765\" src=\"https:\/\/asart.com.ua\/wp-content\/uploads\/2024\/08\/dizan-interera-villy-2watermark--1024x576.jpg\" alt=\"\" width=\"1024\" height=\"576\" srcset=\"https:\/\/asart.com.ua\/wp-content\/uploads\/2024\/08\/dizan-interera-villy-2watermark--1024x576.jpg 1024w, https:\/\/asart.com.ua\/wp-content\/uploads\/2024\/08\/dizan-interera-villy-2watermark--300x169.jpg 300w, https:\/\/asart.com.ua\/wp-content\/uploads\/2024\/08\/dizan-interera-villy-2watermark--768x432.jpg 768w, https:\/\/asart.com.ua\/wp-content\/uploads\/2024\/08\/dizan-interera-villy-2watermark-.jpg 1200w\" sizes=\"(max-width: 1024px) 100vw, 1024px\" \/><\/a><a href=\"https:\/\/asart.com.ua\/wp-content\/uploads\/2024\/08\/dizan-interera-villy-1watermark--1024x576.jpg\"><img loading=\"lazy\" decoding=\"async\" class=\"aligncenter size-large wp-image-19861 colorbox-21765\" src=\"https:\/\/asart.com.ua\/wp-content\/uploads\/2024\/08\/dizan-interera-villy-1watermark--1024x576.jpg\" alt=\"\" width=\"1024\" height=\"576\" srcset=\"https:\/\/asart.com.ua\/wp-content\/uploads\/2024\/08\/dizan-interera-villy-1watermark--1024x576.jpg 1024w, https:\/\/asart.com.ua\/wp-content\/uploads\/2024\/08\/dizan-interera-villy-1watermark--300x169.jpg 300w, https:\/\/asart.com.ua\/wp-content\/uploads\/2024\/08\/dizan-interera-villy-1watermark--768x432.jpg 768w, https:\/\/asart.com.ua\/wp-content\/uploads\/2024\/08\/dizan-interera-villy-1watermark-.jpg 1200w\" sizes=\"(max-width: 1024px) 100vw, 1024px\" \/><\/a><a href=\"https:\/\/asart.com.ua\/wp-content\/uploads\/2024\/08\/dizan-interera-villy-4watermark--1024x576.jpg\"><img loading=\"lazy\" decoding=\"async\" class=\"aligncenter size-large wp-image-19873 colorbox-21765\" src=\"https:\/\/asart.com.ua\/wp-content\/uploads\/2024\/08\/dizan-interera-villy-4watermark--1024x576.jpg\" alt=\"\" width=\"1024\" height=\"576\" srcset=\"https:\/\/asart.com.ua\/wp-content\/uploads\/2024\/08\/dizan-interera-villy-4watermark--1024x576.jpg 1024w, https:\/\/asart.com.ua\/wp-content\/uploads\/2024\/08\/dizan-interera-villy-4watermark--300x169.jpg 300w, https:\/\/asart.com.ua\/wp-content\/uploads\/2024\/08\/dizan-interera-villy-4watermark--768x432.jpg 768w, https:\/\/asart.com.ua\/wp-content\/uploads\/2024\/08\/dizan-interera-villy-4watermark-.jpg 1200w\" sizes=\"(max-width: 1024px) 100vw, 1024px\" \/><\/a><img loading=\"lazy\" decoding=\"async\" class=\"aligncenter size-large wp-image-19802 colorbox-21765\" src=\"https:\/\/asart.com.ua\/wp-content\/uploads\/2024\/07\/divajn-villy-7watermark--1024x578.jpg\" alt=\"\" width=\"1024\" height=\"578\" srcset=\"https:\/\/asart.com.ua\/wp-content\/uploads\/2024\/07\/divajn-villy-7watermark--1024x578.jpg 1024w, https:\/\/asart.com.ua\/wp-content\/uploads\/2024\/07\/divajn-villy-7watermark--300x169.jpg 300w, https:\/\/asart.com.ua\/wp-content\/uploads\/2024\/07\/divajn-villy-7watermark--768x433.jpg 768w, https:\/\/asart.com.ua\/wp-content\/uploads\/2024\/07\/divajn-villy-7watermark-.jpg 1200w\" sizes=\"(max-width: 1024px) 100vw, 1024px\" \/><img loading=\"lazy\" decoding=\"async\" class=\"aligncenter size-large wp-image-19798 colorbox-21765\" src=\"https:\/\/asart.com.ua\/wp-content\/uploads\/2024\/07\/divajn-villy-4watermark--1024x576.jpg\" alt=\"\" width=\"1024\" height=\"576\" srcset=\"https:\/\/asart.com.ua\/wp-content\/uploads\/2024\/07\/divajn-villy-4watermark--1024x576.jpg 1024w, https:\/\/asart.com.ua\/wp-content\/uploads\/2024\/07\/divajn-villy-4watermark--300x169.jpg 300w, https:\/\/asart.com.ua\/wp-content\/uploads\/2024\/07\/divajn-villy-4watermark--768x432.jpg 768w, https:\/\/asart.com.ua\/wp-content\/uploads\/2024\/07\/divajn-villy-4watermark-.jpg 1200w\" sizes=\"(max-width: 1024px) 100vw, 1024px\" \/><img loading=\"lazy\" decoding=\"async\" class=\"aligncenter size-large wp-image-10087 colorbox-21765\" style=\"color: #0000ee;\" src=\"https:\/\/asart.com.ua\/wp-content\/uploads\/2023\/07\/56-f-7watermark-1024x576.jpg\" alt=\"\" width=\"1024\" height=\"576\" srcset=\"https:\/\/asart.com.ua\/wp-content\/uploads\/2023\/07\/56-f-7watermark-1024x576.jpg 1024w, https:\/\/asart.com.ua\/wp-content\/uploads\/2023\/07\/56-f-7watermark-300x169.jpg 300w, https:\/\/asart.com.ua\/wp-content\/uploads\/2023\/07\/56-f-7watermark-768x432.jpg 768w, https:\/\/asart.com.ua\/wp-content\/uploads\/2023\/07\/56-f-7watermark.jpg 1100w\" sizes=\"(max-width: 1024px) 100vw, 1024px\" \/><a href=\"https:\/\/asart.com.ua\/wp-content\/uploads\/2023\/07\/56-f-10watermark-1024x576.jpg\"><img loading=\"lazy\" decoding=\"async\" class=\"aligncenter size-large wp-image-10093 colorbox-21765\" src=\"https:\/\/asart.com.ua\/wp-content\/uploads\/2023\/07\/56-f-10watermark-1024x576.jpg\" alt=\"\" width=\"1024\" height=\"576\" srcset=\"https:\/\/asart.com.ua\/wp-content\/uploads\/2023\/07\/56-f-10watermark-1024x576.jpg 1024w, https:\/\/asart.com.ua\/wp-content\/uploads\/2023\/07\/56-f-10watermark-300x169.jpg 300w, https:\/\/asart.com.ua\/wp-content\/uploads\/2023\/07\/56-f-10watermark-768x432.jpg 768w, https:\/\/asart.com.ua\/wp-content\/uploads\/2023\/07\/56-f-10watermark.jpg 1100w\" sizes=\"(max-width: 1024px) 100vw, 1024px\" \/><\/a><a href=\"https:\/\/asart.com.ua\/wp-content\/uploads\/2023\/07\/56-f-9watermark-1024x576.jpg\"><img loading=\"lazy\" decoding=\"async\" class=\"aligncenter size-large wp-image-10091 colorbox-21765\" src=\"https:\/\/asart.com.ua\/wp-content\/uploads\/2023\/07\/56-f-9watermark-1024x576.jpg\" alt=\"\" width=\"1024\" height=\"576\" srcset=\"https:\/\/asart.com.ua\/wp-content\/uploads\/2023\/07\/56-f-9watermark-1024x576.jpg 1024w, https:\/\/asart.com.ua\/wp-content\/uploads\/2023\/07\/56-f-9watermark-300x169.jpg 300w, https:\/\/asart.com.ua\/wp-content\/uploads\/2023\/07\/56-f-9watermark-768x432.jpg 768w, https:\/\/asart.com.ua\/wp-content\/uploads\/2023\/07\/56-f-9watermark.jpg 1100w\" sizes=\"(max-width: 1024px) 100vw, 1024px\" \/><\/a><a href=\"https:\/\/asart.com.ua\/wp-content\/uploads\/2023\/07\/56-f-11watermark-1024x576.jpg\"><img loading=\"lazy\" decoding=\"async\" class=\"aligncenter size-large wp-image-10095 colorbox-21765\" src=\"https:\/\/asart.com.ua\/wp-content\/uploads\/2023\/07\/56-f-11watermark-1024x576.jpg\" alt=\"\" width=\"1024\" height=\"576\" srcset=\"https:\/\/asart.com.ua\/wp-content\/uploads\/2023\/07\/56-f-11watermark-1024x576.jpg 1024w, https:\/\/asart.com.ua\/wp-content\/uploads\/2023\/07\/56-f-11watermark-300x169.jpg 300w, https:\/\/asart.com.ua\/wp-content\/uploads\/2023\/07\/56-f-11watermark-768x432.jpg 768w, https:\/\/asart.com.ua\/wp-content\/uploads\/2023\/07\/56-f-11watermark.jpg 1100w\" sizes=\"(max-width: 1024px) 100vw, 1024px\" \/><\/a><\/p>\n<p><a href=\"https:\/\/asart.com.ua\/wp-content\/uploads\/2024\/07\/divajn-villy-17watermark--1024x576.jpg\"><img loading=\"lazy\" decoding=\"async\" class=\"aligncenter size-large wp-image-19806 colorbox-21765\" src=\"https:\/\/asart.com.ua\/wp-content\/uploads\/2024\/07\/divajn-villy-17watermark--1024x576.jpg\" alt=\"\" width=\"1024\" height=\"576\" srcset=\"https:\/\/asart.com.ua\/wp-content\/uploads\/2024\/07\/divajn-villy-17watermark--1024x576.jpg 1024w, https:\/\/asart.com.ua\/wp-content\/uploads\/2024\/07\/divajn-villy-17watermark--300x169.jpg 300w, https:\/\/asart.com.ua\/wp-content\/uploads\/2024\/07\/divajn-villy-17watermark--768x432.jpg 768w, https:\/\/asart.com.ua\/wp-content\/uploads\/2024\/07\/divajn-villy-17watermark-.jpg 1200w\" sizes=\"(max-width: 1024px) 100vw, 1024px\" \/><\/a><a href=\"https:\/\/asart.com.ua\/wp-content\/uploads\/2024\/07\/divajn-villy-18watermark--1024x576.jpg\"><img loading=\"lazy\" decoding=\"async\" class=\"aligncenter size-large wp-image-19810 colorbox-21765\" src=\"https:\/\/asart.com.ua\/wp-content\/uploads\/2024\/07\/divajn-villy-18watermark--1024x576.jpg\" alt=\"\" width=\"1024\" height=\"576\" srcset=\"https:\/\/asart.com.ua\/wp-content\/uploads\/2024\/07\/divajn-villy-18watermark--1024x576.jpg 1024w, https:\/\/asart.com.ua\/wp-content\/uploads\/2024\/07\/divajn-villy-18watermark--300x169.jpg 300w, https:\/\/asart.com.ua\/wp-content\/uploads\/2024\/07\/divajn-villy-18watermark--768x432.jpg 768w, https:\/\/asart.com.ua\/wp-content\/uploads\/2024\/07\/divajn-villy-18watermark-.jpg 1200w\" sizes=\"(max-width: 1024px) 100vw, 1024px\" \/><\/a><\/p>\n","protected":false},"excerpt":{"rendered":"<p>Architekt-interi\u00e9rov\u00fd design\u00e9r v Praze: od n\u00e1padu <a class=\"continue_link\" href=\"https:\/\/asart.com.ua\/cs\/arxitektor-dizajner-interera-v-xarkove\/\">\u0427\u0438\u0442\u0430\u0442\u044c \u0434\u0430\u043b\u0435\u0435 >><\/a><\/p>\n","protected":false},"author":6,"featured_media":17845,"parent":0,"menu_order":0,"comment_status":"closed","ping_status":"closed","template":"","meta":{"footnotes":""},"acf":[],"aioseo_notices":[],"_links":{"self":[{"href":"https:\/\/asart.com.ua\/cs\/wp-json\/wp\/v2\/pages\/21765"}],"collection":[{"href":"https:\/\/asart.com.ua\/cs\/wp-json\/wp\/v2\/pages"}],"about":[{"href":"https:\/\/asart.com.ua\/cs\/wp-json\/wp\/v2\/types\/page"}],"author":[{"embeddable":true,"href":"https:\/\/asart.com.ua\/cs\/wp-json\/wp\/v2\/users\/6"}],"replies":[{"embeddable":true,"href":"https:\/\/asart.com.ua\/cs\/wp-json\/wp\/v2\/comments?post=21765"}],"version-history":[{"count":2,"href":"https:\/\/asart.com.ua\/cs\/wp-json\/wp\/v2\/pages\/21765\/revisions"}],"predecessor-version":[{"id":21767,"href":"https:\/\/asart.com.ua\/cs\/wp-json\/wp\/v2\/pages\/21765\/revisions\/21767"}],"wp:featuredmedia":[{"embeddable":true,"href":"https:\/\/asart.com.ua\/cs\/wp-json\/wp\/v2\/media\/17845"}],"wp:attachment":[{"href":"https:\/\/asart.com.ua\/cs\/wp-json\/wp\/v2\/media?parent=21765"}],"curies":[{"name":"wp","href":"https:\/\/api.w.org\/{rel}","templated":true}]}}