{"id":21731,"date":"2025-01-23T14:09:38","date_gmt":"2025-01-23T11:09:38","guid":{"rendered":"https:\/\/asart.com.ua\/dizajner-interera-v-kieve-ot-idei-do-polnogo-voploshheniya-pod-klyuch\/"},"modified":"2025-01-23T14:22:23","modified_gmt":"2025-01-23T11:22:23","slug":"dizajner-interera-v-kieve-ot-idei-do-polnogo-voploshheniya-pod-klyuch","status":"publish","type":"page","link":"https:\/\/asart.com.ua\/cs\/dizajner-interera-v-kieve-ot-idei-do-polnogo-voploshheniya-pod-klyuch\/","title":{"rendered":"Interi\u00e9rov\u00fd design\u00e9r v Kyjev\u011b &#8211; od n\u00e1padu a\u017e po kompletn\u00ed realizaci na kl\u00ed\u010d"},"content":{"rendered":"<h2>Interi\u00e9rov\u00fd design\u00e9r v Kyjev\u011b &#8211; od n\u00e1padu a\u017e po kompletn\u00ed realizaci na kl\u00ed\u010d<\/h2>\n<p>Poskytujeme profesion\u00e1ln\u00ed slu\u017eby pro tvorbu a realizaci designov\u00fdch projekt\u016f pro reziden\u010dn\u00ed a ve\u0159ejn\u00e9 prostory v Kyjev\u011b. Na\u0161e pr\u00e1ce zahrnuje v\u0161echny f\u00e1ze \u2013 od m\u011b\u0159en\u00ed a vypracov\u00e1n\u00ed koncepce a\u017e po realizaci projektu v\u010detn\u011b komplexn\u00edch oprav.<\/p>\n<p>Co nab\u00edz\u00edme?<\/p>\n<ul>\n<li><strong>N\u00e1vrh interi\u00e9ru<\/strong>. Vytv\u00e1\u0159\u00edme stylov\u00e9 a funk\u010dn\u00ed projekty byt\u016f, dom\u016f, kancel\u00e1\u0159\u00ed, restaurac\u00ed, obchod\u016f a dal\u0161\u00edch prostor.<\/li>\n<li><strong>Vn\u011bj\u0161\u00ed design.<\/strong> Vytv\u00e1\u0159\u00edme jedine\u010dn\u00fd vzhled budov, kter\u00fd odr\u00e1\u017e\u00ed modern\u00ed styl nebo zd\u016fraz\u0148uje va\u0161i individualitu.<\/li>\n<li><strong>Architektonick\u00fd design.<\/strong> Vypracov\u00e1v\u00e1me projekty rodinn\u00fdch dom\u016f \u2013 od projektov\u00e9 dokumentace a\u017e po stavebn\u00ed dokumentaci.<\/li>\n<li><strong>Kompletn\u00ed realizace projekt\u016f<\/strong>. Pl\u00e1n nejen navrhujeme, ale tak\u00e9 pln\u011b realizujeme: kontrolujeme kvalitu pr\u00e1ce, vyb\u00edr\u00e1me materi\u00e1ly, organizujeme opravy a mont\u00e1\u017e n\u00e1bytku.<\/li>\n<\/ul>\n<p>Jak pracujeme?<\/p>\n<ul>\n<li><strong>M\u011b\u0159en\u00ed a anal\u00fdzy.<\/strong> P\u0159esn\u00e9 m\u011b\u0159en\u00ed a zohledn\u011bn\u00ed prostorov\u00fdch prvk\u016f.<\/li>\n<li><strong>Individu\u00e1ln\u00ed p\u0159\u00edstup<\/strong>. Ka\u017ed\u00e9 \u0159e\u0161en\u00ed je p\u0159izp\u016fsobeno va\u0161im pot\u0159eb\u00e1m, \u017eivotn\u00edmu stylu nebo obchodn\u00edm c\u00edl\u016fm.<\/li>\n<li><strong>Komplexn\u00ed projekt<\/strong>. Detailn\u00ed v\u00fdkresy, 3D vizualizace, v\u00fdb\u011br materi\u00e1l\u016f a n\u00e1bytku.<\/li>\n<li><strong>Realizace na kl\u00ed\u010d.<\/strong> Postar\u00e1me se o cel\u00fd proces realizace tak, abyste dostali hotov\u00fd v\u00fdsledek, kter\u00fd odpov\u00edd\u00e1 projektu.<\/li>\n<\/ul>\n<p>Pro\u010d my?<\/p>\n<ul>\n<li>Pln\u00e1 podpora \u2013 od konceptu a\u017e po dod\u00e1n\u00ed za\u0159\u00edzen\u00ed.<\/li>\n<li>Zku\u0161enosti s prac\u00ed na reziden\u010dn\u00edch a komer\u010dn\u00edch projektech.<\/li>\n<li>Profesion\u00e1ln\u00ed ovl\u00e1d\u00e1n\u00ed ka\u017ed\u00e9 f\u00e1ze.<\/li>\n<li>Vysok\u00e1 kvalita pr\u00e1ce a dodr\u017eov\u00e1n\u00ed term\u00edn\u016f.<\/li>\n<\/ul>\n<p>Vytv\u00e1\u0159\u00edme a realizujeme projekty, kter\u00e9 inspiruj\u00ed! V\u00e1\u0161 ide\u00e1ln\u00ed prostor je na\u0161\u00ed starost\u00ed.<\/p>\n<p>+380979307105<\/p>\n<h3 style=\"text-align: center;\">\n<img loading=\"lazy\" decoding=\"async\" class=\"aligncenter  wp-image-19667 colorbox-21731\" src=\"https:\/\/asart.com.ua\/wp-content\/uploads\/2024\/08\/proczess-stroitelnyh-rabot-3watermark-1024x576.jpg\" alt=\"\" width=\"1015\" height=\"571\" srcset=\"https:\/\/asart.com.ua\/wp-content\/uploads\/2024\/08\/proczess-stroitelnyh-rabot-3watermark-1024x576.jpg 1024w, https:\/\/asart.com.ua\/wp-content\/uploads\/2024\/08\/proczess-stroitelnyh-rabot-3watermark-300x169.jpg 300w, https:\/\/asart.com.ua\/wp-content\/uploads\/2024\/08\/proczess-stroitelnyh-rabot-3watermark-768x432.jpg 768w, https:\/\/asart.com.ua\/wp-content\/uploads\/2024\/08\/proczess-stroitelnyh-rabot-3watermark.jpg 1200w\" sizes=\"(max-width: 1015px) 100vw, 1015px\" \/><\/h3>\n<p><img loading=\"lazy\" decoding=\"async\" class=\"aligncenter  wp-image-19662 colorbox-21731\" src=\"https:\/\/asart.com.ua\/wp-content\/uploads\/2024\/08\/proczess-stroitelnyh-rabot-1watermark.jpg\" alt=\"\" width=\"1018\" height=\"573\" srcset=\"https:\/\/asart.com.ua\/wp-content\/uploads\/2024\/08\/proczess-stroitelnyh-rabot-1watermark.jpg 1000w, https:\/\/asart.com.ua\/wp-content\/uploads\/2024\/08\/proczess-stroitelnyh-rabot-1watermark-300x169.jpg 300w, https:\/\/asart.com.ua\/wp-content\/uploads\/2024\/08\/proczess-stroitelnyh-rabot-1watermark-768x432.jpg 768w\" sizes=\"(max-width: 1018px) 100vw, 1018px\" \/><\/p>\n<p><a href=\"https:\/\/asart.com.ua\/wp-content\/uploads\/2019\/07\/Dizayn-magazina-4watermark-.jpg\"><img loading=\"lazy\" decoding=\"async\" class=\"aligncenter  wp-image-7206 colorbox-21731\" src=\"https:\/\/asart.com.ua\/wp-content\/uploads\/2019\/07\/Dizayn-magazina-4watermark-.jpg\" alt=\"\" width=\"1021\" height=\"681\" srcset=\"https:\/\/asart.com.ua\/wp-content\/uploads\/2019\/07\/Dizayn-magazina-4watermark-.jpg 1000w, https:\/\/asart.com.ua\/wp-content\/uploads\/2019\/07\/Dizayn-magazina-4watermark--300x200.jpg 300w, https:\/\/asart.com.ua\/wp-content\/uploads\/2019\/07\/Dizayn-magazina-4watermark--768x512.jpg 768w, https:\/\/asart.com.ua\/wp-content\/uploads\/2019\/07\/Dizayn-magazina-4watermark--240x160.jpg 240w\" sizes=\"(max-width: 1021px) 100vw, 1021px\" \/><\/a><\/p>\n<p><a href=\"https:\/\/asart.com.ua\/wp-content\/uploads\/2023\/07\/56-f-5watermark-1024x576.jpg\"><br \/>\n<img loading=\"lazy\" decoding=\"async\" class=\"aligncenter size-large wp-image-10083 colorbox-21731\" src=\"https:\/\/asart.com.ua\/wp-content\/uploads\/2023\/07\/56-f-5watermark-1024x576.jpg\" alt=\"\" width=\"1024\" height=\"576\" srcset=\"https:\/\/asart.com.ua\/wp-content\/uploads\/2023\/07\/56-f-5watermark-1024x576.jpg 1024w, https:\/\/asart.com.ua\/wp-content\/uploads\/2023\/07\/56-f-5watermark-300x169.jpg 300w, https:\/\/asart.com.ua\/wp-content\/uploads\/2023\/07\/56-f-5watermark-768x432.jpg 768w, https:\/\/asart.com.ua\/wp-content\/uploads\/2023\/07\/56-f-5watermark.jpg 1100w\" sizes=\"(max-width: 1024px) 100vw, 1024px\" \/><\/a><a href=\"https:\/\/asart.com.ua\/wp-content\/uploads\/2023\/07\/56-f-3watermark-1024x576.jpg\"><img loading=\"lazy\" decoding=\"async\" class=\"aligncenter size-large wp-image-10077 colorbox-21731\" src=\"https:\/\/asart.com.ua\/wp-content\/uploads\/2023\/07\/56-f-3watermark-1024x576.jpg\" alt=\"\" width=\"1024\" height=\"576\" srcset=\"https:\/\/asart.com.ua\/wp-content\/uploads\/2023\/07\/56-f-3watermark-1024x576.jpg 1024w, https:\/\/asart.com.ua\/wp-content\/uploads\/2023\/07\/56-f-3watermark-300x169.jpg 300w, https:\/\/asart.com.ua\/wp-content\/uploads\/2023\/07\/56-f-3watermark-768x432.jpg 768w, https:\/\/asart.com.ua\/wp-content\/uploads\/2023\/07\/56-f-3watermark.jpg 1100w\" sizes=\"(max-width: 1024px) 100vw, 1024px\" \/><\/a><a href=\"https:\/\/asart.com.ua\/wp-content\/uploads\/2023\/07\/2-1v-kuchnya-studiya-dom-5watermark-1024x576.jpg\"><img loading=\"lazy\" decoding=\"async\" class=\"aligncenter size-large wp-image-10050 colorbox-21731\" src=\"https:\/\/asart.com.ua\/wp-content\/uploads\/2023\/07\/2-1v-kuchnya-studiya-dom-5watermark-1024x576.jpg\" alt=\"\" width=\"1024\" height=\"576\" srcset=\"https:\/\/asart.com.ua\/wp-content\/uploads\/2023\/07\/2-1v-kuchnya-studiya-dom-5watermark-1024x576.jpg 1024w, https:\/\/asart.com.ua\/wp-content\/uploads\/2023\/07\/2-1v-kuchnya-studiya-dom-5watermark-300x169.jpg 300w, https:\/\/asart.com.ua\/wp-content\/uploads\/2023\/07\/2-1v-kuchnya-studiya-dom-5watermark-768x432.jpg 768w, https:\/\/asart.com.ua\/wp-content\/uploads\/2023\/07\/2-1v-kuchnya-studiya-dom-5watermark.jpg 1100w\" sizes=\"(max-width: 1024px) 100vw, 1024px\" \/><\/a><a href=\"https:\/\/asart.com.ua\/wp-content\/uploads\/2023\/07\/2-1v-kuchnya-studiya-dom-7watermark-1024x576.jpg\"><img loading=\"lazy\" decoding=\"async\" class=\"aligncenter size-large wp-image-10052 colorbox-21731\" src=\"https:\/\/asart.com.ua\/wp-content\/uploads\/2023\/07\/2-1v-kuchnya-studiya-dom-7watermark-1024x576.jpg\" alt=\"\" width=\"1024\" height=\"576\" srcset=\"https:\/\/asart.com.ua\/wp-content\/uploads\/2023\/07\/2-1v-kuchnya-studiya-dom-7watermark-1024x576.jpg 1024w, https:\/\/asart.com.ua\/wp-content\/uploads\/2023\/07\/2-1v-kuchnya-studiya-dom-7watermark-300x169.jpg 300w, https:\/\/asart.com.ua\/wp-content\/uploads\/2023\/07\/2-1v-kuchnya-studiya-dom-7watermark-768x432.jpg 768w, https:\/\/asart.com.ua\/wp-content\/uploads\/2023\/07\/2-1v-kuchnya-studiya-dom-7watermark.jpg 1100w\" sizes=\"(max-width: 1024px) 100vw, 1024px\" \/><\/a><a href=\"https:\/\/asart.com.ua\/wp-content\/uploads\/2024\/09\/proczess-remonta-1watermark-.jpg\"><img loading=\"lazy\" decoding=\"async\" class=\"aligncenter size-full wp-image-20243 colorbox-21731\" src=\"https:\/\/asart.com.ua\/wp-content\/uploads\/2024\/09\/proczess-remonta-1watermark-.jpg\" alt=\"\" width=\"1000\" height=\"564\" srcset=\"https:\/\/asart.com.ua\/wp-content\/uploads\/2024\/09\/proczess-remonta-1watermark-.jpg 1000w, https:\/\/asart.com.ua\/wp-content\/uploads\/2024\/09\/proczess-remonta-1watermark--300x169.jpg 300w, https:\/\/asart.com.ua\/wp-content\/uploads\/2024\/09\/proczess-remonta-1watermark--768x433.jpg 768w\" sizes=\"(max-width: 1000px) 100vw, 1000px\" \/><\/a><img loading=\"lazy\" decoding=\"async\" class=\"aligncenter size-full wp-image-20247 colorbox-21731\" src=\"https:\/\/asart.com.ua\/wp-content\/uploads\/2024\/09\/proczess-remonta-2watermark-.jpg\" alt=\"\" width=\"1000\" height=\"564\" srcset=\"https:\/\/asart.com.ua\/wp-content\/uploads\/2024\/09\/proczess-remonta-2watermark-.jpg 1000w, https:\/\/asart.com.ua\/wp-content\/uploads\/2024\/09\/proczess-remonta-2watermark--300x169.jpg 300w, https:\/\/asart.com.ua\/wp-content\/uploads\/2024\/09\/proczess-remonta-2watermark--768x433.jpg 768w\" sizes=\"(max-width: 1000px) 100vw, 1000px\" \/><img loading=\"lazy\" decoding=\"async\" class=\"aligncenter size-full wp-image-20255 colorbox-21731\" src=\"https:\/\/asart.com.ua\/wp-content\/uploads\/2024\/09\/proczess-remonta-5watermark-.jpg\" alt=\"\" width=\"1000\" height=\"564\" srcset=\"https:\/\/asart.com.ua\/wp-content\/uploads\/2024\/09\/proczess-remonta-5watermark-.jpg 1000w, https:\/\/asart.com.ua\/wp-content\/uploads\/2024\/09\/proczess-remonta-5watermark--300x169.jpg 300w, https:\/\/asart.com.ua\/wp-content\/uploads\/2024\/09\/proczess-remonta-5watermark--768x433.jpg 768w\" sizes=\"(max-width: 1000px) 100vw, 1000px\" \/><\/p>\n<p><img loading=\"lazy\" decoding=\"async\" class=\"aligncenter size-full wp-image-20263 colorbox-21731\" src=\"https:\/\/asart.com.ua\/wp-content\/uploads\/2024\/09\/suzdalskie-ryady-ofis-35watermark-.jpg\" alt=\"\" width=\"1000\" height=\"564\" srcset=\"https:\/\/asart.com.ua\/wp-content\/uploads\/2024\/09\/suzdalskie-ryady-ofis-35watermark-.jpg 1000w, https:\/\/asart.com.ua\/wp-content\/uploads\/2024\/09\/suzdalskie-ryady-ofis-35watermark--300x169.jpg 300w, https:\/\/asart.com.ua\/wp-content\/uploads\/2024\/09\/suzdalskie-ryady-ofis-35watermark--768x433.jpg 768w\" sizes=\"(max-width: 1000px) 100vw, 1000px\" \/><\/p>\n<p><a href=\"https:\/\/asart.com.ua\/wp-content\/uploads\/2021\/11\/suzdalskie-ryady-ofis-17watermark-.jpg\"><img loading=\"lazy\" decoding=\"async\" class=\"aligncenter size-full wp-image-9577 colorbox-21731\" src=\"https:\/\/asart.com.ua\/wp-content\/uploads\/2021\/11\/suzdalskie-ryady-ofis-17watermark-.jpg\" alt=\"\" width=\"1000\" height=\"564\" srcset=\"https:\/\/asart.com.ua\/wp-content\/uploads\/2021\/11\/suzdalskie-ryady-ofis-17watermark-.jpg 1000w, https:\/\/asart.com.ua\/wp-content\/uploads\/2021\/11\/suzdalskie-ryady-ofis-17watermark--300x169.jpg 300w, https:\/\/asart.com.ua\/wp-content\/uploads\/2021\/11\/suzdalskie-ryady-ofis-17watermark--768x433.jpg 768w\" sizes=\"(max-width: 1000px) 100vw, 1000px\" \/><\/a><a href=\"https:\/\/asart.com.ua\/wp-content\/uploads\/2024\/09\/kuhnya-studiya-kvartiry-19watermark-.jpg\"><img loading=\"lazy\" decoding=\"async\" class=\"aligncenter  wp-image-20441 colorbox-21731\" src=\"https:\/\/asart.com.ua\/wp-content\/uploads\/2024\/09\/kuhnya-studiya-kvartiry-19watermark-.jpg\" alt=\"\" width=\"1002\" height=\"564\" srcset=\"https:\/\/asart.com.ua\/wp-content\/uploads\/2024\/09\/kuhnya-studiya-kvartiry-19watermark-.jpg 1200w, https:\/\/asart.com.ua\/wp-content\/uploads\/2024\/09\/kuhnya-studiya-kvartiry-19watermark--300x169.jpg 300w, https:\/\/asart.com.ua\/wp-content\/uploads\/2024\/09\/kuhnya-studiya-kvartiry-19watermark--768x432.jpg 768w\" sizes=\"(max-width: 1002px) 100vw, 1002px\" \/><\/a><a href=\"https:\/\/asart.com.ua\/wp-content\/uploads\/2024\/11\/1-gostinaya-corona-_interactive-lux-1watermark.jpg\"><img loading=\"lazy\" decoding=\"async\" class=\"aligncenter  wp-image-21536 colorbox-21731\" src=\"https:\/\/asart.com.ua\/wp-content\/uploads\/2024\/11\/1-gostinaya-corona-_interactive-lux-1watermark.jpg\" alt=\"\" width=\"1003\" height=\"564\" srcset=\"https:\/\/asart.com.ua\/wp-content\/uploads\/2024\/11\/1-gostinaya-corona-_interactive-lux-1watermark.jpg 1200w, https:\/\/asart.com.ua\/wp-content\/uploads\/2024\/11\/1-gostinaya-corona-_interactive-lux-1watermark-300x169.jpg 300w, https:\/\/asart.com.ua\/wp-content\/uploads\/2024\/11\/1-gostinaya-corona-_interactive-lux-1watermark-768x432.jpg 768w\" sizes=\"(max-width: 1003px) 100vw, 1003px\" \/><\/a><img loading=\"lazy\" decoding=\"async\" class=\"aligncenter  wp-image-20533 colorbox-21731\" src=\"https:\/\/asart.com.ua\/wp-content\/uploads\/2024\/09\/min.jpg\" alt=\"\" width=\"1002\" height=\"564\" srcset=\"https:\/\/asart.com.ua\/wp-content\/uploads\/2024\/09\/min.jpg 1200w, https:\/\/asart.com.ua\/wp-content\/uploads\/2024\/09\/min-300x169.jpg 300w, https:\/\/asart.com.ua\/wp-content\/uploads\/2024\/09\/min-768x432.jpg 768w\" sizes=\"(max-width: 1002px) 100vw, 1002px\" \/><a href=\"https:\/\/asart.com.ua\/wp-content\/uploads\/2024\/11\/1-gostinaya-corona-_interactive-lux-3watermark.jpg\"><img loading=\"lazy\" decoding=\"async\" class=\"aligncenter  wp-image-21544 colorbox-21731\" src=\"https:\/\/asart.com.ua\/wp-content\/uploads\/2024\/11\/1-gostinaya-corona-_interactive-lux-3watermark.jpg\" alt=\"\" width=\"1003\" height=\"564\" srcset=\"https:\/\/asart.com.ua\/wp-content\/uploads\/2024\/11\/1-gostinaya-corona-_interactive-lux-3watermark.jpg 1200w, https:\/\/asart.com.ua\/wp-content\/uploads\/2024\/11\/1-gostinaya-corona-_interactive-lux-3watermark-300x169.jpg 300w, https:\/\/asart.com.ua\/wp-content\/uploads\/2024\/11\/1-gostinaya-corona-_interactive-lux-3watermark-768x432.jpg 768w\" sizes=\"(max-width: 1003px) 100vw, 1003px\" \/><\/a><\/p>\n<p>&nbsp;<\/p>\n","protected":false},"excerpt":{"rendered":"<p>Interi\u00e9rov\u00fd design\u00e9r v Kyjev\u011b &#8211; od <a class=\"continue_link\" href=\"https:\/\/asart.com.ua\/cs\/dizajner-interera-v-kieve-ot-idei-do-polnogo-voploshheniya-pod-klyuch\/\">\u0427\u0438\u0442\u0430\u0442\u044c \u0434\u0430\u043b\u0435\u0435 >><\/a><\/p>\n","protected":false},"author":6,"featured_media":21723,"parent":0,"menu_order":0,"comment_status":"closed","ping_status":"closed","template":"","meta":{"footnotes":""},"acf":[],"aioseo_notices":[],"_links":{"self":[{"href":"https:\/\/asart.com.ua\/cs\/wp-json\/wp\/v2\/pages\/21731"}],"collection":[{"href":"https:\/\/asart.com.ua\/cs\/wp-json\/wp\/v2\/pages"}],"about":[{"href":"https:\/\/asart.com.ua\/cs\/wp-json\/wp\/v2\/types\/page"}],"author":[{"embeddable":true,"href":"https:\/\/asart.com.ua\/cs\/wp-json\/wp\/v2\/users\/6"}],"replies":[{"embeddable":true,"href":"https:\/\/asart.com.ua\/cs\/wp-json\/wp\/v2\/comments?post=21731"}],"version-history":[{"count":3,"href":"https:\/\/asart.com.ua\/cs\/wp-json\/wp\/v2\/pages\/21731\/revisions"}],"predecessor-version":[{"id":21738,"href":"https:\/\/asart.com.ua\/cs\/wp-json\/wp\/v2\/pages\/21731\/revisions\/21738"}],"wp:featuredmedia":[{"embeddable":true,"href":"https:\/\/asart.com.ua\/cs\/wp-json\/wp\/v2\/media\/21723"}],"wp:attachment":[{"href":"https:\/\/asart.com.ua\/cs\/wp-json\/wp\/v2\/media?parent=21731"}],"curies":[{"name":"wp","href":"https:\/\/api.w.org\/{rel}","templated":true}]}}