{"id":21712,"date":"2025-01-20T21:18:40","date_gmt":"2025-01-20T18:18:40","guid":{"rendered":"https:\/\/asart.com.ua\/uslugi-arxitektora-dizajnera-v-monako\/"},"modified":"2025-01-20T21:28:48","modified_gmt":"2025-01-20T18:28:48","slug":"uslugi-arxitektora-dizajnera-v-monako","status":"publish","type":"page","link":"https:\/\/asart.com.ua\/cs\/uslugi-arxitektora-dizajnera-v-monako\/","title":{"rendered":"Slu\u017eby architekta a design\u00e9ra v Monaku"},"content":{"rendered":"<h3>Slu\u017eby interi\u00e9rov\u00e9ho a exteri\u00e9rov\u00e9ho architekta v Monaku<\/h3>\n<p>\n<strong>1. N\u00e1vrh interi\u00e9ru bytov\u00fdch prostor<\/strong><\/p>\n<ul>\n<li>V\u00fdvoj individu\u00e1ln\u00edch projekt\u016f pro byty, vily a penthousy.<\/li>\n<li>S ohledem na osobn\u00ed preference a modern\u00ed styl.<\/li>\n<li>Vytvo\u0159en\u00ed \u00fatuln\u00e9ho a funk\u010dn\u00edho obytn\u00e9ho prostoru.<\/li>\n<li>V\u00fdb\u011br materi\u00e1l\u016f, n\u00e1bytku a dekorativn\u00edch prvk\u016f.<\/li>\n<\/ul>\n<p><strong>2. N\u00e1vrh interi\u00e9ru ve\u0159ejn\u00fdch prostranstv\u00ed<\/strong><\/p>\n<ul>\n<li>Koncep\u010dn\u00ed \u0159e\u0161en\u00ed pro restaurace, kav\u00e1rny, kancel\u00e1\u0159e a butiky.<\/li>\n<li>V\u00fdb\u011br stylov\u00fdch a odoln\u00fdch materi\u00e1l\u016f pro komer\u010dn\u00ed pou\u017eit\u00ed.<\/li>\n<li>Optimalizace prostoru pro pohodl\u00ed a funk\u010dnost.<\/li>\n<li>Vytvo\u0159en\u00ed rozpoznateln\u00e9 zna\u010dky prost\u0159ednictv\u00edm interi\u00e9rov\u00e9ho designu.<\/li>\n<\/ul>\n<p><strong>3. Vn\u011bj\u0161\u00ed design<\/strong><\/p>\n<ul>\n<li>V\u00fdvoj unik\u00e1tn\u00edch \u0159e\u0161en\u00ed pro fas\u00e1dy bytov\u00fdch a komer\u010dn\u00edch budov.<\/li>\n<li>Krajin\u00e1\u0159sk\u00fd design: terasy, zahrady, baz\u00e9ny a rekrea\u010dn\u00ed oblasti.<\/li>\n<li>S p\u0159ihl\u00e9dnut\u00edm ke klimatick\u00fdm rys\u016fm Monaka.<\/li>\n<li>Pou\u017e\u00edv\u00e1n\u00ed ekologicky \u0161etrn\u00fdch materi\u00e1l\u016f a technologi\u00ed.<\/li>\n<\/ul>\n<p><strong>4. N\u00e1vrh na kl\u00ed\u010d<\/strong><\/p>\n<ul>\n<li>Kompletn\u00ed cyklus realizace projektu od n\u00e1padu a\u017e po dod\u00e1n\u00ed hotov\u00e9ho objektu.<\/li>\n<li>Vypracov\u00e1n\u00ed technick\u00e9 dokumentace a schv\u00e1len\u00ed projektu.<\/li>\n<li>Kontrola realizace v\u0161ech f\u00e1z\u00ed v\u00fdstavby a dokon\u010dov\u00e1n\u00ed.<\/li>\n<li>Spolupr\u00e1ce s profesion\u00e1ln\u00edmi dodavateli a dodavateli.<\/li>\n<\/ul>\n<p><strong>5. 3D vizualizace a n\u00e1vrh koncepce<\/strong><\/p>\n<ul>\n<li>Realistick\u00e1 vizualizace projektu pro \u00fapln\u00e9 pono\u0159en\u00ed se do my\u0161lenky.<\/li>\n<li>Prov\u00e1d\u011bn\u00ed detail\u016f interi\u00e9r\u016f a exteri\u00e9r\u016f do nejmen\u0161\u00edch detail\u016f.<\/li>\n<li>Schopnost vid\u011bt kone\u010dn\u00fd v\u00fdsledek p\u0159ed zah\u00e1jen\u00edm pr\u00e1ce.<\/li>\n<li>Porovn\u00e1n\u00ed vizualizace a fotografi\u00ed dokon\u010den\u00fdch objekt\u016f: Na str\u00e1nk\u00e1ch m\u016f\u017eete vid\u011bt, jak jsou realizov\u00e1ny n\u00e1pady vytvo\u0159en\u00e9 ve 3D. Maxim\u00e1ln\u00ed preciznost realizace zaru\u010duje, \u017ee projekt bude odpov\u00eddat kone\u010dn\u00e9mu v\u00fdsledku.<\/li>\n<\/ul>\n<p><strong>6. Konzultace a podpora<\/strong><\/p>\n<ul>\n<li>Pomoc p\u0159i v\u00fdb\u011bru dokon\u010dovac\u00edch materi\u00e1l\u016f, n\u00e1bytku a dopl\u0148k\u016f.<\/li>\n<li>Pomoc p\u0159i n\u00e1kupu nebo pron\u00e1jmu nemovitost\u00ed v Monaku.<\/li>\n<li>Doporu\u010den\u00ed na styl, uspo\u0159\u00e1d\u00e1n\u00ed a funk\u010dnost prostoru.<\/li>\n<\/ul>\n<p>Ka\u017ed\u00fd projekt je jedine\u010dn\u00fd a odr\u00e1\u017e\u00ed v\u00e1\u0161 vkus, \u017eivotn\u00ed styl a osobnost. Profesion\u00e1ln\u00ed p\u0159\u00edstup a smysl pro detail zaru\u010duj\u00ed bezchybn\u00fd v\u00fdsledek, kter\u00fd p\u0159ed\u010d\u00ed va\u0161e o\u010dek\u00e1v\u00e1n\u00ed.<\/p>\n<p>+420774544304<\/p>\n<p>+380979307105<\/p>\n<p><a href=\"https:\/\/asart.com.ua\/wp-content\/uploads\/2024\/11\/min.jpg\"><img loading=\"lazy\" decoding=\"async\" class=\"aligncenter  wp-image-21588 colorbox-21712\" src=\"https:\/\/asart.com.ua\/wp-content\/uploads\/2024\/11\/min.jpg\" alt=\"\" width=\"1164\" height=\"655\" srcset=\"https:\/\/asart.com.ua\/wp-content\/uploads\/2024\/11\/min.jpg 1200w, https:\/\/asart.com.ua\/wp-content\/uploads\/2024\/11\/min-300x169.jpg 300w, https:\/\/asart.com.ua\/wp-content\/uploads\/2024\/11\/min-768x432.jpg 768w\" sizes=\"(max-width: 1164px) 100vw, 1164px\" \/><\/a><a href=\"https:\/\/asart.com.ua\/wp-content\/uploads\/2022\/11\/arhitekturnyj-proekt-chastnogo-doma-malaya-danilovka-1watermark--1024x650.jpg\"><img loading=\"lazy\" decoding=\"async\" class=\"aligncenter  wp-image-9857 colorbox-21712\" src=\"https:\/\/asart.com.ua\/wp-content\/uploads\/2022\/11\/arhitekturnyj-proekt-chastnogo-doma-malaya-danilovka-1watermark--1024x650.jpg\" alt=\"\" width=\"1162\" height=\"737\" srcset=\"https:\/\/asart.com.ua\/wp-content\/uploads\/2022\/11\/arhitekturnyj-proekt-chastnogo-doma-malaya-danilovka-1watermark--1024x650.jpg 1024w, https:\/\/asart.com.ua\/wp-content\/uploads\/2022\/11\/arhitekturnyj-proekt-chastnogo-doma-malaya-danilovka-1watermark--300x191.jpg 300w, https:\/\/asart.com.ua\/wp-content\/uploads\/2022\/11\/arhitekturnyj-proekt-chastnogo-doma-malaya-danilovka-1watermark--768x488.jpg 768w, https:\/\/asart.com.ua\/wp-content\/uploads\/2022\/11\/arhitekturnyj-proekt-chastnogo-doma-malaya-danilovka-1watermark--233x147.jpg 233w, https:\/\/asart.com.ua\/wp-content\/uploads\/2022\/11\/arhitekturnyj-proekt-chastnogo-doma-malaya-danilovka-1watermark-.jpg 1200w\" sizes=\"(max-width: 1162px) 100vw, 1162px\" \/><\/a><a href=\"https:\/\/asart.com.ua\/wp-content\/uploads\/2024\/10\/dizajner-interera-monako-11watermark.jpg\"><img loading=\"lazy\" decoding=\"async\" class=\"aligncenter  wp-image-21358 colorbox-21712\" src=\"https:\/\/asart.com.ua\/wp-content\/uploads\/2024\/10\/dizajner-interera-monako-11watermark.jpg\" alt=\"\" width=\"1161\" height=\"653\" srcset=\"https:\/\/asart.com.ua\/wp-content\/uploads\/2024\/10\/dizajner-interera-monako-11watermark.jpg 1200w, https:\/\/asart.com.ua\/wp-content\/uploads\/2024\/10\/dizajner-interera-monako-11watermark-300x169.jpg 300w, https:\/\/asart.com.ua\/wp-content\/uploads\/2024\/10\/dizajner-interera-monako-11watermark-768x432.jpg 768w\" sizes=\"(max-width: 1161px) 100vw, 1161px\" \/><\/a><a href=\"https:\/\/asart.com.ua\/wp-content\/uploads\/2024\/10\/dizajner-interera-monako-13watermark.jpg\"><img loading=\"lazy\" decoding=\"async\" class=\"aligncenter  wp-image-21366 colorbox-21712\" src=\"https:\/\/asart.com.ua\/wp-content\/uploads\/2024\/10\/dizajner-interera-monako-13watermark.jpg\" alt=\"\" width=\"1156\" height=\"650\" srcset=\"https:\/\/asart.com.ua\/wp-content\/uploads\/2024\/10\/dizajner-interera-monako-13watermark.jpg 1200w, https:\/\/asart.com.ua\/wp-content\/uploads\/2024\/10\/dizajner-interera-monako-13watermark-300x169.jpg 300w, https:\/\/asart.com.ua\/wp-content\/uploads\/2024\/10\/dizajner-interera-monako-13watermark-768x432.jpg 768w\" sizes=\"(max-width: 1156px) 100vw, 1156px\" \/><\/a><\/p>\n<p><a href=\"https:\/\/asart.com.ua\/wp-content\/uploads\/2024\/10\/gostinaya-monakowatermark-8watermark-.jpg\"><img loading=\"lazy\" decoding=\"async\" class=\"aligncenter size-full wp-image-21411 colorbox-21712\" src=\"https:\/\/asart.com.ua\/wp-content\/uploads\/2024\/10\/gostinaya-monakowatermark-8watermark-.jpg\" alt=\"\" width=\"1200\" height=\"675\" srcset=\"https:\/\/asart.com.ua\/wp-content\/uploads\/2024\/10\/gostinaya-monakowatermark-8watermark-.jpg 1200w, https:\/\/asart.com.ua\/wp-content\/uploads\/2024\/10\/gostinaya-monakowatermark-8watermark--300x169.jpg 300w, https:\/\/asart.com.ua\/wp-content\/uploads\/2024\/10\/gostinaya-monakowatermark-8watermark--768x432.jpg 768w\" sizes=\"(max-width: 1200px) 100vw, 1200px\" \/><\/a><a href=\"https:\/\/asart.com.ua\/wp-content\/uploads\/2024\/10\/dizajner-interera-monako-15watermark.jpg\"><img loading=\"lazy\" decoding=\"async\" class=\"aligncenter size-full wp-image-21370 colorbox-21712\" src=\"https:\/\/asart.com.ua\/wp-content\/uploads\/2024\/10\/dizajner-interera-monako-15watermark.jpg\" alt=\"\" width=\"1200\" height=\"675\" srcset=\"https:\/\/asart.com.ua\/wp-content\/uploads\/2024\/10\/dizajner-interera-monako-15watermark.jpg 1200w, https:\/\/asart.com.ua\/wp-content\/uploads\/2024\/10\/dizajner-interera-monako-15watermark-300x169.jpg 300w, https:\/\/asart.com.ua\/wp-content\/uploads\/2024\/10\/dizajner-interera-monako-15watermark-768x432.jpg 768w\" sizes=\"(max-width: 1200px) 100vw, 1200px\" \/><\/a><a href=\"https:\/\/asart.com.ua\/wp-content\/uploads\/2024\/10\/vidda-monako-2-2watermark.jpg\"><img loading=\"lazy\" decoding=\"async\" class=\"aligncenter size-full wp-image-21440 colorbox-21712\" src=\"https:\/\/asart.com.ua\/wp-content\/uploads\/2024\/10\/vidda-monako-2-2watermark.jpg\" alt=\"\" width=\"1200\" height=\"655\" srcset=\"https:\/\/asart.com.ua\/wp-content\/uploads\/2024\/10\/vidda-monako-2-2watermark.jpg 1200w, https:\/\/asart.com.ua\/wp-content\/uploads\/2024\/10\/vidda-monako-2-2watermark-300x164.jpg 300w, https:\/\/asart.com.ua\/wp-content\/uploads\/2024\/10\/vidda-monako-2-2watermark-768x419.jpg 768w\" sizes=\"(max-width: 1200px) 100vw, 1200px\" \/><\/a><a href=\"https:\/\/asart.com.ua\/wp-content\/uploads\/2024\/11\/1-gostinaya-corona-_interactive-lux-3watermark.jpg\"><img loading=\"lazy\" decoding=\"async\" class=\"aligncenter size-full wp-image-21544 colorbox-21712\" src=\"https:\/\/asart.com.ua\/wp-content\/uploads\/2024\/11\/1-gostinaya-corona-_interactive-lux-3watermark.jpg\" alt=\"\" width=\"1200\" height=\"675\" srcset=\"https:\/\/asart.com.ua\/wp-content\/uploads\/2024\/11\/1-gostinaya-corona-_interactive-lux-3watermark.jpg 1200w, https:\/\/asart.com.ua\/wp-content\/uploads\/2024\/11\/1-gostinaya-corona-_interactive-lux-3watermark-300x169.jpg 300w, https:\/\/asart.com.ua\/wp-content\/uploads\/2024\/11\/1-gostinaya-corona-_interactive-lux-3watermark-768x432.jpg 768w\" sizes=\"(max-width: 1200px) 100vw, 1200px\" \/><\/a><a href=\"https:\/\/asart.com.ua\/wp-content\/uploads\/2024\/11\/spalnya-dizajn-corona-05-3watermark.jpg\"><img loading=\"lazy\" decoding=\"async\" class=\"aligncenter size-full wp-image-21632 colorbox-21712\" src=\"https:\/\/asart.com.ua\/wp-content\/uploads\/2024\/11\/spalnya-dizajn-corona-05-3watermark.jpg\" alt=\"\" width=\"1200\" height=\"675\" srcset=\"https:\/\/asart.com.ua\/wp-content\/uploads\/2024\/11\/spalnya-dizajn-corona-05-3watermark.jpg 1200w, https:\/\/asart.com.ua\/wp-content\/uploads\/2024\/11\/spalnya-dizajn-corona-05-3watermark-300x169.jpg 300w, https:\/\/asart.com.ua\/wp-content\/uploads\/2024\/11\/spalnya-dizajn-corona-05-3watermark-768x432.jpg 768w\" sizes=\"(max-width: 1200px) 100vw, 1200px\" \/><\/a><\/p>\n","protected":false},"excerpt":{"rendered":"<p>Slu\u017eby interi\u00e9rov\u00e9ho a exteri\u00e9rov\u00e9ho architekta v <a class=\"continue_link\" href=\"https:\/\/asart.com.ua\/cs\/uslugi-arxitektora-dizajnera-v-monako\/\">\u0427\u0438\u0442\u0430\u0442\u044c \u0434\u0430\u043b\u0435\u0435 >><\/a><\/p>\n","protected":false},"author":6,"featured_media":17760,"parent":0,"menu_order":0,"comment_status":"closed","ping_status":"closed","template":"","meta":{"footnotes":""},"acf":[],"aioseo_notices":[],"_links":{"self":[{"href":"https:\/\/asart.com.ua\/cs\/wp-json\/wp\/v2\/pages\/21712"}],"collection":[{"href":"https:\/\/asart.com.ua\/cs\/wp-json\/wp\/v2\/pages"}],"about":[{"href":"https:\/\/asart.com.ua\/cs\/wp-json\/wp\/v2\/types\/page"}],"author":[{"embeddable":true,"href":"https:\/\/asart.com.ua\/cs\/wp-json\/wp\/v2\/users\/6"}],"replies":[{"embeddable":true,"href":"https:\/\/asart.com.ua\/cs\/wp-json\/wp\/v2\/comments?post=21712"}],"version-history":[{"count":2,"href":"https:\/\/asart.com.ua\/cs\/wp-json\/wp\/v2\/pages\/21712\/revisions"}],"predecessor-version":[{"id":21714,"href":"https:\/\/asart.com.ua\/cs\/wp-json\/wp\/v2\/pages\/21712\/revisions\/21714"}],"wp:featuredmedia":[{"embeddable":true,"href":"https:\/\/asart.com.ua\/cs\/wp-json\/wp\/v2\/media\/17760"}],"wp:attachment":[{"href":"https:\/\/asart.com.ua\/cs\/wp-json\/wp\/v2\/media?parent=21712"}],"curies":[{"name":"wp","href":"https:\/\/api.w.org\/{rel}","templated":true}]}}