{"id":21689,"date":"2025-01-20T19:41:01","date_gmt":"2025-01-20T16:41:01","guid":{"rendered":"https:\/\/asart.com.ua\/uslugi-arxitektora-dizajnera-interera-i-eksterera\/"},"modified":"2025-01-20T20:11:58","modified_gmt":"2025-01-20T17:11:58","slug":"uslugi-arxitektora-dizajnera-interera-i-eksterera","status":"publish","type":"page","link":"https:\/\/asart.com.ua\/cs\/uslugi-arxitektora-dizajnera-interera-i-eksterera\/","title":{"rendered":"Slu\u017eby architekta &#8211; interi\u00e9rov\u00e9ho a exteri\u00e9rov\u00e9ho design\u00e9ra"},"content":{"rendered":"<p><strong>Tvorba unik\u00e1tn\u00edch designov\u00fdch projekt\u016f pro reziden\u010dn\u00ed a ve\u0159ejn\u00e9 prostory.<\/strong><br \/>\nNab\u00edz\u00edme profesion\u00e1ln\u00ed slu\u017eby pro tvorbu interi\u00e9rov\u00fdch a exteri\u00e9rov\u00fdch \u0159e\u0161en\u00ed na m\u00edru va\u0161emu \u017eivotn\u00edmu stylu, pot\u0159eb\u00e1m a rozpo\u010dtu. Hlavn\u00ed d\u016fraz je kladen na soulad estetiky, funk\u010dnosti a modern\u00edch trend\u016f.<\/p>\n<h3>N\u00e1vrh interi\u00e9ru<\/h3>\n<ul>\n<li>\u00a0V\u00fdvoj koncepce a stylu interi\u00e9ru.<\/li>\n<li>Tvorba 3D vizualizac\u00ed pro \u00fapln\u00e9 pochopen\u00ed budouc\u00edho prostoru.<\/li>\n<li>V\u00fdb\u011br n\u00e1bytku, dokon\u010dovac\u00edch materi\u00e1l\u016f, osv\u011btlen\u00ed a dekorac\u00ed.<\/li>\n<li>Integrace modern\u00edch technologi\u00ed do interi\u00e9ru.<\/li>\n<\/ul>\n<h3>Vn\u011bj\u0161\u00ed design<\/h3>\n<ul>\n<li>N\u00e1vrhy fas\u00e1d obytn\u00fdch a komer\u010dn\u00edch objekt\u016f.<\/li>\n<li>V\u00fdvoj krajinn\u00e9ho designu (zahrady, terasy, rekrea\u010dn\u00ed oblasti).<\/li>\n<li>V\u00fdb\u011br dokon\u010dovac\u00edch materi\u00e1l\u016f pro venkovn\u00ed pr\u00e1ce.<\/li>\n<li>Implementace energeticky efektivn\u00edch \u0159e\u0161en\u00ed.<\/li>\n<\/ul>\n<h3>Projekt na kl\u00ed\u010d<\/h3>\n<ul>\n<li>Cel\u00fd cyklus: od n\u00e1padu po realizaci.<\/li>\n<li>Kontrola v\u0161ech f\u00e1z\u00ed prac\u00ed v\u010detn\u011b v\u00fdb\u011bru zhotovitel\u016f.<\/li>\n<li>N\u00e1kup a koordinace dod\u00e1vek materi\u00e1lu a n\u00e1bytku.<\/li>\n<li>Veden\u00ed projektu a\u017e po dod\u00e1n\u00ed hotov\u00e9ho projektu.<\/li>\n<\/ul>\n<h3>Odborn\u00e9 poradenstv\u00ed<\/h3>\n<ul>\n<li>Pomoc p\u0159i v\u00fdb\u011bru stylu a \u0159e\u0161en\u00ed pro v\u00e1\u0161 prostor.<\/li>\n<li>Anal\u00fdza mo\u017en\u00fdch zm\u011bn pro zlep\u0161en\u00ed uspo\u0159\u00e1d\u00e1n\u00ed a funk\u010dnosti.<\/li>\n<li>Vypracov\u00e1n\u00ed n\u00e1\u010drt\u016f a v\u00fdkres\u016f pro realizaci jednotliv\u00fdch konstruk\u010dn\u00edch prvk\u016f.<\/li>\n<\/ul>\n<hr \/>\n<p><strong>Pro\u010d si vybrat n\u00e1s?<\/strong><\/p>\n<ul>\n<li>Individu\u00e1ln\u00ed p\u0159\u00edstup. Ka\u017ed\u00fd projekt je odrazem va\u0161eho jedine\u010dn\u00e9ho vkusu a pot\u0159eb.<\/li>\n<li>Zku\u0161enosti a profesionalita. Realizujeme projekty jak\u00e9koliv slo\u017eitosti, dodr\u017een\u00ed term\u00edn\u016f a rozpo\u010dt\u016f.<\/li>\n<li>Technologick\u00fd. Ve v\u0161ech f\u00e1z\u00edch pou\u017e\u00edv\u00e1me modern\u00ed konstruk\u010dn\u00ed metody a kontrolu kvality.<\/li>\n<\/ul>\n<p><strong>Za\u010dn\u011bte vytv\u00e1\u0159et prostor sv\u00fdch sn\u016f je\u0161t\u011b dnes!<\/strong><br \/>\nKontaktujte n\u00e1s pro konzultaci a vypracov\u00e1n\u00ed projektu osobn\u00edho designu.<\/p>\n<p><strong>+420774544304<\/strong><\/p>\n<p><a href=\"https:\/\/asart.com.ua\/wp-content\/uploads\/2024\/10\/dizajner-interera-monako-11watermark.jpg\"><img loading=\"lazy\" decoding=\"async\" class=\"aligncenter size-full wp-image-21358 colorbox-21689\" src=\"https:\/\/asart.com.ua\/wp-content\/uploads\/2024\/10\/dizajner-interera-monako-11watermark.jpg\" alt=\"\" width=\"1200\" height=\"675\" srcset=\"https:\/\/asart.com.ua\/wp-content\/uploads\/2024\/10\/dizajner-interera-monako-11watermark.jpg 1200w, https:\/\/asart.com.ua\/wp-content\/uploads\/2024\/10\/dizajner-interera-monako-11watermark-300x169.jpg 300w, https:\/\/asart.com.ua\/wp-content\/uploads\/2024\/10\/dizajner-interera-monako-11watermark-768x432.jpg 768w\" sizes=\"(max-width: 1200px) 100vw, 1200px\" \/><\/a><a href=\"https:\/\/asart.com.ua\/wp-content\/uploads\/2024\/11\/1-gostinaya-corona-_interactive-lux-4watermark.jpg\"><img loading=\"lazy\" decoding=\"async\" class=\"aligncenter size-full wp-image-21548 colorbox-21689\" src=\"https:\/\/asart.com.ua\/wp-content\/uploads\/2024\/11\/1-gostinaya-corona-_interactive-lux-4watermark.jpg\" alt=\"\" width=\"1200\" height=\"675\" srcset=\"https:\/\/asart.com.ua\/wp-content\/uploads\/2024\/11\/1-gostinaya-corona-_interactive-lux-4watermark.jpg 1200w, https:\/\/asart.com.ua\/wp-content\/uploads\/2024\/11\/1-gostinaya-corona-_interactive-lux-4watermark-300x169.jpg 300w, https:\/\/asart.com.ua\/wp-content\/uploads\/2024\/11\/1-gostinaya-corona-_interactive-lux-4watermark-768x432.jpg 768w\" sizes=\"(max-width: 1200px) 100vw, 1200px\" \/><\/a><img loading=\"lazy\" decoding=\"async\" class=\"aligncenter size-full wp-image-21632 colorbox-21689\" src=\"https:\/\/asart.com.ua\/wp-content\/uploads\/2024\/11\/spalnya-dizajn-corona-05-3watermark.jpg\" alt=\"\" width=\"1200\" height=\"675\" srcset=\"https:\/\/asart.com.ua\/wp-content\/uploads\/2024\/11\/spalnya-dizajn-corona-05-3watermark.jpg 1200w, https:\/\/asart.com.ua\/wp-content\/uploads\/2024\/11\/spalnya-dizajn-corona-05-3watermark-300x169.jpg 300w, https:\/\/asart.com.ua\/wp-content\/uploads\/2024\/11\/spalnya-dizajn-corona-05-3watermark-768x432.jpg 768w\" sizes=\"(max-width: 1200px) 100vw, 1200px\" \/><\/p>\n<p><img loading=\"lazy\" decoding=\"async\" class=\"aligncenter size-full wp-image-21411 colorbox-21689\" src=\"https:\/\/asart.com.ua\/wp-content\/uploads\/2024\/10\/gostinaya-monakowatermark-8watermark-.jpg\" alt=\"\" width=\"1200\" height=\"675\" srcset=\"https:\/\/asart.com.ua\/wp-content\/uploads\/2024\/10\/gostinaya-monakowatermark-8watermark-.jpg 1200w, https:\/\/asart.com.ua\/wp-content\/uploads\/2024\/10\/gostinaya-monakowatermark-8watermark--300x169.jpg 300w, https:\/\/asart.com.ua\/wp-content\/uploads\/2024\/10\/gostinaya-monakowatermark-8watermark--768x432.jpg 768w\" sizes=\"(max-width: 1200px) 100vw, 1200px\" \/><\/p>\n<p><a href=\"https:\/\/asart.com.ua\/wp-content\/uploads\/2024\/07\/divajn-villy-4watermark--1024x576.jpg\"><img loading=\"lazy\" decoding=\"async\" class=\"aligncenter  wp-image-19798 colorbox-21689\" src=\"https:\/\/asart.com.ua\/wp-content\/uploads\/2024\/07\/divajn-villy-4watermark--1024x576.jpg\" alt=\"\" width=\"1177\" height=\"662\" srcset=\"https:\/\/asart.com.ua\/wp-content\/uploads\/2024\/07\/divajn-villy-4watermark--1024x576.jpg 1024w, https:\/\/asart.com.ua\/wp-content\/uploads\/2024\/07\/divajn-villy-4watermark--300x169.jpg 300w, https:\/\/asart.com.ua\/wp-content\/uploads\/2024\/07\/divajn-villy-4watermark--768x432.jpg 768w, https:\/\/asart.com.ua\/wp-content\/uploads\/2024\/07\/divajn-villy-4watermark-.jpg 1200w\" sizes=\"(max-width: 1177px) 100vw, 1177px\" \/><\/a><a href=\"https:\/\/asart.com.ua\/wp-content\/uploads\/2024\/07\/divajn-villy-7watermark--1024x578.jpg\"><img loading=\"lazy\" decoding=\"async\" class=\"aligncenter  wp-image-19802 colorbox-21689\" src=\"https:\/\/asart.com.ua\/wp-content\/uploads\/2024\/07\/divajn-villy-7watermark--1024x578.jpg\" alt=\"\" width=\"1162\" height=\"656\" srcset=\"https:\/\/asart.com.ua\/wp-content\/uploads\/2024\/07\/divajn-villy-7watermark--1024x578.jpg 1024w, https:\/\/asart.com.ua\/wp-content\/uploads\/2024\/07\/divajn-villy-7watermark--300x169.jpg 300w, https:\/\/asart.com.ua\/wp-content\/uploads\/2024\/07\/divajn-villy-7watermark--768x433.jpg 768w, https:\/\/asart.com.ua\/wp-content\/uploads\/2024\/07\/divajn-villy-7watermark-.jpg 1200w\" sizes=\"(max-width: 1162px) 100vw, 1162px\" \/><\/a><a href=\"https:\/\/asart.com.ua\/wp-content\/uploads\/2022\/11\/proekt-chastnogo-doma-1watermark-1024x683.jpg\"><img loading=\"lazy\" decoding=\"async\" class=\"aligncenter  wp-image-9923 colorbox-21689\" src=\"https:\/\/asart.com.ua\/wp-content\/uploads\/2022\/11\/proekt-chastnogo-doma-1watermark-1024x683.jpg\" alt=\"\" width=\"1151\" height=\"768\" srcset=\"https:\/\/asart.com.ua\/wp-content\/uploads\/2022\/11\/proekt-chastnogo-doma-1watermark-1024x683.jpg 1024w, https:\/\/asart.com.ua\/wp-content\/uploads\/2022\/11\/proekt-chastnogo-doma-1watermark-300x200.jpg 300w, https:\/\/asart.com.ua\/wp-content\/uploads\/2022\/11\/proekt-chastnogo-doma-1watermark-768x512.jpg 768w, https:\/\/asart.com.ua\/wp-content\/uploads\/2022\/11\/proekt-chastnogo-doma-1watermark-240x160.jpg 240w, https:\/\/asart.com.ua\/wp-content\/uploads\/2022\/11\/proekt-chastnogo-doma-1watermark.jpg 1200w\" sizes=\"(max-width: 1151px) 100vw, 1151px\" \/><\/a><a href=\"https:\/\/asart.com.ua\/wp-content\/uploads\/2022\/11\/chastnyj-dom-martovaya-2watermark-1024x768.jpg\"><img loading=\"lazy\" decoding=\"async\" class=\"aligncenter  wp-image-9840 colorbox-21689\" src=\"https:\/\/asart.com.ua\/wp-content\/uploads\/2022\/11\/chastnyj-dom-martovaya-2watermark-1024x768.jpg\" alt=\"\" width=\"1087\" height=\"815\" srcset=\"https:\/\/asart.com.ua\/wp-content\/uploads\/2022\/11\/chastnyj-dom-martovaya-2watermark-1024x768.jpg 1024w, https:\/\/asart.com.ua\/wp-content\/uploads\/2022\/11\/chastnyj-dom-martovaya-2watermark-300x225.jpg 300w, https:\/\/asart.com.ua\/wp-content\/uploads\/2022\/11\/chastnyj-dom-martovaya-2watermark-768x576.jpg 768w, https:\/\/asart.com.ua\/wp-content\/uploads\/2022\/11\/chastnyj-dom-martovaya-2watermark-160x120.jpg 160w, https:\/\/asart.com.ua\/wp-content\/uploads\/2022\/11\/chastnyj-dom-martovaya-2watermark-289x217.jpg 289w, https:\/\/asart.com.ua\/wp-content\/uploads\/2022\/11\/chastnyj-dom-martovaya-2watermark.jpg 1200w\" sizes=\"(max-width: 1087px) 100vw, 1087px\" \/><\/a><a href=\"https:\/\/asart.com.ua\/wp-content\/uploads\/2022\/11\/chastnyj-dom-martovaya-3watermark-1024x768.jpg\"><img loading=\"lazy\" decoding=\"async\" class=\"aligncenter  wp-image-9842 colorbox-21689\" src=\"https:\/\/asart.com.ua\/wp-content\/uploads\/2022\/11\/chastnyj-dom-martovaya-3watermark-1024x768.jpg\" alt=\"\" width=\"1072\" height=\"804\" srcset=\"https:\/\/asart.com.ua\/wp-content\/uploads\/2022\/11\/chastnyj-dom-martovaya-3watermark-1024x768.jpg 1024w, https:\/\/asart.com.ua\/wp-content\/uploads\/2022\/11\/chastnyj-dom-martovaya-3watermark-300x225.jpg 300w, https:\/\/asart.com.ua\/wp-content\/uploads\/2022\/11\/chastnyj-dom-martovaya-3watermark-768x576.jpg 768w, https:\/\/asart.com.ua\/wp-content\/uploads\/2022\/11\/chastnyj-dom-martovaya-3watermark-160x120.jpg 160w, https:\/\/asart.com.ua\/wp-content\/uploads\/2022\/11\/chastnyj-dom-martovaya-3watermark-289x217.jpg 289w, https:\/\/asart.com.ua\/wp-content\/uploads\/2022\/11\/chastnyj-dom-martovaya-3watermark.jpg 1200w\" sizes=\"(max-width: 1072px) 100vw, 1072px\" \/><\/a><\/p>\n<p>&nbsp;<\/p>\n<p>&nbsp;<\/p>\n","protected":false},"excerpt":{"rendered":"<p>Tvorba unik\u00e1tn\u00edch designov\u00fdch projekt\u016f pro reziden\u010dn\u00ed <a class=\"continue_link\" href=\"https:\/\/asart.com.ua\/cs\/uslugi-arxitektora-dizajnera-interera-i-eksterera\/\">\u0427\u0438\u0442\u0430\u0442\u044c \u0434\u0430\u043b\u0435\u0435 >><\/a><\/p>\n","protected":false},"author":6,"featured_media":17736,"parent":0,"menu_order":0,"comment_status":"closed","ping_status":"closed","template":"","meta":{"footnotes":""},"acf":[],"aioseo_notices":[],"_links":{"self":[{"href":"https:\/\/asart.com.ua\/cs\/wp-json\/wp\/v2\/pages\/21689"}],"collection":[{"href":"https:\/\/asart.com.ua\/cs\/wp-json\/wp\/v2\/pages"}],"about":[{"href":"https:\/\/asart.com.ua\/cs\/wp-json\/wp\/v2\/types\/page"}],"author":[{"embeddable":true,"href":"https:\/\/asart.com.ua\/cs\/wp-json\/wp\/v2\/users\/6"}],"replies":[{"embeddable":true,"href":"https:\/\/asart.com.ua\/cs\/wp-json\/wp\/v2\/comments?post=21689"}],"version-history":[{"count":4,"href":"https:\/\/asart.com.ua\/cs\/wp-json\/wp\/v2\/pages\/21689\/revisions"}],"predecessor-version":[{"id":21699,"href":"https:\/\/asart.com.ua\/cs\/wp-json\/wp\/v2\/pages\/21689\/revisions\/21699"}],"wp:featuredmedia":[{"embeddable":true,"href":"https:\/\/asart.com.ua\/cs\/wp-json\/wp\/v2\/media\/17736"}],"wp:attachment":[{"href":"https:\/\/asart.com.ua\/cs\/wp-json\/wp\/v2\/media?parent=21689"}],"curies":[{"name":"wp","href":"https:\/\/api.w.org\/{rel}","templated":true}]}}