{"id":21676,"date":"2025-01-20T16:55:38","date_gmt":"2025-01-20T13:55:38","guid":{"rendered":"https:\/\/asart.com.ua\/dizajn-interera-ofisov-pod-klyuch-v-kieve\/"},"modified":"2025-01-20T19:18:58","modified_gmt":"2025-01-20T16:18:58","slug":"dizajn-interera-ofisov-pod-klyuch-v-kieve","status":"publish","type":"page","link":"https:\/\/asart.com.ua\/cs\/dizajn-interera-ofisov-pod-klyuch-v-kieve\/","title":{"rendered":"N\u00e1vrh kancel\u00e1\u0159sk\u00fdch interi\u00e9r\u016f na kl\u00ed\u010d v Kyjev\u011b."},"content":{"rendered":"<h3>N\u00e1vrh kancel\u00e1\u0159sk\u00fdch interi\u00e9r\u016f na kl\u00ed\u010d v Kyjev\u011b<\/h3>\n<p>Hled\u00e1te profesion\u00e1ly, kte\u0159\u00ed prom\u011bn\u00ed va\u0161i kancel\u00e1\u0159 ve stylov\u00fd a funk\u010dn\u00ed prostor? Nab\u00edz\u00edme komplexn\u00ed p\u0159\u00edstup k interi\u00e9rov\u00e9mu designu, kter\u00fd zahrnuje:<\/p>\n<p><strong>Vypracov\u00e1n\u00ed designov\u00e9ho projektu:<\/strong> Unik\u00e1tn\u00ed \u0159e\u0161en\u00ed, kter\u00e1 podtrhnou styl va\u0161\u00ed spole\u010dnosti a vytvo\u0159\u00ed komfort pro zam\u011bstnance.<br \/>\n<strong>Oprav\u00e1rensk\u00e9 pr\u00e1ce:<\/strong> Cel\u00fd cyklus \u2013 od demont\u00e1\u017ee po kone\u010dnou \u00fapravu. Garantujeme kvalitu a term\u00edny.<br \/>\n<strong>Dod\u00e1vka materi\u00e1l\u016f<\/strong>: V\u00fdb\u011br a dod\u00e1vka dokon\u010dovac\u00edch materi\u00e1l\u016f od d\u016fv\u011bryhodn\u00fdch v\u00fdrobc\u016f.<br \/>\n<strong>N\u00e1bytek a osv\u011btlen\u00ed<\/strong>: Estetika a funk\u010dnost v ka\u017ed\u00e9m detailu \u2013 od kancel\u00e1\u0159sk\u00fdch stol\u016f po designov\u00e9 lampy.<\/p>\n<p>Pro\u010d si vybrat n\u00e1s?<\/p>\n<ul>\n<li>Individu\u00e1ln\u00ed p\u0159\u00edstup ke ka\u017ed\u00e9mu klientovi.<\/li>\n<li>Pracujeme na kl\u00ed\u010d \u2013 od n\u00e1padu a\u017e po kompletn\u011b hotovou kancel\u00e1\u0159.<\/li>\n<li>P\u0159\u00edsn\u00e1 kontrola kvality v ka\u017ed\u00e9 f\u00e1zi.<\/li>\n<\/ul>\n<p>Vytvo\u0159te prostor, kter\u00fd inspiruje k pr\u00e1ci a pot\u011b\u0161\u00ed klienty. Zanechte \u017e\u00e1dost a my spln\u00edme va\u0161e sny!<\/p>\n<p><strong>+380979307105<\/strong><\/p>\n<p><a href=\"https:\/\/asart.com.ua\/wp-content\/uploads\/2021\/11\/suzdalskie-ryady-ofis-26watermark-.jpg\"><img loading=\"lazy\" decoding=\"async\" class=\"aligncenter size-full wp-image-9585 colorbox-21676\" src=\"https:\/\/asart.com.ua\/wp-content\/uploads\/2021\/11\/suzdalskie-ryady-ofis-26watermark-.jpg\" alt=\"\" width=\"1000\" height=\"563\" srcset=\"https:\/\/asart.com.ua\/wp-content\/uploads\/2021\/11\/suzdalskie-ryady-ofis-26watermark-.jpg 1000w, https:\/\/asart.com.ua\/wp-content\/uploads\/2021\/11\/suzdalskie-ryady-ofis-26watermark--300x169.jpg 300w, https:\/\/asart.com.ua\/wp-content\/uploads\/2021\/11\/suzdalskie-ryady-ofis-26watermark--768x432.jpg 768w\" sizes=\"(max-width: 1000px) 100vw, 1000px\" \/><\/a><a href=\"https:\/\/asart.com.ua\/wp-content\/uploads\/2021\/11\/suzdalskie-ryady-ofis-15watermark-.jpg\"><img loading=\"lazy\" decoding=\"async\" class=\"aligncenter size-full wp-image-9575 colorbox-21676\" src=\"https:\/\/asart.com.ua\/wp-content\/uploads\/2021\/11\/suzdalskie-ryady-ofis-15watermark-.jpg\" alt=\"\" width=\"1000\" height=\"564\" srcset=\"https:\/\/asart.com.ua\/wp-content\/uploads\/2021\/11\/suzdalskie-ryady-ofis-15watermark-.jpg 1000w, https:\/\/asart.com.ua\/wp-content\/uploads\/2021\/11\/suzdalskie-ryady-ofis-15watermark--300x169.jpg 300w, https:\/\/asart.com.ua\/wp-content\/uploads\/2021\/11\/suzdalskie-ryady-ofis-15watermark--768x433.jpg 768w\" sizes=\"(max-width: 1000px) 100vw, 1000px\" \/><\/a><a href=\"https:\/\/asart.com.ua\/wp-content\/uploads\/2021\/11\/suzdalskie-ryady-ofis-17watermark-.jpg\"><img loading=\"lazy\" decoding=\"async\" class=\"aligncenter size-full wp-image-9577 colorbox-21676\" src=\"https:\/\/asart.com.ua\/wp-content\/uploads\/2021\/11\/suzdalskie-ryady-ofis-17watermark-.jpg\" alt=\"\" width=\"1000\" height=\"564\" srcset=\"https:\/\/asart.com.ua\/wp-content\/uploads\/2021\/11\/suzdalskie-ryady-ofis-17watermark-.jpg 1000w, https:\/\/asart.com.ua\/wp-content\/uploads\/2021\/11\/suzdalskie-ryady-ofis-17watermark--300x169.jpg 300w, https:\/\/asart.com.ua\/wp-content\/uploads\/2021\/11\/suzdalskie-ryady-ofis-17watermark--768x433.jpg 768w\" sizes=\"(max-width: 1000px) 100vw, 1000px\" \/><\/a><a href=\"https:\/\/asart.com.ua\/wp-content\/uploads\/2021\/11\/suzdalskie-ryady-ofis-21watermark-.jpg\"><img loading=\"lazy\" decoding=\"async\" class=\"aligncenter size-full wp-image-9579 colorbox-21676\" src=\"https:\/\/asart.com.ua\/wp-content\/uploads\/2021\/11\/suzdalskie-ryady-ofis-21watermark-.jpg\" alt=\"\" width=\"1000\" height=\"563\" srcset=\"https:\/\/asart.com.ua\/wp-content\/uploads\/2021\/11\/suzdalskie-ryady-ofis-21watermark-.jpg 1000w, https:\/\/asart.com.ua\/wp-content\/uploads\/2021\/11\/suzdalskie-ryady-ofis-21watermark--300x169.jpg 300w, https:\/\/asart.com.ua\/wp-content\/uploads\/2021\/11\/suzdalskie-ryady-ofis-21watermark--768x432.jpg 768w\" sizes=\"(max-width: 1000px) 100vw, 1000px\" \/><\/a><a href=\"https:\/\/asart.com.ua\/wp-content\/uploads\/2019\/07\/Dizayn-magazina-70watermark-1-1.jpg\"><img loading=\"lazy\" decoding=\"async\" class=\"aligncenter size-full wp-image-15695 colorbox-21676\" src=\"https:\/\/asart.com.ua\/wp-content\/uploads\/2019\/07\/Dizayn-magazina-70watermark-1-1.jpg\" alt=\"\" width=\"1000\" height=\"667\" srcset=\"https:\/\/asart.com.ua\/wp-content\/uploads\/2019\/07\/Dizayn-magazina-70watermark-1-1.jpg 1000w, https:\/\/asart.com.ua\/wp-content\/uploads\/2019\/07\/Dizayn-magazina-70watermark-1-1-300x200.jpg 300w, https:\/\/asart.com.ua\/wp-content\/uploads\/2019\/07\/Dizayn-magazina-70watermark-1-1-768x512.jpg 768w, https:\/\/asart.com.ua\/wp-content\/uploads\/2019\/07\/Dizayn-magazina-70watermark-1-1-240x160.jpg 240w\" sizes=\"(max-width: 1000px) 100vw, 1000px\" \/><\/a><a href=\"https:\/\/asart.com.ua\/wp-content\/uploads\/2019\/07\/Dizayn-magazina-26watermark-.jpg\"><img loading=\"lazy\" decoding=\"async\" class=\"aligncenter size-full wp-image-7250 colorbox-21676\" src=\"https:\/\/asart.com.ua\/wp-content\/uploads\/2019\/07\/Dizayn-magazina-26watermark-.jpg\" alt=\"\" width=\"1000\" height=\"667\" srcset=\"https:\/\/asart.com.ua\/wp-content\/uploads\/2019\/07\/Dizayn-magazina-26watermark-.jpg 1000w, https:\/\/asart.com.ua\/wp-content\/uploads\/2019\/07\/Dizayn-magazina-26watermark--300x200.jpg 300w, https:\/\/asart.com.ua\/wp-content\/uploads\/2019\/07\/Dizayn-magazina-26watermark--768x512.jpg 768w, https:\/\/asart.com.ua\/wp-content\/uploads\/2019\/07\/Dizayn-magazina-26watermark--240x160.jpg 240w\" sizes=\"(max-width: 1000px) 100vw, 1000px\" \/><\/a><a href=\"https:\/\/asart.com.ua\/wp-content\/uploads\/2019\/07\/Dizayn-magazina-7watermark-.jpg\"><img loading=\"lazy\" decoding=\"async\" class=\"aligncenter size-full wp-image-7212 colorbox-21676\" src=\"https:\/\/asart.com.ua\/wp-content\/uploads\/2019\/07\/Dizayn-magazina-7watermark-.jpg\" alt=\"\" width=\"1000\" height=\"667\" srcset=\"https:\/\/asart.com.ua\/wp-content\/uploads\/2019\/07\/Dizayn-magazina-7watermark-.jpg 1000w, https:\/\/asart.com.ua\/wp-content\/uploads\/2019\/07\/Dizayn-magazina-7watermark--300x200.jpg 300w, https:\/\/asart.com.ua\/wp-content\/uploads\/2019\/07\/Dizayn-magazina-7watermark--768x512.jpg 768w, https:\/\/asart.com.ua\/wp-content\/uploads\/2019\/07\/Dizayn-magazina-7watermark--240x160.jpg 240w\" sizes=\"(max-width: 1000px) 100vw, 1000px\" \/><\/a><a href=\"https:\/\/asart.com.ua\/wp-content\/uploads\/2019\/07\/DSC_0274.jpg\"><img loading=\"lazy\" decoding=\"async\" class=\"aligncenter size-full wp-image-15346 colorbox-21676\" src=\"https:\/\/asart.com.ua\/wp-content\/uploads\/2019\/07\/DSC_0274.jpg\" alt=\"\" width=\"1000\" height=\"667\" srcset=\"https:\/\/asart.com.ua\/wp-content\/uploads\/2019\/07\/DSC_0274.jpg 1000w, https:\/\/asart.com.ua\/wp-content\/uploads\/2019\/07\/DSC_0274-300x200.jpg 300w, https:\/\/asart.com.ua\/wp-content\/uploads\/2019\/07\/DSC_0274-768x512.jpg 768w, https:\/\/asart.com.ua\/wp-content\/uploads\/2019\/07\/DSC_0274-240x160.jpg 240w\" sizes=\"(max-width: 1000px) 100vw, 1000px\" \/><\/a><a href=\"https:\/\/asart.com.ua\/wp-content\/uploads\/2019\/07\/DSC_0272.jpg\"><img loading=\"lazy\" decoding=\"async\" class=\"aligncenter size-full wp-image-15343 colorbox-21676\" src=\"https:\/\/asart.com.ua\/wp-content\/uploads\/2019\/07\/DSC_0272.jpg\" alt=\"\" width=\"1000\" height=\"667\" srcset=\"https:\/\/asart.com.ua\/wp-content\/uploads\/2019\/07\/DSC_0272.jpg 1000w, https:\/\/asart.com.ua\/wp-content\/uploads\/2019\/07\/DSC_0272-300x200.jpg 300w, https:\/\/asart.com.ua\/wp-content\/uploads\/2019\/07\/DSC_0272-768x512.jpg 768w, https:\/\/asart.com.ua\/wp-content\/uploads\/2019\/07\/DSC_0272-240x160.jpg 240w\" sizes=\"(max-width: 1000px) 100vw, 1000px\" \/><\/a><a href=\"https:\/\/asart.com.ua\/wp-content\/uploads\/2019\/07\/DSC_0452.jpg\"><img loading=\"lazy\" decoding=\"async\" class=\"aligncenter size-full wp-image-15445 colorbox-21676\" src=\"https:\/\/asart.com.ua\/wp-content\/uploads\/2019\/07\/DSC_0452.jpg\" alt=\"\" width=\"1000\" height=\"667\" srcset=\"https:\/\/asart.com.ua\/wp-content\/uploads\/2019\/07\/DSC_0452.jpg 1000w, https:\/\/asart.com.ua\/wp-content\/uploads\/2019\/07\/DSC_0452-300x200.jpg 300w, https:\/\/asart.com.ua\/wp-content\/uploads\/2019\/07\/DSC_0452-768x512.jpg 768w, https:\/\/asart.com.ua\/wp-content\/uploads\/2019\/07\/DSC_0452-240x160.jpg 240w\" sizes=\"(max-width: 1000px) 100vw, 1000px\" \/><\/a><a href=\"https:\/\/asart.com.ua\/wp-content\/uploads\/2019\/07\/DSC_0395.jpg\"><img loading=\"lazy\" decoding=\"async\" class=\"aligncenter size-full wp-image-15418 colorbox-21676\" src=\"https:\/\/asart.com.ua\/wp-content\/uploads\/2019\/07\/DSC_0395.jpg\" alt=\"\" width=\"1000\" height=\"667\" srcset=\"https:\/\/asart.com.ua\/wp-content\/uploads\/2019\/07\/DSC_0395.jpg 1000w, https:\/\/asart.com.ua\/wp-content\/uploads\/2019\/07\/DSC_0395-300x200.jpg 300w, https:\/\/asart.com.ua\/wp-content\/uploads\/2019\/07\/DSC_0395-768x512.jpg 768w, https:\/\/asart.com.ua\/wp-content\/uploads\/2019\/07\/DSC_0395-240x160.jpg 240w\" sizes=\"(max-width: 1000px) 100vw, 1000px\" \/><\/a><\/p>\n","protected":false},"excerpt":{"rendered":"<p>N\u00e1vrh kancel\u00e1\u0159sk\u00fdch interi\u00e9r\u016f na kl\u00ed\u010d v <a class=\"continue_link\" href=\"https:\/\/asart.com.ua\/cs\/dizajn-interera-ofisov-pod-klyuch-v-kieve\/\">\u0427\u0438\u0442\u0430\u0442\u044c \u0434\u0430\u043b\u0435\u0435 >><\/a><\/p>\n","protected":false},"author":6,"featured_media":15694,"parent":0,"menu_order":0,"comment_status":"closed","ping_status":"closed","template":"","meta":{"footnotes":""},"acf":[],"aioseo_notices":[],"_links":{"self":[{"href":"https:\/\/asart.com.ua\/cs\/wp-json\/wp\/v2\/pages\/21676"}],"collection":[{"href":"https:\/\/asart.com.ua\/cs\/wp-json\/wp\/v2\/pages"}],"about":[{"href":"https:\/\/asart.com.ua\/cs\/wp-json\/wp\/v2\/types\/page"}],"author":[{"embeddable":true,"href":"https:\/\/asart.com.ua\/cs\/wp-json\/wp\/v2\/users\/6"}],"replies":[{"embeddable":true,"href":"https:\/\/asart.com.ua\/cs\/wp-json\/wp\/v2\/comments?post=21676"}],"version-history":[{"count":2,"href":"https:\/\/asart.com.ua\/cs\/wp-json\/wp\/v2\/pages\/21676\/revisions"}],"predecessor-version":[{"id":21685,"href":"https:\/\/asart.com.ua\/cs\/wp-json\/wp\/v2\/pages\/21676\/revisions\/21685"}],"wp:featuredmedia":[{"embeddable":true,"href":"https:\/\/asart.com.ua\/cs\/wp-json\/wp\/v2\/media\/15694"}],"wp:attachment":[{"href":"https:\/\/asart.com.ua\/cs\/wp-json\/wp\/v2\/media?parent=21676"}],"curies":[{"name":"wp","href":"https:\/\/api.w.org\/{rel}","templated":true}]}}