{"id":21307,"date":"2024-09-26T17:51:07","date_gmt":"2024-09-26T14:51:07","guid":{"rendered":"https:\/\/asart.com.ua\/dizajn-interera-domov-kvartir-i-ofisov-v-kieve\/"},"modified":"2025-11-06T14:41:39","modified_gmt":"2025-11-06T11:41:39","slug":"dizajn-interera-domov-kvartir-i-ofisov-v-kieve","status":"publish","type":"page","link":"https:\/\/asart.com.ua\/cs\/dizajn-interera-domov-kvartir-i-ofisov-v-kieve\/","title":{"rendered":"N\u00e1vrhy interi\u00e9r\u016f dom\u016f, byt\u016f a kancel\u00e1\u0159\u00ed v Kyjev\u011b"},"content":{"rendered":"<h2 style=\"text-align: center;\">N\u00e1vrhy interi\u00e9r\u016f dom\u016f, byt\u016f a kancel\u00e1\u0159\u00ed v Kyjev\u011b<\/h2>\n<p>N\u00e1\u0161 t\u00fdm profesion\u00e1l\u016f pro v\u00e1s vytvo\u0159\u00ed jedine\u010dn\u00fd a funk\u010dn\u00ed design interi\u00e9ru, kter\u00fd podtrhne va\u0161i individualitu a \u017eivotn\u00ed styl. Nab\u00edz\u00edme kompletn\u00ed slu\u017eby pro n\u00e1vrhy a realizace interi\u00e9r\u016f dom\u016f, byt\u016f a kancel\u00e1\u0159\u00ed v Kyjev\u011b na kl\u00ed\u010d.<\/p>\n<p>Mezi na\u0161e slu\u017eby pat\u0159\u00ed:<\/p>\n<p>1. <strong>Konzultace a tvorba koncepce<\/strong><br \/>\nV prvn\u00ed f\u00e1zi probereme va\u0161e preference, \u017eivotn\u00ed styl a funk\u010dn\u00ed pot\u0159eby. Na z\u00e1klad\u011b toho vytv\u00e1\u0159\u00edme koncept budouc\u00edho interi\u00e9ru tak, aby byl nejen p\u016fsobiv\u00fd na pohled, ale i pohodln\u00fd v ka\u017edodenn\u00edm \u017eivot\u011b.<\/p>\n<p>2. 3<strong>D vizualizace a pl\u00e1nov\u00e1n\u00ed<\/strong><br \/>\nPo schv\u00e1len\u00ed konceptu vypracujeme detailn\u00ed 3D vizualizaci budouc\u00edho interi\u00e9ru a vytvo\u0159\u00edme optim\u00e1ln\u00ed pl\u00e1novac\u00ed \u0159e\u0161en\u00ed. To v\u00e1m pom\u016f\u017ee zjistit, jak bude v\u00e1\u0161 prostor vypadat p\u0159ed zah\u00e1jen\u00edm v\u00fdstavby.<\/p>\n<p><a href=\"https:\/\/asart.com.ua\/wp-content\/uploads\/2025\/11\/2-kvartira-gostinaya-24watermark.jpg\"><img loading=\"lazy\" decoding=\"async\" class=\"aligncenter size-full wp-image-22152 colorbox-21307\" src=\"https:\/\/asart.com.ua\/wp-content\/uploads\/2025\/11\/2-kvartira-gostinaya-24watermark.jpg\" alt=\"\" width=\"1200\" height=\"675\" srcset=\"https:\/\/asart.com.ua\/wp-content\/uploads\/2025\/11\/2-kvartira-gostinaya-24watermark.jpg 1200w, https:\/\/asart.com.ua\/wp-content\/uploads\/2025\/11\/2-kvartira-gostinaya-24watermark-300x169.jpg 300w, https:\/\/asart.com.ua\/wp-content\/uploads\/2025\/11\/2-kvartira-gostinaya-24watermark-768x432.jpg 768w\" sizes=\"(max-width: 1200px) 100vw, 1200px\" \/><\/a><a href=\"https:\/\/asart.com.ua\/wp-content\/uploads\/2025\/11\/2-kvartira-gostinaya-17watermark.jpg\"><img loading=\"lazy\" decoding=\"async\" class=\"aligncenter size-full wp-image-22128 colorbox-21307\" src=\"https:\/\/asart.com.ua\/wp-content\/uploads\/2025\/11\/2-kvartira-gostinaya-17watermark.jpg\" alt=\"\" width=\"1200\" height=\"675\" srcset=\"https:\/\/asart.com.ua\/wp-content\/uploads\/2025\/11\/2-kvartira-gostinaya-17watermark.jpg 1200w, https:\/\/asart.com.ua\/wp-content\/uploads\/2025\/11\/2-kvartira-gostinaya-17watermark-300x169.jpg 300w, https:\/\/asart.com.ua\/wp-content\/uploads\/2025\/11\/2-kvartira-gostinaya-17watermark-768x432.jpg 768w\" sizes=\"(max-width: 1200px) 100vw, 1200px\" \/><\/a><\/p>\n<p>3. <strong>V\u00fdb\u011br materi\u00e1l\u016f a n\u00e1bytku<\/strong><br \/>\nNab\u00edz\u00edme v\u00fdb\u011br vysoce kvalitn\u00edch materi\u00e1l\u016f a n\u00e1bytku, kter\u00fd dokonale zapadne do va\u0161eho interi\u00e9ru a vejde do va\u0161eho rozpo\u010dtu.<\/p>\n<p><a href=\"https:\/\/asart.com.ua\/wp-content\/uploads\/2024\/08\/081acd2378ad1a2ee156c649293913d1.jpg\"><img loading=\"lazy\" decoding=\"async\" class=\"size-full wp-image-20156 aligncenter colorbox-21307\" src=\"https:\/\/asart.com.ua\/wp-content\/uploads\/2024\/08\/081acd2378ad1a2ee156c649293913d1.jpg\" alt=\"\" width=\"564\" height=\"752\" srcset=\"https:\/\/asart.com.ua\/wp-content\/uploads\/2024\/08\/081acd2378ad1a2ee156c649293913d1.jpg 564w, https:\/\/asart.com.ua\/wp-content\/uploads\/2024\/08\/081acd2378ad1a2ee156c649293913d1-225x300.jpg 225w\" sizes=\"(max-width: 564px) 100vw, 564px\" \/><\/a><\/p>\n<p>4. <strong>Opravy a dokon\u010dovac\u00ed pr\u00e1ce na kl\u00ed\u010d<\/strong><br \/>\nProfesion\u00e1ln\u00ed t\u00fdm stavitel\u016f dokon\u010d\u00ed ve\u0161ker\u00e9 opravy a dokon\u010dovac\u00ed pr\u00e1ce v\u010das. Pe\u010dliv\u011b sledujeme ka\u017edou f\u00e1zi projektu, abychom zajistili co nejlep\u0161\u00ed v\u00fdsledek.<\/p>\n<p><a href=\"https:\/\/asart.com.ua\/wp-content\/uploads\/2024\/09\/interer-kuhni-studii-2-01-13watermark-1.jpg\"><img loading=\"lazy\" decoding=\"async\" class=\"aligncenter size-full wp-image-20239 colorbox-21307\" src=\"https:\/\/asart.com.ua\/wp-content\/uploads\/2024\/09\/interer-kuhni-studii-2-01-13watermark-1.jpg\" alt=\"\" width=\"1000\" height=\"563\" srcset=\"https:\/\/asart.com.ua\/wp-content\/uploads\/2024\/09\/interer-kuhni-studii-2-01-13watermark-1.jpg 1000w, https:\/\/asart.com.ua\/wp-content\/uploads\/2024\/09\/interer-kuhni-studii-2-01-13watermark-1-300x169.jpg 300w, https:\/\/asart.com.ua\/wp-content\/uploads\/2024\/09\/interer-kuhni-studii-2-01-13watermark-1-768x432.jpg 768w\" sizes=\"(max-width: 1000px) 100vw, 1000px\" \/><\/a><a href=\"https:\/\/asart.com.ua\/wp-content\/uploads\/2024\/09\/interer-kuhni-studii-2-1-13watermark-.jpg\"><img loading=\"lazy\" decoding=\"async\" class=\"aligncenter size-full wp-image-20235 colorbox-21307\" src=\"https:\/\/asart.com.ua\/wp-content\/uploads\/2024\/09\/interer-kuhni-studii-2-1-13watermark-.jpg\" alt=\"\" width=\"1000\" height=\"667\" srcset=\"https:\/\/asart.com.ua\/wp-content\/uploads\/2024\/09\/interer-kuhni-studii-2-1-13watermark-.jpg 1000w, https:\/\/asart.com.ua\/wp-content\/uploads\/2024\/09\/interer-kuhni-studii-2-1-13watermark--300x200.jpg 300w, https:\/\/asart.com.ua\/wp-content\/uploads\/2024\/09\/interer-kuhni-studii-2-1-13watermark--768x512.jpg 768w, https:\/\/asart.com.ua\/wp-content\/uploads\/2024\/09\/interer-kuhni-studii-2-1-13watermark--240x160.jpg 240w\" sizes=\"(max-width: 1000px) 100vw, 1000px\" \/><\/a><\/p>\n<p>5. <strong>Dekorace a dokon\u010dovac\u00ed \u00fapravy<\/strong><br \/>\nPro dokreslen\u00ed obrazu va\u0161eho prostoru vybereme stylov\u00fd dekor, kter\u00fd dod\u00e1 va\u0161emu interi\u00e9ru \u00faplnost a individualitu.<\/p>\n<p>Pro\u010d si vybrat n\u00e1s?<br \/>\n&#8211; Individu\u00e1ln\u00ed p\u0159\u00edstup ke ka\u017ed\u00e9mu klientovi<br \/>\n&#8211; Zku\u0161en\u00ed design\u00e9\u0159i a specialist\u00e9<br \/>\n&#8211; Pln\u00e1 podpora projektu od n\u00e1padu a\u017e po realizaci<br \/>\n&#8211; Dodr\u017eov\u00e1n\u00ed term\u00edn\u016f a rozpo\u010dtu<\/p>\n<p>Vytvo\u0159te si s n\u00e1mi sv\u016fj vysn\u011bn\u00fd prostor! Uvedeme va\u0161e p\u0159edstavy do \u017eivota a poskytneme maxim\u00e1ln\u00ed komfort a estetiku v ka\u017ed\u00e9m kout\u011b va\u0161eho domova, bytu nebo kancel\u00e1\u0159e.<\/p>\n<p><a href=\"https:\/\/asart.com.ua\/wp-content\/uploads\/2019\/07\/Dizayn-magazina-26watermark-.jpg\"><img loading=\"lazy\" decoding=\"async\" class=\"aligncenter size-full wp-image-7250 colorbox-21307\" src=\"https:\/\/asart.com.ua\/wp-content\/uploads\/2019\/07\/Dizayn-magazina-26watermark-.jpg\" alt=\"\" width=\"1000\" height=\"667\" srcset=\"https:\/\/asart.com.ua\/wp-content\/uploads\/2019\/07\/Dizayn-magazina-26watermark-.jpg 1000w, https:\/\/asart.com.ua\/wp-content\/uploads\/2019\/07\/Dizayn-magazina-26watermark--300x200.jpg 300w, https:\/\/asart.com.ua\/wp-content\/uploads\/2019\/07\/Dizayn-magazina-26watermark--768x512.jpg 768w, https:\/\/asart.com.ua\/wp-content\/uploads\/2019\/07\/Dizayn-magazina-26watermark--240x160.jpg 240w\" sizes=\"(max-width: 1000px) 100vw, 1000px\" \/><\/a><\/p>\n<p>Pro\u010d je d\u016fle\u017eit\u00e9 objednat si designov\u00fd projekt?<\/p>\n<ul>\n<li><strong>\u00daspora \u010dasu a rozpo\u010dtu.<\/strong> N\u00e1vrh projektu obsahuje jasn\u00fd pl\u00e1n, vizualizace a odhady, co\u017e v\u00e1m umo\u017en\u00ed vyhnout se p\u0159emr\u0161t\u011bn\u00fdm v\u00fddaj\u016fm na materi\u00e1l a zbyte\u010dn\u00fdm n\u00e1klad\u016fm.<\/li>\n<li><strong>Funk\u010dnost.<\/strong> Bereme v \u00favahu ka\u017ed\u00fd detail: od uspo\u0159\u00e1d\u00e1n\u00ed a\u017e po osv\u011btlen\u00ed, aby se prostor stal pohodln\u00fdm a ergonomick\u00fdm.<\/li>\n<li><strong>Individu\u00e1ln\u00ed styl.<\/strong> V\u00e1\u0161 interi\u00e9r bude odr\u00e1\u017eet va\u0161i osobnost nebo koncept zna\u010dky d\u00edky pe\u010dliv\u00e9 p\u00e9\u010di o ka\u017ed\u00fd detail.<\/li>\n<li><strong>Kontrola implementace.<\/strong> Z\u00edsk\u00e1te profesion\u00e1ln\u00ed podporu ve v\u0161ech f\u00e1z\u00edch, od v\u00fdkres\u016f a\u017e po kompletn\u00ed dod\u00e1vku hotov\u00e9ho objektu.<\/li>\n<\/ul>\n<p><a href=\"https:\/\/asart.com.ua\/wp-content\/uploads\/2019\/07\/Dizayn-magazina-4watermark-.jpg\"><img loading=\"lazy\" decoding=\"async\" class=\"aligncenter size-full wp-image-7206 colorbox-21307\" src=\"https:\/\/asart.com.ua\/wp-content\/uploads\/2019\/07\/Dizayn-magazina-4watermark-.jpg\" alt=\"\" width=\"1000\" height=\"667\" srcset=\"https:\/\/asart.com.ua\/wp-content\/uploads\/2019\/07\/Dizayn-magazina-4watermark-.jpg 1000w, https:\/\/asart.com.ua\/wp-content\/uploads\/2019\/07\/Dizayn-magazina-4watermark--300x200.jpg 300w, https:\/\/asart.com.ua\/wp-content\/uploads\/2019\/07\/Dizayn-magazina-4watermark--768x512.jpg 768w, https:\/\/asart.com.ua\/wp-content\/uploads\/2019\/07\/Dizayn-magazina-4watermark--240x160.jpg 240w\" sizes=\"(max-width: 1000px) 100vw, 1000px\" \/><\/a><\/p>\n","protected":false},"excerpt":{"rendered":"<p>N\u00e1vrhy interi\u00e9r\u016f dom\u016f, byt\u016f a kancel\u00e1\u0159\u00ed <a class=\"continue_link\" href=\"https:\/\/asart.com.ua\/cs\/dizajn-interera-domov-kvartir-i-ofisov-v-kieve\/\">\u0427\u0438\u0442\u0430\u0442\u044c \u0434\u0430\u043b\u0435\u0435 >><\/a><\/p>\n","protected":false},"author":6,"featured_media":22152,"parent":0,"menu_order":0,"comment_status":"closed","ping_status":"closed","template":"","meta":{"footnotes":""},"acf":[],"aioseo_notices":[],"_links":{"self":[{"href":"https:\/\/asart.com.ua\/cs\/wp-json\/wp\/v2\/pages\/21307"}],"collection":[{"href":"https:\/\/asart.com.ua\/cs\/wp-json\/wp\/v2\/pages"}],"about":[{"href":"https:\/\/asart.com.ua\/cs\/wp-json\/wp\/v2\/types\/page"}],"author":[{"embeddable":true,"href":"https:\/\/asart.com.ua\/cs\/wp-json\/wp\/v2\/users\/6"}],"replies":[{"embeddable":true,"href":"https:\/\/asart.com.ua\/cs\/wp-json\/wp\/v2\/comments?post=21307"}],"version-history":[{"count":9,"href":"https:\/\/asart.com.ua\/cs\/wp-json\/wp\/v2\/pages\/21307\/revisions"}],"predecessor-version":[{"id":22240,"href":"https:\/\/asart.com.ua\/cs\/wp-json\/wp\/v2\/pages\/21307\/revisions\/22240"}],"wp:featuredmedia":[{"embeddable":true,"href":"https:\/\/asart.com.ua\/cs\/wp-json\/wp\/v2\/media\/22152"}],"wp:attachment":[{"href":"https:\/\/asart.com.ua\/cs\/wp-json\/wp\/v2\/media?parent=21307"}],"curies":[{"name":"wp","href":"https:\/\/api.w.org\/{rel}","templated":true}]}}