{"id":21177,"date":"2024-09-25T18:55:06","date_gmt":"2024-09-25T15:55:06","guid":{"rendered":"https:\/\/asart.com.ua\/remont-kvartir-vill-ofisov-v-nicce-kannax-antib-lazurnyj-bereg\/"},"modified":"2024-09-25T18:57:40","modified_gmt":"2024-09-25T15:57:40","slug":"remont-kvartir-vill-ofisov-v-nicce-kannax-antib-lazurnyj-bereg","status":"publish","type":"page","link":"https:\/\/asart.com.ua\/cs\/remont-kvartir-vill-ofisov-v-nicce-kannax-antib-lazurnyj-bereg\/","title":{"rendered":"Renovace byt\u016f, vil, kancel\u00e1\u0159\u00ed v Nice, Cannes, Antibes, Cote d&#8217;Azur."},"content":{"rendered":"<h3>Pl\u00e1nujete rekonstrukci sv\u00e9ho bytu na Azurov\u00e9m pob\u0159e\u017e\u00ed? Nab\u00edz\u00edme **renovaci bytu na kl\u00ed\u010d** v Cannes, Nice, Antibes a dal\u0161\u00edch m\u011bstech na Francouzsk\u00e9 rivi\u00e9\u0159e!<\/h3>\n<p>Na\u0161e spole\u010dnost poskytuje kompletn\u00ed slu\u017eby v oblasti rekonstrukc\u00ed a designu interi\u00e9r\u016f:<\/p>\n<p><strong>&#8211; Vypracov\u00e1n\u00ed individu\u00e1ln\u00edho projektu s ohledem na Va\u0161e p\u0159\u00e1n\u00ed a evropsk\u00e9 standardy<\/strong><br \/>\n<strong>&#8211; Profesion\u00e1ln\u00ed v\u00fdb\u011br materi\u00e1l\u016f, osv\u011btlen\u00ed, n\u00e1bytku a n\u00e1bytku na m\u00edru<\/strong><br \/>\n<strong>&#8211; Prov\u00e1d\u011bn\u00ed ve\u0161ker\u00fdch oprav a dokon\u010dovac\u00edch prac\u00ed: od hrubov\u00e1n\u00ed a\u017e po kone\u010dnou \u00fapravu<\/strong><br \/>\n<strong>&#8211; Pln\u00e1 kontrola kvality ve v\u0161ech f\u00e1z\u00edch implementace<\/strong><\/p>\n<p>Pracujeme s projekty jak\u00e9hokoli rozsahu &#8211; od luxusn\u00edch byt\u016f po \u00fatuln\u00e9 byty, garantuj\u00edc\u00ed kvalitu a dodr\u017een\u00ed term\u00edn\u016f. V\u011b\u0159te n\u00e1m, \u017ee zrealizujeme v\u00e1\u0161 sen o stylov\u00e9m a pohodln\u00e9m byt\u011b na jihu Francie!<\/p>\n<p>&#8211; Zku\u0161enosti na evropsk\u00e9m trhu<br \/>\n&#8211; Individu\u00e1ln\u00ed p\u0159\u00edstup<br \/>\n&#8211; Z\u00e1ruka na v\u0161echny druhy prac\u00ed<\/p>\n<p>Kontaktujte n\u00e1s a z\u00edskejte bezplatnou konzultaci!<\/p>\n<p><a href=\"https:\/\/asart.com.ua\/wp-content\/uploads\/2024\/07\/dizajn-kvartiry-realizacziya-1-1watermark-768x1024.jpg\"><img loading=\"lazy\" decoding=\"async\" class=\"size-large wp-image-19531 aligncenter colorbox-21177\" src=\"https:\/\/asart.com.ua\/wp-content\/uploads\/2024\/07\/dizajn-kvartiry-realizacziya-1-1watermark-768x1024.jpg\" alt=\"\" width=\"768\" height=\"1024\" srcset=\"https:\/\/asart.com.ua\/wp-content\/uploads\/2024\/07\/dizajn-kvartiry-realizacziya-1-1watermark-768x1024.jpg 768w, https:\/\/asart.com.ua\/wp-content\/uploads\/2024\/07\/dizajn-kvartiry-realizacziya-1-1watermark-225x300.jpg 225w, https:\/\/asart.com.ua\/wp-content\/uploads\/2024\/07\/dizajn-kvartiry-realizacziya-1-1watermark.jpg 900w\" sizes=\"(max-width: 768px) 100vw, 768px\" \/><\/a><a href=\"https:\/\/asart.com.ua\/wp-content\/uploads\/2024\/07\/dizajn-kvartiry-watermark-5-768x1024.jpg\"><img loading=\"lazy\" decoding=\"async\" class=\"size-large wp-image-19527 aligncenter colorbox-21177\" src=\"https:\/\/asart.com.ua\/wp-content\/uploads\/2024\/07\/dizajn-kvartiry-watermark-5-768x1024.jpg\" alt=\"\" width=\"768\" height=\"1024\" srcset=\"https:\/\/asart.com.ua\/wp-content\/uploads\/2024\/07\/dizajn-kvartiry-watermark-5-768x1024.jpg 768w, https:\/\/asart.com.ua\/wp-content\/uploads\/2024\/07\/dizajn-kvartiry-watermark-5-225x300.jpg 225w, https:\/\/asart.com.ua\/wp-content\/uploads\/2024\/07\/dizajn-kvartiry-watermark-5.jpg 900w\" sizes=\"(max-width: 768px) 100vw, 768px\" \/><\/a><a href=\"https:\/\/asart.com.ua\/wp-content\/uploads\/2024\/07\/dizajn-kvartiry-watermark-4-768x1024.jpg\"><img loading=\"lazy\" decoding=\"async\" class=\"aligncenter size-large wp-image-19547 colorbox-21177\" src=\"https:\/\/asart.com.ua\/wp-content\/uploads\/2024\/07\/dizajn-kvartiry-watermark-4-768x1024.jpg\" alt=\"\" width=\"768\" height=\"1024\" srcset=\"https:\/\/asart.com.ua\/wp-content\/uploads\/2024\/07\/dizajn-kvartiry-watermark-4-768x1024.jpg 768w, https:\/\/asart.com.ua\/wp-content\/uploads\/2024\/07\/dizajn-kvartiry-watermark-4-225x300.jpg 225w, https:\/\/asart.com.ua\/wp-content\/uploads\/2024\/07\/dizajn-kvartiry-watermark-4.jpg 900w\" sizes=\"(max-width: 768px) 100vw, 768px\" \/><\/a><a href=\"https:\/\/asart.com.ua\/wp-content\/uploads\/2024\/07\/dizajn-kvartiry-watermark-6-768x1024.jpg\"><img loading=\"lazy\" decoding=\"async\" class=\"aligncenter size-large wp-image-19535 colorbox-21177\" src=\"https:\/\/asart.com.ua\/wp-content\/uploads\/2024\/07\/dizajn-kvartiry-watermark-6-768x1024.jpg\" alt=\"\" width=\"768\" height=\"1024\" srcset=\"https:\/\/asart.com.ua\/wp-content\/uploads\/2024\/07\/dizajn-kvartiry-watermark-6-768x1024.jpg 768w, https:\/\/asart.com.ua\/wp-content\/uploads\/2024\/07\/dizajn-kvartiry-watermark-6-225x300.jpg 225w, https:\/\/asart.com.ua\/wp-content\/uploads\/2024\/07\/dizajn-kvartiry-watermark-6.jpg 900w\" sizes=\"(max-width: 768px) 100vw, 768px\" \/><\/a><\/p>\n","protected":false},"excerpt":{"rendered":"<p>Pl\u00e1nujete rekonstrukci sv\u00e9ho bytu na Azurov\u00e9m <a class=\"continue_link\" href=\"https:\/\/asart.com.ua\/cs\/remont-kvartir-vill-ofisov-v-nicce-kannax-antib-lazurnyj-bereg\/\">\u0427\u0438\u0442\u0430\u0442\u044c \u0434\u0430\u043b\u0435\u0435 >><\/a><\/p>\n","protected":false},"author":6,"featured_media":0,"parent":0,"menu_order":0,"comment_status":"closed","ping_status":"closed","template":"","meta":{"footnotes":""},"acf":[],"aioseo_notices":[],"_links":{"self":[{"href":"https:\/\/asart.com.ua\/cs\/wp-json\/wp\/v2\/pages\/21177"}],"collection":[{"href":"https:\/\/asart.com.ua\/cs\/wp-json\/wp\/v2\/pages"}],"about":[{"href":"https:\/\/asart.com.ua\/cs\/wp-json\/wp\/v2\/types\/page"}],"author":[{"embeddable":true,"href":"https:\/\/asart.com.ua\/cs\/wp-json\/wp\/v2\/users\/6"}],"replies":[{"embeddable":true,"href":"https:\/\/asart.com.ua\/cs\/wp-json\/wp\/v2\/comments?post=21177"}],"version-history":[{"count":3,"href":"https:\/\/asart.com.ua\/cs\/wp-json\/wp\/v2\/pages\/21177\/revisions"}],"predecessor-version":[{"id":21184,"href":"https:\/\/asart.com.ua\/cs\/wp-json\/wp\/v2\/pages\/21177\/revisions\/21184"}],"wp:attachment":[{"href":"https:\/\/asart.com.ua\/cs\/wp-json\/wp\/v2\/media?parent=21177"}],"curies":[{"name":"wp","href":"https:\/\/api.w.org\/{rel}","templated":true}]}}