{"id":21054,"date":"2024-09-17T18:46:04","date_gmt":"2024-09-17T15:46:04","guid":{"rendered":"https:\/\/asart.com.ua\/dizajn-interera-kvartir-v-pragechexiya\/"},"modified":"2025-03-12T17:52:49","modified_gmt":"2025-03-12T14:52:49","slug":"dizajn-interera-kvartir-v-pragechexiya","status":"publish","type":"page","link":"https:\/\/asart.com.ua\/cs\/dizajn-interera-kvartir-v-pragechexiya\/","title":{"rendered":"N\u00e1vrhy interi\u00e9r\u016f byt\u016f v Praze, \u010cesk\u00e1 republika"},"content":{"rendered":"<h2 style=\"text-align: center;\">N\u00e1vrhy interi\u00e9r\u016f byt\u016f na kl\u00ed\u010d v Praze, \u010cesk\u00e1 republika.<\/h2>\n<h3>\nVytvo\u0159en\u00ed vysn\u011bn\u00e9ho interi\u00e9ru je slo\u017eit\u00fd proces, kter\u00fd vy\u017eaduje pe\u010dliv\u00fd p\u0159\u00edstup k detailu, hlubok\u00e9 pochopen\u00ed aktu\u00e1ln\u00edch trend\u016f a individu\u00e1ln\u00edch pot\u0159eb z\u00e1kazn\u00edka. Nab\u00edz\u00edme profesion\u00e1ln\u00ed slu\u017eby interi\u00e9rov\u00e9ho designu byt\u016f v Praze na kl\u00ed\u010d, a to ve v\u0161ech f\u00e1z\u00edch &#8211; od konceptu a\u017e po kompletn\u00ed realizaci projektu.<\/h3>\n<p>Mezi na\u0161e slu\u017eby pat\u0159\u00ed:<\/p>\n<p>1. Vypracov\u00e1n\u00ed designov\u00e9ho projektu<\/p>\n<p>V prvn\u00ed f\u00e1zi s v\u00e1mi podrobn\u011b probereme v\u0161echny va\u0161e preference, p\u0159\u00e1n\u00ed a n\u00e1pady. Na\u0161i zku\u0161en\u00ed design\u00e9\u0159i na z\u00e1klad\u011b obdr\u017een\u00fdch informac\u00ed vytvo\u0159\u00ed unik\u00e1tn\u00ed projekt, kter\u00fd zohledn\u00ed nejen va\u0161e estetick\u00e9 po\u017eadavky, ale tak\u00e9 funk\u010dnost prostoru.<\/p>\n<ul>\n<li><strong>Pl\u00e1nov\u00e1n\u00ed \u0159e\u0161en\u00ed<\/strong><\/li>\n<li><strong>3D vizualizace<\/strong><\/li>\n<li><strong>V\u00fdb\u011br barevn\u00fdch sch\u00e9mat a materi\u00e1l\u016f<\/strong><\/li>\n<\/ul>\n<p><a href=\"https:\/\/asart.com.ua\/wp-content\/uploads\/2024\/09\/dizajn-kvartira-v-prage-3watermark-1-1.jpg\"><img loading=\"lazy\" decoding=\"async\" class=\"aligncenter size-full wp-image-21004 colorbox-21054\" src=\"https:\/\/asart.com.ua\/wp-content\/uploads\/2024\/09\/dizajn-kvartira-v-prage-3watermark-1-1.jpg\" alt=\"\" width=\"1200\" height=\"900\" srcset=\"https:\/\/asart.com.ua\/wp-content\/uploads\/2024\/09\/dizajn-kvartira-v-prage-3watermark-1-1.jpg 1200w, https:\/\/asart.com.ua\/wp-content\/uploads\/2024\/09\/dizajn-kvartira-v-prage-3watermark-1-1-300x225.jpg 300w, https:\/\/asart.com.ua\/wp-content\/uploads\/2024\/09\/dizajn-kvartira-v-prage-3watermark-1-1-768x576.jpg 768w, https:\/\/asart.com.ua\/wp-content\/uploads\/2024\/09\/dizajn-kvartira-v-prage-3watermark-1-1-160x120.jpg 160w, https:\/\/asart.com.ua\/wp-content\/uploads\/2024\/09\/dizajn-kvartira-v-prage-3watermark-1-1-289x217.jpg 289w\" sizes=\"(max-width: 1200px) 100vw, 1200px\" \/><\/a><\/p>\n<p>&nbsp;<\/p>\n<h3>2. Oprav\u00e1rensk\u00e9 a stavebn\u00ed pr\u00e1ce<\/h3>\n<p>Po schv\u00e1len\u00ed projektu n\u00e1\u0161 t\u00fdm zah\u00e1j\u00ed opravy a stavebn\u00ed pr\u00e1ce. Poskytujeme plnou kontrolu v ka\u017ed\u00e9 f\u00e1zi, od demont\u00e1\u017ee star\u00fdch konstrukc\u00ed a\u017e po dokon\u010den\u00ed.<\/p>\n<ul>\n<li><strong> Elektroinstalat\u00e9rsk\u00e9 a instalat\u00e9rsk\u00e9 pr\u00e1ce<\/strong><\/li>\n<li><strong>Om\u00edtky, malby, obklady<\/strong><\/li>\n<li><strong>Mont\u00e1\u017e podlah, strop\u016f, mont\u00e1\u017e dve\u0159\u00ed a oken.<\/strong><\/li>\n<\/ul>\n<h3>3. Vybaven\u00ed materi\u00e1ly a n\u00e1bytkem<\/h3>\n<p>Vyb\u00edr\u00e1me a nakupujeme ve\u0161ker\u00fd pot\u0159ebn\u00fd materi\u00e1l a n\u00e1bytek, aby byl v\u00e1\u0161 prostor nejen stylov\u00fd, ale i pohodln\u00fd. D\u00edky \u00fazk\u00e9 spolupr\u00e1ci s prov\u011b\u0159en\u00fdmi dodavateli m\u016f\u017eeme nab\u00eddnout vysoce kvalitn\u00ed materi\u00e1ly a n\u00e1bytek za konkurenceschopn\u00e9 ceny.<\/p>\n<ul>\n<li><strong>Dokon\u010dovac\u00ed materi\u00e1ly: dla\u017eba, tapety, podlahy<\/strong><\/li>\n<li><strong>Instalat\u00e9rstv\u00ed a osv\u011btlen\u00ed<\/strong><\/li>\n<li><strong>Sk\u0159\u00ed\u0148ov\u00fd a \u010daloun\u011bn\u00fd n\u00e1bytek, dekor<\/strong><\/li>\n<\/ul>\n<p>&nbsp;<\/p>\n<p><a href=\"https:\/\/asart.com.ua\/wp-content\/uploads\/2024\/09\/dizajn-kvartira-v-prage-1watermark-.jpg\"><img loading=\"lazy\" decoding=\"async\" class=\"aligncenter size-full wp-image-20885 colorbox-21054\" src=\"https:\/\/asart.com.ua\/wp-content\/uploads\/2024\/09\/dizajn-kvartira-v-prage-1watermark-.jpg\" alt=\"\" width=\"1200\" height=\"900\" srcset=\"https:\/\/asart.com.ua\/wp-content\/uploads\/2024\/09\/dizajn-kvartira-v-prage-1watermark-.jpg 1200w, https:\/\/asart.com.ua\/wp-content\/uploads\/2024\/09\/dizajn-kvartira-v-prage-1watermark--300x225.jpg 300w, https:\/\/asart.com.ua\/wp-content\/uploads\/2024\/09\/dizajn-kvartira-v-prage-1watermark--768x576.jpg 768w, https:\/\/asart.com.ua\/wp-content\/uploads\/2024\/09\/dizajn-kvartira-v-prage-1watermark--160x120.jpg 160w, https:\/\/asart.com.ua\/wp-content\/uploads\/2024\/09\/dizajn-kvartira-v-prage-1watermark--289x217.jpg 289w\" sizes=\"(max-width: 1200px) 100vw, 1200px\" \/><\/a><\/p>\n<p>&nbsp;<\/p>\n<p><a href=\"https:\/\/asart.com.ua\/wp-content\/uploads\/2024\/09\/dizajn-kvartira-v-prage-3watermark-.jpg\"><img loading=\"lazy\" decoding=\"async\" class=\"aligncenter size-full wp-image-20893 colorbox-21054\" src=\"https:\/\/asart.com.ua\/wp-content\/uploads\/2024\/09\/dizajn-kvartira-v-prage-3watermark-.jpg\" alt=\"\" width=\"1200\" height=\"900\" srcset=\"https:\/\/asart.com.ua\/wp-content\/uploads\/2024\/09\/dizajn-kvartira-v-prage-3watermark-.jpg 1200w, https:\/\/asart.com.ua\/wp-content\/uploads\/2024\/09\/dizajn-kvartira-v-prage-3watermark--300x225.jpg 300w, https:\/\/asart.com.ua\/wp-content\/uploads\/2024\/09\/dizajn-kvartira-v-prage-3watermark--768x576.jpg 768w, https:\/\/asart.com.ua\/wp-content\/uploads\/2024\/09\/dizajn-kvartira-v-prage-3watermark--160x120.jpg 160w, https:\/\/asart.com.ua\/wp-content\/uploads\/2024\/09\/dizajn-kvartira-v-prage-3watermark--289x217.jpg 289w\" sizes=\"(max-width: 1200px) 100vw, 1200px\" \/><\/a><a href=\"https:\/\/asart.com.ua\/wp-content\/uploads\/2024\/09\/dizajn-kvartira-v-prage-7watermark-1-1.jpg\"><img loading=\"lazy\" decoding=\"async\" class=\"aligncenter size-full wp-image-21020 colorbox-21054\" src=\"https:\/\/asart.com.ua\/wp-content\/uploads\/2024\/09\/dizajn-kvartira-v-prage-7watermark-1-1.jpg\" alt=\"\" width=\"1200\" height=\"900\" srcset=\"https:\/\/asart.com.ua\/wp-content\/uploads\/2024\/09\/dizajn-kvartira-v-prage-7watermark-1-1.jpg 1200w, https:\/\/asart.com.ua\/wp-content\/uploads\/2024\/09\/dizajn-kvartira-v-prage-7watermark-1-1-300x225.jpg 300w, https:\/\/asart.com.ua\/wp-content\/uploads\/2024\/09\/dizajn-kvartira-v-prage-7watermark-1-1-768x576.jpg 768w, https:\/\/asart.com.ua\/wp-content\/uploads\/2024\/09\/dizajn-kvartira-v-prage-7watermark-1-1-160x120.jpg 160w, https:\/\/asart.com.ua\/wp-content\/uploads\/2024\/09\/dizajn-kvartira-v-prage-7watermark-1-1-289x217.jpg 289w\" sizes=\"(max-width: 1200px) 100vw, 1200px\" \/><\/a><a href=\"https:\/\/asart.com.ua\/wp-content\/uploads\/2024\/09\/vanna-hoz-8watermark-.jpg\"><img loading=\"lazy\" decoding=\"async\" class=\"aligncenter size-full wp-image-20992 colorbox-21054\" src=\"https:\/\/asart.com.ua\/wp-content\/uploads\/2024\/09\/vanna-hoz-8watermark-.jpg\" alt=\"\" width=\"1200\" height=\"904\" srcset=\"https:\/\/asart.com.ua\/wp-content\/uploads\/2024\/09\/vanna-hoz-8watermark-.jpg 1200w, https:\/\/asart.com.ua\/wp-content\/uploads\/2024\/09\/vanna-hoz-8watermark--300x226.jpg 300w, https:\/\/asart.com.ua\/wp-content\/uploads\/2024\/09\/vanna-hoz-8watermark--768x579.jpg 768w, https:\/\/asart.com.ua\/wp-content\/uploads\/2024\/09\/vanna-hoz-8watermark--160x120.jpg 160w, https:\/\/asart.com.ua\/wp-content\/uploads\/2024\/09\/vanna-hoz-8watermark--289x217.jpg 289w\" sizes=\"(max-width: 1200px) 100vw, 1200px\" \/><\/a> <a href=\"https:\/\/asart.com.ua\/wp-content\/uploads\/2024\/09\/dizajn-kvartira-v-prage-12watermark-.jpg\"><img loading=\"lazy\" decoding=\"async\" class=\"aligncenter size-full wp-image-20929 colorbox-21054\" src=\"https:\/\/asart.com.ua\/wp-content\/uploads\/2024\/09\/dizajn-kvartira-v-prage-12watermark-.jpg\" alt=\"\" width=\"1200\" height=\"900\" srcset=\"https:\/\/asart.com.ua\/wp-content\/uploads\/2024\/09\/dizajn-kvartira-v-prage-12watermark-.jpg 1200w, https:\/\/asart.com.ua\/wp-content\/uploads\/2024\/09\/dizajn-kvartira-v-prage-12watermark--300x225.jpg 300w, https:\/\/asart.com.ua\/wp-content\/uploads\/2024\/09\/dizajn-kvartira-v-prage-12watermark--768x576.jpg 768w, https:\/\/asart.com.ua\/wp-content\/uploads\/2024\/09\/dizajn-kvartira-v-prage-12watermark--160x120.jpg 160w, https:\/\/asart.com.ua\/wp-content\/uploads\/2024\/09\/dizajn-kvartira-v-prage-12watermark--289x217.jpg 289w\" sizes=\"(max-width: 1200px) 100vw, 1200px\" \/><\/a><\/p>\n<p>&nbsp;<\/p>\n<p>&nbsp;<\/p>\n<h3>4. Projektov\u00fd dozor a projektov\u00e9 \u0159\u00edzen\u00ed<\/h3>\n<p>P\u0159eb\u00edr\u00e1me odpov\u011bdnost za organizaci v\u0161ech proces\u016f, od domluvy term\u00edn\u016f a\u017e po kontrolu kvality odveden\u00e9 pr\u00e1ce. Projek\u010dn\u00ed dozor n\u00e1m umo\u017e\u0148uje garantovat, \u017ee projekt bude realizov\u00e1n p\u0159esn\u011b v souladu s p\u016fvodn\u00ed koncepc\u00ed.<\/p>\n<ul>\n<li><strong>Kontrola postupu prac\u00ed<\/strong><\/li>\n<li><strong>Koordinace s dodavateli<\/strong><\/li>\n<li><strong>Kontrola term\u00edn\u016f a rozpo\u010dtu\u00a0 \u00a0 \u00a0 <\/strong><\/li>\n<li><strong>\u00a0<\/strong>Pro\u010d si vybrat n\u00e1s?<br \/>\nIndividu\u00e1ln\u00ed p\u0159\u00edstup: ka\u017ed\u00fd projekt je vyv\u00edjen s ohledem na va\u0161e p\u0159\u00e1n\u00ed a vlastnosti prostoru.<br \/>\nZku\u0161enosti a profesionalita: n\u00e1\u0161 t\u00fdm tvo\u0159\u00ed kvalifikovan\u00ed design\u00e9\u0159i a \u0159emesln\u00edci s dlouholetou prax\u00ed.<br \/>\nNa kl\u00ed\u010d: postar\u00e1me se o v\u0161echny starosti od vypracov\u00e1n\u00ed projektu a\u017e po z\u00e1v\u011bre\u010dn\u00fd \u00faklid po dokon\u010den\u00ed rekonstrukce.<br \/>\nVysok\u00e1 kvalita: pou\u017e\u00edv\u00e1me pouze osv\u011bd\u010den\u00e9 materi\u00e1ly a spolupracujeme se spolehliv\u00fdmi dodavateli a v\u00fdrobci.<br \/>\n<strong>+420774544304<\/strong><\/li>\n<\/ul>\n<p>Jsme p\u0159ipraveni ud\u011blat v\u00e1\u0161 domov v Praze pohodln\u00fdm, stylov\u00fdm a jedine\u010dn\u00fdm. Kontaktujte n\u00e1s pro konzultaci a bezplatnou kalkulaci va\u0161eho projektu!<\/p>\n<p>&nbsp;<\/p>\n","protected":false},"excerpt":{"rendered":"<p>N\u00e1vrhy interi\u00e9r\u016f byt\u016f na kl\u00ed\u010d v <a class=\"continue_link\" href=\"https:\/\/asart.com.ua\/cs\/dizajn-interera-kvartir-v-pragechexiya\/\">\u0427\u0438\u0442\u0430\u0442\u044c \u0434\u0430\u043b\u0435\u0435 >><\/a><\/p>\n","protected":false},"author":6,"featured_media":20883,"parent":0,"menu_order":0,"comment_status":"closed","ping_status":"closed","template":"","meta":{"footnotes":""},"acf":[],"aioseo_notices":[],"_links":{"self":[{"href":"https:\/\/asart.com.ua\/cs\/wp-json\/wp\/v2\/pages\/21054"}],"collection":[{"href":"https:\/\/asart.com.ua\/cs\/wp-json\/wp\/v2\/pages"}],"about":[{"href":"https:\/\/asart.com.ua\/cs\/wp-json\/wp\/v2\/types\/page"}],"author":[{"embeddable":true,"href":"https:\/\/asart.com.ua\/cs\/wp-json\/wp\/v2\/users\/6"}],"replies":[{"embeddable":true,"href":"https:\/\/asart.com.ua\/cs\/wp-json\/wp\/v2\/comments?post=21054"}],"version-history":[{"count":5,"href":"https:\/\/asart.com.ua\/cs\/wp-json\/wp\/v2\/pages\/21054\/revisions"}],"predecessor-version":[{"id":21822,"href":"https:\/\/asart.com.ua\/cs\/wp-json\/wp\/v2\/pages\/21054\/revisions\/21822"}],"wp:featuredmedia":[{"embeddable":true,"href":"https:\/\/asart.com.ua\/cs\/wp-json\/wp\/v2\/media\/20883"}],"wp:attachment":[{"href":"https:\/\/asart.com.ua\/cs\/wp-json\/wp\/v2\/media?parent=21054"}],"curies":[{"name":"wp","href":"https:\/\/api.w.org\/{rel}","templated":true}]}}