{"id":20848,"date":"2024-09-12T16:44:36","date_gmt":"2024-09-12T13:44:36","guid":{"rendered":"https:\/\/asart.com.ua\/dizajn-interera-ofisnyx-pomeshhenij-pod-klyuch-lazurnyj-bereg-kanny-nicca-antib-monako\/"},"modified":"2024-09-12T16:54:34","modified_gmt":"2024-09-12T13:54:34","slug":"dizajn-interera-ofisnyx-pomeshhenij-pod-klyuch-lazurnyj-bereg-kanny-nicca-antib-monako","status":"publish","type":"page","link":"https:\/\/asart.com.ua\/cs\/dizajn-interera-ofisnyx-pomeshhenij-pod-klyuch-lazurnyj-bereg-kanny-nicca-antib-monako\/","title":{"rendered":"N\u00e1vrh kancel\u00e1\u0159sk\u00fdch interi\u00e9r\u016f na kl\u00ed\u010d Cote d&#8217;Azur, Cannes, Nice, Antibes, Monako."},"content":{"rendered":"<h2>Individu\u00e1ln\u00ed designov\u00fd projekt pro kancel\u00e1\u0159 na kl\u00ed\u010d na Cote d&#8217;Azur (Cannes, Nice, Monako)<\/h2>\n<p>Sn\u00edte o stylov\u00e9 a funk\u010dn\u00ed kancel\u00e1\u0159i na Cote d&#8217;Azur? Nab\u00edz\u00edme komplexn\u00ed \u0159e\u0161en\u00ed na kl\u00ed\u010d \u2013 od n\u00e1padu a\u017e po plnou realizaci. N\u00e1\u0161 t\u00fdm profesion\u00e1l\u016f vytvo\u0159\u00ed jedine\u010dn\u00fd designov\u00fd projekt, kter\u00fd ide\u00e1ln\u011b spojuje komfort a estetiku a podtrhne status va\u0161\u00ed spole\u010dnosti.<\/p>\n<p><strong>1. Projekt individu\u00e1ln\u00edho designu<\/strong><br \/>\nV\u00fdvoj exkluzivn\u00edch \u0159e\u0161en\u00ed s ohledem na va\u0161i zna\u010dku, firemn\u00ed styl a vlastnosti pokoje. Vytvo\u0159\u00edme prostor, kter\u00fd bude inspirovat v\u00e1\u0161 t\u00fdm a zap\u016fsob\u00ed na va\u0161e klienty.<\/p>\n<p><a href=\"https:\/\/asart.com.ua\/wp-content\/uploads\/2021\/11\/vizualizacziya-ofisa-digma-4watermark-.jpg\"><img loading=\"lazy\" decoding=\"async\" class=\"aligncenter size-full wp-image-9599 colorbox-20848\" src=\"https:\/\/asart.com.ua\/wp-content\/uploads\/2021\/11\/vizualizacziya-ofisa-digma-4watermark-.jpg\" alt=\"\" width=\"1000\" height=\"750\" srcset=\"https:\/\/asart.com.ua\/wp-content\/uploads\/2021\/11\/vizualizacziya-ofisa-digma-4watermark-.jpg 1000w, https:\/\/asart.com.ua\/wp-content\/uploads\/2021\/11\/vizualizacziya-ofisa-digma-4watermark--300x225.jpg 300w, https:\/\/asart.com.ua\/wp-content\/uploads\/2021\/11\/vizualizacziya-ofisa-digma-4watermark--768x576.jpg 768w, https:\/\/asart.com.ua\/wp-content\/uploads\/2021\/11\/vizualizacziya-ofisa-digma-4watermark--160x120.jpg 160w, https:\/\/asart.com.ua\/wp-content\/uploads\/2021\/11\/vizualizacziya-ofisa-digma-4watermark--289x217.jpg 289w\" sizes=\"(max-width: 1000px) 100vw, 1000px\" \/><\/a><a href=\"https:\/\/asart.com.ua\/wp-content\/uploads\/2021\/11\/vizualizacziya-ofisa-digma-3watermark-.jpg\"><img loading=\"lazy\" decoding=\"async\" class=\"aligncenter size-full wp-image-9597 colorbox-20848\" src=\"https:\/\/asart.com.ua\/wp-content\/uploads\/2021\/11\/vizualizacziya-ofisa-digma-3watermark-.jpg\" alt=\"\" width=\"1000\" height=\"750\" srcset=\"https:\/\/asart.com.ua\/wp-content\/uploads\/2021\/11\/vizualizacziya-ofisa-digma-3watermark-.jpg 1000w, https:\/\/asart.com.ua\/wp-content\/uploads\/2021\/11\/vizualizacziya-ofisa-digma-3watermark--300x225.jpg 300w, https:\/\/asart.com.ua\/wp-content\/uploads\/2021\/11\/vizualizacziya-ofisa-digma-3watermark--768x576.jpg 768w, https:\/\/asart.com.ua\/wp-content\/uploads\/2021\/11\/vizualizacziya-ofisa-digma-3watermark--160x120.jpg 160w, https:\/\/asart.com.ua\/wp-content\/uploads\/2021\/11\/vizualizacziya-ofisa-digma-3watermark--289x217.jpg 289w\" sizes=\"(max-width: 1000px) 100vw, 1000px\" \/><\/a><\/p>\n<p><strong>2. V\u00fdb\u011br materi\u00e1l\u016f a osv\u011btlen\u00ed<\/strong><br \/>\nPe\u010dliv\u011b vyb\u00edr\u00e1me vysoce kvalitn\u00ed dokon\u010dovac\u00ed materi\u00e1ly a tak\u00e9 stylov\u00e1 \u0159e\u0161en\u00ed osv\u011btlen\u00ed, kter\u00e1 vytv\u00e1\u0159ej\u00ed ide\u00e1ln\u00ed atmosf\u00e9ru pro produktivn\u00ed pr\u00e1ci.<\/p>\n<p><a href=\"https:\/\/asart.com.ua\/wp-content\/uploads\/2021\/11\/suzdalskie-ryady-ofis-26watermark-.jpg\"><img loading=\"lazy\" decoding=\"async\" class=\"aligncenter size-full wp-image-9585 colorbox-20848\" src=\"https:\/\/asart.com.ua\/wp-content\/uploads\/2021\/11\/suzdalskie-ryady-ofis-26watermark-.jpg\" alt=\"\" width=\"1000\" height=\"563\" srcset=\"https:\/\/asart.com.ua\/wp-content\/uploads\/2021\/11\/suzdalskie-ryady-ofis-26watermark-.jpg 1000w, https:\/\/asart.com.ua\/wp-content\/uploads\/2021\/11\/suzdalskie-ryady-ofis-26watermark--300x169.jpg 300w, https:\/\/asart.com.ua\/wp-content\/uploads\/2021\/11\/suzdalskie-ryady-ofis-26watermark--768x432.jpg 768w\" sizes=\"(max-width: 1000px) 100vw, 1000px\" \/><\/a><a href=\"https:\/\/asart.com.ua\/wp-content\/uploads\/2021\/11\/suzdalskie-ryady-ofis-25watermark-.jpg\"><img loading=\"lazy\" decoding=\"async\" class=\"aligncenter size-full wp-image-9583 colorbox-20848\" src=\"https:\/\/asart.com.ua\/wp-content\/uploads\/2021\/11\/suzdalskie-ryady-ofis-25watermark-.jpg\" alt=\"\" width=\"1000\" height=\"564\" srcset=\"https:\/\/asart.com.ua\/wp-content\/uploads\/2021\/11\/suzdalskie-ryady-ofis-25watermark-.jpg 1000w, https:\/\/asart.com.ua\/wp-content\/uploads\/2021\/11\/suzdalskie-ryady-ofis-25watermark--300x169.jpg 300w, https:\/\/asart.com.ua\/wp-content\/uploads\/2021\/11\/suzdalskie-ryady-ofis-25watermark--768x433.jpg 768w\" sizes=\"(max-width: 1000px) 100vw, 1000px\" \/><\/a><\/p>\n<p><strong>3. N\u00e1bytek na m\u00edru<\/strong><br \/>\nV\u00fdroba exkluzivn\u00edho n\u00e1bytku podle velikosti a stylu va\u0161\u00ed kancel\u00e1\u0159e. Vytv\u00e1\u0159\u00edme n\u00e1bytek, kter\u00fd nejen\u017ee vypad\u00e1 modern\u011b, ale poskytuje i maxim\u00e1ln\u00ed pohodl\u00ed a ergonomii.<\/p>\n<p>&nbsp;<\/p>\n<p><a href=\"https:\/\/asart.com.ua\/wp-content\/uploads\/2024\/09\/proczess-remonta-6watermark.jpg\"><img loading=\"lazy\" decoding=\"async\" class=\"aligncenter size-full wp-image-20259 colorbox-20848\" src=\"https:\/\/asart.com.ua\/wp-content\/uploads\/2024\/09\/proczess-remonta-6watermark.jpg\" alt=\"\" width=\"1000\" height=\"563\" srcset=\"https:\/\/asart.com.ua\/wp-content\/uploads\/2024\/09\/proczess-remonta-6watermark.jpg 1000w, https:\/\/asart.com.ua\/wp-content\/uploads\/2024\/09\/proczess-remonta-6watermark-300x169.jpg 300w, https:\/\/asart.com.ua\/wp-content\/uploads\/2024\/09\/proczess-remonta-6watermark-768x432.jpg 768w\" sizes=\"(max-width: 1000px) 100vw, 1000px\" \/><\/a><\/p>\n<p><strong>4. Oprav\u00e1rensk\u00e9 a stavebn\u00ed pr\u00e1ce na kl\u00ed\u010d<\/strong><br \/>\nKompletn\u00ed cyklus oprav a stavebn\u00edch prac\u00ed. Na\u0161i specialist\u00e9 se postaraj\u00ed o v\u0161echny f\u00e1ze \u2013 od demont\u00e1\u017ee a\u017e po kone\u010dnou \u00fapravu. Dostanete hotovou kancel\u00e1\u0159, p\u0159ipravenou k pou\u017eit\u00ed.<\/p>\n<p><a href=\"https:\/\/asart.com.ua\/wp-content\/uploads\/2024\/09\/proczess-remonta-1watermark-.jpg\"><img loading=\"lazy\" decoding=\"async\" class=\"aligncenter size-full wp-image-20243 colorbox-20848\" src=\"https:\/\/asart.com.ua\/wp-content\/uploads\/2024\/09\/proczess-remonta-1watermark-.jpg\" alt=\"\" width=\"1000\" height=\"564\" srcset=\"https:\/\/asart.com.ua\/wp-content\/uploads\/2024\/09\/proczess-remonta-1watermark-.jpg 1000w, https:\/\/asart.com.ua\/wp-content\/uploads\/2024\/09\/proczess-remonta-1watermark--300x169.jpg 300w, https:\/\/asart.com.ua\/wp-content\/uploads\/2024\/09\/proczess-remonta-1watermark--768x433.jpg 768w\" sizes=\"(max-width: 1000px) 100vw, 1000px\" \/><\/a><a href=\"https:\/\/asart.com.ua\/wp-content\/uploads\/2024\/09\/proczess-remonta-2watermark-.jpg\"><img loading=\"lazy\" decoding=\"async\" class=\"aligncenter size-full wp-image-20247 colorbox-20848\" src=\"https:\/\/asart.com.ua\/wp-content\/uploads\/2024\/09\/proczess-remonta-2watermark-.jpg\" alt=\"\" width=\"1000\" height=\"564\" srcset=\"https:\/\/asart.com.ua\/wp-content\/uploads\/2024\/09\/proczess-remonta-2watermark-.jpg 1000w, https:\/\/asart.com.ua\/wp-content\/uploads\/2024\/09\/proczess-remonta-2watermark--300x169.jpg 300w, https:\/\/asart.com.ua\/wp-content\/uploads\/2024\/09\/proczess-remonta-2watermark--768x433.jpg 768w\" sizes=\"(max-width: 1000px) 100vw, 1000px\" \/><\/a><a href=\"https:\/\/asart.com.ua\/wp-content\/uploads\/2024\/09\/proczess-remonta-4watermark-.jpg\"><img loading=\"lazy\" decoding=\"async\" class=\"aligncenter size-full wp-image-20251 colorbox-20848\" src=\"https:\/\/asart.com.ua\/wp-content\/uploads\/2024\/09\/proczess-remonta-4watermark-.jpg\" alt=\"\" width=\"1000\" height=\"564\" srcset=\"https:\/\/asart.com.ua\/wp-content\/uploads\/2024\/09\/proczess-remonta-4watermark-.jpg 1000w, https:\/\/asart.com.ua\/wp-content\/uploads\/2024\/09\/proczess-remonta-4watermark--300x169.jpg 300w, https:\/\/asart.com.ua\/wp-content\/uploads\/2024\/09\/proczess-remonta-4watermark--768x433.jpg 768w\" sizes=\"(max-width: 1000px) 100vw, 1000px\" \/><\/a><\/p>\n<p>Pro\u010d si vybrat n\u00e1s:<\/p>\n<p>&#8211; Pln\u00e1 podpora projektu &#8211; od n\u00e1padu a\u017e po dod\u00e1n\u00ed kl\u00ed\u010d\u016f.<br \/>\n&#8211; Individu\u00e1ln\u00ed p\u0159\u00edstup ke ka\u017ed\u00e9mu klientovi a projektu.<br \/>\n&#8211; Pr\u00e9miov\u00e9 materi\u00e1ly a nejnov\u011bj\u0161\u00ed technologie.<br \/>\n&#8211; Zku\u0161enosti v Cannes, Nice, Monako &#8211; v\u00fdborn\u00e1 znalost m\u00edstn\u00edch p\u0159edpis\u016f a po\u017eadavk\u016f.<\/p>\n<p>Prom\u011b\u0148te s n\u00e1mi svou kancel\u00e1\u0159 na Azurov\u00e9m pob\u0159e\u017e\u00ed! Kontaktujte n\u00e1s pro konzultaci a za\u010dn\u011bte pracovat na va\u0161em jedine\u010dn\u00e9m projektu.<\/p>\n","protected":false},"excerpt":{"rendered":"<p>Individu\u00e1ln\u00ed designov\u00fd projekt pro kancel\u00e1\u0159 na <a class=\"continue_link\" href=\"https:\/\/asart.com.ua\/cs\/dizajn-interera-ofisnyx-pomeshhenij-pod-klyuch-lazurnyj-bereg-kanny-nicca-antib-monako\/\">\u0427\u0438\u0442\u0430\u0442\u044c \u0434\u0430\u043b\u0435\u0435 >><\/a><\/p>\n","protected":false},"author":6,"featured_media":0,"parent":0,"menu_order":0,"comment_status":"closed","ping_status":"closed","template":"","meta":{"footnotes":""},"acf":[],"aioseo_notices":[],"_links":{"self":[{"href":"https:\/\/asart.com.ua\/cs\/wp-json\/wp\/v2\/pages\/20848"}],"collection":[{"href":"https:\/\/asart.com.ua\/cs\/wp-json\/wp\/v2\/pages"}],"about":[{"href":"https:\/\/asart.com.ua\/cs\/wp-json\/wp\/v2\/types\/page"}],"author":[{"embeddable":true,"href":"https:\/\/asart.com.ua\/cs\/wp-json\/wp\/v2\/users\/6"}],"replies":[{"embeddable":true,"href":"https:\/\/asart.com.ua\/cs\/wp-json\/wp\/v2\/comments?post=20848"}],"version-history":[{"count":2,"href":"https:\/\/asart.com.ua\/cs\/wp-json\/wp\/v2\/pages\/20848\/revisions"}],"predecessor-version":[{"id":20856,"href":"https:\/\/asart.com.ua\/cs\/wp-json\/wp\/v2\/pages\/20848\/revisions\/20856"}],"wp:attachment":[{"href":"https:\/\/asart.com.ua\/cs\/wp-json\/wp\/v2\/media?parent=20848"}],"curies":[{"name":"wp","href":"https:\/\/api.w.org\/{rel}","templated":true}]}}