{"id":20831,"date":"2024-09-12T16:24:16","date_gmt":"2024-09-12T13:24:16","guid":{"rendered":"https:\/\/asart.com.ua\/individualnyj-dizajn-proekt-ofisa-pod-klyuch-v-prage-chexiya\/"},"modified":"2024-09-12T16:27:27","modified_gmt":"2024-09-12T13:27:27","slug":"individualnyj-dizajn-proekt-ofisa-pod-klyuch-v-prage-chexiya","status":"publish","type":"page","link":"https:\/\/asart.com.ua\/cs\/individualnyj-dizajn-proekt-ofisa-pod-klyuch-v-prage-chexiya\/","title":{"rendered":"Individu\u00e1ln\u00ed n\u00e1vrh kancel\u00e1\u0159e na kl\u00ed\u010d v Praze, \u010cesk\u00e1 republika."},"content":{"rendered":"<h3>Individu\u00e1ln\u00ed n\u00e1vrh kancel\u00e1\u0159e na kl\u00ed\u010d v Praze, \u010cesk\u00e1 republika.<\/h3>\n<p>Vytvo\u0159te si modern\u00ed a stylovou kancel\u00e1\u0159, kter\u00e1 bude odr\u00e1\u017eet jedine\u010dn\u00fd charakter va\u0161eho podnik\u00e1n\u00ed! Nab\u00edz\u00edme **individu\u00e1ln\u00ed kancel\u00e1\u0159sk\u00e9 projekty na kl\u00ed\u010d** v Praze, od vypracov\u00e1n\u00ed konceptu a\u017e po plnou realizaci. N\u00e1\u0161 t\u00fdm profesion\u00e1l\u016f se postar\u00e1 o v\u0161echny f\u00e1ze &#8211; od n\u00e1vrhu a\u017e po hotov\u00fd interi\u00e9r.<\/p>\n<p>\n<strong>&#8211; Projekt individu\u00e1ln\u00edho designu<\/strong> &#8211; vytvo\u0159en\u00ed prostoru, kter\u00fd dokonale vyhovuje va\u0161im pot\u0159eb\u00e1m, s ohledem na nejnov\u011bj\u0161\u00ed trendy a funk\u010dnost.<\/p>\n<p><strong>&#8211; V\u00fdb\u011br materi\u00e1l\u016f a osv\u011btlen\u00ed<\/strong> &#8211; pouze kvalitn\u00ed materi\u00e1ly a promy\u0161len\u00e9 osv\u011btlen\u00ed vytv\u00e1\u0159ej\u00edc\u00ed p\u0159\u00edjemnou pracovn\u00ed atmosf\u00e9ru.<\/p>\n<p><strong>&#8211; V\u00fdb\u011br a v\u00fdroba n\u00e1bytku na m\u00edru<\/strong> &#8211; od stylov\u00fdch pracovi\u0161\u0165 a\u017e po rekrea\u010dn\u00ed prostory, ka\u017ed\u00fd detail interi\u00e9ru bude proveden na nejvy\u0161\u0161\u00ed \u00farovni.<\/p>\n<p><strong>&#8211; Opravy a stavebn\u00ed pr\u00e1ce na kl\u00ed\u010d<\/strong> &#8211; postar\u00e1me se o v\u0161echny f\u00e1ze opravy a zbav\u00edme v\u00e1s zbyte\u010dn\u00fdch starost\u00ed.<\/p>\n<p><a href=\"https:\/\/asart.com.ua\/wp-content\/uploads\/2024\/09\/proczess-remonta-2watermark-.jpg\"><img loading=\"lazy\" decoding=\"async\" class=\"aligncenter size-full wp-image-20247 colorbox-20831\" src=\"https:\/\/asart.com.ua\/wp-content\/uploads\/2024\/09\/proczess-remonta-2watermark-.jpg\" alt=\"\" width=\"1000\" height=\"564\" srcset=\"https:\/\/asart.com.ua\/wp-content\/uploads\/2024\/09\/proczess-remonta-2watermark-.jpg 1000w, https:\/\/asart.com.ua\/wp-content\/uploads\/2024\/09\/proczess-remonta-2watermark--300x169.jpg 300w, https:\/\/asart.com.ua\/wp-content\/uploads\/2024\/09\/proczess-remonta-2watermark--768x433.jpg 768w\" sizes=\"(max-width: 1000px) 100vw, 1000px\" \/><\/a><a href=\"https:\/\/asart.com.ua\/wp-content\/uploads\/2024\/09\/proczess-remonta-6watermark.jpg\"><img loading=\"lazy\" decoding=\"async\" class=\"aligncenter size-full wp-image-20259 colorbox-20831\" src=\"https:\/\/asart.com.ua\/wp-content\/uploads\/2024\/09\/proczess-remonta-6watermark.jpg\" alt=\"\" width=\"1000\" height=\"563\" srcset=\"https:\/\/asart.com.ua\/wp-content\/uploads\/2024\/09\/proczess-remonta-6watermark.jpg 1000w, https:\/\/asart.com.ua\/wp-content\/uploads\/2024\/09\/proczess-remonta-6watermark-300x169.jpg 300w, https:\/\/asart.com.ua\/wp-content\/uploads\/2024\/09\/proczess-remonta-6watermark-768x432.jpg 768w\" sizes=\"(max-width: 1000px) 100vw, 1000px\" \/><\/a><a href=\"https:\/\/asart.com.ua\/wp-content\/uploads\/2021\/11\/suzdalskie-ryady-ofis-28watermark-.jpg\"><img loading=\"lazy\" decoding=\"async\" class=\"aligncenter size-full wp-image-9589 colorbox-20831\" src=\"https:\/\/asart.com.ua\/wp-content\/uploads\/2021\/11\/suzdalskie-ryady-ofis-28watermark-.jpg\" alt=\"\" width=\"1000\" height=\"564\" srcset=\"https:\/\/asart.com.ua\/wp-content\/uploads\/2021\/11\/suzdalskie-ryady-ofis-28watermark-.jpg 1000w, https:\/\/asart.com.ua\/wp-content\/uploads\/2021\/11\/suzdalskie-ryady-ofis-28watermark--300x169.jpg 300w, https:\/\/asart.com.ua\/wp-content\/uploads\/2021\/11\/suzdalskie-ryady-ofis-28watermark--768x433.jpg 768w\" sizes=\"(max-width: 1000px) 100vw, 1000px\" \/><\/a><a href=\"https:\/\/asart.com.ua\/wp-content\/uploads\/2021\/11\/suzdalskie-ryady-ofis-15watermark-.jpg\"><img loading=\"lazy\" decoding=\"async\" class=\"aligncenter size-full wp-image-9575 colorbox-20831\" src=\"https:\/\/asart.com.ua\/wp-content\/uploads\/2021\/11\/suzdalskie-ryady-ofis-15watermark-.jpg\" alt=\"\" width=\"1000\" height=\"564\" srcset=\"https:\/\/asart.com.ua\/wp-content\/uploads\/2021\/11\/suzdalskie-ryady-ofis-15watermark-.jpg 1000w, https:\/\/asart.com.ua\/wp-content\/uploads\/2021\/11\/suzdalskie-ryady-ofis-15watermark--300x169.jpg 300w, https:\/\/asart.com.ua\/wp-content\/uploads\/2021\/11\/suzdalskie-ryady-ofis-15watermark--768x433.jpg 768w\" sizes=\"(max-width: 1000px) 100vw, 1000px\" \/><\/a><a href=\"https:\/\/asart.com.ua\/wp-content\/uploads\/2021\/11\/suzdalskie-ryady-ofis-17watermark-.jpg\"><img loading=\"lazy\" decoding=\"async\" class=\"aligncenter size-full wp-image-9577 colorbox-20831\" src=\"https:\/\/asart.com.ua\/wp-content\/uploads\/2021\/11\/suzdalskie-ryady-ofis-17watermark-.jpg\" alt=\"\" width=\"1000\" height=\"564\" srcset=\"https:\/\/asart.com.ua\/wp-content\/uploads\/2021\/11\/suzdalskie-ryady-ofis-17watermark-.jpg 1000w, https:\/\/asart.com.ua\/wp-content\/uploads\/2021\/11\/suzdalskie-ryady-ofis-17watermark--300x169.jpg 300w, https:\/\/asart.com.ua\/wp-content\/uploads\/2021\/11\/suzdalskie-ryady-ofis-17watermark--768x433.jpg 768w\" sizes=\"(max-width: 1000px) 100vw, 1000px\" \/><\/a><\/p>\n<p>Pro\u010d si vybrat n\u00e1s:<br \/>\n<strong>&#8211; Cel\u00fd cyklus prac\u00ed<\/strong> &#8211; od v\u00fdvoje n\u00e1padu a\u017e po kone\u010dnou dod\u00e1vku objektu.<\/p>\n<p><strong>&#8211; Vysoce kvalitn\u00ed materi\u00e1ly<\/strong> \u2013 spolupracujeme s d\u016fv\u011bryhodn\u00fdmi dodavateli, garantujeme vysokou kvalitu v\u0161ech pou\u017eit\u00fdch materi\u00e1l\u016f.<\/p>\n<p><strong>&#8211; Flexibilita a individu\u00e1ln\u00ed p\u0159\u00edstup<\/strong> &#8211; zohledn\u00edme v\u0161echna Va\u0161e p\u0159\u00e1n\u00ed a vytvo\u0159\u00edme jedine\u010dn\u00fd prostor odpov\u00eddaj\u00edc\u00ed Va\u0161im c\u00edl\u016fm.<\/p>\n<p><strong>&#8211; Dodr\u017eov\u00e1n\u00ed term\u00edn\u016f a rozpo\u010dtu<\/strong> \u2013 jasn\u00e9 pl\u00e1nov\u00e1n\u00ed a kontrola v ka\u017ed\u00e9 f\u00e1zi pr\u00e1ce.<\/p>\n<p>Objednejte si projekt kancel\u00e1\u0159sk\u00e9ho designu na kl\u00ed\u010d je\u0161t\u011b dnes a vytvo\u0159te si prostor, ve kter\u00e9m se bude p\u0159\u00edjemn\u011b a produktivn\u011b pracovat!<\/p>\n<p><strong>+420774544304<\/strong><\/p>\n<p><strong>+380979307105<\/strong><\/p>\n","protected":false},"excerpt":{"rendered":"<p>Individu\u00e1ln\u00ed n\u00e1vrh kancel\u00e1\u0159e na kl\u00ed\u010d v <a class=\"continue_link\" href=\"https:\/\/asart.com.ua\/cs\/individualnyj-dizajn-proekt-ofisa-pod-klyuch-v-prage-chexiya\/\">\u0427\u0438\u0442\u0430\u0442\u044c \u0434\u0430\u043b\u0435\u0435 >><\/a><\/p>\n","protected":false},"author":6,"featured_media":0,"parent":0,"menu_order":0,"comment_status":"closed","ping_status":"closed","template":"","meta":{"footnotes":""},"acf":[],"aioseo_notices":[],"_links":{"self":[{"href":"https:\/\/asart.com.ua\/cs\/wp-json\/wp\/v2\/pages\/20831"}],"collection":[{"href":"https:\/\/asart.com.ua\/cs\/wp-json\/wp\/v2\/pages"}],"about":[{"href":"https:\/\/asart.com.ua\/cs\/wp-json\/wp\/v2\/types\/page"}],"author":[{"embeddable":true,"href":"https:\/\/asart.com.ua\/cs\/wp-json\/wp\/v2\/users\/6"}],"replies":[{"embeddable":true,"href":"https:\/\/asart.com.ua\/cs\/wp-json\/wp\/v2\/comments?post=20831"}],"version-history":[{"count":3,"href":"https:\/\/asart.com.ua\/cs\/wp-json\/wp\/v2\/pages\/20831\/revisions"}],"predecessor-version":[{"id":20840,"href":"https:\/\/asart.com.ua\/cs\/wp-json\/wp\/v2\/pages\/20831\/revisions\/20840"}],"wp:attachment":[{"href":"https:\/\/asart.com.ua\/cs\/wp-json\/wp\/v2\/media?parent=20831"}],"curies":[{"name":"wp","href":"https:\/\/api.w.org\/{rel}","templated":true}]}}