{"id":20737,"date":"2024-09-11T16:43:49","date_gmt":"2024-09-11T13:43:49","guid":{"rendered":"https:\/\/asart.com.ua\/dizajner-interera-v-prage-chexiya\/"},"modified":"2024-12-03T19:33:32","modified_gmt":"2024-12-03T16:33:32","slug":"dizajner-interera-v-prage-chexiya","status":"publish","type":"page","link":"https:\/\/asart.com.ua\/cs\/dizajner-interera-v-prage-chexiya\/","title":{"rendered":"Interi\u00e9rov\u00fd design\u00e9r v Praze, \u010cesk\u00e1 republika."},"content":{"rendered":"<h3>AS Design \u2013 Individu\u00e1ln\u00ed projekty interi\u00e9rov\u00e9ho designu v Praze<\/h3>\n<p>Na\u0161e studio **AS Design** ji\u017e v\u00edce ne\u017e 18 let vytv\u00e1\u0159\u00ed jedine\u010dn\u00e9 a stylov\u00e9 interi\u00e9ry pro r\u016fzn\u00e9 typy prostor v Praze a okol\u00ed. Nab\u00edz\u00edme celou \u0161k\u00e1lu slu\u017eeb pro v\u00fdvoj a realizaci projektov\u00fdch projekt\u016f na kl\u00ed\u010d \u2013 od n\u00e1padu a\u017e po plnou realizaci va\u0161ich sn\u016f.<\/p>\n<p><a href=\"https:\/\/asart.com.ua\/wp-content\/uploads\/2024\/11\/1-gostinaya-corona-_interactive-lux-1watermark.jpg\"><img loading=\"lazy\" decoding=\"async\" class=\"aligncenter  wp-image-21536 colorbox-20737\" src=\"https:\/\/asart.com.ua\/wp-content\/uploads\/2024\/11\/1-gostinaya-corona-_interactive-lux-1watermark.jpg\" alt=\"\" width=\"995\" height=\"560\" srcset=\"https:\/\/asart.com.ua\/wp-content\/uploads\/2024\/11\/1-gostinaya-corona-_interactive-lux-1watermark.jpg 1200w, https:\/\/asart.com.ua\/wp-content\/uploads\/2024\/11\/1-gostinaya-corona-_interactive-lux-1watermark-300x169.jpg 300w, https:\/\/asart.com.ua\/wp-content\/uploads\/2024\/11\/1-gostinaya-corona-_interactive-lux-1watermark-768x432.jpg 768w\" sizes=\"(max-width: 995px) 100vw, 995px\" \/><\/a><a href=\"https:\/\/asart.com.ua\/wp-content\/uploads\/2024\/11\/1-gostinaya-corona-_interactive-lux-6watermark.jpg\"><img loading=\"lazy\" decoding=\"async\" class=\"aligncenter  wp-image-21556 colorbox-20737\" src=\"https:\/\/asart.com.ua\/wp-content\/uploads\/2024\/11\/1-gostinaya-corona-_interactive-lux-6watermark.jpg\" alt=\"\" width=\"1001\" height=\"563\" srcset=\"https:\/\/asart.com.ua\/wp-content\/uploads\/2024\/11\/1-gostinaya-corona-_interactive-lux-6watermark.jpg 1200w, https:\/\/asart.com.ua\/wp-content\/uploads\/2024\/11\/1-gostinaya-corona-_interactive-lux-6watermark-300x169.jpg 300w, https:\/\/asart.com.ua\/wp-content\/uploads\/2024\/11\/1-gostinaya-corona-_interactive-lux-6watermark-768x432.jpg 768w\" sizes=\"(max-width: 1001px) 100vw, 1001px\" \/><\/a><a href=\"https:\/\/asart.com.ua\/wp-content\/uploads\/2024\/11\/1-gostinaya-corona-_interactive-lux-5watermark.jpg\"><img loading=\"lazy\" decoding=\"async\" class=\"aligncenter  wp-image-21552 colorbox-20737\" src=\"https:\/\/asart.com.ua\/wp-content\/uploads\/2024\/11\/1-gostinaya-corona-_interactive-lux-5watermark.jpg\" alt=\"\" width=\"1001\" height=\"563\" srcset=\"https:\/\/asart.com.ua\/wp-content\/uploads\/2024\/11\/1-gostinaya-corona-_interactive-lux-5watermark.jpg 1200w, https:\/\/asart.com.ua\/wp-content\/uploads\/2024\/11\/1-gostinaya-corona-_interactive-lux-5watermark-300x169.jpg 300w, https:\/\/asart.com.ua\/wp-content\/uploads\/2024\/11\/1-gostinaya-corona-_interactive-lux-5watermark-768x432.jpg 768w\" sizes=\"(max-width: 1001px) 100vw, 1001px\" \/><\/a><\/p>\n<p><b><a href=\"https:\/\/asart.com.ua\/wp-content\/uploads\/2018\/10\/5-2watermark.jpg\"><img loading=\"lazy\" decoding=\"async\" class=\"aligncenter size-full wp-image-6525 colorbox-20737\" src=\"https:\/\/asart.com.ua\/wp-content\/uploads\/2018\/10\/5-2watermark.jpg\" alt=\"\" width=\"1000\" height=\"667\" srcset=\"https:\/\/asart.com.ua\/wp-content\/uploads\/2018\/10\/5-2watermark.jpg 1000w, https:\/\/asart.com.ua\/wp-content\/uploads\/2018\/10\/5-2watermark-300x200.jpg 300w, https:\/\/asart.com.ua\/wp-content\/uploads\/2018\/10\/5-2watermark-768x512.jpg 768w, https:\/\/asart.com.ua\/wp-content\/uploads\/2018\/10\/5-2watermark-240x160.jpg 240w\" sizes=\"(max-width: 1000px) 100vw, 1000px\" \/><\/a><\/b><\/p>\n<p>&nbsp;<\/p>\n<p>Co nab\u00edz\u00edme?<\/p>\n<p><strong>1. Individu\u00e1ln\u00ed designov\u00e9 projekty<\/strong><br \/>\n&#8211; Vytv\u00e1\u0159\u00edme n\u00e1vrhy, kter\u00e9 dokonale odpov\u00eddaj\u00ed va\u0161emu stylu, preferenc\u00edm a \u017eivotn\u00edmu stylu. Bez ohledu na to, zda pot\u0159ebujete vyzdobit byt, d\u016fm, kancel\u00e1\u0159 nebo komer\u010dn\u00ed prostor, najdeme optim\u00e1ln\u00ed \u0159e\u0161en\u00ed.<\/p>\n<p><a href=\"https:\/\/asart.com.ua\/wp-content\/uploads\/2018\/10\/5-1watermark.jpg\"><img loading=\"lazy\" decoding=\"async\" class=\"aligncenter size-full wp-image-6523 colorbox-20737\" src=\"https:\/\/asart.com.ua\/wp-content\/uploads\/2018\/10\/5-1watermark.jpg\" alt=\"\" width=\"1000\" height=\"605\" srcset=\"https:\/\/asart.com.ua\/wp-content\/uploads\/2018\/10\/5-1watermark.jpg 1000w, https:\/\/asart.com.ua\/wp-content\/uploads\/2018\/10\/5-1watermark-300x182.jpg 300w, https:\/\/asart.com.ua\/wp-content\/uploads\/2018\/10\/5-1watermark-768x465.jpg 768w\" sizes=\"(max-width: 1000px) 100vw, 1000px\" \/><\/a><\/p>\n<p><strong>2. Oprav\u00e1rensk\u00e9 a stavebn\u00ed pr\u00e1ce<\/strong><br \/>\n&#8211; Komplexn\u00ed stavebn\u00ed slu\u017eby zahrnuj\u00ed opravy, v\u00fdzdobu a rekonstrukci jak\u00fdchkoli prostor. Spolupracujeme s prov\u011b\u0159en\u00fdmi dodavateli a garantujeme vysokou kvalitu v\u0161ech prac\u00ed.<\/p>\n<p><a href=\"https:\/\/asart.com.ua\/wp-content\/uploads\/2024\/09\/interer-kuhni-studii-2-01-13watermark-1.jpg\"><img loading=\"lazy\" decoding=\"async\" class=\"aligncenter size-full wp-image-20239 colorbox-20737\" src=\"https:\/\/asart.com.ua\/wp-content\/uploads\/2024\/09\/interer-kuhni-studii-2-01-13watermark-1.jpg\" alt=\"\" width=\"1000\" height=\"563\" srcset=\"https:\/\/asart.com.ua\/wp-content\/uploads\/2024\/09\/interer-kuhni-studii-2-01-13watermark-1.jpg 1000w, https:\/\/asart.com.ua\/wp-content\/uploads\/2024\/09\/interer-kuhni-studii-2-01-13watermark-1-300x169.jpg 300w, https:\/\/asart.com.ua\/wp-content\/uploads\/2024\/09\/interer-kuhni-studii-2-01-13watermark-1-768x432.jpg 768w\" sizes=\"(max-width: 1000px) 100vw, 1000px\" \/><\/a><\/p>\n<p>&nbsp;<\/p>\n<p><strong>3. Dod\u00e1vky materi\u00e1l\u016f<\/strong><br \/>\n&#8211; Pom\u016f\u017eeme v\u00e1m s v\u00fdb\u011brem a n\u00e1kupem materi\u00e1l\u016f pro v\u00e1\u0161 interi\u00e9r: od dokon\u010dovac\u00edch materi\u00e1l\u016f a\u017e po dekorativn\u00ed prvky. V\u0161echny materi\u00e1ly spl\u0148uj\u00ed vysok\u00e9 standardy kvality a aktu\u00e1ln\u00ed designov\u00e9 trendy.<\/p>\n<p><a href=\"https:\/\/asart.com.ua\/wp-content\/uploads\/2018\/10\/7-2watermark.jpg\"><img loading=\"lazy\" decoding=\"async\" class=\"aligncenter size-full wp-image-6533 colorbox-20737\" src=\"https:\/\/asart.com.ua\/wp-content\/uploads\/2018\/10\/7-2watermark.jpg\" alt=\"\" width=\"1000\" height=\"667\" srcset=\"https:\/\/asart.com.ua\/wp-content\/uploads\/2018\/10\/7-2watermark.jpg 1000w, https:\/\/asart.com.ua\/wp-content\/uploads\/2018\/10\/7-2watermark-300x200.jpg 300w, https:\/\/asart.com.ua\/wp-content\/uploads\/2018\/10\/7-2watermark-768x512.jpg 768w, https:\/\/asart.com.ua\/wp-content\/uploads\/2018\/10\/7-2watermark-240x160.jpg 240w\" sizes=\"(max-width: 1000px) 100vw, 1000px\" \/><\/a><\/p>\n<p><strong>4. V\u00fdroba n\u00e1bytku na zak\u00e1zku<\/strong><\/p>\n<p>&#8211; Vyr\u00e1b\u00edme n\u00e1bytek, kter\u00fd dokonale zapadne do va\u0161eho interi\u00e9ru. Spolupracujeme s t\u011bmi nejlep\u0161\u00edmi n\u00e1bytk\u00e1\u0159i a pou\u017e\u00edv\u00e1me pouze kvalitn\u00ed materi\u00e1ly.<\/p>\n<p><strong>5. Osv\u011btlen\u00ed a \u0159e\u0161en\u00ed osv\u011btlen\u00ed<\/strong><\/p>\n<p>&#8211; Sv\u011btlo hraje kl\u00ed\u010dovou roli p\u0159i vytv\u00e1\u0159en\u00ed atmosf\u00e9ry m\u00edstnosti. Nab\u00edz\u00edme \u0159e\u0161en\u00ed osv\u011btlen\u00ed, kter\u00e1 zv\u00fdrazn\u00ed jedine\u010dnost va\u0161eho interi\u00e9ru a u\u010din\u00ed jej je\u0161t\u011b pohodln\u011bj\u0161\u00edm.<\/p>\n<p><a href=\"https:\/\/asart.com.ua\/wp-content\/uploads\/2018\/10\/14-2watermark.jpg\"><img loading=\"lazy\" decoding=\"async\" class=\"aligncenter size-full wp-image-14858 colorbox-20737\" src=\"https:\/\/asart.com.ua\/wp-content\/uploads\/2018\/10\/14-2watermark.jpg\" alt=\"\" width=\"631\" height=\"1000\" srcset=\"https:\/\/asart.com.ua\/wp-content\/uploads\/2018\/10\/14-2watermark.jpg 631w, https:\/\/asart.com.ua\/wp-content\/uploads\/2018\/10\/14-2watermark-189x300.jpg 189w\" sizes=\"(max-width: 631px) 100vw, 631px\" \/><\/a><\/p>\n<p>Pro\u010d si vybrat n\u00e1s?<\/p>\n<p>&#8211; Zku\u0161enosti a profesionalita: 18 let na trhu n\u00e1m umo\u017e\u0148uje realizovat ty nejslo\u017eit\u011bj\u0161\u00ed a nejambici\u00f3zn\u011bj\u0161\u00ed projekty.<br \/>\n&#8211; Integrovan\u00fd p\u0159\u00edstup: Doprov\u00e1z\u00edme v\u00e1s v ka\u017ed\u00e9 f\u00e1zi \u2013 od v\u00fdvoje konceptu a\u017e po fin\u00e1ln\u00ed \u00fapravy.<br \/>\n&#8211; Z\u00e1ruka kvality: Spolupracujeme se spolehliv\u00fdmi dodavateli a dodavateli, co\u017e n\u00e1m umo\u017e\u0148uje zaru\u010dit dokonal\u00e9 v\u00fdsledky.<br \/>\n&#8211; Individu\u00e1ln\u00ed p\u0159\u00edstup: Ka\u017ed\u00fd projekt je odrazem osobnosti klienta, jeho vkusu a pot\u0159eb.<\/p>\n<p>Kontaktujte n\u00e1s a my v\u00e1m vytvo\u0159\u00edme interi\u00e9r, ve kter\u00e9m bude radost bydlet i pracovat!<\/p>\n<p>&nbsp;<\/p>\n","protected":false},"excerpt":{"rendered":"<p>AS Design \u2013 Individu\u00e1ln\u00ed projekty interi\u00e9rov\u00e9ho <a class=\"continue_link\" href=\"https:\/\/asart.com.ua\/cs\/dizajner-interera-v-prage-chexiya\/\">\u0427\u0438\u0442\u0430\u0442\u044c \u0434\u0430\u043b\u0435\u0435 >><\/a><\/p>\n","protected":false},"author":6,"featured_media":0,"parent":0,"menu_order":0,"comment_status":"closed","ping_status":"closed","template":"","meta":{"footnotes":""},"acf":[],"aioseo_notices":[],"_links":{"self":[{"href":"https:\/\/asart.com.ua\/cs\/wp-json\/wp\/v2\/pages\/20737"}],"collection":[{"href":"https:\/\/asart.com.ua\/cs\/wp-json\/wp\/v2\/pages"}],"about":[{"href":"https:\/\/asart.com.ua\/cs\/wp-json\/wp\/v2\/types\/page"}],"author":[{"embeddable":true,"href":"https:\/\/asart.com.ua\/cs\/wp-json\/wp\/v2\/users\/6"}],"replies":[{"embeddable":true,"href":"https:\/\/asart.com.ua\/cs\/wp-json\/wp\/v2\/comments?post=20737"}],"version-history":[{"count":4,"href":"https:\/\/asart.com.ua\/cs\/wp-json\/wp\/v2\/pages\/20737\/revisions"}],"predecessor-version":[{"id":21661,"href":"https:\/\/asart.com.ua\/cs\/wp-json\/wp\/v2\/pages\/20737\/revisions\/21661"}],"wp:attachment":[{"href":"https:\/\/asart.com.ua\/cs\/wp-json\/wp\/v2\/media?parent=20737"}],"curies":[{"name":"wp","href":"https:\/\/api.w.org\/{rel}","templated":true}]}}