{"id":20308,"date":"2024-09-04T16:32:24","date_gmt":"2024-09-04T13:32:24","guid":{"rendered":"https:\/\/asart.com.ua\/dizajner-interera-praga-kompleksnyj-remont\/"},"modified":"2024-09-04T16:36:48","modified_gmt":"2024-09-04T13:36:48","slug":"dizajner-interera-praga-kompleksnyj-remont","status":"publish","type":"page","link":"https:\/\/asart.com.ua\/cs\/dizajner-interera-praga-kompleksnyj-remont\/","title":{"rendered":"Interi\u00e9rov\u00fd design\u00e9r Praha. Komplexn\u00ed renovace"},"content":{"rendered":"<h2 style=\"text-align: center;\">Interi\u00e9rov\u00fd design\u00e9r v Praze na kl\u00ed\u010d<\/h2>\n<p>Slu\u017eba interi\u00e9rov\u00e9ho designu na kl\u00ed\u010d zahrnuje cel\u00fd cyklus prac\u00ed, od v\u00fdvoje konceptu a\u017e po realizaci projektu. Vytv\u00e1\u0159\u00edme jedine\u010dn\u00e9 a funk\u010dn\u00ed interi\u00e9ry s ohledem na va\u0161e p\u0159\u00e1n\u00ed a \u017eivotn\u00ed styl. Na\u0161i design\u00e9\u0159i kontroluj\u00ed cel\u00fd proces od um\u00edst\u011bn\u00ed n\u00e1bytku a\u017e po v\u00fdb\u011br materi\u00e1l\u016f a zaji\u0161\u0165uj\u00ed harmonick\u00e9 spojen\u00ed v\u0161ech prvk\u016f v interi\u00e9ru.<\/p>\n<p><strong>Co je sou\u010d\u00e1st\u00ed slu\u017eby:<\/strong><\/p>\n<p>&#8211; Anal\u00fdza a diskuse pot\u0159eb z\u00e1kazn\u00edk\u016f.<br \/>\n&#8211; V\u00fdvoj koncepce designu.<br \/>\n&#8211; V\u00fdb\u011br materi\u00e1l\u016f, n\u00e1bytku, osv\u011btlen\u00ed.<br \/>\n&#8211; Tvorba projektov\u00e9 dokumentace.<br \/>\n&#8211; Kontrola v\u0161ech f\u00e1z\u00ed realizace projektu.<br \/>\n&#8211; Fin\u00e1ln\u00ed dod\u00e1vka objektu s hotov\u00fdm interi\u00e9rem.<\/p>\n<p><strong>2. 3D vizualizace<\/strong><\/p>\n<p>Popis:<br \/>\n3D vizualizace umo\u017e\u0148uje vid\u011bt budouc\u00ed prostor je\u0161t\u011b p\u0159ed zah\u00e1jen\u00edm rekonstruk\u010dn\u00edch prac\u00ed. Vytv\u00e1\u0159\u00edme fotorealistick\u00e9 obrazy interi\u00e9ru, abyste mohli zhodnotit celkov\u00fd vzhled m\u00edstnosti, vybrat vhodn\u00e9 barvy, materi\u00e1ly a n\u00e1bytek. Tato slu\u017eba pom\u00e1h\u00e1 p\u0159edch\u00e1zet chyb\u00e1m a nedorozum\u011bn\u00edm ve f\u00e1zi realizace projektu.<\/p>\n<p><strong>Co je sou\u010d\u00e1st\u00ed slu\u017eby:<\/strong><br \/>\n&#8211; Vypracov\u00e1n\u00ed trojrozm\u011brn\u00e9ho modelu m\u00edstnosti.<br \/>\n&#8211; Detailn\u00ed v\u00fdkres v\u0161ech prvk\u016f interi\u00e9ru.<br \/>\n&#8211; Vytvo\u0159en\u00ed n\u011bkolika mo\u017enost\u00ed vizualizace s r\u016fzn\u00fdmi barevn\u00fdmi a stylistick\u00fdmi \u0159e\u0161en\u00edmi.<br \/>\n&#8211; Vysoce kvalitn\u00ed fin\u00e1ln\u00ed obr\u00e1zky.<\/p>\n<p><strong>3. Pracovn\u00ed v\u00fdkresy<\/strong><\/p>\n<p>Pracovn\u00ed v\u00fdkresy jsou z\u00e1kladem ka\u017ed\u00e9 kvalitn\u00ed opravy. Vypracujeme kompletn\u00ed sadu v\u00fdkres\u016f, kter\u00e1 zahrnuje p\u016fdorysy, rozm\u00edst\u011bn\u00ed in\u017een\u00fdrsk\u00fdch s\u00edt\u00ed, rozm\u00edst\u011bn\u00ed st\u011bn a rozm\u00edst\u011bn\u00ed n\u00e1bytku. Tyto dokumenty jsou nezbytn\u00e9 pro p\u0159esn\u00e9 proveden\u00ed v\u0161ech oprav a mont\u00e1\u017en\u00edch prac\u00ed.<\/p>\n<p><strong>Co je sou\u010d\u00e1st\u00ed slu\u017eby:<\/strong><br \/>\n&#8211; Pl\u00e1nov\u00e1n\u00ed \u0159e\u0161en\u00ed s rozm\u011bry.<br \/>\n&#8211; Sch\u00e9mata elektrick\u00e9ho a instalat\u00e9rsk\u00e9ho uspo\u0159\u00e1d\u00e1n\u00ed.<br \/>\n&#8211; N\u00e1kresy st\u011bn s uveden\u00edm materi\u00e1l\u016f a povrchov\u00fdch \u00faprav.<br \/>\n&#8211; V\u00fdkresy strop\u016f, podlah, osv\u011btlen\u00ed a n\u00e1bytku.<br \/>\n&#8211; Specifikace materi\u00e1l\u016f a za\u0159\u00edzen\u00ed.<\/p>\n<p><strong>4. Autorsk\u00fd dozor<\/strong><\/p>\n<p>Popis:<br \/>\nArchitektonick\u00fd dozor je kontrola nad dodr\u017eov\u00e1n\u00edm n\u00e1vrhov\u00fdch rozhodnut\u00ed b\u011bhem realizace projektu. M\u00edsto pravideln\u011b nav\u0161t\u011bvujeme, abychom zajistili, \u017ee v\u0161echny pr\u00e1ce prob\u00edhaj\u00ed v souladu s projektem, a tak\u00e9 \u0159e\u0161\u00edme p\u0159\u00edpadn\u00e9 probl\u00e9my, kter\u00e9 na m\u00edst\u011b vzniknou. To je z\u00e1ruka, \u017ee kone\u010dn\u00fd v\u00fdsledek spln\u00ed va\u0161e o\u010dek\u00e1v\u00e1n\u00ed.<\/p>\n<p>Co je sou\u010d\u00e1st\u00ed slu\u017eby:<br \/>\n&#8211; Pravideln\u00e9 n\u00e1v\u0161t\u011bvy str\u00e1nek.<br \/>\n&#8211; Kontrola kvality pr\u00e1ce.<br \/>\n&#8211; Koordinace zm\u011bn a up\u0159esn\u011bn\u00ed v projektu.<br \/>\n&#8211; \u0158e\u0161en\u00ed aktu\u00e1ln\u00edch probl\u00e9m\u016f a interakce s dodavateli.<br \/>\n&#8211; Pod\u00e1v\u00e1n\u00ed zpr\u00e1v z\u00e1kazn\u00edkovi o postupu prac\u00ed.<\/p>\n<p><strong>5. Oprava prostor<\/strong><\/p>\n<p>Poskytujeme kompletn\u00ed renova\u010dn\u00ed slu\u017eby, od kosmetick\u00fdch a\u017e po velk\u00e9 renovace. N\u00e1\u0161 t\u00fdm profesion\u00e1l\u016f zaji\u0161\u0165uje kvalitn\u00ed a v\u010dasn\u00e9 dokon\u010den\u00ed v\u0161ech prac\u00ed, od demont\u00e1\u017ee star\u00fdch konstrukc\u00ed a\u017e po dokon\u010den\u00ed. Garantujeme vysokou kvalitu a trvanlivost ka\u017ed\u00e9ho projektu.<\/p>\n<p><strong>Co je sou\u010d\u00e1st\u00ed slu\u017eby:<\/strong><br \/>\n&#8211; P\u0159edb\u011b\u017en\u00e1 prohl\u00eddka a posouzen\u00ed objektu.<br \/>\n&#8211; P\u0159\u00edprava prostor k rekonstrukci.<br \/>\n&#8211; Demont\u00e1\u017e a mont\u00e1\u017e konstrukc\u00ed.<br \/>\n&#8211; Prov\u00e1d\u011bn\u00ed elektroinstala\u010dn\u00edch a instalat\u00e9rsk\u00fdch prac\u00ed.<br \/>\n&#8211; \u0160tukat\u00e9rsk\u00e9, tmel\u00ed\u0159sk\u00e9, mal\u00ed\u0159sk\u00e9 a jin\u00e9 dokon\u010dovac\u00ed pr\u00e1ce.<br \/>\n&#8211; \u00daklid po oprav\u00e1ch a p\u0159ed\u00e1n\u00ed objektu.<\/p>\n<p>Nab\u00edz\u00edme integrovan\u00fd p\u0159\u00edstup k tvorb\u011b a realizaci interi\u00e9r\u016f. Spolupr\u00e1ce s n\u00e1mi je p\u0159\u00edle\u017eitost\u00ed z\u00edskat jedine\u010dn\u00fd, stylov\u00fd a funk\u010dn\u00ed interi\u00e9r, kter\u00fd pln\u011b spln\u00ed Va\u0161e o\u010dek\u00e1v\u00e1n\u00ed. Na\u0161e slu\u017eby pokr\u00fdvaj\u00ed v\u0161echny f\u00e1ze od n\u00e1padu a\u017e po jeho realizaci, v\u010detn\u011b projektov\u00e9ho dozoru a odborn\u00e9ho proveden\u00ed oprav.<\/p>\n<h4>+420774544304; +380979307105<\/h4>\n<p><a href=\"https:\/\/asart.com.ua\/wp-content\/uploads\/2024\/07\/divajn-villy-4watermark--1024x576.jpg\"><img loading=\"lazy\" decoding=\"async\" class=\"aligncenter size-large wp-image-19798 colorbox-20308\" src=\"https:\/\/asart.com.ua\/wp-content\/uploads\/2024\/07\/divajn-villy-4watermark--1024x576.jpg\" alt=\"\" width=\"1024\" height=\"576\" srcset=\"https:\/\/asart.com.ua\/wp-content\/uploads\/2024\/07\/divajn-villy-4watermark--1024x576.jpg 1024w, https:\/\/asart.com.ua\/wp-content\/uploads\/2024\/07\/divajn-villy-4watermark--300x169.jpg 300w, https:\/\/asart.com.ua\/wp-content\/uploads\/2024\/07\/divajn-villy-4watermark--768x432.jpg 768w, https:\/\/asart.com.ua\/wp-content\/uploads\/2024\/07\/divajn-villy-4watermark-.jpg 1200w\" sizes=\"(max-width: 1024px) 100vw, 1024px\" \/><\/a> <a href=\"https:\/\/asart.com.ua\/wp-content\/uploads\/2024\/07\/divajn-villy-7watermark--1024x578.jpg\"><img loading=\"lazy\" decoding=\"async\" class=\"aligncenter size-large wp-image-19802 colorbox-20308\" src=\"https:\/\/asart.com.ua\/wp-content\/uploads\/2024\/07\/divajn-villy-7watermark--1024x578.jpg\" alt=\"\" width=\"1024\" height=\"578\" srcset=\"https:\/\/asart.com.ua\/wp-content\/uploads\/2024\/07\/divajn-villy-7watermark--1024x578.jpg 1024w, https:\/\/asart.com.ua\/wp-content\/uploads\/2024\/07\/divajn-villy-7watermark--300x169.jpg 300w, https:\/\/asart.com.ua\/wp-content\/uploads\/2024\/07\/divajn-villy-7watermark--768x433.jpg 768w, https:\/\/asart.com.ua\/wp-content\/uploads\/2024\/07\/divajn-villy-7watermark-.jpg 1200w\" sizes=\"(max-width: 1024px) 100vw, 1024px\" \/><\/a><\/p>\n<p><a href=\"https:\/\/asart.com.ua\/wp-content\/uploads\/2024\/08\/remont-pomeshhenij-i-dizajn-interera-villy-21watermark--1024x576.jpg\"><img loading=\"lazy\" decoding=\"async\" class=\"aligncenter size-large wp-image-20175 colorbox-20308\" src=\"https:\/\/asart.com.ua\/wp-content\/uploads\/2024\/08\/remont-pomeshhenij-i-dizajn-interera-villy-21watermark--1024x576.jpg\" alt=\"\" width=\"1024\" height=\"576\" srcset=\"https:\/\/asart.com.ua\/wp-content\/uploads\/2024\/08\/remont-pomeshhenij-i-dizajn-interera-villy-21watermark--1024x576.jpg 1024w, https:\/\/asart.com.ua\/wp-content\/uploads\/2024\/08\/remont-pomeshhenij-i-dizajn-interera-villy-21watermark--300x169.jpg 300w, https:\/\/asart.com.ua\/wp-content\/uploads\/2024\/08\/remont-pomeshhenij-i-dizajn-interera-villy-21watermark--768x432.jpg 768w, https:\/\/asart.com.ua\/wp-content\/uploads\/2024\/08\/remont-pomeshhenij-i-dizajn-interera-villy-21watermark-.jpg 1200w\" sizes=\"(max-width: 1024px) 100vw, 1024px\" \/><\/a><a href=\"https:\/\/asart.com.ua\/wp-content\/uploads\/2024\/08\/remont-pomeshhenij-i-dizajn-interera-villy-20watermark--1024x576.jpg\"><img loading=\"lazy\" decoding=\"async\" class=\"aligncenter size-large wp-image-20183 colorbox-20308\" src=\"https:\/\/asart.com.ua\/wp-content\/uploads\/2024\/08\/remont-pomeshhenij-i-dizajn-interera-villy-20watermark--1024x576.jpg\" alt=\"\" width=\"1024\" height=\"576\" srcset=\"https:\/\/asart.com.ua\/wp-content\/uploads\/2024\/08\/remont-pomeshhenij-i-dizajn-interera-villy-20watermark--1024x576.jpg 1024w, https:\/\/asart.com.ua\/wp-content\/uploads\/2024\/08\/remont-pomeshhenij-i-dizajn-interera-villy-20watermark--300x169.jpg 300w, https:\/\/asart.com.ua\/wp-content\/uploads\/2024\/08\/remont-pomeshhenij-i-dizajn-interera-villy-20watermark--768x432.jpg 768w, https:\/\/asart.com.ua\/wp-content\/uploads\/2024\/08\/remont-pomeshhenij-i-dizajn-interera-villy-20watermark-.jpg 1200w\" sizes=\"(max-width: 1024px) 100vw, 1024px\" \/><\/a><img loading=\"lazy\" decoding=\"async\" class=\"aligncenter size-large wp-image-19806 colorbox-20308\" src=\"https:\/\/asart.com.ua\/wp-content\/uploads\/2024\/07\/divajn-villy-17watermark--1024x576.jpg\" alt=\"\" width=\"1024\" height=\"576\" srcset=\"https:\/\/asart.com.ua\/wp-content\/uploads\/2024\/07\/divajn-villy-17watermark--1024x576.jpg 1024w, https:\/\/asart.com.ua\/wp-content\/uploads\/2024\/07\/divajn-villy-17watermark--300x169.jpg 300w, https:\/\/asart.com.ua\/wp-content\/uploads\/2024\/07\/divajn-villy-17watermark--768x432.jpg 768w, https:\/\/asart.com.ua\/wp-content\/uploads\/2024\/07\/divajn-villy-17watermark-.jpg 1200w\" sizes=\"(max-width: 1024px) 100vw, 1024px\" \/><a href=\"https:\/\/asart.com.ua\/wp-content\/uploads\/2024\/07\/divajn-villy-18watermark--1024x576.jpg\"><img loading=\"lazy\" decoding=\"async\" class=\"aligncenter size-large wp-image-19810 colorbox-20308\" src=\"https:\/\/asart.com.ua\/wp-content\/uploads\/2024\/07\/divajn-villy-18watermark--1024x576.jpg\" alt=\"\" width=\"1024\" height=\"576\" srcset=\"https:\/\/asart.com.ua\/wp-content\/uploads\/2024\/07\/divajn-villy-18watermark--1024x576.jpg 1024w, https:\/\/asart.com.ua\/wp-content\/uploads\/2024\/07\/divajn-villy-18watermark--300x169.jpg 300w, https:\/\/asart.com.ua\/wp-content\/uploads\/2024\/07\/divajn-villy-18watermark--768x432.jpg 768w, https:\/\/asart.com.ua\/wp-content\/uploads\/2024\/07\/divajn-villy-18watermark-.jpg 1200w\" sizes=\"(max-width: 1024px) 100vw, 1024px\" \/><\/a><a href=\"https:\/\/asart.com.ua\/wp-content\/uploads\/2024\/08\/remont-pomeshhenij-i-dizajn-interera-villy-12watermark--1024x576.jpg\"><img loading=\"lazy\" decoding=\"async\" class=\"aligncenter size-large wp-image-20191 colorbox-20308\" src=\"https:\/\/asart.com.ua\/wp-content\/uploads\/2024\/08\/remont-pomeshhenij-i-dizajn-interera-villy-12watermark--1024x576.jpg\" alt=\"\" width=\"1024\" height=\"576\" srcset=\"https:\/\/asart.com.ua\/wp-content\/uploads\/2024\/08\/remont-pomeshhenij-i-dizajn-interera-villy-12watermark--1024x576.jpg 1024w, https:\/\/asart.com.ua\/wp-content\/uploads\/2024\/08\/remont-pomeshhenij-i-dizajn-interera-villy-12watermark--300x169.jpg 300w, https:\/\/asart.com.ua\/wp-content\/uploads\/2024\/08\/remont-pomeshhenij-i-dizajn-interera-villy-12watermark--768x432.jpg 768w, https:\/\/asart.com.ua\/wp-content\/uploads\/2024\/08\/remont-pomeshhenij-i-dizajn-interera-villy-12watermark-.jpg 1200w\" sizes=\"(max-width: 1024px) 100vw, 1024px\" \/><\/a><a href=\"https:\/\/asart.com.ua\/wp-content\/uploads\/2024\/09\/remont-pomeshhenij-i-dizajn-interera-villy-1watermark-.jpg\"><img loading=\"lazy\" decoding=\"async\" class=\"aligncenter  wp-image-20298 colorbox-20308\" src=\"https:\/\/asart.com.ua\/wp-content\/uploads\/2024\/09\/remont-pomeshhenij-i-dizajn-interera-villy-1watermark-.jpg\" alt=\"\" width=\"1019\" height=\"573\" srcset=\"https:\/\/asart.com.ua\/wp-content\/uploads\/2024\/09\/remont-pomeshhenij-i-dizajn-interera-villy-1watermark-.jpg 1200w, https:\/\/asart.com.ua\/wp-content\/uploads\/2024\/09\/remont-pomeshhenij-i-dizajn-interera-villy-1watermark--300x169.jpg 300w, https:\/\/asart.com.ua\/wp-content\/uploads\/2024\/09\/remont-pomeshhenij-i-dizajn-interera-villy-1watermark--768x432.jpg 768w\" sizes=\"(max-width: 1019px) 100vw, 1019px\" \/><\/a><\/p>\n<p><a href=\"https:\/\/asart.com.ua\/wp-content\/uploads\/2024\/08\/dizan-interera-villy-23watermark--1024x768.jpg\"><img loading=\"lazy\" decoding=\"async\" class=\"aligncenter size-large wp-image-19941 colorbox-20308\" src=\"https:\/\/asart.com.ua\/wp-content\/uploads\/2024\/08\/dizan-interera-villy-23watermark--1024x768.jpg\" alt=\"\" width=\"1024\" height=\"768\" srcset=\"https:\/\/asart.com.ua\/wp-content\/uploads\/2024\/08\/dizan-interera-villy-23watermark--1024x768.jpg 1024w, https:\/\/asart.com.ua\/wp-content\/uploads\/2024\/08\/dizan-interera-villy-23watermark--300x225.jpg 300w, https:\/\/asart.com.ua\/wp-content\/uploads\/2024\/08\/dizan-interera-villy-23watermark--768x576.jpg 768w, https:\/\/asart.com.ua\/wp-content\/uploads\/2024\/08\/dizan-interera-villy-23watermark--160x120.jpg 160w, https:\/\/asart.com.ua\/wp-content\/uploads\/2024\/08\/dizan-interera-villy-23watermark--289x217.jpg 289w, https:\/\/asart.com.ua\/wp-content\/uploads\/2024\/08\/dizan-interera-villy-23watermark-.jpg 1200w\" sizes=\"(max-width: 1024px) 100vw, 1024px\" \/><\/a><a href=\"https:\/\/asart.com.ua\/wp-content\/uploads\/2024\/08\/dizan-interera-villy-24watermark--1024x768.jpg\"><img loading=\"lazy\" decoding=\"async\" class=\"aligncenter size-large wp-image-19945 colorbox-20308\" src=\"https:\/\/asart.com.ua\/wp-content\/uploads\/2024\/08\/dizan-interera-villy-24watermark--1024x768.jpg\" alt=\"\" width=\"1024\" height=\"768\" srcset=\"https:\/\/asart.com.ua\/wp-content\/uploads\/2024\/08\/dizan-interera-villy-24watermark--1024x768.jpg 1024w, https:\/\/asart.com.ua\/wp-content\/uploads\/2024\/08\/dizan-interera-villy-24watermark--300x225.jpg 300w, https:\/\/asart.com.ua\/wp-content\/uploads\/2024\/08\/dizan-interera-villy-24watermark--768x576.jpg 768w, https:\/\/asart.com.ua\/wp-content\/uploads\/2024\/08\/dizan-interera-villy-24watermark--160x120.jpg 160w, https:\/\/asart.com.ua\/wp-content\/uploads\/2024\/08\/dizan-interera-villy-24watermark--289x217.jpg 289w, https:\/\/asart.com.ua\/wp-content\/uploads\/2024\/08\/dizan-interera-villy-24watermark-.jpg 1200w\" sizes=\"(max-width: 1024px) 100vw, 1024px\" \/><\/a><a href=\"https:\/\/asart.com.ua\/wp-content\/uploads\/2022\/08\/dizajn-kvartiry-zhk-sokolniki-87watermark.jpg\"><img loading=\"lazy\" decoding=\"async\" class=\"aligncenter  wp-image-9763 colorbox-20308\" src=\"https:\/\/asart.com.ua\/wp-content\/uploads\/2022\/08\/dizajn-kvartiry-zhk-sokolniki-87watermark.jpg\" alt=\"\" width=\"1023\" height=\"577\" srcset=\"https:\/\/asart.com.ua\/wp-content\/uploads\/2022\/08\/dizajn-kvartiry-zhk-sokolniki-87watermark.jpg 1000w, https:\/\/asart.com.ua\/wp-content\/uploads\/2022\/08\/dizajn-kvartiry-zhk-sokolniki-87watermark-300x169.jpg 300w, https:\/\/asart.com.ua\/wp-content\/uploads\/2022\/08\/dizajn-kvartiry-zhk-sokolniki-87watermark-768x433.jpg 768w\" sizes=\"(max-width: 1023px) 100vw, 1023px\" \/><\/a><\/p>\n","protected":false},"excerpt":{"rendered":"<p>Interi\u00e9rov\u00fd design\u00e9r v Praze na kl\u00ed\u010d <a class=\"continue_link\" href=\"https:\/\/asart.com.ua\/cs\/dizajner-interera-praga-kompleksnyj-remont\/\">\u0427\u0438\u0442\u0430\u0442\u044c \u0434\u0430\u043b\u0435\u0435 >><\/a><\/p>\n","protected":false},"author":6,"featured_media":0,"parent":0,"menu_order":0,"comment_status":"closed","ping_status":"closed","template":"","meta":{"footnotes":""},"acf":[],"aioseo_notices":[],"_links":{"self":[{"href":"https:\/\/asart.com.ua\/cs\/wp-json\/wp\/v2\/pages\/20308"}],"collection":[{"href":"https:\/\/asart.com.ua\/cs\/wp-json\/wp\/v2\/pages"}],"about":[{"href":"https:\/\/asart.com.ua\/cs\/wp-json\/wp\/v2\/types\/page"}],"author":[{"embeddable":true,"href":"https:\/\/asart.com.ua\/cs\/wp-json\/wp\/v2\/users\/6"}],"replies":[{"embeddable":true,"href":"https:\/\/asart.com.ua\/cs\/wp-json\/wp\/v2\/comments?post=20308"}],"version-history":[{"count":3,"href":"https:\/\/asart.com.ua\/cs\/wp-json\/wp\/v2\/pages\/20308\/revisions"}],"predecessor-version":[{"id":20316,"href":"https:\/\/asart.com.ua\/cs\/wp-json\/wp\/v2\/pages\/20308\/revisions\/20316"}],"wp:attachment":[{"href":"https:\/\/asart.com.ua\/cs\/wp-json\/wp\/v2\/media?parent=20308"}],"curies":[{"name":"wp","href":"https:\/\/api.w.org\/{rel}","templated":true}]}}