{"id":20287,"date":"2024-09-04T15:51:06","date_gmt":"2024-09-04T12:51:06","guid":{"rendered":"https:\/\/asart.com.ua\/dizajn-interera-i-remont-pod-klyuch-v-prage\/"},"modified":"2025-03-12T17:00:35","modified_gmt":"2025-03-12T14:00:35","slug":"dizajn-interera-i-remont-pod-klyuch-v-prage","status":"publish","type":"page","link":"https:\/\/asart.com.ua\/cs\/dizajn-interera-i-remont-pod-klyuch-v-prage\/","title":{"rendered":"Interi\u00e9rov\u00fd design v Praze \u2013 exkluzivn\u00ed projekty na kl\u00ed\u010d"},"content":{"rendered":"<h2 style=\"text-align: center;\">Interi\u00e9rov\u00fd design a rekonstrukce na kl\u00ed\u010d v Praze<\/h2>\n<h3>\nHled\u00e1te spolehliv\u00e9ho partnera pro vytvo\u0159en\u00ed dokonal\u00e9ho interi\u00e9ru v Praze? Nab\u00edz\u00edme kompletn\u00ed slu\u017eby v oblasti interi\u00e9rov\u00e9ho designu a rekonstrukc\u00ed na kl\u00ed\u010d!<\/h3>\n<p>Na\u0161e slu\u017eby:<\/p>\n<p>1. Interi\u00e9rov\u00fd design: Vyv\u00edj\u00edme unik\u00e1tn\u00ed projekty, kter\u00e9 kombinuj\u00ed styl, funk\u010dnost a modern\u00ed trendy. Zohledn\u00edme v\u0161echna va\u0161e p\u0159\u00e1n\u00ed a vytvo\u0159\u00edme prostor, ve kter\u00e9m se budete c\u00edtit pohodln\u011b a \u00fatuln\u011b.<\/p>\n<p>2. Renovace na kl\u00ed\u010d: Cel\u00fd cyklus renova\u010dn\u00edch prac\u00ed od vypracov\u00e1n\u00ed projektu a\u017e po kone\u010dnou \u00fapravu. Nemus\u00edte si d\u011blat starosti s hled\u00e1n\u00edm dodavatel\u016f nebo dodavatel\u016f \u2013 my se o v\u0161e postar\u00e1me a garantujeme vysokou kvalitu proveden\u00ed.<\/p>\n<p>3. Dod\u00e1vka materi\u00e1lu a n\u00e1bytku: Vyb\u00edr\u00e1me a dod\u00e1v\u00e1me ve\u0161ker\u00fd pot\u0159ebn\u00fd materi\u00e1l a n\u00e1bytek. osv\u011btlen\u00ed a dekorace pro v\u00e1\u0161 projekt. Spolupracujeme s prov\u011b\u0159en\u00fdmi dodavateli v \u010cesk\u00e9 republice i v zahrani\u010d\u00ed, co\u017e n\u00e1m umo\u017e\u0148uje nab\u00edzet nejlep\u0161\u00ed \u0159e\u0161en\u00ed za nejlep\u0161\u00ed cenu.<\/p>\n<p>4. Projektov\u00e9 \u0159\u00edzen\u00ed: Poskytujeme plnou projektovou podporu, v\u010detn\u011b sledov\u00e1n\u00ed kvality pr\u00e1ce, dodr\u017eov\u00e1n\u00ed term\u00edn\u016f a \u0159\u00edzen\u00ed rozpo\u010dtu. V\u017edy budete m\u00edt p\u0159ehled o v\u0161ech f\u00e1z\u00edch projektu.<\/p>\n<h3>Pro\u010d my?<\/h3>\n<p>&#8211; Zku\u0161enosti a profesionalita: N\u00e1\u0161 t\u00fdm tvo\u0159\u00ed zku\u0161en\u00ed design\u00e9\u0159i a specialist\u00e9 na renovace, kte\u0159\u00ed p\u016fsob\u00ed na \u010desk\u00e9m trhu ji\u017e \u0159adu let. Zn\u00e1me v\u0161echny nuance pr\u00e1ce s nemovitostmi v Praze a jsme p\u0159ipraveni V\u00e1m nab\u00eddnout ta nejlep\u0161\u00ed \u0159e\u0161en\u00ed.<\/p>\n<p>&#8211; Individu\u00e1ln\u00ed p\u0159\u00edstup: Ka\u017ed\u00fd klient obdr\u017e\u00ed jedine\u010dn\u00e9 \u0159e\u0161en\u00ed. Pe\u010dliv\u011b naslouch\u00e1me va\u0161im p\u0159\u00e1n\u00edm a vytv\u00e1\u0159\u00edme interi\u00e9r, kter\u00fd pln\u011b odr\u00e1\u017e\u00ed v\u00e1\u0161 vkus a \u017eivotn\u00ed styl.<\/p>\n<p>&#8211; Z\u00e1ruka kvality:\u00a0 Pou\u017e\u00edv\u00e1me pouze vysoce kvalitn\u00ed materi\u00e1ly a ov\u011b\u0159en\u00e9 technologie, co\u017e n\u00e1m umo\u017e\u0148uje zaru\u010dit odolnost a spolehlivost na\u0161ich \u0159e\u0161en\u00ed.<\/p>\n<p>&#8211; Transparentnost: Jasn\u00e9 a srozumiteln\u00e9 odhady, \u017e\u00e1dn\u00e9 skryt\u00e9 n\u00e1klady a \u00fapln\u00e9 vykazov\u00e1n\u00ed v ka\u017ed\u00e9 f\u00e1zi projektu.<\/p>\n<p>Pracovn\u00ed postup:<\/p>\n<p>1. Konzultace a v\u00fdvoj projektu: Setk\u00e1me se s v\u00e1mi, abychom probrali n\u00e1pady a preference, pot\u00e9 vytvo\u0159\u00edme koncept budouc\u00edho interi\u00e9ru.<\/p>\n<p>2. Realizace projektu: Na\u0161i specialist\u00e9 zahajuj\u00ed opravy a dokon\u010dovac\u00ed pr\u00e1ce p\u0159esn\u011b podle schv\u00e1len\u00e9ho pl\u00e1nu a term\u00edn\u016f.<\/p>\n<p>3. Fin\u00e1ln\u00ed \u00faprava a vybaven\u00ed: Dokon\u010d\u00edme projekt instalac\u00ed n\u00e1bytku, sv\u00edtidel a dekorac\u00ed, abychom vytvo\u0159ili \u00fapln\u00fd obraz va\u0161eho nov\u00e9ho domova.<\/p>\n<p>4. P\u0159ed\u00e1n\u00ed projektu: P\u0159ed\u00e1me V\u00e1m dokon\u010denou nemovitost, kompletn\u011b p\u0159ipravenou k nast\u011bhov\u00e1n\u00ed.<\/p>\n<p>&nbsp;<\/p>\n<p><a href=\"https:\/\/asart.com.ua\/wp-content\/uploads\/2022\/08\/dizajn-kvartiry-zhk-sokolniki-55watermark.jpg\"><img loading=\"lazy\" decoding=\"async\" class=\"aligncenter size-full wp-image-9699 colorbox-20287\" src=\"https:\/\/asart.com.ua\/wp-content\/uploads\/2022\/08\/dizajn-kvartiry-zhk-sokolniki-55watermark.jpg\" alt=\"\" width=\"1000\" height=\"581\" srcset=\"https:\/\/asart.com.ua\/wp-content\/uploads\/2022\/08\/dizajn-kvartiry-zhk-sokolniki-55watermark.jpg 1000w, https:\/\/asart.com.ua\/wp-content\/uploads\/2022\/08\/dizajn-kvartiry-zhk-sokolniki-55watermark-300x174.jpg 300w, https:\/\/asart.com.ua\/wp-content\/uploads\/2022\/08\/dizajn-kvartiry-zhk-sokolniki-55watermark-768x446.jpg 768w\" sizes=\"(max-width: 1000px) 100vw, 1000px\" \/><\/a><a href=\"https:\/\/asart.com.ua\/wp-content\/uploads\/2022\/08\/dizajn-kvartiry-zhk-sokolniki-87watermark.jpg\"><img loading=\"lazy\" decoding=\"async\" class=\"aligncenter size-full wp-image-9763 colorbox-20287\" src=\"https:\/\/asart.com.ua\/wp-content\/uploads\/2022\/08\/dizajn-kvartiry-zhk-sokolniki-87watermark.jpg\" alt=\"\" width=\"1000\" height=\"564\" srcset=\"https:\/\/asart.com.ua\/wp-content\/uploads\/2022\/08\/dizajn-kvartiry-zhk-sokolniki-87watermark.jpg 1000w, https:\/\/asart.com.ua\/wp-content\/uploads\/2022\/08\/dizajn-kvartiry-zhk-sokolniki-87watermark-300x169.jpg 300w, https:\/\/asart.com.ua\/wp-content\/uploads\/2022\/08\/dizajn-kvartiry-zhk-sokolniki-87watermark-768x433.jpg 768w\" sizes=\"(max-width: 1000px) 100vw, 1000px\" \/><\/a><a href=\"https:\/\/asart.com.ua\/wp-content\/uploads\/2022\/08\/dizajn-kvartiry-zhk-sokolniki-48watermark.jpg\"><img loading=\"lazy\" decoding=\"async\" class=\"aligncenter size-full wp-image-17615 colorbox-20287\" src=\"https:\/\/asart.com.ua\/wp-content\/uploads\/2022\/08\/dizajn-kvartiry-zhk-sokolniki-48watermark.jpg\" alt=\"\" width=\"1000\" height=\"563\" srcset=\"https:\/\/asart.com.ua\/wp-content\/uploads\/2022\/08\/dizajn-kvartiry-zhk-sokolniki-48watermark.jpg 1000w, https:\/\/asart.com.ua\/wp-content\/uploads\/2022\/08\/dizajn-kvartiry-zhk-sokolniki-48watermark-300x169.jpg 300w, https:\/\/asart.com.ua\/wp-content\/uploads\/2022\/08\/dizajn-kvartiry-zhk-sokolniki-48watermark-768x432.jpg 768w\" sizes=\"(max-width: 1000px) 100vw, 1000px\" \/><\/a><a href=\"https:\/\/asart.com.ua\/wp-content\/uploads\/2022\/08\/karpenko-foto-001-27watermark.jpg\"><img loading=\"lazy\" decoding=\"async\" class=\"aligncenter size-full wp-image-9420 colorbox-20287\" src=\"https:\/\/asart.com.ua\/wp-content\/uploads\/2022\/08\/karpenko-foto-001-27watermark.jpg\" alt=\"\" width=\"1000\" height=\"667\" srcset=\"https:\/\/asart.com.ua\/wp-content\/uploads\/2022\/08\/karpenko-foto-001-27watermark.jpg 1000w, https:\/\/asart.com.ua\/wp-content\/uploads\/2022\/08\/karpenko-foto-001-27watermark-300x200.jpg 300w, https:\/\/asart.com.ua\/wp-content\/uploads\/2022\/08\/karpenko-foto-001-27watermark-768x512.jpg 768w, https:\/\/asart.com.ua\/wp-content\/uploads\/2022\/08\/karpenko-foto-001-27watermark-240x160.jpg 240w\" sizes=\"(max-width: 1000px) 100vw, 1000px\" \/><\/a><a href=\"https:\/\/asart.com.ua\/wp-content\/uploads\/2022\/08\/karpenko-foto-001-1watermark.jpg\"><img loading=\"lazy\" decoding=\"async\" class=\"aligncenter size-full wp-image-9380 colorbox-20287\" src=\"https:\/\/asart.com.ua\/wp-content\/uploads\/2022\/08\/karpenko-foto-001-1watermark.jpg\" alt=\"\" width=\"1000\" height=\"667\" srcset=\"https:\/\/asart.com.ua\/wp-content\/uploads\/2022\/08\/karpenko-foto-001-1watermark.jpg 1000w, https:\/\/asart.com.ua\/wp-content\/uploads\/2022\/08\/karpenko-foto-001-1watermark-300x200.jpg 300w, https:\/\/asart.com.ua\/wp-content\/uploads\/2022\/08\/karpenko-foto-001-1watermark-768x512.jpg 768w, https:\/\/asart.com.ua\/wp-content\/uploads\/2022\/08\/karpenko-foto-001-1watermark-240x160.jpg 240w\" sizes=\"(max-width: 1000px) 100vw, 1000px\" \/><\/a><a href=\"https:\/\/asart.com.ua\/wp-content\/uploads\/2022\/08\/karpenko-foto-001-10watermark.jpg\"><img loading=\"lazy\" decoding=\"async\" class=\"aligncenter size-full wp-image-9396 colorbox-20287\" src=\"https:\/\/asart.com.ua\/wp-content\/uploads\/2022\/08\/karpenko-foto-001-10watermark.jpg\" alt=\"\" width=\"1000\" height=\"667\" srcset=\"https:\/\/asart.com.ua\/wp-content\/uploads\/2022\/08\/karpenko-foto-001-10watermark.jpg 1000w, https:\/\/asart.com.ua\/wp-content\/uploads\/2022\/08\/karpenko-foto-001-10watermark-300x200.jpg 300w, https:\/\/asart.com.ua\/wp-content\/uploads\/2022\/08\/karpenko-foto-001-10watermark-768x512.jpg 768w, https:\/\/asart.com.ua\/wp-content\/uploads\/2022\/08\/karpenko-foto-001-10watermark-240x160.jpg 240w\" sizes=\"(max-width: 1000px) 100vw, 1000px\" \/><\/a><a href=\"https:\/\/asart.com.ua\/wp-content\/uploads\/2022\/08\/karpenko-foto-001-48watermark.jpg\"><img loading=\"lazy\" decoding=\"async\" class=\"aligncenter size-full wp-image-9454 colorbox-20287\" src=\"https:\/\/asart.com.ua\/wp-content\/uploads\/2022\/08\/karpenko-foto-001-48watermark.jpg\" alt=\"\" width=\"1000\" height=\"667\" srcset=\"https:\/\/asart.com.ua\/wp-content\/uploads\/2022\/08\/karpenko-foto-001-48watermark.jpg 1000w, https:\/\/asart.com.ua\/wp-content\/uploads\/2022\/08\/karpenko-foto-001-48watermark-300x200.jpg 300w, https:\/\/asart.com.ua\/wp-content\/uploads\/2022\/08\/karpenko-foto-001-48watermark-768x512.jpg 768w, https:\/\/asart.com.ua\/wp-content\/uploads\/2022\/08\/karpenko-foto-001-48watermark-240x160.jpg 240w\" sizes=\"(max-width: 1000px) 100vw, 1000px\" \/><\/a><a href=\"https:\/\/asart.com.ua\/wp-content\/uploads\/2022\/08\/karpenko-foto-001-38watermark.jpg\"><img loading=\"lazy\" decoding=\"async\" class=\"aligncenter size-full wp-image-9436 colorbox-20287\" src=\"https:\/\/asart.com.ua\/wp-content\/uploads\/2022\/08\/karpenko-foto-001-38watermark.jpg\" alt=\"\" width=\"1000\" height=\"667\" srcset=\"https:\/\/asart.com.ua\/wp-content\/uploads\/2022\/08\/karpenko-foto-001-38watermark.jpg 1000w, https:\/\/asart.com.ua\/wp-content\/uploads\/2022\/08\/karpenko-foto-001-38watermark-300x200.jpg 300w, https:\/\/asart.com.ua\/wp-content\/uploads\/2022\/08\/karpenko-foto-001-38watermark-768x512.jpg 768w, https:\/\/asart.com.ua\/wp-content\/uploads\/2022\/08\/karpenko-foto-001-38watermark-240x160.jpg 240w\" sizes=\"(max-width: 1000px) 100vw, 1000px\" \/><\/a><\/p>\n<p>Kontaktujte n\u00e1s!<\/p>\n<p>Vytvo\u0159te si s n\u00e1mi interi\u00e9r sv\u00fdch sn\u016f! Nab\u00edz\u00edme bezplatn\u00e9 poradenstv\u00ed a individu\u00e1ln\u00ed p\u0159\u00edstup ke ka\u017ed\u00e9mu projektu. Na\u0161i specialist\u00e9 jsou p\u0159ipraveni zodpov\u011bd\u011bt v\u0161echny va\u0161e ot\u00e1zky a pomoci v\u00e1m se spr\u00e1vn\u00fdm v\u00fdb\u011brem.<\/p>\n<h4>&#8211; Telefon: +420774544304; +380979307105<br \/>\n&#8211; E-mail: info@asart.com.ua<\/h4>\n<h4>\nSv\u011b\u0159te svou opravu profesion\u00e1l\u016fm a u\u017eijte si v\u00fdsledek!<\/h4>\n","protected":false},"excerpt":{"rendered":"<p>Interi\u00e9rov\u00fd design a rekonstrukce na kl\u00ed\u010d <a class=\"continue_link\" href=\"https:\/\/asart.com.ua\/cs\/dizajn-interera-i-remont-pod-klyuch-v-prage\/\">\u0427\u0438\u0442\u0430\u0442\u044c \u0434\u0430\u043b\u0435\u0435 >><\/a><\/p>\n","protected":false},"author":6,"featured_media":17696,"parent":0,"menu_order":0,"comment_status":"closed","ping_status":"closed","template":"","meta":{"footnotes":""},"acf":[],"aioseo_notices":[],"_links":{"self":[{"href":"https:\/\/asart.com.ua\/cs\/wp-json\/wp\/v2\/pages\/20287"}],"collection":[{"href":"https:\/\/asart.com.ua\/cs\/wp-json\/wp\/v2\/pages"}],"about":[{"href":"https:\/\/asart.com.ua\/cs\/wp-json\/wp\/v2\/types\/page"}],"author":[{"embeddable":true,"href":"https:\/\/asart.com.ua\/cs\/wp-json\/wp\/v2\/users\/6"}],"replies":[{"embeddable":true,"href":"https:\/\/asart.com.ua\/cs\/wp-json\/wp\/v2\/comments?post=20287"}],"version-history":[{"count":6,"href":"https:\/\/asart.com.ua\/cs\/wp-json\/wp\/v2\/pages\/20287\/revisions"}],"predecessor-version":[{"id":21805,"href":"https:\/\/asart.com.ua\/cs\/wp-json\/wp\/v2\/pages\/20287\/revisions\/21805"}],"wp:featuredmedia":[{"embeddable":true,"href":"https:\/\/asart.com.ua\/cs\/wp-json\/wp\/v2\/media\/17696"}],"wp:attachment":[{"href":"https:\/\/asart.com.ua\/cs\/wp-json\/wp\/v2\/media?parent=20287"}],"curies":[{"name":"wp","href":"https:\/\/api.w.org\/{rel}","templated":true}]}}