{"id":20267,"date":"2024-09-04T15:17:00","date_gmt":"2024-09-04T12:17:00","guid":{"rendered":"https:\/\/asart.com.ua\/?page_id=20267"},"modified":"2024-09-04T15:23:59","modified_gmt":"2024-09-04T12:23:59","slug":"remont-pod-klyuch-na-lazurnom-beregu-francii-nicca-kanny-monako-antib-sen-zhan-kap-ferra","status":"publish","type":"page","link":"https:\/\/asart.com.ua\/cs\/remont-pod-klyuch-na-lazurnom-beregu-francii-nicca-kanny-monako-antib-sen-zhan-kap-ferra\/","title":{"rendered":"Rekonstrukce na kl\u00ed\u010d na Azurov\u00e9m pob\u0159e\u017e\u00ed Francie, Nice, Cannes, Monako, Antibes, Saint-Jean-Cap-Ferrat."},"content":{"rendered":"<h3>Rekonstrukce na kl\u00ed\u010d na Francouzsk\u00e9 rivi\u00e9\u0159e, Nice, Cannes, Antibes, Monako, Saint-Jean-Cap-Ferrat.<\/h3>\n<h4>\nKomplexn\u00ed rekonstrukce na kl\u00ed\u010d dle projektu<\/h4>\n<p>Nab\u00edz\u00edme celou \u0159adu slu\u017eeb pro opravy a v\u00fdzdobu prostor, ve\u0161ker\u00e9 pr\u00e1ce prov\u00e1d\u00edme **na kl\u00ed\u010d** na z\u00e1klad\u011b individu\u00e1ln\u00edho projektu.<\/p>\n<p>Pro\u010d si vybrat n\u00e1s:<br \/>\n&#8211; Individu\u00e1ln\u00ed p\u0159\u00edstup: Zohledn\u00edme v\u0161echna va\u0161e p\u0159\u00e1n\u00ed a vytvo\u0159\u00edme jedine\u010dn\u00fd projekt, kter\u00fd odr\u00e1\u017e\u00ed v\u00e1\u0161 styl a preference.<br \/>\n&#8211; Profesion\u00e1ln\u00ed t\u00fdm: N\u00e1\u0161 t\u00fdm tvo\u0159\u00ed pouze zku\u0161en\u00ed specialist\u00e9 &#8211; projektanti, architekti, dokon\u010dovac\u00ed specialist\u00e9 a in\u017een\u00fd\u0159i.<br \/>\n&#8211; Z\u00e1ruka kvality: Pou\u017e\u00edv\u00e1me osv\u011bd\u010den\u00e9 materi\u00e1ly a modern\u00ed technologie, co\u017e n\u00e1m umo\u017e\u0148uje garantovat dlouhou \u017eivotnost v\u0161ech proveden\u00fdch prac\u00ed.<br \/>\n&#8211; Jasn\u00e9 term\u00edny a fixn\u00ed n\u00e1klady: Vypracujeme podrobn\u00fd pl\u00e1n a odhad a vy zn\u00e1te cenu pr\u00e1ce je\u0161t\u011b p\u0159ed jej\u00edm za\u010d\u00e1tkem.<br \/>\n&#8211; Pln\u00e1 podpora: Od v\u00fdvoje konceptu a\u017e po fin\u00e1ln\u00ed \u00faklid prostor se postar\u00e1me o v\u0161echny f\u00e1ze rekonstrukce a zbav\u00edme v\u00e1s zbyte\u010dn\u00fdch starost\u00ed.<\/p>\n<h4><a href=\"https:\/\/asart.com.ua\/wp-content\/uploads\/2023\/03\/remont-favorit-4watermark-1024x576.jpg\">\u00a0<\/a><\/h4>\n<p>F\u00e1ze pr\u00e1ce:<br \/>\n1. Konzultace a m\u011b\u0159en\u00ed: Bezplatn\u00e1 n\u00e1v\u0161t\u011bva specialisty k projedn\u00e1n\u00ed Va\u0161ich p\u0159\u00e1n\u00ed a proveden\u00ed m\u011b\u0159en\u00ed.<br \/>\n2. Tvorba designov\u00e9ho projektu: Vypracov\u00e1n\u00ed individu\u00e1ln\u00edho projektu s p\u0159ihl\u00e9dnut\u00edm ke v\u0161em detail\u016fm \u2013 od dispozi\u010dn\u00edho \u0159e\u0161en\u00ed a\u017e po v\u00fdb\u011br materi\u00e1l\u016f.<br \/>\n3. Koordinace odhad\u016f a term\u00edn\u016f: P\u0159\u00edprava podrobn\u00fdch odhad\u016f a harmonogramu prac\u00ed.<br \/>\n4. Prov\u00e1d\u011bn\u00ed oprav: Kompletn\u00ed rozsah prac\u00ed &#8211; od demont\u00e1\u017ee a\u017e po kone\u010dnou \u00fapravu.<br \/>\n5. Kone\u010dn\u00e1 p\u0159ej\u00edmka: Spole\u010dn\u00e1 kontrola proveden\u00e9 pr\u00e1ce a podeps\u00e1n\u00ed p\u0159ej\u00edmac\u00edho listu.<\/p>\n<p>Uk\u00e1zky na\u0161\u00ed pr\u00e1ce:<\/p>\n<h4><a href=\"https:\/\/asart.com.ua\/wp-content\/uploads\/2023\/03\/remont-favorit-4watermark-1024x576.jpg\"><img loading=\"lazy\" decoding=\"async\" class=\"aligncenter size-large wp-image-9998 colorbox-20267\" src=\"https:\/\/asart.com.ua\/wp-content\/uploads\/2023\/03\/remont-favorit-4watermark-1024x576.jpg\" alt=\"\" width=\"1024\" height=\"576\" srcset=\"https:\/\/asart.com.ua\/wp-content\/uploads\/2023\/03\/remont-favorit-4watermark-1024x576.jpg 1024w, https:\/\/asart.com.ua\/wp-content\/uploads\/2023\/03\/remont-favorit-4watermark-300x169.jpg 300w, https:\/\/asart.com.ua\/wp-content\/uploads\/2023\/03\/remont-favorit-4watermark-768x432.jpg 768w, https:\/\/asart.com.ua\/wp-content\/uploads\/2023\/03\/remont-favorit-4watermark.jpg 1200w\" sizes=\"(max-width: 1024px) 100vw, 1024px\" \/><\/a><a href=\"https:\/\/asart.com.ua\/wp-content\/uploads\/2020\/10\/dizajn-kvartiry-v-sovremennom-minimalizme-52watermark.jpg\"><img loading=\"lazy\" decoding=\"async\" class=\"aligncenter  wp-image-8379 colorbox-20267\" src=\"https:\/\/asart.com.ua\/wp-content\/uploads\/2020\/10\/dizajn-kvartiry-v-sovremennom-minimalizme-52watermark.jpg\" alt=\"\" width=\"1022\" height=\"682\" srcset=\"https:\/\/asart.com.ua\/wp-content\/uploads\/2020\/10\/dizajn-kvartiry-v-sovremennom-minimalizme-52watermark.jpg 1000w, https:\/\/asart.com.ua\/wp-content\/uploads\/2020\/10\/dizajn-kvartiry-v-sovremennom-minimalizme-52watermark-300x200.jpg 300w, https:\/\/asart.com.ua\/wp-content\/uploads\/2020\/10\/dizajn-kvartiry-v-sovremennom-minimalizme-52watermark-768x512.jpg 768w, https:\/\/asart.com.ua\/wp-content\/uploads\/2020\/10\/dizajn-kvartiry-v-sovremennom-minimalizme-52watermark-240x160.jpg 240w\" sizes=\"(max-width: 1022px) 100vw, 1022px\" \/><\/a><a href=\"https:\/\/asart.com.ua\/wp-content\/uploads\/2024\/08\/remont-favorit-1watermark-1024x576.jpg\"><img loading=\"lazy\" decoding=\"async\" class=\"aligncenter size-large wp-image-19641 colorbox-20267\" src=\"https:\/\/asart.com.ua\/wp-content\/uploads\/2024\/08\/remont-favorit-1watermark-1024x576.jpg\" alt=\"\" width=\"1024\" height=\"576\" srcset=\"https:\/\/asart.com.ua\/wp-content\/uploads\/2024\/08\/remont-favorit-1watermark-1024x576.jpg 1024w, https:\/\/asart.com.ua\/wp-content\/uploads\/2024\/08\/remont-favorit-1watermark-300x169.jpg 300w, https:\/\/asart.com.ua\/wp-content\/uploads\/2024\/08\/remont-favorit-1watermark-768x432.jpg 768w, https:\/\/asart.com.ua\/wp-content\/uploads\/2024\/08\/remont-favorit-1watermark.jpg 1200w\" sizes=\"(max-width: 1024px) 100vw, 1024px\" \/><\/a><a href=\"https:\/\/asart.com.ua\/wp-content\/uploads\/2020\/10\/dizajn-kvartiry-v-sovremennom-minimalizme-48watermark.jpg\"><img loading=\"lazy\" decoding=\"async\" class=\"aligncenter  wp-image-8371 colorbox-20267\" src=\"https:\/\/asart.com.ua\/wp-content\/uploads\/2020\/10\/dizajn-kvartiry-v-sovremennom-minimalizme-48watermark.jpg\" alt=\"\" width=\"1013\" height=\"676\" srcset=\"https:\/\/asart.com.ua\/wp-content\/uploads\/2020\/10\/dizajn-kvartiry-v-sovremennom-minimalizme-48watermark.jpg 1000w, https:\/\/asart.com.ua\/wp-content\/uploads\/2020\/10\/dizajn-kvartiry-v-sovremennom-minimalizme-48watermark-300x200.jpg 300w, https:\/\/asart.com.ua\/wp-content\/uploads\/2020\/10\/dizajn-kvartiry-v-sovremennom-minimalizme-48watermark-768x512.jpg 768w, https:\/\/asart.com.ua\/wp-content\/uploads\/2020\/10\/dizajn-kvartiry-v-sovremennom-minimalizme-48watermark-240x160.jpg 240w\" sizes=\"(max-width: 1013px) 100vw, 1013px\" \/><\/a><a href=\"https:\/\/asart.com.ua\/wp-content\/uploads\/2024\/09\/interer-kuhni-studii-2-01-13watermark-1.jpg\"><img loading=\"lazy\" decoding=\"async\" class=\"aligncenter  wp-image-20239 colorbox-20267\" src=\"https:\/\/asart.com.ua\/wp-content\/uploads\/2024\/09\/interer-kuhni-studii-2-01-13watermark-1.jpg\" alt=\"\" width=\"1013\" height=\"570\" srcset=\"https:\/\/asart.com.ua\/wp-content\/uploads\/2024\/09\/interer-kuhni-studii-2-01-13watermark-1.jpg 1000w, https:\/\/asart.com.ua\/wp-content\/uploads\/2024\/09\/interer-kuhni-studii-2-01-13watermark-1-300x169.jpg 300w, https:\/\/asart.com.ua\/wp-content\/uploads\/2024\/09\/interer-kuhni-studii-2-01-13watermark-1-768x432.jpg 768w\" sizes=\"(max-width: 1013px) 100vw, 1013px\" \/><\/a><a href=\"https:\/\/asart.com.ua\/wp-content\/uploads\/2024\/09\/interer-kuhni-studii-2-1-13watermark-.jpg\"><img loading=\"lazy\" decoding=\"async\" class=\"aligncenter  wp-image-20235 colorbox-20267\" src=\"https:\/\/asart.com.ua\/wp-content\/uploads\/2024\/09\/interer-kuhni-studii-2-1-13watermark-.jpg\" alt=\"\" width=\"1009\" height=\"673\" srcset=\"https:\/\/asart.com.ua\/wp-content\/uploads\/2024\/09\/interer-kuhni-studii-2-1-13watermark-.jpg 1000w, https:\/\/asart.com.ua\/wp-content\/uploads\/2024\/09\/interer-kuhni-studii-2-1-13watermark--300x200.jpg 300w, https:\/\/asart.com.ua\/wp-content\/uploads\/2024\/09\/interer-kuhni-studii-2-1-13watermark--768x512.jpg 768w, https:\/\/asart.com.ua\/wp-content\/uploads\/2024\/09\/interer-kuhni-studii-2-1-13watermark--240x160.jpg 240w\" sizes=\"(max-width: 1009px) 100vw, 1009px\" \/><\/a><a href=\"https:\/\/asart.com.ua\/wp-content\/uploads\/2024\/09\/proczess-remonta-2watermark-.jpg\"><img loading=\"lazy\" decoding=\"async\" class=\"aligncenter size-full wp-image-20247 colorbox-20267\" src=\"https:\/\/asart.com.ua\/wp-content\/uploads\/2024\/09\/proczess-remonta-2watermark-.jpg\" alt=\"\" width=\"1000\" height=\"564\" srcset=\"https:\/\/asart.com.ua\/wp-content\/uploads\/2024\/09\/proczess-remonta-2watermark-.jpg 1000w, https:\/\/asart.com.ua\/wp-content\/uploads\/2024\/09\/proczess-remonta-2watermark--300x169.jpg 300w, https:\/\/asart.com.ua\/wp-content\/uploads\/2024\/09\/proczess-remonta-2watermark--768x433.jpg 768w\" sizes=\"(max-width: 1000px) 100vw, 1000px\" \/><\/a><a href=\"https:\/\/asart.com.ua\/wp-content\/uploads\/2024\/09\/proczess-remonta-4watermark-.jpg\"><img loading=\"lazy\" decoding=\"async\" class=\"aligncenter size-large wp-image-20251 colorbox-20267\" src=\"https:\/\/asart.com.ua\/wp-content\/uploads\/2024\/09\/proczess-remonta-4watermark-.jpg\" alt=\"\" width=\"1000\" height=\"564\" srcset=\"https:\/\/asart.com.ua\/wp-content\/uploads\/2024\/09\/proczess-remonta-4watermark-.jpg 1000w, https:\/\/asart.com.ua\/wp-content\/uploads\/2024\/09\/proczess-remonta-4watermark--300x169.jpg 300w, https:\/\/asart.com.ua\/wp-content\/uploads\/2024\/09\/proczess-remonta-4watermark--768x433.jpg 768w\" sizes=\"(max-width: 1000px) 100vw, 1000px\" \/><\/a><a href=\"https:\/\/asart.com.ua\/wp-content\/uploads\/2024\/09\/proczess-remonta-5watermark-.jpg\"><img loading=\"lazy\" decoding=\"async\" class=\"aligncenter size-large wp-image-20255 colorbox-20267\" src=\"https:\/\/asart.com.ua\/wp-content\/uploads\/2024\/09\/proczess-remonta-5watermark-.jpg\" alt=\"\" width=\"1000\" height=\"564\" srcset=\"https:\/\/asart.com.ua\/wp-content\/uploads\/2024\/09\/proczess-remonta-5watermark-.jpg 1000w, https:\/\/asart.com.ua\/wp-content\/uploads\/2024\/09\/proczess-remonta-5watermark--300x169.jpg 300w, https:\/\/asart.com.ua\/wp-content\/uploads\/2024\/09\/proczess-remonta-5watermark--768x433.jpg 768w\" sizes=\"(max-width: 1000px) 100vw, 1000px\" \/><\/a><a href=\"https:\/\/asart.com.ua\/wp-content\/uploads\/2024\/09\/proczess-remonta-6watermark.jpg\"><img loading=\"lazy\" decoding=\"async\" class=\"aligncenter size-large wp-image-20259 colorbox-20267\" src=\"https:\/\/asart.com.ua\/wp-content\/uploads\/2024\/09\/proczess-remonta-6watermark.jpg\" alt=\"\" width=\"1000\" height=\"563\" srcset=\"https:\/\/asart.com.ua\/wp-content\/uploads\/2024\/09\/proczess-remonta-6watermark.jpg 1000w, https:\/\/asart.com.ua\/wp-content\/uploads\/2024\/09\/proczess-remonta-6watermark-300x169.jpg 300w, https:\/\/asart.com.ua\/wp-content\/uploads\/2024\/09\/proczess-remonta-6watermark-768x432.jpg 768w\" sizes=\"(max-width: 1000px) 100vw, 1000px\" \/><\/a><\/h4>\n<p><a href=\"https:\/\/asart.com.ua\/wp-content\/uploads\/2024\/09\/suzdalskie-ryady-ofis-35watermark-.jpg\"><img loading=\"lazy\" decoding=\"async\" class=\"aligncenter size-full wp-image-20263 colorbox-20267\" src=\"https:\/\/asart.com.ua\/wp-content\/uploads\/2024\/09\/suzdalskie-ryady-ofis-35watermark-.jpg\" alt=\"\" width=\"1000\" height=\"564\" srcset=\"https:\/\/asart.com.ua\/wp-content\/uploads\/2024\/09\/suzdalskie-ryady-ofis-35watermark-.jpg 1000w, https:\/\/asart.com.ua\/wp-content\/uploads\/2024\/09\/suzdalskie-ryady-ofis-35watermark--300x169.jpg 300w, https:\/\/asart.com.ua\/wp-content\/uploads\/2024\/09\/suzdalskie-ryady-ofis-35watermark--768x433.jpg 768w\" sizes=\"(max-width: 1000px) 100vw, 1000px\" \/><\/a><\/p>\n<p>Objednejte si odhad n\u00e1klad\u016f<\/p>\n<p>Vypl\u0148te formul\u00e1\u0159 na webu a n\u00e1\u0161 specialista v\u00e1s bude kontaktovat za \u00fa\u010delem konzultace a odhadu n\u00e1klad\u016f na opravy.<\/p>\n<p>&nbsp;<\/p>\n<p>&nbsp;<\/p>\n","protected":false},"excerpt":{"rendered":"<p>Rekonstrukce na kl\u00ed\u010d na Francouzsk\u00e9 rivi\u00e9\u0159e, <a class=\"continue_link\" href=\"https:\/\/asart.com.ua\/cs\/remont-pod-klyuch-na-lazurnom-beregu-francii-nicca-kanny-monako-antib-sen-zhan-kap-ferra\/\">\u0427\u0438\u0442\u0430\u0442\u044c \u0434\u0430\u043b\u0435\u0435 >><\/a><\/p>\n","protected":false},"author":6,"featured_media":0,"parent":0,"menu_order":0,"comment_status":"closed","ping_status":"closed","template":"","meta":{"footnotes":""},"acf":[],"aioseo_notices":[],"_links":{"self":[{"href":"https:\/\/asart.com.ua\/cs\/wp-json\/wp\/v2\/pages\/20267"}],"collection":[{"href":"https:\/\/asart.com.ua\/cs\/wp-json\/wp\/v2\/pages"}],"about":[{"href":"https:\/\/asart.com.ua\/cs\/wp-json\/wp\/v2\/types\/page"}],"author":[{"embeddable":true,"href":"https:\/\/asart.com.ua\/cs\/wp-json\/wp\/v2\/users\/6"}],"replies":[{"embeddable":true,"href":"https:\/\/asart.com.ua\/cs\/wp-json\/wp\/v2\/comments?post=20267"}],"version-history":[{"count":3,"href":"https:\/\/asart.com.ua\/cs\/wp-json\/wp\/v2\/pages\/20267\/revisions"}],"predecessor-version":[{"id":20279,"href":"https:\/\/asart.com.ua\/cs\/wp-json\/wp\/v2\/pages\/20267\/revisions\/20279"}],"wp:attachment":[{"href":"https:\/\/asart.com.ua\/cs\/wp-json\/wp\/v2\/media?parent=20267"}],"curies":[{"name":"wp","href":"https:\/\/api.w.org\/{rel}","templated":true}]}}