{"id":20073,"date":"2024-08-19T14:30:10","date_gmt":"2024-08-19T11:30:10","guid":{"rendered":"https:\/\/asart.com.ua\/dizajn-interera-vill-i-remontnye-raboty-nicca-kanny-monako-antib-lazurnyj-bereg-francii\/"},"modified":"2024-11-02T01:40:59","modified_gmt":"2024-11-01T22:40:59","slug":"dizajn-interera-vill-i-remontnye-raboty-nicca-kanny-monako-antib-lazurnyj-bereg-francii","status":"publish","type":"page","link":"https:\/\/asart.com.ua\/cs\/dizajn-interera-vill-i-remontnye-raboty-nicca-kanny-monako-antib-lazurnyj-bereg-francii\/","title":{"rendered":"N\u00e1vrh a renovace interi\u00e9ru vily Nice, Cannes, Monako, Antibes, Azurov\u00e9 pob\u0159e\u017e\u00ed Francie"},"content":{"rendered":"<h3 style=\"text-align: center;\">N\u00e1vrhy interi\u00e9r\u016f a rekonstrukce na kl\u00ed\u010d na Azurov\u00e9m pob\u0159e\u017e\u00ed ve Francii<\/h3>\n<p>Nice, Cannes, Monaco, Antibes &#8211; Vytv\u00e1\u0159\u00edme luxusn\u00ed interi\u00e9ry, kter\u00e9 odr\u00e1\u017eej\u00ed v\u00e1\u0161 styl a osobnost.<\/p>\n<p>Sn\u00edte o neposkvrn\u011bn\u00e9m domov\u011b na Francouzsk\u00e9 rivi\u00e9\u0159e? N\u00e1\u0161 t\u00fdm profesion\u00e1l\u016f v\u00e1m pom\u016f\u017ee tento sen splnit! Specializujeme se na n\u00e1vrhy interi\u00e9r\u016f a rekonstrukce vil a luxusn\u00edch apartm\u00e1n\u016f na kl\u00ed\u010d v nejpresti\u017en\u011bj\u0161\u00edch lokalit\u00e1ch jako je Nice, Cannes, Monako a Antibes.<\/p>\n<p><a href=\"https:\/\/asart.com.ua\/wp-content\/uploads\/2024\/11\/1-gostinaya-corona-_interactive-lux-1watermark.jpg\"><img loading=\"lazy\" decoding=\"async\" class=\"aligncenter size-full wp-image-21536 colorbox-20073\" src=\"https:\/\/asart.com.ua\/wp-content\/uploads\/2024\/11\/1-gostinaya-corona-_interactive-lux-1watermark.jpg\" alt=\"\" width=\"1200\" height=\"675\" srcset=\"https:\/\/asart.com.ua\/wp-content\/uploads\/2024\/11\/1-gostinaya-corona-_interactive-lux-1watermark.jpg 1200w, https:\/\/asart.com.ua\/wp-content\/uploads\/2024\/11\/1-gostinaya-corona-_interactive-lux-1watermark-300x169.jpg 300w, https:\/\/asart.com.ua\/wp-content\/uploads\/2024\/11\/1-gostinaya-corona-_interactive-lux-1watermark-768x432.jpg 768w\" sizes=\"(max-width: 1200px) 100vw, 1200px\" \/><\/a><a href=\"https:\/\/asart.com.ua\/wp-content\/uploads\/2024\/11\/1-gostinaya-corona-_interactive-lux-4watermark.jpg\"><img loading=\"lazy\" decoding=\"async\" class=\"aligncenter size-full wp-image-21548 colorbox-20073\" src=\"https:\/\/asart.com.ua\/wp-content\/uploads\/2024\/11\/1-gostinaya-corona-_interactive-lux-4watermark.jpg\" alt=\"\" width=\"1200\" height=\"675\" srcset=\"https:\/\/asart.com.ua\/wp-content\/uploads\/2024\/11\/1-gostinaya-corona-_interactive-lux-4watermark.jpg 1200w, https:\/\/asart.com.ua\/wp-content\/uploads\/2024\/11\/1-gostinaya-corona-_interactive-lux-4watermark-300x169.jpg 300w, https:\/\/asart.com.ua\/wp-content\/uploads\/2024\/11\/1-gostinaya-corona-_interactive-lux-4watermark-768x432.jpg 768w\" sizes=\"(max-width: 1200px) 100vw, 1200px\" \/><\/a><a href=\"https:\/\/asart.com.ua\/wp-content\/uploads\/2024\/11\/1-gostinaya-corona-_interactive-lux-3watermark.jpg\"><img loading=\"lazy\" decoding=\"async\" class=\"aligncenter size-full wp-image-21544 colorbox-20073\" src=\"https:\/\/asart.com.ua\/wp-content\/uploads\/2024\/11\/1-gostinaya-corona-_interactive-lux-3watermark.jpg\" alt=\"\" width=\"1200\" height=\"675\" srcset=\"https:\/\/asart.com.ua\/wp-content\/uploads\/2024\/11\/1-gostinaya-corona-_interactive-lux-3watermark.jpg 1200w, https:\/\/asart.com.ua\/wp-content\/uploads\/2024\/11\/1-gostinaya-corona-_interactive-lux-3watermark-300x169.jpg 300w, https:\/\/asart.com.ua\/wp-content\/uploads\/2024\/11\/1-gostinaya-corona-_interactive-lux-3watermark-768x432.jpg 768w\" sizes=\"(max-width: 1200px) 100vw, 1200px\" \/><\/a><a href=\"https:\/\/asart.com.ua\/wp-content\/uploads\/2024\/11\/1-gostinaya-corona-_interactive-lux-13watermark.jpg\"><img loading=\"lazy\" decoding=\"async\" class=\"aligncenter size-full wp-image-21584 colorbox-20073\" src=\"https:\/\/asart.com.ua\/wp-content\/uploads\/2024\/11\/1-gostinaya-corona-_interactive-lux-13watermark.jpg\" alt=\"\" width=\"1200\" height=\"675\" srcset=\"https:\/\/asart.com.ua\/wp-content\/uploads\/2024\/11\/1-gostinaya-corona-_interactive-lux-13watermark.jpg 1200w, https:\/\/asart.com.ua\/wp-content\/uploads\/2024\/11\/1-gostinaya-corona-_interactive-lux-13watermark-300x169.jpg 300w, https:\/\/asart.com.ua\/wp-content\/uploads\/2024\/11\/1-gostinaya-corona-_interactive-lux-13watermark-768x432.jpg 768w\" sizes=\"(max-width: 1200px) 100vw, 1200px\" \/><\/a><\/p>\n<p><strong>Pro\u010d si vybrat n\u00e1s:<\/strong><\/p>\n<p>&#8211; Individu\u00e1ln\u00ed p\u0159\u00edstup: Vytv\u00e1\u0159\u00edme jedine\u010dn\u00e9 interi\u00e9ry, kter\u00e9 dokonale odr\u00e1\u017eej\u00ed v\u00e1\u0161 vkus a \u017eivotn\u00ed styl.<\/p>\n<p>&#8211; Vysok\u00e1 kvalita: Spolupracujeme pouze s d\u016fv\u011bryhodn\u00fdmi dodavateli a pou\u017e\u00edv\u00e1me pr\u00e9miov\u00e9 materi\u00e1ly, abychom zaru\u010dili odolnost a bezchybn\u00e9 v\u00fdsledky.<\/p>\n<p>&#8211; Kompletn\u00ed nab\u00eddka slu\u017eeb: Od vypracov\u00e1n\u00ed designov\u00e9ho projektu a\u017e po proveden\u00ed v\u0161ech stavebn\u00edch a dokon\u010dovac\u00edch prac\u00ed se postar\u00e1me o cel\u00fd proces, poskytujeme na\u0161im klient\u016fm klid a d\u016fv\u011bru.<\/p>\n<p>&#8211; P\u0159esnost a dochvilnost: Dokon\u010den\u00ed projektu v\u010das a v r\u00e1mci rozpo\u010dtu je na\u0161\u00ed prioritou. M\u016f\u017eete si b\u00fdt jisti, \u017ee v\u00e1\u0161 domov bude p\u0159ipraven p\u0159esn\u011b v pl\u00e1novan\u00e9m term\u00ednu.<\/p>\n<p>D\u016fv\u011b\u0159ujte profesion\u00e1l\u016fm a prom\u011b\u0148te svou nemovitost na Azurov\u00e9m pob\u0159e\u017e\u00ed v ide\u00e1ln\u00ed m\u00edsto k odpo\u010dinku a bydlen\u00ed. Kontaktujte n\u00e1s je\u0161t\u011b dnes a prodiskutujte sv\u016fj projekt a obdr\u017e\u00edte.<\/p>\n<p><a href=\"https:\/\/asart.com.ua\/wp-content\/uploads\/2024\/10\/1v-2-1watermark.jpg\"><img loading=\"lazy\" decoding=\"async\" class=\"aligncenter size-full wp-image-21493 colorbox-20073\" src=\"https:\/\/asart.com.ua\/wp-content\/uploads\/2024\/10\/1v-2-1watermark.jpg\" alt=\"\" width=\"1200\" height=\"675\" srcset=\"https:\/\/asart.com.ua\/wp-content\/uploads\/2024\/10\/1v-2-1watermark.jpg 1200w, https:\/\/asart.com.ua\/wp-content\/uploads\/2024\/10\/1v-2-1watermark-300x169.jpg 300w, https:\/\/asart.com.ua\/wp-content\/uploads\/2024\/10\/1v-2-1watermark-768x432.jpg 768w\" sizes=\"(max-width: 1200px) 100vw, 1200px\" \/><\/a><a href=\"https:\/\/asart.com.ua\/wp-content\/uploads\/2024\/10\/1v-7watermark.jpg\"><img loading=\"lazy\" decoding=\"async\" class=\"aligncenter size-full wp-image-21509 colorbox-20073\" src=\"https:\/\/asart.com.ua\/wp-content\/uploads\/2024\/10\/1v-7watermark.jpg\" alt=\"\" width=\"1200\" height=\"675\" srcset=\"https:\/\/asart.com.ua\/wp-content\/uploads\/2024\/10\/1v-7watermark.jpg 1200w, https:\/\/asart.com.ua\/wp-content\/uploads\/2024\/10\/1v-7watermark-300x169.jpg 300w, https:\/\/asart.com.ua\/wp-content\/uploads\/2024\/10\/1v-7watermark-768x432.jpg 768w\" sizes=\"(max-width: 1200px) 100vw, 1200px\" \/><\/a><a href=\"https:\/\/asart.com.ua\/wp-content\/uploads\/2024\/10\/gostinaya-monakowatermark-8watermark-.jpg\"><br \/>\n<\/a><a href=\"https:\/\/asart.com.ua\/wp-content\/uploads\/2024\/10\/1v-8watermark.jpg\"><img loading=\"lazy\" decoding=\"async\" class=\"aligncenter size-full wp-image-21513 colorbox-20073\" src=\"https:\/\/asart.com.ua\/wp-content\/uploads\/2024\/10\/1v-8watermark.jpg\" alt=\"\" width=\"1200\" height=\"675\" srcset=\"https:\/\/asart.com.ua\/wp-content\/uploads\/2024\/10\/1v-8watermark.jpg 1200w, https:\/\/asart.com.ua\/wp-content\/uploads\/2024\/10\/1v-8watermark-300x169.jpg 300w, https:\/\/asart.com.ua\/wp-content\/uploads\/2024\/10\/1v-8watermark-768x432.jpg 768w\" sizes=\"(max-width: 1200px) 100vw, 1200px\" \/><\/a><\/p>\n","protected":false},"excerpt":{"rendered":"<p>N\u00e1vrhy interi\u00e9r\u016f a rekonstrukce na kl\u00ed\u010d <a class=\"continue_link\" href=\"https:\/\/asart.com.ua\/cs\/dizajn-interera-vill-i-remontnye-raboty-nicca-kanny-monako-antib-lazurnyj-bereg-francii\/\">\u0427\u0438\u0442\u0430\u0442\u044c \u0434\u0430\u043b\u0435\u0435 >><\/a><\/p>\n","protected":false},"author":6,"featured_media":21537,"parent":0,"menu_order":0,"comment_status":"closed","ping_status":"closed","template":"","meta":{"footnotes":""},"acf":[],"aioseo_notices":[],"_links":{"self":[{"href":"https:\/\/asart.com.ua\/cs\/wp-json\/wp\/v2\/pages\/20073"}],"collection":[{"href":"https:\/\/asart.com.ua\/cs\/wp-json\/wp\/v2\/pages"}],"about":[{"href":"https:\/\/asart.com.ua\/cs\/wp-json\/wp\/v2\/types\/page"}],"author":[{"embeddable":true,"href":"https:\/\/asart.com.ua\/cs\/wp-json\/wp\/v2\/users\/6"}],"replies":[{"embeddable":true,"href":"https:\/\/asart.com.ua\/cs\/wp-json\/wp\/v2\/comments?post=20073"}],"version-history":[{"count":6,"href":"https:\/\/asart.com.ua\/cs\/wp-json\/wp\/v2\/pages\/20073\/revisions"}],"predecessor-version":[{"id":21601,"href":"https:\/\/asart.com.ua\/cs\/wp-json\/wp\/v2\/pages\/20073\/revisions\/21601"}],"wp:featuredmedia":[{"embeddable":true,"href":"https:\/\/asart.com.ua\/cs\/wp-json\/wp\/v2\/media\/21537"}],"wp:attachment":[{"href":"https:\/\/asart.com.ua\/cs\/wp-json\/wp\/v2\/media?parent=20073"}],"curies":[{"name":"wp","href":"https:\/\/api.w.org\/{rel}","templated":true}]}}