{"id":18503,"date":"2011-11-26T15:05:27","date_gmt":"2011-11-26T17:05:27","guid":{"rendered":"https:\/\/asart.com.ua\/uslugi\/"},"modified":"2023-11-27T15:38:58","modified_gmt":"2023-11-27T12:38:58","slug":"uslugi","status":"publish","type":"page","link":"https:\/\/asart.com.ua\/cs\/uslugi\/","title":{"rendered":"Slu\u017eby"},"content":{"rendered":"<p><span style=\"color: #33cccc;\">Design projektu:<\/span> Slo\u017een\u00ed projektu:<\/p>\n<ol>\n<li> Pl\u00e1n m\u011b\u0159en\u00ed.<\/li>\n<li> Na\u010drtn\u011bte pl\u00e1n p\u0159estavby.<\/li>\n<li> N\u00e1\u010drt pl\u00e1n pro uspo\u0159\u00e1d\u00e1n\u00ed n\u00e1bytku.<\/li>\n<li> Pl\u00e1n demont\u00e1\u017ee.<\/li>\n<li> Instala\u010dn\u00ed pl\u00e1n.<\/li>\n<li> Instala\u010dn\u00ed pl\u00e1n elektrotechnick\u00fdch v\u00fdrobk\u016f &#8211; v\u00fdkon a slaboproud.<\/li>\n<li> Sv\u011bteln\u00fd pl\u00e1n s vyzna\u010den\u00edm typ\u016f sv\u00edtidel.<\/li>\n<li> P\u016fdorys (s uveden\u00edm krytin).<\/li>\n<li> Pl\u00e1n stropu (s uveden\u00edm n\u00e1t\u011br\u016f), pot\u0159ebn\u00e9 sou\u010d\u00e1sti a \u0159ezy stropu.<\/li>\n<li> V\u00fdvoj barevn\u00fdch a stylov\u00fdch \u0159e\u0161en\u00ed interi\u00e9ru.<\/li>\n<li> Projekt kuchy\u0148sk\u00e9ho n\u00e1bytku s vybaven\u00edm a elektrick\u00fdmi p\u0159\u00edpojkami.<\/li>\n<li> V\u00fdvoj vnit\u0159n\u00edch povrch\u016f st\u011bn, pot\u0159ebn\u00e9 \u0159ezy.<\/li>\n<li> Rozlo\u017een\u00ed dla\u017edic.<\/li>\n<li> Pl\u00e1n dve\u0159\u00ed.<\/li>\n<li> Specifikace dve\u0159\u00ed.<\/li>\n<li> Specifikace sanit\u00e1rn\u00edho vybaven\u00ed<\/li>\n<li> Specifikace elektrick\u00fdch v\u00fdrobk\u016f.<\/li>\n<li> Specifikace pro dla\u017edice a podlahy.<\/li>\n<li> Vizualizace prostor (2-3 \u00fahly 3d max, vray)<\/li>\n<li> Seznam dokon\u010dovac\u00edch materi\u00e1l\u016f.<\/li>\n<\/ol>\n<p> <span style=\"color: #33cccc;\">Vizualizace <span style=\"color: #333333;\">(interi\u00e9ry, exteri\u00e9ry, p\u0159edm\u011bt) &#8211; posuzov\u00e1no individu\u00e1ln\u011b<\/span><\/span><\/p>\n<div>\n<div id=\"content\">\n<article>\n<div id=\"post-content\"> <span style=\"color: #33cccc;\">Autorsk\u00fd dozor:<\/span> Autorsk\u00fd dozor zahrnuje:<\/p>\n<ul>\n<li> Pravideln\u00e9 n\u00e1v\u0161t\u011bvy autora projektu (ne v\u00edce ne\u017e 4x m\u011bs\u00ed\u010dn\u011b) po celou dobu trv\u00e1n\u00ed smlouvy<\/li>\n<li> Kontrola prac\u00ed prov\u00e1d\u011bn\u00fdch v souladu s projektem n\u00e1vrhu<\/li>\n<li> Komunikace s mistrem na m\u00edst\u011b v\u010d. a telefonicky (konzultace v\u0161ech poskytnut\u00fdch v\u00fdkres\u016f)<\/li>\n<li> Prov\u00e1d\u011bn\u00ed zm\u011bn v projektu, kter\u00e9 vznikly po demont\u00e1\u017ei star\u00fdch p\u0159\u00ed\u010dek a postaven\u00ed nov\u00fdch p\u0159\u00ed\u010dek, po vyrovn\u00e1n\u00ed podlah, st\u011bn a strop\u016f<\/li>\n<li> Objedn\u00e1v\u00e1n\u00ed vybaven\u00ed a dokon\u010dovac\u00edch materi\u00e1l\u016f (jm\u00e9nem a jm\u00e9nem z\u00e1kazn\u00edka).<\/li>\n<li> Um\u00edst\u011bn\u00ed dekorativn\u00edch prvk\u016f v interi\u00e9ru (z\u00e1clony, obrazy, v\u00e1zy, zrcadla atd.)<\/li>\n<\/ul>\n<p> <span style=\"color: #000000;\">Pro\u010d je nutn\u00fd autorsk\u00fd dohled?<\/span> Architektonick\u00fd dozor je jedn\u00edm ze speci\u00e1ln\u00edch druh\u016f pr\u00e1ce architekta a design\u00e9ra. P\u0159i projektov\u00e9m dozoru sleduj\u00ed prov\u00e1d\u011bn\u00ed stavebn\u00edch a oprav\u00e1rensk\u00fdch prac\u00ed na stavb\u00e1ch. Aby v\u0161e \u0161lo podle pl\u00e1nu, o to se po celou dobu a\u017e do konce pr\u00e1ce staraj\u00ed auto\u0159i designov\u00e9ho projektu. Co zahrnuje supervize projektanta? Kdo pot\u0159ebuje architektonick\u00fd dozor? Ka\u017ed\u00fd, kdo ji\u017e pro\u0161el zkou\u0161kou stavebn\u00edch a rekonstruk\u010dn\u00edch prac\u00ed, v\u00ed, \u017ee b\u011bhem procesu vyvst\u00e1v\u00e1 mnoho ot\u00e1zek. V\u0161echny vy\u017eaduj\u00ed rychl\u00e9 a kvalifikovan\u00e9 \u0159e\u0161en\u00ed. Bohu\u017eel nedostatek relevantn\u00edch zku\u0161enost\u00ed neguje jak\u00e9koli pokusy o vy\u0159e\u0161en\u00ed nal\u00e9hav\u00fdch probl\u00e9m\u016f. Abyste m\u011bli ve\u0161kerou pr\u00e1ci na sv\u011b\u0159en\u00e9m pracovi\u0161ti pod p\u0159\u00edsnou kontrolou, mus\u00edte se na m\u00edsto dostavit n\u011bkolikr\u00e1t t\u00fddn\u011b. Pr\u00e1v\u011b p\u0159i takov\u00fdch n\u00e1v\u0161t\u011bv\u00e1ch se \u0159e\u0161\u00ed r\u016fzn\u00e9 z\u00e1le\u017eitosti, upravuje se projek\u010dn\u00ed projekt, domlouv\u00e1 se dovoz nov\u00e9ho a v\u00fdm\u011bna nepot\u0159ebn\u00fdch materi\u00e1l\u016f. Jedin\u011b tak lze deklarovat kontrolu stavebn\u00edch a oprav\u00e1rensk\u00fdch prac\u00ed. Ka\u017ed\u00fd se mus\u00ed s\u00e1m rozhodnout, zda je pot\u0159eba dohled nad autorsk\u00fdmi pr\u00e1vy.<\/div>\n<\/article>\n<\/div>\n<\/div>\n","protected":false},"excerpt":{"rendered":"<p>Design projektu: Slo\u017een\u00ed projektu: Pl\u00e1n m\u011b\u0159en\u00ed. <a class=\"continue_link\" href=\"https:\/\/asart.com.ua\/cs\/uslugi\/\">\u0427\u0438\u0442\u0430\u0442\u044c \u0434\u0430\u043b\u0435\u0435 >><\/a><\/p>\n","protected":false},"author":1,"featured_media":0,"parent":0,"menu_order":0,"comment_status":"closed","ping_status":"closed","template":"","meta":{"footnotes":""},"acf":[],"aioseo_notices":[],"_links":{"self":[{"href":"https:\/\/asart.com.ua\/cs\/wp-json\/wp\/v2\/pages\/18503"}],"collection":[{"href":"https:\/\/asart.com.ua\/cs\/wp-json\/wp\/v2\/pages"}],"about":[{"href":"https:\/\/asart.com.ua\/cs\/wp-json\/wp\/v2\/types\/page"}],"author":[{"embeddable":true,"href":"https:\/\/asart.com.ua\/cs\/wp-json\/wp\/v2\/users\/1"}],"replies":[{"embeddable":true,"href":"https:\/\/asart.com.ua\/cs\/wp-json\/wp\/v2\/comments?post=18503"}],"version-history":[{"count":1,"href":"https:\/\/asart.com.ua\/cs\/wp-json\/wp\/v2\/pages\/18503\/revisions"}],"predecessor-version":[{"id":18506,"href":"https:\/\/asart.com.ua\/cs\/wp-json\/wp\/v2\/pages\/18503\/revisions\/18506"}],"wp:attachment":[{"href":"https:\/\/asart.com.ua\/cs\/wp-json\/wp\/v2\/media?parent=18503"}],"curies":[{"name":"wp","href":"https:\/\/api.w.org\/{rel}","templated":true}]}}