{"id":18496,"date":"2012-04-24T08:41:10","date_gmt":"2012-04-24T10:41:10","guid":{"rendered":"https:\/\/asart.com.ua\/remont\/"},"modified":"2023-11-24T02:27:24","modified_gmt":"2023-11-23T23:27:24","slug":"remont","status":"publish","type":"page","link":"https:\/\/asart.com.ua\/cs\/remont\/","title":{"rendered":"Rekonstrukce byt\u016f"},"content":{"rendered":"<p>V\u00edme, jak ud\u011blat v\u00e1\u0161 domov \u00fatuln\u00fdm, pohodln\u00fdm a kr\u00e1sn\u00fdm tak, jak jste ho vid\u011bli ve sv\u00fdch nejdivo\u010dej\u0161\u00edch snech. Rekonstrukce bytu m\u016f\u017ee prov\u00e1d\u011bt ka\u017ed\u00fd majitel \u017eij\u00edc\u00ed v Kyjev\u011b a Charkov\u011b, ale renova\u010dn\u00ed pr\u00e1ce na profesion\u00e1ln\u00ed \u00farovni mohou prov\u00e1d\u011bt pouze \u0159emesln\u00edci s bohat\u00fdmi praktick\u00fdmi zku\u0161enostmi. Na\u0161e designov\u00e9 studio \u201eAS Design\u201c zam\u011bstn\u00e1v\u00e1 pr\u00e1v\u011b takov\u00e9 \u0159emesln\u00edky, tak\u017ee ve\u0161ker\u00e9 n\u00e1mi prov\u00e1d\u011bn\u00e9 stavebn\u00ed a oprav\u00e1rensk\u00e9 pr\u00e1ce klienti v\u017edy maxim\u00e1ln\u011b ocen\u00ed. V\u00fdstavba a rekonstrukce byt\u016f v Kyjev\u011b a Charkov\u011b od designov\u00e9ho studia &#8220;AS Design&#8221; je:<\/p>\n<ul>\n<li> trvale dobr\u00e9 v\u00fdsledky<\/li>\n<li> materi\u00e1ly \u0161etrn\u00e9 k \u017eivotn\u00edmu prost\u0159ed\u00ed a nejnov\u011bj\u0161\u00ed stavebn\u00ed technologie<\/li>\n<li> p\u0159ijateln\u00e9 ceny<\/li>\n<li> kr\u00e1tk\u00e1 doba obratu<\/li>\n<li> a spokojen\u00e9 klienty<\/li>\n<\/ul>\n<p> Na\u0161i klienti jsou zpravidla p\u0159i prvn\u00edm p\u0159ekro\u010den\u00ed prahu sv\u00e9ho domova po rekonstrukci nad\u0161eni nov\u00fdm vzhledem sv\u00e9ho domova, proto\u017ee dost\u00e1vaj\u00ed vy\u0161\u0161\u00ed v\u00fdkon, ne\u017e o\u010dek\u00e1vali. Zapome\u0148te, co je to nudn\u00fd interi\u00e9r, mist\u0159i AS Design, kte\u0159\u00ed prov\u00e1d\u011bj\u00ed renovace byt\u016f v Kyjev\u011b a Charkov\u011b, ud\u011blaj\u00ed ka\u017ed\u00fd pokoj stylov\u00fdm a pohodln\u00fdm, proto\u017ee budou pracovat pro v\u00e1s:<\/p>\n<ul>\n<li> <strong>na\u0161e<\/strong> <strong>dlouholet\u00e9 zku\u0161enosti<\/strong> : za l\u00e9ta pr\u00e1ce na trhu stavebnictv\u00ed a rekonstrukc\u00ed na\u0161i specialist\u00e9 dokon\u010dili mnoho projekt\u016f pro n\u00e1vrh, v\u00fdstavbu a renovaci byt\u016f, kancel\u00e1\u0159\u00ed a dal\u0161\u00edch prostor v Kyjev\u011b a Charkov\u011b a etablovali se jako spolehliv\u00ed partne\u0159i<\/li>\n<li> <strong>individu\u00e1ln\u00ed p\u0159\u00edstup<\/strong> ke ka\u017ed\u00e9mu klientovi: p\u0159ed n\u00e1stupem do pr\u00e1ce pe\u010dliv\u011b prostudujeme \u017eivotn\u00ed styl v\u0161ech \u010dlen\u016f rodiny, kte\u0159\u00ed budou v dom\u011b bydlet, a jejich p\u0159\u00e1n\u00ed<\/li>\n<li> <strong>p\u0159\u00edzniv\u00e9 podm\u00ednky smlouvy<\/strong> : v\u0161echny podm\u00ednky smlouvy jsou p\u0159\u00edsn\u011b dodr\u017eov\u00e1ny (nap\u0159\u00edklad term\u00edny dokon\u010den\u00ed prac\u00ed), m\u016f\u017eete b\u00fdt osobn\u011b p\u0159\u00edtomni p\u0159i rekonstrukci byt\u016f v Kyjev\u011b a Charkov\u011b za \u00fa\u010delem kontroly kvality proveden\u00ed.<\/li>\n<\/ul>\n<p> Objednejte si rekonstrukce byt\u016f na kl\u00ed\u010d v Kyjev\u011b a Charkov\u011b a origin\u00e1ln\u00ed a stylov\u00fd interi\u00e9r v\u00e1s bude t\u011b\u0161it den co den.<\/p>\n<p align=\"JUSTIFY\"> Zavolejte na telefonn\u00ed \u010d\u00edsla a na\u0161i mana\u017ee\u0159i zodpov\u00ed dotazy t\u00fdkaj\u00edc\u00ed se rekonstrukce byt\u016f, kancel\u00e1\u0159\u00ed a dal\u0161\u00edch prostor v Kyjev\u011b a Charkov\u011b:<\/p>\n<p align=\"CENTER\"> <span style=\"font-size: medium;\"><strong>(097) 930-71-05 (093) 664-75-36<\/strong><\/span><\/p>\n<p style=\"text-align: justify;\"> <a href=\"https:\/\/asart.com.ua\/wp-content\/uploads\/2023\/03\/remont-favorit-2watermark.jpg\"><img loading=\"lazy\" decoding=\"async\" class=\"aligncenter size-full wp-image-9994 colorbox-18496\" src=\"https:\/\/asart.com.ua\/wp-content\/uploads\/2023\/03\/remont-favorit-2watermark.jpg\" alt=\"\" width=\"1200\" height=\"675\" srcset=\"https:\/\/asart.com.ua\/wp-content\/uploads\/2023\/03\/remont-favorit-2watermark.jpg 1200w, https:\/\/asart.com.ua\/wp-content\/uploads\/2023\/03\/remont-favorit-2watermark-300x169.jpg 300w, https:\/\/asart.com.ua\/wp-content\/uploads\/2023\/03\/remont-favorit-2watermark-1024x576.jpg 1024w, https:\/\/asart.com.ua\/wp-content\/uploads\/2023\/03\/remont-favorit-2watermark-768x432.jpg 768w\" sizes=\"(max-width: 1200px) 100vw, 1200px\" \/><\/a><\/p>\n<p style=\"text-align: justify;\"> <a href=\"https:\/\/asart.com.ua\/wp-content\/uploads\/2023\/03\/remont-favorit-1watermark.jpg\"><img loading=\"lazy\" decoding=\"async\" class=\"aligncenter size-full wp-image-9996 colorbox-18496\" src=\"https:\/\/asart.com.ua\/wp-content\/uploads\/2023\/03\/remont-favorit-1watermark.jpg\" alt=\"\" width=\"1200\" height=\"675\" srcset=\"https:\/\/asart.com.ua\/wp-content\/uploads\/2023\/03\/remont-favorit-1watermark.jpg 1200w, https:\/\/asart.com.ua\/wp-content\/uploads\/2023\/03\/remont-favorit-1watermark-300x169.jpg 300w, https:\/\/asart.com.ua\/wp-content\/uploads\/2023\/03\/remont-favorit-1watermark-1024x576.jpg 1024w, https:\/\/asart.com.ua\/wp-content\/uploads\/2023\/03\/remont-favorit-1watermark-768x432.jpg 768w\" sizes=\"(max-width: 1200px) 100vw, 1200px\" \/><\/a> <\/p>\n<p style=\"text-align: justify;\">\n<p style=\"text-align: justify;\"><img loading=\"lazy\" decoding=\"async\" class=\"wp-image-1367 aligncenter colorbox-18496\" title=\"rekonstrukce byt\u016f a fas\u00e1d z Asart 6\" src=\"https:\/\/asart.com.ua\/wp-content\/uploads\/2012\/04\/P5140002-1024x768.jpg\" alt=\"\" width=\"1000\" height=\"667\" \/><\/p>\n<p style=\"text-align: justify;\"><img loading=\"lazy\" decoding=\"async\" class=\"wp-image-1370 aligncenter colorbox-18496\" title=\"rekonstrukce byt\u016f a fas\u00e1d z Asart 7\" src=\"https:\/\/asart.com.ua\/wp-content\/uploads\/2012\/04\/P3280048-1024x768.jpg\" alt=\"\" width=\"1000\" height=\"667\" \/><\/p>\n<p style=\"text-align: justify;\"> <a href=\"https:\/\/asart.com.ua\/wp-content\/uploads\/2012\/04\/Protsess-stroitelnyih-rabot-1watermark.jpg\"><img loading=\"lazy\" decoding=\"async\" class=\"size-full wp-image-7400 aligncenter colorbox-18496\" src=\"https:\/\/asart.com.ua\/wp-content\/uploads\/2012\/04\/Protsess-stroitelnyih-rabot-1watermark.jpg\" alt=\"\" width=\"1000\" height=\"563\" srcset=\"https:\/\/asart.com.ua\/wp-content\/uploads\/2012\/04\/Protsess-stroitelnyih-rabot-1watermark.jpg 1000w, https:\/\/asart.com.ua\/wp-content\/uploads\/2012\/04\/Protsess-stroitelnyih-rabot-1watermark-300x169.jpg 300w, https:\/\/asart.com.ua\/wp-content\/uploads\/2012\/04\/Protsess-stroitelnyih-rabot-1watermark-768x432.jpg 768w\" sizes=\"(max-width: 1000px) 100vw, 1000px\" \/><\/a> <a href=\"https:\/\/asart.com.ua\/wp-content\/uploads\/2012\/04\/Protsess-stroitelnyih-rabot-2watermark.jpg\"><img loading=\"lazy\" decoding=\"async\" class=\"size-full wp-image-7402 aligncenter colorbox-18496\" src=\"https:\/\/asart.com.ua\/wp-content\/uploads\/2012\/04\/Protsess-stroitelnyih-rabot-2watermark.jpg\" alt=\"\" width=\"1000\" height=\"563\" srcset=\"https:\/\/asart.com.ua\/wp-content\/uploads\/2012\/04\/Protsess-stroitelnyih-rabot-2watermark.jpg 1000w, https:\/\/asart.com.ua\/wp-content\/uploads\/2012\/04\/Protsess-stroitelnyih-rabot-2watermark-300x169.jpg 300w, https:\/\/asart.com.ua\/wp-content\/uploads\/2012\/04\/Protsess-stroitelnyih-rabot-2watermark-768x432.jpg 768w\" sizes=\"(max-width: 1000px) 100vw, 1000px\" \/><\/a><\/p>\n<p style=\"clear: both; text-align: center;\"> <a style=\"text-decoration: none;\" title=\"Foto Portfolio prac\u00ed na rekonstrukci byt\u016f v Charkov\u011b a Kyjev\u011b\" href=\"https:\/\/asart.com.ua\/cs\/portfolio\/\">&gt;&gt;&gt; <span style=\"color: #333333;\">zobrazit portfolio<\/span> &lt;&lt;&lt;<\/a><\/p>\n","protected":false},"excerpt":{"rendered":"<p>V\u00edme, jak ud\u011blat v\u00e1\u0161 domov \u00fatuln\u00fdm, <a class=\"continue_link\" href=\"https:\/\/asart.com.ua\/cs\/remont\/\">\u0427\u0438\u0442\u0430\u0442\u044c \u0434\u0430\u043b\u0435\u0435 >><\/a><\/p>\n","protected":false},"author":6,"featured_media":0,"parent":0,"menu_order":0,"comment_status":"closed","ping_status":"closed","template":"","meta":{"footnotes":""},"acf":[],"aioseo_notices":[],"_links":{"self":[{"href":"https:\/\/asart.com.ua\/cs\/wp-json\/wp\/v2\/pages\/18496"}],"collection":[{"href":"https:\/\/asart.com.ua\/cs\/wp-json\/wp\/v2\/pages"}],"about":[{"href":"https:\/\/asart.com.ua\/cs\/wp-json\/wp\/v2\/types\/page"}],"author":[{"embeddable":true,"href":"https:\/\/asart.com.ua\/cs\/wp-json\/wp\/v2\/users\/6"}],"replies":[{"embeddable":true,"href":"https:\/\/asart.com.ua\/cs\/wp-json\/wp\/v2\/comments?post=18496"}],"version-history":[{"count":2,"href":"https:\/\/asart.com.ua\/cs\/wp-json\/wp\/v2\/pages\/18496\/revisions"}],"predecessor-version":[{"id":18661,"href":"https:\/\/asart.com.ua\/cs\/wp-json\/wp\/v2\/pages\/18496\/revisions\/18661"}],"wp:attachment":[{"href":"https:\/\/asart.com.ua\/cs\/wp-json\/wp\/v2\/media?parent=18496"}],"curies":[{"name":"wp","href":"https:\/\/api.w.org\/{rel}","templated":true}]}}