{"id":18490,"date":"2022-11-11T12:59:30","date_gmt":"2022-11-11T09:59:30","guid":{"rendered":"https:\/\/asart.com.ua\/proektirovanie-kottedzhej\/"},"modified":"2023-11-27T15:37:44","modified_gmt":"2023-11-27T12:37:44","slug":"proektirovanie-kottedzhej","status":"publish","type":"page","link":"https:\/\/asart.com.ua\/cs\/proektirovanie-kottedzhej\/","title":{"rendered":"Projektov\u00e1n\u00ed chat, rodinn\u00fdch dom\u016f"},"content":{"rendered":"<p>Design studio &#8220;AS-Design&#8221; provede Architektonick\u00fd n\u00e1vrh chat. D\u00e1le vyv\u00edj\u00edme <a title=\"N\u00e1vrhy interi\u00e9r\u016f chat, soukrom\u00fdch a venkovsk\u00fdch dom\u016f\" href=\"https:\/\/asart.com.ua\/cs\/design-kottedzhey\/\">interi\u00e9rov\u00fd design pro chaty a soukrom\u00e9 domy<\/a> . N\u00e1vrh a opravy m\u016f\u017eeme prov\u00e9st na kl\u00ed\u010d, <a href=\"https:\/\/asart.com.ua\/wp-content\/uploads\/2022\/11\/arhitekturnyj-proekt-chastnogo-doma-malaya-danilovka-1watermark-.jpg\"><img loading=\"lazy\" decoding=\"async\" class=\"aligncenter size-full wp-image-9857 colorbox-18490\" src=\"https:\/\/asart.com.ua\/wp-content\/uploads\/2022\/11\/arhitekturnyj-proekt-chastnogo-doma-malaya-danilovka-1watermark-.jpg\" alt=\"\" width=\"1200\" height=\"762\" srcset=\"https:\/\/asart.com.ua\/wp-content\/uploads\/2022\/11\/arhitekturnyj-proekt-chastnogo-doma-malaya-danilovka-1watermark-.jpg 1200w, https:\/\/asart.com.ua\/wp-content\/uploads\/2022\/11\/arhitekturnyj-proekt-chastnogo-doma-malaya-danilovka-1watermark--300x191.jpg 300w, https:\/\/asart.com.ua\/wp-content\/uploads\/2022\/11\/arhitekturnyj-proekt-chastnogo-doma-malaya-danilovka-1watermark--1024x650.jpg 1024w, https:\/\/asart.com.ua\/wp-content\/uploads\/2022\/11\/arhitekturnyj-proekt-chastnogo-doma-malaya-danilovka-1watermark--768x488.jpg 768w, https:\/\/asart.com.ua\/wp-content\/uploads\/2022\/11\/arhitekturnyj-proekt-chastnogo-doma-malaya-danilovka-1watermark--233x147.jpg 233w\" sizes=\"(max-width: 1200px) 100vw, 1200px\" \/><\/a> <a href=\"https:\/\/asart.com.ua\/wp-content\/uploads\/2022\/11\/arhitekturnyj-proekt-chastnogo-doma-malaya-danilovka-5watermark-.jpg\"><img loading=\"lazy\" decoding=\"async\" class=\"aligncenter size-full wp-image-9865 colorbox-18490\" src=\"https:\/\/asart.com.ua\/wp-content\/uploads\/2022\/11\/arhitekturnyj-proekt-chastnogo-doma-malaya-danilovka-5watermark-.jpg\" alt=\"\" width=\"1200\" height=\"765\" srcset=\"https:\/\/asart.com.ua\/wp-content\/uploads\/2022\/11\/arhitekturnyj-proekt-chastnogo-doma-malaya-danilovka-5watermark-.jpg 1200w, https:\/\/asart.com.ua\/wp-content\/uploads\/2022\/11\/arhitekturnyj-proekt-chastnogo-doma-malaya-danilovka-5watermark--300x191.jpg 300w, https:\/\/asart.com.ua\/wp-content\/uploads\/2022\/11\/arhitekturnyj-proekt-chastnogo-doma-malaya-danilovka-5watermark--1024x653.jpg 1024w, https:\/\/asart.com.ua\/wp-content\/uploads\/2022\/11\/arhitekturnyj-proekt-chastnogo-doma-malaya-danilovka-5watermark--768x490.jpg 768w\" sizes=\"(max-width: 1200px) 100vw, 1200px\" \/><\/a><\/p>\n<p> <a href=\"https:\/\/asart.com.ua\/wp-content\/uploads\/2022\/11\/chastnyj-dom-martovaya-4watermark.jpg\"><img loading=\"lazy\" decoding=\"async\" class=\"aligncenter size-full wp-image-9844 colorbox-18490\" src=\"https:\/\/asart.com.ua\/wp-content\/uploads\/2022\/11\/chastnyj-dom-martovaya-4watermark.jpg\" alt=\"\" width=\"1200\" height=\"900\" srcset=\"https:\/\/asart.com.ua\/wp-content\/uploads\/2022\/11\/chastnyj-dom-martovaya-4watermark.jpg 1200w, https:\/\/asart.com.ua\/wp-content\/uploads\/2022\/11\/chastnyj-dom-martovaya-4watermark-300x225.jpg 300w, https:\/\/asart.com.ua\/wp-content\/uploads\/2022\/11\/chastnyj-dom-martovaya-4watermark-1024x768.jpg 1024w, https:\/\/asart.com.ua\/wp-content\/uploads\/2022\/11\/chastnyj-dom-martovaya-4watermark-768x576.jpg 768w, https:\/\/asart.com.ua\/wp-content\/uploads\/2022\/11\/chastnyj-dom-martovaya-4watermark-160x120.jpg 160w, https:\/\/asart.com.ua\/wp-content\/uploads\/2022\/11\/chastnyj-dom-martovaya-4watermark-289x217.jpg 289w\" sizes=\"(max-width: 1200px) 100vw, 1200px\" \/><\/a> <a href=\"https:\/\/asart.com.ua\/wp-content\/uploads\/2022\/11\/chastnyj-dom-martovaya-2watermark.jpg\"><img loading=\"lazy\" decoding=\"async\" class=\"aligncenter size-full wp-image-9840 colorbox-18490\" src=\"https:\/\/asart.com.ua\/wp-content\/uploads\/2022\/11\/chastnyj-dom-martovaya-2watermark.jpg\" alt=\"\" width=\"1200\" height=\"900\" srcset=\"https:\/\/asart.com.ua\/wp-content\/uploads\/2022\/11\/chastnyj-dom-martovaya-2watermark.jpg 1200w, https:\/\/asart.com.ua\/wp-content\/uploads\/2022\/11\/chastnyj-dom-martovaya-2watermark-300x225.jpg 300w, https:\/\/asart.com.ua\/wp-content\/uploads\/2022\/11\/chastnyj-dom-martovaya-2watermark-1024x768.jpg 1024w, https:\/\/asart.com.ua\/wp-content\/uploads\/2022\/11\/chastnyj-dom-martovaya-2watermark-768x576.jpg 768w, https:\/\/asart.com.ua\/wp-content\/uploads\/2022\/11\/chastnyj-dom-martovaya-2watermark-160x120.jpg 160w, https:\/\/asart.com.ua\/wp-content\/uploads\/2022\/11\/chastnyj-dom-martovaya-2watermark-289x217.jpg 289w\" sizes=\"(max-width: 1200px) 100vw, 1200px\" \/><\/a><\/p>\n<p> <a href=\"https:\/\/asart.com.ua\/wp-content\/uploads\/2022\/11\/chastnyj-dom-martovaya-5watermark.jpg\"><img loading=\"lazy\" decoding=\"async\" class=\"aligncenter size-full wp-image-9846 colorbox-18490\" src=\"https:\/\/asart.com.ua\/wp-content\/uploads\/2022\/11\/chastnyj-dom-martovaya-5watermark.jpg\" alt=\"\" width=\"1200\" height=\"900\" srcset=\"https:\/\/asart.com.ua\/wp-content\/uploads\/2022\/11\/chastnyj-dom-martovaya-5watermark.jpg 1200w, https:\/\/asart.com.ua\/wp-content\/uploads\/2022\/11\/chastnyj-dom-martovaya-5watermark-300x225.jpg 300w, https:\/\/asart.com.ua\/wp-content\/uploads\/2022\/11\/chastnyj-dom-martovaya-5watermark-1024x768.jpg 1024w, https:\/\/asart.com.ua\/wp-content\/uploads\/2022\/11\/chastnyj-dom-martovaya-5watermark-768x576.jpg 768w, https:\/\/asart.com.ua\/wp-content\/uploads\/2022\/11\/chastnyj-dom-martovaya-5watermark-160x120.jpg 160w, https:\/\/asart.com.ua\/wp-content\/uploads\/2022\/11\/chastnyj-dom-martovaya-5watermark-289x217.jpg 289w\" sizes=\"(max-width: 1200px) 100vw, 1200px\" \/><\/a> <img loading=\"lazy\" decoding=\"async\" class=\"aligncenter size-full wp-image-9822 colorbox-18490\" src=\"https:\/\/asart.com.ua\/wp-content\/uploads\/2020\/03\/chastnyj-dom-proekt-2watermark.jpg\" alt=\"\" width=\"1200\" height=\"675\" srcset=\"https:\/\/asart.com.ua\/wp-content\/uploads\/2020\/03\/chastnyj-dom-proekt-2watermark.jpg 1200w, https:\/\/asart.com.ua\/wp-content\/uploads\/2020\/03\/chastnyj-dom-proekt-2watermark-300x169.jpg 300w, https:\/\/asart.com.ua\/wp-content\/uploads\/2020\/03\/chastnyj-dom-proekt-2watermark-1024x576.jpg 1024w, https:\/\/asart.com.ua\/wp-content\/uploads\/2020\/03\/chastnyj-dom-proekt-2watermark-768x432.jpg 768w\" sizes=\"(max-width: 1200px) 100vw, 1200px\" \/><\/p>\n<p> <a href=\"https:\/\/asart.com.ua\/wp-content\/uploads\/2020\/03\/chastnyj-dom-proekt-3watermark.jpg\"><img loading=\"lazy\" decoding=\"async\" class=\"aligncenter size-full wp-image-9824 colorbox-18490\" src=\"https:\/\/asart.com.ua\/wp-content\/uploads\/2020\/03\/chastnyj-dom-proekt-3watermark.jpg\" alt=\"\" width=\"1200\" height=\"675\" srcset=\"https:\/\/asart.com.ua\/wp-content\/uploads\/2020\/03\/chastnyj-dom-proekt-3watermark.jpg 1200w, https:\/\/asart.com.ua\/wp-content\/uploads\/2020\/03\/chastnyj-dom-proekt-3watermark-300x169.jpg 300w, https:\/\/asart.com.ua\/wp-content\/uploads\/2020\/03\/chastnyj-dom-proekt-3watermark-1024x576.jpg 1024w, https:\/\/asart.com.ua\/wp-content\/uploads\/2020\/03\/chastnyj-dom-proekt-3watermark-768x432.jpg 768w\" sizes=\"(max-width: 1200px) 100vw, 1200px\" \/><\/a> <a href=\"https:\/\/asart.com.ua\/wp-content\/uploads\/2020\/03\/chastnyj-dom-proekt-5watermark.jpg\"><img loading=\"lazy\" decoding=\"async\" class=\"aligncenter size-full wp-image-9828 colorbox-18490\" src=\"https:\/\/asart.com.ua\/wp-content\/uploads\/2020\/03\/chastnyj-dom-proekt-5watermark.jpg\" alt=\"\" width=\"1200\" height=\"675\" srcset=\"https:\/\/asart.com.ua\/wp-content\/uploads\/2020\/03\/chastnyj-dom-proekt-5watermark.jpg 1200w, https:\/\/asart.com.ua\/wp-content\/uploads\/2020\/03\/chastnyj-dom-proekt-5watermark-300x169.jpg 300w, https:\/\/asart.com.ua\/wp-content\/uploads\/2020\/03\/chastnyj-dom-proekt-5watermark-1024x576.jpg 1024w, https:\/\/asart.com.ua\/wp-content\/uploads\/2020\/03\/chastnyj-dom-proekt-5watermark-768x432.jpg 768w\" sizes=\"(max-width: 1200px) 100vw, 1200px\" \/><\/a><\/p>\n<p> Kde podle v\u00e1s za\u010d\u00edn\u00e1 stavba domu? Ne, ne od polo\u017een\u00ed z\u00e1klad\u016f, ale mnohem d\u0159\u00edve, kdy\u017e vznikla my\u0161lenka na stavbu domu a za\u010dal se vytv\u00e1\u0159et n\u00e1\u010drt &#8211; architektonick\u00fd n\u00e1vrh chaty nebo soukrom\u00e9ho domu s p\u0159ihl\u00e9dnut\u00edm k poloze m\u00edsta, po\u010det podla\u017e\u00ed a p\u0159edpokl\u00e1dan\u00fd vzhled. Ve f\u00e1zi architektonick\u00e9ho n\u00e1vrhu se utv\u00e1\u0159\u00ed vzhled budovy, proto je d\u016fle\u017eit\u00e9 v\u0161e promyslet do nejmen\u0161\u00edch detail\u016f. Jen tak bude design soukrom\u00e9ho domu, venkovsk\u00e9ho domu, chaty odr\u00e1\u017eet va\u0161i individualitu a jedine\u010dnost. M\u016f\u017ee to b\u00fdt luxusn\u00ed nebo naopak skromn\u00fd z\u00e1mek, tradi\u010dn\u00ed chalupa, m\u011bstsk\u00fd d\u016fm nebo d\u0159ev\u011bn\u00fd d\u016fm. Jak bude v\u00e1\u0161 domov vypadat, je na v\u00e1s.<\/p>\n<h2> P\u0159i architektonick\u00e9m n\u00e1vrhu je zohledn\u011bna va\u0161e vize budouc\u00edho domova.<\/h2>\n<p> P\u0159i zpracov\u00e1n\u00ed architektonick\u00e9ho n\u00e1vrhu chaty nebo domu je t\u0159eba vz\u00edt v \u00favahu:<\/p>\n<ul>\n<li> uspo\u0159\u00e1d\u00e1n\u00ed prostor s p\u0159ihl\u00e9dnut\u00edm k jejich vysv\u011btlen\u00ed<\/li>\n<li> rozm\u011bry v\u0161ech m\u00edstnost\u00ed domu<\/li>\n<li> um\u00edst\u011bn\u00ed oken a dve\u0159\u00ed na pl\u00e1nu<\/li>\n<li> V\u0161echny 4 fas\u00e1dy obdr\u017e\u00edte ve 3D grafice s v\u00fd\u0161kov\u00fdmi zna\u010dkami a barvami.<\/li>\n<\/ul>\n<h3> Architektonick\u00fd n\u00e1vrh domu a design interi\u00e9ru chaty pro v\u00e1s vypracuj\u00ed specialist\u00e9 z designov\u00e9ho studia AS-Design.<\/h3>\n<p> Budeme s v\u00e1mi a\u017e do ho\u0159k\u00e9ho konce: od f\u00e1ze vytvo\u0159en\u00ed po\u010d\u00edta\u010dov\u00e9 verze designov\u00e9ho projektu a\u017e po jeho realizaci. <strong>Jak pracujeme<\/strong> Ve f\u00e1zi pl\u00e1nov\u00e1n\u00ed bytov\u00e9ho designu vyb\u00edr\u00e1me materi\u00e1ly \u0161etrn\u00e9 k \u017eivotn\u00edmu prost\u0159ed\u00ed, kter\u00e9 jsou zdravotn\u011b nez\u00e1vadn\u00e9. Ve v\u0161ech f\u00e1z\u00edch bez v\u00fdjimky a zejm\u00e9na p\u0159i v\u00fdstavb\u011b a v\u00fdvoji vnit\u0159n\u00edho designu domu udr\u017eujeme kontakt se z\u00e1kazn\u00edkem. V\u0161echna va\u0161e p\u0159\u00e1n\u00ed budou zohledn\u011bna, nav\u00edc v\u00e1m \u0159ekneme, jak nejl\u00e9pe realizovat va\u0161e pl\u00e1ny. Zodpov\u00edd\u00e1me za kvalitu ve\u0161ker\u00e9 n\u00e1mi prov\u00e1d\u011bn\u00e9 pr\u00e1ce. V galerii hotov\u00fdch prac\u00ed se m\u016f\u017eete sezn\u00e1mit s realizovan\u00fdmi mo\u017enostmi &#8211; od architektonick\u00e9ho n\u00e1vrhu, stavby a\u017e po kone\u010dn\u00fd v\u00fdsledek. Mo\u017en\u00e1 v\u00e1m prezentovan\u00e9 fotografie pomohou vybrat va\u0161i volbu.<\/p>\n<p style=\"color: #33cccc; font-weight: bolder; text-align: center;\"> <a style=\"text-decoration: none;\" title=\"Portfolio\" href=\"https:\/\/asart.com.ua\/cs\/portfolio\/\">&gt;&gt;&gt;zobrazit portfolio&lt;&lt;&lt;<\/a><\/p>\n","protected":false},"excerpt":{"rendered":"<p>Design studio &#8220;AS-Design&#8221; provede Architektonick\u00fd n\u00e1vrh <a class=\"continue_link\" href=\"https:\/\/asart.com.ua\/cs\/proektirovanie-kottedzhej\/\">\u0427\u0438\u0442\u0430\u0442\u044c \u0434\u0430\u043b\u0435\u0435 >><\/a><\/p>\n","protected":false},"author":1,"featured_media":0,"parent":0,"menu_order":0,"comment_status":"closed","ping_status":"closed","template":"","meta":{"footnotes":""},"acf":[],"aioseo_notices":[],"_links":{"self":[{"href":"https:\/\/asart.com.ua\/cs\/wp-json\/wp\/v2\/pages\/18490"}],"collection":[{"href":"https:\/\/asart.com.ua\/cs\/wp-json\/wp\/v2\/pages"}],"about":[{"href":"https:\/\/asart.com.ua\/cs\/wp-json\/wp\/v2\/types\/page"}],"author":[{"embeddable":true,"href":"https:\/\/asart.com.ua\/cs\/wp-json\/wp\/v2\/users\/1"}],"replies":[{"embeddable":true,"href":"https:\/\/asart.com.ua\/cs\/wp-json\/wp\/v2\/comments?post=18490"}],"version-history":[{"count":2,"href":"https:\/\/asart.com.ua\/cs\/wp-json\/wp\/v2\/pages\/18490\/revisions"}],"predecessor-version":[{"id":18658,"href":"https:\/\/asart.com.ua\/cs\/wp-json\/wp\/v2\/pages\/18490\/revisions\/18658"}],"wp:attachment":[{"href":"https:\/\/asart.com.ua\/cs\/wp-json\/wp\/v2\/media?parent=18490"}],"curies":[{"name":"wp","href":"https:\/\/api.w.org\/{rel}","templated":true}]}}