{"id":18481,"date":"2021-11-01T20:43:47","date_gmt":"2021-11-01T17:43:47","guid":{"rendered":"https:\/\/asart.com.ua\/restoranov-kafe\/stoimost-dizajna\/"},"modified":"2023-11-24T02:17:15","modified_gmt":"2023-11-23T23:17:15","slug":"stoimost-dizajna","status":"publish","type":"page","link":"https:\/\/asart.com.ua\/cs\/restoranov-kafe\/stoimost-dizajna\/","title":{"rendered":"N\u00e1klady na design restaurace"},"content":{"rendered":"<p>V Charkov\u011b je mnoho restaurac\u00ed, kter\u00e9 se li\u0161\u00ed kuchyn\u00ed, \u00farovn\u00ed slu\u017eeb, form\u00e1tem a stavem. Pokud chcete, aby byl v\u00e1\u0161 podnik obl\u00edben\u00fd a m\u011bl v\u017edy hodn\u011b n\u00e1v\u0161t\u011bvn\u00edk\u016f. V tomto p\u0159\u00edpad\u011b mus\u00edte vytvo\u0159it:<\/p>\n<ul>\n<li> komfortn\u00ed<\/li>\n<li> \u00fatuln\u00fd<\/li>\n<li> harmonick\u00fd<\/li>\n<li> uklidnit<\/li>\n<\/ul>\n<p> Atmosf\u00e9ra, stejn\u011b jako <strong>kr\u00e1sn\u00e9 a funk\u010dn\u00ed za\u0159\u00edzen\u00ed, nab\u00edz\u00ed chutn\u00e9 j\u00eddlo a ukazuje vysokou \u00farove\u0148 slu\u017eeb<\/strong> . Chcete-li vytvo\u0159it jedine\u010dn\u00fd interi\u00e9r, budete muset objednat v\u00fdvoj designov\u00e9ho projektu. V Charkov\u011b je mnoho studi\u00ed, kter\u00e9 poskytuj\u00ed design\u00e9rsk\u00e9 slu\u017eby za r\u016fzn\u00e9 ceny. Jejich \u00farove\u0148 a kvalita samoz\u0159ejm\u011b z\u00e1vis\u00ed na cen\u011b slu\u017eeb. Vzhledem k tomu, \u017ee interi\u00e9rov\u00fd design hraje pro restauraci d\u016fle\u017eitou roli, bez ohledu na specifika jej\u00ed \u010dinnosti, m\u011bli byste se obr\u00e1tit na profesion\u00e1ly. <a href=\"https:\/\/asart.com.ua\/wp-content\/uploads\/2016\/10\/Altbir-foto-13watermark-.jpg\"><img loading=\"lazy\" decoding=\"async\" class=\"aligncenter size-full wp-image-6892 colorbox-18481\" src=\"https:\/\/asart.com.ua\/wp-content\/uploads\/2016\/10\/Altbir-foto-13watermark-.jpg\" alt=\"\" width=\"1000\" height=\"668\" srcset=\"https:\/\/asart.com.ua\/wp-content\/uploads\/2016\/10\/Altbir-foto-13watermark-.jpg 1000w, https:\/\/asart.com.ua\/wp-content\/uploads\/2016\/10\/Altbir-foto-13watermark--300x200.jpg 300w, https:\/\/asart.com.ua\/wp-content\/uploads\/2016\/10\/Altbir-foto-13watermark--768x513.jpg 768w, https:\/\/asart.com.ua\/wp-content\/uploads\/2016\/10\/Altbir-foto-13watermark--240x160.jpg 240w\" sizes=\"(max-width: 1000px) 100vw, 1000px\" \/><\/a> <a href=\"https:\/\/asart.com.ua\/wp-content\/uploads\/2016\/10\/Altbir-foto-12watermark-.jpg\"><img loading=\"lazy\" decoding=\"async\" class=\"aligncenter size-full wp-image-6876 colorbox-18481\" src=\"https:\/\/asart.com.ua\/wp-content\/uploads\/2016\/10\/Altbir-foto-12watermark-.jpg\" alt=\"\" width=\"1000\" height=\"668\" srcset=\"https:\/\/asart.com.ua\/wp-content\/uploads\/2016\/10\/Altbir-foto-12watermark-.jpg 1000w, https:\/\/asart.com.ua\/wp-content\/uploads\/2016\/10\/Altbir-foto-12watermark--300x200.jpg 300w, https:\/\/asart.com.ua\/wp-content\/uploads\/2016\/10\/Altbir-foto-12watermark--768x513.jpg 768w, https:\/\/asart.com.ua\/wp-content\/uploads\/2016\/10\/Altbir-foto-12watermark--240x160.jpg 240w\" sizes=\"(max-width: 1000px) 100vw, 1000px\" \/><\/a> <a href=\"https:\/\/asart.com.ua\/wp-content\/uploads\/2016\/10\/Altbir-vip1-1.jpg\"><img loading=\"lazy\" decoding=\"async\" class=\"aligncenter size-full wp-image-4919 colorbox-18481\" src=\"https:\/\/asart.com.ua\/wp-content\/uploads\/2016\/10\/Altbir-vip1-1.jpg\" alt=\"\" width=\"1024\" height=\"683\" srcset=\"https:\/\/asart.com.ua\/wp-content\/uploads\/2016\/10\/Altbir-vip1-1.jpg 1024w, https:\/\/asart.com.ua\/wp-content\/uploads\/2016\/10\/Altbir-vip1-1-300x200.jpg 300w, https:\/\/asart.com.ua\/wp-content\/uploads\/2016\/10\/Altbir-vip1-1-768x512.jpg 768w, https:\/\/asart.com.ua\/wp-content\/uploads\/2016\/10\/Altbir-vip1-1-240x160.jpg 240w\" sizes=\"(max-width: 1024px) 100vw, 1024px\" \/><\/a> <a href=\"https:\/\/asart.com.ua\/wp-content\/uploads\/2016\/10\/Altbir-vip-2-1-1-1.jpg\"><img loading=\"lazy\" decoding=\"async\" class=\"aligncenter size-full wp-image-4915 colorbox-18481\" src=\"https:\/\/asart.com.ua\/wp-content\/uploads\/2016\/10\/Altbir-vip-2-1-1-1.jpg\" alt=\"\" width=\"1000\" height=\"666\" srcset=\"https:\/\/asart.com.ua\/wp-content\/uploads\/2016\/10\/Altbir-vip-2-1-1-1.jpg 1000w, https:\/\/asart.com.ua\/wp-content\/uploads\/2016\/10\/Altbir-vip-2-1-1-1-300x200.jpg 300w, https:\/\/asart.com.ua\/wp-content\/uploads\/2016\/10\/Altbir-vip-2-1-1-1-768x511.jpg 768w, https:\/\/asart.com.ua\/wp-content\/uploads\/2016\/10\/Altbir-vip-2-1-1-1-240x160.jpg 240w\" sizes=\"(max-width: 1000px) 100vw, 1000px\" \/><\/a> <a href=\"https:\/\/asart.com.ua\/wp-content\/uploads\/2016\/10\/Albir-vip1-1-1.jpg\"><img loading=\"lazy\" decoding=\"async\" class=\"aligncenter size-full wp-image-4898 colorbox-18481\" src=\"https:\/\/asart.com.ua\/wp-content\/uploads\/2016\/10\/Albir-vip1-1-1.jpg\" alt=\"\" width=\"1024\" height=\"652\" srcset=\"https:\/\/asart.com.ua\/wp-content\/uploads\/2016\/10\/Albir-vip1-1-1.jpg 1024w, https:\/\/asart.com.ua\/wp-content\/uploads\/2016\/10\/Albir-vip1-1-1-300x191.jpg 300w, https:\/\/asart.com.ua\/wp-content\/uploads\/2016\/10\/Albir-vip1-1-1-768x489.jpg 768w, https:\/\/asart.com.ua\/wp-content\/uploads\/2016\/10\/Albir-vip1-1-1-233x147.jpg 233w\" sizes=\"(max-width: 1024px) 100vw, 1024px\" \/><\/a> <a href=\"https:\/\/asart.com.ua\/wp-content\/uploads\/2016\/10\/Altbir-foto-28watermark-.jpg\"><img loading=\"lazy\" decoding=\"async\" class=\"aligncenter size-full wp-image-6888 colorbox-18481\" src=\"https:\/\/asart.com.ua\/wp-content\/uploads\/2016\/10\/Altbir-foto-28watermark-.jpg\" alt=\"\" width=\"1000\" height=\"667\" srcset=\"https:\/\/asart.com.ua\/wp-content\/uploads\/2016\/10\/Altbir-foto-28watermark-.jpg 1000w, https:\/\/asart.com.ua\/wp-content\/uploads\/2016\/10\/Altbir-foto-28watermark--300x200.jpg 300w, https:\/\/asart.com.ua\/wp-content\/uploads\/2016\/10\/Altbir-foto-28watermark--768x512.jpg 768w, https:\/\/asart.com.ua\/wp-content\/uploads\/2016\/10\/Altbir-foto-28watermark--240x160.jpg 240w\" sizes=\"(max-width: 1000px) 100vw, 1000px\" \/><\/a> <a href=\"https:\/\/asart.com.ua\/wp-content\/uploads\/2016\/10\/Altbir-foto-27watermark-.jpg\"><img loading=\"lazy\" decoding=\"async\" class=\"aligncenter size-full wp-image-6886 colorbox-18481\" src=\"https:\/\/asart.com.ua\/wp-content\/uploads\/2016\/10\/Altbir-foto-27watermark-.jpg\" alt=\"\" width=\"1000\" height=\"692\" srcset=\"https:\/\/asart.com.ua\/wp-content\/uploads\/2016\/10\/Altbir-foto-27watermark-.jpg 1000w, https:\/\/asart.com.ua\/wp-content\/uploads\/2016\/10\/Altbir-foto-27watermark--300x208.jpg 300w, https:\/\/asart.com.ua\/wp-content\/uploads\/2016\/10\/Altbir-foto-27watermark--768x531.jpg 768w\" sizes=\"(max-width: 1000px) 100vw, 1000px\" \/><\/a><\/p>\n<h2> Kr\u00e1sn\u00fd a funk\u010dn\u00ed pokoj.<\/h2>\n<p> Na\u0161e studio m\u00e1 bohat\u00e9 zku\u0161enosti s v\u00fdvojem n\u00e1vrh\u016f restaurac\u00ed za nejlep\u0161\u00ed cenu v Charkov\u011b. V pr\u016fb\u011bhu let design\u00e9\u0159i Asart vytvo\u0159ili:<\/p>\n<ul>\n<li> unik\u00e1tn\u00ed<\/li>\n<li> v\u00fdhradn\u00ed<\/li>\n<li> origin\u00e1l<\/li>\n<li> unik\u00e1tn\u00ed<\/li>\n<\/ul>\n<p> Projekty interi\u00e9r\u016f. Co\u017e m\u016f\u017ee ud\u011blat ka\u017ed\u00e9 za\u0159\u00edzen\u00ed nejen kr\u00e1sn\u00e9 a zaj\u00edmav\u00e9, ale tak\u00e9 funk\u010dn\u00ed, \u00fatuln\u00e9 a pohodln\u00e9. Na\u0161im klient\u016fm nab\u00edz\u00edme profesion\u00e1ln\u00ed designov\u00e9 slu\u017eby za n\u00edzkou cenu.<\/p>\n<p> Chcete-li vytvo\u0159it jedine\u010dn\u00fd design interi\u00e9ru za skv\u011blou cenu, je t\u0159eba va\u0161i restauraci zkontrolovat. Posu\u010fte jeho stav, um\u00edst\u011bn\u00ed, dispozice, ale i specifika a zam\u011b\u0159en\u00ed \u010dinnost\u00ed. B\u011bhem sch\u016fzky budete moci design\u00e9rovi Asartovi vyj\u00e1d\u0159it sv\u00e1 p\u0159\u00e1n\u00ed a po\u017eadavky t\u00fdkaj\u00edc\u00ed se budouc\u00edho designu m\u00edstnosti. Budete tak\u00e9 muset vybrat nejvhodn\u011bj\u0161\u00ed styl a barevnou paletu. Pokud jde o sm\u011br stylu, m\u016f\u017eete si vybrat jak\u00fdkoli modern\u00ed styl, neovlivn\u00ed to cenu projektu. <a href=\"https:\/\/asart.com.ua\/wp-content\/uploads\/2018\/02\/1-2watermark.jpg\"><img loading=\"lazy\" decoding=\"async\" class=\"aligncenter size-full wp-image-5828 colorbox-18481\" src=\"https:\/\/asart.com.ua\/wp-content\/uploads\/2018\/02\/1-2watermark.jpg\" alt=\"\" width=\"1000\" height=\"667\" srcset=\"https:\/\/asart.com.ua\/wp-content\/uploads\/2018\/02\/1-2watermark.jpg 1000w, https:\/\/asart.com.ua\/wp-content\/uploads\/2018\/02\/1-2watermark-300x200.jpg 300w, https:\/\/asart.com.ua\/wp-content\/uploads\/2018\/02\/1-2watermark-768x512.jpg 768w, https:\/\/asart.com.ua\/wp-content\/uploads\/2018\/02\/1-2watermark-240x160.jpg 240w\" sizes=\"(max-width: 1000px) 100vw, 1000px\" \/><\/a> <a href=\"https:\/\/asart.com.ua\/wp-content\/uploads\/2018\/11\/anjis-hell-17watermark.jpg\"><img loading=\"lazy\" decoding=\"async\" class=\"aligncenter size-full wp-image-9371 colorbox-18481\" src=\"https:\/\/asart.com.ua\/wp-content\/uploads\/2018\/11\/anjis-hell-17watermark.jpg\" alt=\"\" width=\"1000\" height=\"563\" srcset=\"https:\/\/asart.com.ua\/wp-content\/uploads\/2018\/11\/anjis-hell-17watermark.jpg 1000w, https:\/\/asart.com.ua\/wp-content\/uploads\/2018\/11\/anjis-hell-17watermark-300x169.jpg 300w, https:\/\/asart.com.ua\/wp-content\/uploads\/2018\/11\/anjis-hell-17watermark-768x432.jpg 768w\" sizes=\"(max-width: 1000px) 100vw, 1000px\" \/><\/a> <a href=\"https:\/\/asart.com.ua\/wp-content\/uploads\/2018\/11\/fb_img_1653811251922.jpg\"><img loading=\"lazy\" decoding=\"async\" class=\"aligncenter  wp-image-9308 colorbox-18481\" src=\"https:\/\/asart.com.ua\/wp-content\/uploads\/2018\/11\/fb_img_1653811251922.jpg\" alt=\"\" width=\"1004\" height=\"565\" srcset=\"https:\/\/asart.com.ua\/wp-content\/uploads\/2018\/11\/fb_img_1653811251922.jpg 1080w, https:\/\/asart.com.ua\/wp-content\/uploads\/2018\/11\/fb_img_1653811251922-300x169.jpg 300w, https:\/\/asart.com.ua\/wp-content\/uploads\/2018\/11\/fb_img_1653811251922-1024x576.jpg 1024w, https:\/\/asart.com.ua\/wp-content\/uploads\/2018\/11\/fb_img_1653811251922-768x432.jpg 768w\" sizes=\"(max-width: 1004px) 100vw, 1004px\" \/><\/a> <a href=\"https:\/\/asart.com.ua\/wp-content\/uploads\/2018\/08\/Bar-restoran-Anjis-5watermark.jpg\"><img loading=\"lazy\" decoding=\"async\" class=\"aligncenter size-full wp-image-6760 colorbox-18481\" src=\"https:\/\/asart.com.ua\/wp-content\/uploads\/2018\/08\/Bar-restoran-Anjis-5watermark.jpg\" alt=\"\" width=\"1000\" height=\"667\" srcset=\"https:\/\/asart.com.ua\/wp-content\/uploads\/2018\/08\/Bar-restoran-Anjis-5watermark.jpg 1000w, https:\/\/asart.com.ua\/wp-content\/uploads\/2018\/08\/Bar-restoran-Anjis-5watermark-300x200.jpg 300w, https:\/\/asart.com.ua\/wp-content\/uploads\/2018\/08\/Bar-restoran-Anjis-5watermark-768x512.jpg 768w, https:\/\/asart.com.ua\/wp-content\/uploads\/2018\/08\/Bar-restoran-Anjis-5watermark-240x160.jpg 240w\" sizes=\"(max-width: 1000px) 100vw, 1000px\" \/><\/a> <a href=\"https:\/\/asart.com.ua\/wp-content\/uploads\/2018\/11\/anjis-hell-12watermark.jpg\"><img loading=\"lazy\" decoding=\"async\" class=\"aligncenter size-full wp-image-9361 colorbox-18481\" src=\"https:\/\/asart.com.ua\/wp-content\/uploads\/2018\/11\/anjis-hell-12watermark.jpg\" alt=\"\" width=\"1000\" height=\"563\" srcset=\"https:\/\/asart.com.ua\/wp-content\/uploads\/2018\/11\/anjis-hell-12watermark.jpg 1000w, https:\/\/asart.com.ua\/wp-content\/uploads\/2018\/11\/anjis-hell-12watermark-300x169.jpg 300w, https:\/\/asart.com.ua\/wp-content\/uploads\/2018\/11\/anjis-hell-12watermark-768x432.jpg 768w\" sizes=\"(max-width: 1000px) 100vw, 1000px\" \/><\/a> <a href=\"https:\/\/asart.com.ua\/wp-content\/uploads\/2018\/08\/Bar-restoran-Anjis-6watermark.jpg\"><img loading=\"lazy\" decoding=\"async\" class=\"aligncenter size-full wp-image-6762 colorbox-18481\" src=\"https:\/\/asart.com.ua\/wp-content\/uploads\/2018\/08\/Bar-restoran-Anjis-6watermark.jpg\" alt=\"\" width=\"1000\" height=\"667\" srcset=\"https:\/\/asart.com.ua\/wp-content\/uploads\/2018\/08\/Bar-restoran-Anjis-6watermark.jpg 1000w, https:\/\/asart.com.ua\/wp-content\/uploads\/2018\/08\/Bar-restoran-Anjis-6watermark-300x200.jpg 300w, https:\/\/asart.com.ua\/wp-content\/uploads\/2018\/08\/Bar-restoran-Anjis-6watermark-768x512.jpg 768w, https:\/\/asart.com.ua\/wp-content\/uploads\/2018\/08\/Bar-restoran-Anjis-6watermark-240x160.jpg 240w\" sizes=\"(max-width: 1000px) 100vw, 1000px\" \/><\/a><\/p>\n<h3> Zaj\u00edmav\u00e9 dopl\u0148ky a dekorace.<\/h3>\n<p> V cen\u011b za design restaurace je krom\u011b vypracov\u00e1n\u00ed unik\u00e1tn\u00edho designu interi\u00e9ru i v\u00fdb\u011br materi\u00e1l\u016f pro rekonstrukci a v\u00fdzdobu restaurace. Stavebn\u00ed materi\u00e1ly budou vyb\u00edr\u00e1ny s ohledem na schv\u00e1len\u00fd styl a barvu a jejich cena bude n\u00edzk\u00e1. A tak\u00e9 design\u00e9r Asart vybere <em>ten nejvhodn\u011bj\u0161\u00ed kr\u00e1sn\u00fd, kompaktn\u00ed a funk\u010dn\u00ed n\u00e1bytek, dekorativn\u00ed prvky a designov\u00e9 dopl\u0148ky<\/em> . To v\u0161e ud\u011bl\u00e1 m\u00edstnost zaj\u00edmavou, zapamatovatelnou a odli\u0161nou se od podobn\u00fdch za\u0159\u00edzen\u00ed.<\/p>\n<p> V na\u0161em studiu si m\u016f\u017eete objednat v\u00fdvoj designu interi\u00e9ru restaurace za n\u00edzkou cenu. Ve\u0161ker\u00e9 projek\u010dn\u00ed pr\u00e1ce budou dokon\u010deny v\u010das.<\/p>\n","protected":false},"excerpt":{"rendered":"<p>V Charkov\u011b je mnoho restaurac\u00ed, kter\u00e9 <a class=\"continue_link\" href=\"https:\/\/asart.com.ua\/cs\/restoranov-kafe\/stoimost-dizajna\/\">\u0427\u0438\u0442\u0430\u0442\u044c \u0434\u0430\u043b\u0435\u0435 >><\/a><\/p>\n","protected":false},"author":6,"featured_media":0,"parent":18463,"menu_order":0,"comment_status":"closed","ping_status":"closed","template":"","meta":{"footnotes":""},"acf":[],"aioseo_notices":[],"_links":{"self":[{"href":"https:\/\/asart.com.ua\/cs\/wp-json\/wp\/v2\/pages\/18481"}],"collection":[{"href":"https:\/\/asart.com.ua\/cs\/wp-json\/wp\/v2\/pages"}],"about":[{"href":"https:\/\/asart.com.ua\/cs\/wp-json\/wp\/v2\/types\/page"}],"author":[{"embeddable":true,"href":"https:\/\/asart.com.ua\/cs\/wp-json\/wp\/v2\/users\/6"}],"replies":[{"embeddable":true,"href":"https:\/\/asart.com.ua\/cs\/wp-json\/wp\/v2\/comments?post=18481"}],"version-history":[{"count":1,"href":"https:\/\/asart.com.ua\/cs\/wp-json\/wp\/v2\/pages\/18481\/revisions"}],"predecessor-version":[{"id":18484,"href":"https:\/\/asart.com.ua\/cs\/wp-json\/wp\/v2\/pages\/18481\/revisions\/18484"}],"up":[{"embeddable":true,"href":"https:\/\/asart.com.ua\/cs\/wp-json\/wp\/v2\/pages\/18463"}],"wp:attachment":[{"href":"https:\/\/asart.com.ua\/cs\/wp-json\/wp\/v2\/media?parent=18481"}],"curies":[{"name":"wp","href":"https:\/\/api.w.org\/{rel}","templated":true}]}}