{"id":18475,"date":"2017-08-01T20:17:48","date_gmt":"2017-08-01T17:17:48","guid":{"rendered":"https:\/\/asart.com.ua\/restoranov-kafe\/dizajn-cena\/"},"modified":"2023-11-24T02:16:21","modified_gmt":"2023-11-23T23:16:21","slug":"dizajn-cena","status":"publish","type":"page","link":"https:\/\/asart.com.ua\/cs\/restoranov-kafe\/dizajn-cena\/","title":{"rendered":"N\u00e1klady na projekt interi\u00e9ru restaurace"},"content":{"rendered":"<p>Ka\u017ed\u00fd majitel restaurace si p\u0159eje, aby jeho podnik vzkv\u00e9tal, m\u011bl v\u017edy hodn\u011b host\u016f a <strong>aby are\u00e1l vy\u010dn\u00edval od ostatn\u00edch podobn\u00fdch podnik\u016f<\/strong> . K tomu prov\u00e1d\u011bj\u00ed r\u016fzn\u00e9 opravy a dokon\u010dovac\u00ed pr\u00e1ce. Je v\u0161ak t\u0159eba poznamenat, \u017ee nebude sta\u010dit prov\u00e1d\u011bt opravy, neumo\u017e\u0148uje vytvo\u0159it interi\u00e9r:<\/p>\n<ul>\n<li> stylov\u00fd<\/li>\n<li> m\u00f3dn\u00ed<\/li>\n<li> modern\u00ed<\/li>\n<li> unik\u00e1tn\u00ed<\/li>\n<li> zaj\u00edmav\u00fd<\/li>\n<\/ul>\n<p> Chcete-li to prov\u00e9st, m\u011bli byste si objednat v\u00fdvoj individu\u00e1ln\u00edho designov\u00e9ho projektu. N\u00e1klady na slu\u017eby z\u00e1vis\u00ed na objemu pr\u00e1ce, jej\u00ed slo\u017eitosti a tak\u00e9 na plo\u0161e restaurace a specifik\u00e1ch jej\u00edch \u010dinnost\u00ed. Ka\u017ed\u00fd design\u00e9r oce\u0148uje svou pr\u00e1ci jinak a vysok\u00e1 cena ne v\u017edy odpov\u00edd\u00e1 profesion\u00e1ln\u00ed \u00farovni. <\/p>\n<p><img loading=\"lazy\" decoding=\"async\" class=\"aligncenter wp-image-4923 size-full colorbox-18475\" src=\"https:\/\/asart.com.ua\/wp-content\/uploads\/2016\/10\/Karaoke-Albir-1.jpg\" alt=\"Interi\u00e9ry restaurace\" width=\"1024\" height=\"708\" \/><\/p>\n<p> <a href=\"https:\/\/asart.com.ua\/wp-content\/uploads\/2015\/05\/shou-restoran-AltBir_1-2watermark.jpg\"><img loading=\"lazy\" decoding=\"async\" class=\"aligncenter  wp-image-3990 colorbox-18475\" src=\"https:\/\/asart.com.ua\/wp-content\/uploads\/2015\/05\/shou-restoran-AltBir_1-2watermark.jpg\" alt=\"\" width=\"1024\" height=\"768\" srcset=\"https:\/\/asart.com.ua\/wp-content\/uploads\/2015\/05\/shou-restoran-AltBir_1-2watermark.jpg 1000w, https:\/\/asart.com.ua\/wp-content\/uploads\/2015\/05\/shou-restoran-AltBir_1-2watermark-300x225.jpg 300w, https:\/\/asart.com.ua\/wp-content\/uploads\/2015\/05\/shou-restoran-AltBir_1-2watermark-160x120.jpg 160w, https:\/\/asart.com.ua\/wp-content\/uploads\/2015\/05\/shou-restoran-AltBir_1-2watermark-289x217.jpg 289w\" sizes=\"(max-width: 1024px) 100vw, 1024px\" \/><\/a> <a href=\"https:\/\/asart.com.ua\/wp-content\/uploads\/2015\/05\/shou-restoran-AltBir_1-8watermark.jpg\"><img loading=\"lazy\" decoding=\"async\" class=\"aligncenter  wp-image-3996 colorbox-18475\" src=\"https:\/\/asart.com.ua\/wp-content\/uploads\/2015\/05\/shou-restoran-AltBir_1-8watermark.jpg\" alt=\"\" width=\"1013\" height=\"760\" srcset=\"https:\/\/asart.com.ua\/wp-content\/uploads\/2015\/05\/shou-restoran-AltBir_1-8watermark.jpg 1000w, https:\/\/asart.com.ua\/wp-content\/uploads\/2015\/05\/shou-restoran-AltBir_1-8watermark-300x225.jpg 300w, https:\/\/asart.com.ua\/wp-content\/uploads\/2015\/05\/shou-restoran-AltBir_1-8watermark-160x120.jpg 160w, https:\/\/asart.com.ua\/wp-content\/uploads\/2015\/05\/shou-restoran-AltBir_1-8watermark-289x217.jpg 289w\" sizes=\"(max-width: 1013px) 100vw, 1013px\" \/><\/a><\/p>\n<p> <a href=\"https:\/\/asart.com.ua\/wp-content\/uploads\/2015\/05\/shou-restoran-AltBir_1-12watermark.jpg\"><img loading=\"lazy\" decoding=\"async\" class=\"aligncenter size-full wp-image-4000 colorbox-18475\" src=\"https:\/\/asart.com.ua\/wp-content\/uploads\/2015\/05\/shou-restoran-AltBir_1-12watermark.jpg\" alt=\"\" width=\"1000\" height=\"750\" srcset=\"https:\/\/asart.com.ua\/wp-content\/uploads\/2015\/05\/shou-restoran-AltBir_1-12watermark.jpg 1000w, https:\/\/asart.com.ua\/wp-content\/uploads\/2015\/05\/shou-restoran-AltBir_1-12watermark-300x225.jpg 300w, https:\/\/asart.com.ua\/wp-content\/uploads\/2015\/05\/shou-restoran-AltBir_1-12watermark-160x120.jpg 160w, https:\/\/asart.com.ua\/wp-content\/uploads\/2015\/05\/shou-restoran-AltBir_1-12watermark-289x217.jpg 289w\" sizes=\"(max-width: 1000px) 100vw, 1000px\" \/><\/a> <a href=\"https:\/\/asart.com.ua\/wp-content\/uploads\/2015\/05\/shou-restoran-AltBir_1-18watermark.jpg\"><img loading=\"lazy\" decoding=\"async\" class=\"aligncenter  wp-image-4006 colorbox-18475\" src=\"https:\/\/asart.com.ua\/wp-content\/uploads\/2015\/05\/shou-restoran-AltBir_1-18watermark.jpg\" alt=\"\" width=\"1004\" height=\"753\" srcset=\"https:\/\/asart.com.ua\/wp-content\/uploads\/2015\/05\/shou-restoran-AltBir_1-18watermark.jpg 1000w, https:\/\/asart.com.ua\/wp-content\/uploads\/2015\/05\/shou-restoran-AltBir_1-18watermark-300x225.jpg 300w, https:\/\/asart.com.ua\/wp-content\/uploads\/2015\/05\/shou-restoran-AltBir_1-18watermark-160x120.jpg 160w, https:\/\/asart.com.ua\/wp-content\/uploads\/2015\/05\/shou-restoran-AltBir_1-18watermark-289x217.jpg 289w\" sizes=\"(max-width: 1004px) 100vw, 1004px\" \/><\/a><\/p>\n<h2> Kvalifikovan\u00e9 projek\u010dn\u00ed slu\u017eby.<\/h2>\n<p> Vzhledem k tomu, \u017ee interi\u00e9rov\u00fd design hraje d\u016fle\u017eitou roli v \u010dinnosti ka\u017ed\u00e9 restaurace, m\u011blo by se k v\u00fdb\u011bru designov\u00e9 spole\u010dnosti p\u0159istupovat se v\u0161\u00ed odpov\u011bdnost\u00ed. Na\u0161e studio se specializuje na v\u00fdvoj unik\u00e1tn\u00edch projekt\u016f za konkurenceschopn\u00e9 ceny. Na\u0161im klient\u016fm nab\u00edz\u00edme:<\/p>\n<ul>\n<li> jedine\u010dn\u00e9 n\u00e1pady<\/li>\n<li> optim\u00e1ln\u00ed ceny<\/li>\n<li> dokon\u010den\u00ed pr\u00e1ce v term\u00ednu<\/li>\n<\/ul>\n<p> Asart tak\u00e9 poskytuje 3D vizualizace a slu\u017eby dohledu nad n\u00e1vrhem. Ve\u0161ker\u00e9 projek\u010dn\u00ed pr\u00e1ce prov\u00e1d\u00edme za nejlep\u0161\u00ed cenu v Charkov\u011b. Chcete-li ur\u010dit n\u00e1klady na projekt interi\u00e9ru restaurace, n\u00e1vrh\u00e1\u0159i jej mus\u00ed zkontrolovat, posoudit jeho stav a zjistit va\u0161e po\u017eadavky a preference v dekoraci a designu. Aby va\u0161e provozovna vy\u010dn\u00edvala z podobn\u00fdch, je t\u0159eba zvolit zaj\u00edmav\u00fd styl a barevnou paletu. Na\u0161i specialist\u00e9 dok\u00e1\u017eou o\u017eivit jak\u00fdkoli modern\u00ed styl a nen\u00ed snadn\u00e9 jej p\u0159ev\u00e9st do klasick\u00e9ho designu, kter\u00fd p\u0159edt\u00edm vylep\u0161ili a vylep\u0161ili jedine\u010dn\u00fdmi designov\u00fdmi prvky.<\/p>\n<p> <a href=\"https:\/\/asart.com.ua\/wp-content\/uploads\/2015\/05\/Karaoke-Altbir1-watermark-.jpg\"><img loading=\"lazy\" decoding=\"async\" class=\"aligncenter size-full wp-image-3967 colorbox-18475\" src=\"https:\/\/asart.com.ua\/wp-content\/uploads\/2015\/05\/Karaoke-Altbir1-watermark-.jpg\" alt=\"\" width=\"1000\" height=\"750\" srcset=\"https:\/\/asart.com.ua\/wp-content\/uploads\/2015\/05\/Karaoke-Altbir1-watermark-.jpg 1000w, https:\/\/asart.com.ua\/wp-content\/uploads\/2015\/05\/Karaoke-Altbir1-watermark--300x225.jpg 300w, https:\/\/asart.com.ua\/wp-content\/uploads\/2015\/05\/Karaoke-Altbir1-watermark--160x120.jpg 160w, https:\/\/asart.com.ua\/wp-content\/uploads\/2015\/05\/Karaoke-Altbir1-watermark--289x217.jpg 289w\" sizes=\"(max-width: 1000px) 100vw, 1000px\" \/><\/a><\/p>\n<p> <a href=\"https:\/\/asart.com.ua\/wp-content\/uploads\/2015\/05\/Karaoke-Altbir3-watermark-.jpg\"><img loading=\"lazy\" decoding=\"async\" class=\"aligncenter size-full wp-image-3969 colorbox-18475\" src=\"https:\/\/asart.com.ua\/wp-content\/uploads\/2015\/05\/Karaoke-Altbir3-watermark-.jpg\" alt=\"\" width=\"1000\" height=\"750\" srcset=\"https:\/\/asart.com.ua\/wp-content\/uploads\/2015\/05\/Karaoke-Altbir3-watermark-.jpg 1000w, https:\/\/asart.com.ua\/wp-content\/uploads\/2015\/05\/Karaoke-Altbir3-watermark--300x225.jpg 300w, https:\/\/asart.com.ua\/wp-content\/uploads\/2015\/05\/Karaoke-Altbir3-watermark--160x120.jpg 160w, https:\/\/asart.com.ua\/wp-content\/uploads\/2015\/05\/Karaoke-Altbir3-watermark--289x217.jpg 289w\" sizes=\"(max-width: 1000px) 100vw, 1000px\" \/><\/a><\/p>\n<p> <a href=\"https:\/\/asart.com.ua\/wp-content\/uploads\/2018\/08\/Bar-restoran-Anjis-8watermark.jpg\"><img loading=\"lazy\" decoding=\"async\" class=\"aligncenter size-full wp-image-6766 colorbox-18475\" src=\"https:\/\/asart.com.ua\/wp-content\/uploads\/2018\/08\/Bar-restoran-Anjis-8watermark.jpg\" alt=\"\" width=\"1000\" height=\"667\" srcset=\"https:\/\/asart.com.ua\/wp-content\/uploads\/2018\/08\/Bar-restoran-Anjis-8watermark.jpg 1000w, https:\/\/asart.com.ua\/wp-content\/uploads\/2018\/08\/Bar-restoran-Anjis-8watermark-300x200.jpg 300w, https:\/\/asart.com.ua\/wp-content\/uploads\/2018\/08\/Bar-restoran-Anjis-8watermark-768x512.jpg 768w, https:\/\/asart.com.ua\/wp-content\/uploads\/2018\/08\/Bar-restoran-Anjis-8watermark-240x160.jpg 240w\" sizes=\"(max-width: 1000px) 100vw, 1000px\" \/><\/a><\/p>\n<p> <a href=\"https:\/\/asart.com.ua\/wp-content\/uploads\/2018\/02\/1-5watermark.jpg\"><img loading=\"lazy\" decoding=\"async\" class=\"aligncenter size-full wp-image-5834 colorbox-18475\" src=\"https:\/\/asart.com.ua\/wp-content\/uploads\/2018\/02\/1-5watermark.jpg\" alt=\"\" width=\"1000\" height=\"667\" \/><\/a><\/p>\n<p> <a href=\"https:\/\/asart.com.ua\/wp-content\/uploads\/2018\/11\/fb_img_1653811248021.jpg\"><img loading=\"lazy\" decoding=\"async\" class=\"aligncenter  wp-image-9306 colorbox-18475\" src=\"https:\/\/asart.com.ua\/wp-content\/uploads\/2018\/11\/fb_img_1653811248021.jpg\" alt=\"\" width=\"1002\" height=\"565\" srcset=\"https:\/\/asart.com.ua\/wp-content\/uploads\/2018\/11\/fb_img_1653811248021.jpg 1080w, https:\/\/asart.com.ua\/wp-content\/uploads\/2018\/11\/fb_img_1653811248021-300x169.jpg 300w, https:\/\/asart.com.ua\/wp-content\/uploads\/2018\/11\/fb_img_1653811248021-1024x577.jpg 1024w, https:\/\/asart.com.ua\/wp-content\/uploads\/2018\/11\/fb_img_1653811248021-768x433.jpg 768w\" sizes=\"(max-width: 1002px) 100vw, 1002px\" \/><\/a><\/p>\n<p> <a href=\"https:\/\/asart.com.ua\/wp-content\/uploads\/2018\/11\/anjis-hell-12watermark.jpg\"><img loading=\"lazy\" decoding=\"async\" class=\"aligncenter size-full wp-image-9361 colorbox-18475\" src=\"https:\/\/asart.com.ua\/wp-content\/uploads\/2018\/11\/anjis-hell-12watermark.jpg\" alt=\"\" width=\"1000\" height=\"563\" srcset=\"https:\/\/asart.com.ua\/wp-content\/uploads\/2018\/11\/anjis-hell-12watermark.jpg 1000w, https:\/\/asart.com.ua\/wp-content\/uploads\/2018\/11\/anjis-hell-12watermark-300x169.jpg 300w, https:\/\/asart.com.ua\/wp-content\/uploads\/2018\/11\/anjis-hell-12watermark-768x432.jpg 768w\" sizes=\"(max-width: 1000px) 100vw, 1000px\" \/><\/a> <a href=\"https:\/\/asart.com.ua\/wp-content\/uploads\/2018\/11\/anjis-hell-8watermark.jpg\"><img loading=\"lazy\" decoding=\"async\" class=\"aligncenter size-full wp-image-9353 colorbox-18475\" src=\"https:\/\/asart.com.ua\/wp-content\/uploads\/2018\/11\/anjis-hell-8watermark.jpg\" alt=\"\" width=\"1000\" height=\"563\" \/><\/a><\/p>\n<h3> V\u00fdb\u011br opravn\u00fdch a dokon\u010dovac\u00edch materi\u00e1l\u016f.<\/h3>\n<p> V cen\u011b projektu je krom\u011b vytvo\u0159en\u00ed jedine\u010dn\u00e9ho designu interi\u00e9ru i v\u00fdb\u011br materi\u00e1l\u016f pro rekonstrukci a v\u00fdzdobu restaurace. <em>Tyto materi\u00e1ly budou kvalitn\u00ed a praktick\u00e9<\/em> a nav\u00edc je po\u0159\u00edd\u00edte za n\u00edzkou cenu. Krom\u011b materi\u00e1l\u016f pro va\u0161i provozovnu vybereme kr\u00e1sn\u00fd, praktick\u00fd a funk\u010dn\u00ed n\u00e1bytek, modern\u00ed designov\u00e9 dopl\u0148ky a stylov\u00e9 dekorativn\u00ed prvky. Projekt interi\u00e9ru za optim\u00e1ln\u00ed cenu ud\u011bl\u00e1 restauraci modern\u00ed, zaj\u00edmavou, jedine\u010dnou a tak\u00e9 v n\u00ed vytvo\u0159\u00ed pohodlnou a harmonickou atmosf\u00e9ru.<\/p>\n<p> Na\u0161e studio vytvo\u0159\u00ed jedine\u010dn\u00fd designov\u00fd projekt pro va\u0161i restauraci za n\u00edzkou cenu v Charkov\u011b.<\/p>\n","protected":false},"excerpt":{"rendered":"<p>Ka\u017ed\u00fd majitel restaurace si p\u0159eje, aby <a class=\"continue_link\" href=\"https:\/\/asart.com.ua\/cs\/restoranov-kafe\/dizajn-cena\/\">\u0427\u0438\u0442\u0430\u0442\u044c \u0434\u0430\u043b\u0435\u0435 >><\/a><\/p>\n","protected":false},"author":6,"featured_media":0,"parent":18463,"menu_order":0,"comment_status":"closed","ping_status":"closed","template":"","meta":{"footnotes":""},"acf":[],"aioseo_notices":[],"_links":{"self":[{"href":"https:\/\/asart.com.ua\/cs\/wp-json\/wp\/v2\/pages\/18475"}],"collection":[{"href":"https:\/\/asart.com.ua\/cs\/wp-json\/wp\/v2\/pages"}],"about":[{"href":"https:\/\/asart.com.ua\/cs\/wp-json\/wp\/v2\/types\/page"}],"author":[{"embeddable":true,"href":"https:\/\/asart.com.ua\/cs\/wp-json\/wp\/v2\/users\/6"}],"replies":[{"embeddable":true,"href":"https:\/\/asart.com.ua\/cs\/wp-json\/wp\/v2\/comments?post=18475"}],"version-history":[{"count":1,"href":"https:\/\/asart.com.ua\/cs\/wp-json\/wp\/v2\/pages\/18475\/revisions"}],"predecessor-version":[{"id":18478,"href":"https:\/\/asart.com.ua\/cs\/wp-json\/wp\/v2\/pages\/18475\/revisions\/18478"}],"up":[{"embeddable":true,"href":"https:\/\/asart.com.ua\/cs\/wp-json\/wp\/v2\/pages\/18463"}],"wp:attachment":[{"href":"https:\/\/asart.com.ua\/cs\/wp-json\/wp\/v2\/media?parent=18475"}],"curies":[{"name":"wp","href":"https:\/\/api.w.org\/{rel}","templated":true}]}}