{"id":18469,"date":"2021-08-01T20:26:11","date_gmt":"2021-08-01T17:26:11","guid":{"rendered":"https:\/\/asart.com.ua\/restoranov-kafe\/proekt-interera\/"},"modified":"2023-11-27T15:35:08","modified_gmt":"2023-11-27T12:35:08","slug":"proekt-interera","status":"publish","type":"page","link":"https:\/\/asart.com.ua\/cs\/restoranov-kafe\/proekt-interera\/","title":{"rendered":"N\u00e1vrh interi\u00e9ru restaurace"},"content":{"rendered":"<p>Pokud chcete, aby byla va\u0161e restaurace v Charkov\u011b obl\u00edben\u00e1 a \u017e\u00e1dan\u00e1, mus\u00ed m\u00edt sv\u011btl\u00e9 a zaj\u00edmav\u00e9 funkce, kter\u00e9 ji odli\u0161\u00ed od podobn\u00fdch podnik\u016f. Obrovskou roli proto hraje vnit\u0159n\u00ed i vn\u011bj\u0161\u00ed design budovy. A tak\u00e9 <strong>interi\u00e9r by m\u011bl b\u00fdt nejen kr\u00e1sn\u00fd, ale tak\u00e9 funk\u010dn\u00ed<\/strong> , aby n\u00e1v\u0161t\u011bvn\u00edci a zam\u011bstnanci m\u011bli:<\/p>\n<ul>\n<li> komfortn\u00ed<\/li>\n<li> \u00fatuln\u00fd<\/li>\n<li> klidn\u011b<\/li>\n<\/ul>\n<p> Koneckonc\u016f, lid\u00e9 p\u0159ich\u00e1zej\u00ed do restaurac\u00ed nejen j\u00edst chutn\u00e9 j\u00eddlo, ale tak\u00e9 str\u00e1vit \u010das v p\u0159\u00edjemn\u00e9, harmonick\u00e9 atmosf\u00e9\u0159e. Proto se neobejdete bez vypracov\u00e1n\u00ed individu\u00e1ln\u00edho designov\u00e9ho projektu.<\/p>\n<div id=\"attachment_5826\" style=\"width: 1010px\" class=\"wp-caption aligncenter\"><a href=\"https:\/\/asart.com.ua\/wp-content\/uploads\/2018\/02\/1-1watermark.jpg\"><img loading=\"lazy\" decoding=\"async\" aria-describedby=\"caption-attachment-5826\" class=\"size-full wp-image-5826 colorbox-18469\" src=\"https:\/\/asart.com.ua\/wp-content\/uploads\/2018\/02\/1-1watermark.jpg\" alt=\"\" width=\"1000\" height=\"667\" srcset=\"https:\/\/asart.com.ua\/wp-content\/uploads\/2018\/02\/1-1watermark.jpg 1000w, https:\/\/asart.com.ua\/wp-content\/uploads\/2018\/02\/1-1watermark-300x200.jpg 300w, https:\/\/asart.com.ua\/wp-content\/uploads\/2018\/02\/1-1watermark-768x512.jpg 768w, https:\/\/asart.com.ua\/wp-content\/uploads\/2018\/02\/1-1watermark-240x160.jpg 240w\" sizes=\"(max-width: 1000px) 100vw, 1000px\" \/><\/a><p id=\"caption-attachment-5826\" class=\"wp-caption-text\">Anjis Club \u2013 Resto Bar<\/p><\/div>\n<p> <a href=\"https:\/\/asart.com.ua\/wp-content\/uploads\/2018\/02\/1-37watermark.jpg\"><img loading=\"lazy\" decoding=\"async\" class=\"aligncenter size-full wp-image-5896 colorbox-18469\" src=\"https:\/\/asart.com.ua\/wp-content\/uploads\/2018\/02\/1-37watermark.jpg\" alt=\"\" width=\"1000\" height=\"667\" srcset=\"https:\/\/asart.com.ua\/wp-content\/uploads\/2018\/02\/1-37watermark.jpg 1000w, https:\/\/asart.com.ua\/wp-content\/uploads\/2018\/02\/1-37watermark-300x200.jpg 300w, https:\/\/asart.com.ua\/wp-content\/uploads\/2018\/02\/1-37watermark-768x512.jpg 768w, https:\/\/asart.com.ua\/wp-content\/uploads\/2018\/02\/1-37watermark-240x160.jpg 240w\" sizes=\"(max-width: 1000px) 100vw, 1000px\" \/><\/a> <a href=\"https:\/\/asart.com.ua\/wp-content\/uploads\/2018\/02\/1-2watermark.jpg\"><img loading=\"lazy\" decoding=\"async\" class=\"aligncenter size-full wp-image-5828 colorbox-18469\" src=\"https:\/\/asart.com.ua\/wp-content\/uploads\/2018\/02\/1-2watermark.jpg\" alt=\"\" width=\"1000\" height=\"667\" srcset=\"https:\/\/asart.com.ua\/wp-content\/uploads\/2018\/02\/1-2watermark.jpg 1000w, https:\/\/asart.com.ua\/wp-content\/uploads\/2018\/02\/1-2watermark-300x200.jpg 300w, https:\/\/asart.com.ua\/wp-content\/uploads\/2018\/02\/1-2watermark-768x512.jpg 768w, https:\/\/asart.com.ua\/wp-content\/uploads\/2018\/02\/1-2watermark-240x160.jpg 240w\" sizes=\"(max-width: 1000px) 100vw, 1000px\" \/><\/a> <a href=\"https:\/\/asart.com.ua\/wp-content\/uploads\/2018\/08\/Bar-restoran-Anjis-8watermark.jpg\"><img loading=\"lazy\" decoding=\"async\" class=\"aligncenter size-full wp-image-6766 colorbox-18469\" src=\"https:\/\/asart.com.ua\/wp-content\/uploads\/2018\/08\/Bar-restoran-Anjis-8watermark.jpg\" alt=\"\" width=\"1000\" height=\"667\" srcset=\"https:\/\/asart.com.ua\/wp-content\/uploads\/2018\/08\/Bar-restoran-Anjis-8watermark.jpg 1000w, https:\/\/asart.com.ua\/wp-content\/uploads\/2018\/08\/Bar-restoran-Anjis-8watermark-300x200.jpg 300w, https:\/\/asart.com.ua\/wp-content\/uploads\/2018\/08\/Bar-restoran-Anjis-8watermark-768x512.jpg 768w, https:\/\/asart.com.ua\/wp-content\/uploads\/2018\/08\/Bar-restoran-Anjis-8watermark-240x160.jpg 240w\" sizes=\"(max-width: 1000px) 100vw, 1000px\" \/><\/a> <a href=\"https:\/\/asart.com.ua\/wp-content\/uploads\/2018\/08\/Bar-restoran-Anjis-4watermark.jpg\"><img loading=\"lazy\" decoding=\"async\" class=\"aligncenter size-full wp-image-6758 colorbox-18469\" src=\"https:\/\/asart.com.ua\/wp-content\/uploads\/2018\/08\/Bar-restoran-Anjis-4watermark.jpg\" alt=\"\" width=\"1000\" height=\"667\" srcset=\"https:\/\/asart.com.ua\/wp-content\/uploads\/2018\/08\/Bar-restoran-Anjis-4watermark.jpg 1000w, https:\/\/asart.com.ua\/wp-content\/uploads\/2018\/08\/Bar-restoran-Anjis-4watermark-300x200.jpg 300w, https:\/\/asart.com.ua\/wp-content\/uploads\/2018\/08\/Bar-restoran-Anjis-4watermark-768x512.jpg 768w, https:\/\/asart.com.ua\/wp-content\/uploads\/2018\/08\/Bar-restoran-Anjis-4watermark-240x160.jpg 240w\" sizes=\"(max-width: 1000px) 100vw, 1000px\" \/><\/a> <a href=\"https:\/\/asart.com.ua\/wp-content\/uploads\/2018\/08\/Bar-restoran-Anjis-7watermark.jpg\"><img loading=\"lazy\" decoding=\"async\" class=\"aligncenter size-full wp-image-6764 colorbox-18469\" src=\"https:\/\/asart.com.ua\/wp-content\/uploads\/2018\/08\/Bar-restoran-Anjis-7watermark.jpg\" alt=\"\" width=\"1000\" height=\"667\" srcset=\"https:\/\/asart.com.ua\/wp-content\/uploads\/2018\/08\/Bar-restoran-Anjis-7watermark.jpg 1000w, https:\/\/asart.com.ua\/wp-content\/uploads\/2018\/08\/Bar-restoran-Anjis-7watermark-300x200.jpg 300w, https:\/\/asart.com.ua\/wp-content\/uploads\/2018\/08\/Bar-restoran-Anjis-7watermark-768x512.jpg 768w, https:\/\/asart.com.ua\/wp-content\/uploads\/2018\/08\/Bar-restoran-Anjis-7watermark-240x160.jpg 240w\" sizes=\"(max-width: 1000px) 100vw, 1000px\" \/><\/a> <a href=\"https:\/\/asart.com.ua\/wp-content\/uploads\/2018\/02\/1-49watermark.jpg\"><img loading=\"lazy\" decoding=\"async\" class=\"aligncenter size-full wp-image-5920 colorbox-18469\" src=\"https:\/\/asart.com.ua\/wp-content\/uploads\/2018\/02\/1-49watermark.jpg\" alt=\"\" width=\"1000\" height=\"667\" srcset=\"https:\/\/asart.com.ua\/wp-content\/uploads\/2018\/02\/1-49watermark.jpg 1000w, https:\/\/asart.com.ua\/wp-content\/uploads\/2018\/02\/1-49watermark-300x200.jpg 300w, https:\/\/asart.com.ua\/wp-content\/uploads\/2018\/02\/1-49watermark-768x512.jpg 768w, https:\/\/asart.com.ua\/wp-content\/uploads\/2018\/02\/1-49watermark-240x160.jpg 240w\" sizes=\"(max-width: 1000px) 100vw, 1000px\" \/><\/a><\/p>\n<h2> Profesion\u00e1ln\u00ed designov\u00e9 slu\u017eby.<\/h2>\n<p> Na\u0161e studio se specializuje na design:<\/p>\n<ul>\n<li> unik\u00e1tn\u00ed<\/li>\n<li> zaj\u00edmav\u00fd<\/li>\n<li> unik\u00e1tn\u00ed<\/li>\n<li> origin\u00e1l<\/li>\n<\/ul>\n<p> Projekty interi\u00e9rov\u00e9ho designu pro restaurace ve m\u011bst\u011b Charkov. V procesu v\u00fdvoje projektu interi\u00e9rov\u00e9ho designu bere design\u00e9r Asart v \u00favahu rysy a specifika \u010dinnost\u00ed va\u0161eho podniku, stejn\u011b jako um\u00edst\u011bn\u00ed, t\u00e9ma akc\u00ed, nab\u00edzen\u00e9 j\u00eddlo a obecn\u00fd koncept. Krom\u011b toho budou zohledn\u011bna v\u0161echna va\u0161e p\u0159\u00e1n\u00ed a po\u017eadavky t\u00fdkaj\u00edc\u00ed se oprav, dokon\u010dovac\u00edch a projek\u010dn\u00edch prac\u00ed.<\/p>\n<p> P\u0159ed zah\u00e1jen\u00edm procesu n\u00e1vrhu restaurace za v\u00e1mi p\u0159ijedou na\u0161i design\u00e9\u0159i, aby si prostory prohl\u00e9dli, posoudili jejich stav, dispozice a um\u00edst\u011bn\u00ed. B\u011bhem sch\u016fzky budete muset vybrat nejvhodn\u011bj\u0161\u00ed styl a barevnou paletu. Projekt interi\u00e9ru m\u016f\u017ee b\u00fdt vypracov\u00e1n v jednom nebo n\u011bkolika designov\u00fdch stylech. V\u0161e z\u00e1vis\u00ed na specifik\u00e1ch \u010dinnosti podniku, jeho n\u00e1v\u0161t\u011bvn\u00edc\u00edch a mnoha dal\u0161\u00edch faktorech. Zvol\u00edte-li n\u011bkolik styl\u016f, design\u00e9r Asart je harmonicky zkombinuje a p\u0159id\u00e1 sv\u016fj vlastn\u00ed designov\u00fd \u0161mrnc, d\u00edky kter\u00e9mu bude m\u00edstnost zvl\u00e1\u0161tn\u00ed a jedine\u010dn\u00e1.<\/p>\n<p> <a href=\"https:\/\/asart.com.ua\/wp-content\/uploads\/2018\/11\/anjis-hell-17watermark.jpg\"><img loading=\"lazy\" decoding=\"async\" class=\"aligncenter size-full wp-image-9371 colorbox-18469\" src=\"https:\/\/asart.com.ua\/wp-content\/uploads\/2018\/11\/anjis-hell-17watermark.jpg\" alt=\"\" width=\"1000\" height=\"563\" srcset=\"https:\/\/asart.com.ua\/wp-content\/uploads\/2018\/11\/anjis-hell-17watermark.jpg 1000w, https:\/\/asart.com.ua\/wp-content\/uploads\/2018\/11\/anjis-hell-17watermark-300x169.jpg 300w, https:\/\/asart.com.ua\/wp-content\/uploads\/2018\/11\/anjis-hell-17watermark-768x432.jpg 768w\" sizes=\"(max-width: 1000px) 100vw, 1000px\" \/><\/a> <a href=\"https:\/\/asart.com.ua\/wp-content\/uploads\/2018\/11\/anjis-hell-15watermark.jpg\"><img loading=\"lazy\" decoding=\"async\" class=\"aligncenter size-full wp-image-9367 colorbox-18469\" src=\"https:\/\/asart.com.ua\/wp-content\/uploads\/2018\/11\/anjis-hell-15watermark.jpg\" alt=\"\" width=\"1000\" height=\"563\" srcset=\"https:\/\/asart.com.ua\/wp-content\/uploads\/2018\/11\/anjis-hell-15watermark.jpg 1000w, https:\/\/asart.com.ua\/wp-content\/uploads\/2018\/11\/anjis-hell-15watermark-300x169.jpg 300w, https:\/\/asart.com.ua\/wp-content\/uploads\/2018\/11\/anjis-hell-15watermark-768x432.jpg 768w\" sizes=\"(max-width: 1000px) 100vw, 1000px\" \/><\/a><\/p>\n<p> Anjis Club &#8211; Resto Bar<\/p>\n<p> <a href=\"https:\/\/asart.com.ua\/wp-content\/uploads\/2018\/11\/anjis-hell-1watermark.jpg\"><img loading=\"lazy\" decoding=\"async\" class=\"aligncenter size-full wp-image-9339 colorbox-18469\" src=\"https:\/\/asart.com.ua\/wp-content\/uploads\/2018\/11\/anjis-hell-1watermark.jpg\" alt=\"\" width=\"1000\" height=\"564\" srcset=\"https:\/\/asart.com.ua\/wp-content\/uploads\/2018\/11\/anjis-hell-1watermark.jpg 1000w, https:\/\/asart.com.ua\/wp-content\/uploads\/2018\/11\/anjis-hell-1watermark-300x169.jpg 300w, https:\/\/asart.com.ua\/wp-content\/uploads\/2018\/11\/anjis-hell-1watermark-768x433.jpg 768w\" sizes=\"(max-width: 1000px) 100vw, 1000px\" \/><\/a><\/p>\n<\/p>\n<h3> V\u00fdb\u011br n\u00e1bytku, dopl\u0148k\u016f, textilu.<\/h3>\n<p> V procesu v\u00fdvoje n\u00e1vrhu projektu restaurace vybere n\u00e1\u0161 design\u00e9r opravn\u00e9 a dokon\u010dovac\u00ed materi\u00e1ly, kter\u00e9 budou nejl\u00e9pe odpov\u00eddat stylu interi\u00e9ru. Stejn\u011b tak n\u00e1bytek, dopl\u0148ky, dekorativn\u00ed prvky, sv\u00edtidla. Po dokon\u010den\u00ed v\u0161ech oprav a designov\u00fdch prac\u00ed <em>bude n\u00e1bytek um\u00edst\u011bn na nejvhodn\u011bj\u0161\u00ed m\u00edsta a odborn\u00edci vyzdob\u00ed m\u00edstnost dopl\u0148ky a dekorac\u00ed, zav\u011bs\u00ed a uspo\u0159\u00e1daj\u00ed sv\u00edtidla<\/em> .<\/p>\n<p> V na\u0161em studiu si m\u016f\u017eete objednat design a design restaurace za nejlep\u0161\u00ed cenu v Charkov\u011b. Design\u00e9\u0159i Asart vytv\u00e1\u0159ej\u00ed nenapodobiteln\u00e9 a jedine\u010dn\u00e9 interi\u00e9rov\u00e9 projekty. D\u00edky \u010demu\u017e bude ka\u017ed\u00fd pokoj zaj\u00edmav\u00fd a zapamatovateln\u00fd.<\/p>\n","protected":false},"excerpt":{"rendered":"<p>Pokud chcete, aby byla va\u0161e restaurace <a class=\"continue_link\" href=\"https:\/\/asart.com.ua\/cs\/restoranov-kafe\/proekt-interera\/\">\u0427\u0438\u0442\u0430\u0442\u044c \u0434\u0430\u043b\u0435\u0435 >><\/a><\/p>\n","protected":false},"author":6,"featured_media":0,"parent":18463,"menu_order":0,"comment_status":"closed","ping_status":"closed","template":"","meta":{"footnotes":""},"acf":[],"aioseo_notices":[],"_links":{"self":[{"href":"https:\/\/asart.com.ua\/cs\/wp-json\/wp\/v2\/pages\/18469"}],"collection":[{"href":"https:\/\/asart.com.ua\/cs\/wp-json\/wp\/v2\/pages"}],"about":[{"href":"https:\/\/asart.com.ua\/cs\/wp-json\/wp\/v2\/types\/page"}],"author":[{"embeddable":true,"href":"https:\/\/asart.com.ua\/cs\/wp-json\/wp\/v2\/users\/6"}],"replies":[{"embeddable":true,"href":"https:\/\/asart.com.ua\/cs\/wp-json\/wp\/v2\/comments?post=18469"}],"version-history":[{"count":1,"href":"https:\/\/asart.com.ua\/cs\/wp-json\/wp\/v2\/pages\/18469\/revisions"}],"predecessor-version":[{"id":18472,"href":"https:\/\/asart.com.ua\/cs\/wp-json\/wp\/v2\/pages\/18469\/revisions\/18472"}],"up":[{"embeddable":true,"href":"https:\/\/asart.com.ua\/cs\/wp-json\/wp\/v2\/pages\/18463"}],"wp:attachment":[{"href":"https:\/\/asart.com.ua\/cs\/wp-json\/wp\/v2\/media?parent=18469"}],"curies":[{"name":"wp","href":"https:\/\/api.w.org\/{rel}","templated":true}]}}