{"id":18463,"date":"2014-11-07T06:08:00","date_gmt":"2014-11-07T08:08:00","guid":{"rendered":"https:\/\/asart.com.ua\/restoranov-kafe\/"},"modified":"2023-11-27T15:34:11","modified_gmt":"2023-11-27T12:34:11","slug":"restoranov-kafe","status":"publish","type":"page","link":"https:\/\/asart.com.ua\/cs\/restoranov-kafe\/","title":{"rendered":"Design restaurace"},"content":{"rendered":"<p>Pokud chcete, aby byla va\u0161e restaurace v Charkov\u011b obl\u00edben\u00e1 a m\u011bla v\u017edy hodn\u011b n\u00e1v\u0161t\u011bvn\u00edk\u016f. V tomto p\u0159\u00edpad\u011b mus\u00edte <strong>v podniku vytvo\u0159it pohodlnou a \u00fatulnou atmosf\u00e9ru, nab\u00eddnout chutn\u00e9 j\u00eddlo a kvalitn\u00ed slu\u017eby<\/strong> . N\u00e1v\u0161t\u011bvn\u00edci se \u010dasto p\u0159ij\u00ed\u017ed\u011bj\u00ed nejen naj\u00edst, ale i odpo\u010dinout a pobavit se v kr\u00e1sn\u00e9m prost\u0159ed\u00ed. V Charkov\u011b je mnoho podnik\u016f s kr\u00e1sn\u00fdm designem, ale ne v\u0161echny p\u0159itahuj\u00ed pozornost a jsou nezapomenuteln\u00e9 sv\u00fdm designem a interi\u00e9rem. <img loading=\"lazy\" decoding=\"async\" class=\"aligncenter size-full wp-image-4005 colorbox-18463\" src=\"https:\/\/asart.com.ua\/wp-content\/uploads\/2015\/05\/shou-restoran-AltBir_1-17watermark.jpg\" alt=\"\" width=\"1000\" height=\"750\" srcset=\"https:\/\/asart.com.ua\/wp-content\/uploads\/2015\/05\/shou-restoran-AltBir_1-17watermark.jpg 1000w, https:\/\/asart.com.ua\/wp-content\/uploads\/2015\/05\/shou-restoran-AltBir_1-17watermark-300x225.jpg 300w, https:\/\/asart.com.ua\/wp-content\/uploads\/2015\/05\/shou-restoran-AltBir_1-17watermark-160x120.jpg 160w, https:\/\/asart.com.ua\/wp-content\/uploads\/2015\/05\/shou-restoran-AltBir_1-17watermark-289x217.jpg 289w\" sizes=\"(max-width: 1000px) 100vw, 1000px\" \/><\/p>\n<p> <a href=\"https:\/\/asart.com.ua\/wp-content\/uploads\/2015\/05\/shou-restoran-AltBir_1-11watermark.jpg\"><img loading=\"lazy\" decoding=\"async\" class=\"aligncenter  wp-image-3999 colorbox-18463\" src=\"https:\/\/asart.com.ua\/wp-content\/uploads\/2015\/05\/shou-restoran-AltBir_1-11watermark.jpg\" alt=\"\" width=\"1017\" height=\"763\" srcset=\"https:\/\/asart.com.ua\/wp-content\/uploads\/2015\/05\/shou-restoran-AltBir_1-11watermark.jpg 1000w, https:\/\/asart.com.ua\/wp-content\/uploads\/2015\/05\/shou-restoran-AltBir_1-11watermark-300x225.jpg 300w, https:\/\/asart.com.ua\/wp-content\/uploads\/2015\/05\/shou-restoran-AltBir_1-11watermark-160x120.jpg 160w, https:\/\/asart.com.ua\/wp-content\/uploads\/2015\/05\/shou-restoran-AltBir_1-11watermark-289x217.jpg 289w\" sizes=\"(max-width: 1017px) 100vw, 1017px\" \/><\/a> <img loading=\"lazy\" decoding=\"async\" class=\"aligncenter wp-image-4923 size-full colorbox-18463\" src=\"https:\/\/asart.com.ua\/wp-content\/uploads\/2016\/10\/Karaoke-Albir-1.jpg\" alt=\"Interi\u00e9ry restaurace\" width=\"1024\" height=\"708\" \/><\/p>\n<p> <a href=\"https:\/\/asart.com.ua\/wp-content\/uploads\/2015\/05\/shou-restoran-AltBir_1-18watermark.jpg\"><img loading=\"lazy\" decoding=\"async\" class=\"aligncenter  wp-image-4006 colorbox-18463\" src=\"https:\/\/asart.com.ua\/wp-content\/uploads\/2015\/05\/shou-restoran-AltBir_1-18watermark.jpg\" alt=\"\" width=\"1020\" height=\"765\" srcset=\"https:\/\/asart.com.ua\/wp-content\/uploads\/2015\/05\/shou-restoran-AltBir_1-18watermark.jpg 1000w, https:\/\/asart.com.ua\/wp-content\/uploads\/2015\/05\/shou-restoran-AltBir_1-18watermark-300x225.jpg 300w, https:\/\/asart.com.ua\/wp-content\/uploads\/2015\/05\/shou-restoran-AltBir_1-18watermark-160x120.jpg 160w, https:\/\/asart.com.ua\/wp-content\/uploads\/2015\/05\/shou-restoran-AltBir_1-18watermark-289x217.jpg 289w\" sizes=\"(max-width: 1020px) 100vw, 1020px\" \/><\/a><\/p>\n<p> <a href=\"https:\/\/asart.com.ua\/wp-content\/uploads\/2015\/05\/shou-restoran-AltBir_1-8watermark.jpg\"><img loading=\"lazy\" decoding=\"async\" class=\"aligncenter  wp-image-3996 colorbox-18463\" src=\"https:\/\/asart.com.ua\/wp-content\/uploads\/2015\/05\/shou-restoran-AltBir_1-8watermark.jpg\" alt=\"\" width=\"1020\" height=\"765\" srcset=\"https:\/\/asart.com.ua\/wp-content\/uploads\/2015\/05\/shou-restoran-AltBir_1-8watermark.jpg 1000w, https:\/\/asart.com.ua\/wp-content\/uploads\/2015\/05\/shou-restoran-AltBir_1-8watermark-300x225.jpg 300w, https:\/\/asart.com.ua\/wp-content\/uploads\/2015\/05\/shou-restoran-AltBir_1-8watermark-160x120.jpg 160w, https:\/\/asart.com.ua\/wp-content\/uploads\/2015\/05\/shou-restoran-AltBir_1-8watermark-289x217.jpg 289w\" sizes=\"(max-width: 1020px) 100vw, 1020px\" \/><\/a><\/p>\n<p> <a href=\"https:\/\/asart.com.ua\/wp-content\/uploads\/2015\/05\/shou-restoran-AltBir_1-12watermark.jpg\"><img loading=\"lazy\" decoding=\"async\" class=\"aligncenter size-full wp-image-4000 colorbox-18463\" src=\"https:\/\/asart.com.ua\/wp-content\/uploads\/2015\/05\/shou-restoran-AltBir_1-12watermark.jpg\" alt=\"\" width=\"1000\" height=\"750\" srcset=\"https:\/\/asart.com.ua\/wp-content\/uploads\/2015\/05\/shou-restoran-AltBir_1-12watermark.jpg 1000w, https:\/\/asart.com.ua\/wp-content\/uploads\/2015\/05\/shou-restoran-AltBir_1-12watermark-300x225.jpg 300w, https:\/\/asart.com.ua\/wp-content\/uploads\/2015\/05\/shou-restoran-AltBir_1-12watermark-160x120.jpg 160w, https:\/\/asart.com.ua\/wp-content\/uploads\/2015\/05\/shou-restoran-AltBir_1-12watermark-289x217.jpg 289w\" sizes=\"(max-width: 1000px) 100vw, 1000px\" \/><\/a> <img loading=\"lazy\" decoding=\"async\" class=\"aligncenter wp-image-3969 size-full colorbox-18463\" src=\"https:\/\/asart.com.ua\/wp-content\/uploads\/2015\/05\/Karaoke-Altbir3-watermark-.jpg\" alt=\"N\u00e1vrh interi\u00e9ru pro restauraci\" width=\"1000\" height=\"750\" srcset=\"https:\/\/asart.com.ua\/wp-content\/uploads\/2015\/05\/Karaoke-Altbir3-watermark-.jpg 1000w, https:\/\/asart.com.ua\/wp-content\/uploads\/2015\/05\/Karaoke-Altbir3-watermark--300x225.jpg 300w, https:\/\/asart.com.ua\/wp-content\/uploads\/2015\/05\/Karaoke-Altbir3-watermark--160x120.jpg 160w, https:\/\/asart.com.ua\/wp-content\/uploads\/2015\/05\/Karaoke-Altbir3-watermark--289x217.jpg 289w\" sizes=\"(max-width: 1000px) 100vw, 1000px\" \/><\/p>\n<h2> Kr\u00e1sn\u00fd a jedine\u010dn\u00fd pokoj.<\/h2>\n<p> Chcete-li, aby se va\u0161e restaurace stala obl\u00edben\u00fdm m\u00edstem, p\u0159il\u00e1kala n\u00e1v\u0161t\u011bvn\u00edky a zanechala v nich radostn\u00e9 emoce, m\u011bli byste si objednat v\u00fdvoj individu\u00e1ln\u00edho designov\u00e9ho projektu. D\u00edky \u010demu\u017e bude va\u0161e za\u0159\u00edzen\u00ed vy\u010dn\u00edvat od ostatn\u00edch. Na\u0161e studio se specializuje na tvorbu:<\/p>\n<ul>\n<li> unik\u00e1tn\u00ed<\/li>\n<li> v\u00fdhradn\u00ed<\/li>\n<li> origin\u00e1l<\/li>\n<li> zaj\u00edmav\u00fd<\/li>\n<\/ul>\n<p> Design interi\u00e9ru restaurace. Pro design\u00e9ry Asart nez\u00e1le\u017e\u00ed na plo\u0161e provozovny, po\u010dtu pater, dispozici, stavu a objemu projek\u010dn\u00edch slu\u017eeb. Rozs\u00e1hl\u00e9 zku\u0161enosti a vysok\u00e1 profesionalita v oblasti designu a interi\u00e9ru umo\u017e\u0148uj\u00ed vytv\u00e1\u0159et jedine\u010dn\u00e9 projekty s p\u0159ihl\u00e9dnut\u00edm ke v\u0161em p\u0159\u00e1n\u00edm a po\u017eadavk\u016fm z\u00e1kazn\u00edka. D\u00edky jedine\u010dn\u00e9mu designu bude m\u00edstnost:<\/p>\n<ul>\n<li> stylov\u00fd<\/li>\n<li> modern\u00ed<\/li>\n<li> komfortn\u00ed<\/li>\n<li> \u00fatuln\u00fd<\/li>\n<\/ul>\n<p> A tak\u00e9 atraktivn\u00ed v o\u010d\u00edch n\u00e1v\u0161t\u011bvn\u00edk\u016f. V\u00fdvoj designu interi\u00e9ru restaurace za\u010d\u00edn\u00e1 jeho kontrolou. Design\u00e9r Asart prohl\u00e9dne prostory, jejich stav a tak\u00e9 zjist\u00ed specifika a zam\u011b\u0159en\u00ed \u010dinnosti, vlastnosti kuchyn\u011b a obsluhy. B\u011bhem setk\u00e1n\u00ed budete moci vyj\u00e1d\u0159it sv\u00e1 p\u0159\u00e1n\u00ed a preference v oblasti designu a dekorac\u00ed. Budete se muset rozhodnout pro styl a barevn\u00e9 sch\u00e9ma. <a href=\"https:\/\/asart.com.ua\/wp-content\/uploads\/2016\/10\/Altbir-vip1-1.jpg\"><img loading=\"lazy\" decoding=\"async\" class=\"aligncenter size-full wp-image-4919 colorbox-18463\" src=\"https:\/\/asart.com.ua\/wp-content\/uploads\/2016\/10\/Altbir-vip1-1.jpg\" alt=\"\" width=\"1024\" height=\"683\" srcset=\"https:\/\/asart.com.ua\/wp-content\/uploads\/2016\/10\/Altbir-vip1-1.jpg 1024w, https:\/\/asart.com.ua\/wp-content\/uploads\/2016\/10\/Altbir-vip1-1-300x200.jpg 300w, https:\/\/asart.com.ua\/wp-content\/uploads\/2016\/10\/Altbir-vip1-1-768x512.jpg 768w, https:\/\/asart.com.ua\/wp-content\/uploads\/2016\/10\/Altbir-vip1-1-240x160.jpg 240w\" sizes=\"(max-width: 1024px) 100vw, 1024px\" \/><\/a> <a href=\"https:\/\/asart.com.ua\/wp-content\/uploads\/2016\/05\/Altbir-3-1.jpg\"><img loading=\"lazy\" decoding=\"async\" class=\"aligncenter size-full wp-image-4886 colorbox-18463\" src=\"https:\/\/asart.com.ua\/wp-content\/uploads\/2016\/05\/Altbir-3-1.jpg\" alt=\"\" width=\"1000\" height=\"667\" srcset=\"https:\/\/asart.com.ua\/wp-content\/uploads\/2016\/05\/Altbir-3-1.jpg 1000w, https:\/\/asart.com.ua\/wp-content\/uploads\/2016\/05\/Altbir-3-1-300x200.jpg 300w, https:\/\/asart.com.ua\/wp-content\/uploads\/2016\/05\/Altbir-3-1-768x512.jpg 768w, https:\/\/asart.com.ua\/wp-content\/uploads\/2016\/05\/Altbir-3-1-240x160.jpg 240w\" sizes=\"(max-width: 1000px) 100vw, 1000px\" \/><\/a> <a href=\"https:\/\/asart.com.ua\/wp-content\/uploads\/2016\/10\/Albir-vip1-1-1.jpg\"><img loading=\"lazy\" decoding=\"async\" class=\"aligncenter size-full wp-image-4898 colorbox-18463\" src=\"https:\/\/asart.com.ua\/wp-content\/uploads\/2016\/10\/Albir-vip1-1-1.jpg\" alt=\"\" width=\"1024\" height=\"652\" srcset=\"https:\/\/asart.com.ua\/wp-content\/uploads\/2016\/10\/Albir-vip1-1-1.jpg 1024w, https:\/\/asart.com.ua\/wp-content\/uploads\/2016\/10\/Albir-vip1-1-1-300x191.jpg 300w, https:\/\/asart.com.ua\/wp-content\/uploads\/2016\/10\/Albir-vip1-1-1-768x489.jpg 768w, https:\/\/asart.com.ua\/wp-content\/uploads\/2016\/10\/Albir-vip1-1-1-233x147.jpg 233w\" sizes=\"(max-width: 1024px) 100vw, 1024px\" \/><\/a> <a href=\"https:\/\/asart.com.ua\/wp-content\/uploads\/2016\/10\/Altbir-3-1.jpg\"><img loading=\"lazy\" decoding=\"async\" class=\"aligncenter size-full wp-image-4905 colorbox-18463\" src=\"https:\/\/asart.com.ua\/wp-content\/uploads\/2016\/10\/Altbir-3-1.jpg\" alt=\"\" width=\"1000\" height=\"667\" srcset=\"https:\/\/asart.com.ua\/wp-content\/uploads\/2016\/10\/Altbir-3-1.jpg 1000w, https:\/\/asart.com.ua\/wp-content\/uploads\/2016\/10\/Altbir-3-1-300x200.jpg 300w, https:\/\/asart.com.ua\/wp-content\/uploads\/2016\/10\/Altbir-3-1-768x512.jpg 768w, https:\/\/asart.com.ua\/wp-content\/uploads\/2016\/10\/Altbir-3-1-240x160.jpg 240w\" sizes=\"(max-width: 1000px) 100vw, 1000px\" \/><\/a> <a href=\"https:\/\/asart.com.ua\/wp-content\/uploads\/2016\/10\/Altbir-vip-2-1-1.jpg\"><img loading=\"lazy\" decoding=\"async\" class=\"aligncenter size-full wp-image-4909 colorbox-18463\" src=\"https:\/\/asart.com.ua\/wp-content\/uploads\/2016\/10\/Altbir-vip-2-1-1.jpg\" alt=\"\" width=\"1200\" height=\"364\" srcset=\"https:\/\/asart.com.ua\/wp-content\/uploads\/2016\/10\/Altbir-vip-2-1-1.jpg 1200w, https:\/\/asart.com.ua\/wp-content\/uploads\/2016\/10\/Altbir-vip-2-1-1-300x91.jpg 300w, https:\/\/asart.com.ua\/wp-content\/uploads\/2016\/10\/Altbir-vip-2-1-1-768x233.jpg 768w, https:\/\/asart.com.ua\/wp-content\/uploads\/2016\/10\/Altbir-vip-2-1-1-1024x311.jpg 1024w\" sizes=\"(max-width: 1200px) 100vw, 1200px\" \/><\/a><\/p>\n<h3> Modern\u00ed styly a barvy.<\/h3>\n<p> Interi\u00e9r restaurace m\u016f\u017ee b\u00fdt zt\u011blesn\u011bn v jak\u00e9mkoli modern\u00edm stylu. Pokud je plocha velk\u00e1, m\u016f\u017eete si vybrat n\u011bkolik styl\u016f, kter\u00e9 design\u00e9r Asart harmonicky zkombinuje a vylep\u0161\u00ed sv\u00fdmi vlastn\u00edmi designov\u00fdmi n\u00e1pady. Styl a barevn\u00e1 paleta mus\u00ed ka\u017edop\u00e1dn\u011b odpov\u00eddat celkov\u00e9 koncepci provozovny. N\u00e1\u0161 restaura\u010dn\u00ed design\u00e9r tak\u00e9 vybere opravn\u00e9 a dokon\u010dovac\u00ed materi\u00e1ly, kompaktn\u00ed a funk\u010dn\u00ed n\u00e1bytek a pom\u016f\u017ee jej um\u00edstit na nejvhodn\u011bj\u0161\u00ed m\u00edsta. <em>Ozdob\u00ed tak\u00e9 m\u00edstnost zaj\u00edmav\u00fdm exkluzivn\u00edm dekorem a kr\u00e1sn\u00fdmi designov\u00fdmi dopl\u0148ky<\/em> .<\/p>\n<p> Interi\u00e9rov\u00fd design ud\u011bl\u00e1 v\u00e1\u0161 prostor kr\u00e1sn\u00fdm a jedine\u010dn\u00fdm, bude pohodln\u00fd a \u00fatuln\u00fd pro hosty i zam\u011bstnance.<\/p>\n<p> Viz tak\u00e9: <a href=\"https:\/\/asart.com.ua\/restoranov-kafe\/stoimost-dizajna\/\">N\u00e1klady na design restaurace<\/a> , <a href=\"https:\/\/asart.com.ua\/restoranov-kafe\/dizajn-cena\/\">N\u00e1klady na projekt interi\u00e9ru restaurace<\/a> , <a href=\"https:\/\/asart.com.ua\/restoranov-kafe\/proekt-interera\/\">Projekt designu interi\u00e9ru restaurace<\/a> .<\/p>\n","protected":false},"excerpt":{"rendered":"<p>Pokud chcete, aby byla va\u0161e restaurace <a class=\"continue_link\" href=\"https:\/\/asart.com.ua\/cs\/restoranov-kafe\/\">\u0427\u0438\u0442\u0430\u0442\u044c \u0434\u0430\u043b\u0435\u0435 >><\/a><\/p>\n","protected":false},"author":6,"featured_media":0,"parent":0,"menu_order":0,"comment_status":"closed","ping_status":"closed","template":"","meta":{"footnotes":""},"acf":[],"aioseo_notices":[],"_links":{"self":[{"href":"https:\/\/asart.com.ua\/cs\/wp-json\/wp\/v2\/pages\/18463"}],"collection":[{"href":"https:\/\/asart.com.ua\/cs\/wp-json\/wp\/v2\/pages"}],"about":[{"href":"https:\/\/asart.com.ua\/cs\/wp-json\/wp\/v2\/types\/page"}],"author":[{"embeddable":true,"href":"https:\/\/asart.com.ua\/cs\/wp-json\/wp\/v2\/users\/6"}],"replies":[{"embeddable":true,"href":"https:\/\/asart.com.ua\/cs\/wp-json\/wp\/v2\/comments?post=18463"}],"version-history":[{"count":2,"href":"https:\/\/asart.com.ua\/cs\/wp-json\/wp\/v2\/pages\/18463\/revisions"}],"predecessor-version":[{"id":18649,"href":"https:\/\/asart.com.ua\/cs\/wp-json\/wp\/v2\/pages\/18463\/revisions\/18649"}],"wp:attachment":[{"href":"https:\/\/asart.com.ua\/cs\/wp-json\/wp\/v2\/media?parent=18463"}],"curies":[{"name":"wp","href":"https:\/\/api.w.org\/{rel}","templated":true}]}}