{"id":18458,"date":"2021-07-31T16:42:12","date_gmt":"2021-07-31T13:42:12","guid":{"rendered":"https:\/\/asart.com.ua\/dizayn-magazinov\/proekt-torgovogo-centra\/"},"modified":"2023-11-27T15:47:41","modified_gmt":"2023-11-27T12:47:41","slug":"proekt-torgovogo-centra","status":"publish","type":"page","link":"https:\/\/asart.com.ua\/cs\/dizayn-magazinov\/proekt-torgovogo-centra\/","title":{"rendered":"Designov\u00fd projekt obchodn\u00edho centra"},"content":{"rendered":"<p>V Kyjev\u011b, Charkov\u011b a dal\u0161\u00edch m\u011bstech Ukrajiny je mnoho n\u00e1kupn\u00edch center. Ka\u017ed\u00fd rok se stav\u00ed nov\u00e9 budovy, proto\u017ee <strong>modern\u00ed lid\u00e9 si sv\u016fj \u017eivot bez n\u00e1kupn\u00edho centra nedok\u00e1\u017eou p\u0159edstavit<\/strong> . V jedn\u00e9 m\u00edstnosti si m\u016f\u017eete koupit r\u016fzn\u00e9 oble\u010den\u00ed a boty od ukrajinsk\u00fdch a zahrani\u010dn\u00edch n\u00e1vrh\u00e1\u0159\u016f, stejn\u011b jako j\u00edst, sledovat film a nakupovat potraviny. Pokud chcete, aby bylo n\u00e1kupn\u00ed centrum obl\u00edben\u00e9 a \u017e\u00e1dan\u00e9 a tak\u00e9 aby m\u011blo v\u017edy hodn\u011b kupuj\u00edc\u00edch, mus\u00edte ud\u011blat toto:<\/p>\n<ul>\n<li> stylov\u00fd<\/li>\n<li> modern\u00ed<\/li>\n<li> Kr\u00e1sn\u00e1<\/li>\n<li> zaj\u00edmav\u00fd<\/li>\n<li> funk\u010dn\u00ed<\/li>\n<\/ul>\n<p style=\"text-align: left;\"> Chcete-li to prov\u00e9st, m\u011bli byste si objednat v\u00fdvoj individu\u00e1ln\u00edho designov\u00e9ho projektu. Kter\u00e1 bude zahrnovat jak n\u00e1vrh vnit\u0159n\u00ed v\u00fdzdoby, tak fas\u00e1du budovy.<\/p>\n<p> <a href=\"https:\/\/asart.com.ua\/wp-content\/uploads\/2016\/09\/Dizayn-interera-produktovogo-magazina-3watermark-.jpg\"><img loading=\"lazy\" decoding=\"async\" class=\"aligncenter size-full wp-image-4845 colorbox-18458\" src=\"https:\/\/asart.com.ua\/wp-content\/uploads\/2016\/09\/Dizayn-interera-produktovogo-magazina-3watermark-.jpg\" alt=\"\" width=\"1000\" height=\"750\" srcset=\"https:\/\/asart.com.ua\/wp-content\/uploads\/2016\/09\/Dizayn-interera-produktovogo-magazina-3watermark-.jpg 1000w, https:\/\/asart.com.ua\/wp-content\/uploads\/2016\/09\/Dizayn-interera-produktovogo-magazina-3watermark--300x225.jpg 300w, https:\/\/asart.com.ua\/wp-content\/uploads\/2016\/09\/Dizayn-interera-produktovogo-magazina-3watermark--768x576.jpg 768w, https:\/\/asart.com.ua\/wp-content\/uploads\/2016\/09\/Dizayn-interera-produktovogo-magazina-3watermark--160x120.jpg 160w, https:\/\/asart.com.ua\/wp-content\/uploads\/2016\/09\/Dizayn-interera-produktovogo-magazina-3watermark--289x217.jpg 289w\" sizes=\"(max-width: 1000px) 100vw, 1000px\" \/><\/a><\/p>\n<p> <a href=\"https:\/\/asart.com.ua\/wp-content\/uploads\/2016\/09\/Dizayn-interera-produktovogo-magazina-4watermark-.jpg\"><img loading=\"lazy\" decoding=\"async\" class=\"aligncenter size-full wp-image-4847 colorbox-18458\" src=\"https:\/\/asart.com.ua\/wp-content\/uploads\/2016\/09\/Dizayn-interera-produktovogo-magazina-4watermark-.jpg\" alt=\"\" width=\"1000\" height=\"750\" srcset=\"https:\/\/asart.com.ua\/wp-content\/uploads\/2016\/09\/Dizayn-interera-produktovogo-magazina-4watermark-.jpg 1000w, https:\/\/asart.com.ua\/wp-content\/uploads\/2016\/09\/Dizayn-interera-produktovogo-magazina-4watermark--300x225.jpg 300w, https:\/\/asart.com.ua\/wp-content\/uploads\/2016\/09\/Dizayn-interera-produktovogo-magazina-4watermark--768x576.jpg 768w, https:\/\/asart.com.ua\/wp-content\/uploads\/2016\/09\/Dizayn-interera-produktovogo-magazina-4watermark--160x120.jpg 160w, https:\/\/asart.com.ua\/wp-content\/uploads\/2016\/09\/Dizayn-interera-produktovogo-magazina-4watermark--289x217.jpg 289w\" sizes=\"(max-width: 1000px) 100vw, 1000px\" \/><\/a><\/p>\n<p> <a href=\"https:\/\/asart.com.ua\/wp-content\/uploads\/2016\/09\/Dizayn-interera-produktovogo-magazina-6watermark-1-2.jpg\"><img loading=\"lazy\" decoding=\"async\" class=\"aligncenter size-full wp-image-4871 colorbox-18458\" src=\"https:\/\/asart.com.ua\/wp-content\/uploads\/2016\/09\/Dizayn-interera-produktovogo-magazina-6watermark-1-2.jpg\" alt=\"\" width=\"1000\" height=\"750\" srcset=\"https:\/\/asart.com.ua\/wp-content\/uploads\/2016\/09\/Dizayn-interera-produktovogo-magazina-6watermark-1-2.jpg 1000w, https:\/\/asart.com.ua\/wp-content\/uploads\/2016\/09\/Dizayn-interera-produktovogo-magazina-6watermark-1-2-300x225.jpg 300w, https:\/\/asart.com.ua\/wp-content\/uploads\/2016\/09\/Dizayn-interera-produktovogo-magazina-6watermark-1-2-768x576.jpg 768w, https:\/\/asart.com.ua\/wp-content\/uploads\/2016\/09\/Dizayn-interera-produktovogo-magazina-6watermark-1-2-160x120.jpg 160w, https:\/\/asart.com.ua\/wp-content\/uploads\/2016\/09\/Dizayn-interera-produktovogo-magazina-6watermark-1-2-289x217.jpg 289w\" sizes=\"(max-width: 1000px) 100vw, 1000px\" \/><\/a> <a href=\"https:\/\/asart.com.ua\/wp-content\/uploads\/2016\/09\/Dizayn-magazina-v-Moskve-Odintsovo-7watermark.jpg\"><img loading=\"lazy\" decoding=\"async\" class=\"aligncenter size-full wp-image-5144 colorbox-18458\" src=\"https:\/\/asart.com.ua\/wp-content\/uploads\/2016\/09\/Dizayn-magazina-v-Moskve-Odintsovo-7watermark.jpg\" alt=\"\" width=\"1000\" height=\"1000\" srcset=\"https:\/\/asart.com.ua\/wp-content\/uploads\/2016\/09\/Dizayn-magazina-v-Moskve-Odintsovo-7watermark.jpg 1000w, https:\/\/asart.com.ua\/wp-content\/uploads\/2016\/09\/Dizayn-magazina-v-Moskve-Odintsovo-7watermark-150x150.jpg 150w, https:\/\/asart.com.ua\/wp-content\/uploads\/2016\/09\/Dizayn-magazina-v-Moskve-Odintsovo-7watermark-300x300.jpg 300w, https:\/\/asart.com.ua\/wp-content\/uploads\/2016\/09\/Dizayn-magazina-v-Moskve-Odintsovo-7watermark-768x768.jpg 768w\" sizes=\"(max-width: 1000px) 100vw, 1000px\" \/><\/a><\/p>\n<p> <a href=\"https:\/\/asart.com.ua\/wp-content\/uploads\/2016\/09\/Dizayn-magazina-v-Moskve-Odintsovo-5watermark.jpg\"><img loading=\"lazy\" decoding=\"async\" class=\"aligncenter size-full wp-image-5148 colorbox-18458\" src=\"https:\/\/asart.com.ua\/wp-content\/uploads\/2016\/09\/Dizayn-magazina-v-Moskve-Odintsovo-5watermark.jpg\" alt=\"\" width=\"1000\" height=\"1000\" srcset=\"https:\/\/asart.com.ua\/wp-content\/uploads\/2016\/09\/Dizayn-magazina-v-Moskve-Odintsovo-5watermark.jpg 1000w, https:\/\/asart.com.ua\/wp-content\/uploads\/2016\/09\/Dizayn-magazina-v-Moskve-Odintsovo-5watermark-150x150.jpg 150w, https:\/\/asart.com.ua\/wp-content\/uploads\/2016\/09\/Dizayn-magazina-v-Moskve-Odintsovo-5watermark-300x300.jpg 300w, https:\/\/asart.com.ua\/wp-content\/uploads\/2016\/09\/Dizayn-magazina-v-Moskve-Odintsovo-5watermark-768x768.jpg 768w\" sizes=\"(max-width: 1000px) 100vw, 1000px\" \/><\/a> <img loading=\"lazy\" decoding=\"async\" class=\"aligncenter wp-image-4843 size-full colorbox-18458\" src=\"https:\/\/asart.com.ua\/wp-content\/uploads\/2016\/09\/Dizayn-interera-produktovogo-magazina-2watermark-.jpg\" alt=\"N\u00e1vrh interi\u00e9ru n\u00e1kupn\u00edho centra\" width=\"1000\" height=\"750\" srcset=\"https:\/\/asart.com.ua\/wp-content\/uploads\/2016\/09\/Dizayn-interera-produktovogo-magazina-2watermark-.jpg 1000w, https:\/\/asart.com.ua\/wp-content\/uploads\/2016\/09\/Dizayn-interera-produktovogo-magazina-2watermark--300x225.jpg 300w, https:\/\/asart.com.ua\/wp-content\/uploads\/2016\/09\/Dizayn-interera-produktovogo-magazina-2watermark--768x576.jpg 768w, https:\/\/asart.com.ua\/wp-content\/uploads\/2016\/09\/Dizayn-interera-produktovogo-magazina-2watermark--160x120.jpg 160w, https:\/\/asart.com.ua\/wp-content\/uploads\/2016\/09\/Dizayn-interera-produktovogo-magazina-2watermark--289x217.jpg 289w\" sizes=\"(max-width: 1000px) 100vw, 1000px\" \/><\/p>\n<p> <a href=\"https:\/\/asart.com.ua\/wp-content\/uploads\/2016\/09\/Dizayn-magazina-v-Moskve-Odintsovo-9watermark.jpg\"><img loading=\"lazy\" decoding=\"async\" class=\"aligncenter size-full wp-image-5146 colorbox-18458\" src=\"https:\/\/asart.com.ua\/wp-content\/uploads\/2016\/09\/Dizayn-magazina-v-Moskve-Odintsovo-9watermark.jpg\" alt=\"\" width=\"1000\" height=\"1000\" srcset=\"https:\/\/asart.com.ua\/wp-content\/uploads\/2016\/09\/Dizayn-magazina-v-Moskve-Odintsovo-9watermark.jpg 1000w, https:\/\/asart.com.ua\/wp-content\/uploads\/2016\/09\/Dizayn-magazina-v-Moskve-Odintsovo-9watermark-150x150.jpg 150w, https:\/\/asart.com.ua\/wp-content\/uploads\/2016\/09\/Dizayn-magazina-v-Moskve-Odintsovo-9watermark-300x300.jpg 300w, https:\/\/asart.com.ua\/wp-content\/uploads\/2016\/09\/Dizayn-magazina-v-Moskve-Odintsovo-9watermark-768x768.jpg 768w\" sizes=\"(max-width: 1000px) 100vw, 1000px\" \/><\/a> <\/p>\n<p><img loading=\"lazy\" decoding=\"async\" class=\"aligncenter wp-image-4861 size-full colorbox-18458\" src=\"https:\/\/asart.com.ua\/wp-content\/uploads\/2016\/09\/Dizayn-interera-produktovogo-magazina-11watermark-.jpg\" alt=\"N\u00e1vrh n\u00e1kupn\u00edho centra\" width=\"1000\" height=\"750\" srcset=\"https:\/\/asart.com.ua\/wp-content\/uploads\/2016\/09\/Dizayn-interera-produktovogo-magazina-11watermark-.jpg 1000w, https:\/\/asart.com.ua\/wp-content\/uploads\/2016\/09\/Dizayn-interera-produktovogo-magazina-11watermark--300x225.jpg 300w, https:\/\/asart.com.ua\/wp-content\/uploads\/2016\/09\/Dizayn-interera-produktovogo-magazina-11watermark--768x576.jpg 768w, https:\/\/asart.com.ua\/wp-content\/uploads\/2016\/09\/Dizayn-interera-produktovogo-magazina-11watermark--160x120.jpg 160w, https:\/\/asart.com.ua\/wp-content\/uploads\/2016\/09\/Dizayn-interera-produktovogo-magazina-11watermark--289x217.jpg 289w\" sizes=\"(max-width: 1000px) 100vw, 1000px\" \/><\/p>\n<p> <a href=\"https:\/\/asart.com.ua\/wp-content\/uploads\/2016\/09\/Dizayn-interera-produktovogo-magazina-7watermark-.jpg\"><img loading=\"lazy\" decoding=\"async\" class=\"aligncenter size-full wp-image-4853 colorbox-18458\" src=\"https:\/\/asart.com.ua\/wp-content\/uploads\/2016\/09\/Dizayn-interera-produktovogo-magazina-7watermark-.jpg\" alt=\"\" width=\"1000\" height=\"750\" srcset=\"https:\/\/asart.com.ua\/wp-content\/uploads\/2016\/09\/Dizayn-interera-produktovogo-magazina-7watermark-.jpg 1000w, https:\/\/asart.com.ua\/wp-content\/uploads\/2016\/09\/Dizayn-interera-produktovogo-magazina-7watermark--300x225.jpg 300w, https:\/\/asart.com.ua\/wp-content\/uploads\/2016\/09\/Dizayn-interera-produktovogo-magazina-7watermark--768x576.jpg 768w, https:\/\/asart.com.ua\/wp-content\/uploads\/2016\/09\/Dizayn-interera-produktovogo-magazina-7watermark--160x120.jpg 160w, https:\/\/asart.com.ua\/wp-content\/uploads\/2016\/09\/Dizayn-interera-produktovogo-magazina-7watermark--289x217.jpg 289w\" sizes=\"(max-width: 1000px) 100vw, 1000px\" \/><\/a><\/p>\n<h2> Komplexn\u00ed designov\u00e9 slu\u017eby.<\/h2>\n<p> Na\u0161e studio m\u00e1 bohat\u00e9 zku\u0161enosti s n\u00e1vrhy interi\u00e9r\u016f obchodn\u00edch center. Pro specialisty Asart nez\u00e1le\u017e\u00ed na celkov\u00e9 plo\u0161e budovy, po\u010dtu pater a jej\u00edm stavu. Design\u00e9r m\u016f\u017ee vytvo\u0159it designov\u00fd projekt jak pro cel\u00e9 obchodn\u00ed centrum od z\u00e1kladu, tak pro jeho jednotliv\u00e9 z\u00f3ny a prodejny. Nab\u00edz\u00edme komplexn\u00ed \u0159e\u0161en\u00ed probl\u00e9m\u016f v oblasti:<\/p>\n<ul>\n<li> architektura<\/li>\n<li> interi\u00e9r<\/li>\n<li> dekorace pokoje<\/li>\n<li> ter\u00e9nn\u00ed \u00fapravy<\/li>\n<\/ul>\n<p> Chcete-li vytvo\u0159it jedine\u010dn\u00fd designov\u00fd projekt pro obchodn\u00ed centrum, mus\u00edte jej prohl\u00e9dnout, posoudit jeho stav, prov\u00e9st pot\u0159ebn\u00e1 m\u011b\u0159en\u00ed a zjistit va\u0161e p\u0159\u00e1n\u00ed t\u00fdkaj\u00edc\u00ed se designu a dekorace prostor. Za t\u00edmto \u00fa\u010delem p\u0159ijedou design\u00e9\u0159i Asartu na pracovi\u0161t\u011b v jak\u00e9koli \u010dtvrti Charkova. P\u0159i sch\u016fzce si vyberete nejvhodn\u011bj\u0161\u00ed styl interi\u00e9ru a barevnou paletu a tak\u00e9 se dohodnete na pot\u0159eb\u011b vytvo\u0159it drobn\u00e9 architektonick\u00e9 stavby jako jsou font\u00e1ny, baz\u00e9ny, lavi\u010dky a mnoho dal\u0161\u00edch, kter\u00e9 se obvykle nach\u00e1zej\u00ed ve spole\u010dn\u00fdch prostor\u00e1ch.<\/p>\n<p> <a href=\"https:\/\/asart.com.ua\/wp-content\/uploads\/2019\/07\/Dizayn-magazina-77.jpg\"><img loading=\"lazy\" decoding=\"async\" class=\"aligncenter size-full wp-image-7344 colorbox-18458\" src=\"https:\/\/asart.com.ua\/wp-content\/uploads\/2019\/07\/Dizayn-magazina-77.jpg\" alt=\"\" width=\"1000\" height=\"667\" srcset=\"https:\/\/asart.com.ua\/wp-content\/uploads\/2019\/07\/Dizayn-magazina-77.jpg 1000w, https:\/\/asart.com.ua\/wp-content\/uploads\/2019\/07\/Dizayn-magazina-77-300x200.jpg 300w, https:\/\/asart.com.ua\/wp-content\/uploads\/2019\/07\/Dizayn-magazina-77-768x512.jpg 768w, https:\/\/asart.com.ua\/wp-content\/uploads\/2019\/07\/Dizayn-magazina-77-240x160.jpg 240w\" sizes=\"(max-width: 1000px) 100vw, 1000px\" \/><\/a><\/p>\n<p> <a href=\"https:\/\/asart.com.ua\/wp-content\/uploads\/2019\/07\/Dizayn-magazina-5watermark-.jpg\"><img loading=\"lazy\" decoding=\"async\" class=\"aligncenter size-full wp-image-7208 colorbox-18458\" src=\"https:\/\/asart.com.ua\/wp-content\/uploads\/2019\/07\/Dizayn-magazina-5watermark-.jpg\" alt=\"\" width=\"1000\" height=\"667\" srcset=\"https:\/\/asart.com.ua\/wp-content\/uploads\/2019\/07\/Dizayn-magazina-5watermark-.jpg 1000w, https:\/\/asart.com.ua\/wp-content\/uploads\/2019\/07\/Dizayn-magazina-5watermark--300x200.jpg 300w, https:\/\/asart.com.ua\/wp-content\/uploads\/2019\/07\/Dizayn-magazina-5watermark--768x512.jpg 768w, https:\/\/asart.com.ua\/wp-content\/uploads\/2019\/07\/Dizayn-magazina-5watermark--240x160.jpg 240w\" sizes=\"(max-width: 1000px) 100vw, 1000px\" \/><\/a><\/p>\n<p> <a href=\"https:\/\/asart.com.ua\/wp-content\/uploads\/2019\/07\/Dizayn-magazina-7watermark-.jpg\"><img loading=\"lazy\" decoding=\"async\" class=\"aligncenter size-full wp-image-7212 colorbox-18458\" src=\"https:\/\/asart.com.ua\/wp-content\/uploads\/2019\/07\/Dizayn-magazina-7watermark-.jpg\" alt=\"\" width=\"1000\" height=\"667\" srcset=\"https:\/\/asart.com.ua\/wp-content\/uploads\/2019\/07\/Dizayn-magazina-7watermark-.jpg 1000w, https:\/\/asart.com.ua\/wp-content\/uploads\/2019\/07\/Dizayn-magazina-7watermark--300x200.jpg 300w, https:\/\/asart.com.ua\/wp-content\/uploads\/2019\/07\/Dizayn-magazina-7watermark--768x512.jpg 768w, https:\/\/asart.com.ua\/wp-content\/uploads\/2019\/07\/Dizayn-magazina-7watermark--240x160.jpg 240w\" sizes=\"(max-width: 1000px) 100vw, 1000px\" \/><\/a> <a href=\"https:\/\/asart.com.ua\/wp-content\/uploads\/2012\/04\/Protsess-stroitelnyih-rabot-2watermark.jpg\"><img loading=\"lazy\" decoding=\"async\" class=\"aligncenter size-full wp-image-7402 colorbox-18458\" src=\"https:\/\/asart.com.ua\/wp-content\/uploads\/2012\/04\/Protsess-stroitelnyih-rabot-2watermark.jpg\" alt=\"\" width=\"1000\" height=\"563\" srcset=\"https:\/\/asart.com.ua\/wp-content\/uploads\/2012\/04\/Protsess-stroitelnyih-rabot-2watermark.jpg 1000w, https:\/\/asart.com.ua\/wp-content\/uploads\/2012\/04\/Protsess-stroitelnyih-rabot-2watermark-300x169.jpg 300w, https:\/\/asart.com.ua\/wp-content\/uploads\/2012\/04\/Protsess-stroitelnyih-rabot-2watermark-768x432.jpg 768w\" sizes=\"(max-width: 1000px) 100vw, 1000px\" \/><\/a><\/p>\n<p> <a href=\"https:\/\/asart.com.ua\/wp-content\/uploads\/2019\/07\/Dizayn-magazina-42watermark-.jpg\"><img loading=\"lazy\" decoding=\"async\" class=\"aligncenter size-full wp-image-7282 colorbox-18458\" src=\"https:\/\/asart.com.ua\/wp-content\/uploads\/2019\/07\/Dizayn-magazina-42watermark-.jpg\" alt=\"\" width=\"1000\" height=\"667\" srcset=\"https:\/\/asart.com.ua\/wp-content\/uploads\/2019\/07\/Dizayn-magazina-42watermark-.jpg 1000w, https:\/\/asart.com.ua\/wp-content\/uploads\/2019\/07\/Dizayn-magazina-42watermark--300x200.jpg 300w, https:\/\/asart.com.ua\/wp-content\/uploads\/2019\/07\/Dizayn-magazina-42watermark--768x512.jpg 768w, https:\/\/asart.com.ua\/wp-content\/uploads\/2019\/07\/Dizayn-magazina-42watermark--240x160.jpg 240w\" sizes=\"(max-width: 1000px) 100vw, 1000px\" \/><\/a><\/p>\n<p> <a href=\"https:\/\/asart.com.ua\/wp-content\/uploads\/2019\/07\/Dizayn-magazina-21watermark-.jpg\"><img loading=\"lazy\" decoding=\"async\" class=\"aligncenter size-full wp-image-7240 colorbox-18458\" src=\"https:\/\/asart.com.ua\/wp-content\/uploads\/2019\/07\/Dizayn-magazina-21watermark-.jpg\" alt=\"\" width=\"1000\" height=\"667\" srcset=\"https:\/\/asart.com.ua\/wp-content\/uploads\/2019\/07\/Dizayn-magazina-21watermark-.jpg 1000w, https:\/\/asart.com.ua\/wp-content\/uploads\/2019\/07\/Dizayn-magazina-21watermark--300x200.jpg 300w, https:\/\/asart.com.ua\/wp-content\/uploads\/2019\/07\/Dizayn-magazina-21watermark--768x512.jpg 768w, https:\/\/asart.com.ua\/wp-content\/uploads\/2019\/07\/Dizayn-magazina-21watermark--240x160.jpg 240w\" sizes=\"(max-width: 1000px) 100vw, 1000px\" \/><\/a><\/p>\n<p> <a href=\"https:\/\/asart.com.ua\/wp-content\/uploads\/2019\/07\/Dizayn-magazina-41watermark-.jpg\"><img loading=\"lazy\" decoding=\"async\" class=\"aligncenter size-full wp-image-7280 colorbox-18458\" src=\"https:\/\/asart.com.ua\/wp-content\/uploads\/2019\/07\/Dizayn-magazina-41watermark-.jpg\" alt=\"\" width=\"1000\" height=\"667\" srcset=\"https:\/\/asart.com.ua\/wp-content\/uploads\/2019\/07\/Dizayn-magazina-41watermark-.jpg 1000w, https:\/\/asart.com.ua\/wp-content\/uploads\/2019\/07\/Dizayn-magazina-41watermark--300x200.jpg 300w, https:\/\/asart.com.ua\/wp-content\/uploads\/2019\/07\/Dizayn-magazina-41watermark--768x512.jpg 768w, https:\/\/asart.com.ua\/wp-content\/uploads\/2019\/07\/Dizayn-magazina-41watermark--240x160.jpg 240w\" sizes=\"(max-width: 1000px) 100vw, 1000px\" \/><\/a><\/p>\n<p> <a href=\"https:\/\/asart.com.ua\/wp-content\/uploads\/2019\/07\/Dizayn-magazina-48watermark-.jpg\"><img loading=\"lazy\" decoding=\"async\" class=\"aligncenter size-full wp-image-7294 colorbox-18458\" src=\"https:\/\/asart.com.ua\/wp-content\/uploads\/2019\/07\/Dizayn-magazina-48watermark-.jpg\" alt=\"\" width=\"1000\" height=\"667\" srcset=\"https:\/\/asart.com.ua\/wp-content\/uploads\/2019\/07\/Dizayn-magazina-48watermark-.jpg 1000w, https:\/\/asart.com.ua\/wp-content\/uploads\/2019\/07\/Dizayn-magazina-48watermark--300x200.jpg 300w, https:\/\/asart.com.ua\/wp-content\/uploads\/2019\/07\/Dizayn-magazina-48watermark--768x512.jpg 768w, https:\/\/asart.com.ua\/wp-content\/uploads\/2019\/07\/Dizayn-magazina-48watermark--240x160.jpg 240w\" sizes=\"(max-width: 1000px) 100vw, 1000px\" \/><\/a><\/p>\n<p> <a href=\"https:\/\/asart.com.ua\/wp-content\/uploads\/2019\/07\/Dizayn-magazina-58watermark-.jpg\"><img loading=\"lazy\" decoding=\"async\" class=\"aligncenter size-full wp-image-7314 colorbox-18458\" src=\"https:\/\/asart.com.ua\/wp-content\/uploads\/2019\/07\/Dizayn-magazina-58watermark-.jpg\" alt=\"\" width=\"1000\" height=\"667\" srcset=\"https:\/\/asart.com.ua\/wp-content\/uploads\/2019\/07\/Dizayn-magazina-58watermark-.jpg 1000w, https:\/\/asart.com.ua\/wp-content\/uploads\/2019\/07\/Dizayn-magazina-58watermark--300x200.jpg 300w, https:\/\/asart.com.ua\/wp-content\/uploads\/2019\/07\/Dizayn-magazina-58watermark--768x512.jpg 768w, https:\/\/asart.com.ua\/wp-content\/uploads\/2019\/07\/Dizayn-magazina-58watermark--240x160.jpg 240w\" sizes=\"(max-width: 1000px) 100vw, 1000px\" \/><\/a><\/p>\n<p> <a href=\"https:\/\/asart.com.ua\/wp-content\/uploads\/2019\/07\/Dizayn-magazina-59watermark-.jpg\"><img loading=\"lazy\" decoding=\"async\" class=\"aligncenter size-full wp-image-7316 colorbox-18458\" src=\"https:\/\/asart.com.ua\/wp-content\/uploads\/2019\/07\/Dizayn-magazina-59watermark-.jpg\" alt=\"\" width=\"1000\" height=\"667\" srcset=\"https:\/\/asart.com.ua\/wp-content\/uploads\/2019\/07\/Dizayn-magazina-59watermark-.jpg 1000w, https:\/\/asart.com.ua\/wp-content\/uploads\/2019\/07\/Dizayn-magazina-59watermark--300x200.jpg 300w, https:\/\/asart.com.ua\/wp-content\/uploads\/2019\/07\/Dizayn-magazina-59watermark--768x512.jpg 768w, https:\/\/asart.com.ua\/wp-content\/uploads\/2019\/07\/Dizayn-magazina-59watermark--240x160.jpg 240w\" sizes=\"(max-width: 1000px) 100vw, 1000px\" \/><\/a><\/p>\n<p> <a href=\"https:\/\/asart.com.ua\/wp-content\/uploads\/2019\/07\/Dizayn-magazina-70watermark-.jpg\"><img loading=\"lazy\" decoding=\"async\" class=\"aligncenter size-full wp-image-7338 colorbox-18458\" src=\"https:\/\/asart.com.ua\/wp-content\/uploads\/2019\/07\/Dizayn-magazina-70watermark-.jpg\" alt=\"\" width=\"1000\" height=\"667\" srcset=\"https:\/\/asart.com.ua\/wp-content\/uploads\/2019\/07\/Dizayn-magazina-70watermark-.jpg 1000w, https:\/\/asart.com.ua\/wp-content\/uploads\/2019\/07\/Dizayn-magazina-70watermark--300x200.jpg 300w, https:\/\/asart.com.ua\/wp-content\/uploads\/2019\/07\/Dizayn-magazina-70watermark--768x512.jpg 768w, https:\/\/asart.com.ua\/wp-content\/uploads\/2019\/07\/Dizayn-magazina-70watermark--240x160.jpg 240w\" sizes=\"(max-width: 1000px) 100vw, 1000px\" \/><\/a><\/p>\n<p> <a href=\"https:\/\/asart.com.ua\/wp-content\/uploads\/2019\/07\/Dizayn-magazina-54watermark-.jpg\"><img loading=\"lazy\" decoding=\"async\" class=\"aligncenter size-full wp-image-7306 colorbox-18458\" src=\"https:\/\/asart.com.ua\/wp-content\/uploads\/2019\/07\/Dizayn-magazina-54watermark-.jpg\" alt=\"\" width=\"1000\" height=\"667\" srcset=\"https:\/\/asart.com.ua\/wp-content\/uploads\/2019\/07\/Dizayn-magazina-54watermark-.jpg 1000w, https:\/\/asart.com.ua\/wp-content\/uploads\/2019\/07\/Dizayn-magazina-54watermark--300x200.jpg 300w, https:\/\/asart.com.ua\/wp-content\/uploads\/2019\/07\/Dizayn-magazina-54watermark--768x512.jpg 768w, https:\/\/asart.com.ua\/wp-content\/uploads\/2019\/07\/Dizayn-magazina-54watermark--240x160.jpg 240w\" sizes=\"(max-width: 1000px) 100vw, 1000px\" \/><\/a> <a href=\"https:\/\/asart.com.ua\/wp-content\/uploads\/2019\/07\/Dizayn-magazina-18watermark-.jpg\"><img loading=\"lazy\" decoding=\"async\" class=\"aligncenter size-full wp-image-7234 colorbox-18458\" src=\"https:\/\/asart.com.ua\/wp-content\/uploads\/2019\/07\/Dizayn-magazina-18watermark-.jpg\" alt=\"\" width=\"1000\" height=\"667\" srcset=\"https:\/\/asart.com.ua\/wp-content\/uploads\/2019\/07\/Dizayn-magazina-18watermark-.jpg 1000w, https:\/\/asart.com.ua\/wp-content\/uploads\/2019\/07\/Dizayn-magazina-18watermark--300x200.jpg 300w, https:\/\/asart.com.ua\/wp-content\/uploads\/2019\/07\/Dizayn-magazina-18watermark--768x512.jpg 768w, https:\/\/asart.com.ua\/wp-content\/uploads\/2019\/07\/Dizayn-magazina-18watermark--240x160.jpg 240w\" sizes=\"(max-width: 1000px) 100vw, 1000px\" \/><\/a><\/p>\n<h3> Kr\u00e1sn\u00fd a funk\u010dn\u00ed prostor.<\/h3>\n<p> Designov\u00fd projekt obchodn\u00edho centra zahrnuje tak\u00e9 v\u00fdb\u011br opravn\u00fdch a dokon\u010dovac\u00edch materi\u00e1l\u016f, n\u00e1vrh prostor, kde budou um\u00edst\u011bny obchody, kav\u00e1rny, herny pro d\u011bti a mnoho dal\u0161\u00edho. Design\u00e9r na\u0161eho studia <em>vybere nejvhodn\u011bj\u0161\u00ed materi\u00e1ly pro povrchovou \u00fapravu st\u011bn, podlah a strop\u016f<\/em> . A tak\u00e9 s p\u0159ihl\u00e9dnut\u00edm ke zvolen\u00e9mu stylu a barevn\u00e9mu sch\u00e9matu, dopl\u0148k\u016fm, dekoru, komer\u010dn\u00edmu vybaven\u00ed, n\u00e1bytku a osv\u011btlen\u00ed.<\/p>\n<p> Designov\u00fd projekt ud\u011bl\u00e1 fas\u00e1du obchodn\u00edho centra sv\u011btlou, zaj\u00edmavou a tak\u00e9 p\u0159it\u00e1hne pozornost. Uvnit\u0159 budovy nav\u00edc vytvo\u0159\u00ed neobvykl\u00fd, kr\u00e1sn\u00fd, pohodln\u00fd a funk\u010dn\u00ed design interi\u00e9ru. Ve\u0161ker\u00e9 opravy, dokon\u010dovac\u00ed a projek\u010dn\u00ed pr\u00e1ce budou dokon\u010deny v\u010das a za nejlep\u0161\u00ed cenu.<\/p>\n","protected":false},"excerpt":{"rendered":"<p>V Kyjev\u011b, Charkov\u011b a dal\u0161\u00edch m\u011bstech <a class=\"continue_link\" href=\"https:\/\/asart.com.ua\/cs\/dizayn-magazinov\/proekt-torgovogo-centra\/\">\u0427\u0438\u0442\u0430\u0442\u044c \u0434\u0430\u043b\u0435\u0435 >><\/a><\/p>\n","protected":false},"author":6,"featured_media":0,"parent":18440,"menu_order":0,"comment_status":"closed","ping_status":"closed","template":"","meta":{"footnotes":""},"acf":[],"aioseo_notices":[],"_links":{"self":[{"href":"https:\/\/asart.com.ua\/cs\/wp-json\/wp\/v2\/pages\/18458"}],"collection":[{"href":"https:\/\/asart.com.ua\/cs\/wp-json\/wp\/v2\/pages"}],"about":[{"href":"https:\/\/asart.com.ua\/cs\/wp-json\/wp\/v2\/types\/page"}],"author":[{"embeddable":true,"href":"https:\/\/asart.com.ua\/cs\/wp-json\/wp\/v2\/users\/6"}],"replies":[{"embeddable":true,"href":"https:\/\/asart.com.ua\/cs\/wp-json\/wp\/v2\/comments?post=18458"}],"version-history":[{"count":2,"href":"https:\/\/asart.com.ua\/cs\/wp-json\/wp\/v2\/pages\/18458\/revisions"}],"predecessor-version":[{"id":18672,"href":"https:\/\/asart.com.ua\/cs\/wp-json\/wp\/v2\/pages\/18458\/revisions\/18672"}],"up":[{"embeddable":true,"href":"https:\/\/asart.com.ua\/cs\/wp-json\/wp\/v2\/pages\/18440"}],"wp:attachment":[{"href":"https:\/\/asart.com.ua\/cs\/wp-json\/wp\/v2\/media?parent=18458"}],"curies":[{"name":"wp","href":"https:\/\/api.w.org\/{rel}","templated":true}]}}