{"id":18452,"date":"2017-07-31T15:44:02","date_gmt":"2017-07-31T12:44:02","guid":{"rendered":"https:\/\/asart.com.ua\/dizayn-magazinov\/proekt-interera\/"},"modified":"2023-11-24T02:12:18","modified_gmt":"2023-11-23T23:12:18","slug":"proekt-interera","status":"publish","type":"page","link":"https:\/\/asart.com.ua\/cs\/dizayn-magazinov\/proekt-interera\/","title":{"rendered":"Projekt interi\u00e9rov\u00e9ho designu prodejny"},"content":{"rendered":"<p>Pro ka\u017edou prodejnu, bez ohledu na jej\u00ed specializaci, je d\u016fle\u017eit\u00fd interi\u00e9rov\u00fd design. Koneckonc\u016f, mnoho kupuj\u00edc\u00edch v\u011bnuje pozornost nejen kvalit\u011b a cen\u011b nab\u00edzen\u00e9ho zbo\u017e\u00ed, ale tak\u00e9:<\/p>\n<ul>\n<li> v\u00fdzdoba<\/li>\n<li> pohodl\u00ed<\/li>\n<li> \u00fatulnost<\/li>\n<li> funk\u010dnost<\/li>\n<li> prakti\u010dnost<\/li>\n<\/ul>\n<p> Obchodn\u00ed hala. V prodejn\u011b by m\u011blo b\u00fdt v\u0161e promy\u0161leno do nejmen\u0161\u00edho detailu: <strong>rozlo\u017een\u00ed zbo\u017e\u00ed, um\u00edst\u011bn\u00ed pokladny, vybaven\u00ed, design a barva st\u011bn, um\u00edst\u011bn\u00ed odpo\u010dinkov\u00e9 z\u00f3ny pro person\u00e1l<\/strong> a mnoho dal\u0161\u00edho. <\/p>\n<p><img loading=\"lazy\" decoding=\"async\" class=\"aligncenter wp-image-4847 size-full colorbox-18452\" src=\"https:\/\/asart.com.ua\/wp-content\/uploads\/2016\/09\/Dizayn-interera-produktovogo-magazina-4watermark-.jpg\" alt=\"Design interi\u00e9ru prodejny\" width=\"1000\" height=\"750\" srcset=\"https:\/\/asart.com.ua\/wp-content\/uploads\/2016\/09\/Dizayn-interera-produktovogo-magazina-4watermark-.jpg 1000w, https:\/\/asart.com.ua\/wp-content\/uploads\/2016\/09\/Dizayn-interera-produktovogo-magazina-4watermark--300x225.jpg 300w, https:\/\/asart.com.ua\/wp-content\/uploads\/2016\/09\/Dizayn-interera-produktovogo-magazina-4watermark--768x576.jpg 768w, https:\/\/asart.com.ua\/wp-content\/uploads\/2016\/09\/Dizayn-interera-produktovogo-magazina-4watermark--160x120.jpg 160w, https:\/\/asart.com.ua\/wp-content\/uploads\/2016\/09\/Dizayn-interera-produktovogo-magazina-4watermark--289x217.jpg 289w\" sizes=\"(max-width: 1000px) 100vw, 1000px\" \/><img loading=\"lazy\" decoding=\"async\" class=\"aligncenter wp-image-4849 size-full colorbox-18452\" src=\"https:\/\/asart.com.ua\/wp-content\/uploads\/2016\/09\/Dizayn-interera-produktovogo-magazina-5watermark-.jpg\" alt=\"Design obchodu\" width=\"1000\" height=\"750\" srcset=\"https:\/\/asart.com.ua\/wp-content\/uploads\/2016\/09\/Dizayn-interera-produktovogo-magazina-5watermark-.jpg 1000w, https:\/\/asart.com.ua\/wp-content\/uploads\/2016\/09\/Dizayn-interera-produktovogo-magazina-5watermark--300x225.jpg 300w, https:\/\/asart.com.ua\/wp-content\/uploads\/2016\/09\/Dizayn-interera-produktovogo-magazina-5watermark--768x576.jpg 768w, https:\/\/asart.com.ua\/wp-content\/uploads\/2016\/09\/Dizayn-interera-produktovogo-magazina-5watermark--160x120.jpg 160w, https:\/\/asart.com.ua\/wp-content\/uploads\/2016\/09\/Dizayn-interera-produktovogo-magazina-5watermark--289x217.jpg 289w\" sizes=\"(max-width: 1000px) 100vw, 1000px\" \/><img loading=\"lazy\" decoding=\"async\" class=\"aligncenter wp-image-4841 size-full colorbox-18452\" src=\"https:\/\/asart.com.ua\/wp-content\/uploads\/2016\/09\/Dizayn-interera-produktovogo-magazina-1watermark-.jpg\" alt=\"Projekt designu obchodu\" width=\"1000\" height=\"750\" srcset=\"https:\/\/asart.com.ua\/wp-content\/uploads\/2016\/09\/Dizayn-interera-produktovogo-magazina-1watermark-.jpg 1000w, https:\/\/asart.com.ua\/wp-content\/uploads\/2016\/09\/Dizayn-interera-produktovogo-magazina-1watermark--300x225.jpg 300w, https:\/\/asart.com.ua\/wp-content\/uploads\/2016\/09\/Dizayn-interera-produktovogo-magazina-1watermark--768x576.jpg 768w, https:\/\/asart.com.ua\/wp-content\/uploads\/2016\/09\/Dizayn-interera-produktovogo-magazina-1watermark--160x120.jpg 160w, https:\/\/asart.com.ua\/wp-content\/uploads\/2016\/09\/Dizayn-interera-produktovogo-magazina-1watermark--289x217.jpg 289w\" sizes=\"(max-width: 1000px) 100vw, 1000px\" \/><img loading=\"lazy\" decoding=\"async\" class=\"aligncenter wp-image-4857 size-full colorbox-18452\" src=\"https:\/\/asart.com.ua\/wp-content\/uploads\/2016\/09\/Dizayn-interera-produktovogo-magazina-9watermark-.jpg\" alt=\"Projekt interi\u00e9rov\u00e9ho designu prodejny\" width=\"1000\" height=\"750\" srcset=\"https:\/\/asart.com.ua\/wp-content\/uploads\/2016\/09\/Dizayn-interera-produktovogo-magazina-9watermark-.jpg 1000w, https:\/\/asart.com.ua\/wp-content\/uploads\/2016\/09\/Dizayn-interera-produktovogo-magazina-9watermark--300x225.jpg 300w, https:\/\/asart.com.ua\/wp-content\/uploads\/2016\/09\/Dizayn-interera-produktovogo-magazina-9watermark--768x576.jpg 768w, https:\/\/asart.com.ua\/wp-content\/uploads\/2016\/09\/Dizayn-interera-produktovogo-magazina-9watermark--160x120.jpg 160w, https:\/\/asart.com.ua\/wp-content\/uploads\/2016\/09\/Dizayn-interera-produktovogo-magazina-9watermark--289x217.jpg 289w\" sizes=\"(max-width: 1000px) 100vw, 1000px\" \/><\/p>\n<h2> Kr\u00e1sn\u00e9 a modern\u00ed obchodn\u00ed prostory.<\/h2>\n<p> N\u00e1vrh interi\u00e9ru mus\u00ed odpov\u00eddat konceptu a oboru \u010dinnosti prodejny, proto je vhodn\u00e9 si vytvo\u0159en\u00ed designov\u00e9ho projektu objednat u profesion\u00e1l\u016f ve sv\u00e9m oboru. \u00dasp\u011bch a prosperita va\u0161eho podnik\u00e1n\u00ed z\u00e1vis\u00ed na jejich \u00farovni a kvalit\u011b proveden\u00ed. Pokud se z\u00e1kazn\u00edci budou na prodejn\u00ed plo\u0161e c\u00edtit p\u0159\u00edjemn\u011b a \u00fatuln\u011b, budou se k v\u00e1m cht\u00edt mnohokr\u00e1t vracet. Tak\u00e9 v\u00e1s doporu\u010d\u00ed v\u0161em sv\u00fdm p\u0159\u00e1tel\u016fm.<\/p>\n<p> Na\u0161e studio vytv\u00e1\u0159\u00ed projekty designu prodejen ji\u017e dlouhou dobu. Pro design\u00e9ry Asart nez\u00e1le\u017e\u00ed na velikosti plochy, jej\u00edm stavu, ani na objemu a komplexnosti projek\u010dn\u00edch slu\u017eeb. K ur\u010den\u00ed rozsahu pr\u00e1ce mus\u00ed specialist\u00e9 prohl\u00e9dnout prodejn\u00ed prostory a zjistit va\u0161e p\u0159\u00e1n\u00ed a po\u017eadavky t\u00fdkaj\u00edc\u00ed se projektu, kter\u00fd je pro v\u00e1s nejvhodn\u011bj\u0161\u00ed. Bez ohledu na v\u00e1\u0161 obor \u010dinnosti vyvineme:<\/p>\n<ul>\n<li> unik\u00e1tn\u00ed<\/li>\n<li> unik\u00e1tn\u00ed<\/li>\n<li> modern\u00ed<\/li>\n<li> Kr\u00e1sn\u00e1<\/li>\n<li> zaj\u00edmav\u00fd<\/li>\n<\/ul>\n<p> Projekt interi\u00e9ru za nejlep\u0161\u00ed cenu v Charkov\u011b. Po prohl\u00eddce prostor a ujasn\u011bn\u00ed va\u0161ich p\u0159\u00e1n\u00ed je tak\u00e9 pot\u0159eba vybrat si s design\u00e9rem Asartem styl, barvu, dekor, povrchovou \u00fapravu, proto\u017ee bez nich nelze za\u010d\u00edt navrhovat a navrhovat prodejnu.<\/p>\n<p> <a href=\"https:\/\/asart.com.ua\/wp-content\/uploads\/2019\/07\/Dizayn-magazina-74watermark-.jpg\"><img loading=\"lazy\" decoding=\"async\" class=\"aligncenter size-full wp-image-7342 colorbox-18452\" src=\"https:\/\/asart.com.ua\/wp-content\/uploads\/2019\/07\/Dizayn-magazina-74watermark-.jpg\" alt=\"\" width=\"1000\" height=\"667\" srcset=\"https:\/\/asart.com.ua\/wp-content\/uploads\/2019\/07\/Dizayn-magazina-74watermark-.jpg 1000w, https:\/\/asart.com.ua\/wp-content\/uploads\/2019\/07\/Dizayn-magazina-74watermark--300x200.jpg 300w, https:\/\/asart.com.ua\/wp-content\/uploads\/2019\/07\/Dizayn-magazina-74watermark--768x512.jpg 768w, https:\/\/asart.com.ua\/wp-content\/uploads\/2019\/07\/Dizayn-magazina-74watermark--240x160.jpg 240w\" sizes=\"(max-width: 1000px) 100vw, 1000px\" \/><\/a> <a href=\"https:\/\/asart.com.ua\/wp-content\/uploads\/2019\/07\/Dizayn-magazina-7watermark-.jpg\"><img loading=\"lazy\" decoding=\"async\" class=\"aligncenter size-full wp-image-7212 colorbox-18452\" src=\"https:\/\/asart.com.ua\/wp-content\/uploads\/2019\/07\/Dizayn-magazina-7watermark-.jpg\" alt=\"\" width=\"1000\" height=\"667\" srcset=\"https:\/\/asart.com.ua\/wp-content\/uploads\/2019\/07\/Dizayn-magazina-7watermark-.jpg 1000w, https:\/\/asart.com.ua\/wp-content\/uploads\/2019\/07\/Dizayn-magazina-7watermark--300x200.jpg 300w, https:\/\/asart.com.ua\/wp-content\/uploads\/2019\/07\/Dizayn-magazina-7watermark--768x512.jpg 768w, https:\/\/asart.com.ua\/wp-content\/uploads\/2019\/07\/Dizayn-magazina-7watermark--240x160.jpg 240w\" sizes=\"(max-width: 1000px) 100vw, 1000px\" \/><\/a> <a href=\"https:\/\/asart.com.ua\/wp-content\/uploads\/2019\/07\/Dizayn-magazina-4watermark-.jpg\"><img loading=\"lazy\" decoding=\"async\" class=\"aligncenter size-full wp-image-7206 colorbox-18452\" src=\"https:\/\/asart.com.ua\/wp-content\/uploads\/2019\/07\/Dizayn-magazina-4watermark-.jpg\" alt=\"\" width=\"1000\" height=\"667\" srcset=\"https:\/\/asart.com.ua\/wp-content\/uploads\/2019\/07\/Dizayn-magazina-4watermark-.jpg 1000w, https:\/\/asart.com.ua\/wp-content\/uploads\/2019\/07\/Dizayn-magazina-4watermark--300x200.jpg 300w, https:\/\/asart.com.ua\/wp-content\/uploads\/2019\/07\/Dizayn-magazina-4watermark--768x512.jpg 768w, https:\/\/asart.com.ua\/wp-content\/uploads\/2019\/07\/Dizayn-magazina-4watermark--240x160.jpg 240w\" sizes=\"(max-width: 1000px) 100vw, 1000px\" \/><\/a> <a href=\"https:\/\/asart.com.ua\/wp-content\/uploads\/2019\/07\/Dizayn-magazina-1watermark-.jpg\"><img loading=\"lazy\" decoding=\"async\" class=\"aligncenter size-full wp-image-7200 colorbox-18452\" src=\"https:\/\/asart.com.ua\/wp-content\/uploads\/2019\/07\/Dizayn-magazina-1watermark-.jpg\" alt=\"\" width=\"1000\" height=\"669\" srcset=\"https:\/\/asart.com.ua\/wp-content\/uploads\/2019\/07\/Dizayn-magazina-1watermark-.jpg 1000w, https:\/\/asart.com.ua\/wp-content\/uploads\/2019\/07\/Dizayn-magazina-1watermark--300x201.jpg 300w, https:\/\/asart.com.ua\/wp-content\/uploads\/2019\/07\/Dizayn-magazina-1watermark--768x514.jpg 768w, https:\/\/asart.com.ua\/wp-content\/uploads\/2019\/07\/Dizayn-magazina-1watermark--240x160.jpg 240w\" sizes=\"(max-width: 1000px) 100vw, 1000px\" \/><\/a> <a href=\"https:\/\/asart.com.ua\/wp-content\/uploads\/2019\/07\/Dizayn-magazina-34watermark-.jpg\"><img loading=\"lazy\" decoding=\"async\" class=\"aligncenter size-full wp-image-7266 colorbox-18452\" src=\"https:\/\/asart.com.ua\/wp-content\/uploads\/2019\/07\/Dizayn-magazina-34watermark-.jpg\" alt=\"\" width=\"1000\" height=\"667\" srcset=\"https:\/\/asart.com.ua\/wp-content\/uploads\/2019\/07\/Dizayn-magazina-34watermark-.jpg 1000w, https:\/\/asart.com.ua\/wp-content\/uploads\/2019\/07\/Dizayn-magazina-34watermark--300x200.jpg 300w, https:\/\/asart.com.ua\/wp-content\/uploads\/2019\/07\/Dizayn-magazina-34watermark--768x512.jpg 768w, https:\/\/asart.com.ua\/wp-content\/uploads\/2019\/07\/Dizayn-magazina-34watermark--240x160.jpg 240w\" sizes=\"(max-width: 1000px) 100vw, 1000px\" \/><\/a> <a href=\"https:\/\/asart.com.ua\/wp-content\/uploads\/2019\/07\/Dizayn-magazina-73watermark-.jpg\"><img loading=\"lazy\" decoding=\"async\" class=\"aligncenter size-full wp-image-7340 colorbox-18452\" src=\"https:\/\/asart.com.ua\/wp-content\/uploads\/2019\/07\/Dizayn-magazina-73watermark-.jpg\" alt=\"\" width=\"1000\" height=\"667\" srcset=\"https:\/\/asart.com.ua\/wp-content\/uploads\/2019\/07\/Dizayn-magazina-73watermark-.jpg 1000w, https:\/\/asart.com.ua\/wp-content\/uploads\/2019\/07\/Dizayn-magazina-73watermark--300x200.jpg 300w, https:\/\/asart.com.ua\/wp-content\/uploads\/2019\/07\/Dizayn-magazina-73watermark--768x512.jpg 768w, https:\/\/asart.com.ua\/wp-content\/uploads\/2019\/07\/Dizayn-magazina-73watermark--240x160.jpg 240w\" sizes=\"(max-width: 1000px) 100vw, 1000px\" \/><\/a> <a href=\"https:\/\/asart.com.ua\/wp-content\/uploads\/2019\/07\/Dizayn-magazina-46watermark-.jpg\"><img loading=\"lazy\" decoding=\"async\" class=\"aligncenter size-full wp-image-7290 colorbox-18452\" src=\"https:\/\/asart.com.ua\/wp-content\/uploads\/2019\/07\/Dizayn-magazina-46watermark-.jpg\" alt=\"\" width=\"1000\" height=\"667\" srcset=\"https:\/\/asart.com.ua\/wp-content\/uploads\/2019\/07\/Dizayn-magazina-46watermark-.jpg 1000w, https:\/\/asart.com.ua\/wp-content\/uploads\/2019\/07\/Dizayn-magazina-46watermark--300x200.jpg 300w, https:\/\/asart.com.ua\/wp-content\/uploads\/2019\/07\/Dizayn-magazina-46watermark--768x512.jpg 768w, https:\/\/asart.com.ua\/wp-content\/uploads\/2019\/07\/Dizayn-magazina-46watermark--240x160.jpg 240w\" sizes=\"(max-width: 1000px) 100vw, 1000px\" \/><\/a> <a href=\"https:\/\/asart.com.ua\/wp-content\/uploads\/2019\/07\/Dizayn-magazina-58watermark-.jpg\"><img loading=\"lazy\" decoding=\"async\" class=\"aligncenter size-full wp-image-7314 colorbox-18452\" src=\"https:\/\/asart.com.ua\/wp-content\/uploads\/2019\/07\/Dizayn-magazina-58watermark-.jpg\" alt=\"\" width=\"1000\" height=\"667\" srcset=\"https:\/\/asart.com.ua\/wp-content\/uploads\/2019\/07\/Dizayn-magazina-58watermark-.jpg 1000w, https:\/\/asart.com.ua\/wp-content\/uploads\/2019\/07\/Dizayn-magazina-58watermark--300x200.jpg 300w, https:\/\/asart.com.ua\/wp-content\/uploads\/2019\/07\/Dizayn-magazina-58watermark--768x512.jpg 768w, https:\/\/asart.com.ua\/wp-content\/uploads\/2019\/07\/Dizayn-magazina-58watermark--240x160.jpg 240w\" sizes=\"(max-width: 1000px) 100vw, 1000px\" \/><\/a> <a href=\"https:\/\/asart.com.ua\/wp-content\/uploads\/2019\/07\/Dizayn-magazina-59watermark-.jpg\"><img loading=\"lazy\" decoding=\"async\" class=\"aligncenter size-full wp-image-7316 colorbox-18452\" src=\"https:\/\/asart.com.ua\/wp-content\/uploads\/2019\/07\/Dizayn-magazina-59watermark-.jpg\" alt=\"\" width=\"1000\" height=\"667\" srcset=\"https:\/\/asart.com.ua\/wp-content\/uploads\/2019\/07\/Dizayn-magazina-59watermark-.jpg 1000w, https:\/\/asart.com.ua\/wp-content\/uploads\/2019\/07\/Dizayn-magazina-59watermark--300x200.jpg 300w, https:\/\/asart.com.ua\/wp-content\/uploads\/2019\/07\/Dizayn-magazina-59watermark--768x512.jpg 768w, https:\/\/asart.com.ua\/wp-content\/uploads\/2019\/07\/Dizayn-magazina-59watermark--240x160.jpg 240w\" sizes=\"(max-width: 1000px) 100vw, 1000px\" \/><\/a> <a href=\"https:\/\/asart.com.ua\/wp-content\/uploads\/2019\/07\/Dizayn-magazina-49watermark-.jpg\"><img loading=\"lazy\" decoding=\"async\" class=\"aligncenter size-full wp-image-7296 colorbox-18452\" src=\"https:\/\/asart.com.ua\/wp-content\/uploads\/2019\/07\/Dizayn-magazina-49watermark-.jpg\" alt=\"\" width=\"1000\" height=\"667\" srcset=\"https:\/\/asart.com.ua\/wp-content\/uploads\/2019\/07\/Dizayn-magazina-49watermark-.jpg 1000w, https:\/\/asart.com.ua\/wp-content\/uploads\/2019\/07\/Dizayn-magazina-49watermark--300x200.jpg 300w, https:\/\/asart.com.ua\/wp-content\/uploads\/2019\/07\/Dizayn-magazina-49watermark--768x512.jpg 768w, https:\/\/asart.com.ua\/wp-content\/uploads\/2019\/07\/Dizayn-magazina-49watermark--240x160.jpg 240w\" sizes=\"(max-width: 1000px) 100vw, 1000px\" \/><\/a> <a href=\"https:\/\/asart.com.ua\/wp-content\/uploads\/2019\/07\/Dizayn-magazina-61watermark-.jpg\"><img loading=\"lazy\" decoding=\"async\" class=\"aligncenter size-full wp-image-7320 colorbox-18452\" src=\"https:\/\/asart.com.ua\/wp-content\/uploads\/2019\/07\/Dizayn-magazina-61watermark-.jpg\" alt=\"\" width=\"1000\" height=\"667\" srcset=\"https:\/\/asart.com.ua\/wp-content\/uploads\/2019\/07\/Dizayn-magazina-61watermark-.jpg 1000w, https:\/\/asart.com.ua\/wp-content\/uploads\/2019\/07\/Dizayn-magazina-61watermark--300x200.jpg 300w, https:\/\/asart.com.ua\/wp-content\/uploads\/2019\/07\/Dizayn-magazina-61watermark--768x512.jpg 768w, https:\/\/asart.com.ua\/wp-content\/uploads\/2019\/07\/Dizayn-magazina-61watermark--240x160.jpg 240w\" sizes=\"(max-width: 1000px) 100vw, 1000px\" \/><\/a> <a href=\"https:\/\/asart.com.ua\/wp-content\/uploads\/2019\/07\/Dizayn-magazina-50watermark-.jpg\"><img loading=\"lazy\" decoding=\"async\" class=\"aligncenter size-full wp-image-7298 colorbox-18452\" src=\"https:\/\/asart.com.ua\/wp-content\/uploads\/2019\/07\/Dizayn-magazina-50watermark-.jpg\" alt=\"\" width=\"1000\" height=\"667\" srcset=\"https:\/\/asart.com.ua\/wp-content\/uploads\/2019\/07\/Dizayn-magazina-50watermark-.jpg 1000w, https:\/\/asart.com.ua\/wp-content\/uploads\/2019\/07\/Dizayn-magazina-50watermark--300x200.jpg 300w, https:\/\/asart.com.ua\/wp-content\/uploads\/2019\/07\/Dizayn-magazina-50watermark--768x512.jpg 768w, https:\/\/asart.com.ua\/wp-content\/uploads\/2019\/07\/Dizayn-magazina-50watermark--240x160.jpg 240w\" sizes=\"(max-width: 1000px) 100vw, 1000px\" \/><\/a> <a href=\"https:\/\/asart.com.ua\/wp-content\/uploads\/2019\/07\/Dizayn-magazina-51watermark-.jpg\"><img loading=\"lazy\" decoding=\"async\" class=\"aligncenter size-full wp-image-7300 colorbox-18452\" src=\"https:\/\/asart.com.ua\/wp-content\/uploads\/2019\/07\/Dizayn-magazina-51watermark-.jpg\" alt=\"\" width=\"1000\" height=\"667\" srcset=\"https:\/\/asart.com.ua\/wp-content\/uploads\/2019\/07\/Dizayn-magazina-51watermark-.jpg 1000w, https:\/\/asart.com.ua\/wp-content\/uploads\/2019\/07\/Dizayn-magazina-51watermark--300x200.jpg 300w, https:\/\/asart.com.ua\/wp-content\/uploads\/2019\/07\/Dizayn-magazina-51watermark--768x512.jpg 768w, https:\/\/asart.com.ua\/wp-content\/uploads\/2019\/07\/Dizayn-magazina-51watermark--240x160.jpg 240w\" sizes=\"(max-width: 1000px) 100vw, 1000px\" \/><\/a> <a href=\"https:\/\/asart.com.ua\/wp-content\/uploads\/2019\/07\/Dizayn-magazina-11watermark-.jpg\"><img loading=\"lazy\" decoding=\"async\" class=\"aligncenter size-full wp-image-7220 colorbox-18452\" src=\"https:\/\/asart.com.ua\/wp-content\/uploads\/2019\/07\/Dizayn-magazina-11watermark-.jpg\" alt=\"\" width=\"1000\" height=\"667\" srcset=\"https:\/\/asart.com.ua\/wp-content\/uploads\/2019\/07\/Dizayn-magazina-11watermark-.jpg 1000w, https:\/\/asart.com.ua\/wp-content\/uploads\/2019\/07\/Dizayn-magazina-11watermark--300x200.jpg 300w, https:\/\/asart.com.ua\/wp-content\/uploads\/2019\/07\/Dizayn-magazina-11watermark--768x512.jpg 768w, https:\/\/asart.com.ua\/wp-content\/uploads\/2019\/07\/Dizayn-magazina-11watermark--240x160.jpg 240w\" sizes=\"(max-width: 1000px) 100vw, 1000px\" \/><\/a><\/p>\n<h2> Jedine\u010dn\u00fd styl a barvy.<\/h2>\n<p> Vytvo\u0159en\u00ed projektu designu prodejny, p\u0159\u00edpadn\u011b v jak\u00e9mkoli modern\u00edm stylu a barevn\u00e9m proveden\u00ed. V na\u0161em studiu si m\u016f\u017eete objednat vypracov\u00e1n\u00ed projektu n\u00e1pisu, n\u00e1vrh oken, ale i v\u00fdb\u011br a uspo\u0159\u00e1d\u00e1n\u00ed maloobchodn\u00edho vybaven\u00ed. Design zahrnuje v\u00fdb\u011br nejvhodn\u011bj\u0161\u00edch opravn\u00fdch a dokon\u010dovac\u00edch materi\u00e1l\u016f, dekor\u016f, dopl\u0148k\u016f a n\u00e1bytku. Design\u00e9r <em>rozd\u011bl\u00ed prodejnu do funk\u010dn\u00edch z\u00f3n a vytvo\u0159\u00ed z\u00e1kazn\u00edk\u016fm optim\u00e1ln\u00ed trasu pro pohyb po m\u00edstnosti<\/em> .<\/p>\n<p> N\u00e1vrh a n\u00e1vrh interi\u00e9ru prodejny nezabere mnoho \u010dasu. Design\u00e9r Asart v\u010das vytvo\u0159\u00ed unik\u00e1tn\u00ed projekt, d\u00edky kter\u00e9mu bude v\u00e1\u0161 obchodn\u00ed prostor kr\u00e1sn\u00fd, modern\u00ed, funk\u010dn\u00ed a z\u00e1rove\u0148 \u00fatuln\u00fd a pohodln\u00fd pro z\u00e1kazn\u00edky i person\u00e1l. M\u016f\u017eete si objednat vypracov\u00e1n\u00ed designov\u00e9ho projektu v na\u0161em studiu za nejlep\u0161\u00ed cenu na Ukrajin\u011b.<\/p>\n","protected":false},"excerpt":{"rendered":"<p>Pro ka\u017edou prodejnu, bez ohledu na <a class=\"continue_link\" href=\"https:\/\/asart.com.ua\/cs\/dizayn-magazinov\/proekt-interera\/\">\u0427\u0438\u0442\u0430\u0442\u044c \u0434\u0430\u043b\u0435\u0435 >><\/a><\/p>\n","protected":false},"author":6,"featured_media":0,"parent":18440,"menu_order":0,"comment_status":"closed","ping_status":"closed","template":"","meta":{"footnotes":""},"acf":[],"aioseo_notices":[],"_links":{"self":[{"href":"https:\/\/asart.com.ua\/cs\/wp-json\/wp\/v2\/pages\/18452"}],"collection":[{"href":"https:\/\/asart.com.ua\/cs\/wp-json\/wp\/v2\/pages"}],"about":[{"href":"https:\/\/asart.com.ua\/cs\/wp-json\/wp\/v2\/types\/page"}],"author":[{"embeddable":true,"href":"https:\/\/asart.com.ua\/cs\/wp-json\/wp\/v2\/users\/6"}],"replies":[{"embeddable":true,"href":"https:\/\/asart.com.ua\/cs\/wp-json\/wp\/v2\/comments?post=18452"}],"version-history":[{"count":1,"href":"https:\/\/asart.com.ua\/cs\/wp-json\/wp\/v2\/pages\/18452\/revisions"}],"predecessor-version":[{"id":18455,"href":"https:\/\/asart.com.ua\/cs\/wp-json\/wp\/v2\/pages\/18452\/revisions\/18455"}],"up":[{"embeddable":true,"href":"https:\/\/asart.com.ua\/cs\/wp-json\/wp\/v2\/pages\/18440"}],"wp:attachment":[{"href":"https:\/\/asart.com.ua\/cs\/wp-json\/wp\/v2\/media?parent=18452"}],"curies":[{"name":"wp","href":"https:\/\/api.w.org\/{rel}","templated":true}]}}