{"id":18446,"date":"2017-07-31T17:22:39","date_gmt":"2017-07-31T14:22:39","guid":{"rendered":"https:\/\/asart.com.ua\/dizayn-magazinov\/stile-loft\/"},"modified":"2023-11-24T02:11:21","modified_gmt":"2023-11-23T23:11:21","slug":"stile-loft","status":"publish","type":"page","link":"https:\/\/asart.com.ua\/cs\/dizayn-magazinov\/stile-loft\/","title":{"rendered":"Design obchodu ve stylu podkrov\u00ed"},"content":{"rendered":"<p>Pokud se rozhodnete pro rekonstrukci sv\u00e9 prodejny a chcete, aby m\u00edstnost po jej\u00edm dokon\u010den\u00ed byla nejen kr\u00e1sn\u00e1, ale tak\u00e9:<\/p>\n<ul>\n<li> modern\u00ed<\/li>\n<li> unik\u00e1tn\u00ed<\/li>\n<li> zaj\u00edmav\u00fd<\/li>\n<li> funk\u010dn\u00ed<\/li>\n<\/ul>\n<p> V tomto p\u0159\u00edpad\u011b se bez individu\u00e1ln\u00edho projektu interi\u00e9ru prost\u011b neobejdete. Dnes existuje mnoho r\u016fzn\u00fdch designov\u00fdch trend\u016f, <strong>z nich\u017e ka\u017ed\u00fd m\u00e1 sv\u00e9 vlastn\u00ed charakteristick\u00e9 vlastnosti<\/strong> . Ale proto\u017ee m\u00e1te prodejn\u00ed prostor, nemus\u00ed se k n\u011bmu hodit ka\u017ed\u00fd styl. Hodn\u011b z\u00e1le\u017e\u00ed na va\u0161em oboru \u010dinnosti a tak\u00e9 na z\u00e1kazn\u00edc\u00edch, kte\u0159\u00ed u v\u00e1s nej\u010dast\u011bji nakupuj\u00ed. <\/p>\n<p><img loading=\"lazy\" decoding=\"async\" class=\"aligncenter wp-image-4845 size-full colorbox-18446\" src=\"https:\/\/asart.com.ua\/wp-content\/uploads\/2016\/09\/Dizayn-interera-produktovogo-magazina-3watermark-.jpg\" alt=\"Design obchodu ve stylu podkrov\u00ed\" width=\"1000\" height=\"750\" srcset=\"https:\/\/asart.com.ua\/wp-content\/uploads\/2016\/09\/Dizayn-interera-produktovogo-magazina-3watermark-.jpg 1000w, https:\/\/asart.com.ua\/wp-content\/uploads\/2016\/09\/Dizayn-interera-produktovogo-magazina-3watermark--300x225.jpg 300w, https:\/\/asart.com.ua\/wp-content\/uploads\/2016\/09\/Dizayn-interera-produktovogo-magazina-3watermark--768x576.jpg 768w, https:\/\/asart.com.ua\/wp-content\/uploads\/2016\/09\/Dizayn-interera-produktovogo-magazina-3watermark--160x120.jpg 160w, https:\/\/asart.com.ua\/wp-content\/uploads\/2016\/09\/Dizayn-interera-produktovogo-magazina-3watermark--289x217.jpg 289w\" sizes=\"(max-width: 1000px) 100vw, 1000px\" \/><img loading=\"lazy\" decoding=\"async\" class=\"aligncenter wp-image-4855 size-full colorbox-18446\" src=\"https:\/\/asart.com.ua\/wp-content\/uploads\/2016\/09\/Dizayn-interera-produktovogo-magazina-8watermark-.jpg\" alt=\"Design interi\u00e9ru obchodu ve stylu podkrov\u00ed\" width=\"1000\" height=\"750\" srcset=\"https:\/\/asart.com.ua\/wp-content\/uploads\/2016\/09\/Dizayn-interera-produktovogo-magazina-8watermark-.jpg 1000w, https:\/\/asart.com.ua\/wp-content\/uploads\/2016\/09\/Dizayn-interera-produktovogo-magazina-8watermark--300x225.jpg 300w, https:\/\/asart.com.ua\/wp-content\/uploads\/2016\/09\/Dizayn-interera-produktovogo-magazina-8watermark--768x576.jpg 768w, https:\/\/asart.com.ua\/wp-content\/uploads\/2016\/09\/Dizayn-interera-produktovogo-magazina-8watermark--160x120.jpg 160w, https:\/\/asart.com.ua\/wp-content\/uploads\/2016\/09\/Dizayn-interera-produktovogo-magazina-8watermark--289x217.jpg 289w\" sizes=\"(max-width: 1000px) 100vw, 1000px\" \/> <a href=\"https:\/\/asart.com.ua\/wp-content\/uploads\/2016\/09\/Dizayn-interera-produktovogo-magazina-7watermark-.jpg\"><img loading=\"lazy\" decoding=\"async\" class=\"aligncenter size-full wp-image-4853 colorbox-18446\" src=\"https:\/\/asart.com.ua\/wp-content\/uploads\/2016\/09\/Dizayn-interera-produktovogo-magazina-7watermark-.jpg\" alt=\"\" width=\"1000\" height=\"750\" srcset=\"https:\/\/asart.com.ua\/wp-content\/uploads\/2016\/09\/Dizayn-interera-produktovogo-magazina-7watermark-.jpg 1000w, https:\/\/asart.com.ua\/wp-content\/uploads\/2016\/09\/Dizayn-interera-produktovogo-magazina-7watermark--300x225.jpg 300w, https:\/\/asart.com.ua\/wp-content\/uploads\/2016\/09\/Dizayn-interera-produktovogo-magazina-7watermark--768x576.jpg 768w, https:\/\/asart.com.ua\/wp-content\/uploads\/2016\/09\/Dizayn-interera-produktovogo-magazina-7watermark--160x120.jpg 160w, https:\/\/asart.com.ua\/wp-content\/uploads\/2016\/09\/Dizayn-interera-produktovogo-magazina-7watermark--289x217.jpg 289w\" sizes=\"(max-width: 1000px) 100vw, 1000px\" \/><\/a> <a href=\"https:\/\/asart.com.ua\/wp-content\/uploads\/2016\/09\/Dizayn-interera-produktovogo-magazina-4watermark-.jpg\"><img loading=\"lazy\" decoding=\"async\" class=\"aligncenter size-full wp-image-4847 colorbox-18446\" src=\"https:\/\/asart.com.ua\/wp-content\/uploads\/2016\/09\/Dizayn-interera-produktovogo-magazina-4watermark-.jpg\" alt=\"\" width=\"1000\" height=\"750\" srcset=\"https:\/\/asart.com.ua\/wp-content\/uploads\/2016\/09\/Dizayn-interera-produktovogo-magazina-4watermark-.jpg 1000w, https:\/\/asart.com.ua\/wp-content\/uploads\/2016\/09\/Dizayn-interera-produktovogo-magazina-4watermark--300x225.jpg 300w, https:\/\/asart.com.ua\/wp-content\/uploads\/2016\/09\/Dizayn-interera-produktovogo-magazina-4watermark--768x576.jpg 768w, https:\/\/asart.com.ua\/wp-content\/uploads\/2016\/09\/Dizayn-interera-produktovogo-magazina-4watermark--160x120.jpg 160w, https:\/\/asart.com.ua\/wp-content\/uploads\/2016\/09\/Dizayn-interera-produktovogo-magazina-4watermark--289x217.jpg 289w\" sizes=\"(max-width: 1000px) 100vw, 1000px\" \/><\/a> <a href=\"https:\/\/asart.com.ua\/wp-content\/uploads\/2016\/09\/Dizayn-interera-produktovogo-magazina-6watermark-1-2.jpg\"><img loading=\"lazy\" decoding=\"async\" class=\"aligncenter size-full wp-image-4871 colorbox-18446\" src=\"https:\/\/asart.com.ua\/wp-content\/uploads\/2016\/09\/Dizayn-interera-produktovogo-magazina-6watermark-1-2.jpg\" alt=\"\" width=\"1000\" height=\"750\" srcset=\"https:\/\/asart.com.ua\/wp-content\/uploads\/2016\/09\/Dizayn-interera-produktovogo-magazina-6watermark-1-2.jpg 1000w, https:\/\/asart.com.ua\/wp-content\/uploads\/2016\/09\/Dizayn-interera-produktovogo-magazina-6watermark-1-2-300x225.jpg 300w, https:\/\/asart.com.ua\/wp-content\/uploads\/2016\/09\/Dizayn-interera-produktovogo-magazina-6watermark-1-2-768x576.jpg 768w, https:\/\/asart.com.ua\/wp-content\/uploads\/2016\/09\/Dizayn-interera-produktovogo-magazina-6watermark-1-2-160x120.jpg 160w, https:\/\/asart.com.ua\/wp-content\/uploads\/2016\/09\/Dizayn-interera-produktovogo-magazina-6watermark-1-2-289x217.jpg 289w\" sizes=\"(max-width: 1000px) 100vw, 1000px\" \/><\/a><\/p>\n<h2> Pr\u016fmyslov\u00e9 povrchov\u00e9 \u00fapravy a modern\u00ed spot\u0159ebi\u010de.<\/h2>\n<p> Interi\u00e9rov\u00fd design ve stylu loft je velmi popul\u00e1rn\u00ed v Kyjev\u011b, Charkov\u011b a dal\u0161\u00edch m\u011bstech Ukrajiny. Kter\u00e1 harmonicky kombinuje industri\u00e1ln\u00ed, industri\u00e1ln\u00ed interi\u00e9rovou v\u00fdzdobu a modern\u00ed technologie. Pokud m\u00e1\u0161 r\u00e1d:<\/p>\n<ul>\n<li> cihlov\u00e9 zdi<\/li>\n<li> otev\u0159en\u00e9 ventilace a potrub\u00ed<\/li>\n<li> hrub\u00e1 om\u00edtka<\/li>\n<li> staro\u017eitn\u00fd n\u00e1bytek<\/li>\n<li> neobvykl\u00e9 dopl\u0148ky<\/li>\n<\/ul>\n<p> V tomto p\u0159\u00edpad\u011b byste si m\u011bli objednat vypracov\u00e1n\u00ed projektu p\u016fdn\u00edho designu. Na\u0161e studio se specializuje na tvorbu interi\u00e9r\u016f prodejen v loftov\u00e9m stylu. Design\u00e9\u0159i Asart harmonicky spoj\u00ed pr\u016fmyslovou v\u00fdzdobu s modern\u00edmi spot\u0159ebi\u010di a komer\u010dn\u00edm vybaven\u00edm, d\u00edky \u010demu\u017e bude m\u00edstnost kr\u00e1sn\u00e1 a funk\u010dn\u00ed. A tak\u00e9 pohodln\u00e9 a \u00fatuln\u00e9 pro kupuj\u00edc\u00ed i prod\u00e1vaj\u00edc\u00ed.<\/p>\n<p> <a href=\"https:\/\/asart.com.ua\/wp-content\/uploads\/2016\/09\/Dizayn-magazina-v-Moskve-Odintsovo-5watermark.jpg\"><img loading=\"lazy\" decoding=\"async\" class=\"aligncenter size-full wp-image-5148 colorbox-18446\" src=\"https:\/\/asart.com.ua\/wp-content\/uploads\/2016\/09\/Dizayn-magazina-v-Moskve-Odintsovo-5watermark.jpg\" alt=\"\" width=\"1000\" height=\"1000\" srcset=\"https:\/\/asart.com.ua\/wp-content\/uploads\/2016\/09\/Dizayn-magazina-v-Moskve-Odintsovo-5watermark.jpg 1000w, https:\/\/asart.com.ua\/wp-content\/uploads\/2016\/09\/Dizayn-magazina-v-Moskve-Odintsovo-5watermark-150x150.jpg 150w, https:\/\/asart.com.ua\/wp-content\/uploads\/2016\/09\/Dizayn-magazina-v-Moskve-Odintsovo-5watermark-300x300.jpg 300w, https:\/\/asart.com.ua\/wp-content\/uploads\/2016\/09\/Dizayn-magazina-v-Moskve-Odintsovo-5watermark-768x768.jpg 768w\" sizes=\"(max-width: 1000px) 100vw, 1000px\" \/><\/a> <a href=\"https:\/\/asart.com.ua\/wp-content\/uploads\/2016\/09\/Dizayn-magazina-v-Moskve-Odintsovo-6watermark.jpg\"><img loading=\"lazy\" decoding=\"async\" class=\"aligncenter size-full wp-image-5152 colorbox-18446\" src=\"https:\/\/asart.com.ua\/wp-content\/uploads\/2016\/09\/Dizayn-magazina-v-Moskve-Odintsovo-6watermark.jpg\" alt=\"\" width=\"1000\" height=\"1000\" srcset=\"https:\/\/asart.com.ua\/wp-content\/uploads\/2016\/09\/Dizayn-magazina-v-Moskve-Odintsovo-6watermark.jpg 1000w, https:\/\/asart.com.ua\/wp-content\/uploads\/2016\/09\/Dizayn-magazina-v-Moskve-Odintsovo-6watermark-150x150.jpg 150w, https:\/\/asart.com.ua\/wp-content\/uploads\/2016\/09\/Dizayn-magazina-v-Moskve-Odintsovo-6watermark-300x300.jpg 300w, https:\/\/asart.com.ua\/wp-content\/uploads\/2016\/09\/Dizayn-magazina-v-Moskve-Odintsovo-6watermark-768x768.jpg 768w\" sizes=\"(max-width: 1000px) 100vw, 1000px\" \/><\/a> <a href=\"https:\/\/asart.com.ua\/wp-content\/uploads\/2016\/09\/Dizayn-magazina-v-Moskve-Odintsovo-7watermark.jpg\"><img loading=\"lazy\" decoding=\"async\" class=\"aligncenter size-full wp-image-5144 colorbox-18446\" src=\"https:\/\/asart.com.ua\/wp-content\/uploads\/2016\/09\/Dizayn-magazina-v-Moskve-Odintsovo-7watermark.jpg\" alt=\"\" width=\"1000\" height=\"1000\" srcset=\"https:\/\/asart.com.ua\/wp-content\/uploads\/2016\/09\/Dizayn-magazina-v-Moskve-Odintsovo-7watermark.jpg 1000w, https:\/\/asart.com.ua\/wp-content\/uploads\/2016\/09\/Dizayn-magazina-v-Moskve-Odintsovo-7watermark-150x150.jpg 150w, https:\/\/asart.com.ua\/wp-content\/uploads\/2016\/09\/Dizayn-magazina-v-Moskve-Odintsovo-7watermark-300x300.jpg 300w, https:\/\/asart.com.ua\/wp-content\/uploads\/2016\/09\/Dizayn-magazina-v-Moskve-Odintsovo-7watermark-768x768.jpg 768w\" sizes=\"(max-width: 1000px) 100vw, 1000px\" \/><\/a><\/p>\n<h3> Spousta sv\u011btla a prostoru.<\/h3>\n<p> Ne\u017e za\u010dnete vytv\u00e1\u0159et designov\u00fd projekt ve stylu loft, je t\u0159eba v\u00e1\u0161 obchod prohl\u00e9dnout a posoudit jeho stav. Sm\u011br se vyzna\u010duje otev\u0159en\u00fdm p\u016fdorysem bez p\u0159\u00ed\u010dek. <em>M\u00edstnost je rozd\u011blena do funk\u010dn\u00edch z\u00f3n pomoc\u00ed barevn\u00fdch kontrast\u016f, sv\u011bteln\u00fdch akcent\u016f nebo n\u00e1bytku a komer\u010dn\u00edho vybaven\u00ed<\/em> . Co se t\u00fd\u010de n\u00e1st\u011bnn\u00e9 dekorace, bude to jist\u011b zdivo a hrub\u00e1 om\u00edtka. Prodejna tak\u00e9 mus\u00ed m\u00edt vystaven\u00e9 potrub\u00ed, radi\u00e1tory, tr\u00e1my a ventila\u010dn\u00ed syst\u00e9my.<\/p>\n<p> A tak\u00e9 v designu interi\u00e9ru ve stylu podkrov\u00ed se up\u0159ednost\u0148uj\u00ed velk\u00e1 okna bez z\u00e1clon. \u010c\u00edm v\u00edce sv\u011btla je v m\u00edstnosti, t\u00edm l\u00e9pe. Co se t\u00fd\u010de n\u00e1bytku, m\u016f\u017eete si vybrat jak novinky, tak staro\u017eitn\u00e9 modely. Koneckonc\u016f, podkrov\u00ed znamen\u00e1 kombinaci nov\u00e9ho a star\u00e9ho. Hlavn\u00ed v\u011bc je, \u017ee v\u0161e je harmonick\u00e9 a kr\u00e1sn\u00e9. K v\u00fdzdob\u011b va\u0161eho obchodu byste m\u011bli zvolit zaj\u00edmav\u00e9 a origin\u00e1ln\u00ed dopl\u0148ky, kter\u00e9 upoutaj\u00ed pozornost va\u0161ich z\u00e1kazn\u00edk\u016f.<\/p>\n<p> Design interi\u00e9ru v loftov\u00e9m stylu u\u010din\u00ed v\u00e1\u0161 obchod stylov\u00fdm a modern\u00edm a tak\u00e9 v n\u011bm vytvo\u0159\u00ed pohodlnou a harmonickou atmosf\u00e9ru.<\/p>\n","protected":false},"excerpt":{"rendered":"<p>Pokud se rozhodnete pro rekonstrukci sv\u00e9 <a class=\"continue_link\" href=\"https:\/\/asart.com.ua\/cs\/dizayn-magazinov\/stile-loft\/\">\u0427\u0438\u0442\u0430\u0442\u044c \u0434\u0430\u043b\u0435\u0435 >><\/a><\/p>\n","protected":false},"author":6,"featured_media":0,"parent":18440,"menu_order":0,"comment_status":"closed","ping_status":"closed","template":"","meta":{"footnotes":""},"acf":[],"aioseo_notices":[],"_links":{"self":[{"href":"https:\/\/asart.com.ua\/cs\/wp-json\/wp\/v2\/pages\/18446"}],"collection":[{"href":"https:\/\/asart.com.ua\/cs\/wp-json\/wp\/v2\/pages"}],"about":[{"href":"https:\/\/asart.com.ua\/cs\/wp-json\/wp\/v2\/types\/page"}],"author":[{"embeddable":true,"href":"https:\/\/asart.com.ua\/cs\/wp-json\/wp\/v2\/users\/6"}],"replies":[{"embeddable":true,"href":"https:\/\/asart.com.ua\/cs\/wp-json\/wp\/v2\/comments?post=18446"}],"version-history":[{"count":1,"href":"https:\/\/asart.com.ua\/cs\/wp-json\/wp\/v2\/pages\/18446\/revisions"}],"predecessor-version":[{"id":18449,"href":"https:\/\/asart.com.ua\/cs\/wp-json\/wp\/v2\/pages\/18446\/revisions\/18449"}],"up":[{"embeddable":true,"href":"https:\/\/asart.com.ua\/cs\/wp-json\/wp\/v2\/pages\/18440"}],"wp:attachment":[{"href":"https:\/\/asart.com.ua\/cs\/wp-json\/wp\/v2\/media?parent=18446"}],"curies":[{"name":"wp","href":"https:\/\/api.w.org\/{rel}","templated":true}]}}