{"id":18440,"date":"2012-06-09T07:52:15","date_gmt":"2012-06-09T09:52:15","guid":{"rendered":"https:\/\/asart.com.ua\/dizayn-magazinov\/"},"modified":"2023-11-24T02:10:19","modified_gmt":"2023-11-23T23:10:19","slug":"dizayn-magazinov","status":"publish","type":"page","link":"https:\/\/asart.com.ua\/cs\/dizayn-magazinov\/","title":{"rendered":"Interi\u00e9rov\u00fd design a dekorace prodejen"},"content":{"rendered":"<p>Souhlas, ka\u017ed\u00fd m\u00e1 sv\u00e9 obl\u00edben\u00e9 obchody a butiky, stejn\u011b jako jsou ty, do kter\u00fdch za \u017e\u00e1dn\u00fdch okolnost\u00ed nep\u016fjdete. \u010c\u00edm to je, \u017ee n\u00e1s to se z\u00e1vid\u011bn\u00edhodnou pravidelnost\u00ed l\u00e1k\u00e1 vracet se a kupovat n\u011bco v n\u011bkter\u00fdch obchodech, ale od jin\u00fdch se prost\u011b \u201eodvrac\u00edme\u201c?<\/p>\n<p> Ne\u017e bude potenci\u00e1ln\u00ed kupec moci zhodnotit kvalitu zbo\u017e\u00ed, slu\u017eeb a slu\u017eeb, bude postaven p\u0159ed n\u00e1vrh v\u00fdlohy a n\u00e1vrh prostor prodejny. Pokud design p\u0159itahuje pozornost, pak je vysok\u00e1 pravd\u011bpodobnost, \u017ee kupuj\u00edc\u00ed vstoup\u00ed do obchodu a dokonce si n\u011bco koup\u00ed. Odpudiv\u00e9 okno vyd\u011bs\u00ed z\u00e1kazn\u00edky ji\u017e ve f\u00e1zi rozhodov\u00e1n\u00ed: vstoupit nebo proj\u00edt kolem.<\/p>\n<p> N\u011bco m\u00e1lo o historii vzhledu obchod\u016f<\/p>\n<p> Jak\u00fd byl \u00fa\u010del prvn\u00edch obchod\u016f? Jejich majitel\u00e9 o\u010dek\u00e1vali, \u017ee se sem \u017eeny budou chodit st\u00fdkat, odpo\u010dinout si od domova a probl\u00e9m\u016f a z\u00e1rove\u0148 si n\u011bco koupit na sebe.<\/p>\n<p> Postupem \u010dasu radost z n\u00e1v\u0161t\u011bvy pohodln\u00fdch a kr\u00e1sn\u011b vyzdoben\u00fdch obchod\u016f ocenili i mu\u017ei. Dnes se n\u00e1v\u0161t\u011bva obrovsk\u00fdch supermarket\u016f a mal\u00fdch butik\u016f stala jedn\u00edm z typ\u016f rekreace, druhem z\u00e1bavy.<\/p>\n<p> A dnes design butiku ur\u010duje pravd\u011bpodobnost n\u00e1kupu ve v\u011bt\u0161\u00ed m\u00ed\u0159e ne\u017e kvalita zbo\u017e\u00ed.<\/p>\n<h2> Vlastnosti interi\u00e9rov\u00e9ho designu, kter\u00fd je atraktivn\u00ed pro kupuj\u00edc\u00ed<\/h2>\n<p> Ka\u017ed\u00fd interi\u00e9r by m\u011bl sjednocovat spole\u010dn\u00fd koncept, jeho\u017e v\u00fdvoj sv\u011b\u0159te nejl\u00e9pe profesion\u00e1lovi. Zku\u0161en\u00fd design\u00e9r vytvo\u0159\u00ed funk\u010dn\u00ed, \u00fatuln\u00fd a hlavn\u011b nezapomenuteln\u00fd design interi\u00e9ru obchodu<\/p>\n<p> <strong>Barva<\/strong><\/p>\n<p> Barevn\u00e9 \u0159e\u0161en\u00ed interi\u00e9ru prodejny m\u00e1 na n\u00e1v\u0161t\u011bvn\u00edka zvl\u00e1\u0161tn\u00ed vliv.<\/p>\n<p> Speci\u00e1ln\u00ed studie prok\u00e1zaly, \u017ee nep\u0159\u00edli\u0161 bohat\u00ed ob\u010dan\u00e9 reaguj\u00ed na jasn\u00e9 barvy. Naopak bohat\u00e9 syt\u00e9 odst\u00edny oslovuj\u00ed bohatou ve\u0159ejnost.<\/p>\n<p> Lid\u00e9 s klidnou, neunavenou psychikou preferuj\u00ed kontrastn\u00ed kombinace, jednoduch\u00e9, \u010dist\u00e9, sv\u011btl\u00e9 barvy, toto \u2192<\/p>\n<ul>\n<li> d\u011bti a dosp\u00edvaj\u00edc\u00ed<\/li>\n<li> mlad\u00ed a temperamentn\u00ed lid\u00e9<\/li>\n<li> otev\u0159en\u00e9, p\u0159\u00edm\u00e9 povahy a osoby zapojen\u00e9 do fyzick\u00e9 pr\u00e1ce<\/li>\n<\/ul>\n<p> Lid\u00e9 s jemn\u011b organizovan\u00fdm nervov\u00fdm syst\u00e9mem, lid\u00e9 zab\u00fdvaj\u00edc\u00ed se intelektu\u00e1ln\u00ed prac\u00ed, lid\u00e9 star\u0161\u00edho a st\u0159edn\u00edho v\u011bku, stejn\u011b jako lid\u00e9 s unaven\u00fdm nervov\u00fdm syst\u00e9mem preferuj\u00ed m\u00e1lo syt\u00e9, slo\u017eit\u00e9 barvy. Achromatick\u00e9, z\u010dernal\u00e9 a zlomen\u00e9 kombinace p\u016fsob\u00ed uklid\u0148uj\u00edc\u00edm dojmem, vyvol\u00e1vaj\u00ed komplexn\u00ed emoce, kter\u00e9 uspokoj\u00ed nedostatek jemn\u00fdch, rafinovan\u00fdch vjem\u016f.<\/p>\n<p> Vliv na lidsk\u00e9 emoce<\/p>\n<p> Plastov\u00e9, zvukov\u00e9 a barevn\u00e9 obrazy \u00fazce souvis\u00ed s lidsk\u00fdmi emocemi, co\u017e odborn\u00edci berou v \u00favahu p\u0159i v\u00fdvoji interi\u00e9ru butiku nebo obchodu.<\/p>\n<p> Pozitivn\u00ed emoce, kter\u00e9 slovo \u201ez\u00e1bava\u201c vyvol\u00e1v\u00e1, jsou spojeny s hladk\u00fdmi vzory a tvary, voln\u00fdm prostorem a rychl\u00fdm, nespoutan\u00fdm pohybem.<\/p>\n<p> Opa\u010dnou reakci vyvol\u00e1v\u00e1 slovo \u201ezd\u011b\u0161en\u00ed\u201c. Nepravideln\u00e9, \u010dlenit\u00e9 roviny, nestabiln\u00ed tvary, ostr\u00e9 v\u00fdstupky, tma, slab\u00e9 nebo oslepuj\u00edc\u00ed osv\u011btlen\u00ed, studen\u00e1 modr\u00e1 a zelen\u00e1, kluzk\u00e1 podlaha \u2013 to v\u0161e m\u016f\u017ee kupuj\u00edc\u00edho vyd\u011bsit.<\/p>\n<h3> Design interi\u00e9ru obchodu pom\u00e1h\u00e1 kupuj\u00edc\u00edmu<\/h3>\n<p> N\u00e1kupn\u00ed proces bude mnohem jednodu\u0161\u0161\u00ed, pokud bude design interi\u00e9ru obchodu proveden spr\u00e1vn\u011b.<\/p>\n<p> Design interi\u00e9ru prodejny by m\u011bl kupuj\u00edc\u00edmu pomoci rychle naj\u00edt ten spr\u00e1vn\u00fd produkt nebo slu\u017ebu. Proto bude design prodejny z\u00e1viset na typu zvolen\u00e9 slu\u017eby: sm\u00ed\u0161en\u00e1, samoobslu\u017en\u00e1 nebo pultov\u00e1. V\u0161echny prvky mus\u00ed b\u00fdt propojeny a tvo\u0159it jeden celek, pak budou tvo\u0159it kupuj\u00edc\u00edmu po\u017eadovan\u00fd obraz.<\/p>\n<p> Zvl\u00e1\u0161tn\u00ed pozornost v\u011bnujte osv\u011btlen\u00ed. M\u011blo by b\u00fdt pe\u010dliv\u011b promy\u0161leno a prezentovat zbo\u017e\u00ed v nejv\u00fdhodn\u011bj\u0161\u00ed barv\u011b. Velk\u00fd v\u00fdznam m\u00e1 tak\u00e9 \u0159e\u0161en\u00ed fas\u00e1dy budovy a v\u00fdlohy. M\u011bly by b\u00fdt barevn\u00e9, p\u0159itahovat pozornost a p\u0159im\u011bt c\u00edlov\u00e9 publikum, aby p\u0159i\u0161lo.<\/p>\n<p> P\u0159i objedn\u00e1v\u00e1n\u00ed v\u00fdvoje a tvorby interi\u00e9rov\u00e9ho designu a dekorace prodejen nezapome\u0148te na vysokou konkurenci v obchodn\u00edm sektoru, nezapome\u0148te, \u017ee design mus\u00ed b\u00fdt jedine\u010dn\u00fd a nezapomenuteln\u00fd.<\/p>\n<p> Dodr\u017eujte toto jednoduch\u00e9 pravidlo a ka\u017ed\u00e1 n\u00e1v\u0161t\u011bva va\u0161eho obchodu se pro kupuj\u00edc\u00edho stane jasnou ud\u00e1lost\u00ed, o kter\u00e9 bude vypr\u00e1v\u011bt sv\u00fdm p\u0159\u00e1tel\u016fm a zn\u00e1m\u00fdm a bude inzerovat v\u00e1\u0161 obchod. <\/p>\n<p><img loading=\"lazy\" decoding=\"async\" class=\"alignnone  wp-image-1342 aligncenter colorbox-18440\" src=\"https:\/\/asart.com.ua\/wp-content\/uploads\/2012\/06\/\u0424\u0430\u0441\u0430\u0434-1-1024x682.jpg\" alt=\"\" width=\"1000\" height=\"667\" srcset=\"https:\/\/asart.com.ua\/wp-content\/uploads\/2012\/06\/\u0424\u0430\u0441\u0430\u0434-1-1024x682.jpg 1024w, https:\/\/asart.com.ua\/wp-content\/uploads\/2012\/06\/\u0424\u0430\u0441\u0430\u0434-1-300x200.jpg 300w\" sizes=\"(max-width: 1000px) 100vw, 1000px\" \/><\/p>\n<p><img loading=\"lazy\" decoding=\"async\" class=\"alignnone  wp-image-1327 aligncenter colorbox-18440\" src=\"https:\/\/asart.com.ua\/wp-content\/uploads\/2012\/06\/RAW2876-1024x682.jpg\" alt=\"\" width=\"1000\" height=\"667\" srcset=\"https:\/\/asart.com.ua\/wp-content\/uploads\/2012\/06\/RAW2876-1024x682.jpg 1024w, https:\/\/asart.com.ua\/wp-content\/uploads\/2012\/06\/RAW2876-300x200.jpg 300w\" sizes=\"(max-width: 1000px) 100vw, 1000px\" \/><\/p>\n<p><img loading=\"lazy\" decoding=\"async\" class=\"alignnone  wp-image-1299 aligncenter colorbox-18440\" src=\"https:\/\/asart.com.ua\/wp-content\/uploads\/2012\/06\/RAW2878-1024x682.jpg\" alt=\"\" width=\"1000\" height=\"667\" srcset=\"https:\/\/asart.com.ua\/wp-content\/uploads\/2012\/06\/RAW2878-1024x682.jpg 1024w, https:\/\/asart.com.ua\/wp-content\/uploads\/2012\/06\/RAW2878-300x200.jpg 300w\" sizes=\"(max-width: 1000px) 100vw, 1000px\" \/><\/p>\n<p><img loading=\"lazy\" decoding=\"async\" class=\"alignnone  wp-image-1304 aligncenter colorbox-18440\" src=\"https:\/\/asart.com.ua\/wp-content\/uploads\/2012\/06\/RAW2881-1024x682.jpg\" alt=\"\" width=\"1000\" height=\"667\" srcset=\"https:\/\/asart.com.ua\/wp-content\/uploads\/2012\/06\/RAW2881-1024x682.jpg 1024w, https:\/\/asart.com.ua\/wp-content\/uploads\/2012\/06\/RAW2881-300x200.jpg 300w\" sizes=\"(max-width: 1000px) 100vw, 1000px\" \/><\/p>\n<p><img loading=\"lazy\" decoding=\"async\" class=\"alignnone  wp-image-1305 aligncenter colorbox-18440\" src=\"https:\/\/asart.com.ua\/wp-content\/uploads\/2012\/06\/RAW2897-1024x682.jpg\" alt=\"\" width=\"1000\" height=\"667\" srcset=\"https:\/\/asart.com.ua\/wp-content\/uploads\/2012\/06\/RAW2897-1024x682.jpg 1024w, https:\/\/asart.com.ua\/wp-content\/uploads\/2012\/06\/RAW2897-300x200.jpg 300w\" sizes=\"(max-width: 1000px) 100vw, 1000px\" \/><\/p>\n<p><img loading=\"lazy\" decoding=\"async\" class=\"alignnone  wp-image-1311 aligncenter colorbox-18440\" src=\"https:\/\/asart.com.ua\/wp-content\/uploads\/2012\/06\/RAW2928-1024x682.jpg\" alt=\"\" width=\"1000\" height=\"667\" srcset=\"https:\/\/asart.com.ua\/wp-content\/uploads\/2012\/06\/RAW2928-1024x682.jpg 1024w, https:\/\/asart.com.ua\/wp-content\/uploads\/2012\/06\/RAW2928-300x200.jpg 300w\" sizes=\"(max-width: 1000px) 100vw, 1000px\" \/><\/p>\n<p><img loading=\"lazy\" decoding=\"async\" class=\"wp-image-1337 aligncenter colorbox-18440\" src=\"https:\/\/asart.com.ua\/wp-content\/uploads\/2012\/06\/RAW2996-1024x682.jpg\" alt=\"\" width=\"1000\" height=\"667\" srcset=\"https:\/\/asart.com.ua\/wp-content\/uploads\/2012\/06\/RAW2996-1024x682.jpg 1024w, https:\/\/asart.com.ua\/wp-content\/uploads\/2012\/06\/RAW2996-300x200.jpg 300w\" sizes=\"(max-width: 1000px) 100vw, 1000px\" \/><\/p>\n<p><img loading=\"lazy\" decoding=\"async\" class=\"wp-image-1338 aligncenter colorbox-18440\" src=\"https:\/\/asart.com.ua\/wp-content\/uploads\/2012\/06\/RAW2997-1024x682.jpg\" alt=\"\" width=\"1000\" height=\"667\" srcset=\"https:\/\/asart.com.ua\/wp-content\/uploads\/2012\/06\/RAW2997-1024x682.jpg 1024w, https:\/\/asart.com.ua\/wp-content\/uploads\/2012\/06\/RAW2997-300x200.jpg 300w\" sizes=\"(max-width: 1000px) 100vw, 1000px\" \/><img loading=\"lazy\" decoding=\"async\" class=\"size-full wp-image-4843 aligncenter colorbox-18440\" src=\"https:\/\/asart.com.ua\/wp-content\/uploads\/2016\/09\/Dizayn-interera-produktovogo-magazina-2watermark-.jpg\" alt=\"N\u00e1vrh interi\u00e9ru obchodu s potravinami (2)vodoznak\" width=\"1000\" height=\"750\" srcset=\"https:\/\/asart.com.ua\/wp-content\/uploads\/2016\/09\/Dizayn-interera-produktovogo-magazina-2watermark-.jpg 1000w, https:\/\/asart.com.ua\/wp-content\/uploads\/2016\/09\/Dizayn-interera-produktovogo-magazina-2watermark--300x225.jpg 300w, https:\/\/asart.com.ua\/wp-content\/uploads\/2016\/09\/Dizayn-interera-produktovogo-magazina-2watermark--768x576.jpg 768w, https:\/\/asart.com.ua\/wp-content\/uploads\/2016\/09\/Dizayn-interera-produktovogo-magazina-2watermark--160x120.jpg 160w, https:\/\/asart.com.ua\/wp-content\/uploads\/2016\/09\/Dizayn-interera-produktovogo-magazina-2watermark--289x217.jpg 289w\" sizes=\"(max-width: 1000px) 100vw, 1000px\" \/><\/p>\n<p><img loading=\"lazy\" decoding=\"async\" class=\"size-full wp-image-4845 aligncenter colorbox-18440\" src=\"https:\/\/asart.com.ua\/wp-content\/uploads\/2016\/09\/Dizayn-interera-produktovogo-magazina-3watermark-.jpg\" alt=\"N\u00e1vrh interi\u00e9ru obchodu s potravinami (3)vodoznak\" width=\"1000\" height=\"750\" srcset=\"https:\/\/asart.com.ua\/wp-content\/uploads\/2016\/09\/Dizayn-interera-produktovogo-magazina-3watermark-.jpg 1000w, https:\/\/asart.com.ua\/wp-content\/uploads\/2016\/09\/Dizayn-interera-produktovogo-magazina-3watermark--300x225.jpg 300w, https:\/\/asart.com.ua\/wp-content\/uploads\/2016\/09\/Dizayn-interera-produktovogo-magazina-3watermark--768x576.jpg 768w, https:\/\/asart.com.ua\/wp-content\/uploads\/2016\/09\/Dizayn-interera-produktovogo-magazina-3watermark--160x120.jpg 160w, https:\/\/asart.com.ua\/wp-content\/uploads\/2016\/09\/Dizayn-interera-produktovogo-magazina-3watermark--289x217.jpg 289w\" sizes=\"(max-width: 1000px) 100vw, 1000px\" \/><\/p>\n<p><img loading=\"lazy\" decoding=\"async\" class=\"size-full wp-image-4853 aligncenter colorbox-18440\" src=\"https:\/\/asart.com.ua\/wp-content\/uploads\/2016\/09\/Dizayn-interera-produktovogo-magazina-7watermark-.jpg\" alt=\"N\u00e1vrh interi\u00e9ru obchodu s potravinami (7)vodoznak\" width=\"1000\" height=\"750\" srcset=\"https:\/\/asart.com.ua\/wp-content\/uploads\/2016\/09\/Dizayn-interera-produktovogo-magazina-7watermark-.jpg 1000w, https:\/\/asart.com.ua\/wp-content\/uploads\/2016\/09\/Dizayn-interera-produktovogo-magazina-7watermark--300x225.jpg 300w, https:\/\/asart.com.ua\/wp-content\/uploads\/2016\/09\/Dizayn-interera-produktovogo-magazina-7watermark--768x576.jpg 768w, https:\/\/asart.com.ua\/wp-content\/uploads\/2016\/09\/Dizayn-interera-produktovogo-magazina-7watermark--160x120.jpg 160w, https:\/\/asart.com.ua\/wp-content\/uploads\/2016\/09\/Dizayn-interera-produktovogo-magazina-7watermark--289x217.jpg 289w\" sizes=\"(max-width: 1000px) 100vw, 1000px\" \/><\/p>\n<p><img loading=\"lazy\" decoding=\"async\" class=\"size-full wp-image-4847 aligncenter colorbox-18440\" src=\"https:\/\/asart.com.ua\/wp-content\/uploads\/2016\/09\/Dizayn-interera-produktovogo-magazina-4watermark-.jpg\" alt=\"N\u00e1vrh interi\u00e9ru obchodu s potravinami (4)vodoznak\" width=\"1000\" height=\"750\" srcset=\"https:\/\/asart.com.ua\/wp-content\/uploads\/2016\/09\/Dizayn-interera-produktovogo-magazina-4watermark-.jpg 1000w, https:\/\/asart.com.ua\/wp-content\/uploads\/2016\/09\/Dizayn-interera-produktovogo-magazina-4watermark--300x225.jpg 300w, https:\/\/asart.com.ua\/wp-content\/uploads\/2016\/09\/Dizayn-interera-produktovogo-magazina-4watermark--768x576.jpg 768w, https:\/\/asart.com.ua\/wp-content\/uploads\/2016\/09\/Dizayn-interera-produktovogo-magazina-4watermark--160x120.jpg 160w, https:\/\/asart.com.ua\/wp-content\/uploads\/2016\/09\/Dizayn-interera-produktovogo-magazina-4watermark--289x217.jpg 289w\" sizes=\"(max-width: 1000px) 100vw, 1000px\" \/><\/p>\n<p><img loading=\"lazy\" decoding=\"async\" class=\"size-full wp-image-4871 aligncenter colorbox-18440\" src=\"https:\/\/asart.com.ua\/wp-content\/uploads\/2016\/09\/Dizayn-interera-produktovogo-magazina-6watermark-1-2.jpg\" alt=\"N\u00e1vrh interi\u00e9ru obchodu s potravinami (6)vodoznak\" width=\"1000\" height=\"750\" srcset=\"https:\/\/asart.com.ua\/wp-content\/uploads\/2016\/09\/Dizayn-interera-produktovogo-magazina-6watermark-1-2.jpg 1000w, https:\/\/asart.com.ua\/wp-content\/uploads\/2016\/09\/Dizayn-interera-produktovogo-magazina-6watermark-1-2-300x225.jpg 300w, https:\/\/asart.com.ua\/wp-content\/uploads\/2016\/09\/Dizayn-interera-produktovogo-magazina-6watermark-1-2-768x576.jpg 768w, https:\/\/asart.com.ua\/wp-content\/uploads\/2016\/09\/Dizayn-interera-produktovogo-magazina-6watermark-1-2-160x120.jpg 160w, https:\/\/asart.com.ua\/wp-content\/uploads\/2016\/09\/Dizayn-interera-produktovogo-magazina-6watermark-1-2-289x217.jpg 289w\" sizes=\"(max-width: 1000px) 100vw, 1000px\" \/><\/p>\n<blockquote>\n<p style=\"text-align: center; color: #33cccc; font-weight: bolder;\"> <a style=\"text-decoration: none;\" title=\"Portfolio\" href=\"https:\/\/asart.com.ua\/cs\/portfolio\/\">&gt;&gt; <span style=\"color: #333333;\">zobrazit portfolio<\/span> &lt;&lt;&lt;<\/a><\/p>\n<\/blockquote>\n<p> Viz tak\u00e9: <a href=\"https:\/\/asart.com.ua\/dizayn-magazinov\/stile-loft\/\">Design prodejny ve stylu podkrov\u00ed<\/a> , <a href=\"https:\/\/asart.com.ua\/dizayn-magazinov\/proekt-torgovogo-centra\/\">Projekt designu n\u00e1kupn\u00edho centra<\/a> , <a href=\"https:\/\/asart.com.ua\/dizayn-magazinov\/proekt-interera\/\">Projekt designu interi\u00e9ru prodejny<\/a> .<\/p>\n","protected":false},"excerpt":{"rendered":"<p>Souhlas, ka\u017ed\u00fd m\u00e1 sv\u00e9 obl\u00edben\u00e9 obchody <a class=\"continue_link\" href=\"https:\/\/asart.com.ua\/cs\/dizayn-magazinov\/\">\u0427\u0438\u0442\u0430\u0442\u044c \u0434\u0430\u043b\u0435\u0435 >><\/a><\/p>\n","protected":false},"author":6,"featured_media":0,"parent":0,"menu_order":0,"comment_status":"closed","ping_status":"closed","template":"","meta":{"footnotes":""},"acf":[],"aioseo_notices":[],"_links":{"self":[{"href":"https:\/\/asart.com.ua\/cs\/wp-json\/wp\/v2\/pages\/18440"}],"collection":[{"href":"https:\/\/asart.com.ua\/cs\/wp-json\/wp\/v2\/pages"}],"about":[{"href":"https:\/\/asart.com.ua\/cs\/wp-json\/wp\/v2\/types\/page"}],"author":[{"embeddable":true,"href":"https:\/\/asart.com.ua\/cs\/wp-json\/wp\/v2\/users\/6"}],"replies":[{"embeddable":true,"href":"https:\/\/asart.com.ua\/cs\/wp-json\/wp\/v2\/comments?post=18440"}],"version-history":[{"count":1,"href":"https:\/\/asart.com.ua\/cs\/wp-json\/wp\/v2\/pages\/18440\/revisions"}],"predecessor-version":[{"id":18443,"href":"https:\/\/asart.com.ua\/cs\/wp-json\/wp\/v2\/pages\/18440\/revisions\/18443"}],"wp:attachment":[{"href":"https:\/\/asart.com.ua\/cs\/wp-json\/wp\/v2\/media?parent=18440"}],"curies":[{"name":"wp","href":"https:\/\/api.w.org\/{rel}","templated":true}]}}