{"id":18421,"date":"2017-06-06T13:45:32","date_gmt":"2017-06-06T10:45:32","guid":{"rendered":"https:\/\/asart.com.ua\/dizajn-ofisa\/stoimost\/"},"modified":"2023-11-24T01:59:59","modified_gmt":"2023-11-23T22:59:59","slug":"stoimost","status":"publish","type":"page","link":"https:\/\/asart.com.ua\/cs\/dizajn-ofisa\/stoimost\/","title":{"rendered":"N\u00e1klady na kancel\u00e1\u0159sk\u00fd design"},"content":{"rendered":"<p>Pokud se rozhodnete zrekonstruovat svou kancel\u00e1\u0159 s jedine\u010dn\u00fdm designem interi\u00e9ru, pak bude va\u0161\u00ed prvn\u00ed akc\u00ed hledat designov\u00e9 studio s p\u0159ijateln\u00fdmi cenami slu\u017eeb. V t\u00e9to f\u00e1zi je t\u0159eba p\u0159ipomenout, \u017ee n\u00edzk\u00e9 n\u00e1klady na projek\u010dn\u00ed pr\u00e1ce ne v\u017edy odpov\u00eddaj\u00ed jej\u00ed vysok\u00e9 kvalit\u011b. A proto\u017ee vzhled kancel\u00e1\u0159sk\u00fdch prostor <strong>hraje pro ka\u017edou spole\u010dnost d\u016fle\u017eitou roli, m\u011bli byste se obr\u00e1tit pouze na profesion\u00e1ly<\/strong> . <\/p>\n<p><img loading=\"lazy\" decoding=\"async\" class=\"aligncenter wp-image-3527 size-full colorbox-18421\" src=\"https:\/\/asart.com.ua\/wp-content\/uploads\/2014\/06\/Interer-ofisov-2watermark.jpg\" alt=\"N\u00e1klady na kancel\u00e1\u0159sk\u00fd design\" width=\"1000\" height=\"667\" srcset=\"https:\/\/asart.com.ua\/wp-content\/uploads\/2014\/06\/Interer-ofisov-2watermark.jpg 1000w, https:\/\/asart.com.ua\/wp-content\/uploads\/2014\/06\/Interer-ofisov-2watermark-300x200.jpg 300w, https:\/\/asart.com.ua\/wp-content\/uploads\/2014\/06\/Interer-ofisov-2watermark-240x160.jpg 240w\" sizes=\"(max-width: 1000px) 100vw, 1000px\" \/><\/p>\n<p> <a href=\"https:\/\/asart.com.ua\/wp-content\/uploads\/2018\/11\/Konferentszal-1-15watermark.jpg\"><img loading=\"lazy\" decoding=\"async\" class=\"aligncenter size-full wp-image-6864 colorbox-18421\" src=\"https:\/\/asart.com.ua\/wp-content\/uploads\/2018\/11\/Konferentszal-1-15watermark.jpg\" alt=\"\" width=\"1000\" height=\"667\" srcset=\"https:\/\/asart.com.ua\/wp-content\/uploads\/2018\/11\/Konferentszal-1-15watermark.jpg 1000w, https:\/\/asart.com.ua\/wp-content\/uploads\/2018\/11\/Konferentszal-1-15watermark-300x200.jpg 300w, https:\/\/asart.com.ua\/wp-content\/uploads\/2018\/11\/Konferentszal-1-15watermark-768x512.jpg 768w, https:\/\/asart.com.ua\/wp-content\/uploads\/2018\/11\/Konferentszal-1-15watermark-240x160.jpg 240w\" sizes=\"(max-width: 1000px) 100vw, 1000px\" \/><\/a><\/p>\n<h2> P\u0159edstavujeme zaj\u00edmav\u00e1 designov\u00e1 \u0159e\u0161en\u00ed.<\/h2>\n<div class=\"value\" style=\"float: right;\">\n<table>\n<tbody>\n<tr>\n<th style=\"width: 185.35px;\"> Oblast m\u00edstnosti<\/th>\n<th style=\"width: 138.017px;\"> Cena<\/th>\n<\/tr>\n<tr>\n<td style=\"width: 185.35px;\"> od 40-100 <sup>m2<\/sup><\/td>\n<td style=\"width: 138.017px;\"> 30 <sup>$<\/sup> \/ <sup>m2<\/sup><\/td>\n<\/tr>\n<tr>\n<td style=\"width: 185.35px;\"> 100-200 <sup>m2<\/sup><\/td>\n<td style=\"width: 138.017px;\"> 25 <sup>$<\/sup> \/ <sup>m2<\/sup><\/td>\n<\/tr>\n<tr>\n<td style=\"width: 185.35px;\"> 200-500 <sup>m2<\/sup><\/td>\n<td style=\"width: 138.017px;\"> 20 <sup>$<\/sup> \/ <sup>m2<\/sup><\/td>\n<\/tr>\n<tr>\n<td style=\"width: 185.35px;\"> v\u00edce ne\u017e 500 <sup>m2<\/sup><\/td>\n<td style=\"width: 138.017px;\"> 15 <sup>$<\/sup> \/ <sup>m2<\/sup><\/td>\n<\/tr>\n<tr class=\"last\">\n<td style=\"width: 185.35px;\"> od 1000 <sup>m2<\/sup><\/td>\n<td style=\"width: 138.017px;\"> Speci\u00e1ln\u00ed cena<\/td>\n<\/tr>\n<\/tbody>\n<\/table>\n<p> <span class=\"deskription\">*Pro st\u00e1l\u00e9 z\u00e1kazn\u00edky existuje slevov\u00fd syst\u00e9m.<\/span> <span class=\"deskription\">*Speci\u00e1ln\u00ed nab\u00eddka pro architektonick\u00fd dozor.<\/span><\/div>\n<p> Na\u0161e studio m\u00e1 bohat\u00e9 zku\u0161enosti s tvorbou unik\u00e1tn\u00edch interi\u00e9rov\u00fdch projekt\u016f pro kancel\u00e1\u0159e v Charkov\u011b a Kyjev\u011b. AS-Design nab\u00edz\u00ed sv\u00fdm z\u00e1kazn\u00edk\u016fm:<\/p>\n<ul>\n<li> zaj\u00edmav\u00e9 designov\u00e9 n\u00e1pady<\/li>\n<li> profesion\u00e1ln\u00ed a kvalitn\u00ed pracovn\u00ed v\u00fdkon<\/li>\n<li> optim\u00e1ln\u00ed ceny<\/li>\n<li> vizualizace projekt\u016f<\/li>\n<li> autorsk\u00fd dozor<\/li>\n<\/ul>\n<p> Kontaktov\u00e1n\u00edm na\u0161eho studia v\u00fdrazn\u011b u\u0161et\u0159\u00edte \u010das i pen\u00edze. Va\u0161e kancel\u00e1\u0159 se stane:<\/p>\n<ul>\n<li> modern\u00ed<\/li>\n<li> stylov\u00fd<\/li>\n<li> unik\u00e1tn\u00ed<\/li>\n<li> rozpoznateln\u00fd<\/li>\n<li> zaj\u00edmav\u00fd<\/li>\n<\/ul>\n<p> Bude to pohodln\u00e9 a \u00fatuln\u00e9 jak pro zam\u011bstnance spole\u010dnosti, tak pro jej\u00ed n\u00e1v\u0161t\u011bvn\u00edky a klienty. Ka\u017ed\u00fd metr m\u00edstnosti bude design\u00e9rem pe\u010dliv\u011b propracov\u00e1n, proto\u017ee zm\u011bny se dotknou nejen kancel\u00e1\u0159e \u0159editele, ale tak\u00e9 m\u00edstnosti, kde zam\u011bstnanci pracuj\u00ed, odpo\u010d\u00edvaj\u00ed a jed\u00ed. To znamen\u00e1, \u017ee v projektu kancel\u00e1\u0159sk\u00e9ho interi\u00e9ru za dostupnou cenu budou zohledn\u011bny v\u0161echny existuj\u00edc\u00ed m\u00edstnosti, v\u010detn\u011b technick\u00fdch m\u00edstnost\u00ed. <\/p>\n<p><img loading=\"lazy\" decoding=\"async\" class=\"aligncenter wp-image-4366 size-full colorbox-18421\" src=\"https:\/\/asart.com.ua\/wp-content\/uploads\/2013\/07\/Dizan-interera-ofisnyih-pomeshheniy-2watermark.jpg\" alt=\"Ceny kancel\u00e1\u0159sk\u00e9ho designu\" width=\"1000\" height=\"667\" srcset=\"https:\/\/asart.com.ua\/wp-content\/uploads\/2013\/07\/Dizan-interera-ofisnyih-pomeshheniy-2watermark.jpg 1000w, https:\/\/asart.com.ua\/wp-content\/uploads\/2013\/07\/Dizan-interera-ofisnyih-pomeshheniy-2watermark-300x200.jpg 300w, https:\/\/asart.com.ua\/wp-content\/uploads\/2013\/07\/Dizan-interera-ofisnyih-pomeshheniy-2watermark-240x160.jpg 240w\" sizes=\"(max-width: 1000px) 100vw, 1000px\" \/><\/p>\n<p> <a href=\"https:\/\/asart.com.ua\/wp-content\/uploads\/2021\/11\/suzdalskie-ryady-ofis-17watermark-.jpg\"><img loading=\"lazy\" decoding=\"async\" class=\"aligncenter size-full wp-image-9577 colorbox-18421\" src=\"https:\/\/asart.com.ua\/wp-content\/uploads\/2021\/11\/suzdalskie-ryady-ofis-17watermark-.jpg\" alt=\"\" width=\"1000\" height=\"564\" srcset=\"https:\/\/asart.com.ua\/wp-content\/uploads\/2021\/11\/suzdalskie-ryady-ofis-17watermark-.jpg 1000w, https:\/\/asart.com.ua\/wp-content\/uploads\/2021\/11\/suzdalskie-ryady-ofis-17watermark--300x169.jpg 300w, https:\/\/asart.com.ua\/wp-content\/uploads\/2021\/11\/suzdalskie-ryady-ofis-17watermark--768x433.jpg 768w\" sizes=\"(max-width: 1000px) 100vw, 1000px\" \/><\/a><\/p>\n<p> <a href=\"https:\/\/asart.com.ua\/wp-content\/uploads\/2021\/11\/suzdalskie-ryady-ofis-15watermark-.jpg\"><img loading=\"lazy\" decoding=\"async\" class=\"aligncenter size-full wp-image-9575 colorbox-18421\" src=\"https:\/\/asart.com.ua\/wp-content\/uploads\/2021\/11\/suzdalskie-ryady-ofis-15watermark-.jpg\" alt=\"\" width=\"1000\" height=\"564\" srcset=\"https:\/\/asart.com.ua\/wp-content\/uploads\/2021\/11\/suzdalskie-ryady-ofis-15watermark-.jpg 1000w, https:\/\/asart.com.ua\/wp-content\/uploads\/2021\/11\/suzdalskie-ryady-ofis-15watermark--300x169.jpg 300w, https:\/\/asart.com.ua\/wp-content\/uploads\/2021\/11\/suzdalskie-ryady-ofis-15watermark--768x433.jpg 768w\" sizes=\"(max-width: 1000px) 100vw, 1000px\" \/><\/a> <a href=\"https:\/\/asart.com.ua\/wp-content\/uploads\/2021\/11\/suzdalskie-ryady-ofis-26watermark-.jpg\"><img loading=\"lazy\" decoding=\"async\" class=\"aligncenter size-full wp-image-9585 colorbox-18421\" src=\"https:\/\/asart.com.ua\/wp-content\/uploads\/2021\/11\/suzdalskie-ryady-ofis-26watermark-.jpg\" alt=\"\" width=\"1000\" height=\"563\" srcset=\"https:\/\/asart.com.ua\/wp-content\/uploads\/2021\/11\/suzdalskie-ryady-ofis-26watermark-.jpg 1000w, https:\/\/asart.com.ua\/wp-content\/uploads\/2021\/11\/suzdalskie-ryady-ofis-26watermark--300x169.jpg 300w, https:\/\/asart.com.ua\/wp-content\/uploads\/2021\/11\/suzdalskie-ryady-ofis-26watermark--768x432.jpg 768w\" sizes=\"(max-width: 1000px) 100vw, 1000px\" \/><\/a><\/p>\n<h3> Pracujeme se v\u0161emi modern\u00edmi styly.<\/h3>\n<p> Ne\u017e se pust\u00edte do tvorby n\u00e1\u010drtu interi\u00e9ru za konkurenceschopnou cenu, p\u0159ijede do va\u0161\u00ed kancel\u00e1\u0159e design\u00e9r na\u0161\u00ed spole\u010dnosti, provede prohl\u00eddku a sezn\u00e1m\u00ed se s va\u0161imi po\u017eadavky a preferencemi ohledn\u011b projek\u010dn\u00ed pr\u00e1ce. Spole\u010dn\u011b s n\u00edm vyberete barevn\u00e9 sch\u00e9ma, nejvhodn\u011bj\u0161\u00ed styl, ale i materi\u00e1ly pro opravy a dekorace, n\u00e1bytek a dopl\u0148ky. V\u0161echny tyto slu\u017eby jsou zahrnuty v cen\u011b projektu. <em>P\u0159i v\u00fdb\u011bru stylu designu pro kancel\u00e1\u0159sk\u00e9 prostory stoj\u00ed za to vz\u00edt v \u00favahu oblast \u010dinnosti spole\u010dnosti, jej\u00ed c\u00edlov\u00e9 publikum, jako\u017e i firemn\u00ed kulturu a logo<\/em> .<\/p>\n<p> To v\u0161e v\u00e1m umo\u017en\u00ed vytvo\u0159it jedine\u010dn\u00fd design interi\u00e9ru za nejlep\u0161\u00ed cenu, kter\u00fd bude nejl\u00e9pe vyhovovat va\u0161emu firemn\u00edmu stylu. Design interi\u00e9ru krom\u011b vzhledu umo\u017en\u00ed vytvo\u0159it pohodln\u00e9, \u00fatuln\u00e9 a pohodln\u00e9 prost\u0159ed\u00ed pro v\u0161echny pracovn\u00edky kancel\u00e1\u0159e. N\u00e1\u0161 design\u00e9r pro n\u011b vyvine pohodln\u00e1 a funk\u010dn\u00ed pracovi\u0161t\u011b.<\/p>\n<p> Kontaktov\u00e1n\u00edm studia As-Design z\u00edsk\u00e1te profesion\u00e1ln\u00ed designov\u00e9 poradenstv\u00ed, jedine\u010dn\u00fd a jedine\u010dn\u00fd projekt kancel\u00e1\u0159sk\u00e9ho interi\u00e9ru za n\u00edzkou cenu jak v Charkov\u011b, tak v Kyjev\u011b.<\/p>\n","protected":false},"excerpt":{"rendered":"<p>Pokud se rozhodnete zrekonstruovat svou kancel\u00e1\u0159 <a class=\"continue_link\" href=\"https:\/\/asart.com.ua\/cs\/dizajn-ofisa\/stoimost\/\">\u0427\u0438\u0442\u0430\u0442\u044c \u0434\u0430\u043b\u0435\u0435 >><\/a><\/p>\n","protected":false},"author":6,"featured_media":0,"parent":18385,"menu_order":0,"comment_status":"closed","ping_status":"closed","template":"","meta":{"footnotes":""},"acf":[],"aioseo_notices":[],"_links":{"self":[{"href":"https:\/\/asart.com.ua\/cs\/wp-json\/wp\/v2\/pages\/18421"}],"collection":[{"href":"https:\/\/asart.com.ua\/cs\/wp-json\/wp\/v2\/pages"}],"about":[{"href":"https:\/\/asart.com.ua\/cs\/wp-json\/wp\/v2\/types\/page"}],"author":[{"embeddable":true,"href":"https:\/\/asart.com.ua\/cs\/wp-json\/wp\/v2\/users\/6"}],"replies":[{"embeddable":true,"href":"https:\/\/asart.com.ua\/cs\/wp-json\/wp\/v2\/comments?post=18421"}],"version-history":[{"count":1,"href":"https:\/\/asart.com.ua\/cs\/wp-json\/wp\/v2\/pages\/18421\/revisions"}],"predecessor-version":[{"id":18424,"href":"https:\/\/asart.com.ua\/cs\/wp-json\/wp\/v2\/pages\/18421\/revisions\/18424"}],"up":[{"embeddable":true,"href":"https:\/\/asart.com.ua\/cs\/wp-json\/wp\/v2\/pages\/18385"}],"wp:attachment":[{"href":"https:\/\/asart.com.ua\/cs\/wp-json\/wp\/v2\/media?parent=18421"}],"curies":[{"name":"wp","href":"https:\/\/api.w.org\/{rel}","templated":true}]}}