{"id":18415,"date":"2017-06-06T14:03:20","date_gmt":"2017-06-06T11:03:20","guid":{"rendered":"https:\/\/asart.com.ua\/dizajn-ofisa\/stoimost-proekt\/"},"modified":"2023-11-27T16:01:22","modified_gmt":"2023-11-27T13:01:22","slug":"stoimost-proekt","status":"publish","type":"page","link":"https:\/\/asart.com.ua\/cs\/dizajn-ofisa\/stoimost-proekt\/","title":{"rendered":"N\u00e1klady na projekt kancel\u00e1\u0159sk\u00e9ho designu"},"content":{"rendered":"<div class=\"value\" style=\"float: right;\">\n<table>\n<tbody>\n<tr>\n<th style=\"width: 185.35px;\">Oblast m\u00edstnosti<\/th>\n<th style=\"width: 138.017px;\"> Cena<\/th>\n<\/tr>\n<tr>\n<td style=\"width: 185.35px;\"> od 40-100 <sup>m2<\/sup><\/td>\n<td style=\"width: 138.017px;\"> 30 <sup>$<\/sup> \/ <sup>m2<\/sup><\/td>\n<\/tr>\n<tr>\n<td style=\"width: 185.35px;\"> 100-200 <sup>m2<\/sup><\/td>\n<td style=\"width: 138.017px;\"> 25 <sup>$<\/sup> \/ <sup>m2<\/sup><\/td>\n<\/tr>\n<tr>\n<td style=\"width: 185.35px;\"> 200-500 <sup>m2<\/sup><\/td>\n<td style=\"width: 138.017px;\"> 20 <sup>$<\/sup> \/ <sup>m2<\/sup><\/td>\n<\/tr>\n<tr>\n<td style=\"width: 185.35px;\"> v\u00edce ne\u017e 500 <sup>m2<\/sup><\/td>\n<td style=\"width: 138.017px;\"> 15 <sup>$<\/sup> \/ <sup>m2<\/sup><\/td>\n<\/tr>\n<tr class=\"last\">\n<td style=\"width: 185.35px;\"> od 1000 <sup>m2<\/sup><\/td>\n<td style=\"width: 138.017px;\"> Speci\u00e1ln\u00ed cena<\/td>\n<\/tr>\n<\/tbody>\n<\/table>\n<p> <span class=\"deskription\">*Pro st\u00e1l\u00e9 z\u00e1kazn\u00edky existuje slevov\u00fd syst\u00e9m.<\/span> <span class=\"deskription\">*Speci\u00e1ln\u00ed nab\u00eddka pro architektonick\u00fd dozor.<\/span><\/div>\n<p> Interi\u00e9r hraje d\u016fle\u017eitou roli pro ka\u017edou m\u00edstnost, v\u010detn\u011b kancel\u00e1\u0159sk\u00fdch prostor. Kdy\u017e toti\u017e \u010dlov\u011bk poprv\u00e9 vstoup\u00ed do kancel\u00e1\u0159e, posuzuje firmu a jej\u00ed schopnosti podle vzhledu. <strong>Reprezentativn\u00ed vzhled m\u00e1 pozitivn\u00ed dopad na potenci\u00e1ln\u00ed partnery a klienty a vytv\u00e1\u0159\u00ed dojem, \u017ee jste spolehliv\u00fd a pohotov\u00fd hr\u00e1\u010d v podnik\u00e1n\u00ed<\/strong> . Kancel\u00e1\u0159 ka\u017ed\u00e9 spole\u010dnosti, bez ohledu na jej\u00ed velikost a obor \u010dinnosti, by proto m\u011bla b\u00fdt:<\/p>\n<ul>\n<li> modern\u00ed<\/li>\n<li> reprezentativn\u00ed<\/li>\n<li> zaj\u00edmav\u00fd<\/li>\n<li> komfortn\u00ed<\/li>\n<\/ul>\n<p> Pokud je\u0161t\u011b \u017e\u00e1dn\u00fd takov\u00fd nem\u00e1te, m\u011bli byste si objednat v\u00fdvoj jedine\u010dn\u00e9ho designov\u00e9ho projektu. Na prvn\u00ed pohled se m\u016f\u017ee zd\u00e1t, \u017ee to bude snadn\u00e9, proto\u017ee v Kyjev\u011b a Charkov\u011b je mnoho spole\u010dnost\u00ed, kter\u00e9 poskytuj\u00ed design\u00e9rsk\u00e9 slu\u017eby za n\u00edzk\u00e9 ceny. Ale proto\u017ee design kancel\u00e1\u0159sk\u00fdch interi\u00e9r\u016f hraje pro spole\u010dnost d\u016fle\u017eitou roli, mus\u00edte si vybrat spolehliv\u00e9ho dodavatele, kter\u00fd dok\u00e1\u017ee vytvo\u0159it jedine\u010dn\u00fd projekt a realizovat jej.<\/p>\n<p> <a href=\"https:\/\/asart.com.ua\/wp-content\/uploads\/2019\/07\/Dizayn-magazina-70watermark-.jpg\"><img loading=\"lazy\" decoding=\"async\" class=\"aligncenter size-full wp-image-7338 colorbox-18415\" src=\"https:\/\/asart.com.ua\/wp-content\/uploads\/2019\/07\/Dizayn-magazina-70watermark-.jpg\" alt=\"\" width=\"1000\" height=\"667\" srcset=\"https:\/\/asart.com.ua\/wp-content\/uploads\/2019\/07\/Dizayn-magazina-70watermark-.jpg 1000w, https:\/\/asart.com.ua\/wp-content\/uploads\/2019\/07\/Dizayn-magazina-70watermark--300x200.jpg 300w, https:\/\/asart.com.ua\/wp-content\/uploads\/2019\/07\/Dizayn-magazina-70watermark--768x512.jpg 768w, https:\/\/asart.com.ua\/wp-content\/uploads\/2019\/07\/Dizayn-magazina-70watermark--240x160.jpg 240w\" sizes=\"(max-width: 1000px) 100vw, 1000px\" \/><\/a> <a href=\"https:\/\/asart.com.ua\/wp-content\/uploads\/2019\/07\/Dizayn-magazina-24watermark-.jpg\"><img loading=\"lazy\" decoding=\"async\" class=\"aligncenter size-full wp-image-7246 colorbox-18415\" src=\"https:\/\/asart.com.ua\/wp-content\/uploads\/2019\/07\/Dizayn-magazina-24watermark-.jpg\" alt=\"\" width=\"1000\" height=\"667\" srcset=\"https:\/\/asart.com.ua\/wp-content\/uploads\/2019\/07\/Dizayn-magazina-24watermark-.jpg 1000w, https:\/\/asart.com.ua\/wp-content\/uploads\/2019\/07\/Dizayn-magazina-24watermark--300x200.jpg 300w, https:\/\/asart.com.ua\/wp-content\/uploads\/2019\/07\/Dizayn-magazina-24watermark--768x512.jpg 768w, https:\/\/asart.com.ua\/wp-content\/uploads\/2019\/07\/Dizayn-magazina-24watermark--240x160.jpg 240w\" sizes=\"(max-width: 1000px) 100vw, 1000px\" \/><\/a> <a href=\"https:\/\/asart.com.ua\/wp-content\/uploads\/2019\/07\/Dizayn-magazina-23watermark-.jpg\"><img loading=\"lazy\" decoding=\"async\" class=\"aligncenter size-full wp-image-7244 colorbox-18415\" src=\"https:\/\/asart.com.ua\/wp-content\/uploads\/2019\/07\/Dizayn-magazina-23watermark-.jpg\" alt=\"\" width=\"1000\" height=\"667\" srcset=\"https:\/\/asart.com.ua\/wp-content\/uploads\/2019\/07\/Dizayn-magazina-23watermark-.jpg 1000w, https:\/\/asart.com.ua\/wp-content\/uploads\/2019\/07\/Dizayn-magazina-23watermark--300x200.jpg 300w, https:\/\/asart.com.ua\/wp-content\/uploads\/2019\/07\/Dizayn-magazina-23watermark--768x512.jpg 768w, https:\/\/asart.com.ua\/wp-content\/uploads\/2019\/07\/Dizayn-magazina-23watermark--240x160.jpg 240w\" sizes=\"(max-width: 1000px) 100vw, 1000px\" \/><\/a> <a href=\"https:\/\/asart.com.ua\/wp-content\/uploads\/2019\/07\/Dizayn-magazina-42watermark-.jpg\"><img loading=\"lazy\" decoding=\"async\" class=\"aligncenter size-full wp-image-7282 colorbox-18415\" src=\"https:\/\/asart.com.ua\/wp-content\/uploads\/2019\/07\/Dizayn-magazina-42watermark-.jpg\" alt=\"\" width=\"1000\" height=\"667\" srcset=\"https:\/\/asart.com.ua\/wp-content\/uploads\/2019\/07\/Dizayn-magazina-42watermark-.jpg 1000w, https:\/\/asart.com.ua\/wp-content\/uploads\/2019\/07\/Dizayn-magazina-42watermark--300x200.jpg 300w, https:\/\/asart.com.ua\/wp-content\/uploads\/2019\/07\/Dizayn-magazina-42watermark--768x512.jpg 768w, https:\/\/asart.com.ua\/wp-content\/uploads\/2019\/07\/Dizayn-magazina-42watermark--240x160.jpg 240w\" sizes=\"(max-width: 1000px) 100vw, 1000px\" \/><\/a> <a href=\"https:\/\/asart.com.ua\/wp-content\/uploads\/2019\/07\/Dizayn-magazina-45watermark-.jpg\"><img loading=\"lazy\" decoding=\"async\" class=\"aligncenter size-full wp-image-7288 colorbox-18415\" src=\"https:\/\/asart.com.ua\/wp-content\/uploads\/2019\/07\/Dizayn-magazina-45watermark-.jpg\" alt=\"\" width=\"1000\" height=\"667\" srcset=\"https:\/\/asart.com.ua\/wp-content\/uploads\/2019\/07\/Dizayn-magazina-45watermark-.jpg 1000w, https:\/\/asart.com.ua\/wp-content\/uploads\/2019\/07\/Dizayn-magazina-45watermark--300x200.jpg 300w, https:\/\/asart.com.ua\/wp-content\/uploads\/2019\/07\/Dizayn-magazina-45watermark--768x512.jpg 768w, https:\/\/asart.com.ua\/wp-content\/uploads\/2019\/07\/Dizayn-magazina-45watermark--240x160.jpg 240w\" sizes=\"(max-width: 1000px) 100vw, 1000px\" \/><\/a><\/p>\n<h2> Profesion\u00e1ln\u00ed, rychl\u00e9, cenov\u011b dostupn\u00e9.<\/h2>\n<p> Na\u0161e studio m\u00e1 bohat\u00e9 zku\u0161enosti s tvorbou jedine\u010dn\u00fdch a nenapodobiteln\u00fdch kancel\u00e1\u0159sk\u00fdch projekt\u016f za nejlep\u0161\u00ed cenu. Cena projek\u010dn\u00ed pr\u00e1ce z\u00e1vis\u00ed na jej\u00edm objemu, slo\u017eitosti, ale i velikosti kancel\u00e1\u0159sk\u00fdch prostor a zvolen\u00e9m stylu. Pr\u00e1ce se z\u00e1kazn\u00edkem za\u010d\u00edn\u00e1 osobn\u00ed sch\u016fzkou, kter\u00e1 d\u00e1v\u00e1 projektantovi mo\u017enost prohl\u00e9dnout si kancel\u00e1\u0159sk\u00e9 prostory, zjistit va\u0161e p\u0159\u00e1n\u00ed ohledn\u011b projek\u010dn\u00edch a rekonstruk\u010dn\u00edch prac\u00ed a tak\u00e9 zjistit pot\u0159ebn\u00e9 informace o \u010dinnosti spole\u010dnosti, jej\u00ed koncepci a firemn\u00ed etice. Na z\u00e1klad\u011b obdr\u017een\u00fdch informac\u00ed v\u00e1m design\u00e9r studia AS-Design m\u016f\u017ee nab\u00eddnout n\u011bkolik styl\u016f, kter\u00e9 se do va\u0161\u00ed kancel\u00e1\u0159e nejv\u00edce hod\u00ed a vy si zase vyberete ten, kter\u00fd v\u00e1m bude cenov\u011b i interi\u00e9rov\u011b nejv\u00edce vyhovovat. <\/p>\n<p><img loading=\"lazy\" decoding=\"async\" class=\"aligncenter wp-image-3244 size-full colorbox-18415\" src=\"https:\/\/asart.com.ua\/wp-content\/uploads\/2014\/02\/Zal-3watermark.jpg\" alt=\"Ceny za projekt kancel\u00e1\u0159sk\u00e9ho designu\" width=\"1000\" height=\"667\" srcset=\"https:\/\/asart.com.ua\/wp-content\/uploads\/2014\/02\/Zal-3watermark.jpg 1000w, https:\/\/asart.com.ua\/wp-content\/uploads\/2014\/02\/Zal-3watermark-300x200.jpg 300w, https:\/\/asart.com.ua\/wp-content\/uploads\/2014\/02\/Zal-3watermark-240x160.jpg 240w\" sizes=\"(max-width: 1000px) 100vw, 1000px\" \/><\/p>\n<h3> Pohodln\u00e9 a \u00fatuln\u00e9 kancel\u00e1\u0159sk\u00e9 prostory.<\/h3>\n<p> Vyvinut\u00fd designov\u00fd projekt za konkurenceschopnou cenu bude zahrnovat v\u0161echny oblasti, kter\u00e9 jsou ve va\u0161\u00ed kancel\u00e1\u0159i:<\/p>\n<ul>\n<li> pracovn\u00ed<\/li>\n<li> rekreace<\/li>\n<li> j\u00eddla<\/li>\n<li> p\u0159ij\u00edm\u00e1n\u00ed partner\u016f a klient\u016f<\/li>\n<\/ul>\n<p> Stejn\u011b jako ob\u00fdvac\u00ed prostory a koupelna. V\u0161echny budou vyrobeny ve stejn\u00e9m stylu a barevn\u00e9m proveden\u00ed. A tak\u00e9 designov\u00fd projekt m\u016f\u017ee b\u00fdt vyvinut s ohledem na n\u011bkolik stylov\u00fdch sm\u011br\u016f, co\u017e neovlivn\u00ed jeho cenu. <em>Bez ohledu na to, jak\u00fd styl a barevnou paletu si vyberete, bude va\u0161e kancel\u00e1\u0159 modern\u00ed, kr\u00e1sn\u00e1, \u00fatuln\u00e1 a pohodln\u00e1<\/em> . Zd\u016frazn\u00ed presti\u017e va\u0161\u00ed spole\u010dnosti a vytvo\u0159\u00ed j\u00ed vysok\u00e9 hodnocen\u00ed a image mezi ostatn\u00edmi spole\u010dnostmi.<\/p>\n<p> Designov\u00fd projekt od studia AS-Design V\u00e1s pot\u011b\u0161\u00ed svou jedine\u010dnost\u00ed, originalitou a konkurenceschopnou cenou. Bez ohledu na to, kde se va\u0161e spole\u010dnost nach\u00e1z\u00ed v Kyjev\u011b nebo Charkov\u011b, neovlivn\u00ed to kone\u010dn\u00e9 n\u00e1klady na projekt.<\/p>\n","protected":false},"excerpt":{"rendered":"<p>Oblast m\u00edstnosti Cena od 40-100 m2 <a class=\"continue_link\" href=\"https:\/\/asart.com.ua\/cs\/dizajn-ofisa\/stoimost-proekt\/\">\u0427\u0438\u0442\u0430\u0442\u044c \u0434\u0430\u043b\u0435\u0435 >><\/a><\/p>\n","protected":false},"author":6,"featured_media":0,"parent":18385,"menu_order":0,"comment_status":"closed","ping_status":"closed","template":"","meta":{"footnotes":""},"acf":[],"aioseo_notices":[],"_links":{"self":[{"href":"https:\/\/asart.com.ua\/cs\/wp-json\/wp\/v2\/pages\/18415"}],"collection":[{"href":"https:\/\/asart.com.ua\/cs\/wp-json\/wp\/v2\/pages"}],"about":[{"href":"https:\/\/asart.com.ua\/cs\/wp-json\/wp\/v2\/types\/page"}],"author":[{"embeddable":true,"href":"https:\/\/asart.com.ua\/cs\/wp-json\/wp\/v2\/users\/6"}],"replies":[{"embeddable":true,"href":"https:\/\/asart.com.ua\/cs\/wp-json\/wp\/v2\/comments?post=18415"}],"version-history":[{"count":2,"href":"https:\/\/asart.com.ua\/cs\/wp-json\/wp\/v2\/pages\/18415\/revisions"}],"predecessor-version":[{"id":18697,"href":"https:\/\/asart.com.ua\/cs\/wp-json\/wp\/v2\/pages\/18415\/revisions\/18697"}],"up":[{"embeddable":true,"href":"https:\/\/asart.com.ua\/cs\/wp-json\/wp\/v2\/pages\/18385"}],"wp:attachment":[{"href":"https:\/\/asart.com.ua\/cs\/wp-json\/wp\/v2\/media?parent=18415"}],"curies":[{"name":"wp","href":"https:\/\/api.w.org\/{rel}","templated":true}]}}