{"id":18409,"date":"2017-06-06T13:33:51","date_gmt":"2017-06-06T10:33:51","guid":{"rendered":"https:\/\/asart.com.ua\/dizajn-ofisa\/sovremenn\/"},"modified":"2023-11-27T16:00:27","modified_gmt":"2023-11-27T13:00:27","slug":"sovremenn","status":"publish","type":"page","link":"https:\/\/asart.com.ua\/cs\/dizajn-ofisa\/sovremenn\/","title":{"rendered":"Modern\u00ed kancel\u00e1\u0159sk\u00fd design"},"content":{"rendered":"<p>Kancel\u00e1\u0159 hraje d\u016fle\u017eitou roli v \u010dinnosti ka\u017ed\u00e9 spole\u010dnosti. Pokud jste v kancel\u00e1\u0159sk\u00e9m prostoru:<\/p>\n<ul>\n<li> komfortn\u00ed<\/li>\n<li> \u00fatuln\u00fd<\/li>\n<li> sv\u011btlo<\/li>\n<li> Kr\u00e1sn\u00e1<\/li>\n<\/ul>\n<p> I zam\u011bstnanci se v n\u011bm c\u00edt\u00ed dob\u0159e, <strong>cht\u011bj\u00ed pracovat a vydat ze sebe sto procent<\/strong> . A tak\u00e9 partne\u0159i a klienti spole\u010dnosti o v\u00e1s a va\u0161ich aktivit\u00e1ch utvo\u0159\u00ed pozitivn\u00ed dojem.<\/p>\n<p> <a href=\"https:\/\/asart.com.ua\/wp-content\/uploads\/2018\/11\/Konferentszal-1-7.jpg\"><img loading=\"lazy\" decoding=\"async\" class=\"aligncenter size-full wp-image-6866 colorbox-18409\" src=\"https:\/\/asart.com.ua\/wp-content\/uploads\/2018\/11\/Konferentszal-1-7.jpg\" alt=\"\" width=\"1000\" height=\"667\" srcset=\"https:\/\/asart.com.ua\/wp-content\/uploads\/2018\/11\/Konferentszal-1-7.jpg 1000w, https:\/\/asart.com.ua\/wp-content\/uploads\/2018\/11\/Konferentszal-1-7-300x200.jpg 300w, https:\/\/asart.com.ua\/wp-content\/uploads\/2018\/11\/Konferentszal-1-7-768x512.jpg 768w, https:\/\/asart.com.ua\/wp-content\/uploads\/2018\/11\/Konferentszal-1-7-240x160.jpg 240w\" sizes=\"(max-width: 1000px) 100vw, 1000px\" \/><\/a> <a href=\"https:\/\/asart.com.ua\/wp-content\/uploads\/2018\/11\/Konferentszal-1-15watermark.jpg\"><img loading=\"lazy\" decoding=\"async\" class=\"aligncenter size-full wp-image-6864 colorbox-18409\" src=\"https:\/\/asart.com.ua\/wp-content\/uploads\/2018\/11\/Konferentszal-1-15watermark.jpg\" alt=\"\" width=\"1000\" height=\"667\" srcset=\"https:\/\/asart.com.ua\/wp-content\/uploads\/2018\/11\/Konferentszal-1-15watermark.jpg 1000w, https:\/\/asart.com.ua\/wp-content\/uploads\/2018\/11\/Konferentszal-1-15watermark-300x200.jpg 300w, https:\/\/asart.com.ua\/wp-content\/uploads\/2018\/11\/Konferentszal-1-15watermark-768x512.jpg 768w, https:\/\/asart.com.ua\/wp-content\/uploads\/2018\/11\/Konferentszal-1-15watermark-240x160.jpg 240w\" sizes=\"(max-width: 1000px) 100vw, 1000px\" \/><\/a><\/p>\n<h2> V\u0161echny kancel\u00e1\u0159sk\u00e9 prostory jsou pohodln\u00e9 a \u00fatuln\u00e9.<\/h2>\n<p> Design modern\u00ed kancel\u00e1\u0159e je vyv\u00edjen s ohledem na pole p\u016fsobnosti spole\u010dnosti, firemn\u00ed politiku a c\u00edlov\u00e9 publikum. Projekt zahrnuje nejen kancel\u00e1\u0159 mana\u017eera, ale tak\u00e9 pracovn\u00ed prostor zam\u011bstnanc\u016f, kuchy\u0148, technick\u00e9 m\u00edstnosti a koupelnu. Aby byly nakonec v\u0161echny pokoje jednotn\u00fdm harmonick\u00fdm prostorem, ve kter\u00e9m je pohodln\u00e9 a \u00fatuln\u00e9 nejen bydlet, ale i pracovat, slavit sv\u00e1tky, p\u0159ij\u00edmat klienty a partnery.<\/p>\n<p> Proto, aby byla va\u0161e kancel\u00e1\u0159 modern\u00ed a pohodln\u00e1, m\u011bli byste si objednat vypracov\u00e1n\u00ed individu\u00e1ln\u00edho projektu interi\u00e9rov\u00e9ho designu. Na\u0161e studio m\u00e1 bohat\u00e9 zku\u0161enosti s v\u00fdzdobou kancel\u00e1\u0159sk\u00fdch prostor v Charkov\u011b a Kyjev\u011b za nejlep\u0161\u00ed cenu na Ukrajin\u011b. Pro projektanta AS-Design nez\u00e1le\u017e\u00ed na velikosti plochy, slo\u017eitosti a objemu projek\u010dn\u00ed pr\u00e1ce. Poskytujeme ve\u0161ker\u00e9 slu\u017eby v oblasti interi\u00e9rov\u00e9ho designu:<\/p>\n<ul>\n<li> profesion\u00e1ln\u011b<\/li>\n<li> za p\u0159ijatelnou cenu<\/li>\n<li> v dohodnut\u00e9m term\u00ednu<\/li>\n<li> s p\u0159ihl\u00e9dnut\u00edm ke v\u0161em p\u0159\u00e1n\u00edm z\u00e1kazn\u00edka<\/li>\n<\/ul>\n<p> P\u0159i sch\u016fzce si design\u00e9r prohl\u00e9dne va\u0161i kancel\u00e1\u0159, provede pot\u0159ebn\u00e1 m\u011b\u0159en\u00ed a zjist\u00ed va\u0161e po\u017eadavky na budouc\u00ed interi\u00e9r. Budete koordinovat a vyb\u00edrat nejvhodn\u011bj\u0161\u00ed styl a barevn\u00e9 sch\u00e9ma. Modern\u00ed interi\u00e9rov\u00fd design lze vyvinout v jak\u00e9mkoli designov\u00e9m stylu. Hlavn\u00ed je, aby styl odpov\u00eddal korpor\u00e1tn\u00ed orientaci firmy. P\u0159i n\u00e1vrhu modern\u00ed kancel\u00e1\u0159e se design\u00e9rka krom\u011b d\u016frazu na reprezentativn\u00ed vzhled prostoru zam\u011b\u0159uje tak\u00e9 na vytvo\u0159en\u00ed pohodln\u00e9ho pracovn\u00edho koutu pro zam\u011bstnance firmy. <\/p>\n<p><img loading=\"lazy\" decoding=\"async\" class=\"aligncenter wp-image-3551 size-full colorbox-18409\" src=\"https:\/\/asart.com.ua\/wp-content\/uploads\/2014\/06\/Interer-ofisov-26watermark.jpg\" alt=\"Modern\u00ed kancel\u00e1\u0159sk\u00e9 interi\u00e9ry\" width=\"1000\" height=\"667\" srcset=\"https:\/\/asart.com.ua\/wp-content\/uploads\/2014\/06\/Interer-ofisov-26watermark.jpg 1000w, https:\/\/asart.com.ua\/wp-content\/uploads\/2014\/06\/Interer-ofisov-26watermark-300x200.jpg 300w, https:\/\/asart.com.ua\/wp-content\/uploads\/2014\/06\/Interer-ofisov-26watermark-240x160.jpg 240w\" sizes=\"(max-width: 1000px) 100vw, 1000px\" \/> <a href=\"https:\/\/asart.com.ua\/wp-content\/uploads\/2013\/07\/Dizan-interera-ofisnyih-pomeshheniy-2watermark.jpg\"><img loading=\"lazy\" decoding=\"async\" class=\"aligncenter size-full wp-image-4366 colorbox-18409\" src=\"https:\/\/asart.com.ua\/wp-content\/uploads\/2013\/07\/Dizan-interera-ofisnyih-pomeshheniy-2watermark.jpg\" alt=\"\" width=\"1000\" height=\"667\" srcset=\"https:\/\/asart.com.ua\/wp-content\/uploads\/2013\/07\/Dizan-interera-ofisnyih-pomeshheniy-2watermark.jpg 1000w, https:\/\/asart.com.ua\/wp-content\/uploads\/2013\/07\/Dizan-interera-ofisnyih-pomeshheniy-2watermark-300x200.jpg 300w, https:\/\/asart.com.ua\/wp-content\/uploads\/2013\/07\/Dizan-interera-ofisnyih-pomeshheniy-2watermark-240x160.jpg 240w\" sizes=\"(max-width: 1000px) 100vw, 1000px\" \/><\/a><\/p>\n<p> <a href=\"https:\/\/asart.com.ua\/wp-content\/uploads\/2013\/07\/Dizan-interera-ofisnyih-pomeshheniy-1watermark.jpg\"><img loading=\"lazy\" decoding=\"async\" class=\"aligncenter size-full wp-image-4370 colorbox-18409\" src=\"https:\/\/asart.com.ua\/wp-content\/uploads\/2013\/07\/Dizan-interera-ofisnyih-pomeshheniy-1watermark.jpg\" alt=\"\" width=\"1000\" height=\"667\" srcset=\"https:\/\/asart.com.ua\/wp-content\/uploads\/2013\/07\/Dizan-interera-ofisnyih-pomeshheniy-1watermark.jpg 1000w, https:\/\/asart.com.ua\/wp-content\/uploads\/2013\/07\/Dizan-interera-ofisnyih-pomeshheniy-1watermark-300x200.jpg 300w, https:\/\/asart.com.ua\/wp-content\/uploads\/2013\/07\/Dizan-interera-ofisnyih-pomeshheniy-1watermark-240x160.jpg 240w\" sizes=\"(max-width: 1000px) 100vw, 1000px\" \/><\/a><\/p>\n<p> <a href=\"https:\/\/asart.com.ua\/wp-content\/uploads\/2021\/11\/suzdalskie-ryady-ofis-17watermark-.jpg\"><img loading=\"lazy\" decoding=\"async\" class=\"aligncenter size-full wp-image-9577 colorbox-18409\" src=\"https:\/\/asart.com.ua\/wp-content\/uploads\/2021\/11\/suzdalskie-ryady-ofis-17watermark-.jpg\" alt=\"\" width=\"1000\" height=\"564\" srcset=\"https:\/\/asart.com.ua\/wp-content\/uploads\/2021\/11\/suzdalskie-ryady-ofis-17watermark-.jpg 1000w, https:\/\/asart.com.ua\/wp-content\/uploads\/2021\/11\/suzdalskie-ryady-ofis-17watermark--300x169.jpg 300w, https:\/\/asart.com.ua\/wp-content\/uploads\/2021\/11\/suzdalskie-ryady-ofis-17watermark--768x433.jpg 768w\" sizes=\"(max-width: 1000px) 100vw, 1000px\" \/><\/a><\/p>\n<p> <a href=\"https:\/\/asart.com.ua\/wp-content\/uploads\/2021\/11\/suzdalskie-ryady-ofis-15watermark-.jpg\"><img loading=\"lazy\" decoding=\"async\" class=\"aligncenter size-full wp-image-9575 colorbox-18409\" src=\"https:\/\/asart.com.ua\/wp-content\/uploads\/2021\/11\/suzdalskie-ryady-ofis-15watermark-.jpg\" alt=\"\" width=\"1000\" height=\"564\" srcset=\"https:\/\/asart.com.ua\/wp-content\/uploads\/2021\/11\/suzdalskie-ryady-ofis-15watermark-.jpg 1000w, https:\/\/asart.com.ua\/wp-content\/uploads\/2021\/11\/suzdalskie-ryady-ofis-15watermark--300x169.jpg 300w, https:\/\/asart.com.ua\/wp-content\/uploads\/2021\/11\/suzdalskie-ryady-ofis-15watermark--768x433.jpg 768w\" sizes=\"(max-width: 1000px) 100vw, 1000px\" \/><\/a> <a href=\"https:\/\/asart.com.ua\/wp-content\/uploads\/2021\/11\/suzdalskie-ryady-ofis-31watermark-.jpg\"><img loading=\"lazy\" decoding=\"async\" class=\"aligncenter size-full wp-image-9587 colorbox-18409\" src=\"https:\/\/asart.com.ua\/wp-content\/uploads\/2021\/11\/suzdalskie-ryady-ofis-31watermark-.jpg\" alt=\"\" width=\"1000\" height=\"563\" srcset=\"https:\/\/asart.com.ua\/wp-content\/uploads\/2021\/11\/suzdalskie-ryady-ofis-31watermark-.jpg 1000w, https:\/\/asart.com.ua\/wp-content\/uploads\/2021\/11\/suzdalskie-ryady-ofis-31watermark--300x169.jpg 300w, https:\/\/asart.com.ua\/wp-content\/uploads\/2021\/11\/suzdalskie-ryady-ofis-31watermark--768x432.jpg 768w\" sizes=\"(max-width: 1000px) 100vw, 1000px\" \/><\/a><\/p>\n<h3> Pohodln\u00e1 a funk\u010dn\u00ed pracovi\u0161t\u011b.<\/h3>\n<p> V modern\u00edm interi\u00e9rov\u00e9m designu je ka\u017ed\u00e9 pracovi\u0161t\u011b promy\u0161leno do nejmen\u0161\u00edho detailu tak, aby se tam zam\u011bstnanci sed\u011bli pohodln\u011b. Aby si p\u0159i pr\u00e1ci nikdo nep\u0159ek\u00e1\u017eel. Design\u00e9r vyb\u00edr\u00e1 <em>funk\u010dn\u00ed a praktick\u00fd kancel\u00e1\u0159sk\u00fd n\u00e1bytek, vybaven\u00ed a sv\u00edtidla<\/em> . Je velmi d\u016fle\u017eit\u00e9, aby n\u00e1bytek a vybaven\u00ed co nejv\u00edce ladilo se zvolen\u00fdm stylem a barvou interi\u00e9ru kancel\u00e1\u0159e. Rekrea\u010dn\u00ed prostory a kuchyn\u011b jsou tak\u00e9 navr\u017eeny s ohledem na celkov\u00fd styl a barevn\u00e9 sch\u00e9ma.<\/p>\n<p> Po dokon\u010den\u00ed designov\u00fdch prac\u00ed se va\u0161e kancel\u00e1\u0159 stane nejen stylovou a modern\u00ed, ale tak\u00e9 funk\u010dn\u00ed a \u00fatulnou. AS-Design Studio pro v\u00e1s vytvo\u0159\u00ed jedine\u010dn\u00fd, modern\u00ed projekt interi\u00e9rov\u00e9ho designu za nejlep\u0161\u00ed cenu pro Kyjev, Charkov a dal\u0161\u00ed m\u011bsta.<\/p>\n","protected":false},"excerpt":{"rendered":"<p>Kancel\u00e1\u0159 hraje d\u016fle\u017eitou roli v \u010dinnosti <a class=\"continue_link\" href=\"https:\/\/asart.com.ua\/cs\/dizajn-ofisa\/sovremenn\/\">\u0427\u0438\u0442\u0430\u0442\u044c \u0434\u0430\u043b\u0435\u0435 >><\/a><\/p>\n","protected":false},"author":6,"featured_media":0,"parent":18385,"menu_order":0,"comment_status":"closed","ping_status":"closed","template":"","meta":{"footnotes":""},"acf":[],"aioseo_notices":[],"_links":{"self":[{"href":"https:\/\/asart.com.ua\/cs\/wp-json\/wp\/v2\/pages\/18409"}],"collection":[{"href":"https:\/\/asart.com.ua\/cs\/wp-json\/wp\/v2\/pages"}],"about":[{"href":"https:\/\/asart.com.ua\/cs\/wp-json\/wp\/v2\/types\/page"}],"author":[{"embeddable":true,"href":"https:\/\/asart.com.ua\/cs\/wp-json\/wp\/v2\/users\/6"}],"replies":[{"embeddable":true,"href":"https:\/\/asart.com.ua\/cs\/wp-json\/wp\/v2\/comments?post=18409"}],"version-history":[{"count":3,"href":"https:\/\/asart.com.ua\/cs\/wp-json\/wp\/v2\/pages\/18409\/revisions"}],"predecessor-version":[{"id":18696,"href":"https:\/\/asart.com.ua\/cs\/wp-json\/wp\/v2\/pages\/18409\/revisions\/18696"}],"up":[{"embeddable":true,"href":"https:\/\/asart.com.ua\/cs\/wp-json\/wp\/v2\/pages\/18385"}],"wp:attachment":[{"href":"https:\/\/asart.com.ua\/cs\/wp-json\/wp\/v2\/media?parent=18409"}],"curies":[{"name":"wp","href":"https:\/\/api.w.org\/{rel}","templated":true}]}}