{"id":18403,"date":"2022-06-06T13:16:46","date_gmt":"2022-06-06T10:16:46","guid":{"rendered":"https:\/\/asart.com.ua\/dizajn-ofisa\/proekt\/"},"modified":"2023-11-24T01:57:12","modified_gmt":"2023-11-23T22:57:12","slug":"proekt","status":"publish","type":"page","link":"https:\/\/asart.com.ua\/cs\/dizajn-ofisa\/proekt\/","title":{"rendered":"Projekt kancel\u00e1\u0159sk\u00e9ho designu"},"content":{"rendered":"<p>Interi\u00e9r kancel\u00e1\u0159e hraje d\u016fle\u017eitou roli v \u00fasp\u011b\u0161n\u00e9m \u017eivot\u011b ka\u017ed\u00e9 spole\u010dnosti, bez ohledu na jej\u00ed specializaci, velikost nebo po\u010det zam\u011bstnanc\u016f. Kancel\u00e1\u0159sk\u00fd prostor bez tv\u00e1\u0159e vytvo\u0159\u00ed negativn\u00ed dojem na va\u0161e partnery, dodavatele, z\u00e1kazn\u00edky a klienty. Negativn\u00ed dopad to bude m\u00edt i na pr\u00e1ci t\u00fdmu. <strong>Nejlep\u0161\u00ed pracovn\u00ed \u00fasp\u011bch a v\u011bt\u0161\u00ed motivaci toti\u017e m\u016f\u017ee \u010dlov\u011bk prok\u00e1zat v pohodln\u00fdch, pohodln\u00fdch a \u00fatuln\u00fdch podm\u00ednk\u00e1ch<\/strong> . <\/p>\n<p><img loading=\"lazy\" decoding=\"async\" class=\"aligncenter wp-image-4358 size-full colorbox-18403\" src=\"https:\/\/asart.com.ua\/wp-content\/uploads\/2011\/12\/Interer-ofisov-1watermark.jpg\" alt=\"Projekt kancel\u00e1\u0159sk\u00e9ho designu\" width=\"1000\" height=\"667\" srcset=\"https:\/\/asart.com.ua\/wp-content\/uploads\/2011\/12\/Interer-ofisov-1watermark.jpg 1000w, https:\/\/asart.com.ua\/wp-content\/uploads\/2011\/12\/Interer-ofisov-1watermark-300x200.jpg 300w, https:\/\/asart.com.ua\/wp-content\/uploads\/2011\/12\/Interer-ofisov-1watermark-240x160.jpg 240w\" sizes=\"(max-width: 1000px) 100vw, 1000px\" \/><\/p>\n<p> <a href=\"https:\/\/asart.com.ua\/wp-content\/uploads\/2011\/12\/Interer-ofisov-5watermark.jpg\"><img loading=\"lazy\" decoding=\"async\" class=\"aligncenter size-full wp-image-4359 colorbox-18403\" src=\"https:\/\/asart.com.ua\/wp-content\/uploads\/2011\/12\/Interer-ofisov-5watermark.jpg\" alt=\"\" width=\"1000\" height=\"667\" srcset=\"https:\/\/asart.com.ua\/wp-content\/uploads\/2011\/12\/Interer-ofisov-5watermark.jpg 1000w, https:\/\/asart.com.ua\/wp-content\/uploads\/2011\/12\/Interer-ofisov-5watermark-300x200.jpg 300w, https:\/\/asart.com.ua\/wp-content\/uploads\/2011\/12\/Interer-ofisov-5watermark-240x160.jpg 240w\" sizes=\"(max-width: 1000px) 100vw, 1000px\" \/><\/a> <\/p>\n<p><img loading=\"lazy\" decoding=\"async\" class=\"aligncenter wp-image-3537 size-full colorbox-18403\" src=\"https:\/\/asart.com.ua\/wp-content\/uploads\/2014\/06\/Interer-ofisov-12watermark.jpg\" alt=\"Designov\u00fd projekt v kancel\u00e1\u0159\u00edch\" width=\"1000\" height=\"667\" srcset=\"https:\/\/asart.com.ua\/wp-content\/uploads\/2014\/06\/Interer-ofisov-12watermark.jpg 1000w, https:\/\/asart.com.ua\/wp-content\/uploads\/2014\/06\/Interer-ofisov-12watermark-300x200.jpg 300w, https:\/\/asart.com.ua\/wp-content\/uploads\/2014\/06\/Interer-ofisov-12watermark-240x160.jpg 240w\" sizes=\"(max-width: 1000px) 100vw, 1000px\" \/><\/p>\n<p><img loading=\"lazy\" decoding=\"async\" class=\"aligncenter wp-image-3547 size-full colorbox-18403\" src=\"https:\/\/asart.com.ua\/wp-content\/uploads\/2014\/06\/Interer-ofisov-22watermark.jpg\" alt=\"Projekt n\u00e1vrhu kancel\u00e1\u0159sk\u00fdch prostor\" width=\"1000\" height=\"667\" srcset=\"https:\/\/asart.com.ua\/wp-content\/uploads\/2014\/06\/Interer-ofisov-22watermark.jpg 1000w, https:\/\/asart.com.ua\/wp-content\/uploads\/2014\/06\/Interer-ofisov-22watermark-300x200.jpg 300w, https:\/\/asart.com.ua\/wp-content\/uploads\/2014\/06\/Interer-ofisov-22watermark-240x160.jpg 240w\" sizes=\"(max-width: 1000px) 100vw, 1000px\" \/><\/p>\n<h2> Zlep\u0161\u00edme image va\u0161\u00ed spole\u010dnosti.<\/h2>\n<p> Samoz\u0159ejm\u011b m\u016f\u017eete prov\u00e1d\u011bt rekonstrukce a osv\u011b\u017eit tak kancel\u00e1\u0159sk\u00e9 prostory, ale ve v\u011bt\u0161in\u011b p\u0159\u00edpad\u016f renova\u010dn\u00ed pr\u00e1ce nedok\u00e1\u017eou vytvo\u0159it pohodl\u00ed a \u00fatulnost. Spole\u010dnost AS-Design studio proto doporu\u010duje objednat si projekt kancel\u00e1\u0159sk\u00e9ho designu. N\u00e1\u0161 design\u00e9r vyvine:<\/p>\n<ul>\n<li> unik\u00e1tn\u00ed<\/li>\n<li> unik\u00e1tn\u00ed<\/li>\n<li> zaj\u00edmav\u00fd<\/li>\n<li> origin\u00e1l<\/li>\n<\/ul>\n<p> Projekt interi\u00e9ru, kter\u00fd odli\u0161\u00ed va\u0161i kancel\u00e1\u0159 od konkurence a vytvo\u0159\u00ed o v\u00e1s pozitivn\u00ed m\u00edn\u011bn\u00ed. Va\u0161i zam\u011bstnanci v takov\u00fdch podm\u00ednk\u00e1ch budou vykazovat vysok\u00e9 v\u00fdsledky a tak\u00e9 budou pracovat s vysokou efektivitou a dopadem.<\/p>\n<p> <a href=\"https:\/\/asart.com.ua\/wp-content\/uploads\/2021\/11\/suzdalskie-ryady-ofis-26watermark-.jpg\"><img loading=\"lazy\" decoding=\"async\" class=\"aligncenter size-full wp-image-9585 colorbox-18403\" src=\"https:\/\/asart.com.ua\/wp-content\/uploads\/2021\/11\/suzdalskie-ryady-ofis-26watermark-.jpg\" alt=\"\" width=\"1000\" height=\"563\" srcset=\"https:\/\/asart.com.ua\/wp-content\/uploads\/2021\/11\/suzdalskie-ryady-ofis-26watermark-.jpg 1000w, https:\/\/asart.com.ua\/wp-content\/uploads\/2021\/11\/suzdalskie-ryady-ofis-26watermark--300x169.jpg 300w, https:\/\/asart.com.ua\/wp-content\/uploads\/2021\/11\/suzdalskie-ryady-ofis-26watermark--768x432.jpg 768w\" sizes=\"(max-width: 1000px) 100vw, 1000px\" \/><\/a><\/p>\n<p> <a href=\"https:\/\/asart.com.ua\/wp-content\/uploads\/2021\/11\/suzdalskie-ryady-ofis-15watermark-.jpg\"><img loading=\"lazy\" decoding=\"async\" class=\"aligncenter size-full wp-image-9575 colorbox-18403\" src=\"https:\/\/asart.com.ua\/wp-content\/uploads\/2021\/11\/suzdalskie-ryady-ofis-15watermark-.jpg\" alt=\"\" width=\"1000\" height=\"564\" srcset=\"https:\/\/asart.com.ua\/wp-content\/uploads\/2021\/11\/suzdalskie-ryady-ofis-15watermark-.jpg 1000w, https:\/\/asart.com.ua\/wp-content\/uploads\/2021\/11\/suzdalskie-ryady-ofis-15watermark--300x169.jpg 300w, https:\/\/asart.com.ua\/wp-content\/uploads\/2021\/11\/suzdalskie-ryady-ofis-15watermark--768x433.jpg 768w\" sizes=\"(max-width: 1000px) 100vw, 1000px\" \/><\/a><\/p>\n<p> <a href=\"https:\/\/asart.com.ua\/wp-content\/uploads\/2021\/11\/suzdalskie-ryady-ofis-23watermark-.jpg\"><img loading=\"lazy\" decoding=\"async\" class=\"aligncenter size-full wp-image-9581 colorbox-18403\" src=\"https:\/\/asart.com.ua\/wp-content\/uploads\/2021\/11\/suzdalskie-ryady-ofis-23watermark-.jpg\" alt=\"\" width=\"1000\" height=\"562\" srcset=\"https:\/\/asart.com.ua\/wp-content\/uploads\/2021\/11\/suzdalskie-ryady-ofis-23watermark-.jpg 1000w, https:\/\/asart.com.ua\/wp-content\/uploads\/2021\/11\/suzdalskie-ryady-ofis-23watermark--300x169.jpg 300w, https:\/\/asart.com.ua\/wp-content\/uploads\/2021\/11\/suzdalskie-ryady-ofis-23watermark--768x432.jpg 768w\" sizes=\"(max-width: 1000px) 100vw, 1000px\" \/><\/a><\/p>\n<h3> Modern\u00ed, harmonick\u00fd a pohodln\u00fd prostor.<\/h3>\n<p> Na\u0161e spolupr\u00e1ce s jak\u00fdmkoliv klientem za\u010d\u00edn\u00e1 sch\u016fzkou a sezn\u00e1men\u00edm jak s v\u00e1mi, tak s p\u0159edm\u011btem \u010dinnosti. Projektant p\u0159ijede do va\u0161\u00ed kancel\u00e1\u0159e, aby si to prohl\u00e9dl a zjistil va\u0161e p\u0159\u00e1n\u00ed. Na um\u00edst\u011bn\u00ed nez\u00e1le\u017e\u00ed, m\u016f\u017ee to b\u00fdt kter\u00fdkoli okres Kyjeva nebo Charkova. N\u00e1vrhov\u00fd projekt je vypracov\u00e1n s ohledem na:<\/p>\n<ul>\n<li> oblasti \u010dinnosti spole\u010dnosti<\/li>\n<li> svou firemn\u00ed identitu a logo<\/li>\n<li> Po\u010det zam\u011bstnanc\u016f<\/li>\n<li> celkov\u00e1 plocha<\/li>\n<\/ul>\n<p> Ka\u017ed\u00fd detail bude maxim\u00e1ln\u011b promy\u0161len\u00fd, proto\u017ee interi\u00e9r kancel\u00e1\u0159sk\u00e9ho prostoru, jeho <em>firemn\u00ed styl, logo, sm\u011br mus\u00ed tvo\u0159it jeden celek a p\u016fsobit nezapomenuteln\u00fdm, pozitivn\u00edm dojmem na klienty a partnery<\/em> . Stoj\u00ed za zm\u00ednku, \u017ee studio AS-Design vytv\u00e1\u0159\u00ed projekty kancel\u00e1\u0159sk\u00e9ho designu za nejlep\u0161\u00ed cenu pro Kyjev a Charkov. B\u011bhem sch\u016fzky v\u00e1m n\u00e1\u0161 design\u00e9r nab\u00eddne na v\u00fdb\u011br n\u011bkolik designov\u00fdch styl\u016f, abyste si mohli vybrat ten, kter\u00fd v\u00e1m nejl\u00e9pe vyhovuje jak vzhledem, tak cenou. Na z\u00e1klad\u011b obdr\u017een\u00fdch informac\u00ed vytvo\u0159\u00ed skici projektu kancel\u00e1\u0159sk\u00e9ho interi\u00e9ru a vy si op\u011bt vyberete ten, kter\u00fd se v\u00e1m nejv\u00edce l\u00edb\u00ed.<\/p>\n<p> Profesion\u00e1ln\u00ed designov\u00fd projekt ud\u011bl\u00e1 z va\u0161\u00ed kancel\u00e1\u0159e modern\u00ed, presti\u017en\u00ed a rozpoznateln\u00fd prostor. Ve kter\u00e9m se bude pohodln\u011b pracovat, p\u0159ij\u00edmat klienty a slavit firemn\u00ed akce. Ve studiu AS-Design si m\u016f\u017eete objednat vypracov\u00e1n\u00ed unik\u00e1tn\u00edho projektu interi\u00e9rov\u00e9ho designu za konkurenceschopnou cenu v Charkov\u011b a Kyjev\u011b.<\/p>\n","protected":false},"excerpt":{"rendered":"<p>Interi\u00e9r kancel\u00e1\u0159e hraje d\u016fle\u017eitou roli v <a class=\"continue_link\" href=\"https:\/\/asart.com.ua\/cs\/dizajn-ofisa\/proekt\/\">\u0427\u0438\u0442\u0430\u0442\u044c \u0434\u0430\u043b\u0435\u0435 >><\/a><\/p>\n","protected":false},"author":6,"featured_media":0,"parent":18385,"menu_order":0,"comment_status":"closed","ping_status":"closed","template":"","meta":{"footnotes":""},"acf":[],"aioseo_notices":[],"_links":{"self":[{"href":"https:\/\/asart.com.ua\/cs\/wp-json\/wp\/v2\/pages\/18403"}],"collection":[{"href":"https:\/\/asart.com.ua\/cs\/wp-json\/wp\/v2\/pages"}],"about":[{"href":"https:\/\/asart.com.ua\/cs\/wp-json\/wp\/v2\/types\/page"}],"author":[{"embeddable":true,"href":"https:\/\/asart.com.ua\/cs\/wp-json\/wp\/v2\/users\/6"}],"replies":[{"embeddable":true,"href":"https:\/\/asart.com.ua\/cs\/wp-json\/wp\/v2\/comments?post=18403"}],"version-history":[{"count":1,"href":"https:\/\/asart.com.ua\/cs\/wp-json\/wp\/v2\/pages\/18403\/revisions"}],"predecessor-version":[{"id":18406,"href":"https:\/\/asart.com.ua\/cs\/wp-json\/wp\/v2\/pages\/18403\/revisions\/18406"}],"up":[{"embeddable":true,"href":"https:\/\/asart.com.ua\/cs\/wp-json\/wp\/v2\/pages\/18385"}],"wp:attachment":[{"href":"https:\/\/asart.com.ua\/cs\/wp-json\/wp\/v2\/media?parent=18403"}],"curies":[{"name":"wp","href":"https:\/\/api.w.org\/{rel}","templated":true}]}}