{"id":18391,"date":"2017-06-29T17:30:48","date_gmt":"2017-06-29T14:30:48","guid":{"rendered":"https:\/\/asart.com.ua\/dizajn-ofisa\/stile-loft\/"},"modified":"2023-11-27T15:32:52","modified_gmt":"2023-11-27T12:32:52","slug":"stile-loft","status":"publish","type":"page","link":"https:\/\/asart.com.ua\/cs\/dizajn-ofisa\/stile-loft\/","title":{"rendered":"Kancel\u00e1\u0159sk\u00fd interi\u00e9rov\u00fd design ve stylu podkrov\u00ed"},"content":{"rendered":"<p>Pokud se rozhodnete zrekonstruovat svou kancel\u00e1\u0159, nebo si objedn\u00e1te vypracov\u00e1n\u00ed unik\u00e1tn\u00edho projektu interi\u00e9rov\u00e9ho designu. Ale kv\u016fli <strong>velk\u00e9mu v\u00fdb\u011bru sm\u011br\u016f designu je pro v\u00e1s obt\u00ed\u017en\u00e9 vybrat nejvhodn\u011bj\u0161\u00ed mo\u017enost,<\/strong> kter\u00e1 by oslovila v\u0161echny zam\u011bstnance spole\u010dnosti. A tak\u00e9 byl schopen vytvo\u0159it v interi\u00e9ru:<\/p>\n<ul>\n<li> modern\u00ed<\/li>\n<li> stylov\u00fd<\/li>\n<li> komfortn\u00ed<\/li>\n<li> \u00fatuln\u00fd<\/li>\n<\/ul>\n<p> Situace. V tomto p\u0159\u00edpad\u011b na\u0161e studio doporu\u010duje v\u011bnovat pozornost stylu Loft. Jeho charakteristick\u00e9 rysy jsou minim\u00e1ln\u00ed po\u010det st\u011bn, p\u0159\u00ed\u010dek, stejn\u011b jako dekor, dopl\u0148ky a n\u00e1bytek. <a href=\"https:\/\/asart.com.ua\/wp-content\/uploads\/2021\/11\/suzdalskie-ryady-ofis-31watermark-.jpg\"><img loading=\"lazy\" decoding=\"async\" class=\"aligncenter size-full wp-image-9587 colorbox-18391\" src=\"https:\/\/asart.com.ua\/wp-content\/uploads\/2021\/11\/suzdalskie-ryady-ofis-31watermark-.jpg\" alt=\"\" width=\"1000\" height=\"563\" srcset=\"https:\/\/asart.com.ua\/wp-content\/uploads\/2021\/11\/suzdalskie-ryady-ofis-31watermark-.jpg 1000w, https:\/\/asart.com.ua\/wp-content\/uploads\/2021\/11\/suzdalskie-ryady-ofis-31watermark--300x169.jpg 300w, https:\/\/asart.com.ua\/wp-content\/uploads\/2021\/11\/suzdalskie-ryady-ofis-31watermark--768x432.jpg 768w\" sizes=\"(max-width: 1000px) 100vw, 1000px\" \/><\/a> <a href=\"https:\/\/asart.com.ua\/wp-content\/uploads\/2021\/11\/suzdalskie-ryady-ofis-26watermark-.jpg\"><img loading=\"lazy\" decoding=\"async\" class=\"aligncenter size-full wp-image-9585 colorbox-18391\" src=\"https:\/\/asart.com.ua\/wp-content\/uploads\/2021\/11\/suzdalskie-ryady-ofis-26watermark-.jpg\" alt=\"\" width=\"1000\" height=\"563\" srcset=\"https:\/\/asart.com.ua\/wp-content\/uploads\/2021\/11\/suzdalskie-ryady-ofis-26watermark-.jpg 1000w, https:\/\/asart.com.ua\/wp-content\/uploads\/2021\/11\/suzdalskie-ryady-ofis-26watermark--300x169.jpg 300w, https:\/\/asart.com.ua\/wp-content\/uploads\/2021\/11\/suzdalskie-ryady-ofis-26watermark--768x432.jpg 768w\" sizes=\"(max-width: 1000px) 100vw, 1000px\" \/><\/a> <a href=\"https:\/\/asart.com.ua\/wp-content\/uploads\/2021\/11\/suzdalskie-ryady-ofis-21watermark-.jpg\"><img loading=\"lazy\" decoding=\"async\" class=\"aligncenter size-full wp-image-9579 colorbox-18391\" src=\"https:\/\/asart.com.ua\/wp-content\/uploads\/2021\/11\/suzdalskie-ryady-ofis-21watermark-.jpg\" alt=\"\" width=\"1000\" height=\"563\" srcset=\"https:\/\/asart.com.ua\/wp-content\/uploads\/2021\/11\/suzdalskie-ryady-ofis-21watermark-.jpg 1000w, https:\/\/asart.com.ua\/wp-content\/uploads\/2021\/11\/suzdalskie-ryady-ofis-21watermark--300x169.jpg 300w, https:\/\/asart.com.ua\/wp-content\/uploads\/2021\/11\/suzdalskie-ryady-ofis-21watermark--768x432.jpg 768w\" sizes=\"(max-width: 1000px) 100vw, 1000px\" \/><\/a> <a href=\"https:\/\/asart.com.ua\/wp-content\/uploads\/2021\/11\/suzdalskie-ryady-ofis-23watermark-.jpg\"><img loading=\"lazy\" decoding=\"async\" class=\"aligncenter size-full wp-image-9581 colorbox-18391\" src=\"https:\/\/asart.com.ua\/wp-content\/uploads\/2021\/11\/suzdalskie-ryady-ofis-23watermark-.jpg\" alt=\"\" width=\"1000\" height=\"562\" srcset=\"https:\/\/asart.com.ua\/wp-content\/uploads\/2021\/11\/suzdalskie-ryady-ofis-23watermark-.jpg 1000w, https:\/\/asart.com.ua\/wp-content\/uploads\/2021\/11\/suzdalskie-ryady-ofis-23watermark--300x169.jpg 300w, https:\/\/asart.com.ua\/wp-content\/uploads\/2021\/11\/suzdalskie-ryady-ofis-23watermark--768x432.jpg 768w\" sizes=\"(max-width: 1000px) 100vw, 1000px\" \/><\/a> <a href=\"https:\/\/asart.com.ua\/wp-content\/uploads\/2021\/11\/suzdalskie-ryady-ofis-25watermark-.jpg\"><img loading=\"lazy\" decoding=\"async\" class=\"aligncenter size-full wp-image-9583 colorbox-18391\" src=\"https:\/\/asart.com.ua\/wp-content\/uploads\/2021\/11\/suzdalskie-ryady-ofis-25watermark-.jpg\" alt=\"\" width=\"1000\" height=\"564\" srcset=\"https:\/\/asart.com.ua\/wp-content\/uploads\/2021\/11\/suzdalskie-ryady-ofis-25watermark-.jpg 1000w, https:\/\/asart.com.ua\/wp-content\/uploads\/2021\/11\/suzdalskie-ryady-ofis-25watermark--300x169.jpg 300w, https:\/\/asart.com.ua\/wp-content\/uploads\/2021\/11\/suzdalskie-ryady-ofis-25watermark--768x433.jpg 768w\" sizes=\"(max-width: 1000px) 100vw, 1000px\" \/><\/a> <a href=\"https:\/\/asart.com.ua\/wp-content\/uploads\/2019\/07\/Dizayn-magazina-40watermark-.jpg\"><img loading=\"lazy\" decoding=\"async\" class=\"aligncenter size-full wp-image-7278 colorbox-18391\" src=\"https:\/\/asart.com.ua\/wp-content\/uploads\/2019\/07\/Dizayn-magazina-40watermark-.jpg\" alt=\"\" width=\"1000\" height=\"667\" srcset=\"https:\/\/asart.com.ua\/wp-content\/uploads\/2019\/07\/Dizayn-magazina-40watermark-.jpg 1000w, https:\/\/asart.com.ua\/wp-content\/uploads\/2019\/07\/Dizayn-magazina-40watermark--300x200.jpg 300w, https:\/\/asart.com.ua\/wp-content\/uploads\/2019\/07\/Dizayn-magazina-40watermark--768x512.jpg 768w, https:\/\/asart.com.ua\/wp-content\/uploads\/2019\/07\/Dizayn-magazina-40watermark--240x160.jpg 240w\" sizes=\"(max-width: 1000px) 100vw, 1000px\" \/><\/a> <a href=\"https:\/\/asart.com.ua\/wp-content\/uploads\/2012\/11\/DSC0049watermark.jpg\"><img loading=\"lazy\" decoding=\"async\" class=\"aligncenter size-full wp-image-1515 colorbox-18391\" src=\"https:\/\/asart.com.ua\/wp-content\/uploads\/2012\/11\/DSC0049watermark.jpg\" alt=\"\" width=\"1000\" height=\"667\" srcset=\"https:\/\/asart.com.ua\/wp-content\/uploads\/2012\/11\/DSC0049watermark.jpg 1000w, https:\/\/asart.com.ua\/wp-content\/uploads\/2012\/11\/DSC0049watermark-300x200.jpg 300w, https:\/\/asart.com.ua\/wp-content\/uploads\/2012\/11\/DSC0049watermark-240x160.jpg 240w\" sizes=\"(max-width: 1000px) 100vw, 1000px\" \/><\/a><\/p>\n<h2> Funk\u010dnost, prakti\u010dnost, pohodl\u00ed.<\/h2>\n<p> Design\u00e9\u0159i AS-Design maj\u00ed bohat\u00e9 zku\u0161enosti s vytv\u00e1\u0159en\u00edm kancel\u00e1\u0159sk\u00fdch projekt\u016f ve stylu Loft za konkurenceschopnou cenu v Charkov\u011b. Po sezn\u00e1men\u00ed s m\u00edstnost\u00ed a zji\u0161t\u011bn\u00ed va\u0161ich p\u0159\u00e1n\u00ed vytvo\u0159\u00ed jedine\u010dn\u00fd interi\u00e9r, kter\u00fd p\u0159isp\u011bje k produktivn\u00ed pr\u00e1ci. Za zm\u00ednku tak\u00e9 stoj\u00ed, \u017ee interi\u00e9rov\u00fd design ve stylu Loft nevy\u017eaduje velk\u00e9 finan\u010dn\u00ed n\u00e1klady a nebude vy\u017eadovat mnoho \u010dasu na dokon\u010den\u00ed v\u0161ech oprav a dokon\u010dovac\u00edch prac\u00ed.<\/p>\n<p> Interi\u00e9rov\u00fd design ve stylu Loft kombinuje r\u016fzn\u00e1 architektonick\u00e1 \u0159e\u0161en\u00ed. Va\u0161e kancel\u00e1\u0159 se harmonicky a kr\u00e1sn\u011b spoj\u00ed:<\/p>\n<ul>\n<li> cihlov\u00e9 zdi<\/li>\n<li> otev\u0159en\u00e9 potrub\u00ed<\/li>\n<li> ventila\u010dn\u00ed syst\u00e9m<\/li>\n<li> hrub\u00e1 om\u00edtka<\/li>\n<\/ul>\n<p> S modern\u00edmi spot\u0159ebi\u010di, kovov\u00fdmi povrchy, zrcadly a stylov\u00fdm n\u00e1bytkem. Stoj\u00ed za zm\u00ednku, \u017ee st\u011bny v kancel\u00e1\u0159i mohou b\u00fdt cihlov\u00e9 nebo betonov\u00e9, a pokud si p\u0159ejete, mohou b\u00fdt pokryty hrubou om\u00edtkou nebo barvou. P\u0159i v\u00fdb\u011bru barevn\u00e9ho sch\u00e9matu pro Loft design se up\u0159ednost\u0148uj\u00ed studen\u00e9 barvy. Ve v\u011bt\u0161in\u011b p\u0159\u00edpad\u016f se pou\u017e\u00edv\u00e1 b\u00edl\u00e1, \u0161ed\u00e1 a hn\u011bd\u00e1 barva. Pro podlahy v\u00e1m budou nab\u00eddnuty n\u00e1sleduj\u00edc\u00ed mo\u017enosti: parkety, mozaikov\u00fd beton, lamin\u00e1t, stejn\u011b jako mramor a um\u011bl\u00fd k\u00e1men. Velk\u00fd v\u00fdb\u011br podlah v\u00e1m d\u00e1 mo\u017enost vybrat si tu nejvhodn\u011bj\u0161\u00ed pro va\u0161i kancel\u00e1\u0159. <img loading=\"lazy\" decoding=\"async\" class=\"aligncenter size-full wp-image-1510 colorbox-18391\" src=\"https:\/\/asart.com.ua\/wp-content\/uploads\/2012\/11\/DSC0018watermark.jpg\" alt=\"\" width=\"1000\" height=\"667\" srcset=\"https:\/\/asart.com.ua\/wp-content\/uploads\/2012\/11\/DSC0018watermark.jpg 1000w, https:\/\/asart.com.ua\/wp-content\/uploads\/2012\/11\/DSC0018watermark-300x200.jpg 300w, https:\/\/asart.com.ua\/wp-content\/uploads\/2012\/11\/DSC0018watermark-240x160.jpg 240w\" sizes=\"(max-width: 1000px) 100vw, 1000px\" \/><img loading=\"lazy\" decoding=\"async\" class=\"aligncenter size-full wp-image-332 colorbox-18391\" src=\"https:\/\/asart.com.ua\/wp-content\/uploads\/2011\/12\/DSC0241.jpg\" alt=\"\" width=\"1000\" height=\"667\" srcset=\"https:\/\/asart.com.ua\/wp-content\/uploads\/2011\/12\/DSC0241.jpg 1000w, https:\/\/asart.com.ua\/wp-content\/uploads\/2011\/12\/DSC0241-300x200.jpg 300w\" sizes=\"(max-width: 1000px) 100vw, 1000px\" \/> <a href=\"https:\/\/asart.com.ua\/wp-content\/uploads\/2011\/12\/DSC0144.jpg\"><img loading=\"lazy\" decoding=\"async\" class=\"aligncenter size-full wp-image-324 colorbox-18391\" src=\"https:\/\/asart.com.ua\/wp-content\/uploads\/2011\/12\/DSC0144.jpg\" alt=\"\" width=\"1000\" height=\"667\" srcset=\"https:\/\/asart.com.ua\/wp-content\/uploads\/2011\/12\/DSC0144.jpg 1000w, https:\/\/asart.com.ua\/wp-content\/uploads\/2011\/12\/DSC0144-300x200.jpg 300w\" sizes=\"(max-width: 1000px) 100vw, 1000px\" \/><\/a> <a href=\"https:\/\/asart.com.ua\/wp-content\/uploads\/2013\/07\/Dizan-interera-ofisnyih-pomeshheniy-2watermark.jpg\"><img loading=\"lazy\" decoding=\"async\" class=\"aligncenter size-full wp-image-4366 colorbox-18391\" src=\"https:\/\/asart.com.ua\/wp-content\/uploads\/2013\/07\/Dizan-interera-ofisnyih-pomeshheniy-2watermark.jpg\" alt=\"\" width=\"1000\" height=\"667\" srcset=\"https:\/\/asart.com.ua\/wp-content\/uploads\/2013\/07\/Dizan-interera-ofisnyih-pomeshheniy-2watermark.jpg 1000w, https:\/\/asart.com.ua\/wp-content\/uploads\/2013\/07\/Dizan-interera-ofisnyih-pomeshheniy-2watermark-300x200.jpg 300w, https:\/\/asart.com.ua\/wp-content\/uploads\/2013\/07\/Dizan-interera-ofisnyih-pomeshheniy-2watermark-240x160.jpg 240w\" sizes=\"(max-width: 1000px) 100vw, 1000px\" \/><\/a> <a href=\"https:\/\/asart.com.ua\/wp-content\/uploads\/2013\/07\/Dizan-interera-ofisnyih-pomeshheniy-1watermark.jpg\"><img loading=\"lazy\" decoding=\"async\" class=\"aligncenter size-full wp-image-4370 colorbox-18391\" src=\"https:\/\/asart.com.ua\/wp-content\/uploads\/2013\/07\/Dizan-interera-ofisnyih-pomeshheniy-1watermark.jpg\" alt=\"\" width=\"1000\" height=\"667\" srcset=\"https:\/\/asart.com.ua\/wp-content\/uploads\/2013\/07\/Dizan-interera-ofisnyih-pomeshheniy-1watermark.jpg 1000w, https:\/\/asart.com.ua\/wp-content\/uploads\/2013\/07\/Dizan-interera-ofisnyih-pomeshheniy-1watermark-300x200.jpg 300w, https:\/\/asart.com.ua\/wp-content\/uploads\/2013\/07\/Dizan-interera-ofisnyih-pomeshheniy-1watermark-240x160.jpg 240w\" sizes=\"(max-width: 1000px) 100vw, 1000px\" \/><\/a><\/p>\n<h3> Lakonick\u00fd n\u00e1bytek a masivn\u00ed lustry.<\/h3>\n<p> Kancel\u00e1\u0159sk\u00fd design v modern\u00edm stylu Loft zahrnuje tak\u00e9 pou\u017eit\u00ed industri\u00e1ln\u00edch prvk\u016f na strop\u011b. Pokud jsou stropy vysok\u00e9, projektant AS-Design na n\u011b bude moci um\u00edstit d\u0159ev\u011bn\u00e9 oblo\u017een\u00ed, d\u0159ev\u011bn\u00e9 tr\u00e1my a ventila\u010dn\u00ed potrub\u00ed. Industri\u00e1ln\u00ed interi\u00e9r se vyzna\u010duje minim\u00e1ln\u00edm mno\u017estv\u00edm n\u00e1bytku. <em>M\u011bli byste si vybrat pouze funk\u010dn\u00ed, kompaktn\u00ed a lakonick\u00fd n\u00e1bytek<\/em> . Jako sv\u011bteln\u00e9 zdroje v m\u00edstnosti lze um\u00edstit masivn\u00ed lustry a z\u00e1v\u011bsn\u00e1 sv\u00edtidla.<\/p>\n<p> AS-Design Studio pro v\u00e1s vytvo\u0159\u00ed jedine\u010dn\u00fd a jedine\u010dn\u00fd projekt kancel\u00e1\u0159sk\u00e9ho designu ve stylu Loft za nejlep\u0161\u00ed cenu v Charkov\u011b.<\/p>\n","protected":false},"excerpt":{"rendered":"<p>Pokud se rozhodnete zrekonstruovat svou kancel\u00e1\u0159, <a class=\"continue_link\" href=\"https:\/\/asart.com.ua\/cs\/dizajn-ofisa\/stile-loft\/\">\u0427\u0438\u0442\u0430\u0442\u044c \u0434\u0430\u043b\u0435\u0435 >><\/a><\/p>\n","protected":false},"author":6,"featured_media":0,"parent":18385,"menu_order":0,"comment_status":"closed","ping_status":"closed","template":"","meta":{"footnotes":""},"acf":[],"aioseo_notices":[],"_links":{"self":[{"href":"https:\/\/asart.com.ua\/cs\/wp-json\/wp\/v2\/pages\/18391"}],"collection":[{"href":"https:\/\/asart.com.ua\/cs\/wp-json\/wp\/v2\/pages"}],"about":[{"href":"https:\/\/asart.com.ua\/cs\/wp-json\/wp\/v2\/types\/page"}],"author":[{"embeddable":true,"href":"https:\/\/asart.com.ua\/cs\/wp-json\/wp\/v2\/users\/6"}],"replies":[{"embeddable":true,"href":"https:\/\/asart.com.ua\/cs\/wp-json\/wp\/v2\/comments?post=18391"}],"version-history":[{"count":1,"href":"https:\/\/asart.com.ua\/cs\/wp-json\/wp\/v2\/pages\/18391\/revisions"}],"predecessor-version":[{"id":18394,"href":"https:\/\/asart.com.ua\/cs\/wp-json\/wp\/v2\/pages\/18391\/revisions\/18394"}],"up":[{"embeddable":true,"href":"https:\/\/asart.com.ua\/cs\/wp-json\/wp\/v2\/pages\/18385"}],"wp:attachment":[{"href":"https:\/\/asart.com.ua\/cs\/wp-json\/wp\/v2\/media?parent=18391"}],"curies":[{"name":"wp","href":"https:\/\/api.w.org\/{rel}","templated":true}]}}