{"id":18385,"date":"2011-12-05T20:43:16","date_gmt":"2011-12-05T22:43:16","guid":{"rendered":"https:\/\/asart.com.ua\/dizajn-ofisa\/"},"modified":"2023-11-27T15:31:47","modified_gmt":"2023-11-27T12:31:47","slug":"dizajn-ofisa","status":"publish","type":"page","link":"https:\/\/asart.com.ua\/cs\/dizajn-ofisa\/","title":{"rendered":"N\u00e1vrhy interi\u00e9r\u016f kancel\u00e1\u0159\u00ed a obchodn\u00edch prostor"},"content":{"rendered":"<p><img loading=\"lazy\" decoding=\"async\" class=\"aligncenter wp-image-3526 size-full colorbox-18385\" src=\"https:\/\/asart.com.ua\/wp-content\/uploads\/2014\/06\/Interer-ofisov-1watermark.jpg\" alt=\"Kancel\u00e1\u0159sk\u00fd interi\u00e9r (1)vodoznak\" width=\"1000\" height=\"667\" srcset=\"https:\/\/asart.com.ua\/wp-content\/uploads\/2014\/06\/Interer-ofisov-1watermark.jpg 1000w, https:\/\/asart.com.ua\/wp-content\/uploads\/2014\/06\/Interer-ofisov-1watermark-300x200.jpg 300w, https:\/\/asart.com.ua\/wp-content\/uploads\/2014\/06\/Interer-ofisov-1watermark-240x160.jpg 240w\" sizes=\"(max-width: 1000px) 100vw, 1000px\" \/><\/p>\n<p><img loading=\"lazy\" decoding=\"async\" class=\"aligncenter wp-image-3530 size-full colorbox-18385\" src=\"https:\/\/asart.com.ua\/wp-content\/uploads\/2014\/06\/Interer-ofisov-5watermark.jpg\" alt=\"Kancel\u00e1\u0159sk\u00fd interi\u00e9r (5)vodoznak\" width=\"1000\" height=\"667\" srcset=\"https:\/\/asart.com.ua\/wp-content\/uploads\/2014\/06\/Interer-ofisov-5watermark.jpg 1000w, https:\/\/asart.com.ua\/wp-content\/uploads\/2014\/06\/Interer-ofisov-5watermark-300x200.jpg 300w, https:\/\/asart.com.ua\/wp-content\/uploads\/2014\/06\/Interer-ofisov-5watermark-240x160.jpg 240w\" sizes=\"(max-width: 1000px) 100vw, 1000px\" \/><\/p>\n<p><img loading=\"lazy\" decoding=\"async\" class=\"aligncenter wp-image-3551 size-full colorbox-18385\" src=\"https:\/\/asart.com.ua\/wp-content\/uploads\/2014\/06\/Interer-ofisov-26watermark.jpg\" alt=\"Kancel\u00e1\u0159sk\u00fd interi\u00e9r (26)vodoznak\" width=\"1000\" height=\"667\" srcset=\"https:\/\/asart.com.ua\/wp-content\/uploads\/2014\/06\/Interer-ofisov-26watermark.jpg 1000w, https:\/\/asart.com.ua\/wp-content\/uploads\/2014\/06\/Interer-ofisov-26watermark-300x200.jpg 300w, https:\/\/asart.com.ua\/wp-content\/uploads\/2014\/06\/Interer-ofisov-26watermark-240x160.jpg 240w\" sizes=\"(max-width: 1000px) 100vw, 1000px\" \/> Prvn\u00ed dojem z firmy se utv\u00e1\u0159\u00ed p\u0159i n\u00e1v\u0161t\u011bv\u011b jej\u00ed kancel\u00e1\u0159e: zdvo\u0159il\u00fd, p\u0159\u00e1telsk\u00fd person\u00e1l a stylov\u00fd design vytvo\u0159\u00ed p\u0159\u00edzniv\u00e9 m\u00edn\u011bn\u00ed. Proto je d\u016fle\u017eit\u00e9, aby design prostor p\u0159isp\u00edval k r\u016fstu autority spole\u010dnosti, a tedy i zisku.<\/p>\n<h2> Specialist\u00e9 vypracuj\u00ed n\u00e1vrh kancel\u00e1\u0159sk\u00e9ho interi\u00e9ru a vyzdob\u00ed interi\u00e9ry obchodn\u00edch prostor<\/h2>\n<p> Jak\u00e9 druhy pr\u00e1ce prov\u00e1d\u00ed <strong>designov\u00e9 studio &#8220;AS-Design&#8221;<\/strong> :<\/p>\n<ul>\n<li> <a href=\"https:\/\/asart.com.ua\/dizajn-ofisa\/proekt\/\">n\u00e1vrh projektu<\/a> a interi\u00e9ru kancel\u00e1\u0159e, business centra, kosmetick\u00fdch salon\u016f, studi\u00ed atd.<\/li>\n<li> redesign<\/li>\n<li> opravit<\/li>\n<\/ul>\n<p> P\u0159i objedn\u00e1v\u00e1n\u00ed designu kancel\u00e1\u0159sk\u00e9ho interi\u00e9ru zapome\u0148te na konzervatismus a p\u0159\u00edli\u0161nou \u0161etrnost. <a href=\"https:\/\/asart.com.ua\/dizajn-ofisa\/sovremenn\/\">Modern\u00ed<\/a> styl a kvalitn\u00ed materi\u00e1ly jsou z\u00e1kladem pro design zasedac\u00ed m\u00edstnosti, v\u00fdkonn\u00e9 kancel\u00e1\u0159e a pracovn\u00edho prostoru. P\u0159i zdoben\u00ed prostor je t\u0159eba dodr\u017eovat zlat\u00fd pr\u016fm\u011br. P\u0159\u00edli\u0161 drah\u00e9, pomp\u00e9zn\u00ed rekonstrukce mohou u klient\u016f vyvolat negativn\u00ed emoce, stejn\u011b tak nevzhledn\u00fd \u201elevn\u00fd\u201c interi\u00e9rov\u00fd design si klienti okam\u017eit\u011b v\u0161imnou a vytvo\u0159\u00ed nep\u0159\u00edzniv\u00fd dojem o va\u0161\u00ed firm\u011b. V ide\u00e1ln\u00edm p\u0159\u00edpad\u011b by designov\u00fd projekt m\u011bl odpov\u00eddat modern\u00edm m\u00f3dn\u00edm trend\u016fm a odr\u00e1\u017eet jedine\u010dn\u00fd styl spole\u010dnosti. Kancel\u00e1\u0159 m\u016f\u017ee b\u00fdt navr\u017eena v klasick\u00e9m, <a href=\"https:\/\/asart.com.ua\/dizajn-ofisa\/sovremennyj\/\">modern\u00edm<\/a> , minimalistick\u00e9m, <a href=\"https:\/\/asart.com.ua\/dizajn-ofisa\/stile-loft\/\">loftov\u00e9m<\/a> , hi-tech, skandin\u00e1vsk\u00e9m, provence a jak\u00e9mkoli jin\u00e9m m\u00f3dn\u00edm sm\u011bru.<\/p>\n<h3> Specialist\u00e9 designov\u00e9ho studia AS-Design pro v\u00e1s vyvinou pr\u00e1v\u011b takov\u00fd n\u00e1vrh modern\u00edch kancel\u00e1\u0159sk\u00fdch prostor.<\/h3>\n<p> Spolu s vizu\u00e1ln\u00edm \u0159e\u0161en\u00edm je t\u0159eba koncep\u010dn\u011b promyslet i designov\u00fd projekt. V\u00fdzdoba v m\u00edstnosti by tedy m\u011bla odr\u00e1\u017eet podstatu \u010dinnosti spole\u010dnosti, barevn\u00e9 sch\u00e9ma by m\u011blo zahrnovat firemn\u00ed barvy a celkov\u00e1 atmosf\u00e9ra by m\u011bla vzbuzovat d\u016fv\u011bru v \u00fasp\u011bch. K dosa\u017een\u00ed tohoto efektu pou\u017e\u00edvaj\u00ed n\u00e1vrh\u00e1\u0159i r\u016fzn\u00e9 prvky v designu, dovedn\u00e9 um\u00edst\u011bn\u00ed akcent\u016f, kompetentn\u00ed funk\u010dn\u00ed rozd\u011blen\u00ed prostoru a spr\u00e1vn\u00e9 rozlo\u017een\u00ed barevn\u00e9 palety. Prezentace a atmosf\u00e9ra jsou dobr\u00e9, ale pro \u00fasp\u011bch firmy by m\u011bly fungovat i kancel\u00e1\u0159sk\u00e9 prostory. Proto p\u0159i objedn\u00e1v\u00e1n\u00ed nov\u00e9ho designu mus\u00edte pamatovat na funk\u010dnost:<\/p>\n<ul>\n<li> prostor by m\u011bl b\u00fdt ergonomicky rozd\u011blen do funk\u010dn\u00edch z\u00f3n<\/li>\n<li> n\u00e1bytek by m\u011bl b\u00fdt nejen modern\u00ed a kr\u00e1sn\u00fd, ale tak\u00e9 pohodln\u00fd<\/li>\n<li> Kancel\u00e1\u0159 mus\u00ed m\u00edt dobr\u00e9 v\u011btr\u00e1n\u00ed<\/li>\n<li> osv\u011btlen\u00ed by m\u011blo b\u00fdt dob\u0159e promy\u0161len\u00e9<\/li>\n<li> zvukov\u00e1 izolace mus\u00ed spl\u0148ovat pot\u0159ebn\u00e9 normy atp.<\/li>\n<\/ul>\n<p> Nyn\u00ed v\u00e1s zveme, abyste se pod\u00edvali na fotografie d\u0159\u00edve dokon\u010den\u00fdch prac\u00ed, abyste se rozhodli, kter\u00e1 mo\u017enost designu interi\u00e9ru kancel\u00e1\u0159e v\u00e1m nejl\u00e9pe vyhovuje. <img loading=\"lazy\" decoding=\"async\" class=\"wp-image-300 size-full aligncenter colorbox-18385\" src=\"https:\/\/asart.com.ua\/wp-content\/uploads\/2011\/12\/DSC0014.jpg\" alt=\"kancel\u00e1\u0159sk\u00fd interi\u00e9rov\u00fd design\" width=\"1000\" height=\"667\" srcset=\"https:\/\/asart.com.ua\/wp-content\/uploads\/2011\/12\/DSC0014.jpg 1000w, https:\/\/asart.com.ua\/wp-content\/uploads\/2011\/12\/DSC0014-300x200.jpg 300w\" sizes=\"(max-width: 1000px) 100vw, 1000px\" \/><\/p>\n<p><img loading=\"lazy\" decoding=\"async\" class=\"wp-image-301 size-full aligncenter colorbox-18385\" src=\"https:\/\/asart.com.ua\/wp-content\/uploads\/2011\/12\/DSC0018.jpg\" alt=\"kancel\u00e1\u0159sk\u00fd interi\u00e9rov\u00fd design\" width=\"1000\" height=\"667\" srcset=\"https:\/\/asart.com.ua\/wp-content\/uploads\/2011\/12\/DSC0018.jpg 1000w, https:\/\/asart.com.ua\/wp-content\/uploads\/2011\/12\/DSC0018-300x200.jpg 300w\" sizes=\"(max-width: 1000px) 100vw, 1000px\" \/><\/p>\n<p><img loading=\"lazy\" decoding=\"async\" class=\"wp-image-302 size-full aligncenter colorbox-18385\" src=\"https:\/\/asart.com.ua\/wp-content\/uploads\/2011\/12\/DSC0025.jpg\" width=\"1000\" height=\"667\" srcset=\"https:\/\/asart.com.ua\/wp-content\/uploads\/2011\/12\/DSC0025.jpg 1000w, https:\/\/asart.com.ua\/wp-content\/uploads\/2011\/12\/DSC0025-300x200.jpg 300w\" sizes=\"(max-width: 1000px) 100vw, 1000px\" \/><\/p>\n<p><img loading=\"lazy\" decoding=\"async\" class=\"wp-image-310 size-full aligncenter colorbox-18385\" src=\"https:\/\/asart.com.ua\/wp-content\/uploads\/2011\/12\/DSC0049.jpg\" width=\"1000\" height=\"667\" srcset=\"https:\/\/asart.com.ua\/wp-content\/uploads\/2011\/12\/DSC0049.jpg 1000w, https:\/\/asart.com.ua\/wp-content\/uploads\/2011\/12\/DSC0049-300x200.jpg 300w\" sizes=\"(max-width: 1000px) 100vw, 1000px\" \/><\/p>\n<p><img loading=\"lazy\" decoding=\"async\" class=\"wp-image-315 size-full aligncenter colorbox-18385\" src=\"https:\/\/asart.com.ua\/wp-content\/uploads\/2011\/12\/DSC0061.jpg\" width=\"1000\" height=\"667\" srcset=\"https:\/\/asart.com.ua\/wp-content\/uploads\/2011\/12\/DSC0061.jpg 1000w, https:\/\/asart.com.ua\/wp-content\/uploads\/2011\/12\/DSC0061-300x200.jpg 300w\" sizes=\"(max-width: 1000px) 100vw, 1000px\" \/><\/p>\n<p><img loading=\"lazy\" decoding=\"async\" class=\"size-full wp-image-322 aligncenter colorbox-18385\" src=\"https:\/\/asart.com.ua\/wp-content\/uploads\/2011\/12\/DSC0140.jpg\" alt=\"\" width=\"1000\" height=\"667\" srcset=\"https:\/\/asart.com.ua\/wp-content\/uploads\/2011\/12\/DSC0140.jpg 1000w, https:\/\/asart.com.ua\/wp-content\/uploads\/2011\/12\/DSC0140-300x200.jpg 300w\" sizes=\"(max-width: 1000px) 100vw, 1000px\" \/><\/p>\n<p><img loading=\"lazy\" decoding=\"async\" class=\"size-full wp-image-324 aligncenter colorbox-18385\" src=\"https:\/\/asart.com.ua\/wp-content\/uploads\/2011\/12\/DSC0144.jpg\" alt=\"\" width=\"1000\" height=\"667\" srcset=\"https:\/\/asart.com.ua\/wp-content\/uploads\/2011\/12\/DSC0144.jpg 1000w, https:\/\/asart.com.ua\/wp-content\/uploads\/2011\/12\/DSC0144-300x200.jpg 300w\" sizes=\"(max-width: 1000px) 100vw, 1000px\" \/><\/p>\n<p> <a href=\"https:\/\/asart.com.ua\/wp-content\/uploads\/2021\/11\/suzdalskie-ryady-ofis-26watermark-.jpg\"><img loading=\"lazy\" decoding=\"async\" class=\"aligncenter size-full wp-image-9585 colorbox-18385\" src=\"https:\/\/asart.com.ua\/wp-content\/uploads\/2021\/11\/suzdalskie-ryady-ofis-26watermark-.jpg\" alt=\"\" width=\"1000\" height=\"563\" srcset=\"https:\/\/asart.com.ua\/wp-content\/uploads\/2021\/11\/suzdalskie-ryady-ofis-26watermark-.jpg 1000w, https:\/\/asart.com.ua\/wp-content\/uploads\/2021\/11\/suzdalskie-ryady-ofis-26watermark--300x169.jpg 300w, https:\/\/asart.com.ua\/wp-content\/uploads\/2021\/11\/suzdalskie-ryady-ofis-26watermark--768x432.jpg 768w\" sizes=\"(max-width: 1000px) 100vw, 1000px\" \/><\/a><\/p>\n<p> <a href=\"https:\/\/asart.com.ua\/wp-content\/uploads\/2021\/11\/suzdalskie-ryady-ofis-17watermark-.jpg\"><img loading=\"lazy\" decoding=\"async\" class=\"aligncenter size-full wp-image-9577 colorbox-18385\" src=\"https:\/\/asart.com.ua\/wp-content\/uploads\/2021\/11\/suzdalskie-ryady-ofis-17watermark-.jpg\" alt=\"\" width=\"1000\" height=\"564\" srcset=\"https:\/\/asart.com.ua\/wp-content\/uploads\/2021\/11\/suzdalskie-ryady-ofis-17watermark-.jpg 1000w, https:\/\/asart.com.ua\/wp-content\/uploads\/2021\/11\/suzdalskie-ryady-ofis-17watermark--300x169.jpg 300w, https:\/\/asart.com.ua\/wp-content\/uploads\/2021\/11\/suzdalskie-ryady-ofis-17watermark--768x433.jpg 768w\" sizes=\"(max-width: 1000px) 100vw, 1000px\" \/><\/a><\/p>\n<p> <a href=\"https:\/\/asart.com.ua\/wp-content\/uploads\/2021\/11\/suzdalskie-ryady-ofis-15watermark-.jpg\"><img loading=\"lazy\" decoding=\"async\" class=\"aligncenter size-full wp-image-9575 colorbox-18385\" src=\"https:\/\/asart.com.ua\/wp-content\/uploads\/2021\/11\/suzdalskie-ryady-ofis-15watermark-.jpg\" alt=\"\" width=\"1000\" height=\"564\" srcset=\"https:\/\/asart.com.ua\/wp-content\/uploads\/2021\/11\/suzdalskie-ryady-ofis-15watermark-.jpg 1000w, https:\/\/asart.com.ua\/wp-content\/uploads\/2021\/11\/suzdalskie-ryady-ofis-15watermark--300x169.jpg 300w, https:\/\/asart.com.ua\/wp-content\/uploads\/2021\/11\/suzdalskie-ryady-ofis-15watermark--768x433.jpg 768w\" sizes=\"(max-width: 1000px) 100vw, 1000px\" \/><\/a> <img loading=\"lazy\" decoding=\"async\" class=\"size-full wp-image-332 aligncenter colorbox-18385\" src=\"https:\/\/asart.com.ua\/wp-content\/uploads\/2011\/12\/DSC0241.jpg\" alt=\"\" width=\"1000\" height=\"667\" srcset=\"https:\/\/asart.com.ua\/wp-content\/uploads\/2011\/12\/DSC0241.jpg 1000w, https:\/\/asart.com.ua\/wp-content\/uploads\/2011\/12\/DSC0241-300x200.jpg 300w\" sizes=\"(max-width: 1000px) 100vw, 1000px\" \/><\/p>\n<\/p>\n<p> Viz tak\u00e9: <a href=\"https:\/\/asart.com.ua\/dizajn-ofisa\/stoimost-proekt\/\">n\u00e1klady na projekt kancel\u00e1\u0159sk\u00e9ho designu<\/a> , <a href=\"https:\/\/asart.com.ua\/dizajn-ofisa\/stoimost\/\">n\u00e1klady na kancel\u00e1\u0159sk\u00fd design<\/a> .<\/p>\n<p style=\"text-align: center; color: #33cccc; font-weight: bolder;\"> <a style=\"text-decoration: none;\" title=\"Portfolio\" href=\"https:\/\/asart.com.ua\/portfolio\/\">&gt;&gt;&gt; <span style=\"color: #333333;\">zobrazit portfolio<\/span> &lt;&lt;&lt;<\/a><\/p>\n","protected":false},"excerpt":{"rendered":"<p>Prvn\u00ed dojem z firmy se utv\u00e1\u0159\u00ed <a class=\"continue_link\" href=\"https:\/\/asart.com.ua\/cs\/dizajn-ofisa\/\">\u0427\u0438\u0442\u0430\u0442\u044c \u0434\u0430\u043b\u0435\u0435 >><\/a><\/p>\n","protected":false},"author":1,"featured_media":0,"parent":0,"menu_order":0,"comment_status":"closed","ping_status":"closed","template":"","meta":{"footnotes":""},"acf":[],"aioseo_notices":[],"_links":{"self":[{"href":"https:\/\/asart.com.ua\/cs\/wp-json\/wp\/v2\/pages\/18385"}],"collection":[{"href":"https:\/\/asart.com.ua\/cs\/wp-json\/wp\/v2\/pages"}],"about":[{"href":"https:\/\/asart.com.ua\/cs\/wp-json\/wp\/v2\/types\/page"}],"author":[{"embeddable":true,"href":"https:\/\/asart.com.ua\/cs\/wp-json\/wp\/v2\/users\/1"}],"replies":[{"embeddable":true,"href":"https:\/\/asart.com.ua\/cs\/wp-json\/wp\/v2\/comments?post=18385"}],"version-history":[{"count":2,"href":"https:\/\/asart.com.ua\/cs\/wp-json\/wp\/v2\/pages\/18385\/revisions"}],"predecessor-version":[{"id":18643,"href":"https:\/\/asart.com.ua\/cs\/wp-json\/wp\/v2\/pages\/18385\/revisions\/18643"}],"wp:attachment":[{"href":"https:\/\/asart.com.ua\/cs\/wp-json\/wp\/v2\/media?parent=18385"}],"curies":[{"name":"wp","href":"https:\/\/api.w.org\/{rel}","templated":true}]}}