{"id":18379,"date":"2017-07-03T11:34:50","date_gmt":"2017-07-03T08:34:50","guid":{"rendered":"https:\/\/asart.com.ua\/design-kottedzhey\/stoimost-proekta-kottedzha\/"},"modified":"2023-11-24T01:53:25","modified_gmt":"2023-11-23T22:53:25","slug":"stoimost-proekta-kottedzha","status":"publish","type":"page","link":"https:\/\/asart.com.ua\/cs\/design-kottedzhey\/stoimost-proekta-kottedzha\/","title":{"rendered":"N\u00e1klady na projekt chaty"},"content":{"rendered":"<p>Chaty jsou obl\u00edben\u00e9 a \u017e\u00e1dan\u00e9 mezi obyvateli Charkova. Kupuj\u00ed se kv\u016fli jejich velk\u00e9 plo\u0161e a tak\u00e9 schopnosti vytvo\u0159it design a vybaven\u00ed podle va\u0161eho vkusu a barvy. <strong>Chcete-li radik\u00e1ln\u011b zm\u011bnit prostory, budete muset prov\u00e9st nejen stavebn\u00ed a oprav\u00e1rensk\u00e9 pr\u00e1ce, ale tak\u00e9 projek\u010dn\u00ed pr\u00e1ce<\/strong> . Chcete-li to prov\u00e9st, mus\u00edte kontaktovat profesion\u00e1ln\u00ed designov\u00e9 studio a objednat si vytvo\u0159en\u00ed designov\u00e9ho projektu. <a href=\"https:\/\/asart.com.ua\/wp-content\/uploads\/2016\/10\/Kuhnya-studiya-7watermark.jpg\"><img loading=\"lazy\" decoding=\"async\" class=\"aligncenter size-full wp-image-4995 colorbox-18379\" src=\"https:\/\/asart.com.ua\/wp-content\/uploads\/2016\/10\/Kuhnya-studiya-7watermark.jpg\" alt=\"\" width=\"1000\" height=\"667\" srcset=\"https:\/\/asart.com.ua\/wp-content\/uploads\/2016\/10\/Kuhnya-studiya-7watermark.jpg 1000w, https:\/\/asart.com.ua\/wp-content\/uploads\/2016\/10\/Kuhnya-studiya-7watermark-300x200.jpg 300w, https:\/\/asart.com.ua\/wp-content\/uploads\/2016\/10\/Kuhnya-studiya-7watermark-768x512.jpg 768w, https:\/\/asart.com.ua\/wp-content\/uploads\/2016\/10\/Kuhnya-studiya-7watermark-240x160.jpg 240w\" sizes=\"(max-width: 1000px) 100vw, 1000px\" \/><\/a> <a href=\"https:\/\/asart.com.ua\/wp-content\/uploads\/2016\/10\/Kuhnya-studiya-5watermark.jpg\"><img loading=\"lazy\" decoding=\"async\" class=\"aligncenter size-full wp-image-4991 colorbox-18379\" src=\"https:\/\/asart.com.ua\/wp-content\/uploads\/2016\/10\/Kuhnya-studiya-5watermark.jpg\" alt=\"\" width=\"1000\" height=\"667\" srcset=\"https:\/\/asart.com.ua\/wp-content\/uploads\/2016\/10\/Kuhnya-studiya-5watermark.jpg 1000w, https:\/\/asart.com.ua\/wp-content\/uploads\/2016\/10\/Kuhnya-studiya-5watermark-300x200.jpg 300w, https:\/\/asart.com.ua\/wp-content\/uploads\/2016\/10\/Kuhnya-studiya-5watermark-768x512.jpg 768w, https:\/\/asart.com.ua\/wp-content\/uploads\/2016\/10\/Kuhnya-studiya-5watermark-240x160.jpg 240w\" sizes=\"(max-width: 1000px) 100vw, 1000px\" \/><\/a> <a href=\"https:\/\/asart.com.ua\/wp-content\/uploads\/2016\/10\/a-Holl-lestnichnyiy-marsh-2watermark-1.jpg\"><img loading=\"lazy\" decoding=\"async\" class=\"aligncenter size-full wp-image-4937 colorbox-18379\" src=\"https:\/\/asart.com.ua\/wp-content\/uploads\/2016\/10\/a-Holl-lestnichnyiy-marsh-2watermark-1.jpg\" alt=\"\" width=\"1000\" height=\"667\" srcset=\"https:\/\/asart.com.ua\/wp-content\/uploads\/2016\/10\/a-Holl-lestnichnyiy-marsh-2watermark-1.jpg 1000w, https:\/\/asart.com.ua\/wp-content\/uploads\/2016\/10\/a-Holl-lestnichnyiy-marsh-2watermark-1-300x200.jpg 300w, https:\/\/asart.com.ua\/wp-content\/uploads\/2016\/10\/a-Holl-lestnichnyiy-marsh-2watermark-1-768x512.jpg 768w, https:\/\/asart.com.ua\/wp-content\/uploads\/2016\/10\/a-Holl-lestnichnyiy-marsh-2watermark-1-240x160.jpg 240w\" sizes=\"(max-width: 1000px) 100vw, 1000px\" \/><\/a> <a href=\"https:\/\/asart.com.ua\/wp-content\/uploads\/2016\/10\/Kuhnya-studiya-11watermark.jpg\"><img loading=\"lazy\" decoding=\"async\" class=\"aligncenter size-full wp-image-5001 colorbox-18379\" src=\"https:\/\/asart.com.ua\/wp-content\/uploads\/2016\/10\/Kuhnya-studiya-11watermark.jpg\" alt=\"\" width=\"1000\" height=\"667\" srcset=\"https:\/\/asart.com.ua\/wp-content\/uploads\/2016\/10\/Kuhnya-studiya-11watermark.jpg 1000w, https:\/\/asart.com.ua\/wp-content\/uploads\/2016\/10\/Kuhnya-studiya-11watermark-300x200.jpg 300w, https:\/\/asart.com.ua\/wp-content\/uploads\/2016\/10\/Kuhnya-studiya-11watermark-768x512.jpg 768w, https:\/\/asart.com.ua\/wp-content\/uploads\/2016\/10\/Kuhnya-studiya-11watermark-240x160.jpg 240w\" sizes=\"(max-width: 1000px) 100vw, 1000px\" \/><\/a> <a href=\"https:\/\/asart.com.ua\/wp-content\/uploads\/2015\/10\/a-Holl-lestnichnyiy-marsh-9watermark.jpg\"><img loading=\"lazy\" decoding=\"async\" class=\"aligncenter size-full wp-image-4068 colorbox-18379\" src=\"https:\/\/asart.com.ua\/wp-content\/uploads\/2015\/10\/a-Holl-lestnichnyiy-marsh-9watermark.jpg\" alt=\"\" width=\"1000\" height=\"667\" srcset=\"https:\/\/asart.com.ua\/wp-content\/uploads\/2015\/10\/a-Holl-lestnichnyiy-marsh-9watermark.jpg 1000w, https:\/\/asart.com.ua\/wp-content\/uploads\/2015\/10\/a-Holl-lestnichnyiy-marsh-9watermark-300x200.jpg 300w, https:\/\/asart.com.ua\/wp-content\/uploads\/2015\/10\/a-Holl-lestnichnyiy-marsh-9watermark-240x160.jpg 240w\" sizes=\"(max-width: 1000px) 100vw, 1000px\" \/><\/a> <a href=\"https:\/\/asart.com.ua\/wp-content\/uploads\/2015\/10\/Vanna-roditelskaya-2watermark.jpg\"><img loading=\"lazy\" decoding=\"async\" class=\"aligncenter size-full wp-image-4075 colorbox-18379\" src=\"https:\/\/asart.com.ua\/wp-content\/uploads\/2015\/10\/Vanna-roditelskaya-2watermark.jpg\" alt=\"\" width=\"1000\" height=\"667\" srcset=\"https:\/\/asart.com.ua\/wp-content\/uploads\/2015\/10\/Vanna-roditelskaya-2watermark.jpg 1000w, https:\/\/asart.com.ua\/wp-content\/uploads\/2015\/10\/Vanna-roditelskaya-2watermark-300x200.jpg 300w, https:\/\/asart.com.ua\/wp-content\/uploads\/2015\/10\/Vanna-roditelskaya-2watermark-240x160.jpg 240w\" sizes=\"(max-width: 1000px) 100vw, 1000px\" \/><\/a> <a href=\"https:\/\/asart.com.ua\/wp-content\/uploads\/2012\/05\/\u0421\u043f_3_2watermark.jpg\"><img loading=\"lazy\" decoding=\"async\" class=\"aligncenter size-full wp-image-2283 colorbox-18379\" src=\"https:\/\/asart.com.ua\/wp-content\/uploads\/2012\/05\/\u0421\u043f_3_2watermark.jpg\" alt=\"\" width=\"1000\" height=\"750\" \/><\/a> <a href=\"https:\/\/asart.com.ua\/wp-content\/uploads\/2012\/05\/\u0421\u043f_4watermark.jpg\"><img loading=\"lazy\" decoding=\"async\" class=\"aligncenter size-full wp-image-2284 colorbox-18379\" src=\"https:\/\/asart.com.ua\/wp-content\/uploads\/2012\/05\/\u0421\u043f_4watermark.jpg\" alt=\"\" width=\"1000\" height=\"750\" \/><\/a><\/p>\n<div class=\"value\" style=\"float: right;\">\n<table>\n<tbody>\n<tr>\n<th style=\"width: 185.35px;\"> Oblast m\u00edstnosti<\/th>\n<th style=\"width: 138.017px;\"> Cena<\/th>\n<\/tr>\n<tr>\n<td style=\"width: 185.35px;\"> od 40-100 <sup>m2<\/sup><\/td>\n<td style=\"width: 138.017px;\"> 30 <sup>$<\/sup> \/ <sup>m2<\/sup><\/td>\n<\/tr>\n<tr>\n<td style=\"width: 185.35px;\"> 100-200 <sup>m2<\/sup><\/td>\n<td style=\"width: 138.017px;\"> 25 <sup>$<\/sup> \/ <sup>m2<\/sup><\/td>\n<\/tr>\n<tr>\n<td style=\"width: 185.35px;\"> 200-500 <sup>m2<\/sup><\/td>\n<td style=\"width: 138.017px;\"> 20 <sup>$<\/sup> \/ <sup>m2<\/sup><\/td>\n<\/tr>\n<tr>\n<td style=\"width: 185.35px;\"> v\u00edce ne\u017e 500 <sup>m2<\/sup><\/td>\n<td style=\"width: 138.017px;\"> 15 <sup>$<\/sup> \/ <sup>m2<\/sup><\/td>\n<\/tr>\n<tr class=\"last\">\n<td style=\"width: 185.35px;\"> od 1000 <sup>m2<\/sup><\/td>\n<td style=\"width: 138.017px;\"> Speci\u00e1ln\u00ed cena<\/td>\n<\/tr>\n<\/tbody>\n<\/table>\n<p> <span class=\"deskription\">*Pro st\u00e1l\u00e9 z\u00e1kazn\u00edky existuje slevov\u00fd syst\u00e9m.<\/span> <span class=\"deskription\">*Speci\u00e1ln\u00ed nab\u00eddka pro architektonick\u00fd dozor.<\/span><\/div>\n<h2> Nab\u00edz\u00edme modern\u00ed a jedine\u010dn\u00e9 n\u00e1pady.<\/h2>\n<p> Na\u0161e studio v\u00e1m s t\u00edm m\u016f\u017ee pomoci za nejlep\u0161\u00ed cenu. Vzhledem k tomu, \u017ee m\u00e1me bohat\u00e9 zku\u0161enosti s tvorbou:<\/p>\n<ul>\n<li> individu\u00e1ln\u00ed<\/li>\n<li> unik\u00e1tn\u00ed<\/li>\n<li> modern\u00ed<\/li>\n<li> stylov\u00fd<\/li>\n<\/ul>\n<p> N\u00e1vrh projekt\u016f chat za nejlep\u0161\u00ed cenu. Pro specialisty Asartu nez\u00e1le\u017e\u00ed na velikosti domu, jeho dispozici, po\u010dtu pater, stavu a rozsahu pr\u00e1ce. Chcete-li vytvo\u0159it individu\u00e1ln\u00ed designov\u00fd projekt za n\u00edzkou cenu, je t\u0159eba chatu zkontrolovat. To umo\u017en\u00ed n\u00e1vrh\u00e1\u0159i nab\u00eddnout v\u00e1m:<\/p>\n<ul>\n<li> zaj\u00edmav\u00fd<\/li>\n<li> tvo\u0159iv\u00fd<\/li>\n<li> origin\u00e1l<\/li>\n<li> unik\u00e1tn\u00ed<\/li>\n<\/ul>\n<p> N\u00e1pady t\u00fdkaj\u00edc\u00ed se budouc\u00ed v\u00fdzdoby a dekorace prostor. A tak\u00e9 si vyberte styl designu a barevnou paletu, kter\u00e1 nejl\u00e9pe vyhovuje va\u0161emu domovu, to v\u0161e za n\u00edzkou cenu. Vzhledem k tomu, \u017ee chaty se vyzna\u010duj\u00ed velkou plochou v n\u011bkolika podla\u017e\u00edch, m\u016f\u017eete si vybrat n\u011bkolik styl\u016f. Designer Asart je harmonicky zkombinuje a dolad\u00ed, \u010d\u00edm\u017e z\u00edsk\u00e1te kr\u00e1sn\u00fd a jedine\u010dn\u00fd pokoj s \u00fatulnou a pohodlnou atmosf\u00e9rou. <a href=\"https:\/\/asart.com.ua\/wp-content\/uploads\/2015\/10\/fasad-chastnogo-doma-3watermark.jpg\"><img loading=\"lazy\" decoding=\"async\" class=\"aligncenter size-full wp-image-4097 colorbox-18379\" src=\"https:\/\/asart.com.ua\/wp-content\/uploads\/2015\/10\/fasad-chastnogo-doma-3watermark.jpg\" alt=\"\" width=\"1000\" height=\"667\" srcset=\"https:\/\/asart.com.ua\/wp-content\/uploads\/2015\/10\/fasad-chastnogo-doma-3watermark.jpg 1000w, https:\/\/asart.com.ua\/wp-content\/uploads\/2015\/10\/fasad-chastnogo-doma-3watermark-300x200.jpg 300w, https:\/\/asart.com.ua\/wp-content\/uploads\/2015\/10\/fasad-chastnogo-doma-3watermark-240x160.jpg 240w\" sizes=\"(max-width: 1000px) 100vw, 1000px\" \/><\/a> <a href=\"https:\/\/asart.com.ua\/wp-content\/uploads\/2015\/10\/fasad-chastnogo-doma-1watermark.jpg\"><img loading=\"lazy\" decoding=\"async\" class=\"aligncenter size-full wp-image-4096 colorbox-18379\" src=\"https:\/\/asart.com.ua\/wp-content\/uploads\/2015\/10\/fasad-chastnogo-doma-1watermark.jpg\" alt=\"\" width=\"1000\" height=\"667\" srcset=\"https:\/\/asart.com.ua\/wp-content\/uploads\/2015\/10\/fasad-chastnogo-doma-1watermark.jpg 1000w, https:\/\/asart.com.ua\/wp-content\/uploads\/2015\/10\/fasad-chastnogo-doma-1watermark-300x200.jpg 300w, https:\/\/asart.com.ua\/wp-content\/uploads\/2015\/10\/fasad-chastnogo-doma-1watermark-240x160.jpg 240w\" sizes=\"(max-width: 1000px) 100vw, 1000px\" \/><\/a><\/p>\n<h3> Vytvo\u0159me kr\u00e1sn\u00fd a funk\u010dn\u00ed prostor.<\/h3>\n<p> N\u00e1klady na projekt n\u00e1vrhu chaty zahrnuj\u00ed tak\u00e9 ot\u00e1zky t\u00fdkaj\u00edc\u00ed se uspo\u0159\u00e1d\u00e1n\u00ed. \u010casto vznik\u00e1 v p\u0159\u00edzem\u00ed jedin\u00fd prostor, kter\u00fd je rozd\u011blen na funk\u010dn\u00ed z\u00f3ny. Je zde ob\u00fdvac\u00ed pokoj, kuchy\u0148 a j\u00eddeln\u00ed kout. A tak\u00e9 Designer Asart vybere kr\u00e1sn\u00fd a funk\u010dn\u00ed n\u00e1bytek, modern\u00ed dopl\u0148ky, dekorace a textil do v\u0161ech m\u00edstnost\u00ed are\u00e1lu. Po dokon\u010den\u00ed dokon\u010dovac\u00edch a projek\u010dn\u00edch prac\u00ed je pom\u016f\u017ee uspo\u0159\u00e1dat a um\u00edstit na nejvhodn\u011bj\u0161\u00ed m\u00edsta.<\/p>\n<p> Na\u0161e studio vytv\u00e1\u0159\u00ed nejen individu\u00e1ln\u00ed designov\u00e9 projekty pro chaty za p\u0159ijatelnou cenu, ale tak\u00e9 na\u0161im z\u00e1kazn\u00edk\u016fm nab\u00edz\u00ed 3D vizualizace a slu\u017eby architektonick\u00e9ho dozoru za nejlep\u0161\u00ed cenu. 3D vizualizace umo\u017e\u0148uje vid\u011bt m\u00edstnost p\u0159ed zah\u00e1jen\u00edm jak\u00e9koli pr\u00e1ce a prov\u00e9st zm\u011bny. <em>Architektonick\u00fd dozor znamen\u00e1 \u00faplnou kontrolu projektanta Asart nad v\u0161emi f\u00e1zemi oprav, dokon\u010dovac\u00edch a projek\u010dn\u00edch prac\u00ed<\/em> .<\/p>\n<p> Projekt chaty za optim\u00e1ln\u00ed cenu od na\u0161eho studia ud\u011bl\u00e1 v\u00e1\u0161 domov modern\u00ed, kr\u00e1sn\u00fd a funk\u010dn\u00ed.<\/p>\n","protected":false},"excerpt":{"rendered":"<p>Chaty jsou obl\u00edben\u00e9 a \u017e\u00e1dan\u00e9 mezi <a class=\"continue_link\" href=\"https:\/\/asart.com.ua\/cs\/design-kottedzhey\/stoimost-proekta-kottedzha\/\">\u0427\u0438\u0442\u0430\u0442\u044c \u0434\u0430\u043b\u0435\u0435 >><\/a><\/p>\n","protected":false},"author":6,"featured_media":0,"parent":18282,"menu_order":0,"comment_status":"closed","ping_status":"closed","template":"","meta":{"footnotes":""},"acf":[],"aioseo_notices":[],"_links":{"self":[{"href":"https:\/\/asart.com.ua\/cs\/wp-json\/wp\/v2\/pages\/18379"}],"collection":[{"href":"https:\/\/asart.com.ua\/cs\/wp-json\/wp\/v2\/pages"}],"about":[{"href":"https:\/\/asart.com.ua\/cs\/wp-json\/wp\/v2\/types\/page"}],"author":[{"embeddable":true,"href":"https:\/\/asart.com.ua\/cs\/wp-json\/wp\/v2\/users\/6"}],"replies":[{"embeddable":true,"href":"https:\/\/asart.com.ua\/cs\/wp-json\/wp\/v2\/comments?post=18379"}],"version-history":[{"count":1,"href":"https:\/\/asart.com.ua\/cs\/wp-json\/wp\/v2\/pages\/18379\/revisions"}],"predecessor-version":[{"id":18382,"href":"https:\/\/asart.com.ua\/cs\/wp-json\/wp\/v2\/pages\/18379\/revisions\/18382"}],"up":[{"embeddable":true,"href":"https:\/\/asart.com.ua\/cs\/wp-json\/wp\/v2\/pages\/18282"}],"wp:attachment":[{"href":"https:\/\/asart.com.ua\/cs\/wp-json\/wp\/v2\/media?parent=18379"}],"curies":[{"name":"wp","href":"https:\/\/api.w.org\/{rel}","templated":true}]}}