{"id":18372,"date":"2021-09-03T11:08:25","date_gmt":"2021-09-03T08:08:25","guid":{"rendered":"https:\/\/asart.com.ua\/design-kottedzhey\/stoimost-proekta-interera\/"},"modified":"2024-09-17T20:35:40","modified_gmt":"2024-09-17T17:35:40","slug":"stoimost-proekta-interera","status":"publish","type":"page","link":"https:\/\/asart.com.ua\/cs\/design-kottedzhey\/stoimost-proekta-interera\/","title":{"rendered":"N\u00e1klady na projekt dom\u00e1c\u00edho interi\u00e9ru"},"content":{"rendered":"<p>Pokud bydl\u00edte v dom\u011b a je \u010das na jeho rekonstrukci, m\u016f\u017eete si tak\u00e9 objednat vypracov\u00e1n\u00ed individu\u00e1ln\u00edho projektu interi\u00e9rov\u00e9ho designu. Naj\u00edt studio v Charkov\u011b <strong>, kter\u00e9 se zab\u00fdv\u00e1 designem, nebude \u010dinit velk\u00e9 pot\u00ed\u017ee<\/strong> . Ve m\u011bst\u011b je mnoho spole\u010dnost\u00ed, kter\u00e9 poskytuj\u00ed slu\u017eby r\u016fzn\u00e9 kvality a ceny. Vzhledem k tomu, \u017ee design hraje u ka\u017ed\u00e9 m\u00edstnosti d\u016fle\u017eitou roli, m\u011bli byste kontaktovat pouze profesion\u00e1ly ve sv\u00e9m oboru.<\/p>\n<p><a href=\"https:\/\/asart.com.ua\/wp-content\/uploads\/2021\/02\/foto-marashal-zhukova-001-28watermark-.jpg\"><img loading=\"lazy\" decoding=\"async\" class=\"aligncenter size-full wp-image-8520 colorbox-18372\" src=\"https:\/\/asart.com.ua\/wp-content\/uploads\/2021\/02\/foto-marashal-zhukova-001-28watermark-.jpg\" alt=\"\" width=\"1200\" height=\"800\" srcset=\"https:\/\/asart.com.ua\/wp-content\/uploads\/2021\/02\/foto-marashal-zhukova-001-28watermark-.jpg 1200w, https:\/\/asart.com.ua\/wp-content\/uploads\/2021\/02\/foto-marashal-zhukova-001-28watermark--300x200.jpg 300w, https:\/\/asart.com.ua\/wp-content\/uploads\/2021\/02\/foto-marashal-zhukova-001-28watermark--1024x683.jpg 1024w, https:\/\/asart.com.ua\/wp-content\/uploads\/2021\/02\/foto-marashal-zhukova-001-28watermark--768x512.jpg 768w, https:\/\/asart.com.ua\/wp-content\/uploads\/2021\/02\/foto-marashal-zhukova-001-28watermark--240x160.jpg 240w\" sizes=\"(max-width: 1200px) 100vw, 1200px\" \/><\/a> <a href=\"https:\/\/asart.com.ua\/wp-content\/uploads\/2021\/02\/foto-marashal-zhukova-001-19watermark-.jpg\"><img loading=\"lazy\" decoding=\"async\" class=\"aligncenter size-full wp-image-8502 colorbox-18372\" src=\"https:\/\/asart.com.ua\/wp-content\/uploads\/2021\/02\/foto-marashal-zhukova-001-19watermark-.jpg\" alt=\"\" width=\"1200\" height=\"800\" srcset=\"https:\/\/asart.com.ua\/wp-content\/uploads\/2021\/02\/foto-marashal-zhukova-001-19watermark-.jpg 1200w, https:\/\/asart.com.ua\/wp-content\/uploads\/2021\/02\/foto-marashal-zhukova-001-19watermark--300x200.jpg 300w, https:\/\/asart.com.ua\/wp-content\/uploads\/2021\/02\/foto-marashal-zhukova-001-19watermark--1024x683.jpg 1024w, https:\/\/asart.com.ua\/wp-content\/uploads\/2021\/02\/foto-marashal-zhukova-001-19watermark--768x512.jpg 768w, https:\/\/asart.com.ua\/wp-content\/uploads\/2021\/02\/foto-marashal-zhukova-001-19watermark--240x160.jpg 240w\" sizes=\"(max-width: 1200px) 100vw, 1200px\" \/><\/a> <a href=\"https:\/\/asart.com.ua\/wp-content\/uploads\/2021\/02\/foto-marashal-zhukova-001-17watermark-.jpg\"><img loading=\"lazy\" decoding=\"async\" class=\"aligncenter size-full wp-image-8498 colorbox-18372\" src=\"https:\/\/asart.com.ua\/wp-content\/uploads\/2021\/02\/foto-marashal-zhukova-001-17watermark-.jpg\" alt=\"\" width=\"1200\" height=\"800\" srcset=\"https:\/\/asart.com.ua\/wp-content\/uploads\/2021\/02\/foto-marashal-zhukova-001-17watermark-.jpg 1200w, https:\/\/asart.com.ua\/wp-content\/uploads\/2021\/02\/foto-marashal-zhukova-001-17watermark--300x200.jpg 300w, https:\/\/asart.com.ua\/wp-content\/uploads\/2021\/02\/foto-marashal-zhukova-001-17watermark--1024x683.jpg 1024w, https:\/\/asart.com.ua\/wp-content\/uploads\/2021\/02\/foto-marashal-zhukova-001-17watermark--768x512.jpg 768w, https:\/\/asart.com.ua\/wp-content\/uploads\/2021\/02\/foto-marashal-zhukova-001-17watermark--240x160.jpg 240w\" sizes=\"(max-width: 1200px) 100vw, 1200px\" \/><\/a><\/p>\n<div class=\"value\" style=\"float: right;\">\n<table style=\"width: 53.0146%; height: 159px;\">\n<tbody>\n<tr style=\"height: 24px;\">\n<th style=\"width: 185.35px; height: 24px;\">Oblast m\u00edstnosti<\/th>\n<th style=\"width: 138.017px; height: 24px;\">Cena<\/th>\n<\/tr>\n<tr style=\"height: 27px;\">\n<td style=\"width: 185.35px; height: 27px;\">od 40-100 <sup>m2<\/sup><\/td>\n<td style=\"width: 138.017px; height: 27px;\"><sup>$<\/sup> \/ <sup>m2<\/sup><\/td>\n<\/tr>\n<tr style=\"height: 27px;\">\n<td style=\"width: 185.35px; height: 27px;\">100-200 <sup>m2<\/sup><\/td>\n<td style=\"width: 138.017px; height: 27px;\"><sup>$<\/sup> \/ <sup>m2<\/sup><\/td>\n<\/tr>\n<tr style=\"height: 27px;\">\n<td style=\"width: 185.35px; height: 27px;\">200-500 <sup>m2<\/sup><\/td>\n<td style=\"width: 138.017px; height: 27px;\"><sup>$<\/sup> \/ <sup>m2<\/sup><\/td>\n<\/tr>\n<tr style=\"height: 27px;\">\n<td style=\"width: 185.35px; height: 27px;\">v\u00edce ne\u017e 500 <sup>m2<\/sup><\/td>\n<td style=\"width: 138.017px; height: 27px;\"><sup>$<\/sup> \/ <sup>m2<\/sup><\/td>\n<\/tr>\n<tr class=\"last\" style=\"height: 27px;\">\n<td style=\"width: 185.35px; height: 27px;\">od 1000 <sup>m2<\/sup><\/td>\n<td style=\"width: 138.017px; height: 27px;\">Speci\u00e1ln\u00ed cena<\/td>\n<\/tr>\n<\/tbody>\n<\/table>\n<p><span class=\"deskription\">*Pro st\u00e1l\u00e9 z\u00e1kazn\u00edky existuje slevov\u00fd syst\u00e9m.<\/span> <span class=\"deskription\">*Speci\u00e1ln\u00ed nab\u00eddka pro architektonick\u00fd dozor.<\/span><\/div>\n<h2>Vysoce kvalitn\u00ed a profesion\u00e1ln\u00ed.<\/h2>\n<p>Na\u0161e studio m\u00e1 bohat\u00e9 zku\u0161enosti s vypracov\u00e1n\u00edm individu\u00e1ln\u00edch designov\u00fdch projekt\u016f pro n\u00edzkon\u00e1kladov\u00e9 domy v Charkov\u011b. Ve\u0161ker\u00e9 projek\u010dn\u00ed slu\u017eby nab\u00edz\u00edme za nejlep\u0161\u00ed ceny a prov\u00e1d\u00edme je na vysok\u00e9 profesion\u00e1ln\u00ed \u00farovni. Design\u00e9\u0159i Asart ud\u011blaj\u00ed v\u0161e:<\/p>\n<ul>\n<li>rychle<\/li>\n<li>kvalitativn\u011b<\/li>\n<li>profesion\u00e1ln\u011b<\/li>\n<li>v\u010das<\/li>\n<\/ul>\n<p>Chcete-li vytvo\u0159it jedine\u010dn\u00fd designov\u00fd projekt pro v\u00e1\u0161 domov za optim\u00e1ln\u00ed cenu, mus\u00ed b\u00fdt prostory zkontrolov\u00e1ny. Prohl\u00eddka domu pom\u016f\u017ee posoudit jeho stav a ur\u010dit pro n\u011bj ten nejvhodn\u011bj\u0161\u00ed:<\/p>\n<ul>\n<li>design\u00e9rsk\u00fd styl<\/li>\n<li>barevn\u00e1 paleta<\/li>\n<li>Dekora\u010dn\u00ed materi\u00e1ly<\/li>\n<li>n\u00e1bytek<\/li>\n<li>P\u0159\u00edslu\u0161enstv\u00ed<\/li>\n<\/ul>\n<p>Stejn\u011b jako dekorace, textilie a vybran\u00e1 sv\u00edtidla. Design\u00e9r Asart pe\u010dliv\u011b vyslechne va\u0161e p\u0159\u00e1n\u00ed a po\u017eadavky t\u00fdkaj\u00edc\u00ed se budouc\u00edho vzhledu m\u00edstnosti. P\u0159i sch\u016fzce je pot\u0159eba se dohodnout na ot\u00e1zce souvisej\u00edc\u00ed se zm\u011bnou dispozice. Na\u0161i klienti \u010dasto cht\u011bj\u00ed, aby se jejich domov prom\u011bnil v ateli\u00e9r. Toho lze dos\u00e1hnout demont\u00e1\u017e\u00ed st\u011bn a p\u0159\u00ed\u010dek, \u010d\u00edm\u017e vznikne jedin\u00fd prostor. Pomoc\u00ed barevn\u00fdch a sv\u011bteln\u00fdch \u0159e\u0161en\u00ed, stejn\u011b jako n\u00e1bytku, bude rozd\u011blen do funk\u010dn\u00edch z\u00f3n. Zm\u011bna dispozice prostor v\u00fdznamn\u011b neovlivn\u00ed kone\u010dn\u00e9 n\u00e1klady na projekt.<a href=\"https:\/\/asart.com.ua\/wp-content\/uploads\/2021\/02\/foto-marashal-zhukova-001-8watermark-.jpg\"><img loading=\"lazy\" decoding=\"async\" class=\"aligncenter size-full wp-image-8482 colorbox-18372\" src=\"https:\/\/asart.com.ua\/wp-content\/uploads\/2021\/02\/foto-marashal-zhukova-001-8watermark-.jpg\" alt=\"\" width=\"1200\" height=\"800\" srcset=\"https:\/\/asart.com.ua\/wp-content\/uploads\/2021\/02\/foto-marashal-zhukova-001-8watermark-.jpg 1200w, https:\/\/asart.com.ua\/wp-content\/uploads\/2021\/02\/foto-marashal-zhukova-001-8watermark--300x200.jpg 300w, https:\/\/asart.com.ua\/wp-content\/uploads\/2021\/02\/foto-marashal-zhukova-001-8watermark--1024x683.jpg 1024w, https:\/\/asart.com.ua\/wp-content\/uploads\/2021\/02\/foto-marashal-zhukova-001-8watermark--768x512.jpg 768w, https:\/\/asart.com.ua\/wp-content\/uploads\/2021\/02\/foto-marashal-zhukova-001-8watermark--240x160.jpg 240w\" sizes=\"(max-width: 1200px) 100vw, 1200px\" \/><\/a> <a href=\"https:\/\/asart.com.ua\/wp-content\/uploads\/2018\/08\/watermark-29-1.jpg\"><img loading=\"lazy\" decoding=\"async\" class=\"aligncenter  wp-image-6500 colorbox-18372\" src=\"https:\/\/asart.com.ua\/wp-content\/uploads\/2018\/08\/watermark-29-1.jpg\" alt=\"\" width=\"1198\" height=\"899\" srcset=\"https:\/\/asart.com.ua\/wp-content\/uploads\/2018\/08\/watermark-29-1.jpg 1000w, https:\/\/asart.com.ua\/wp-content\/uploads\/2018\/08\/watermark-29-1-300x225.jpg 300w, https:\/\/asart.com.ua\/wp-content\/uploads\/2018\/08\/watermark-29-1-768x576.jpg 768w, https:\/\/asart.com.ua\/wp-content\/uploads\/2018\/08\/watermark-29-1-160x120.jpg 160w, https:\/\/asart.com.ua\/wp-content\/uploads\/2018\/08\/watermark-29-1-289x217.jpg 289w\" sizes=\"(max-width: 1198px) 100vw, 1198px\" \/><\/a> <a href=\"https:\/\/asart.com.ua\/wp-content\/uploads\/2021\/02\/foto-marashal-zhukova-001-37watermark-.jpg\"><img loading=\"lazy\" decoding=\"async\" class=\"aligncenter size-full wp-image-8532 colorbox-18372\" src=\"https:\/\/asart.com.ua\/wp-content\/uploads\/2021\/02\/foto-marashal-zhukova-001-37watermark-.jpg\" alt=\"\" width=\"1200\" height=\"800\" srcset=\"https:\/\/asart.com.ua\/wp-content\/uploads\/2021\/02\/foto-marashal-zhukova-001-37watermark-.jpg 1200w, https:\/\/asart.com.ua\/wp-content\/uploads\/2021\/02\/foto-marashal-zhukova-001-37watermark--300x200.jpg 300w, https:\/\/asart.com.ua\/wp-content\/uploads\/2021\/02\/foto-marashal-zhukova-001-37watermark--1024x683.jpg 1024w, https:\/\/asart.com.ua\/wp-content\/uploads\/2021\/02\/foto-marashal-zhukova-001-37watermark--768x512.jpg 768w, https:\/\/asart.com.ua\/wp-content\/uploads\/2021\/02\/foto-marashal-zhukova-001-37watermark--240x160.jpg 240w\" sizes=\"(max-width: 1200px) 100vw, 1200px\" \/><\/a> <a href=\"https:\/\/asart.com.ua\/wp-content\/uploads\/2021\/02\/foto-marashal-zhukova-001-54watermark-.jpg\"><img loading=\"lazy\" decoding=\"async\" class=\"aligncenter size-full wp-image-8552 colorbox-18372\" src=\"https:\/\/asart.com.ua\/wp-content\/uploads\/2021\/02\/foto-marashal-zhukova-001-54watermark-.jpg\" alt=\"\" width=\"1200\" height=\"800\" srcset=\"https:\/\/asart.com.ua\/wp-content\/uploads\/2021\/02\/foto-marashal-zhukova-001-54watermark-.jpg 1200w, https:\/\/asart.com.ua\/wp-content\/uploads\/2021\/02\/foto-marashal-zhukova-001-54watermark--300x200.jpg 300w, https:\/\/asart.com.ua\/wp-content\/uploads\/2021\/02\/foto-marashal-zhukova-001-54watermark--1024x683.jpg 1024w, https:\/\/asart.com.ua\/wp-content\/uploads\/2021\/02\/foto-marashal-zhukova-001-54watermark--768x512.jpg 768w, https:\/\/asart.com.ua\/wp-content\/uploads\/2021\/02\/foto-marashal-zhukova-001-54watermark--240x160.jpg 240w\" sizes=\"(max-width: 1200px) 100vw, 1200px\" \/><\/a><\/p>\n<h3>Zt\u011blesn\u011bn\u00ed jak\u00e9hokoli modern\u00edho stylu.<\/h3>\n<p>Stoj\u00ed za zm\u00ednku, \u017ee projekt designu domu za nejlep\u0161\u00ed cenu lze vytvo\u0159it v jak\u00e9mkoli modern\u00edm stylu a barevn\u00e9m sch\u00e9matu. Na\u0161e studio tak\u00e9 doporu\u010duje vyu\u017e\u00edt slu\u017ebu 3D vizualizace, kterou Asart poskytuje za p\u0159ijatelnou cenu v Charkov\u011b. Pomoc\u00ed 3D vizualizace projektu si budete moci prohl\u00e9dnout sv\u016fj domov s nov\u00fdm designem interi\u00e9ru. V t\u00e9to f\u00e1zi m\u00e1te mo\u017enost prov\u00e9st zm\u011bny, pokud se v\u00e1m n\u011bco nel\u00edb\u00ed.<\/p>\n<p>Designov\u00fd projekt z na\u0161eho studia m\u016f\u017ee <em>ud\u011blat v\u00e1\u0161 domov modern\u00ed, kr\u00e1sn\u00fd, stylov\u00fd a zaj\u00edmav\u00fd<\/em> . A tak\u00e9 v n\u011bm vytvo\u0159te pohodlnou, harmonickou a \u00fatulnou atmosf\u00e9ru. Ve\u0161ker\u00e9 projek\u010dn\u00ed pr\u00e1ce budou dokon\u010deny v\u010das a za n\u00edzk\u00e9 n\u00e1klady v Charkov\u011b.<\/p>\n","protected":false},"excerpt":{"rendered":"<p>Pokud bydl\u00edte v dom\u011b a je <a class=\"continue_link\" href=\"https:\/\/asart.com.ua\/cs\/design-kottedzhey\/stoimost-proekta-interera\/\">\u0427\u0438\u0442\u0430\u0442\u044c \u0434\u0430\u043b\u0435\u0435 >><\/a><\/p>\n","protected":false},"author":6,"featured_media":0,"parent":18282,"menu_order":0,"comment_status":"closed","ping_status":"closed","template":"","meta":{"footnotes":""},"acf":[],"aioseo_notices":[],"_links":{"self":[{"href":"https:\/\/asart.com.ua\/cs\/wp-json\/wp\/v2\/pages\/18372"}],"collection":[{"href":"https:\/\/asart.com.ua\/cs\/wp-json\/wp\/v2\/pages"}],"about":[{"href":"https:\/\/asart.com.ua\/cs\/wp-json\/wp\/v2\/types\/page"}],"author":[{"embeddable":true,"href":"https:\/\/asart.com.ua\/cs\/wp-json\/wp\/v2\/users\/6"}],"replies":[{"embeddable":true,"href":"https:\/\/asart.com.ua\/cs\/wp-json\/wp\/v2\/comments?post=18372"}],"version-history":[{"count":2,"href":"https:\/\/asart.com.ua\/cs\/wp-json\/wp\/v2\/pages\/18372\/revisions"}],"predecessor-version":[{"id":21089,"href":"https:\/\/asart.com.ua\/cs\/wp-json\/wp\/v2\/pages\/18372\/revisions\/21089"}],"up":[{"embeddable":true,"href":"https:\/\/asart.com.ua\/cs\/wp-json\/wp\/v2\/pages\/18282"}],"wp:attachment":[{"href":"https:\/\/asart.com.ua\/cs\/wp-json\/wp\/v2\/media?parent=18372"}],"curies":[{"name":"wp","href":"https:\/\/api.w.org\/{rel}","templated":true}]}}