{"id":18366,"date":"2017-07-03T10:42:27","date_gmt":"2017-07-03T07:42:27","guid":{"rendered":"https:\/\/asart.com.ua\/design-kottedzhey\/stoimost-kottedzha\/"},"modified":"2023-11-27T15:53:46","modified_gmt":"2023-11-27T12:53:46","slug":"stoimost-kottedzha","status":"publish","type":"page","link":"https:\/\/asart.com.ua\/cs\/design-kottedzhey\/stoimost-kottedzha\/","title":{"rendered":"N\u00e1klady na n\u00e1vrh interi\u00e9ru chaty"},"content":{"rendered":"<p>V\u00fdznamn\u00e1 plocha chaty umo\u017e\u0148uje jej\u00edm majitel\u016fm realizovat jak\u00e9koliv rekonstrukce a designov\u00e1 \u0159e\u0161en\u00ed. Co\u017e pom\u016f\u017ee ud\u011blat d\u016fm nejen kr\u00e1sn\u00fdm, ale tak\u00e9:<\/p>\n<ul>\n<li> funk\u010dn\u00ed<\/li>\n<li> \u00fatuln\u00fd<\/li>\n<li> komfortn\u00ed<\/li>\n<li> pohodln\u00e9<\/li>\n<\/ul>\n<p> A tak\u00e9 stylov\u00e9 a modern\u00ed. <strong>Bez speci\u00e1ln\u00edch znalost\u00ed, dovednost\u00ed a zku\u0161enost\u00ed to samoz\u0159ejm\u011b nezvl\u00e1dnete sami<\/strong> . M\u011bli byste kontaktovat specialisty a objednat si v\u00fdvoj individu\u00e1ln\u00edho projektu interi\u00e9rov\u00e9ho designu. V Charkov\u011b je mnoho studi\u00ed, kter\u00e9 nab\u00edzej\u00ed designov\u00e9 slu\u017eby za vysok\u00e9 i n\u00edzk\u00e9 n\u00e1klady. Vzhledem k jejich d\u016fle\u017eitosti byste se m\u011bli obr\u00e1tit na odborn\u00edky. <a href=\"https:\/\/asart.com.ua\/wp-content\/uploads\/2022\/08\/1-etazh-gostinaya-13.jpg\"><img loading=\"lazy\" decoding=\"async\" class=\"aligncenter size-full wp-image-9489 colorbox-18366\" src=\"https:\/\/asart.com.ua\/wp-content\/uploads\/2022\/08\/1-etazh-gostinaya-13.jpg\" alt=\"\" width=\"1000\" height=\"750\" srcset=\"https:\/\/asart.com.ua\/wp-content\/uploads\/2022\/08\/1-etazh-gostinaya-13.jpg 1000w, https:\/\/asart.com.ua\/wp-content\/uploads\/2022\/08\/1-etazh-gostinaya-13-300x225.jpg 300w, https:\/\/asart.com.ua\/wp-content\/uploads\/2022\/08\/1-etazh-gostinaya-13-768x576.jpg 768w, https:\/\/asart.com.ua\/wp-content\/uploads\/2022\/08\/1-etazh-gostinaya-13-160x120.jpg 160w, https:\/\/asart.com.ua\/wp-content\/uploads\/2022\/08\/1-etazh-gostinaya-13-289x217.jpg 289w\" sizes=\"(max-width: 1000px) 100vw, 1000px\" \/><\/a> <a href=\"https:\/\/asart.com.ua\/wp-content\/uploads\/2022\/08\/1-etazh-gostinaya-0.jpg\"><img loading=\"lazy\" decoding=\"async\" class=\"aligncenter size-full wp-image-9477 colorbox-18366\" src=\"https:\/\/asart.com.ua\/wp-content\/uploads\/2022\/08\/1-etazh-gostinaya-0.jpg\" alt=\"\" width=\"1000\" height=\"750\" srcset=\"https:\/\/asart.com.ua\/wp-content\/uploads\/2022\/08\/1-etazh-gostinaya-0.jpg 1000w, https:\/\/asart.com.ua\/wp-content\/uploads\/2022\/08\/1-etazh-gostinaya-0-300x225.jpg 300w, https:\/\/asart.com.ua\/wp-content\/uploads\/2022\/08\/1-etazh-gostinaya-0-768x576.jpg 768w, https:\/\/asart.com.ua\/wp-content\/uploads\/2022\/08\/1-etazh-gostinaya-0-160x120.jpg 160w, https:\/\/asart.com.ua\/wp-content\/uploads\/2022\/08\/1-etazh-gostinaya-0-289x217.jpg 289w\" sizes=\"(max-width: 1000px) 100vw, 1000px\" \/><\/a> <a href=\"https:\/\/asart.com.ua\/wp-content\/uploads\/2022\/08\/kuhnya-2.jpg\"><img loading=\"lazy\" decoding=\"async\" class=\"aligncenter size-full wp-image-9539 colorbox-18366\" src=\"https:\/\/asart.com.ua\/wp-content\/uploads\/2022\/08\/kuhnya-2.jpg\" alt=\"\" width=\"1000\" height=\"750\" srcset=\"https:\/\/asart.com.ua\/wp-content\/uploads\/2022\/08\/kuhnya-2.jpg 1000w, https:\/\/asart.com.ua\/wp-content\/uploads\/2022\/08\/kuhnya-2-300x225.jpg 300w, https:\/\/asart.com.ua\/wp-content\/uploads\/2022\/08\/kuhnya-2-768x576.jpg 768w, https:\/\/asart.com.ua\/wp-content\/uploads\/2022\/08\/kuhnya-2-160x120.jpg 160w, https:\/\/asart.com.ua\/wp-content\/uploads\/2022\/08\/kuhnya-2-289x217.jpg 289w\" sizes=\"(max-width: 1000px) 100vw, 1000px\" \/><\/a> <a href=\"https:\/\/asart.com.ua\/wp-content\/uploads\/2022\/08\/kuhnya-3.jpg\"><img loading=\"lazy\" decoding=\"async\" class=\"aligncenter size-full wp-image-9541 colorbox-18366\" src=\"https:\/\/asart.com.ua\/wp-content\/uploads\/2022\/08\/kuhnya-3.jpg\" alt=\"\" width=\"1000\" height=\"750\" srcset=\"https:\/\/asart.com.ua\/wp-content\/uploads\/2022\/08\/kuhnya-3.jpg 1000w, https:\/\/asart.com.ua\/wp-content\/uploads\/2022\/08\/kuhnya-3-300x225.jpg 300w, https:\/\/asart.com.ua\/wp-content\/uploads\/2022\/08\/kuhnya-3-768x576.jpg 768w, https:\/\/asart.com.ua\/wp-content\/uploads\/2022\/08\/kuhnya-3-160x120.jpg 160w, https:\/\/asart.com.ua\/wp-content\/uploads\/2022\/08\/kuhnya-3-289x217.jpg 289w\" sizes=\"(max-width: 1000px) 100vw, 1000px\" \/><\/a> <a href=\"https:\/\/asart.com.ua\/wp-content\/uploads\/2022\/08\/1-etazh-gostinaya-2.jpg\"><img loading=\"lazy\" decoding=\"async\" class=\"aligncenter size-full wp-image-9479 colorbox-18366\" src=\"https:\/\/asart.com.ua\/wp-content\/uploads\/2022\/08\/1-etazh-gostinaya-2.jpg\" alt=\"\" width=\"1000\" height=\"750\" srcset=\"https:\/\/asart.com.ua\/wp-content\/uploads\/2022\/08\/1-etazh-gostinaya-2.jpg 1000w, https:\/\/asart.com.ua\/wp-content\/uploads\/2022\/08\/1-etazh-gostinaya-2-300x225.jpg 300w, https:\/\/asart.com.ua\/wp-content\/uploads\/2022\/08\/1-etazh-gostinaya-2-768x576.jpg 768w, https:\/\/asart.com.ua\/wp-content\/uploads\/2022\/08\/1-etazh-gostinaya-2-160x120.jpg 160w, https:\/\/asart.com.ua\/wp-content\/uploads\/2022\/08\/1-etazh-gostinaya-2-289x217.jpg 289w\" sizes=\"(max-width: 1000px) 100vw, 1000px\" \/><\/a> <a href=\"https:\/\/asart.com.ua\/wp-content\/uploads\/2022\/08\/1-etazh-gostinaya-4.jpg\"><img loading=\"lazy\" decoding=\"async\" class=\"aligncenter size-full wp-image-9483 colorbox-18366\" src=\"https:\/\/asart.com.ua\/wp-content\/uploads\/2022\/08\/1-etazh-gostinaya-4.jpg\" alt=\"\" width=\"1000\" height=\"750\" srcset=\"https:\/\/asart.com.ua\/wp-content\/uploads\/2022\/08\/1-etazh-gostinaya-4.jpg 1000w, https:\/\/asart.com.ua\/wp-content\/uploads\/2022\/08\/1-etazh-gostinaya-4-300x225.jpg 300w, https:\/\/asart.com.ua\/wp-content\/uploads\/2022\/08\/1-etazh-gostinaya-4-768x576.jpg 768w, https:\/\/asart.com.ua\/wp-content\/uploads\/2022\/08\/1-etazh-gostinaya-4-160x120.jpg 160w, https:\/\/asart.com.ua\/wp-content\/uploads\/2022\/08\/1-etazh-gostinaya-4-289x217.jpg 289w\" sizes=\"(max-width: 1000px) 100vw, 1000px\" \/><\/a> <a href=\"https:\/\/asart.com.ua\/wp-content\/uploads\/2022\/08\/vanna-hozyajskaya-2-etazh-5-1-variant-.jpg\"><img loading=\"lazy\" decoding=\"async\" class=\"aligncenter size-full wp-image-9513 colorbox-18366\" src=\"https:\/\/asart.com.ua\/wp-content\/uploads\/2022\/08\/vanna-hozyajskaya-2-etazh-5-1-variant-.jpg\" alt=\"\" width=\"1000\" height=\"750\" srcset=\"https:\/\/asart.com.ua\/wp-content\/uploads\/2022\/08\/vanna-hozyajskaya-2-etazh-5-1-variant-.jpg 1000w, https:\/\/asart.com.ua\/wp-content\/uploads\/2022\/08\/vanna-hozyajskaya-2-etazh-5-1-variant--300x225.jpg 300w, https:\/\/asart.com.ua\/wp-content\/uploads\/2022\/08\/vanna-hozyajskaya-2-etazh-5-1-variant--768x576.jpg 768w, https:\/\/asart.com.ua\/wp-content\/uploads\/2022\/08\/vanna-hozyajskaya-2-etazh-5-1-variant--160x120.jpg 160w, https:\/\/asart.com.ua\/wp-content\/uploads\/2022\/08\/vanna-hozyajskaya-2-etazh-5-1-variant--289x217.jpg 289w\" sizes=\"(max-width: 1000px) 100vw, 1000px\" \/><\/a> <a href=\"https:\/\/asart.com.ua\/wp-content\/uploads\/2022\/08\/spalnya-1-etazh-6.jpg\"><img loading=\"lazy\" decoding=\"async\" class=\"aligncenter size-full wp-image-9557 colorbox-18366\" src=\"https:\/\/asart.com.ua\/wp-content\/uploads\/2022\/08\/spalnya-1-etazh-6.jpg\" alt=\"\" width=\"1000\" height=\"750\" srcset=\"https:\/\/asart.com.ua\/wp-content\/uploads\/2022\/08\/spalnya-1-etazh-6.jpg 1000w, https:\/\/asart.com.ua\/wp-content\/uploads\/2022\/08\/spalnya-1-etazh-6-300x225.jpg 300w, https:\/\/asart.com.ua\/wp-content\/uploads\/2022\/08\/spalnya-1-etazh-6-768x576.jpg 768w, https:\/\/asart.com.ua\/wp-content\/uploads\/2022\/08\/spalnya-1-etazh-6-160x120.jpg 160w, https:\/\/asart.com.ua\/wp-content\/uploads\/2022\/08\/spalnya-1-etazh-6-289x217.jpg 289w\" sizes=\"(max-width: 1000px) 100vw, 1000px\" \/><\/a><\/p>\n<div class=\"value\" style=\"float: right;\">\n<table>\n<tbody>\n<tr>\n<th style=\"width: 185.35px;\"> Oblast m\u00edstnosti<\/th>\n<th style=\"width: 138.017px;\"> Cena<\/th>\n<\/tr>\n<tr>\n<td style=\"width: 185.35px;\"> od 40-100 <sup>m2<\/sup><\/td>\n<td style=\"width: 138.017px;\"> 30 <sup>$<\/sup> \/ <sup>m2<\/sup><\/td>\n<\/tr>\n<tr>\n<td style=\"width: 185.35px;\"> 100-200 <sup>m2<\/sup><\/td>\n<td style=\"width: 138.017px;\"> 25 <sup>$<\/sup> \/ <sup>m2<\/sup><\/td>\n<\/tr>\n<tr>\n<td style=\"width: 185.35px;\"> 200-500 <sup>m2<\/sup><\/td>\n<td style=\"width: 138.017px;\"> 20 <sup>$<\/sup> \/ <sup>m2<\/sup><\/td>\n<\/tr>\n<tr>\n<td style=\"width: 185.35px;\"> v\u00edce ne\u017e 500 <sup>m2<\/sup><\/td>\n<td style=\"width: 138.017px;\"> 15 <sup>$<\/sup> \/ <sup>m2<\/sup><\/td>\n<\/tr>\n<tr class=\"last\">\n<td style=\"width: 185.35px;\"> od 1000 <sup>m2<\/sup><\/td>\n<td style=\"width: 138.017px;\"> Speci\u00e1ln\u00ed cena<\/td>\n<\/tr>\n<\/tbody>\n<\/table>\n<p> <span class=\"deskription\">*Pro st\u00e1l\u00e9 z\u00e1kazn\u00edky existuje slevov\u00fd syst\u00e9m.<\/span> <span class=\"deskription\">*Speci\u00e1ln\u00ed nab\u00eddka pro architektonick\u00fd dozor.<\/span><\/div>\n<h2> Jedine\u010dn\u00e9 designov\u00e9 n\u00e1pady.<\/h2>\n<p> Na\u0161e studio se specializuje na vytvo\u0159en\u00ed jedine\u010dn\u00e9ho interi\u00e9rov\u00e9ho designu pro chaty za nejlep\u0161\u00ed cenu v Charkov\u011b. Na\u0161im z\u00e1kazn\u00edk\u016fm nab\u00edz\u00edme:<\/p>\n<ul>\n<li> zaj\u00edmav\u00fd<\/li>\n<li> unik\u00e1tn\u00ed<\/li>\n<li> origin\u00e1l<\/li>\n<li> tvo\u0159iv\u00fd<\/li>\n<\/ul>\n<p> Designov\u00e9 n\u00e1pady, kter\u00e9 po implementaci mohou vytvo\u0159it pohodln\u00e9 a \u00fatuln\u00e9 prost\u0159ed\u00ed v m\u00edstnosti. Pro ur\u010den\u00ed rozsahu prac\u00ed a jejich ceny bude muset design\u00e9r Asart chatu prohl\u00e9dnout a dohodnout se s v\u00e1mi na d\u016fle\u017eit\u00fdch ot\u00e1zk\u00e1ch t\u00fdkaj\u00edc\u00edch se budouc\u00edho designu interi\u00e9ru a jeho ceny. Pat\u0159\u00ed sem tak\u00e9 v\u00fdb\u011br stylu a barevn\u00e9 palety, zm\u011bna rozvr\u017een\u00ed a kombinov\u00e1n\u00ed m\u00edstnost\u00ed.<\/p>\n<p> Design interi\u00e9ru chaty m\u016f\u017ee b\u00fdt zt\u011blesn\u011bn v jak\u00e9mkoli modern\u00edm stylu. Typ stylu neovlivn\u00ed cenu projektu. Jeliko\u017e je plocha velk\u00e1, m\u016f\u017eete si vybrat z n\u011bkolika styl\u016f a design\u00e9r Asart je o\u017eiv\u00ed. Tot\u00e9\u017e plat\u00ed pro paletu barev, m\u016f\u017ee b\u00fdt velmi rozmanit\u00e1, v\u0161e z\u00e1vis\u00ed na va\u0161ich preferenc\u00edch chuti. V cen\u011b projektu interi\u00e9ru chaty je tak\u00e9 v\u00fdb\u011br nejvhodn\u011bj\u0161\u00edch opravn\u00fdch a dokon\u010dovac\u00edch materi\u00e1l\u016f, jako\u017e i n\u00e1bytku, dekor\u016f, textili\u00ed a dopl\u0148k\u016f. To v\u0161e je vybr\u00e1no s ohledem na styl designu, ve kter\u00e9m bude pohyb zdoben. <a href=\"https:\/\/asart.com.ua\/wp-content\/uploads\/2022\/08\/vanna-hozyajskaya-2-etazh-3-1-variant-.jpg\"><img loading=\"lazy\" decoding=\"async\" class=\"aligncenter size-full wp-image-9509 colorbox-18366\" src=\"https:\/\/asart.com.ua\/wp-content\/uploads\/2022\/08\/vanna-hozyajskaya-2-etazh-3-1-variant-.jpg\" alt=\"\" width=\"1000\" height=\"750\" srcset=\"https:\/\/asart.com.ua\/wp-content\/uploads\/2022\/08\/vanna-hozyajskaya-2-etazh-3-1-variant-.jpg 1000w, https:\/\/asart.com.ua\/wp-content\/uploads\/2022\/08\/vanna-hozyajskaya-2-etazh-3-1-variant--300x225.jpg 300w, https:\/\/asart.com.ua\/wp-content\/uploads\/2022\/08\/vanna-hozyajskaya-2-etazh-3-1-variant--768x576.jpg 768w, https:\/\/asart.com.ua\/wp-content\/uploads\/2022\/08\/vanna-hozyajskaya-2-etazh-3-1-variant--160x120.jpg 160w, https:\/\/asart.com.ua\/wp-content\/uploads\/2022\/08\/vanna-hozyajskaya-2-etazh-3-1-variant--289x217.jpg 289w\" sizes=\"(max-width: 1000px) 100vw, 1000px\" \/><\/a><br \/> <a href=\"https:\/\/asart.com.ua\/wp-content\/uploads\/2022\/08\/spalnya-roditelej-2-etazh-st-3.jpg\"><img loading=\"lazy\" decoding=\"async\" class=\"aligncenter size-full wp-image-9563 colorbox-18366\" src=\"https:\/\/asart.com.ua\/wp-content\/uploads\/2022\/08\/spalnya-roditelej-2-etazh-st-3.jpg\" alt=\"\" width=\"1000\" height=\"750\" srcset=\"https:\/\/asart.com.ua\/wp-content\/uploads\/2022\/08\/spalnya-roditelej-2-etazh-st-3.jpg 1000w, https:\/\/asart.com.ua\/wp-content\/uploads\/2022\/08\/spalnya-roditelej-2-etazh-st-3-300x225.jpg 300w, https:\/\/asart.com.ua\/wp-content\/uploads\/2022\/08\/spalnya-roditelej-2-etazh-st-3-768x576.jpg 768w, https:\/\/asart.com.ua\/wp-content\/uploads\/2022\/08\/spalnya-roditelej-2-etazh-st-3-160x120.jpg 160w, https:\/\/asart.com.ua\/wp-content\/uploads\/2022\/08\/spalnya-roditelej-2-etazh-st-3-289x217.jpg 289w\" sizes=\"(max-width: 1000px) 100vw, 1000px\" \/><\/a> <a href=\"https:\/\/asart.com.ua\/wp-content\/uploads\/2022\/08\/spalnya-roditelej-2-etazh-st-1.jpg\"><img loading=\"lazy\" decoding=\"async\" class=\"aligncenter size-full wp-image-9561 colorbox-18366\" src=\"https:\/\/asart.com.ua\/wp-content\/uploads\/2022\/08\/spalnya-roditelej-2-etazh-st-1.jpg\" alt=\"\" width=\"1000\" height=\"750\" srcset=\"https:\/\/asart.com.ua\/wp-content\/uploads\/2022\/08\/spalnya-roditelej-2-etazh-st-1.jpg 1000w, https:\/\/asart.com.ua\/wp-content\/uploads\/2022\/08\/spalnya-roditelej-2-etazh-st-1-300x225.jpg 300w, https:\/\/asart.com.ua\/wp-content\/uploads\/2022\/08\/spalnya-roditelej-2-etazh-st-1-768x576.jpg 768w, https:\/\/asart.com.ua\/wp-content\/uploads\/2022\/08\/spalnya-roditelej-2-etazh-st-1-160x120.jpg 160w, https:\/\/asart.com.ua\/wp-content\/uploads\/2022\/08\/spalnya-roditelej-2-etazh-st-1-289x217.jpg 289w\" sizes=\"(max-width: 1000px) 100vw, 1000px\" \/><\/a> <a href=\"https:\/\/asart.com.ua\/wp-content\/uploads\/2022\/08\/detskaya-malysha-1.jpg\"><img loading=\"lazy\" decoding=\"async\" class=\"aligncenter size-full wp-image-9517 colorbox-18366\" src=\"https:\/\/asart.com.ua\/wp-content\/uploads\/2022\/08\/detskaya-malysha-1.jpg\" alt=\"\" width=\"1000\" height=\"750\" srcset=\"https:\/\/asart.com.ua\/wp-content\/uploads\/2022\/08\/detskaya-malysha-1.jpg 1000w, https:\/\/asart.com.ua\/wp-content\/uploads\/2022\/08\/detskaya-malysha-1-300x225.jpg 300w, https:\/\/asart.com.ua\/wp-content\/uploads\/2022\/08\/detskaya-malysha-1-768x576.jpg 768w, https:\/\/asart.com.ua\/wp-content\/uploads\/2022\/08\/detskaya-malysha-1-160x120.jpg 160w, https:\/\/asart.com.ua\/wp-content\/uploads\/2022\/08\/detskaya-malysha-1-289x217.jpg 289w\" sizes=\"(max-width: 1000px) 100vw, 1000px\" \/><\/a> <a href=\"https:\/\/asart.com.ua\/wp-content\/uploads\/2022\/08\/detskaya-malysha-4.jpg\"><img loading=\"lazy\" decoding=\"async\" class=\"aligncenter size-full wp-image-9523 colorbox-18366\" src=\"https:\/\/asart.com.ua\/wp-content\/uploads\/2022\/08\/detskaya-malysha-4.jpg\" alt=\"\" width=\"1000\" height=\"750\" srcset=\"https:\/\/asart.com.ua\/wp-content\/uploads\/2022\/08\/detskaya-malysha-4.jpg 1000w, https:\/\/asart.com.ua\/wp-content\/uploads\/2022\/08\/detskaya-malysha-4-300x225.jpg 300w, https:\/\/asart.com.ua\/wp-content\/uploads\/2022\/08\/detskaya-malysha-4-768x576.jpg 768w, https:\/\/asart.com.ua\/wp-content\/uploads\/2022\/08\/detskaya-malysha-4-160x120.jpg 160w, https:\/\/asart.com.ua\/wp-content\/uploads\/2022\/08\/detskaya-malysha-4-289x217.jpg 289w\" sizes=\"(max-width: 1000px) 100vw, 1000px\" \/><\/a><\/p>\n<h3> Dekorace pokoj\u016f n\u00e1bytkem, dopl\u0148ky, textilem.<\/h3>\n<p> V cen\u011b n\u00e1vrhu interi\u00e9ru chaty je krom\u011b v\u00fdb\u011bru i aran\u017em\u00e1 n\u00e1bytku od design\u00e9ra Asart. Stejn\u011b jako <em>zdoben\u00ed pokoj\u016f dopl\u0148ky, textilie a sv\u00edtidla<\/em> . Za zm\u00ednku stoj\u00ed, \u017ee v na\u0161em studiu si m\u016f\u017eete objednat tak\u00e9 slu\u017eby 3D vizualizace pro designov\u00fd projekt za konkurenceschopnou cenu. 3D vizualizace v\u00e1m umo\u017en\u00ed vid\u011bt v\u00e1\u0161 domov po dokon\u010den\u00ed v\u0161ech prac\u00ed, v t\u00e9to f\u00e1zi m\u00e1te mo\u017enost prov\u00e1d\u011bt zm\u011bny ve vytvo\u0159en\u00e9m projektu.<\/p>\n<p> Na\u0161e studio vypracuje jedine\u010dn\u00fd design interi\u00e9ru va\u0161\u00ed chaty za n\u00edzkou cenu.<\/p>\n","protected":false},"excerpt":{"rendered":"<p>V\u00fdznamn\u00e1 plocha chaty umo\u017e\u0148uje jej\u00edm majitel\u016fm <a class=\"continue_link\" href=\"https:\/\/asart.com.ua\/cs\/design-kottedzhey\/stoimost-kottedzha\/\">\u0427\u0438\u0442\u0430\u0442\u044c \u0434\u0430\u043b\u0435\u0435 >><\/a><\/p>\n","protected":false},"author":6,"featured_media":0,"parent":18282,"menu_order":0,"comment_status":"closed","ping_status":"closed","template":"","meta":{"footnotes":""},"acf":[],"aioseo_notices":[],"_links":{"self":[{"href":"https:\/\/asart.com.ua\/cs\/wp-json\/wp\/v2\/pages\/18366"}],"collection":[{"href":"https:\/\/asart.com.ua\/cs\/wp-json\/wp\/v2\/pages"}],"about":[{"href":"https:\/\/asart.com.ua\/cs\/wp-json\/wp\/v2\/types\/page"}],"author":[{"embeddable":true,"href":"https:\/\/asart.com.ua\/cs\/wp-json\/wp\/v2\/users\/6"}],"replies":[{"embeddable":true,"href":"https:\/\/asart.com.ua\/cs\/wp-json\/wp\/v2\/comments?post=18366"}],"version-history":[{"count":2,"href":"https:\/\/asart.com.ua\/cs\/wp-json\/wp\/v2\/pages\/18366\/revisions"}],"predecessor-version":[{"id":18686,"href":"https:\/\/asart.com.ua\/cs\/wp-json\/wp\/v2\/pages\/18366\/revisions\/18686"}],"up":[{"embeddable":true,"href":"https:\/\/asart.com.ua\/cs\/wp-json\/wp\/v2\/pages\/18282"}],"wp:attachment":[{"href":"https:\/\/asart.com.ua\/cs\/wp-json\/wp\/v2\/media?parent=18366"}],"curies":[{"name":"wp","href":"https:\/\/api.w.org\/{rel}","templated":true}]}}