{"id":18360,"date":"2016-07-04T15:39:17","date_gmt":"2016-07-04T12:39:17","guid":{"rendered":"https:\/\/asart.com.ua\/design-kottedzhey\/sovremennyj\/"},"modified":"2023-11-24T01:40:15","modified_gmt":"2023-11-23T22:40:15","slug":"sovremennyj","status":"publish","type":"page","link":"https:\/\/asart.com.ua\/cs\/design-kottedzhey\/sovremennyj\/","title":{"rendered":"Modern\u00ed design dom\u016f a chat"},"content":{"rendered":"<p style=\"text-align: left;\">Mnoho obyvatel Charkova a dal\u0161\u00edch ukrajinsk\u00fdch m\u011bst d\u00e1v\u00e1 p\u0159ednost bydlen\u00ed v dom\u011b nebo chat\u011b ne\u017e v byt\u011b. A kdy\u017e ne trvale, tak alespo\u0148 sez\u00f3nn\u011b. Koneckonc\u016f, takov\u00e9 bydlen\u00ed <strong>se vyzna\u010duje v\u011bt\u0161\u00ed plochou, autonomn\u00edm vyt\u00e1p\u011bn\u00edm, z\u00e1sobov\u00e1n\u00edm vodou, elekt\u0159inou a nep\u0159\u00edtomnost\u00ed soused\u016f<\/strong> . Krom\u011b samotn\u00e9ho bydlen\u00ed m\u00e1te k dispozici i pozemek, na kter\u00e9m si m\u016f\u017eete vytvo\u0159it zahr\u00e1dku, zeleninovou zahr\u00e1dku, postavit alt\u00e1n, podle rozlohy i baz\u00e9n nebo jez\u00edrko.<\/p>\n<p> <a href=\"https:\/\/asart.com.ua\/wp-content\/uploads\/2023\/07\/2-1v-kuchnya-studiya-dom-7watermark.jpg\"><img loading=\"lazy\" decoding=\"async\" class=\"aligncenter size-full wp-image-10052 colorbox-18360\" src=\"https:\/\/asart.com.ua\/wp-content\/uploads\/2023\/07\/2-1v-kuchnya-studiya-dom-7watermark.jpg\" alt=\"\" width=\"1100\" height=\"619\" srcset=\"https:\/\/asart.com.ua\/wp-content\/uploads\/2023\/07\/2-1v-kuchnya-studiya-dom-7watermark.jpg 1100w, https:\/\/asart.com.ua\/wp-content\/uploads\/2023\/07\/2-1v-kuchnya-studiya-dom-7watermark-300x169.jpg 300w, https:\/\/asart.com.ua\/wp-content\/uploads\/2023\/07\/2-1v-kuchnya-studiya-dom-7watermark-1024x576.jpg 1024w, https:\/\/asart.com.ua\/wp-content\/uploads\/2023\/07\/2-1v-kuchnya-studiya-dom-7watermark-768x432.jpg 768w\" sizes=\"(max-width: 1100px) 100vw, 1100px\" \/><\/a> <a href=\"https:\/\/asart.com.ua\/wp-content\/uploads\/2023\/07\/2-1v-kuchnya-studiya-dom-9watermark.jpg\"><img loading=\"lazy\" decoding=\"async\" class=\"aligncenter size-full wp-image-10056 colorbox-18360\" src=\"https:\/\/asart.com.ua\/wp-content\/uploads\/2023\/07\/2-1v-kuchnya-studiya-dom-9watermark.jpg\" alt=\"\" width=\"1100\" height=\"619\" srcset=\"https:\/\/asart.com.ua\/wp-content\/uploads\/2023\/07\/2-1v-kuchnya-studiya-dom-9watermark.jpg 1100w, https:\/\/asart.com.ua\/wp-content\/uploads\/2023\/07\/2-1v-kuchnya-studiya-dom-9watermark-300x169.jpg 300w, https:\/\/asart.com.ua\/wp-content\/uploads\/2023\/07\/2-1v-kuchnya-studiya-dom-9watermark-1024x576.jpg 1024w, https:\/\/asart.com.ua\/wp-content\/uploads\/2023\/07\/2-1v-kuchnya-studiya-dom-9watermark-768x432.jpg 768w\" sizes=\"(max-width: 1100px) 100vw, 1100px\" \/><\/a><\/p>\n<h2> Realizujeme zaj\u00edmav\u00e9 designov\u00e9 n\u00e1pady.<\/h2>\n<p> N\u011bkte\u0159\u00ed z\u00edskaj\u00ed pozemek a za\u010dnou tam stav\u011bt d\u016fm nebo chatu, n\u011bkte\u0159\u00ed ji\u017e kupuj\u00ed obytn\u00e9 prostory. Ale v ka\u017ed\u00e9m p\u0159\u00edpad\u011b ka\u017ed\u00fd chce takov\u00e9 bydlen\u00ed:<\/p>\n<ul>\n<li> modern\u00ed<\/li>\n<li> komfortn\u00ed<\/li>\n<li> funk\u010dn\u00ed<\/li>\n<li> \u00fatuln\u00fd<\/li>\n<\/ul>\n<p> Chcete-li vytvo\u0159it modern\u00ed design interi\u00e9ru domu nebo chaty, neobejdete se bez zapojen\u00ed specialist\u016f. Proto\u017ee projek\u010dn\u00ed slu\u017eby pro takov\u00e9 budovy vy\u017eaduj\u00ed speci\u00e1ln\u00ed znalosti a zku\u0161enosti. V\u00fdrazn\u011b se li\u0161\u00ed od vytv\u00e1\u0159en\u00ed interi\u00e9rov\u00e9ho designu pro b\u011b\u017en\u00e9 m\u011bstsk\u00e9 byty. Pouze profesion\u00e1ln\u00ed design\u00e9r m\u016f\u017ee kompetentn\u011b vy\u0159e\u0161it probl\u00e9my souvisej\u00edc\u00ed s:<\/p>\n<ul>\n<li> rozlo\u017een\u00ed m\u00edstnosti<\/li>\n<li> jeho dokon\u010den\u00ed<\/li>\n<li> organizace a z\u00f3nov\u00e1n\u00ed prostoru<\/li>\n<\/ul>\n<p> Na\u0161e spole\u010dnost m\u00e1 bohat\u00e9 zku\u0161enosti s tvorbou modern\u00edch a origin\u00e1ln\u00edch n\u00e1vrh\u016f interi\u00e9r\u016f dom\u016f a chat. Velikost budovy, po\u010det pater, jej\u00ed stav a plocha pro n\u00e1s nez\u00e1le\u017e\u00ed. Vytvo\u0159\u00edme v\u00e1m pohodln\u00fd a \u00fatuln\u00fd domov z jak\u00e9hokoli prostoru pomoc\u00ed profesion\u00e1ln\u00edho n\u00e1vrhu interi\u00e9ru. Bude tak\u00e9 funk\u010dn\u00ed a pohodln\u00fd pro bydlen\u00ed v\u0161ech \u010dlen\u016f rodiny.<\/p>\n<p style=\"text-align: left;\"> Pokud se jedn\u00e1 o dvoupatrov\u00fd d\u016fm nebo chatu, design\u00e9r studia v\u00e1m na z\u00e1klad\u011b nasb\u00edran\u00fdch zku\u0161enost\u00ed \u0159ekne, kde a na jak\u00e9m pat\u0159e um\u00edstit a vybavit p\u0159\u00edslu\u0161nou m\u00edstnost. <em>Pom\u016f\u017ee v\u00e1m tak\u00e9 vybrat nejvhodn\u011bj\u0161\u00ed modern\u00ed schodi\u0161t\u011b, kter\u00e9 bude nejen kr\u00e1sn\u00fdm dopl\u0148kem, ale tak\u00e9 nezabere mnoho m\u00edsta v m\u00edstnosti<\/em> .<\/p>\n<p> <a href=\"https:\/\/asart.com.ua\/wp-content\/uploads\/2023\/07\/2-1v-kuchnya-studiya-dom-12watermark.jpg\"><img loading=\"lazy\" decoding=\"async\" class=\"aligncenter size-full wp-image-10062 colorbox-18360\" src=\"https:\/\/asart.com.ua\/wp-content\/uploads\/2023\/07\/2-1v-kuchnya-studiya-dom-12watermark.jpg\" alt=\"\" width=\"1100\" height=\"619\" srcset=\"https:\/\/asart.com.ua\/wp-content\/uploads\/2023\/07\/2-1v-kuchnya-studiya-dom-12watermark.jpg 1100w, https:\/\/asart.com.ua\/wp-content\/uploads\/2023\/07\/2-1v-kuchnya-studiya-dom-12watermark-300x169.jpg 300w, https:\/\/asart.com.ua\/wp-content\/uploads\/2023\/07\/2-1v-kuchnya-studiya-dom-12watermark-1024x576.jpg 1024w, https:\/\/asart.com.ua\/wp-content\/uploads\/2023\/07\/2-1v-kuchnya-studiya-dom-12watermark-768x432.jpg 768w\" sizes=\"(max-width: 1100px) 100vw, 1100px\" \/><\/a><\/p>\n<p> <a href=\"https:\/\/asart.com.ua\/wp-content\/uploads\/2023\/07\/2-1v-kuchnya-studiya-dom-15watermark.jpg\"><img loading=\"lazy\" decoding=\"async\" class=\"aligncenter size-full wp-image-10068 colorbox-18360\" src=\"https:\/\/asart.com.ua\/wp-content\/uploads\/2023\/07\/2-1v-kuchnya-studiya-dom-15watermark.jpg\" alt=\"\" width=\"1100\" height=\"619\" srcset=\"https:\/\/asart.com.ua\/wp-content\/uploads\/2023\/07\/2-1v-kuchnya-studiya-dom-15watermark.jpg 1100w, https:\/\/asart.com.ua\/wp-content\/uploads\/2023\/07\/2-1v-kuchnya-studiya-dom-15watermark-300x169.jpg 300w, https:\/\/asart.com.ua\/wp-content\/uploads\/2023\/07\/2-1v-kuchnya-studiya-dom-15watermark-1024x576.jpg 1024w, https:\/\/asart.com.ua\/wp-content\/uploads\/2023\/07\/2-1v-kuchnya-studiya-dom-15watermark-768x432.jpg 768w\" sizes=\"(max-width: 1100px) 100vw, 1100px\" \/><\/a><\/p>\n<p> <a href=\"https:\/\/asart.com.ua\/wp-content\/uploads\/2023\/07\/2-1v-kuchnya-studiya-dom-11watermark.jpg\"><img loading=\"lazy\" decoding=\"async\" class=\"aligncenter size-full wp-image-10060 colorbox-18360\" src=\"https:\/\/asart.com.ua\/wp-content\/uploads\/2023\/07\/2-1v-kuchnya-studiya-dom-11watermark.jpg\" alt=\"\" width=\"1100\" height=\"619\" srcset=\"https:\/\/asart.com.ua\/wp-content\/uploads\/2023\/07\/2-1v-kuchnya-studiya-dom-11watermark.jpg 1100w, https:\/\/asart.com.ua\/wp-content\/uploads\/2023\/07\/2-1v-kuchnya-studiya-dom-11watermark-300x169.jpg 300w, https:\/\/asart.com.ua\/wp-content\/uploads\/2023\/07\/2-1v-kuchnya-studiya-dom-11watermark-1024x576.jpg 1024w, https:\/\/asart.com.ua\/wp-content\/uploads\/2023\/07\/2-1v-kuchnya-studiya-dom-11watermark-768x432.jpg 768w\" sizes=\"(max-width: 1100px) 100vw, 1100px\" \/><\/a><\/p>\n<h3> Stylov\u00e9, origin\u00e1ln\u00ed, exkluzivn\u00ed.<\/h3>\n<p> Na\u0161e spole\u010dnost pracuje s jak\u00fdmkoliv stylem. K vytvo\u0159en\u00ed interi\u00e9rov\u00e9ho designu pro domy a chaty obvykle pou\u017e\u00edvaj\u00ed: modern\u00ed styl, klasiku, podkrov\u00ed, minimalismus. V jedn\u00e9 m\u00edstnosti lze kombinovat n\u011bkolik styl\u016f. Ka\u017ed\u00fd styl je ur\u010den pro konkr\u00e9tn\u00ed m\u00edstnost nebo podlahu. V ka\u017ed\u00e9m p\u0159\u00edpad\u011b bude celkov\u00fd obraz m\u00edstnosti kr\u00e1sn\u00fd a zaj\u00edmav\u00fd.<\/p>\n<p> Abyste nepochybovali o modern\u00edm designu interi\u00e9ru vytvo\u0159en\u00e9ho na\u0161\u00edm studiem pro va\u0161i chatu \u010di d\u016fm, m\u016f\u017eete vyu\u017e\u00edt slu\u017ebu 3D vizualizace a pod\u00edvat se, jak bude v\u00e1\u0161 domov po uveden\u00ed projektu vypadat.<\/p>\n","protected":false},"excerpt":{"rendered":"<p>Mnoho obyvatel Charkova a dal\u0161\u00edch ukrajinsk\u00fdch <a class=\"continue_link\" href=\"https:\/\/asart.com.ua\/cs\/design-kottedzhey\/sovremennyj\/\">\u0427\u0438\u0442\u0430\u0442\u044c \u0434\u0430\u043b\u0435\u0435 >><\/a><\/p>\n","protected":false},"author":6,"featured_media":0,"parent":18282,"menu_order":0,"comment_status":"closed","ping_status":"closed","template":"","meta":{"footnotes":""},"acf":[],"aioseo_notices":[],"_links":{"self":[{"href":"https:\/\/asart.com.ua\/cs\/wp-json\/wp\/v2\/pages\/18360"}],"collection":[{"href":"https:\/\/asart.com.ua\/cs\/wp-json\/wp\/v2\/pages"}],"about":[{"href":"https:\/\/asart.com.ua\/cs\/wp-json\/wp\/v2\/types\/page"}],"author":[{"embeddable":true,"href":"https:\/\/asart.com.ua\/cs\/wp-json\/wp\/v2\/users\/6"}],"replies":[{"embeddable":true,"href":"https:\/\/asart.com.ua\/cs\/wp-json\/wp\/v2\/comments?post=18360"}],"version-history":[{"count":1,"href":"https:\/\/asart.com.ua\/cs\/wp-json\/wp\/v2\/pages\/18360\/revisions"}],"predecessor-version":[{"id":18363,"href":"https:\/\/asart.com.ua\/cs\/wp-json\/wp\/v2\/pages\/18360\/revisions\/18363"}],"up":[{"embeddable":true,"href":"https:\/\/asart.com.ua\/cs\/wp-json\/wp\/v2\/pages\/18282"}],"wp:attachment":[{"href":"https:\/\/asart.com.ua\/cs\/wp-json\/wp\/v2\/media?parent=18360"}],"curies":[{"name":"wp","href":"https:\/\/api.w.org\/{rel}","templated":true}]}}