{"id":18354,"date":"2016-06-10T14:21:37","date_gmt":"2016-06-10T11:21:37","guid":{"rendered":"https:\/\/asart.com.ua\/design-kottedzhey\/eksterera-doma\/"},"modified":"2023-11-27T15:21:05","modified_gmt":"2023-11-27T12:21:05","slug":"eksterera-doma","status":"publish","type":"page","link":"https:\/\/asart.com.ua\/cs\/design-kottedzhey\/eksterera-doma\/","title":{"rendered":"Design exteri\u00e9ru domu"},"content":{"rendered":"<p>Na\u0161e spole\u010dnost nab\u00edz\u00ed profesion\u00e1ln\u00ed slu\u017eby pro v\u00fdvoj exteri\u00e9rov\u00e9ho designu, jin\u00fdmi slovy fas\u00e1dy domu v Charkov\u011b. Na sv\u00e9m kont\u011b m\u00e1me mnoho \u00fasp\u011b\u0161n\u011b realizovan\u00fdch projekt\u016f. Na\u0161im klient\u016fm nab\u00edz\u00edme:<\/p>\n<ul>\n<li> zaj\u00edmav\u00e9 designov\u00e9 n\u00e1pady<\/li>\n<li> p\u0159ijateln\u00e9 ceny<\/li>\n<li> vysoce kvalitn\u00ed pr\u00e1ce<\/li>\n<li> rychl\u00e9 obratov\u00e9 \u010dasy<\/li>\n<\/ul>\n<p> Exteri\u00e9rem se rozum\u00ed n\u00e1vrh vn\u011bj\u0161\u00edho vzhledu jak\u00e9koli budovy bez ohledu na jej\u00ed \u00fa\u010del. Pro v\u011bt\u0161inu je zn\u00e1m\u011bj\u0161\u00edm pojmem n\u00e1vrh fas\u00e1dy domu. Tak\u00e9 p\u0159i jeho tvorb\u011b se krom\u011b budovy <strong>bere v \u00favahu p\u0159ilehl\u00e1 oblast, v\u0161echny dom\u00e1cnosti a architektonick\u00e9 budovy<\/strong> .<\/p>\n<p> <a href=\"https:\/\/asart.com.ua\/wp-content\/uploads\/2023\/07\/56-f-3watermark.jpg\"><img loading=\"lazy\" decoding=\"async\" class=\"aligncenter size-full wp-image-10077 colorbox-18354\" src=\"https:\/\/asart.com.ua\/wp-content\/uploads\/2023\/07\/56-f-3watermark.jpg\" alt=\"\" width=\"1100\" height=\"619\" srcset=\"https:\/\/asart.com.ua\/wp-content\/uploads\/2023\/07\/56-f-3watermark.jpg 1100w, https:\/\/asart.com.ua\/wp-content\/uploads\/2023\/07\/56-f-3watermark-300x169.jpg 300w, https:\/\/asart.com.ua\/wp-content\/uploads\/2023\/07\/56-f-3watermark-1024x576.jpg 1024w, https:\/\/asart.com.ua\/wp-content\/uploads\/2023\/07\/56-f-3watermark-768x432.jpg 768w\" sizes=\"(max-width: 1100px) 100vw, 1100px\" \/><\/a><\/p>\n<p> <a href=\"https:\/\/asart.com.ua\/wp-content\/uploads\/2023\/07\/56-f-2watermark.jpg\"><img loading=\"lazy\" decoding=\"async\" class=\"aligncenter size-full wp-image-10075 colorbox-18354\" src=\"https:\/\/asart.com.ua\/wp-content\/uploads\/2023\/07\/56-f-2watermark.jpg\" alt=\"\" width=\"1100\" height=\"619\" srcset=\"https:\/\/asart.com.ua\/wp-content\/uploads\/2023\/07\/56-f-2watermark.jpg 1100w, https:\/\/asart.com.ua\/wp-content\/uploads\/2023\/07\/56-f-2watermark-300x169.jpg 300w, https:\/\/asart.com.ua\/wp-content\/uploads\/2023\/07\/56-f-2watermark-1024x576.jpg 1024w, https:\/\/asart.com.ua\/wp-content\/uploads\/2023\/07\/56-f-2watermark-768x432.jpg 768w\" sizes=\"(max-width: 1100px) 100vw, 1100px\" \/><\/a><\/p>\n<p> <a href=\"https:\/\/asart.com.ua\/wp-content\/uploads\/2022\/11\/arhitekturnyj-proekt-chastnogo-doma-malaya-danilovka-1watermark-.jpg\"><img loading=\"lazy\" decoding=\"async\" class=\"aligncenter  wp-image-9857 colorbox-18354\" src=\"https:\/\/asart.com.ua\/wp-content\/uploads\/2022\/11\/arhitekturnyj-proekt-chastnogo-doma-malaya-danilovka-1watermark-.jpg\" alt=\"\" width=\"1095\" height=\"696\" srcset=\"https:\/\/asart.com.ua\/wp-content\/uploads\/2022\/11\/arhitekturnyj-proekt-chastnogo-doma-malaya-danilovka-1watermark-.jpg 1200w, https:\/\/asart.com.ua\/wp-content\/uploads\/2022\/11\/arhitekturnyj-proekt-chastnogo-doma-malaya-danilovka-1watermark--300x191.jpg 300w, https:\/\/asart.com.ua\/wp-content\/uploads\/2022\/11\/arhitekturnyj-proekt-chastnogo-doma-malaya-danilovka-1watermark--1024x650.jpg 1024w, https:\/\/asart.com.ua\/wp-content\/uploads\/2022\/11\/arhitekturnyj-proekt-chastnogo-doma-malaya-danilovka-1watermark--768x488.jpg 768w, https:\/\/asart.com.ua\/wp-content\/uploads\/2022\/11\/arhitekturnyj-proekt-chastnogo-doma-malaya-danilovka-1watermark--233x147.jpg 233w\" sizes=\"(max-width: 1095px) 100vw, 1095px\" \/><\/a><\/p>\n<p> <a href=\"https:\/\/asart.com.ua\/wp-content\/uploads\/2020\/03\/chastnyj-dom-proekt-3watermark.jpg\"><img loading=\"lazy\" decoding=\"async\" class=\"aligncenter  wp-image-9824 colorbox-18354\" src=\"https:\/\/asart.com.ua\/wp-content\/uploads\/2020\/03\/chastnyj-dom-proekt-3watermark.jpg\" alt=\"\" width=\"1096\" height=\"616\" srcset=\"https:\/\/asart.com.ua\/wp-content\/uploads\/2020\/03\/chastnyj-dom-proekt-3watermark.jpg 1200w, https:\/\/asart.com.ua\/wp-content\/uploads\/2020\/03\/chastnyj-dom-proekt-3watermark-300x169.jpg 300w, https:\/\/asart.com.ua\/wp-content\/uploads\/2020\/03\/chastnyj-dom-proekt-3watermark-1024x576.jpg 1024w, https:\/\/asart.com.ua\/wp-content\/uploads\/2020\/03\/chastnyj-dom-proekt-3watermark-768x432.jpg 768w\" sizes=\"(max-width: 1096px) 100vw, 1096px\" \/><\/a><\/p>\n<p> <a href=\"https:\/\/asart.com.ua\/wp-content\/uploads\/2020\/03\/chastnyj-dom-proekt-7watermark.jpg\"><img loading=\"lazy\" decoding=\"async\" class=\"aligncenter  wp-image-9832 colorbox-18354\" src=\"https:\/\/asart.com.ua\/wp-content\/uploads\/2020\/03\/chastnyj-dom-proekt-7watermark.jpg\" alt=\"\" width=\"1095\" height=\"616\" srcset=\"https:\/\/asart.com.ua\/wp-content\/uploads\/2020\/03\/chastnyj-dom-proekt-7watermark.jpg 1200w, https:\/\/asart.com.ua\/wp-content\/uploads\/2020\/03\/chastnyj-dom-proekt-7watermark-300x169.jpg 300w, https:\/\/asart.com.ua\/wp-content\/uploads\/2020\/03\/chastnyj-dom-proekt-7watermark-1024x576.jpg 1024w, https:\/\/asart.com.ua\/wp-content\/uploads\/2020\/03\/chastnyj-dom-proekt-7watermark-768x432.jpg 768w\" sizes=\"(max-width: 1095px) 100vw, 1095px\" \/><\/a> <a href=\"https:\/\/asart.com.ua\/wp-content\/uploads\/2022\/11\/chastnyj-dom-martovaya-4watermark.jpg\"><img loading=\"lazy\" decoding=\"async\" class=\"aligncenter  wp-image-9844 colorbox-18354\" src=\"https:\/\/asart.com.ua\/wp-content\/uploads\/2022\/11\/chastnyj-dom-martovaya-4watermark.jpg\" alt=\"\" width=\"1080\" height=\"810\" srcset=\"https:\/\/asart.com.ua\/wp-content\/uploads\/2022\/11\/chastnyj-dom-martovaya-4watermark.jpg 1200w, https:\/\/asart.com.ua\/wp-content\/uploads\/2022\/11\/chastnyj-dom-martovaya-4watermark-300x225.jpg 300w, https:\/\/asart.com.ua\/wp-content\/uploads\/2022\/11\/chastnyj-dom-martovaya-4watermark-1024x768.jpg 1024w, https:\/\/asart.com.ua\/wp-content\/uploads\/2022\/11\/chastnyj-dom-martovaya-4watermark-768x576.jpg 768w, https:\/\/asart.com.ua\/wp-content\/uploads\/2022\/11\/chastnyj-dom-martovaya-4watermark-160x120.jpg 160w, https:\/\/asart.com.ua\/wp-content\/uploads\/2022\/11\/chastnyj-dom-martovaya-4watermark-289x217.jpg 289w\" sizes=\"(max-width: 1080px) 100vw, 1080px\" \/><\/a><\/p>\n<h2> Poj\u010fme vytvo\u0159it kr\u00e1sn\u00fd vzhled.<\/h2>\n<p> Exteri\u00e9rov\u00fd design zahrnuje proveden\u00ed designov\u00fdch prac\u00ed jak pro fas\u00e1du domu, tak pro jeho pozemek, p\u0159i\u010dem\u017e v\u0161e se d\u011bje v jedin\u00e9m obecn\u00e9m stylu, ale pokud se pou\u017eije n\u011bkolik styl\u016f, bude v ka\u017ed\u00e9m p\u0159\u00edpad\u011b v\u0161e harmonicky kombinov\u00e1no, plynout a dopl\u0148ovat. Uvid\u00edte gener\u00e1lku:<\/p>\n<ul>\n<li> Kr\u00e1sn\u00e1<\/li>\n<li> harmonick\u00fd<\/li>\n<li> stylov\u00fd<\/li>\n<li> modern\u00ed<\/li>\n<\/ul>\n<p> p\u011bkn\u00fd obr\u00e1zek, kter\u00fd vynikne na pozad\u00ed jin\u00fdch budov a staveb. N\u00e1\u0161 design\u00e9r v\u00e1m po setk\u00e1n\u00ed v dom\u011b, kde bude pr\u00e1ce prob\u00edhat, pom\u016f\u017ee rozhodnout se o stylu a barevn\u00e9m proveden\u00ed. Prov\u00e1d\u00edme design exteri\u00e9ru v jak\u00e9mkoli stylu, m\u016f\u017ee to b\u00fdt: klasick\u00fd, minimalismus a v\u0161echny dal\u0161\u00ed modern\u00ed a m\u00f3dn\u00ed stylov\u00e9 trendy. Krom\u011b kr\u00e1sy a estetiky mus\u00ed b\u00fdt materi\u00e1ly pou\u017eit\u00e9 na zdoben\u00ed fas\u00e1dy vysoce kvalitn\u00ed a praktick\u00e9. <em>Na\u0161i projektanti v\u00e1m pomohou vybrat stavebn\u00ed a dokon\u010dovac\u00ed materi\u00e1ly, kter\u00e9 maj\u00ed zv\u00fd\u0161en\u00e9 ochrann\u00e9 vlastnosti, jako je mrazuvzdornost, odolnost proti vlhkosti, a ochr\u00e1n\u00ed d\u016fm p\u0159ed sluncem a st\u011bny p\u0159ed koroz\u00ed.<\/em><\/p>\n<p> Na\u0161e spole\u010dnost v\u00e1m pomoc\u00ed 3D vizualizace uk\u00e1\u017ee, jak bude po realizaci vytvo\u0159en\u00e9ho n\u00e1vrhu vypadat exteri\u00e9r va\u0161eho domova. P\u0159edb\u011b\u017en\u00e1 vizualizace v\u00e1m d\u00e1 mo\u017enost n\u011bco zm\u011bnit nebo p\u0159idat p\u0159ed zah\u00e1jen\u00edm projek\u010dn\u00edch a rekonstruk\u010dn\u00edch prac\u00ed. M\u016f\u017eete zm\u011bnit styl i barvu, abyste nakonec z\u00edskali fas\u00e1du sv\u00fdch sn\u016f.<\/p>\n<p> <a href=\"https:\/\/asart.com.ua\/wp-content\/uploads\/2022\/11\/proekt-chastnogo-doma-1watermark.jpg\"><img loading=\"lazy\" decoding=\"async\" class=\"aligncenter size-full wp-image-9923 colorbox-18354\" src=\"https:\/\/asart.com.ua\/wp-content\/uploads\/2022\/11\/proekt-chastnogo-doma-1watermark.jpg\" alt=\"\" width=\"1200\" height=\"800\" srcset=\"https:\/\/asart.com.ua\/wp-content\/uploads\/2022\/11\/proekt-chastnogo-doma-1watermark.jpg 1200w, https:\/\/asart.com.ua\/wp-content\/uploads\/2022\/11\/proekt-chastnogo-doma-1watermark-300x200.jpg 300w, https:\/\/asart.com.ua\/wp-content\/uploads\/2022\/11\/proekt-chastnogo-doma-1watermark-1024x683.jpg 1024w, https:\/\/asart.com.ua\/wp-content\/uploads\/2022\/11\/proekt-chastnogo-doma-1watermark-768x512.jpg 768w, https:\/\/asart.com.ua\/wp-content\/uploads\/2022\/11\/proekt-chastnogo-doma-1watermark-240x160.jpg 240w\" sizes=\"(max-width: 1200px) 100vw, 1200px\" \/><\/a> <a href=\"https:\/\/asart.com.ua\/wp-content\/uploads\/2022\/11\/proekt-chastnogo-doma-4watermark.jpg\"><img loading=\"lazy\" decoding=\"async\" class=\"aligncenter size-full wp-image-9929 colorbox-18354\" src=\"https:\/\/asart.com.ua\/wp-content\/uploads\/2022\/11\/proekt-chastnogo-doma-4watermark.jpg\" alt=\"\" width=\"1200\" height=\"800\" srcset=\"https:\/\/asart.com.ua\/wp-content\/uploads\/2022\/11\/proekt-chastnogo-doma-4watermark.jpg 1200w, https:\/\/asart.com.ua\/wp-content\/uploads\/2022\/11\/proekt-chastnogo-doma-4watermark-300x200.jpg 300w, https:\/\/asart.com.ua\/wp-content\/uploads\/2022\/11\/proekt-chastnogo-doma-4watermark-1024x683.jpg 1024w, https:\/\/asart.com.ua\/wp-content\/uploads\/2022\/11\/proekt-chastnogo-doma-4watermark-768x512.jpg 768w, https:\/\/asart.com.ua\/wp-content\/uploads\/2022\/11\/proekt-chastnogo-doma-4watermark-240x160.jpg 240w\" sizes=\"(max-width: 1200px) 100vw, 1200px\" \/><\/a><\/p>\n<h3> Profesion\u00e1ln\u00ed a vysoce kvalitn\u00ed.<\/h3>\n<p> Na\u0161i design\u00e9\u0159i v\u00e1m nab\u00eddnou mnoho zaj\u00edmav\u00fdch a exkluzivn\u00edch n\u00e1pad\u016f ohledn\u011b vytvo\u0159en\u00ed vn\u011bj\u0161\u00edho designu domu v Charkov\u011b. P\u0159i jeho v\u00fdvoji zohled\u0148ujeme ka\u017ed\u00fd detail, stejn\u011b jako v\u0161echna va\u0161e p\u0159\u00e1n\u00ed a po\u017eadavky. Vyu\u017e\u00edt m\u016f\u017eete tak\u00e9 slu\u017ebu dozoru projektanta, co\u017e znamen\u00e1 kontrolu nad realizac\u00ed stavebn\u00edch, oprav\u00e1rensk\u00fdch a projek\u010dn\u00edch prac\u00ed v souladu s vypracovan\u00fdm n\u00e1vrhem exteri\u00e9ru domu.<\/p>\n","protected":false},"excerpt":{"rendered":"<p>Na\u0161e spole\u010dnost nab\u00edz\u00ed profesion\u00e1ln\u00ed slu\u017eby pro <a class=\"continue_link\" href=\"https:\/\/asart.com.ua\/cs\/design-kottedzhey\/eksterera-doma\/\">\u0427\u0438\u0442\u0430\u0442\u044c \u0434\u0430\u043b\u0435\u0435 >><\/a><\/p>\n","protected":false},"author":6,"featured_media":0,"parent":18282,"menu_order":0,"comment_status":"closed","ping_status":"closed","template":"","meta":{"footnotes":""},"acf":[],"aioseo_notices":[],"_links":{"self":[{"href":"https:\/\/asart.com.ua\/cs\/wp-json\/wp\/v2\/pages\/18354"}],"collection":[{"href":"https:\/\/asart.com.ua\/cs\/wp-json\/wp\/v2\/pages"}],"about":[{"href":"https:\/\/asart.com.ua\/cs\/wp-json\/wp\/v2\/types\/page"}],"author":[{"embeddable":true,"href":"https:\/\/asart.com.ua\/cs\/wp-json\/wp\/v2\/users\/6"}],"replies":[{"embeddable":true,"href":"https:\/\/asart.com.ua\/cs\/wp-json\/wp\/v2\/comments?post=18354"}],"version-history":[{"count":1,"href":"https:\/\/asart.com.ua\/cs\/wp-json\/wp\/v2\/pages\/18354\/revisions"}],"predecessor-version":[{"id":18357,"href":"https:\/\/asart.com.ua\/cs\/wp-json\/wp\/v2\/pages\/18354\/revisions\/18357"}],"up":[{"embeddable":true,"href":"https:\/\/asart.com.ua\/cs\/wp-json\/wp\/v2\/pages\/18282"}],"wp:attachment":[{"href":"https:\/\/asart.com.ua\/cs\/wp-json\/wp\/v2\/media?parent=18354"}],"curies":[{"name":"wp","href":"https:\/\/api.w.org\/{rel}","templated":true}]}}