{"id":18348,"date":"2016-06-22T17:00:42","date_gmt":"2016-06-22T14:00:42","guid":{"rendered":"https:\/\/asart.com.ua\/design-kottedzhey\/fasad-zagorodnogo-doma\/"},"modified":"2023-11-24T01:38:38","modified_gmt":"2023-11-23T22:38:38","slug":"fasad-zagorodnogo-doma","status":"publish","type":"page","link":"https:\/\/asart.com.ua\/cs\/design-kottedzhey\/fasad-zagorodnogo-doma\/","title":{"rendered":"N\u00e1vrh fas\u00e1dy venkovsk\u00e9ho domu"},"content":{"rendered":"<p>Fas\u00e1da venkovsk\u00e9ho domu je vizitkou budovy samotn\u00e9 i jej\u00edch majitel\u016f. Jeho vzhled m\u00e1 obrovsk\u00fd vliv na celkov\u00fd prvn\u00ed dojem. Mnoho obyvatel Charkova, Dn\u011bpropetrovska, Kyjeva je pou\u017e\u00edv\u00e1 jako sv\u00e9 hlavn\u00ed bydlen\u00ed, n\u011bkter\u00e9 sez\u00f3nn\u00ed nebo venkovsk\u00e9 domy. Pro vytvo\u0159en\u00ed exteri\u00e9ru:<\/p>\n<ul>\n<li> Kr\u00e1sn\u00e1<\/li>\n<li> stylov\u00fd<\/li>\n<li> modern\u00ed<\/li>\n<li> origin\u00e1l<\/li>\n<li> \u00fatuln\u00fd <\/li>\n<\/ul>\n<p><img loading=\"lazy\" decoding=\"async\" class=\"wp-image-4096 size-full aligncenter colorbox-18348\" src=\"https:\/\/asart.com.ua\/wp-content\/uploads\/2015\/10\/fasad-chastnogo-doma-1watermark.jpg\" alt=\"N\u00e1vrh fas\u00e1dy venkovsk\u00e9ho domu\" width=\"1000\" height=\"667\" srcset=\"https:\/\/asart.com.ua\/wp-content\/uploads\/2015\/10\/fasad-chastnogo-doma-1watermark.jpg 1000w, https:\/\/asart.com.ua\/wp-content\/uploads\/2015\/10\/fasad-chastnogo-doma-1watermark-300x200.jpg 300w, https:\/\/asart.com.ua\/wp-content\/uploads\/2015\/10\/fasad-chastnogo-doma-1watermark-240x160.jpg 240w\" sizes=\"(max-width: 1000px) 100vw, 1000px\" \/><img loading=\"lazy\" decoding=\"async\" class=\"wp-image-4099 size-full aligncenter colorbox-18348\" src=\"https:\/\/asart.com.ua\/wp-content\/uploads\/2015\/10\/fasad-chastnogo-doma-5watermark.jpg\" alt=\"N\u00e1vrhy fas\u00e1d venkovsk\u00fdch dom\u016f\" width=\"1000\" height=\"667\" srcset=\"https:\/\/asart.com.ua\/wp-content\/uploads\/2015\/10\/fasad-chastnogo-doma-5watermark.jpg 1000w, https:\/\/asart.com.ua\/wp-content\/uploads\/2015\/10\/fasad-chastnogo-doma-5watermark-300x200.jpg 300w, https:\/\/asart.com.ua\/wp-content\/uploads\/2015\/10\/fasad-chastnogo-doma-5watermark-240x160.jpg 240w\" sizes=\"(max-width: 1000px) 100vw, 1000px\" \/> <a href=\"https:\/\/asart.com.ua\/wp-content\/uploads\/2022\/11\/chastnyj-dom-martovaya-4watermark.jpg\"><img loading=\"lazy\" decoding=\"async\" class=\"aligncenter  wp-image-9844 colorbox-18348\" src=\"https:\/\/asart.com.ua\/wp-content\/uploads\/2022\/11\/chastnyj-dom-martovaya-4watermark.jpg\" alt=\"\" width=\"999\" height=\"749\" srcset=\"https:\/\/asart.com.ua\/wp-content\/uploads\/2022\/11\/chastnyj-dom-martovaya-4watermark.jpg 1200w, https:\/\/asart.com.ua\/wp-content\/uploads\/2022\/11\/chastnyj-dom-martovaya-4watermark-300x225.jpg 300w, https:\/\/asart.com.ua\/wp-content\/uploads\/2022\/11\/chastnyj-dom-martovaya-4watermark-1024x768.jpg 1024w, https:\/\/asart.com.ua\/wp-content\/uploads\/2022\/11\/chastnyj-dom-martovaya-4watermark-768x576.jpg 768w, https:\/\/asart.com.ua\/wp-content\/uploads\/2022\/11\/chastnyj-dom-martovaya-4watermark-160x120.jpg 160w, https:\/\/asart.com.ua\/wp-content\/uploads\/2022\/11\/chastnyj-dom-martovaya-4watermark-289x217.jpg 289w\" sizes=\"(max-width: 999px) 100vw, 999px\" \/><\/a><\/p>\n<p> <a href=\"https:\/\/asart.com.ua\/wp-content\/uploads\/2022\/11\/chastnyj-dom-martovaya-2watermark.jpg\"><img loading=\"lazy\" decoding=\"async\" class=\"aligncenter  wp-image-9840 colorbox-18348\" src=\"https:\/\/asart.com.ua\/wp-content\/uploads\/2022\/11\/chastnyj-dom-martovaya-2watermark.jpg\" alt=\"\" width=\"997\" height=\"748\" srcset=\"https:\/\/asart.com.ua\/wp-content\/uploads\/2022\/11\/chastnyj-dom-martovaya-2watermark.jpg 1200w, https:\/\/asart.com.ua\/wp-content\/uploads\/2022\/11\/chastnyj-dom-martovaya-2watermark-300x225.jpg 300w, https:\/\/asart.com.ua\/wp-content\/uploads\/2022\/11\/chastnyj-dom-martovaya-2watermark-1024x768.jpg 1024w, https:\/\/asart.com.ua\/wp-content\/uploads\/2022\/11\/chastnyj-dom-martovaya-2watermark-768x576.jpg 768w, https:\/\/asart.com.ua\/wp-content\/uploads\/2022\/11\/chastnyj-dom-martovaya-2watermark-160x120.jpg 160w, https:\/\/asart.com.ua\/wp-content\/uploads\/2022\/11\/chastnyj-dom-martovaya-2watermark-289x217.jpg 289w\" sizes=\"(max-width: 997px) 100vw, 997px\" \/><\/a> <a href=\"https:\/\/asart.com.ua\/wp-content\/uploads\/2022\/11\/chastnyj-dom-martovaya-5watermark.jpg\"><img loading=\"lazy\" decoding=\"async\" class=\"aligncenter  wp-image-9846 colorbox-18348\" src=\"https:\/\/asart.com.ua\/wp-content\/uploads\/2022\/11\/chastnyj-dom-martovaya-5watermark.jpg\" alt=\"\" width=\"1003\" height=\"752\" srcset=\"https:\/\/asart.com.ua\/wp-content\/uploads\/2022\/11\/chastnyj-dom-martovaya-5watermark.jpg 1200w, https:\/\/asart.com.ua\/wp-content\/uploads\/2022\/11\/chastnyj-dom-martovaya-5watermark-300x225.jpg 300w, https:\/\/asart.com.ua\/wp-content\/uploads\/2022\/11\/chastnyj-dom-martovaya-5watermark-1024x768.jpg 1024w, https:\/\/asart.com.ua\/wp-content\/uploads\/2022\/11\/chastnyj-dom-martovaya-5watermark-768x576.jpg 768w, https:\/\/asart.com.ua\/wp-content\/uploads\/2022\/11\/chastnyj-dom-martovaya-5watermark-160x120.jpg 160w, https:\/\/asart.com.ua\/wp-content\/uploads\/2022\/11\/chastnyj-dom-martovaya-5watermark-289x217.jpg 289w\" sizes=\"(max-width: 1003px) 100vw, 1003px\" \/><\/a><\/p>\n<h2> Rychl\u00e9 proveden\u00ed projek\u010dn\u00ed pr\u00e1ce.<\/h2>\n<p> Se stavebn\u00edmi a rekonstruk\u010dn\u00edmi pracemi si nevysta\u010d\u00edte. V ka\u017ed\u00e9m p\u0159\u00edpad\u011b budou vy\u017eadov\u00e1ny projek\u010dn\u00ed pr\u00e1ce. Chcete-li vytvo\u0159it jedine\u010dn\u00fd a exkluzivn\u00ed design fas\u00e1dy venkovsk\u00e9ho domu, mus\u00edte p\u0159il\u00e1kat specialisty. Na\u0161e studio v Charkov\u011b poskytuje designov\u00e9 slu\u017eby na profesion\u00e1ln\u00ed \u00farovni za nejdostupn\u011bj\u0161\u00ed cenu. Plocha budovy a jej\u00ed stav pro n\u00e1s nez\u00e1le\u017e\u00ed.<\/p>\n<p> N\u00e1vrh fas\u00e1dy venkovsk\u00e9ho domu, krom\u011b vn\u011bj\u0161\u00ed kr\u00e1sy a atraktivity, by m\u011bl b\u00fdt jakousi ochranou budovy p\u0159ed vlivem vn\u011bj\u0161\u00edho prost\u0159ed\u00ed. To znamen\u00e1, \u017ee ve f\u00e1zi vypracov\u00e1n\u00ed projektu projektant na\u0161\u00ed spole\u010dnosti <strong>vybere vysoce kvalitn\u00ed opravn\u00e9 a dokon\u010dovac\u00ed materi\u00e1ly, kter\u00e9 zabr\u00e1n\u00ed korozi, budou odoln\u00e9 v\u016f\u010di vlhkosti a ultrafialov\u00fdm paprsk\u016fm a tak\u00e9 izoluj\u00ed m\u00edstnost a jsou netoxick\u00e9.<\/strong> .<\/p>\n<p> V\u00fdvoj designu fas\u00e1dy venkovsk\u00e9ho domu vy\u017eaduje odpov\u011bdnost a seri\u00f3znost. Design\u00e9\u0159i studia se sejdou se z\u00e1kazn\u00edkem p\u0159\u00edmo na m\u00edst\u011b, kde budou projek\u010dn\u00ed pr\u00e1ce realizov\u00e1ny. P\u0159i sch\u016fzce se zvol\u00ed styl a barva, ur\u010d\u00ed se obkladov\u00e9 materi\u00e1ly a vypo\u010d\u00edt\u00e1 se jejich mno\u017estv\u00ed. K dekoraci st\u011bn budovy lze pou\u017e\u00edt n\u00e1sleduj\u00edc\u00ed materi\u00e1ly:<\/p>\n<ul>\n<li> vle\u010dka<\/li>\n<li> cihlov\u00fd<\/li>\n<li> om\u00edtka pro dekoraci<\/li>\n<li> k\u00e1men<\/li>\n<li> dla\u017edice<\/li>\n<\/ul>\n<p> a dal\u0161\u00ed, na\u0161e spole\u010dnost pracuje s jak\u00fdmkoliv obkladov\u00fdm materi\u00e1lem na va\u0161e p\u0159\u00e1n\u00ed. M\u016f\u017eete pou\u017e\u00edt jeden typ, nebo je m\u016f\u017eete kombinovat. Tot\u00e9\u017e plat\u00ed pro styly, ve kter\u00fdch m\u016f\u017ee b\u00fdt zdobena fas\u00e1da venkovsk\u00e9ho domu. Design\u00e9r pro v\u00e1s p\u0159iprav\u00ed n\u011bkolik designov\u00fdch projekt\u016f v r\u016fzn\u00fdch stylech a barv\u00e1ch, abyste si mohli vybrat ten, kter\u00fd nejl\u00e9pe vyhovuje va\u0161im po\u017eadavk\u016fm.<\/p>\n<p> <a href=\"https:\/\/asart.com.ua\/wp-content\/uploads\/2022\/11\/arhitekturnyj-proekt-chastnogo-doma-malaya-danilovka-1watermark-.jpg\"><img loading=\"lazy\" decoding=\"async\" class=\"aligncenter size-full wp-image-9857 colorbox-18348\" src=\"https:\/\/asart.com.ua\/wp-content\/uploads\/2022\/11\/arhitekturnyj-proekt-chastnogo-doma-malaya-danilovka-1watermark-.jpg\" alt=\"\" width=\"1200\" height=\"762\" srcset=\"https:\/\/asart.com.ua\/wp-content\/uploads\/2022\/11\/arhitekturnyj-proekt-chastnogo-doma-malaya-danilovka-1watermark-.jpg 1200w, https:\/\/asart.com.ua\/wp-content\/uploads\/2022\/11\/arhitekturnyj-proekt-chastnogo-doma-malaya-danilovka-1watermark--300x191.jpg 300w, https:\/\/asart.com.ua\/wp-content\/uploads\/2022\/11\/arhitekturnyj-proekt-chastnogo-doma-malaya-danilovka-1watermark--1024x650.jpg 1024w, https:\/\/asart.com.ua\/wp-content\/uploads\/2022\/11\/arhitekturnyj-proekt-chastnogo-doma-malaya-danilovka-1watermark--768x488.jpg 768w, https:\/\/asart.com.ua\/wp-content\/uploads\/2022\/11\/arhitekturnyj-proekt-chastnogo-doma-malaya-danilovka-1watermark--233x147.jpg 233w\" sizes=\"(max-width: 1200px) 100vw, 1200px\" \/><\/a> <a href=\"https:\/\/asart.com.ua\/wp-content\/uploads\/2022\/11\/arhitekturnyj-proekt-chastnogo-doma-malaya-danilovka-5watermark-.jpg\"><img loading=\"lazy\" decoding=\"async\" class=\"aligncenter size-full wp-image-9865 colorbox-18348\" src=\"https:\/\/asart.com.ua\/wp-content\/uploads\/2022\/11\/arhitekturnyj-proekt-chastnogo-doma-malaya-danilovka-5watermark-.jpg\" alt=\"\" width=\"1200\" height=\"765\" srcset=\"https:\/\/asart.com.ua\/wp-content\/uploads\/2022\/11\/arhitekturnyj-proekt-chastnogo-doma-malaya-danilovka-5watermark-.jpg 1200w, https:\/\/asart.com.ua\/wp-content\/uploads\/2022\/11\/arhitekturnyj-proekt-chastnogo-doma-malaya-danilovka-5watermark--300x191.jpg 300w, https:\/\/asart.com.ua\/wp-content\/uploads\/2022\/11\/arhitekturnyj-proekt-chastnogo-doma-malaya-danilovka-5watermark--1024x653.jpg 1024w, https:\/\/asart.com.ua\/wp-content\/uploads\/2022\/11\/arhitekturnyj-proekt-chastnogo-doma-malaya-danilovka-5watermark--768x490.jpg 768w\" sizes=\"(max-width: 1200px) 100vw, 1200px\" \/><\/a> <a href=\"https:\/\/asart.com.ua\/wp-content\/uploads\/2022\/11\/arhitekturnyj-proekt-chastnogo-doma-malaya-danilovka-4watermark-.jpg\"><img loading=\"lazy\" decoding=\"async\" class=\"aligncenter size-full wp-image-9863 colorbox-18348\" src=\"https:\/\/asart.com.ua\/wp-content\/uploads\/2022\/11\/arhitekturnyj-proekt-chastnogo-doma-malaya-danilovka-4watermark-.jpg\" alt=\"\" width=\"1200\" height=\"764\" srcset=\"https:\/\/asart.com.ua\/wp-content\/uploads\/2022\/11\/arhitekturnyj-proekt-chastnogo-doma-malaya-danilovka-4watermark-.jpg 1200w, https:\/\/asart.com.ua\/wp-content\/uploads\/2022\/11\/arhitekturnyj-proekt-chastnogo-doma-malaya-danilovka-4watermark--300x191.jpg 300w, https:\/\/asart.com.ua\/wp-content\/uploads\/2022\/11\/arhitekturnyj-proekt-chastnogo-doma-malaya-danilovka-4watermark--1024x652.jpg 1024w, https:\/\/asart.com.ua\/wp-content\/uploads\/2022\/11\/arhitekturnyj-proekt-chastnogo-doma-malaya-danilovka-4watermark--768x489.jpg 768w, https:\/\/asart.com.ua\/wp-content\/uploads\/2022\/11\/arhitekturnyj-proekt-chastnogo-doma-malaya-danilovka-4watermark--233x147.jpg 233w\" sizes=\"(max-width: 1200px) 100vw, 1200px\" \/><\/a><\/p>\n<h3> P\u0159edb\u011b\u017en\u00e1 vizualizace projektu.<\/h3>\n<p> Pro rozpt\u00fdlen\u00ed va\u0161ich kone\u010dn\u00fdch pochybnost\u00ed o vzhledu fas\u00e1dy venkovsk\u00e9ho domu doporu\u010dujeme vyu\u017e\u00edt slu\u017ebu 3D vizualizace, kter\u00e1 uk\u00e1\u017ee, jak bude v\u00e1\u0161 domov vypadat po realizaci vypracovan\u00e9ho n\u00e1vrhu. Vizualizace <em>umo\u017e\u0148uje prov\u00e1d\u011bt zm\u011bny a \u00fapravy p\u0159ed zah\u00e1jen\u00edm pr\u00e1ce<\/em> .<\/p>\n<p> Na\u0161e studio vypracuje individu\u00e1ln\u00ed design pro klienty z Kyjeva, Charkova, Dn\u011bpropetrovska za nejlep\u0161\u00ed cenu.<\/p>\n","protected":false},"excerpt":{"rendered":"<p>Fas\u00e1da venkovsk\u00e9ho domu je vizitkou budovy <a class=\"continue_link\" href=\"https:\/\/asart.com.ua\/cs\/design-kottedzhey\/fasad-zagorodnogo-doma\/\">\u0427\u0438\u0442\u0430\u0442\u044c \u0434\u0430\u043b\u0435\u0435 >><\/a><\/p>\n","protected":false},"author":6,"featured_media":0,"parent":18282,"menu_order":0,"comment_status":"closed","ping_status":"closed","template":"","meta":{"footnotes":""},"acf":[],"aioseo_notices":[],"_links":{"self":[{"href":"https:\/\/asart.com.ua\/cs\/wp-json\/wp\/v2\/pages\/18348"}],"collection":[{"href":"https:\/\/asart.com.ua\/cs\/wp-json\/wp\/v2\/pages"}],"about":[{"href":"https:\/\/asart.com.ua\/cs\/wp-json\/wp\/v2\/types\/page"}],"author":[{"embeddable":true,"href":"https:\/\/asart.com.ua\/cs\/wp-json\/wp\/v2\/users\/6"}],"replies":[{"embeddable":true,"href":"https:\/\/asart.com.ua\/cs\/wp-json\/wp\/v2\/comments?post=18348"}],"version-history":[{"count":1,"href":"https:\/\/asart.com.ua\/cs\/wp-json\/wp\/v2\/pages\/18348\/revisions"}],"predecessor-version":[{"id":18351,"href":"https:\/\/asart.com.ua\/cs\/wp-json\/wp\/v2\/pages\/18348\/revisions\/18351"}],"up":[{"embeddable":true,"href":"https:\/\/asart.com.ua\/cs\/wp-json\/wp\/v2\/pages\/18282"}],"wp:attachment":[{"href":"https:\/\/asart.com.ua\/cs\/wp-json\/wp\/v2\/media?parent=18348"}],"curies":[{"name":"wp","href":"https:\/\/api.w.org\/{rel}","templated":true}]}}