{"id":18342,"date":"2016-06-10T14:02:47","date_gmt":"2016-06-10T11:02:47","guid":{"rendered":"https:\/\/asart.com.ua\/design-kottedzhey\/fasada-doma\/"},"modified":"2023-11-24T01:37:46","modified_gmt":"2023-11-23T22:37:46","slug":"fasada-doma","status":"publish","type":"page","link":"https:\/\/asart.com.ua\/cs\/design-kottedzhey\/fasada-doma\/","title":{"rendered":"N\u00e1vrh fas\u00e1dy domu"},"content":{"rendered":"<p>Tv\u00e1\u0159\u00ed ka\u017ed\u00e9ho domu je jeho fas\u00e1da. Je to ostatn\u011b on, kdo ovliv\u0148uje prvn\u00ed dojem jak z budovy jako celku, tak i z jej\u00edch majitel\u016f. Proto by v\u017edy m\u011blo b\u00fdt:<\/p>\n<ul>\n<li> Kr\u00e1sn\u00e1<\/li>\n<li> dob\u0159e upraven\u00fd<\/li>\n<li> modern\u00ed<\/li>\n<\/ul>\n<p> toho lze dos\u00e1hnout profesion\u00e1ln\u00edm designem. Je v\u0161ak t\u0159eba m\u00edt na pam\u011bti, \u017ee krom\u011b vzhledu mus\u00ed b\u00fdt v\u0161echny projek\u010dn\u00ed a oprav\u00e1rensk\u00e9 pr\u00e1ce prov\u00e1d\u011bny s ohledem na vliv prost\u0159ed\u00ed. Aby fas\u00e1da va\u0161eho domu mohla z\u016fstat atraktivn\u00ed po dlouhou dobu a nebyla ovlivn\u011bna pov\u011btrnostn\u00edmi vlivy. <\/p>\n<p><img loading=\"lazy\" decoding=\"async\" class=\"aligncenter wp-image-4097 size-full colorbox-18342\" src=\"https:\/\/asart.com.ua\/wp-content\/uploads\/2015\/10\/fasad-chastnogo-doma-3watermark.jpg\" alt=\"N\u00e1vrh fas\u00e1dy domu\" width=\"1000\" height=\"667\" srcset=\"https:\/\/asart.com.ua\/wp-content\/uploads\/2015\/10\/fasad-chastnogo-doma-3watermark.jpg 1000w, https:\/\/asart.com.ua\/wp-content\/uploads\/2015\/10\/fasad-chastnogo-doma-3watermark-300x200.jpg 300w, https:\/\/asart.com.ua\/wp-content\/uploads\/2015\/10\/fasad-chastnogo-doma-3watermark-240x160.jpg 240w\" sizes=\"(max-width: 1000px) 100vw, 1000px\" \/><\/p>\n<p> <a href=\"https:\/\/asart.com.ua\/wp-content\/uploads\/2016\/10\/fasad-chastnogo-doma-4watermark.jpg\"><img loading=\"lazy\" decoding=\"async\" class=\"aligncenter size-full wp-image-5013 colorbox-18342\" src=\"https:\/\/asart.com.ua\/wp-content\/uploads\/2016\/10\/fasad-chastnogo-doma-4watermark.jpg\" alt=\"\" width=\"1000\" height=\"750\" srcset=\"https:\/\/asart.com.ua\/wp-content\/uploads\/2016\/10\/fasad-chastnogo-doma-4watermark.jpg 1000w, https:\/\/asart.com.ua\/wp-content\/uploads\/2016\/10\/fasad-chastnogo-doma-4watermark-300x225.jpg 300w, https:\/\/asart.com.ua\/wp-content\/uploads\/2016\/10\/fasad-chastnogo-doma-4watermark-768x576.jpg 768w, https:\/\/asart.com.ua\/wp-content\/uploads\/2016\/10\/fasad-chastnogo-doma-4watermark-160x120.jpg 160w, https:\/\/asart.com.ua\/wp-content\/uploads\/2016\/10\/fasad-chastnogo-doma-4watermark-289x217.jpg 289w\" sizes=\"(max-width: 1000px) 100vw, 1000px\" \/><\/a> <\/p>\n<p><img loading=\"lazy\" decoding=\"async\" class=\"aligncenter wp-image-4099 size-full colorbox-18342\" src=\"https:\/\/asart.com.ua\/wp-content\/uploads\/2015\/10\/fasad-chastnogo-doma-5watermark.jpg\" alt=\"N\u00e1vrh fas\u00e1dy domu\" width=\"1000\" height=\"667\" srcset=\"https:\/\/asart.com.ua\/wp-content\/uploads\/2015\/10\/fasad-chastnogo-doma-5watermark.jpg 1000w, https:\/\/asart.com.ua\/wp-content\/uploads\/2015\/10\/fasad-chastnogo-doma-5watermark-300x200.jpg 300w, https:\/\/asart.com.ua\/wp-content\/uploads\/2015\/10\/fasad-chastnogo-doma-5watermark-240x160.jpg 240w\" sizes=\"(max-width: 1000px) 100vw, 1000px\" \/><img loading=\"lazy\" decoding=\"async\" class=\"aligncenter wp-image-4096 size-full colorbox-18342\" src=\"https:\/\/asart.com.ua\/wp-content\/uploads\/2015\/10\/fasad-chastnogo-doma-1watermark.jpg\" alt=\"N\u00e1vrh fas\u00e1dy chaty\" width=\"1000\" height=\"667\" srcset=\"https:\/\/asart.com.ua\/wp-content\/uploads\/2015\/10\/fasad-chastnogo-doma-1watermark.jpg 1000w, https:\/\/asart.com.ua\/wp-content\/uploads\/2015\/10\/fasad-chastnogo-doma-1watermark-300x200.jpg 300w, https:\/\/asart.com.ua\/wp-content\/uploads\/2015\/10\/fasad-chastnogo-doma-1watermark-240x160.jpg 240w\" sizes=\"(max-width: 1000px) 100vw, 1000px\" \/><\/p>\n<p> <a href=\"https:\/\/asart.com.ua\/wp-content\/uploads\/2016\/10\/fasad-chastnogo-doma-2watermark.jpg\"><img loading=\"lazy\" decoding=\"async\" class=\"aligncenter size-full wp-image-5009 colorbox-18342\" src=\"https:\/\/asart.com.ua\/wp-content\/uploads\/2016\/10\/fasad-chastnogo-doma-2watermark.jpg\" alt=\"\" width=\"1000\" height=\"750\" srcset=\"https:\/\/asart.com.ua\/wp-content\/uploads\/2016\/10\/fasad-chastnogo-doma-2watermark.jpg 1000w, https:\/\/asart.com.ua\/wp-content\/uploads\/2016\/10\/fasad-chastnogo-doma-2watermark-300x225.jpg 300w, https:\/\/asart.com.ua\/wp-content\/uploads\/2016\/10\/fasad-chastnogo-doma-2watermark-768x576.jpg 768w, https:\/\/asart.com.ua\/wp-content\/uploads\/2016\/10\/fasad-chastnogo-doma-2watermark-160x120.jpg 160w, https:\/\/asart.com.ua\/wp-content\/uploads\/2016\/10\/fasad-chastnogo-doma-2watermark-289x217.jpg 289w\" sizes=\"(max-width: 1000px) 100vw, 1000px\" \/><\/a><\/p>\n<h2> Kr\u00e1sa a funk\u010dnost.<\/h2>\n<p> Na\u0161e spole\u010dnost m\u00e1 dlouholet\u00e9 zku\u0161enosti s v\u00fdvojem designu fas\u00e1d dom\u016f a chat za p\u0159ijatelnou cenu v Charkov\u011b. <strong>Na\u0161i projektanti v\u00e1m pomohou vybrat materi\u00e1ly pro povrchovou \u00fapravu, kter\u00e9 odolaj\u00ed jak siln\u00fdm mraz\u016fm, tak vysok\u00fdm teplot\u00e1m slunce, poslou\u017e\u00ed tak\u00e9 jako spolehliv\u00e1 izolace budovy, chr\u00e1n\u00ed st\u011bny p\u0159ed vlhkost\u00ed, zabra\u0148uj\u00ed tvorb\u011b koroze atd.<\/strong> P\u0159i na\u0161\u00ed pr\u00e1ci pou\u017e\u00edv\u00e1me pouze kvalitn\u00ed dokon\u010dovac\u00ed materi\u00e1ly, kter\u00e9 jsou netoxick\u00e9, a proto ne\u0161kod\u00ed.<\/p>\n<p> Pro vytvo\u0159en\u00ed:<\/p>\n<ul>\n<li> unik\u00e1tn\u00ed<\/li>\n<li> unik\u00e1tn\u00ed<\/li>\n<\/ul>\n<p> Design\u00e9\u0159i fas\u00e1d firmy se s V\u00e1mi setk\u00e1vaj\u00ed p\u0159\u00edmo v dom\u011b \u010di chalup\u011b, kde budou pr\u00e1ce prov\u00e1d\u011bny. To je nezbytn\u00e9 pro zji\u0161t\u011bn\u00ed stavu budovy a rozhodnut\u00ed o pot\u0159ebn\u00e9m souboru projek\u010dn\u00edch a oprav\u00e1rensk\u00fdch prac\u00ed, jsou tak\u00e9 provedena nezbytn\u00e1 m\u011b\u0159en\u00ed a vyjasn\u011bny va\u0161e po\u017eadavky na budouc\u00ed vzhled. B\u011bhem setk\u00e1n\u00ed n\u00e1vrh\u00e1\u0159 vybere styl, barevn\u00e9 sch\u00e9ma a dekorativn\u00ed prvky.<\/p>\n<p> Pokud jde o styl, na\u0161e spole\u010dnost dok\u00e1\u017ee vyvinout design fas\u00e1dy v jak\u00e9mkoli stylu, od klasick\u00e9ho po modern\u00ed. Je tak\u00e9 mo\u017en\u00e1 harmonick\u00e1 kombinace n\u011bkolika styl\u016f. Pokud chcete vid\u011bt, jak bude v\u00e1\u0161 d\u016fm \u010di chata vypadat po projek\u010dn\u00ed pr\u00e1ci, na\u0161i design\u00e9\u0159i v\u00e1m nab\u00edzej\u00ed slu\u017ebu 3D vizualizace. Vizualizace objektu ve dne i v noci umo\u017e\u0148uje prov\u00e1d\u011bt zm\u011bny ji\u017e ve f\u00e1zi n\u00e1vrhu.<\/p>\n<p> <a href=\"https:\/\/asart.com.ua\/wp-content\/uploads\/2023\/07\/2-1v-kuchnya-studiya-dom-7watermark.jpg\"><img loading=\"lazy\" decoding=\"async\" class=\"aligncenter size-full wp-image-10052 colorbox-18342\" src=\"https:\/\/asart.com.ua\/wp-content\/uploads\/2023\/07\/2-1v-kuchnya-studiya-dom-7watermark.jpg\" alt=\"\" width=\"1100\" height=\"619\" srcset=\"https:\/\/asart.com.ua\/wp-content\/uploads\/2023\/07\/2-1v-kuchnya-studiya-dom-7watermark.jpg 1100w, https:\/\/asart.com.ua\/wp-content\/uploads\/2023\/07\/2-1v-kuchnya-studiya-dom-7watermark-300x169.jpg 300w, https:\/\/asart.com.ua\/wp-content\/uploads\/2023\/07\/2-1v-kuchnya-studiya-dom-7watermark-1024x576.jpg 1024w, https:\/\/asart.com.ua\/wp-content\/uploads\/2023\/07\/2-1v-kuchnya-studiya-dom-7watermark-768x432.jpg 768w\" sizes=\"(max-width: 1100px) 100vw, 1100px\" \/><\/a> <a href=\"https:\/\/asart.com.ua\/wp-content\/uploads\/2023\/07\/2-1v-kuchnya-studiya-dom-5watermark.jpg\"><img loading=\"lazy\" decoding=\"async\" class=\"aligncenter size-full wp-image-10050 colorbox-18342\" src=\"https:\/\/asart.com.ua\/wp-content\/uploads\/2023\/07\/2-1v-kuchnya-studiya-dom-5watermark.jpg\" alt=\"\" width=\"1100\" height=\"619\" srcset=\"https:\/\/asart.com.ua\/wp-content\/uploads\/2023\/07\/2-1v-kuchnya-studiya-dom-5watermark.jpg 1100w, https:\/\/asart.com.ua\/wp-content\/uploads\/2023\/07\/2-1v-kuchnya-studiya-dom-5watermark-300x169.jpg 300w, https:\/\/asart.com.ua\/wp-content\/uploads\/2023\/07\/2-1v-kuchnya-studiya-dom-5watermark-1024x576.jpg 1024w, https:\/\/asart.com.ua\/wp-content\/uploads\/2023\/07\/2-1v-kuchnya-studiya-dom-5watermark-768x432.jpg 768w\" sizes=\"(max-width: 1100px) 100vw, 1100px\" \/><\/a> <a href=\"https:\/\/asart.com.ua\/wp-content\/uploads\/2023\/07\/kuhnya-studiya-dom-63-12watermark.jpg\"><img loading=\"lazy\" decoding=\"async\" class=\"aligncenter size-full wp-image-10118 colorbox-18342\" src=\"https:\/\/asart.com.ua\/wp-content\/uploads\/2023\/07\/kuhnya-studiya-dom-63-12watermark.jpg\" alt=\"\" width=\"1100\" height=\"619\" srcset=\"https:\/\/asart.com.ua\/wp-content\/uploads\/2023\/07\/kuhnya-studiya-dom-63-12watermark.jpg 1100w, https:\/\/asart.com.ua\/wp-content\/uploads\/2023\/07\/kuhnya-studiya-dom-63-12watermark-300x169.jpg 300w, https:\/\/asart.com.ua\/wp-content\/uploads\/2023\/07\/kuhnya-studiya-dom-63-12watermark-1024x576.jpg 1024w, https:\/\/asart.com.ua\/wp-content\/uploads\/2023\/07\/kuhnya-studiya-dom-63-12watermark-768x432.jpg 768w\" sizes=\"(max-width: 1100px) 100vw, 1100px\" \/><\/a> <a href=\"https:\/\/asart.com.ua\/wp-content\/uploads\/2023\/07\/kuhnya-studiya-dom-63-14watermark.jpg\"><img loading=\"lazy\" decoding=\"async\" class=\"aligncenter size-full wp-image-10122 colorbox-18342\" src=\"https:\/\/asart.com.ua\/wp-content\/uploads\/2023\/07\/kuhnya-studiya-dom-63-14watermark.jpg\" alt=\"\" width=\"1100\" height=\"600\" srcset=\"https:\/\/asart.com.ua\/wp-content\/uploads\/2023\/07\/kuhnya-studiya-dom-63-14watermark.jpg 1100w, https:\/\/asart.com.ua\/wp-content\/uploads\/2023\/07\/kuhnya-studiya-dom-63-14watermark-300x164.jpg 300w, https:\/\/asart.com.ua\/wp-content\/uploads\/2023\/07\/kuhnya-studiya-dom-63-14watermark-1024x559.jpg 1024w, https:\/\/asart.com.ua\/wp-content\/uploads\/2023\/07\/kuhnya-studiya-dom-63-14watermark-768x419.jpg 768w\" sizes=\"(max-width: 1100px) 100vw, 1100px\" \/><\/a><\/p>\n<h3> Kvalita a profesionalita.<\/h3>\n<p> P\u0159i tvorb\u011b projektu fas\u00e1dn\u00edho designu se vyv\u00edjej\u00ed n\u00e1\u010drty vybran\u00fdch vzor\u016f a dekorativn\u00edch prvk\u016f, kresl\u00ed se n\u00e1kresy schod\u016f a z\u00e1bradl\u00ed a zvl\u00e1\u0161tn\u00ed roli hraje i osv\u011btlen\u00ed domu nebo chaty. Na\u0161i design\u00e9\u0159i <em>mohou vytvo\u0159it r\u016fzn\u00e9 sloupy, sochy, v\u00fdklenky, ozdobn\u00e9 podp\u011bry a r\u016fzn\u00e9 vy\u010dn\u00edvaj\u00edc\u00ed architektonick\u00e9 prvky<\/em> . Ozdobte v\u0161e malbou, ornamentem, um\u011bleckou malbou.<\/p>\n<p> N\u00e1vrh\u00e1\u0159i spole\u010dnosti v\u00e1m nab\u00eddnou mnoho zaj\u00edmav\u00fdch n\u00e1pad\u016f pro n\u00e1vrh fas\u00e1dy. Po dokon\u010den\u00ed v\u0161ech prac\u00ed bude v\u00e1\u0161 d\u016fm nebo chalupa t\u00edm nejkr\u00e1sn\u011bj\u0161\u00edm, kter\u00fd vynikne mezi ostatn\u00edmi stavbami modern\u00edho vzhledu.<\/p>\n","protected":false},"excerpt":{"rendered":"<p>Tv\u00e1\u0159\u00ed ka\u017ed\u00e9ho domu je jeho fas\u00e1da. <a class=\"continue_link\" href=\"https:\/\/asart.com.ua\/cs\/design-kottedzhey\/fasada-doma\/\">\u0427\u0438\u0442\u0430\u0442\u044c \u0434\u0430\u043b\u0435\u0435 >><\/a><\/p>\n","protected":false},"author":6,"featured_media":0,"parent":18282,"menu_order":0,"comment_status":"closed","ping_status":"closed","template":"","meta":{"footnotes":""},"acf":[],"aioseo_notices":[],"_links":{"self":[{"href":"https:\/\/asart.com.ua\/cs\/wp-json\/wp\/v2\/pages\/18342"}],"collection":[{"href":"https:\/\/asart.com.ua\/cs\/wp-json\/wp\/v2\/pages"}],"about":[{"href":"https:\/\/asart.com.ua\/cs\/wp-json\/wp\/v2\/types\/page"}],"author":[{"embeddable":true,"href":"https:\/\/asart.com.ua\/cs\/wp-json\/wp\/v2\/users\/6"}],"replies":[{"embeddable":true,"href":"https:\/\/asart.com.ua\/cs\/wp-json\/wp\/v2\/comments?post=18342"}],"version-history":[{"count":1,"href":"https:\/\/asart.com.ua\/cs\/wp-json\/wp\/v2\/pages\/18342\/revisions"}],"predecessor-version":[{"id":18345,"href":"https:\/\/asart.com.ua\/cs\/wp-json\/wp\/v2\/pages\/18342\/revisions\/18345"}],"up":[{"embeddable":true,"href":"https:\/\/asart.com.ua\/cs\/wp-json\/wp\/v2\/pages\/18282"}],"wp:attachment":[{"href":"https:\/\/asart.com.ua\/cs\/wp-json\/wp\/v2\/media?parent=18342"}],"curies":[{"name":"wp","href":"https:\/\/api.w.org\/{rel}","templated":true}]}}