{"id":18336,"date":"2017-07-03T10:18:36","date_gmt":"2017-07-03T07:18:36","guid":{"rendered":"https:\/\/asart.com.ua\/design-kottedzhey\/proekt-kottedzha\/"},"modified":"2023-11-27T15:19:22","modified_gmt":"2023-11-27T12:19:22","slug":"proekt-kottedzha","status":"publish","type":"page","link":"https:\/\/asart.com.ua\/cs\/design-kottedzhey\/proekt-kottedzha\/","title":{"rendered":"Projekt n\u00e1vrhu chaty"},"content":{"rendered":"<p>Pokud \u017eijete v chat\u011b, d\u0159\u00edve nebo pozd\u011bji budete postaveni p\u0159ed ot\u00e1zku prov\u00e1d\u011bn\u00ed oprav a dokon\u010dovac\u00edch prac\u00ed na n\u00ed. Stoj\u00ed za zm\u00ednku, \u017ee rekonstrukce nem\u016f\u017ee v\u017edy zm\u011bnit st\u00e1vaj\u00edc\u00ed stav, ano, na jednu stranu osv\u011b\u017e\u00ed interi\u00e9r, ale na druhou stranu ve va\u0161em domov\u011b nic z\u00e1sadn\u00edho neud\u011bl\u00e1. <strong>Pokud chcete radik\u00e1ln\u011b zm\u011bnit m\u00edstnost, ud\u011blejte ji nejen kr\u00e1snou<\/strong> , ale tak\u00e9:<\/p>\n<ul>\n<li> stylov\u00fd<\/li>\n<li> m\u00f3dn\u00ed<\/li>\n<li> komfortn\u00ed<\/li>\n<li> \u00fatuln\u00fd<\/li>\n<\/ul>\n<p> V tomto p\u0159\u00edpad\u011b byste si m\u011bli objednat vypracov\u00e1n\u00ed individu\u00e1ln\u00edho designov\u00e9ho projektu. <a href=\"https:\/\/asart.com.ua\/wp-content\/uploads\/2022\/11\/arhitekturnyj-proekt-chastnogo-doma-malaya-danilovka-1watermark-.jpg\"><img loading=\"lazy\" decoding=\"async\" class=\"aligncenter size-full wp-image-9857 colorbox-18336\" src=\"https:\/\/asart.com.ua\/wp-content\/uploads\/2022\/11\/arhitekturnyj-proekt-chastnogo-doma-malaya-danilovka-1watermark-.jpg\" alt=\"\" width=\"1200\" height=\"762\" srcset=\"https:\/\/asart.com.ua\/wp-content\/uploads\/2022\/11\/arhitekturnyj-proekt-chastnogo-doma-malaya-danilovka-1watermark-.jpg 1200w, https:\/\/asart.com.ua\/wp-content\/uploads\/2022\/11\/arhitekturnyj-proekt-chastnogo-doma-malaya-danilovka-1watermark--300x191.jpg 300w, https:\/\/asart.com.ua\/wp-content\/uploads\/2022\/11\/arhitekturnyj-proekt-chastnogo-doma-malaya-danilovka-1watermark--1024x650.jpg 1024w, https:\/\/asart.com.ua\/wp-content\/uploads\/2022\/11\/arhitekturnyj-proekt-chastnogo-doma-malaya-danilovka-1watermark--768x488.jpg 768w, https:\/\/asart.com.ua\/wp-content\/uploads\/2022\/11\/arhitekturnyj-proekt-chastnogo-doma-malaya-danilovka-1watermark--233x147.jpg 233w\" sizes=\"(max-width: 1200px) 100vw, 1200px\" \/><\/a><\/p>\n<p> <a href=\"https:\/\/asart.com.ua\/wp-content\/uploads\/2022\/11\/arhitekturnyj-proekt-chastnogo-doma-malaya-danilovka-5watermark-.jpg\"><img loading=\"lazy\" decoding=\"async\" class=\"aligncenter size-full wp-image-9865 colorbox-18336\" src=\"https:\/\/asart.com.ua\/wp-content\/uploads\/2022\/11\/arhitekturnyj-proekt-chastnogo-doma-malaya-danilovka-5watermark-.jpg\" alt=\"\" width=\"1200\" height=\"765\" srcset=\"https:\/\/asart.com.ua\/wp-content\/uploads\/2022\/11\/arhitekturnyj-proekt-chastnogo-doma-malaya-danilovka-5watermark-.jpg 1200w, https:\/\/asart.com.ua\/wp-content\/uploads\/2022\/11\/arhitekturnyj-proekt-chastnogo-doma-malaya-danilovka-5watermark--300x191.jpg 300w, https:\/\/asart.com.ua\/wp-content\/uploads\/2022\/11\/arhitekturnyj-proekt-chastnogo-doma-malaya-danilovka-5watermark--1024x653.jpg 1024w, https:\/\/asart.com.ua\/wp-content\/uploads\/2022\/11\/arhitekturnyj-proekt-chastnogo-doma-malaya-danilovka-5watermark--768x490.jpg 768w\" sizes=\"(max-width: 1200px) 100vw, 1200px\" \/><\/a><\/p>\n<p> <a href=\"https:\/\/asart.com.ua\/wp-content\/uploads\/2022\/11\/arhitekturnyj-proekt-chastnogo-doma-malaya-danilovka-4watermark-.jpg\"><img loading=\"lazy\" decoding=\"async\" class=\"aligncenter size-full wp-image-9863 colorbox-18336\" src=\"https:\/\/asart.com.ua\/wp-content\/uploads\/2022\/11\/arhitekturnyj-proekt-chastnogo-doma-malaya-danilovka-4watermark-.jpg\" alt=\"\" width=\"1200\" height=\"764\" srcset=\"https:\/\/asart.com.ua\/wp-content\/uploads\/2022\/11\/arhitekturnyj-proekt-chastnogo-doma-malaya-danilovka-4watermark-.jpg 1200w, https:\/\/asart.com.ua\/wp-content\/uploads\/2022\/11\/arhitekturnyj-proekt-chastnogo-doma-malaya-danilovka-4watermark--300x191.jpg 300w, https:\/\/asart.com.ua\/wp-content\/uploads\/2022\/11\/arhitekturnyj-proekt-chastnogo-doma-malaya-danilovka-4watermark--1024x652.jpg 1024w, https:\/\/asart.com.ua\/wp-content\/uploads\/2022\/11\/arhitekturnyj-proekt-chastnogo-doma-malaya-danilovka-4watermark--768x489.jpg 768w, https:\/\/asart.com.ua\/wp-content\/uploads\/2022\/11\/arhitekturnyj-proekt-chastnogo-doma-malaya-danilovka-4watermark--233x147.jpg 233w\" sizes=\"(max-width: 1200px) 100vw, 1200px\" \/><\/a><\/p>\n<h2> Projek\u010dn\u00ed pr\u00e1ce jak\u00e9koli slo\u017eitosti a objemu.<\/h2>\n<p> Na\u0161e studio se specializuje na tvorbu unik\u00e1tn\u00edch projekt\u016f interi\u00e9rov\u00e9ho designu pro chaty ve m\u011bst\u011b Charkov. Pro specialisty Asart nez\u00e1le\u017e\u00ed na tom, v jak\u00e9m stavu je v\u00e1\u0161 d\u016fm nebo kolik pokoj\u016f m\u00e1. A tak\u00e9, jak jsou um\u00edst\u011bny a kolik bude pot\u0159eba ud\u011blat projek\u010dn\u00ed pr\u00e1ce.<\/p>\n<p> N\u00e1vrh interi\u00e9ru chaty za\u010d\u00edn\u00e1 jej\u00ed prohl\u00eddkou. B\u011bhem sch\u016fzky projektant zjist\u00ed va\u0161e p\u0159\u00e1n\u00ed a po\u017eadavky t\u00fdkaj\u00edc\u00ed se budouc\u00edho designov\u00e9ho projektu. Budete tak\u00e9 muset vybrat nejvhodn\u011bj\u0161\u00ed styl designu a barevnou paletu. Takov\u00fd pokoj m\u016f\u017ee b\u00fdt vyzdoben v jak\u00e9mkoli modern\u00edm stylu a barv\u011b. \u010casto na\u0161i klienti objedn\u00e1vaj\u00ed vytvo\u0159en\u00ed jedin\u00e9ho prostoru v p\u0159\u00edzem\u00ed venkovsk\u00e9ho domu. Proto\u017ee se ve v\u011bt\u0161in\u011b p\u0159\u00edpad\u016f v p\u0159\u00edzem\u00ed nach\u00e1z\u00ed:<\/p>\n<ul>\n<li> ob\u00fdvac\u00ed pokoj<\/li>\n<li> kuchyn\u011b<\/li>\n<li> j\u00eddelna<\/li>\n<li> hala<\/li>\n<\/ul>\n<p> Jsou kombinov\u00e1ny a pomoc\u00ed n\u00e1bytku jsou rozd\u011bleny do funk\u010dn\u00edch z\u00f3n. <a href=\"https:\/\/asart.com.ua\/wp-content\/uploads\/2020\/10\/dizajn-kvartiry-v-sovremennom-minimalizme-6watermark.jpg\"><img loading=\"lazy\" decoding=\"async\" class=\"aligncenter size-full wp-image-8287 colorbox-18336\" src=\"https:\/\/asart.com.ua\/wp-content\/uploads\/2020\/10\/dizajn-kvartiry-v-sovremennom-minimalizme-6watermark.jpg\" alt=\"\" width=\"1000\" height=\"667\" srcset=\"https:\/\/asart.com.ua\/wp-content\/uploads\/2020\/10\/dizajn-kvartiry-v-sovremennom-minimalizme-6watermark.jpg 1000w, https:\/\/asart.com.ua\/wp-content\/uploads\/2020\/10\/dizajn-kvartiry-v-sovremennom-minimalizme-6watermark-300x200.jpg 300w, https:\/\/asart.com.ua\/wp-content\/uploads\/2020\/10\/dizajn-kvartiry-v-sovremennom-minimalizme-6watermark-768x512.jpg 768w, https:\/\/asart.com.ua\/wp-content\/uploads\/2020\/10\/dizajn-kvartiry-v-sovremennom-minimalizme-6watermark-240x160.jpg 240w\" sizes=\"(max-width: 1000px) 100vw, 1000px\" \/><\/a><\/p>\n<p> <a href=\"https:\/\/asart.com.ua\/wp-content\/uploads\/2020\/10\/dizajn-kvartiry-v-sovremennom-minimalizme-4watermark.jpg\"><img loading=\"lazy\" decoding=\"async\" class=\"aligncenter size-full wp-image-8283 colorbox-18336\" src=\"https:\/\/asart.com.ua\/wp-content\/uploads\/2020\/10\/dizajn-kvartiry-v-sovremennom-minimalizme-4watermark.jpg\" alt=\"\" width=\"1000\" height=\"667\" srcset=\"https:\/\/asart.com.ua\/wp-content\/uploads\/2020\/10\/dizajn-kvartiry-v-sovremennom-minimalizme-4watermark.jpg 1000w, https:\/\/asart.com.ua\/wp-content\/uploads\/2020\/10\/dizajn-kvartiry-v-sovremennom-minimalizme-4watermark-300x200.jpg 300w, https:\/\/asart.com.ua\/wp-content\/uploads\/2020\/10\/dizajn-kvartiry-v-sovremennom-minimalizme-4watermark-768x512.jpg 768w, https:\/\/asart.com.ua\/wp-content\/uploads\/2020\/10\/dizajn-kvartiry-v-sovremennom-minimalizme-4watermark-240x160.jpg 240w\" sizes=\"(max-width: 1000px) 100vw, 1000px\" \/><\/a><\/p>\n<p> <a href=\"https:\/\/asart.com.ua\/wp-content\/uploads\/2020\/10\/dizajn-kvartiry-v-sovremennom-minimalizme-3watermark.jpg\"><img loading=\"lazy\" decoding=\"async\" class=\"aligncenter size-full wp-image-8281 colorbox-18336\" src=\"https:\/\/asart.com.ua\/wp-content\/uploads\/2020\/10\/dizajn-kvartiry-v-sovremennom-minimalizme-3watermark.jpg\" alt=\"\" width=\"1000\" height=\"667\" srcset=\"https:\/\/asart.com.ua\/wp-content\/uploads\/2020\/10\/dizajn-kvartiry-v-sovremennom-minimalizme-3watermark.jpg 1000w, https:\/\/asart.com.ua\/wp-content\/uploads\/2020\/10\/dizajn-kvartiry-v-sovremennom-minimalizme-3watermark-300x200.jpg 300w, https:\/\/asart.com.ua\/wp-content\/uploads\/2020\/10\/dizajn-kvartiry-v-sovremennom-minimalizme-3watermark-768x512.jpg 768w, https:\/\/asart.com.ua\/wp-content\/uploads\/2020\/10\/dizajn-kvartiry-v-sovremennom-minimalizme-3watermark-240x160.jpg 240w\" sizes=\"(max-width: 1000px) 100vw, 1000px\" \/><\/a><\/p>\n<p> <a href=\"https:\/\/asart.com.ua\/wp-content\/uploads\/2020\/10\/dizajn-kvartiry-v-sovremennom-minimalizme-11watermark.jpg\"><img loading=\"lazy\" decoding=\"async\" class=\"aligncenter size-full wp-image-8297 colorbox-18336\" src=\"https:\/\/asart.com.ua\/wp-content\/uploads\/2020\/10\/dizajn-kvartiry-v-sovremennom-minimalizme-11watermark.jpg\" alt=\"\" width=\"1000\" height=\"667\" srcset=\"https:\/\/asart.com.ua\/wp-content\/uploads\/2020\/10\/dizajn-kvartiry-v-sovremennom-minimalizme-11watermark.jpg 1000w, https:\/\/asart.com.ua\/wp-content\/uploads\/2020\/10\/dizajn-kvartiry-v-sovremennom-minimalizme-11watermark-300x200.jpg 300w, https:\/\/asart.com.ua\/wp-content\/uploads\/2020\/10\/dizajn-kvartiry-v-sovremennom-minimalizme-11watermark-768x512.jpg 768w, https:\/\/asart.com.ua\/wp-content\/uploads\/2020\/10\/dizajn-kvartiry-v-sovremennom-minimalizme-11watermark-240x160.jpg 240w\" sizes=\"(max-width: 1000px) 100vw, 1000px\" \/><\/a><\/p>\n<h3> Slu\u017eby 3D vizualizace.<\/h3>\n<p> V na\u0161em studiu si m\u016f\u017eete objednat projekt interi\u00e9ru chaty za nejlep\u0161\u00ed cenu v Charkov\u011b. B\u011bhem procesu n\u00e1vrhu vyberou design\u00e9\u0159i Asart nejen nejvhodn\u011bj\u0161\u00ed styl a barvu, ale tak\u00e9 dekor, designov\u00e9 dopl\u0148ky a n\u00e1bytek. <em>Pokud m\u00e1te pochybnosti o spr\u00e1vn\u00e9 volb\u011b stylu, m\u016f\u017eete vyu\u017e\u00edt slu\u017ebu 3D vizualizace<\/em> . Co\u017e v\u00e1m d\u00e1v\u00e1 mo\u017enost vid\u011bt v\u00e1\u0161 domov p\u0159ed zah\u00e1jen\u00edm oprav a dokon\u010dovac\u00edch prac\u00ed.<\/p>\n<p> Po zobrazen\u00ed m\u00edstnosti v re\u017eimu 3D vizualizace budete moci prov\u00e1d\u011bt zm\u011bny ve st\u00e1vaj\u00edc\u00edm projektu designu interi\u00e9ru pro venkovskou chatu. Za zm\u00ednku stoj\u00ed, \u017ee na\u0161e studio poskytuje tak\u00e9 slu\u017eby architektonick\u00e9ho dozoru za konkurenceschopnou cenu v Charkov\u011b. Architektonick\u00fd dozor znamen\u00e1 \u00faplnou kontrolu projektanta Asart nad v\u0161emi f\u00e1zemi oprav a projek\u010dn\u00edch prac\u00ed.<\/p>\n<p> Designov\u00fd projekt v\u00e1m umo\u017en\u00ed vytvo\u0159it jedine\u010dn\u00fd, kr\u00e1sn\u00fd a funk\u010dn\u00ed interi\u00e9r ve va\u0161\u00ed chat\u011b. Ve kter\u00e9m se v\u0161ichni \u010dlenov\u00e9 va\u0161\u00ed rodiny budou c\u00edtit pohodln\u011b a \u00fatuln\u011b.<\/p>\n","protected":false},"excerpt":{"rendered":"<p>Pokud \u017eijete v chat\u011b, d\u0159\u00edve nebo <a class=\"continue_link\" href=\"https:\/\/asart.com.ua\/cs\/design-kottedzhey\/proekt-kottedzha\/\">\u0427\u0438\u0442\u0430\u0442\u044c \u0434\u0430\u043b\u0435\u0435 >><\/a><\/p>\n","protected":false},"author":6,"featured_media":0,"parent":18282,"menu_order":0,"comment_status":"closed","ping_status":"closed","template":"","meta":{"footnotes":""},"acf":[],"aioseo_notices":[],"_links":{"self":[{"href":"https:\/\/asart.com.ua\/cs\/wp-json\/wp\/v2\/pages\/18336"}],"collection":[{"href":"https:\/\/asart.com.ua\/cs\/wp-json\/wp\/v2\/pages"}],"about":[{"href":"https:\/\/asart.com.ua\/cs\/wp-json\/wp\/v2\/types\/page"}],"author":[{"embeddable":true,"href":"https:\/\/asart.com.ua\/cs\/wp-json\/wp\/v2\/users\/6"}],"replies":[{"embeddable":true,"href":"https:\/\/asart.com.ua\/cs\/wp-json\/wp\/v2\/comments?post=18336"}],"version-history":[{"count":1,"href":"https:\/\/asart.com.ua\/cs\/wp-json\/wp\/v2\/pages\/18336\/revisions"}],"predecessor-version":[{"id":18339,"href":"https:\/\/asart.com.ua\/cs\/wp-json\/wp\/v2\/pages\/18336\/revisions\/18339"}],"up":[{"embeddable":true,"href":"https:\/\/asart.com.ua\/cs\/wp-json\/wp\/v2\/pages\/18282"}],"wp:attachment":[{"href":"https:\/\/asart.com.ua\/cs\/wp-json\/wp\/v2\/media?parent=18336"}],"curies":[{"name":"wp","href":"https:\/\/api.w.org\/{rel}","templated":true}]}}