{"id":18330,"date":"2017-07-03T09:45:10","date_gmt":"2017-07-03T06:45:10","guid":{"rendered":"https:\/\/asart.com.ua\/design-kottedzhey\/proekt-interera\/"},"modified":"2023-11-24T01:36:05","modified_gmt":"2023-11-23T22:36:05","slug":"proekt-interera","status":"publish","type":"page","link":"https:\/\/asart.com.ua\/cs\/design-kottedzhey\/proekt-interera\/","title":{"rendered":"Projekt interi\u00e9ru pro venkovsk\u00fd d\u016fm"},"content":{"rendered":"<p>Mnoho obyvatel Charkova m\u00e1 krom\u011b bytu, kde bydl\u00ed, tak\u00e9 venkovsk\u00e9 domy. Ale takov\u00e9 <strong>bydlen\u00ed nen\u00ed v\u017edy charakterizov\u00e1no kr\u00e1sou a pohodl\u00edm, proto\u017ee mnoho majitel\u016f na n\u011b nem\u00e1 dostatek \u010dasu<\/strong> . Ale stoj\u00ed za zm\u00ednku, \u017ee s pomoc\u00ed profesion\u00e1ln\u00ed renovace a jedine\u010dn\u00e9ho projektu interi\u00e9rov\u00e9ho designu lze takovou m\u00edstnost vytvo\u0159it:<\/p>\n<ul>\n<li> modern\u00ed<\/li>\n<li> funk\u010dn\u00ed<\/li>\n<li> komfortn\u00ed<\/li>\n<li> \u00fatuln\u00fd<\/li>\n<\/ul>\n<p> Budete ho moci vyu\u017e\u00edvat k trval\u00e9mu pobytu. Vy sami samoz\u0159ejm\u011b nebudete schopni vytvo\u0159it designov\u00fd projekt pro interi\u00e9r venkovsk\u00e9ho domu, proto se mus\u00edte obr\u00e1tit na specialisty. Ale proto\u017ee je to v\u00e1\u0161 domov, m\u016f\u017eete se pod\u00edlet na procesu navrhov\u00e1n\u00ed. <a href=\"https:\/\/asart.com.ua\/wp-content\/uploads\/2020\/06\/intereo-chastnogo-doma-verhnij-saltov-13watermark.jpg\"><img loading=\"lazy\" decoding=\"async\" class=\"aligncenter size-full wp-image-7853 colorbox-18330\" src=\"https:\/\/asart.com.ua\/wp-content\/uploads\/2020\/06\/intereo-chastnogo-doma-verhnij-saltov-13watermark.jpg\" alt=\"\" width=\"1000\" height=\"750\" srcset=\"https:\/\/asart.com.ua\/wp-content\/uploads\/2020\/06\/intereo-chastnogo-doma-verhnij-saltov-13watermark.jpg 1000w, https:\/\/asart.com.ua\/wp-content\/uploads\/2020\/06\/intereo-chastnogo-doma-verhnij-saltov-13watermark-300x225.jpg 300w, https:\/\/asart.com.ua\/wp-content\/uploads\/2020\/06\/intereo-chastnogo-doma-verhnij-saltov-13watermark-768x576.jpg 768w, https:\/\/asart.com.ua\/wp-content\/uploads\/2020\/06\/intereo-chastnogo-doma-verhnij-saltov-13watermark-160x120.jpg 160w, https:\/\/asart.com.ua\/wp-content\/uploads\/2020\/06\/intereo-chastnogo-doma-verhnij-saltov-13watermark-289x217.jpg 289w\" sizes=\"(max-width: 1000px) 100vw, 1000px\" \/><\/a><\/p>\n<p> <a href=\"https:\/\/asart.com.ua\/wp-content\/uploads\/2020\/06\/intereo-chastnogo-doma-verhnij-saltov-15watermark.jpg\"><img loading=\"lazy\" decoding=\"async\" class=\"aligncenter size-full wp-image-7857 colorbox-18330\" src=\"https:\/\/asart.com.ua\/wp-content\/uploads\/2020\/06\/intereo-chastnogo-doma-verhnij-saltov-15watermark.jpg\" alt=\"\" width=\"1000\" height=\"750\" srcset=\"https:\/\/asart.com.ua\/wp-content\/uploads\/2020\/06\/intereo-chastnogo-doma-verhnij-saltov-15watermark.jpg 1000w, https:\/\/asart.com.ua\/wp-content\/uploads\/2020\/06\/intereo-chastnogo-doma-verhnij-saltov-15watermark-300x225.jpg 300w, https:\/\/asart.com.ua\/wp-content\/uploads\/2020\/06\/intereo-chastnogo-doma-verhnij-saltov-15watermark-768x576.jpg 768w, https:\/\/asart.com.ua\/wp-content\/uploads\/2020\/06\/intereo-chastnogo-doma-verhnij-saltov-15watermark-160x120.jpg 160w, https:\/\/asart.com.ua\/wp-content\/uploads\/2020\/06\/intereo-chastnogo-doma-verhnij-saltov-15watermark-289x217.jpg 289w\" sizes=\"(max-width: 1000px) 100vw, 1000px\" \/><\/a> <a href=\"https:\/\/asart.com.ua\/wp-content\/uploads\/2020\/06\/intereo-chastnogo-doma-verhnij-saltov-14watermark.jpg\"><img loading=\"lazy\" decoding=\"async\" class=\"aligncenter size-full wp-image-7855 colorbox-18330\" src=\"https:\/\/asart.com.ua\/wp-content\/uploads\/2020\/06\/intereo-chastnogo-doma-verhnij-saltov-14watermark.jpg\" alt=\"\" width=\"1000\" height=\"750\" srcset=\"https:\/\/asart.com.ua\/wp-content\/uploads\/2020\/06\/intereo-chastnogo-doma-verhnij-saltov-14watermark.jpg 1000w, https:\/\/asart.com.ua\/wp-content\/uploads\/2020\/06\/intereo-chastnogo-doma-verhnij-saltov-14watermark-300x225.jpg 300w, https:\/\/asart.com.ua\/wp-content\/uploads\/2020\/06\/intereo-chastnogo-doma-verhnij-saltov-14watermark-768x576.jpg 768w, https:\/\/asart.com.ua\/wp-content\/uploads\/2020\/06\/intereo-chastnogo-doma-verhnij-saltov-14watermark-160x120.jpg 160w, https:\/\/asart.com.ua\/wp-content\/uploads\/2020\/06\/intereo-chastnogo-doma-verhnij-saltov-14watermark-289x217.jpg 289w\" sizes=\"(max-width: 1000px) 100vw, 1000px\" \/><\/a><\/p>\n<h2> Modern\u00ed designov\u00e9 n\u00e1pady.<\/h2>\n<p> Na\u0161e studio se specializuje na vytv\u00e1\u0159en\u00ed jedine\u010dn\u00fdch projekt\u016f interi\u00e9rov\u00e9ho designu pro venkovsk\u00e9 domy v Charkov\u011b. Na\u0161im z\u00e1kazn\u00edk\u016fm nab\u00edz\u00edme spoustu:<\/p>\n<ul>\n<li> zaj\u00edmav\u00fd<\/li>\n<li> modern\u00ed<\/li>\n<li> origin\u00e1l<\/li>\n<\/ul>\n<p> Designov\u00e9 n\u00e1pady, kter\u00e9 po implementaci mohou ud\u011blat m\u00edstnost nejen kr\u00e1snou, ale tak\u00e9 \u00fatulnou a funk\u010dn\u00ed. B\u011bhem procesu n\u00e1vrhu budou design\u00e9\u0159i Asartu v maxim\u00e1ln\u00ed mo\u017en\u00e9 m\u00ed\u0159e zohled\u0148ovat v\u0161echna va\u0161e p\u0159\u00e1n\u00ed a po\u017eadavky t\u00fdkaj\u00edc\u00ed se projek\u010dn\u00ed pr\u00e1ce.<\/p>\n<p> U n\u00e1s si m\u016f\u017eete objednat projekt interi\u00e9ru pro venkovsk\u00fd d\u016fm za nejlep\u0161\u00ed cenu v Charkov\u011b. N\u00e1vrh\u00e1\u0159i Asart o\u017eiv\u00ed jak\u00fdkoli modern\u00ed styl a barevnou paletu. Chcete-li ur\u010dit nejvhodn\u011bj\u0161\u00ed sm\u011br stylu a barvu, mus\u00ed b\u00fdt v\u00e1\u0161 domov zkontrolov\u00e1n. V\u017edy\u0165 jen prohl\u00eddka umo\u017e\u0148uje posoudit stav m\u00edstnosti, vid\u011bt jej\u00ed uspo\u0159\u00e1d\u00e1n\u00ed a um\u00edst\u011bn\u00ed m\u00edstnost\u00ed. <a href=\"https:\/\/asart.com.ua\/wp-content\/uploads\/2014\/02\/Gostinaya-5watermark.jpg\"><img loading=\"lazy\" decoding=\"async\" class=\"aligncenter size-full wp-image-3223 colorbox-18330\" src=\"https:\/\/asart.com.ua\/wp-content\/uploads\/2014\/02\/Gostinaya-5watermark.jpg\" alt=\"\" width=\"1000\" height=\"667\" srcset=\"https:\/\/asart.com.ua\/wp-content\/uploads\/2014\/02\/Gostinaya-5watermark.jpg 1000w, https:\/\/asart.com.ua\/wp-content\/uploads\/2014\/02\/Gostinaya-5watermark-300x200.jpg 300w, https:\/\/asart.com.ua\/wp-content\/uploads\/2014\/02\/Gostinaya-5watermark-240x160.jpg 240w\" sizes=\"(max-width: 1000px) 100vw, 1000px\" \/><\/a><\/p>\n<p> <a href=\"https:\/\/asart.com.ua\/wp-content\/uploads\/2014\/02\/Gostinaya-4watermark.jpg\"><img loading=\"lazy\" decoding=\"async\" class=\"aligncenter size-full wp-image-3222 colorbox-18330\" src=\"https:\/\/asart.com.ua\/wp-content\/uploads\/2014\/02\/Gostinaya-4watermark.jpg\" alt=\"\" width=\"1000\" height=\"667\" srcset=\"https:\/\/asart.com.ua\/wp-content\/uploads\/2014\/02\/Gostinaya-4watermark.jpg 1000w, https:\/\/asart.com.ua\/wp-content\/uploads\/2014\/02\/Gostinaya-4watermark-300x200.jpg 300w, https:\/\/asart.com.ua\/wp-content\/uploads\/2014\/02\/Gostinaya-4watermark-240x160.jpg 240w\" sizes=\"(max-width: 1000px) 100vw, 1000px\" \/><\/a> <a href=\"https:\/\/asart.com.ua\/wp-content\/uploads\/2015\/10\/Kuhnya-studiya-2watermark.jpg\"><img loading=\"lazy\" decoding=\"async\" class=\"aligncenter size-full wp-image-4085 colorbox-18330\" src=\"https:\/\/asart.com.ua\/wp-content\/uploads\/2015\/10\/Kuhnya-studiya-2watermark.jpg\" alt=\"\" width=\"1000\" height=\"667\" srcset=\"https:\/\/asart.com.ua\/wp-content\/uploads\/2015\/10\/Kuhnya-studiya-2watermark.jpg 1000w, https:\/\/asart.com.ua\/wp-content\/uploads\/2015\/10\/Kuhnya-studiya-2watermark-300x200.jpg 300w, https:\/\/asart.com.ua\/wp-content\/uploads\/2015\/10\/Kuhnya-studiya-2watermark-240x160.jpg 240w\" sizes=\"(max-width: 1000px) 100vw, 1000px\" \/><\/a><\/p>\n<p> <a href=\"https:\/\/asart.com.ua\/wp-content\/uploads\/2015\/10\/Kuhnya-studiya-11watermark.jpg\"><img loading=\"lazy\" decoding=\"async\" class=\"aligncenter size-full wp-image-4092 colorbox-18330\" src=\"https:\/\/asart.com.ua\/wp-content\/uploads\/2015\/10\/Kuhnya-studiya-11watermark.jpg\" alt=\"\" width=\"1000\" height=\"667\" srcset=\"https:\/\/asart.com.ua\/wp-content\/uploads\/2015\/10\/Kuhnya-studiya-11watermark.jpg 1000w, https:\/\/asart.com.ua\/wp-content\/uploads\/2015\/10\/Kuhnya-studiya-11watermark-300x200.jpg 300w, https:\/\/asart.com.ua\/wp-content\/uploads\/2015\/10\/Kuhnya-studiya-11watermark-240x160.jpg 240w\" sizes=\"(max-width: 1000px) 100vw, 1000px\" \/><\/a><\/p>\n<p> <a href=\"https:\/\/asart.com.ua\/wp-content\/uploads\/2015\/10\/a-Holl-lestnichnyiy-marsh-9watermark.jpg\"><img loading=\"lazy\" decoding=\"async\" class=\"aligncenter size-full wp-image-4068 colorbox-18330\" src=\"https:\/\/asart.com.ua\/wp-content\/uploads\/2015\/10\/a-Holl-lestnichnyiy-marsh-9watermark.jpg\" alt=\"\" width=\"1000\" height=\"667\" srcset=\"https:\/\/asart.com.ua\/wp-content\/uploads\/2015\/10\/a-Holl-lestnichnyiy-marsh-9watermark.jpg 1000w, https:\/\/asart.com.ua\/wp-content\/uploads\/2015\/10\/a-Holl-lestnichnyiy-marsh-9watermark-300x200.jpg 300w, https:\/\/asart.com.ua\/wp-content\/uploads\/2015\/10\/a-Holl-lestnichnyiy-marsh-9watermark-240x160.jpg 240w\" sizes=\"(max-width: 1000px) 100vw, 1000px\" \/><\/a><\/p>\n<h3> Pohodln\u00fd a funk\u010dn\u00ed pokoj.<\/h3>\n<p> Pokud m\u00e1 venkovsk\u00fd d\u016fm velkou plochu, pak projekt interi\u00e9ru m\u016f\u017ee kombinovat n\u011bkolik styl\u016f. Hlavn\u00ed je je profesion\u00e1ln\u011b zkombinovat tak, aby se vz\u00e1jemn\u011b kombinovaly a zd\u016fraz\u0148ovaly. To v\u0161e provede n\u00e1\u0161 design\u00e9r b\u011bhem procesu n\u00e1vrhu. <em>V\u00fdznamn\u00e1 plocha tak\u00e9 umo\u017e\u0148uje odstranit v\u0161echny p\u0159\u00ed\u010dky a vytvo\u0159it jeden funk\u010dn\u00ed prostor, kter\u00fd bude rozd\u011blen na z\u00f3ny<\/em> . V mal\u00e9 m\u00edstnosti m\u016f\u017eete tak\u00e9 vytvo\u0159it jeden prostor a prov\u00e9st na n\u011bm kompetentn\u00ed n\u00e1vrh\u00e1\u0159sk\u00e9 z\u00f3nov\u00e1n\u00ed.<\/p>\n<p> Sou\u010d\u00e1st\u00ed projektu interi\u00e9ru venkovsk\u00e9ho domu bude tak\u00e9 n\u00e1bytek, textilie, dekorace, designov\u00e9 dopl\u0148ky a sv\u00edtidla vybran\u00e1 design\u00e9rem podle zvolen\u00e9ho stylu. Design\u00e9r Asart je um\u00edst\u00ed do v\u0161ech m\u00edstnost\u00ed, kde vytvo\u0159\u00ed pohodl\u00ed a \u00fatulnost a nav\u00edc budou plnit mnoho funkc\u00ed.<\/p>\n","protected":false},"excerpt":{"rendered":"<p>Mnoho obyvatel Charkova m\u00e1 krom\u011b bytu, <a class=\"continue_link\" href=\"https:\/\/asart.com.ua\/cs\/design-kottedzhey\/proekt-interera\/\">\u0427\u0438\u0442\u0430\u0442\u044c \u0434\u0430\u043b\u0435\u0435 >><\/a><\/p>\n","protected":false},"author":6,"featured_media":0,"parent":18282,"menu_order":0,"comment_status":"closed","ping_status":"closed","template":"","meta":{"footnotes":""},"acf":[],"aioseo_notices":[],"_links":{"self":[{"href":"https:\/\/asart.com.ua\/cs\/wp-json\/wp\/v2\/pages\/18330"}],"collection":[{"href":"https:\/\/asart.com.ua\/cs\/wp-json\/wp\/v2\/pages"}],"about":[{"href":"https:\/\/asart.com.ua\/cs\/wp-json\/wp\/v2\/types\/page"}],"author":[{"embeddable":true,"href":"https:\/\/asart.com.ua\/cs\/wp-json\/wp\/v2\/users\/6"}],"replies":[{"embeddable":true,"href":"https:\/\/asart.com.ua\/cs\/wp-json\/wp\/v2\/comments?post=18330"}],"version-history":[{"count":1,"href":"https:\/\/asart.com.ua\/cs\/wp-json\/wp\/v2\/pages\/18330\/revisions"}],"predecessor-version":[{"id":18333,"href":"https:\/\/asart.com.ua\/cs\/wp-json\/wp\/v2\/pages\/18330\/revisions\/18333"}],"up":[{"embeddable":true,"href":"https:\/\/asart.com.ua\/cs\/wp-json\/wp\/v2\/pages\/18282"}],"wp:attachment":[{"href":"https:\/\/asart.com.ua\/cs\/wp-json\/wp\/v2\/media?parent=18330"}],"curies":[{"name":"wp","href":"https:\/\/api.w.org\/{rel}","templated":true}]}}