{"id":18324,"date":"2020-07-03T10:33:08","date_gmt":"2020-07-03T07:33:08","guid":{"rendered":"https:\/\/asart.com.ua\/design-kottedzhey\/proekt-interer\/"},"modified":"2023-11-24T01:35:14","modified_gmt":"2023-11-23T22:35:14","slug":"proekt-interer","status":"publish","type":"page","link":"https:\/\/asart.com.ua\/cs\/design-kottedzhey\/proekt-interer\/","title":{"rendered":"Projekt dom\u00e1c\u00edho interi\u00e9ru"},"content":{"rendered":"<p>Domov hraje d\u016fle\u017eitou roli v \u017eivot\u011b ka\u017ed\u00e9ho \u010dlov\u011bka. Proto se ka\u017ed\u00fd sna\u017e\u00ed vytvo\u0159it ve sv\u00e9m dom\u011b:<\/p>\n<ul>\n<li> pohodl\u00ed<\/li>\n<li> \u00fatulnost<\/li>\n<li> kr\u00e1sa<\/li>\n<li> styl<\/li>\n<li> prakti\u010dnost<\/li>\n<\/ul>\n<p> A tak\u00e9 ud\u011blat m\u00edstnost modern\u00ed a funk\u010dn\u00ed. Ale <strong>s pomoc\u00ed oprav a dokon\u010dovac\u00edch prac\u00ed toho nebudete schopni dos\u00e1hnout<\/strong> . Budete muset kontaktovat specialisty a objednat si projekt dom\u00e1c\u00edho interi\u00e9ru. Co\u017e pom\u016f\u017ee radik\u00e1ln\u011b zm\u011bnit jakoukoli m\u00edstnost, bez ohledu na jej\u00ed velikost a stav. <a href=\"https:\/\/asart.com.ua\/wp-content\/uploads\/2020\/06\/intereo-chastnogo-doma-verhnij-saltov-15watermark.jpg\"><img loading=\"lazy\" decoding=\"async\" class=\"aligncenter size-full wp-image-7857 colorbox-18324\" src=\"https:\/\/asart.com.ua\/wp-content\/uploads\/2020\/06\/intereo-chastnogo-doma-verhnij-saltov-15watermark.jpg\" alt=\"\" width=\"1000\" height=\"750\" srcset=\"https:\/\/asart.com.ua\/wp-content\/uploads\/2020\/06\/intereo-chastnogo-doma-verhnij-saltov-15watermark.jpg 1000w, https:\/\/asart.com.ua\/wp-content\/uploads\/2020\/06\/intereo-chastnogo-doma-verhnij-saltov-15watermark-300x225.jpg 300w, https:\/\/asart.com.ua\/wp-content\/uploads\/2020\/06\/intereo-chastnogo-doma-verhnij-saltov-15watermark-768x576.jpg 768w, https:\/\/asart.com.ua\/wp-content\/uploads\/2020\/06\/intereo-chastnogo-doma-verhnij-saltov-15watermark-160x120.jpg 160w, https:\/\/asart.com.ua\/wp-content\/uploads\/2020\/06\/intereo-chastnogo-doma-verhnij-saltov-15watermark-289x217.jpg 289w\" sizes=\"(max-width: 1000px) 100vw, 1000px\" \/><\/a><br \/> <a href=\"https:\/\/asart.com.ua\/wp-content\/uploads\/2020\/06\/intereo-chastnogo-doma-verhnij-saltov-14watermark.jpg\"><img loading=\"lazy\" decoding=\"async\" class=\"aligncenter size-full wp-image-7855 colorbox-18324\" src=\"https:\/\/asart.com.ua\/wp-content\/uploads\/2020\/06\/intereo-chastnogo-doma-verhnij-saltov-14watermark.jpg\" alt=\"\" width=\"1000\" height=\"750\" srcset=\"https:\/\/asart.com.ua\/wp-content\/uploads\/2020\/06\/intereo-chastnogo-doma-verhnij-saltov-14watermark.jpg 1000w, https:\/\/asart.com.ua\/wp-content\/uploads\/2020\/06\/intereo-chastnogo-doma-verhnij-saltov-14watermark-300x225.jpg 300w, https:\/\/asart.com.ua\/wp-content\/uploads\/2020\/06\/intereo-chastnogo-doma-verhnij-saltov-14watermark-768x576.jpg 768w, https:\/\/asart.com.ua\/wp-content\/uploads\/2020\/06\/intereo-chastnogo-doma-verhnij-saltov-14watermark-160x120.jpg 160w, https:\/\/asart.com.ua\/wp-content\/uploads\/2020\/06\/intereo-chastnogo-doma-verhnij-saltov-14watermark-289x217.jpg 289w\" sizes=\"(max-width: 1000px) 100vw, 1000px\" \/><\/a><\/p>\n<h2> Origin\u00e1ln\u00ed designov\u00e9 n\u00e1pady.<\/h2>\n<p> Design\u00e9\u0159i Asart maj\u00ed rozs\u00e1hl\u00e9 zku\u0161enosti s vytv\u00e1\u0159en\u00edm individu\u00e1ln\u00edch projekt\u016f interi\u00e9rov\u00e9ho designu pro domy za nejlep\u0161\u00ed cenu v Charkov\u011b. Na\u0161e studio nab\u00edz\u00ed sv\u00fdm z\u00e1kazn\u00edk\u016fm:<\/p>\n<ul>\n<li> zaj\u00edmav\u00fd<\/li>\n<li> modern\u00ed<\/li>\n<li> unik\u00e1tn\u00ed<\/li>\n<\/ul>\n<p> Designov\u00e9 n\u00e1pady, kter\u00e9 uvedeme v \u017eivot v co nejkrat\u0161\u00edm \u010dase a na profesion\u00e1ln\u00ed \u00farovni. Chcete-li ur\u010dit slo\u017eitost a slo\u017eitost pr\u00e1ce, mus\u00edte si prohl\u00e9dnout prostory a zjistit sv\u00e1 p\u0159\u00e1n\u00ed t\u00fdkaj\u00edc\u00ed se designu m\u00edstnost\u00ed.<\/p>\n<p> Projekt dom\u00e1c\u00edho designu si m\u016f\u017eete objednat v jak\u00e9mkoli stylu a barv\u011b. Design\u00e9rsk\u00fd styl si vyberete i p\u0159i setk\u00e1n\u00ed s design\u00e9rkou Asart. Pokud m\u00e1te velk\u00fd pokoj, m\u016f\u017eete kombinovat n\u011bkolik styl\u016f, kter\u00e9 budou plynule a harmonicky p\u0159ech\u00e1zet z jedn\u00e9 m\u00edstnosti do druh\u00e9. To umo\u017en\u00ed vytvo\u0159it sv\u011btl\u00fd a jedine\u010dn\u00fd prostor. Stoj\u00ed za zm\u00ednku, \u017ee na velk\u00e9 plo\u0161e m\u016f\u017eete kombinac\u00ed m\u00edstnost\u00ed vytvo\u0159it jeden prostor. Mezi lo\u017enicemi, ob\u00fdvac\u00edm pokojem, ob\u00fdvac\u00edm pokojem a kuchyn\u00ed budou odstran\u011bny st\u011bny a p\u0159\u00ed\u010dky. V\u00fdsledn\u00fd prostor bude rozd\u011blen do funk\u010dn\u00edch z\u00f3n pomoc\u00ed n\u00e1bytku, sv\u011btla a barev. <a href=\"https:\/\/asart.com.ua\/wp-content\/uploads\/2020\/06\/intereo-chastnogo-doma-verhnij-saltov-13watermark.jpg\"><img loading=\"lazy\" decoding=\"async\" class=\"aligncenter size-full wp-image-7853 colorbox-18324\" src=\"https:\/\/asart.com.ua\/wp-content\/uploads\/2020\/06\/intereo-chastnogo-doma-verhnij-saltov-13watermark.jpg\" alt=\"\" width=\"1000\" height=\"750\" srcset=\"https:\/\/asart.com.ua\/wp-content\/uploads\/2020\/06\/intereo-chastnogo-doma-verhnij-saltov-13watermark.jpg 1000w, https:\/\/asart.com.ua\/wp-content\/uploads\/2020\/06\/intereo-chastnogo-doma-verhnij-saltov-13watermark-300x225.jpg 300w, https:\/\/asart.com.ua\/wp-content\/uploads\/2020\/06\/intereo-chastnogo-doma-verhnij-saltov-13watermark-768x576.jpg 768w, https:\/\/asart.com.ua\/wp-content\/uploads\/2020\/06\/intereo-chastnogo-doma-verhnij-saltov-13watermark-160x120.jpg 160w, https:\/\/asart.com.ua\/wp-content\/uploads\/2020\/06\/intereo-chastnogo-doma-verhnij-saltov-13watermark-289x217.jpg 289w\" sizes=\"(max-width: 1000px) 100vw, 1000px\" \/><\/a> <a href=\"https:\/\/asart.com.ua\/wp-content\/uploads\/2020\/06\/intereo-chastnogo-doma-verhnij-saltov-26watermark.jpg\"><img loading=\"lazy\" decoding=\"async\" class=\"aligncenter size-full wp-image-7875 colorbox-18324\" src=\"https:\/\/asart.com.ua\/wp-content\/uploads\/2020\/06\/intereo-chastnogo-doma-verhnij-saltov-26watermark.jpg\" alt=\"\" width=\"1000\" height=\"750\" srcset=\"https:\/\/asart.com.ua\/wp-content\/uploads\/2020\/06\/intereo-chastnogo-doma-verhnij-saltov-26watermark.jpg 1000w, https:\/\/asart.com.ua\/wp-content\/uploads\/2020\/06\/intereo-chastnogo-doma-verhnij-saltov-26watermark-300x225.jpg 300w, https:\/\/asart.com.ua\/wp-content\/uploads\/2020\/06\/intereo-chastnogo-doma-verhnij-saltov-26watermark-768x576.jpg 768w, https:\/\/asart.com.ua\/wp-content\/uploads\/2020\/06\/intereo-chastnogo-doma-verhnij-saltov-26watermark-160x120.jpg 160w, https:\/\/asart.com.ua\/wp-content\/uploads\/2020\/06\/intereo-chastnogo-doma-verhnij-saltov-26watermark-289x217.jpg 289w\" sizes=\"(max-width: 1000px) 100vw, 1000px\" \/><\/a> <a href=\"https:\/\/asart.com.ua\/wp-content\/uploads\/2020\/06\/intereo-chastnogo-doma-verhnij-saltov-1watermark.jpg\"><img loading=\"lazy\" decoding=\"async\" class=\"aligncenter size-full wp-image-7829 colorbox-18324\" src=\"https:\/\/asart.com.ua\/wp-content\/uploads\/2020\/06\/intereo-chastnogo-doma-verhnij-saltov-1watermark.jpg\" alt=\"\" width=\"1000\" height=\"750\" srcset=\"https:\/\/asart.com.ua\/wp-content\/uploads\/2020\/06\/intereo-chastnogo-doma-verhnij-saltov-1watermark.jpg 1000w, https:\/\/asart.com.ua\/wp-content\/uploads\/2020\/06\/intereo-chastnogo-doma-verhnij-saltov-1watermark-300x225.jpg 300w, https:\/\/asart.com.ua\/wp-content\/uploads\/2020\/06\/intereo-chastnogo-doma-verhnij-saltov-1watermark-768x576.jpg 768w, https:\/\/asart.com.ua\/wp-content\/uploads\/2020\/06\/intereo-chastnogo-doma-verhnij-saltov-1watermark-160x120.jpg 160w, https:\/\/asart.com.ua\/wp-content\/uploads\/2020\/06\/intereo-chastnogo-doma-verhnij-saltov-1watermark-289x217.jpg 289w\" sizes=\"(max-width: 1000px) 100vw, 1000px\" \/><\/a> <a href=\"https:\/\/asart.com.ua\/wp-content\/uploads\/2020\/06\/intereo-chastnogo-doma-verhnij-saltov-5watermark.jpg\"><img loading=\"lazy\" decoding=\"async\" class=\"aligncenter size-full wp-image-7837 colorbox-18324\" src=\"https:\/\/asart.com.ua\/wp-content\/uploads\/2020\/06\/intereo-chastnogo-doma-verhnij-saltov-5watermark.jpg\" alt=\"\" width=\"1000\" height=\"750\" srcset=\"https:\/\/asart.com.ua\/wp-content\/uploads\/2020\/06\/intereo-chastnogo-doma-verhnij-saltov-5watermark.jpg 1000w, https:\/\/asart.com.ua\/wp-content\/uploads\/2020\/06\/intereo-chastnogo-doma-verhnij-saltov-5watermark-300x225.jpg 300w, https:\/\/asart.com.ua\/wp-content\/uploads\/2020\/06\/intereo-chastnogo-doma-verhnij-saltov-5watermark-768x576.jpg 768w, https:\/\/asart.com.ua\/wp-content\/uploads\/2020\/06\/intereo-chastnogo-doma-verhnij-saltov-5watermark-160x120.jpg 160w, https:\/\/asart.com.ua\/wp-content\/uploads\/2020\/06\/intereo-chastnogo-doma-verhnij-saltov-5watermark-289x217.jpg 289w\" sizes=\"(max-width: 1000px) 100vw, 1000px\" \/><\/a><\/p>\n<h3> Slu\u017eba 3D vizualizace.<\/h3>\n<p> N\u00e1vrhov\u00fd projekt zahrnuje tak\u00e9 v\u00fdb\u011br nejvhodn\u011bj\u0161\u00edch stavebn\u00edch a opravn\u00fdch materi\u00e1l\u016f, jako\u017e i materi\u00e1l\u016f pro dokon\u010den\u00ed v\u0161ech m\u00edstnost\u00ed. Krom\u011b materi\u00e1l\u016f <em>vybere design\u00e9r Asart kr\u00e1sn\u00fd a funk\u010dn\u00ed n\u00e1bytek, ale i dopl\u0148ky, textilie a sv\u00edtidla<\/em> . Abyste o vytvo\u0159en\u00e9m projektu interi\u00e9rov\u00e9ho designu nem\u011bli \u017e\u00e1dn\u00e9 pochybnosti, m\u016f\u017eete vyu\u017e\u00edt slu\u017ebu 3D vizualizace a pod\u00edvat se, jak bude v\u00e1\u0161 d\u016fm vypadat po dokon\u010den\u00ed oprav a projek\u010dn\u00edch prac\u00ed. V t\u00e9to f\u00e1zi m\u016f\u017eete prov\u00e1d\u011bt zm\u011bny a \u00fapravy.<\/p>\n<p> Designov\u00fd projekt od studia Asart vytvo\u0159\u00ed ve va\u0161em domov\u011b modern\u00ed a jedine\u010dn\u00fd interi\u00e9r. V\u00e1\u0161 pokoj se stane nejen kr\u00e1sn\u00fdm, ale tak\u00e9 pohodln\u00fdm, \u00fatuln\u00fdm a funk\u010dn\u00edm. Ve\u0161ker\u00e9 projek\u010dn\u00ed pr\u00e1ce prov\u00e1d\u00edme efektivn\u011b, profesion\u00e1ln\u011b a za n\u00edzkou cenu v Charkov\u011b.<\/p>\n","protected":false},"excerpt":{"rendered":"<p>Domov hraje d\u016fle\u017eitou roli v \u017eivot\u011b <a class=\"continue_link\" href=\"https:\/\/asart.com.ua\/cs\/design-kottedzhey\/proekt-interer\/\">\u0427\u0438\u0442\u0430\u0442\u044c \u0434\u0430\u043b\u0435\u0435 >><\/a><\/p>\n","protected":false},"author":6,"featured_media":0,"parent":18282,"menu_order":0,"comment_status":"closed","ping_status":"closed","template":"","meta":{"footnotes":""},"acf":[],"aioseo_notices":[],"_links":{"self":[{"href":"https:\/\/asart.com.ua\/cs\/wp-json\/wp\/v2\/pages\/18324"}],"collection":[{"href":"https:\/\/asart.com.ua\/cs\/wp-json\/wp\/v2\/pages"}],"about":[{"href":"https:\/\/asart.com.ua\/cs\/wp-json\/wp\/v2\/types\/page"}],"author":[{"embeddable":true,"href":"https:\/\/asart.com.ua\/cs\/wp-json\/wp\/v2\/users\/6"}],"replies":[{"embeddable":true,"href":"https:\/\/asart.com.ua\/cs\/wp-json\/wp\/v2\/comments?post=18324"}],"version-history":[{"count":1,"href":"https:\/\/asart.com.ua\/cs\/wp-json\/wp\/v2\/pages\/18324\/revisions"}],"predecessor-version":[{"id":18327,"href":"https:\/\/asart.com.ua\/cs\/wp-json\/wp\/v2\/pages\/18324\/revisions\/18327"}],"up":[{"embeddable":true,"href":"https:\/\/asart.com.ua\/cs\/wp-json\/wp\/v2\/pages\/18282"}],"wp:attachment":[{"href":"https:\/\/asart.com.ua\/cs\/wp-json\/wp\/v2\/media?parent=18324"}],"curies":[{"name":"wp","href":"https:\/\/api.w.org\/{rel}","templated":true}]}}