{"id":18318,"date":"2016-06-10T12:27:14","date_gmt":"2016-06-10T09:27:14","guid":{"rendered":"https:\/\/asart.com.ua\/design-kottedzhey\/interior-chastnogo-doma\/"},"modified":"2023-11-27T15:18:27","modified_gmt":"2023-11-27T12:18:27","slug":"interior-chastnogo-doma","status":"publish","type":"page","link":"https:\/\/asart.com.ua\/cs\/design-kottedzhey\/interior-chastnogo-doma\/","title":{"rendered":"N\u00e1vrh interi\u00e9ru soukrom\u00e9ho domu"},"content":{"rendered":"<p>Mnoho obyvatel Charkova rad\u011bji \u017eije v soukrom\u00fdch domech ne\u017e v bytech, kde nejsou \u017e\u00e1dn\u00ed soused\u00e9 dole nebo naho\u0159e, kde nejsou \u017e\u00e1dn\u00e9 rozbit\u00e9 v\u00fdtahy nebo n\u00e1hl\u00e9 v\u00fdpadky topen\u00ed. V takov\u00e9m bydlen\u00ed si budete moci v\u0161e za\u0159\u00eddit, uspo\u0159\u00e1dat a upravit podle sv\u00fdch pot\u0159eb a p\u0159\u00e1n\u00ed.<\/p>\n<p> <a href=\"https:\/\/asart.com.ua\/wp-content\/uploads\/2015\/12\/Gostinaya-v-Skandinavskom-stile-10watermark.jpg\"><img loading=\"lazy\" decoding=\"async\" class=\"aligncenter size-full wp-image-4177 colorbox-18318\" src=\"https:\/\/asart.com.ua\/wp-content\/uploads\/2015\/12\/Gostinaya-v-Skandinavskom-stile-10watermark.jpg\" alt=\"Ob\u00fdvac\u00ed pokoj ve skandin\u00e1vsk\u00e9m stylu (10)vodoznak\" width=\"1000\" height=\"750\" srcset=\"https:\/\/asart.com.ua\/wp-content\/uploads\/2015\/12\/Gostinaya-v-Skandinavskom-stile-10watermark.jpg 1000w, https:\/\/asart.com.ua\/wp-content\/uploads\/2015\/12\/Gostinaya-v-Skandinavskom-stile-10watermark-300x225.jpg 300w, https:\/\/asart.com.ua\/wp-content\/uploads\/2015\/12\/Gostinaya-v-Skandinavskom-stile-10watermark-160x120.jpg 160w, https:\/\/asart.com.ua\/wp-content\/uploads\/2015\/12\/Gostinaya-v-Skandinavskom-stile-10watermark-289x217.jpg 289w\" sizes=\"(max-width: 1000px) 100vw, 1000px\" \/><\/a> <a href=\"https:\/\/asart.com.ua\/wp-content\/uploads\/2015\/12\/Gostinaya-v-Skandinavskom-stile-9watermark.jpg\"><img loading=\"lazy\" decoding=\"async\" class=\"aligncenter size-full wp-image-4176 colorbox-18318\" src=\"https:\/\/asart.com.ua\/wp-content\/uploads\/2015\/12\/Gostinaya-v-Skandinavskom-stile-9watermark.jpg\" alt=\"Ob\u00fdvac\u00ed pokoj ve skandin\u00e1vsk\u00e9m stylu (9)vodoznak\" width=\"1000\" height=\"750\" \/><\/a> <a href=\"https:\/\/asart.com.ua\/wp-content\/uploads\/2015\/12\/Gostinaya-v-Skandinavskom-stile-12watermark.jpg\"><img loading=\"lazy\" decoding=\"async\" class=\"aligncenter size-full wp-image-4179 colorbox-18318\" src=\"https:\/\/asart.com.ua\/wp-content\/uploads\/2015\/12\/Gostinaya-v-Skandinavskom-stile-12watermark.jpg\" alt=\"Ob\u00fdvac\u00ed pokoj ve skandin\u00e1vsk\u00e9m stylu (12)vodoznak\" width=\"1000\" height=\"750\" srcset=\"https:\/\/asart.com.ua\/wp-content\/uploads\/2015\/12\/Gostinaya-v-Skandinavskom-stile-12watermark.jpg 1000w, https:\/\/asart.com.ua\/wp-content\/uploads\/2015\/12\/Gostinaya-v-Skandinavskom-stile-12watermark-300x225.jpg 300w, https:\/\/asart.com.ua\/wp-content\/uploads\/2015\/12\/Gostinaya-v-Skandinavskom-stile-12watermark-160x120.jpg 160w, https:\/\/asart.com.ua\/wp-content\/uploads\/2015\/12\/Gostinaya-v-Skandinavskom-stile-12watermark-289x217.jpg 289w\" sizes=\"(max-width: 1000px) 100vw, 1000px\" \/><\/a><br \/> <a href=\"https:\/\/asart.com.ua\/wp-content\/uploads\/2015\/12\/Spalnya-3watermark.jpg\"><img loading=\"lazy\" decoding=\"async\" class=\"aligncenter size-full wp-image-4190 colorbox-18318\" src=\"https:\/\/asart.com.ua\/wp-content\/uploads\/2015\/12\/Spalnya-3watermark.jpg\" alt=\"Lo\u017enice (3)vodoznak\" width=\"1000\" height=\"750\" srcset=\"https:\/\/asart.com.ua\/wp-content\/uploads\/2015\/12\/Spalnya-3watermark.jpg 1000w, https:\/\/asart.com.ua\/wp-content\/uploads\/2015\/12\/Spalnya-3watermark-300x225.jpg 300w, https:\/\/asart.com.ua\/wp-content\/uploads\/2015\/12\/Spalnya-3watermark-160x120.jpg 160w, https:\/\/asart.com.ua\/wp-content\/uploads\/2015\/12\/Spalnya-3watermark-289x217.jpg 289w\" sizes=\"(max-width: 1000px) 100vw, 1000px\" \/><\/a> <img loading=\"lazy\" decoding=\"async\" class=\"aligncenter wp-image-4192 size-full colorbox-18318\" src=\"https:\/\/asart.com.ua\/wp-content\/uploads\/2015\/12\/Spalnya-5watermark.jpg\" alt=\"N\u00e1vrh interi\u00e9ru v soukrom\u00e9m dom\u011b\" width=\"1000\" height=\"750\" \/><img loading=\"lazy\" decoding=\"async\" class=\"aligncenter wp-image-4185 size-full colorbox-18318\" src=\"https:\/\/asart.com.ua\/wp-content\/uploads\/2015\/12\/Detskaya-4watermark.jpg\" alt=\"N\u00e1vrh interi\u00e9ru v soukrom\u00fdch domech\" width=\"1000\" height=\"750\" srcset=\"https:\/\/asart.com.ua\/wp-content\/uploads\/2015\/12\/Detskaya-4watermark.jpg 1000w, https:\/\/asart.com.ua\/wp-content\/uploads\/2015\/12\/Detskaya-4watermark-300x225.jpg 300w, https:\/\/asart.com.ua\/wp-content\/uploads\/2015\/12\/Detskaya-4watermark-160x120.jpg 160w, https:\/\/asart.com.ua\/wp-content\/uploads\/2015\/12\/Detskaya-4watermark-289x217.jpg 289w\" sizes=\"(max-width: 1000px) 100vw, 1000px\" \/><img loading=\"lazy\" decoding=\"async\" class=\"aligncenter wp-image-4184 size-full colorbox-18318\" src=\"https:\/\/asart.com.ua\/wp-content\/uploads\/2015\/12\/Detskaya-3watermark.jpg\" alt=\"D\u011btsk\u00fd (3)vodoznak\" width=\"1000\" height=\"750\" srcset=\"https:\/\/asart.com.ua\/wp-content\/uploads\/2015\/12\/Detskaya-3watermark.jpg 1000w, https:\/\/asart.com.ua\/wp-content\/uploads\/2015\/12\/Detskaya-3watermark-300x225.jpg 300w, https:\/\/asart.com.ua\/wp-content\/uploads\/2015\/12\/Detskaya-3watermark-160x120.jpg 160w, https:\/\/asart.com.ua\/wp-content\/uploads\/2015\/12\/Detskaya-3watermark-289x217.jpg 289w\" sizes=\"(max-width: 1000px) 100vw, 1000px\" \/><\/p>\n<p> Pro zp\u0159\u00edjemn\u011bn\u00ed pobytu a ubytov\u00e1n\u00ed v soukrom\u00e9m dom\u011b:<\/p>\n<ul>\n<li> komfortn\u00ed<\/li>\n<li> \u00fatuln\u00fd<\/li>\n<\/ul>\n<h3> Zaj\u00edmav\u00e9 designov\u00e9 n\u00e1pady.<\/h3>\n<p> Nab\u00edz\u00edme v\u00fdvoj interi\u00e9rov\u00e9ho designu. Na\u0161e spole\u010dnost m\u00e1 rozs\u00e1hl\u00e9 zku\u0161enosti s poskytov\u00e1n\u00edm designov\u00fdch slu\u017eeb v Charkov\u011b pro prostory r\u016fzn\u00e9ho funk\u010dn\u00edho \u00fa\u010delu. Na\u0161i design\u00e9\u0159i vyberou nejvhodn\u011bj\u0161\u00ed styl pro v\u00e1\u0161 domov a nab\u00eddnou n\u011bkolik n\u00e1pad\u016f na design a v\u00fdzdobu pokoj\u016f. <strong>Uvedeme v \u017eivot i va\u0161e p\u0159edstavy o stylu, barv\u011b a dekoraci<\/strong> .<\/p>\n<p> Na\u0161im klient\u016fm nab\u00edz\u00edme:<\/p>\n<ul>\n<li> kr\u00e1sn\u00fd design interi\u00e9ru<\/li>\n<li> p\u0159ijateln\u00e9 ceny<\/li>\n<li> vysoce kvalitn\u00ed projek\u010dn\u00ed pr\u00e1ce<\/li>\n<\/ul>\n<p> Projek\u010dn\u00ed pr\u00e1ce pro soukrom\u00fd d\u016fm jsou stejn\u011b d\u016fle\u017eit\u00e9 jako stavebn\u00ed a oprav\u00e1rensk\u00e9 pr\u00e1ce. V\u00fdzdoba uvnit\u0159 je stejn\u00e1 jako vn\u011bj\u0161\u00ed fas\u00e1da budovy. Pro vypracov\u00e1n\u00ed projektu interi\u00e9rov\u00e9ho designu se design\u00e9\u0159i spole\u010dnosti setk\u00e1vaj\u00ed s klientem p\u0159\u00edmo na pracovi\u0161ti. Sezn\u00e1mit se s prostorem, jeho dispozic\u00ed, m\u00edstnostmi, v p\u0159\u00edpad\u011b pot\u0159eby prov\u00e9st m\u011b\u0159en\u00ed a tak\u00e9 zjistit va\u0161e p\u0159\u00e1n\u00ed a po\u017eadavky.<\/p>\n<p> Design interi\u00e9ru by m\u011bl ud\u011blat soukrom\u00fd d\u016fm nejen kr\u00e1sn\u00fdm, ale tak\u00e9 \u00fatuln\u00fdm a funk\u010dn\u00edm. Na\u0161i design\u00e9\u0159i v\u00e1m pomohou vybrat vysoce kvalitn\u00ed dokon\u010dovac\u00ed materi\u00e1ly, origin\u00e1ln\u00ed dekorativn\u00ed prvky a n\u00e1bytek. Tento n\u00e1bytek tak\u00e9 um\u00edst\u00edme do v\u0161ech m\u00edstnost\u00ed provozovny: do lo\u017enice, ob\u00fdvac\u00edho pokoje, d\u011btsk\u00e9ho pokoje, koupelny a dal\u0161\u00edch.<\/p>\n<p> O\u017eivujeme jak\u00fdkoli styl interi\u00e9rov\u00e9ho designu od klasiky po modern\u00ed, od loftu po minimalismus. N\u00e1vrh\u00e1\u0159i v\u00e1m pomohou vybrat vhodn\u00fd styl pro v\u00e1\u0161 soukrom\u00fd d\u016fm. M\u016f\u017ee b\u00fdt stejn\u00fd pro celou m\u00edstnost, nebo odli\u0161n\u00fd pro r\u016fzn\u00e9 m\u00edstnosti, ale v ka\u017ed\u00e9m p\u0159\u00edpad\u011b bude v\u0161e p\u016fsobit harmonicky a dopl\u0148ovat se. <\/p>\n<p><img loading=\"lazy\" decoding=\"async\" class=\"aligncenter wp-image-4174 size-full colorbox-18318\" src=\"https:\/\/asart.com.ua\/wp-content\/uploads\/2015\/12\/Vanna-spalnya-1watermark.jpg\" alt=\"Vana (lo\u017enice) (1)vodoznak\" width=\"715\" height=\"750\" \/><\/p>\n<h3> Zt\u011bles\u0148ujeme jak\u00fdkoli styl.<\/h3>\n<p> Abyste nepochybovali o spr\u00e1vnosti zvolen\u00e9ho stylu a barevn\u00e9ho sch\u00e9matu pro soukrom\u00fd d\u016fm, <em>pomoc\u00ed 3D vizualizace v\u00e1m uk\u00e1\u017eeme, jak bude vypadat po oprav\u00e1ch a projek\u010dn\u00edch prac\u00edch<\/em> . Takov\u00e1 vizualizace umo\u017e\u0148uje prov\u00e1d\u011bt zm\u011bny a \u00fapravy b\u011bhem procesu n\u00e1vrhu, abyste nakonec z\u00edskali m\u00edstnost, kter\u00e1 nejl\u00e9pe vyhovuje va\u0161im po\u017eadavk\u016fm.<\/p>\n<p> Na\u0161e spole\u010dnost vytvo\u0159\u00ed jedine\u010dn\u00fd design interi\u00e9ru pro v\u00e1\u0161 soukrom\u00fd d\u016fm nebo chalupu za nejlep\u0161\u00ed cenu v Charkov\u011b.<\/p>\n","protected":false},"excerpt":{"rendered":"<p>Mnoho obyvatel Charkova rad\u011bji \u017eije v <a class=\"continue_link\" href=\"https:\/\/asart.com.ua\/cs\/design-kottedzhey\/interior-chastnogo-doma\/\">\u0427\u0438\u0442\u0430\u0442\u044c \u0434\u0430\u043b\u0435\u0435 >><\/a><\/p>\n","protected":false},"author":6,"featured_media":0,"parent":18282,"menu_order":0,"comment_status":"closed","ping_status":"closed","template":"","meta":{"footnotes":""},"acf":[],"aioseo_notices":[],"_links":{"self":[{"href":"https:\/\/asart.com.ua\/cs\/wp-json\/wp\/v2\/pages\/18318"}],"collection":[{"href":"https:\/\/asart.com.ua\/cs\/wp-json\/wp\/v2\/pages"}],"about":[{"href":"https:\/\/asart.com.ua\/cs\/wp-json\/wp\/v2\/types\/page"}],"author":[{"embeddable":true,"href":"https:\/\/asart.com.ua\/cs\/wp-json\/wp\/v2\/users\/6"}],"replies":[{"embeddable":true,"href":"https:\/\/asart.com.ua\/cs\/wp-json\/wp\/v2\/comments?post=18318"}],"version-history":[{"count":1,"href":"https:\/\/asart.com.ua\/cs\/wp-json\/wp\/v2\/pages\/18318\/revisions"}],"predecessor-version":[{"id":18321,"href":"https:\/\/asart.com.ua\/cs\/wp-json\/wp\/v2\/pages\/18318\/revisions\/18321"}],"up":[{"embeddable":true,"href":"https:\/\/asart.com.ua\/cs\/wp-json\/wp\/v2\/pages\/18282"}],"wp:attachment":[{"href":"https:\/\/asart.com.ua\/cs\/wp-json\/wp\/v2\/media?parent=18318"}],"curies":[{"name":"wp","href":"https:\/\/api.w.org\/{rel}","templated":true}]}}