{"id":18312,"date":"2016-06-09T12:08:33","date_gmt":"2016-06-09T09:08:33","guid":{"rendered":"https:\/\/asart.com.ua\/design-kottedzhey\/interior-kottedzha\/"},"modified":"2023-11-27T15:53:02","modified_gmt":"2023-11-27T12:53:02","slug":"interior-kottedzha","status":"publish","type":"page","link":"https:\/\/asart.com.ua\/cs\/design-kottedzhey\/interior-kottedzha\/","title":{"rendered":"N\u00e1vrh interi\u00e9ru chaty"},"content":{"rendered":"<p>Obl\u00edben\u00e9 bydlen\u00ed mezi obyvateli Charkova jsou domy a chaty, kter\u00e9 mohou b\u00fdt um\u00edst\u011bny jak ve m\u011bst\u011b, tak mimo n\u011bj. Pro mnoh\u00e9 <strong>jsou hlavn\u00edm m\u00edstem bydli\u0161t\u011b, n\u011bkte\u0159\u00ed je vyu\u017e\u00edvaj\u00ed jako p\u0159\u00edm\u011bstsk\u00e9, dopl\u0148kov\u00e9 bydlen\u00ed<\/strong> . Ale v ka\u017ed\u00e9m p\u0159\u00edpad\u011b, bez ohledu na \u00fa\u010del, d\u0159\u00edve nebo pozd\u011bji bude ka\u017ed\u00e1 m\u00edstnost vy\u017eadovat opravy. P\u0159ed zah\u00e1jen\u00edm stavebn\u00edch a rekonstruk\u010dn\u00edch prac\u00ed doporu\u010dujeme vypracovat p\u0159edb\u011b\u017en\u00fd projekt interi\u00e9ru budovy jako celku i ka\u017ed\u00e9 jej\u00ed m\u00edstnosti.<\/p>\n<p> <a href=\"https:\/\/asart.com.ua\/wp-content\/uploads\/2023\/07\/56-f-7watermark.jpg\"><img loading=\"lazy\" decoding=\"async\" class=\"aligncenter size-full wp-image-10087 colorbox-18312\" src=\"https:\/\/asart.com.ua\/wp-content\/uploads\/2023\/07\/56-f-7watermark.jpg\" alt=\"\" width=\"1100\" height=\"619\" srcset=\"https:\/\/asart.com.ua\/wp-content\/uploads\/2023\/07\/56-f-7watermark.jpg 1100w, https:\/\/asart.com.ua\/wp-content\/uploads\/2023\/07\/56-f-7watermark-300x169.jpg 300w, https:\/\/asart.com.ua\/wp-content\/uploads\/2023\/07\/56-f-7watermark-1024x576.jpg 1024w, https:\/\/asart.com.ua\/wp-content\/uploads\/2023\/07\/56-f-7watermark-768x432.jpg 768w\" sizes=\"(max-width: 1100px) 100vw, 1100px\" \/><\/a><\/p>\n<p><a href=\"https:\/\/asart.com.ua\/wp-content\/uploads\/2014\/02\/Gostinaya-3watermark.jpg\"><br \/><\/a><a href=\"https:\/\/asart.com.ua\/wp-content\/uploads\/2023\/07\/56-f-10watermark.jpg\"><img loading=\"lazy\" decoding=\"async\" class=\"aligncenter size-full wp-image-10093 colorbox-18312\" src=\"https:\/\/asart.com.ua\/wp-content\/uploads\/2023\/07\/56-f-10watermark.jpg\" alt=\"\" width=\"1100\" height=\"619\" srcset=\"https:\/\/asart.com.ua\/wp-content\/uploads\/2023\/07\/56-f-10watermark.jpg 1100w, https:\/\/asart.com.ua\/wp-content\/uploads\/2023\/07\/56-f-10watermark-300x169.jpg 300w, https:\/\/asart.com.ua\/wp-content\/uploads\/2023\/07\/56-f-10watermark-1024x576.jpg 1024w, https:\/\/asart.com.ua\/wp-content\/uploads\/2023\/07\/56-f-10watermark-768x432.jpg 768w\" sizes=\"(max-width: 1100px) 100vw, 1100px\" \/><\/a><\/p>\n<p> <a href=\"https:\/\/asart.com.ua\/wp-content\/uploads\/2023\/07\/56-f-6watermark.jpg\"><img loading=\"lazy\" decoding=\"async\" class=\"aligncenter size-full wp-image-10085 colorbox-18312\" src=\"https:\/\/asart.com.ua\/wp-content\/uploads\/2023\/07\/56-f-6watermark.jpg\" alt=\"\" width=\"1100\" height=\"619\" srcset=\"https:\/\/asart.com.ua\/wp-content\/uploads\/2023\/07\/56-f-6watermark.jpg 1100w, https:\/\/asart.com.ua\/wp-content\/uploads\/2023\/07\/56-f-6watermark-300x169.jpg 300w, https:\/\/asart.com.ua\/wp-content\/uploads\/2023\/07\/56-f-6watermark-1024x576.jpg 1024w, https:\/\/asart.com.ua\/wp-content\/uploads\/2023\/07\/56-f-6watermark-768x432.jpg 768w\" sizes=\"(max-width: 1100px) 100vw, 1100px\" \/><\/a><\/p>\n<p> <a href=\"https:\/\/asart.com.ua\/wp-content\/uploads\/2023\/07\/56-f-9watermark.jpg\"><img loading=\"lazy\" decoding=\"async\" class=\"aligncenter size-full wp-image-10091 colorbox-18312\" src=\"https:\/\/asart.com.ua\/wp-content\/uploads\/2023\/07\/56-f-9watermark.jpg\" alt=\"\" width=\"1100\" height=\"619\" srcset=\"https:\/\/asart.com.ua\/wp-content\/uploads\/2023\/07\/56-f-9watermark.jpg 1100w, https:\/\/asart.com.ua\/wp-content\/uploads\/2023\/07\/56-f-9watermark-300x169.jpg 300w, https:\/\/asart.com.ua\/wp-content\/uploads\/2023\/07\/56-f-9watermark-1024x576.jpg 1024w, https:\/\/asart.com.ua\/wp-content\/uploads\/2023\/07\/56-f-9watermark-768x432.jpg 768w\" sizes=\"(max-width: 1100px) 100vw, 1100px\" \/><\/a><\/p>\n<p> <a href=\"https:\/\/asart.com.ua\/wp-content\/uploads\/2023\/07\/56-f-11watermark.jpg\"><img loading=\"lazy\" decoding=\"async\" class=\"aligncenter size-full wp-image-10095 colorbox-18312\" src=\"https:\/\/asart.com.ua\/wp-content\/uploads\/2023\/07\/56-f-11watermark.jpg\" alt=\"\" width=\"1100\" height=\"619\" srcset=\"https:\/\/asart.com.ua\/wp-content\/uploads\/2023\/07\/56-f-11watermark.jpg 1100w, https:\/\/asart.com.ua\/wp-content\/uploads\/2023\/07\/56-f-11watermark-300x169.jpg 300w, https:\/\/asart.com.ua\/wp-content\/uploads\/2023\/07\/56-f-11watermark-1024x576.jpg 1024w, https:\/\/asart.com.ua\/wp-content\/uploads\/2023\/07\/56-f-11watermark-768x432.jpg 768w\" sizes=\"(max-width: 1100px) 100vw, 1100px\" \/><\/a><\/p>\n<p> <a href=\"https:\/\/asart.com.ua\/wp-content\/uploads\/2023\/07\/56-f-15watermark.jpg\"><img loading=\"lazy\" decoding=\"async\" class=\"aligncenter size-full wp-image-10101 colorbox-18312\" src=\"https:\/\/asart.com.ua\/wp-content\/uploads\/2023\/07\/56-f-15watermark.jpg\" alt=\"\" width=\"1100\" height=\"619\" \/><\/a><\/p>\n<p> <a href=\"https:\/\/asart.com.ua\/wp-content\/uploads\/2023\/07\/56-f-14watermark.jpg\"><img loading=\"lazy\" decoding=\"async\" class=\"aligncenter size-full wp-image-10099 colorbox-18312\" src=\"https:\/\/asart.com.ua\/wp-content\/uploads\/2023\/07\/56-f-14watermark.jpg\" alt=\"\" width=\"1100\" height=\"619\" \/><\/a> <a href=\"https:\/\/asart.com.ua\/wp-content\/uploads\/2022\/08\/detskaya-malysha-1.jpg\"><img loading=\"lazy\" decoding=\"async\" class=\"aligncenter  wp-image-9517 colorbox-18312\" src=\"https:\/\/asart.com.ua\/wp-content\/uploads\/2022\/08\/detskaya-malysha-1.jpg\" alt=\"\" width=\"1100\" height=\"825\" srcset=\"https:\/\/asart.com.ua\/wp-content\/uploads\/2022\/08\/detskaya-malysha-1.jpg 1000w, https:\/\/asart.com.ua\/wp-content\/uploads\/2022\/08\/detskaya-malysha-1-300x225.jpg 300w, https:\/\/asart.com.ua\/wp-content\/uploads\/2022\/08\/detskaya-malysha-1-768x576.jpg 768w, https:\/\/asart.com.ua\/wp-content\/uploads\/2022\/08\/detskaya-malysha-1-160x120.jpg 160w, https:\/\/asart.com.ua\/wp-content\/uploads\/2022\/08\/detskaya-malysha-1-289x217.jpg 289w\" sizes=\"(max-width: 1100px) 100vw, 1100px\" \/><\/a> <a href=\"https:\/\/asart.com.ua\/wp-content\/uploads\/2022\/08\/detskaya-malysha-4.jpg\"><img loading=\"lazy\" decoding=\"async\" class=\"aligncenter  wp-image-9523 colorbox-18312\" src=\"https:\/\/asart.com.ua\/wp-content\/uploads\/2022\/08\/detskaya-malysha-4.jpg\" alt=\"\" width=\"1097\" height=\"823\" srcset=\"https:\/\/asart.com.ua\/wp-content\/uploads\/2022\/08\/detskaya-malysha-4.jpg 1000w, https:\/\/asart.com.ua\/wp-content\/uploads\/2022\/08\/detskaya-malysha-4-300x225.jpg 300w, https:\/\/asart.com.ua\/wp-content\/uploads\/2022\/08\/detskaya-malysha-4-768x576.jpg 768w, https:\/\/asart.com.ua\/wp-content\/uploads\/2022\/08\/detskaya-malysha-4-160x120.jpg 160w, https:\/\/asart.com.ua\/wp-content\/uploads\/2022\/08\/detskaya-malysha-4-289x217.jpg 289w\" sizes=\"(max-width: 1097px) 100vw, 1097px\" \/><\/a><\/p>\n<h2> Vysoce kvalifikovan\u00e9 projek\u010dn\u00ed slu\u017eby.<\/h2>\n<p> Vypracov\u00e1n\u00ed n\u00e1vrhu interi\u00e9ru pro chatu nebo d\u016fm vy\u017eaduje ur\u010dit\u00e9 znalosti v um\u011bn\u00ed designu, tak\u017ee nejlep\u0161\u00edm rozhodnut\u00edm by bylo obr\u00e1tit se na specialisty. Na\u0161e spole\u010dnost se ji\u017e mnoho let rozv\u00edj\u00ed:<\/p>\n<ul>\n<li> origin\u00e1l<\/li>\n<li> unik\u00e1tn\u00ed<\/li>\n<li> Kr\u00e1sn\u00e1<\/li>\n<li> modern\u00ed<\/li>\n<\/ul>\n<p> interi\u00e9rov\u00fd design za nejlep\u0161\u00ed cenu v Charkov\u011b. Na\u0161i profesion\u00e1ln\u00ed design\u00e9\u0159i v\u00e1m nab\u00eddnou mnoho n\u00e1pad\u016f, kter\u00e9 lze o\u017eivit a d\u00edky nim\u017e bude v\u00e1\u0161 pokoj pohodln\u00fd a \u00fatuln\u00fd. Pracujeme tak\u00e9 s r\u016fzn\u00fdmi styly a sm\u011bry.<\/p>\n<p> Jak\u00e1koli projek\u010dn\u00ed pr\u00e1ce za\u010d\u00edn\u00e1 sch\u016fzkou mezi design\u00e9rem a klientem p\u0159\u00edmo v dom\u011b nebo na chat\u011b. Specialista zhodnot\u00ed prostory, jejich stav, dispozice, rozm\u011bry a provede pot\u0159ebn\u00e1 m\u011b\u0159en\u00ed. Nejd\u016fle\u017eit\u011bj\u0161\u00edm bodem sch\u016fzky je ujasnit si v\u0161echna Va\u0161e p\u0159\u00e1n\u00ed a po\u017eadavky t\u00fdkaj\u00edc\u00ed se budouc\u00ed podoby prostor.<\/p>\n<p> Na\u0161e spole\u010dnost V\u00e1m nab\u00eddne n\u00e1vrh interi\u00e9ru pro ka\u017ed\u00fd pokoj um\u00edst\u011bn\u00fd v chat\u011b:<\/p>\n<ul>\n<li> lo\u017enice<\/li>\n<li> kuchyn\u011b<\/li>\n<li> ob\u00fdvac\u00ed pokoj<\/li>\n<li> koupelna<\/li>\n<li> d\u011btsk\u00fd pokoj<\/li>\n<\/ul>\n<p> Styl m\u016f\u017ee b\u00fdt stejn\u00fd pro celou m\u00edstnost nebo se m\u016f\u017ee li\u0161it v z\u00e1vislosti na m\u00edstnosti a jej\u00edm funk\u010dn\u00edm \u00fa\u010delu. D\u016fle\u017eit\u00fd je tak\u00e9 v\u00fdb\u011br barev, ve kter\u00fdch bude v\u00e1\u0161 domov za\u0159\u00edzen. Na\u0161i design\u00e9\u0159i v\u00e1m pomohou vybrat n\u00e1bytek, kter\u00fd bude modern\u00ed, funk\u010dn\u00ed a nezabere mnoho m\u00edsta. Porad\u00ed v\u00e1m tak\u00e9, jak spr\u00e1vn\u011b rozm\u00edstit n\u00e1bytek ve v\u0161ech m\u00edstnostech.<\/p>\n<p> <a href=\"https:\/\/asart.com.ua\/wp-content\/uploads\/2023\/07\/2-1v-kuchnya-studiya-dom-15watermark.jpg\"><img loading=\"lazy\" decoding=\"async\" class=\"aligncenter size-full wp-image-10068 colorbox-18312\" src=\"https:\/\/asart.com.ua\/wp-content\/uploads\/2023\/07\/2-1v-kuchnya-studiya-dom-15watermark.jpg\" alt=\"\" width=\"1100\" height=\"619\" srcset=\"https:\/\/asart.com.ua\/wp-content\/uploads\/2023\/07\/2-1v-kuchnya-studiya-dom-15watermark.jpg 1100w, https:\/\/asart.com.ua\/wp-content\/uploads\/2023\/07\/2-1v-kuchnya-studiya-dom-15watermark-300x169.jpg 300w, https:\/\/asart.com.ua\/wp-content\/uploads\/2023\/07\/2-1v-kuchnya-studiya-dom-15watermark-1024x576.jpg 1024w, https:\/\/asart.com.ua\/wp-content\/uploads\/2023\/07\/2-1v-kuchnya-studiya-dom-15watermark-768x432.jpg 768w\" sizes=\"(max-width: 1100px) 100vw, 1100px\" \/><\/a><\/p>\n<p> <a href=\"https:\/\/asart.com.ua\/wp-content\/uploads\/2023\/07\/2-1v-kuchnya-studiya-dom-12watermark.jpg\"><img loading=\"lazy\" decoding=\"async\" class=\"aligncenter size-full wp-image-10062 colorbox-18312\" src=\"https:\/\/asart.com.ua\/wp-content\/uploads\/2023\/07\/2-1v-kuchnya-studiya-dom-12watermark.jpg\" alt=\"\" width=\"1100\" height=\"619\" srcset=\"https:\/\/asart.com.ua\/wp-content\/uploads\/2023\/07\/2-1v-kuchnya-studiya-dom-12watermark.jpg 1100w, https:\/\/asart.com.ua\/wp-content\/uploads\/2023\/07\/2-1v-kuchnya-studiya-dom-12watermark-300x169.jpg 300w, https:\/\/asart.com.ua\/wp-content\/uploads\/2023\/07\/2-1v-kuchnya-studiya-dom-12watermark-1024x576.jpg 1024w, https:\/\/asart.com.ua\/wp-content\/uploads\/2023\/07\/2-1v-kuchnya-studiya-dom-12watermark-768x432.jpg 768w\" sizes=\"(max-width: 1100px) 100vw, 1100px\" \/><\/a> <a href=\"https:\/\/asart.com.ua\/wp-content\/uploads\/2023\/07\/2-1v-kuchnya-studiya-dom-11watermark.jpg\"><img loading=\"lazy\" decoding=\"async\" class=\"aligncenter size-full wp-image-10060 colorbox-18312\" src=\"https:\/\/asart.com.ua\/wp-content\/uploads\/2023\/07\/2-1v-kuchnya-studiya-dom-11watermark.jpg\" alt=\"\" width=\"1100\" height=\"619\" srcset=\"https:\/\/asart.com.ua\/wp-content\/uploads\/2023\/07\/2-1v-kuchnya-studiya-dom-11watermark.jpg 1100w, https:\/\/asart.com.ua\/wp-content\/uploads\/2023\/07\/2-1v-kuchnya-studiya-dom-11watermark-300x169.jpg 300w, https:\/\/asart.com.ua\/wp-content\/uploads\/2023\/07\/2-1v-kuchnya-studiya-dom-11watermark-1024x576.jpg 1024w, https:\/\/asart.com.ua\/wp-content\/uploads\/2023\/07\/2-1v-kuchnya-studiya-dom-11watermark-768x432.jpg 768w\" sizes=\"(max-width: 1100px) 100vw, 1100px\" \/><\/a><br \/> <a href=\"https:\/\/asart.com.ua\/wp-content\/uploads\/2023\/07\/2-1v-kuchnya-studiya-dom-10watermark.jpg\"><img loading=\"lazy\" decoding=\"async\" class=\"aligncenter size-full wp-image-10058 colorbox-18312\" src=\"https:\/\/asart.com.ua\/wp-content\/uploads\/2023\/07\/2-1v-kuchnya-studiya-dom-10watermark.jpg\" alt=\"\" width=\"1100\" height=\"619\" srcset=\"https:\/\/asart.com.ua\/wp-content\/uploads\/2023\/07\/2-1v-kuchnya-studiya-dom-10watermark.jpg 1100w, https:\/\/asart.com.ua\/wp-content\/uploads\/2023\/07\/2-1v-kuchnya-studiya-dom-10watermark-300x169.jpg 300w, https:\/\/asart.com.ua\/wp-content\/uploads\/2023\/07\/2-1v-kuchnya-studiya-dom-10watermark-1024x576.jpg 1024w, https:\/\/asart.com.ua\/wp-content\/uploads\/2023\/07\/2-1v-kuchnya-studiya-dom-10watermark-768x432.jpg 768w\" sizes=\"(max-width: 1100px) 100vw, 1100px\" \/><\/a><\/p>\n<h3> Uvedeme v\u0161echny va\u0161e n\u00e1pady k \u017eivotu.<\/h3>\n<p> D\u016fle\u017eit\u00fdm aspektem pr\u00e1ce na\u0161\u00ed spole\u010dnosti je p\u0159\u00edprava 3D vizualizac\u00ed budouc\u00edho n\u00e1vrhu interi\u00e9ru chaty \u010di domu v Charkov\u011b. <em>Uvid\u00edte, jak bude v\u00e1\u0161 pokoj vypadat, zda v\u00e1m zvolen\u00e1 barva a styl vyhovuje, a tak\u00e9 budete m\u00edt mo\u017enost prov\u00e1d\u011bt zm\u011bny a \u00fapravy ve f\u00e1zi v\u00fdvoje projektu<\/em> .<\/p>\n<p> Dal\u0161\u00ed d\u016fle\u017eitou slu\u017ebou, kterou poskytujeme, je projektov\u00fd dozor. To znamen\u00e1, \u017ee n\u00e1\u0161 projektant bude kontrolovat a kontrolovat spr\u00e1vnost v\u0161ech prac\u00ed, v souladu se schv\u00e1len\u00fdm projektem n\u00e1vrhu interi\u00e9ru chaty nebo domu v Charkov\u011b.<\/p>\n","protected":false},"excerpt":{"rendered":"<p>Obl\u00edben\u00e9 bydlen\u00ed mezi obyvateli Charkova jsou <a class=\"continue_link\" href=\"https:\/\/asart.com.ua\/cs\/design-kottedzhey\/interior-kottedzha\/\">\u0427\u0438\u0442\u0430\u0442\u044c \u0434\u0430\u043b\u0435\u0435 >><\/a><\/p>\n","protected":false},"author":6,"featured_media":0,"parent":18282,"menu_order":0,"comment_status":"closed","ping_status":"closed","template":"","meta":{"footnotes":""},"acf":[],"aioseo_notices":[],"_links":{"self":[{"href":"https:\/\/asart.com.ua\/cs\/wp-json\/wp\/v2\/pages\/18312"}],"collection":[{"href":"https:\/\/asart.com.ua\/cs\/wp-json\/wp\/v2\/pages"}],"about":[{"href":"https:\/\/asart.com.ua\/cs\/wp-json\/wp\/v2\/types\/page"}],"author":[{"embeddable":true,"href":"https:\/\/asart.com.ua\/cs\/wp-json\/wp\/v2\/users\/6"}],"replies":[{"embeddable":true,"href":"https:\/\/asart.com.ua\/cs\/wp-json\/wp\/v2\/comments?post=18312"}],"version-history":[{"count":1,"href":"https:\/\/asart.com.ua\/cs\/wp-json\/wp\/v2\/pages\/18312\/revisions"}],"predecessor-version":[{"id":18315,"href":"https:\/\/asart.com.ua\/cs\/wp-json\/wp\/v2\/pages\/18312\/revisions\/18315"}],"up":[{"embeddable":true,"href":"https:\/\/asart.com.ua\/cs\/wp-json\/wp\/v2\/pages\/18282"}],"wp:attachment":[{"href":"https:\/\/asart.com.ua\/cs\/wp-json\/wp\/v2\/media?parent=18312"}],"curies":[{"name":"wp","href":"https:\/\/api.w.org\/{rel}","templated":true}]}}