{"id":18306,"date":"2016-06-08T17:31:32","date_gmt":"2016-06-08T14:31:32","guid":{"rendered":"https:\/\/asart.com.ua\/design-kottedzhey\/interior-zagorodnogo-doma\/"},"modified":"2023-11-27T15:52:11","modified_gmt":"2023-11-27T12:52:11","slug":"interior-zagorodnogo-doma","status":"publish","type":"page","link":"https:\/\/asart.com.ua\/cs\/design-kottedzhey\/interior-zagorodnogo-doma\/","title":{"rendered":"Design interi\u00e9ru venkovsk\u00e9ho domu"},"content":{"rendered":"<p>Venkovsk\u00e9 domy jsou obl\u00edben\u00fdm m\u00edstem k pobytu obyvatel velk\u00fdch m\u011bst na Ukrajin\u011b, v\u010detn\u011b Charkova. Mnoho lid\u00ed si p\u0159ij\u00ed\u017ed\u00ed na v\u00edkendy odpo\u010dinout od pracovn\u00edho t\u00fddne, mnoz\u00ed je vyu\u017e\u00edvaj\u00ed jako dopl\u0148kov\u00e9 sez\u00f3nn\u00ed bydlen\u00ed. V ka\u017ed\u00e9m p\u0159\u00edpad\u011b, bez ohledu na \u00fa\u010del, ka\u017ed\u00fd chce, aby to bylo:<\/p>\n<ul>\n<li> \u00fatuln\u00fd<\/li>\n<li> Kr\u00e1sn\u00e1<\/li>\n<li> tepl\u00fd<\/li>\n<\/ul>\n<p> Toho v\u0161eho v\u00e1m pom\u016f\u017ee dos\u00e1hnout profesion\u00e1ln\u00ed interi\u00e9rov\u00fd design, kter\u00fd bude speci\u00e1ln\u011b navr\u017een pro v\u00e1\u0161 soukrom\u00fd venkovsk\u00fd d\u016fm s p\u0159ihl\u00e9dnut\u00edm ke v\u0161em va\u0161im p\u0159\u00e1n\u00edm a p\u0159edstav\u00e1m. Na\u0161e spole\u010dnost m\u00e1 bohat\u00e9 zku\u0161enosti s poskytov\u00e1n\u00edm designov\u00fdch slu\u017eeb v Charkov\u011b. Na\u0161im klient\u016fm nab\u00edz\u00edme:<\/p>\n<ul>\n<li> modern\u00ed designov\u00e9 n\u00e1pady<\/li>\n<li> p\u0159ijateln\u00e9 ceny<\/li>\n<li> 3D vizualizace<\/li>\n<li> autorsk\u00fd dozor<\/li>\n<\/ul>\n<p> V\u00fdvoj interi\u00e9ru pro venkovsk\u00fd d\u016fm je pova\u017eov\u00e1n za mnohem obt\u00ed\u017en\u011bj\u0161\u00ed ve srovn\u00e1n\u00ed s byty. Vzhledem k tomu, \u017ee projekt zahrnuje komplex projek\u010dn\u00edch prac\u00ed souvisej\u00edc\u00edch s n\u00e1vrhem prostor uvnit\u0159, vn\u011b, n\u00e1vrh fas\u00e1dy a v\u0161ech p\u0159ilehl\u00fdch budov a are\u00e1lu.<\/p>\n<p> <a href=\"https:\/\/asart.com.ua\/wp-content\/uploads\/2016\/10\/11.jpg\"><img loading=\"lazy\" decoding=\"async\" class=\"aligncenter size-full wp-image-4926 colorbox-18306\" src=\"https:\/\/asart.com.ua\/wp-content\/uploads\/2016\/10\/11.jpg\" alt=\"jeden\u00e1ct\" width=\"1000\" height=\"667\" srcset=\"https:\/\/asart.com.ua\/wp-content\/uploads\/2016\/10\/11.jpg 1000w, https:\/\/asart.com.ua\/wp-content\/uploads\/2016\/10\/11-300x200.jpg 300w, https:\/\/asart.com.ua\/wp-content\/uploads\/2016\/10\/11-768x512.jpg 768w, https:\/\/asart.com.ua\/wp-content\/uploads\/2016\/10\/11-240x160.jpg 240w\" sizes=\"(max-width: 1000px) 100vw, 1000px\" \/><\/a><\/p>\n<p> <a href=\"https:\/\/asart.com.ua\/wp-content\/uploads\/2015\/10\/Kuhnya-studiya-2watermark.jpg\"><img loading=\"lazy\" decoding=\"async\" class=\"aligncenter size-full wp-image-4085 colorbox-18306\" src=\"https:\/\/asart.com.ua\/wp-content\/uploads\/2015\/10\/Kuhnya-studiya-2watermark.jpg\" alt=\"Kuchy\u0148sk\u00e9 studio (2)vodoznak\" width=\"1000\" height=\"667\" srcset=\"https:\/\/asart.com.ua\/wp-content\/uploads\/2015\/10\/Kuhnya-studiya-2watermark.jpg 1000w, https:\/\/asart.com.ua\/wp-content\/uploads\/2015\/10\/Kuhnya-studiya-2watermark-300x200.jpg 300w, https:\/\/asart.com.ua\/wp-content\/uploads\/2015\/10\/Kuhnya-studiya-2watermark-240x160.jpg 240w\" sizes=\"(max-width: 1000px) 100vw, 1000px\" \/><\/a><\/p>\n<p> <a href=\"https:\/\/asart.com.ua\/wp-content\/uploads\/2016\/10\/Kuhnya-studiya-11watermark.jpg\"><img loading=\"lazy\" decoding=\"async\" class=\"aligncenter size-full wp-image-5001 colorbox-18306\" src=\"https:\/\/asart.com.ua\/wp-content\/uploads\/2016\/10\/Kuhnya-studiya-11watermark.jpg\" alt=\"Kuchy\u0148sk\u00e9 studio (11)vodoznak\" width=\"1000\" height=\"667\" srcset=\"https:\/\/asart.com.ua\/wp-content\/uploads\/2016\/10\/Kuhnya-studiya-11watermark.jpg 1000w, https:\/\/asart.com.ua\/wp-content\/uploads\/2016\/10\/Kuhnya-studiya-11watermark-300x200.jpg 300w, https:\/\/asart.com.ua\/wp-content\/uploads\/2016\/10\/Kuhnya-studiya-11watermark-768x512.jpg 768w, https:\/\/asart.com.ua\/wp-content\/uploads\/2016\/10\/Kuhnya-studiya-11watermark-240x160.jpg 240w\" sizes=\"(max-width: 1000px) 100vw, 1000px\" \/><\/a><br \/><a href=\"https:\/\/asart.com.ua\/wp-content\/uploads\/2016\/10\/a-Holl-lestnichnyiy-marsh-11watermark.jpg\"><img loading=\"lazy\" decoding=\"async\" class=\"aligncenter size-full wp-image-4949 colorbox-18306\" src=\"https:\/\/asart.com.ua\/wp-content\/uploads\/2016\/10\/a-Holl-lestnichnyiy-marsh-11watermark.jpg\" alt=\"a Hall schodi\u0161t\u011b (11) vodoznak\" width=\"1000\" height=\"667\" srcset=\"https:\/\/asart.com.ua\/wp-content\/uploads\/2016\/10\/a-Holl-lestnichnyiy-marsh-11watermark.jpg 1000w, https:\/\/asart.com.ua\/wp-content\/uploads\/2016\/10\/a-Holl-lestnichnyiy-marsh-11watermark-300x200.jpg 300w, https:\/\/asart.com.ua\/wp-content\/uploads\/2016\/10\/a-Holl-lestnichnyiy-marsh-11watermark-768x512.jpg 768w, https:\/\/asart.com.ua\/wp-content\/uploads\/2016\/10\/a-Holl-lestnichnyiy-marsh-11watermark-240x160.jpg 240w\" sizes=\"(max-width: 1000px) 100vw, 1000px\" \/><\/a><br \/> <a href=\"https:\/\/asart.com.ua\/wp-content\/uploads\/2016\/10\/Detskaya-malchika-1watermark.jpg\"><img loading=\"lazy\" decoding=\"async\" class=\"aligncenter size-full wp-image-4975 colorbox-18306\" src=\"https:\/\/asart.com.ua\/wp-content\/uploads\/2016\/10\/Detskaya-malchika-1watermark.jpg\" alt=\"Vodoznak chlapeck\u00e9 \u0161kolky 1\" width=\"1000\" height=\"667\" srcset=\"https:\/\/asart.com.ua\/wp-content\/uploads\/2016\/10\/Detskaya-malchika-1watermark.jpg 1000w, https:\/\/asart.com.ua\/wp-content\/uploads\/2016\/10\/Detskaya-malchika-1watermark-300x200.jpg 300w, https:\/\/asart.com.ua\/wp-content\/uploads\/2016\/10\/Detskaya-malchika-1watermark-768x512.jpg 768w, https:\/\/asart.com.ua\/wp-content\/uploads\/2016\/10\/Detskaya-malchika-1watermark-240x160.jpg 240w\" sizes=\"(max-width: 1000px) 100vw, 1000px\" \/><\/a> <a href=\"https:\/\/asart.com.ua\/wp-content\/uploads\/2015\/10\/Vanna-roditelskaya-12watermark.jpg\"><br \/><\/a> <a href=\"https:\/\/asart.com.ua\/wp-content\/uploads\/2016\/10\/Detskaya-malchika-3-1watermark.jpg\"><br \/><\/a> <a href=\"https:\/\/asart.com.ua\/wp-content\/uploads\/2016\/10\/a-Holl-lestnichnyiy-marsh-2watermark-1.jpg\"><img loading=\"lazy\" decoding=\"async\" class=\"aligncenter size-full wp-image-4937 colorbox-18306\" src=\"https:\/\/asart.com.ua\/wp-content\/uploads\/2016\/10\/a-Holl-lestnichnyiy-marsh-2watermark-1.jpg\" alt=\"a Hall schodi\u0161t\u011b (2) vodoznak\" width=\"1000\" height=\"667\" srcset=\"https:\/\/asart.com.ua\/wp-content\/uploads\/2016\/10\/a-Holl-lestnichnyiy-marsh-2watermark-1.jpg 1000w, https:\/\/asart.com.ua\/wp-content\/uploads\/2016\/10\/a-Holl-lestnichnyiy-marsh-2watermark-1-300x200.jpg 300w, https:\/\/asart.com.ua\/wp-content\/uploads\/2016\/10\/a-Holl-lestnichnyiy-marsh-2watermark-1-768x512.jpg 768w, https:\/\/asart.com.ua\/wp-content\/uploads\/2016\/10\/a-Holl-lestnichnyiy-marsh-2watermark-1-240x160.jpg 240w\" sizes=\"(max-width: 1000px) 100vw, 1000px\" \/><\/a><br \/> <a href=\"https:\/\/asart.com.ua\/wp-content\/uploads\/2016\/10\/Vanna-roditelskaya-2watermark.jpg\"><img loading=\"lazy\" decoding=\"async\" class=\"aligncenter size-full wp-image-4959 colorbox-18306\" src=\"https:\/\/asart.com.ua\/wp-content\/uploads\/2016\/10\/Vanna-roditelskaya-2watermark.jpg\" alt=\"Rodi\u010dovsk\u00e1 koupel (2)vodoznak\" width=\"1000\" height=\"667\" srcset=\"https:\/\/asart.com.ua\/wp-content\/uploads\/2016\/10\/Vanna-roditelskaya-2watermark.jpg 1000w, https:\/\/asart.com.ua\/wp-content\/uploads\/2016\/10\/Vanna-roditelskaya-2watermark-300x200.jpg 300w, https:\/\/asart.com.ua\/wp-content\/uploads\/2016\/10\/Vanna-roditelskaya-2watermark-768x512.jpg 768w, https:\/\/asart.com.ua\/wp-content\/uploads\/2016\/10\/Vanna-roditelskaya-2watermark-240x160.jpg 240w\" sizes=\"(max-width: 1000px) 100vw, 1000px\" \/><\/a><\/p>\n<h2> Profesion\u00e1ln\u00ed projek\u010dn\u00ed pr\u00e1ce.<\/h2>\n<p> Venkovsk\u00fd d\u016fm m\u016f\u017ee b\u00fdt vyzdoben v jak\u00e9mkoli stylu, kter\u00fd si p\u0159ejete. P\u0159i sch\u016fzce s design\u00e9rem si budete moci sd\u011blit v\u0161echny sv\u00e9 p\u0159edstavy a p\u0159\u00e1n\u00ed t\u00fdkaj\u00edc\u00ed se budoucnosti interi\u00e9rov\u00e9ho designu. Po prozkoum\u00e1n\u00ed m\u00edstnosti, jej\u00ed dispozice, um\u00edst\u011bn\u00ed m\u00edstnost\u00ed, m\u016f\u017ee n\u00e1\u0161 design\u00e9r nab\u00eddnout sv\u00e9 p\u0159edstavy, kter\u00e9 budou pro v\u00e1\u0161 pokoj nejvhodn\u011bj\u0161\u00ed a spln\u00ed va\u0161e po\u017eadavky. Tot\u00e9\u017e plat\u00ed pro styl a barvu.<\/p>\n<p> Pokoje <strong>mohou b\u00fdt vyrobeny v r\u016fzn\u00fdch stylech a barv\u00e1ch, ale v ka\u017ed\u00e9m p\u0159\u00edpad\u011b budou harmonicky a hladce vz\u00e1jemn\u011b kombinov\u00e1ny<\/strong> . Jak bude v\u00e1\u0161 venkovsk\u00fd d\u016fm vypadat po uveden\u00ed projektu interi\u00e9ru do \u017eivota, m\u016f\u017eete vid\u011bt pomoc\u00ed 3D vizualizac\u00ed vyvinut\u00fdch na\u0161imi design\u00e9ry, a to jak pro are\u00e1l jako celek, tak pro ka\u017edou jeho m\u00edstnost. To poskytne p\u0159\u00edle\u017eitost prov\u00e9st zm\u011bny p\u0159ed zah\u00e1jen\u00edm oprav a projektov\u00fdch prac\u00ed.<\/p>\n<h3> Vyzdob\u00edme pokoj v jak\u00e9mkoli stylu.<\/h3>\n<p> Krom\u011b uspo\u0159\u00e1d\u00e1n\u00ed a dekorace zahrnuje design interi\u00e9ru v\u00fdb\u011br modern\u00edho n\u00e1bytku pro ka\u017ed\u00fd pokoj. Na\u0161i <em>specialist\u00e9 vyberou n\u00e1bytek do lo\u017enice, ob\u00fdvac\u00edho pokoje, kuchyn\u011b, d\u011btsk\u00e9ho pokoje i koupelny a pomohou i s jeho rozm\u00edst\u011bn\u00edm na nejvhodn\u011bj\u0161\u00ed m\u00edsta<\/em> . Nejobl\u00edben\u011bj\u0161\u00edm atributem v interi\u00e9ru venkovsk\u00e9ho domu je krb. Mohou b\u00fdt skute\u010dn\u00e9 nebo um\u011bl\u00e9, v z\u00e1vislosti na p\u0159\u00e1n\u00ed z\u00e1kazn\u00edka.<\/p>\n<p><a href=\"https:\/\/asart.com.ua\/wp-content\/uploads\/2015\/10\/Kuhnya-studiya-2watermark.jpg\"><br \/><\/a> <a href=\"https:\/\/asart.com.ua\/wp-content\/uploads\/2015\/10\/Kuhnya-studiya-5watermark.jpg\"><img loading=\"lazy\" decoding=\"async\" class=\"aligncenter size-full wp-image-4088 colorbox-18306\" src=\"https:\/\/asart.com.ua\/wp-content\/uploads\/2015\/10\/Kuhnya-studiya-5watermark.jpg\" alt=\"Kuchy\u0148sk\u00e9 studio (5)vodoznak\" width=\"1000\" height=\"667\" srcset=\"https:\/\/asart.com.ua\/wp-content\/uploads\/2015\/10\/Kuhnya-studiya-5watermark.jpg 1000w, https:\/\/asart.com.ua\/wp-content\/uploads\/2015\/10\/Kuhnya-studiya-5watermark-300x200.jpg 300w, https:\/\/asart.com.ua\/wp-content\/uploads\/2015\/10\/Kuhnya-studiya-5watermark-240x160.jpg 240w\" sizes=\"(max-width: 1000px) 100vw, 1000px\" \/><\/a><a href=\"https:\/\/asart.com.ua\/wp-content\/uploads\/2015\/10\/Kuhnya-studiya-4watermark.jpg\"><br \/><\/a><\/p>\n<p> Na\u0161e spole\u010dnost vytvo\u0159\u00ed exkluzivn\u00ed a origin\u00e1ln\u00ed design interi\u00e9ru pro venkovsk\u00fd d\u016fm nebo chalupu bez ohledu na jeho velikost za nejlep\u0161\u00ed cenu ve m\u011bst\u011b Charkov.<\/p>\n","protected":false},"excerpt":{"rendered":"<p>Venkovsk\u00e9 domy jsou obl\u00edben\u00fdm m\u00edstem k <a class=\"continue_link\" href=\"https:\/\/asart.com.ua\/cs\/design-kottedzhey\/interior-zagorodnogo-doma\/\">\u0427\u0438\u0442\u0430\u0442\u044c \u0434\u0430\u043b\u0435\u0435 >><\/a><\/p>\n","protected":false},"author":6,"featured_media":0,"parent":18282,"menu_order":0,"comment_status":"closed","ping_status":"closed","template":"","meta":{"footnotes":""},"acf":[],"aioseo_notices":[],"_links":{"self":[{"href":"https:\/\/asart.com.ua\/cs\/wp-json\/wp\/v2\/pages\/18306"}],"collection":[{"href":"https:\/\/asart.com.ua\/cs\/wp-json\/wp\/v2\/pages"}],"about":[{"href":"https:\/\/asart.com.ua\/cs\/wp-json\/wp\/v2\/types\/page"}],"author":[{"embeddable":true,"href":"https:\/\/asart.com.ua\/cs\/wp-json\/wp\/v2\/users\/6"}],"replies":[{"embeddable":true,"href":"https:\/\/asart.com.ua\/cs\/wp-json\/wp\/v2\/comments?post=18306"}],"version-history":[{"count":2,"href":"https:\/\/asart.com.ua\/cs\/wp-json\/wp\/v2\/pages\/18306\/revisions"}],"predecessor-version":[{"id":18680,"href":"https:\/\/asart.com.ua\/cs\/wp-json\/wp\/v2\/pages\/18306\/revisions\/18680"}],"up":[{"embeddable":true,"href":"https:\/\/asart.com.ua\/cs\/wp-json\/wp\/v2\/pages\/18282"}],"wp:attachment":[{"href":"https:\/\/asart.com.ua\/cs\/wp-json\/wp\/v2\/media?parent=18306"}],"curies":[{"name":"wp","href":"https:\/\/api.w.org\/{rel}","templated":true}]}}