{"id":18300,"date":"2017-07-03T09:34:38","date_gmt":"2017-07-03T06:34:38","guid":{"rendered":"https:\/\/asart.com.ua\/design-kottedzhey\/vnutri\/"},"modified":"2024-09-25T17:38:28","modified_gmt":"2024-09-25T14:38:28","slug":"vnutri","status":"publish","type":"page","link":"https:\/\/asart.com.ua\/cs\/design-kottedzhey\/vnutri\/","title":{"rendered":"Design interi\u00e9ru uvnit\u0159 domu"},"content":{"rendered":"<p>V\u00fdznamn\u00e1 plocha soukrom\u00e9ho nebo venkovsk\u00e9ho domu umo\u017e\u0148uje v n\u011bm zt\u011blesnit jak\u00fdkoli modern\u00ed designov\u00fd styl. V\u00fdb\u011br z r\u016fzn\u00fdch design\u016f interi\u00e9ru umo\u017e\u0148uje rychle vybrat ten nejvhodn\u011bj\u0161\u00ed pro ka\u017edou m\u00edstnost, bez ohledu na jej\u00ed velikost, uspo\u0159\u00e1d\u00e1n\u00ed, stav a um\u00edst\u011bn\u00ed m\u00edstnost\u00ed. Ka\u017ed\u00fd majitel takov\u00e9ho domu chce, aby se prostor stal:<\/p>\n<ul>\n<li>kr\u00e1sn\u00fd<\/li>\n<li>\u00fatuln\u00fd<\/li>\n<li>modern\u00ed<\/li>\n<li>stylov\u00fd<\/li>\n<li>ergonomick\u00fd<\/li>\n<\/ul>\n<p>A tak\u00e9 pohodln\u00e9 a funk\u010dn\u00ed. Aby uvnit\u0159 domu byl interi\u00e9r, kter\u00fd p\u0159en\u00e1\u0161\u00ed rodinn\u00e9 tradice, napl\u0148uje prostor teplem a pohodl\u00edm a pot\u011b\u0161\u00ed v\u0161echny \u010dleny dom\u00e1cnosti p\u0159\u00edjemn\u00fdm, harmonick\u00fdm prost\u0159ed\u00edm. Chcete-li to v\u0161e vytvo\u0159it ve sv\u00e9m dom\u011b, m\u011bli byste kontaktovat specialisty v oblasti designov\u00fdch slu\u017eeb a objednat si v\u00fdvoj jedine\u010dn\u00e9ho designu.<\/p>\n<p><a href=\"https:\/\/asart.com.ua\/wp-content\/uploads\/2024\/08\/dizan-interera-villy-1watermark--1024x576.jpg\"><img loading=\"lazy\" decoding=\"async\" class=\"aligncenter size-large wp-image-19861 colorbox-18300\" src=\"https:\/\/asart.com.ua\/wp-content\/uploads\/2024\/08\/dizan-interera-villy-1watermark--1024x576.jpg\" alt=\"\" width=\"1024\" height=\"576\" srcset=\"https:\/\/asart.com.ua\/wp-content\/uploads\/2024\/08\/dizan-interera-villy-1watermark--1024x576.jpg 1024w, https:\/\/asart.com.ua\/wp-content\/uploads\/2024\/08\/dizan-interera-villy-1watermark--300x169.jpg 300w, https:\/\/asart.com.ua\/wp-content\/uploads\/2024\/08\/dizan-interera-villy-1watermark--768x432.jpg 768w, https:\/\/asart.com.ua\/wp-content\/uploads\/2024\/08\/dizan-interera-villy-1watermark-.jpg 1200w\" sizes=\"(max-width: 1024px) 100vw, 1024px\" \/><\/a><a href=\"https:\/\/asart.com.ua\/wp-content\/uploads\/2024\/08\/dizan-interera-villy-5watermark--1024x576.jpg\"><img loading=\"lazy\" decoding=\"async\" class=\"aligncenter size-large wp-image-19877 colorbox-18300\" src=\"https:\/\/asart.com.ua\/wp-content\/uploads\/2024\/08\/dizan-interera-villy-5watermark--1024x576.jpg\" alt=\"\" width=\"1024\" height=\"576\" srcset=\"https:\/\/asart.com.ua\/wp-content\/uploads\/2024\/08\/dizan-interera-villy-5watermark--1024x576.jpg 1024w, https:\/\/asart.com.ua\/wp-content\/uploads\/2024\/08\/dizan-interera-villy-5watermark--300x169.jpg 300w, https:\/\/asart.com.ua\/wp-content\/uploads\/2024\/08\/dizan-interera-villy-5watermark--768x432.jpg 768w, https:\/\/asart.com.ua\/wp-content\/uploads\/2024\/08\/dizan-interera-villy-5watermark-.jpg 1200w\" sizes=\"(max-width: 1024px) 100vw, 1024px\" \/><\/a><a href=\"https:\/\/asart.com.ua\/wp-content\/uploads\/2024\/08\/dizan-interera-villy-4watermark--1024x576.jpg\"><img loading=\"lazy\" decoding=\"async\" class=\"aligncenter size-large wp-image-19873 colorbox-18300\" src=\"https:\/\/asart.com.ua\/wp-content\/uploads\/2024\/08\/dizan-interera-villy-4watermark--1024x576.jpg\" alt=\"\" width=\"1024\" height=\"576\" srcset=\"https:\/\/asart.com.ua\/wp-content\/uploads\/2024\/08\/dizan-interera-villy-4watermark--1024x576.jpg 1024w, https:\/\/asart.com.ua\/wp-content\/uploads\/2024\/08\/dizan-interera-villy-4watermark--300x169.jpg 300w, https:\/\/asart.com.ua\/wp-content\/uploads\/2024\/08\/dizan-interera-villy-4watermark--768x432.jpg 768w, https:\/\/asart.com.ua\/wp-content\/uploads\/2024\/08\/dizan-interera-villy-4watermark-.jpg 1200w\" sizes=\"(max-width: 1024px) 100vw, 1024px\" \/><\/a><\/p>\n<p><a href=\"https:\/\/asart.com.ua\/wp-content\/uploads\/2023\/07\/kuhnya-studiya-dom-63-25watermark-1024x559.jpg\">\u00a0<\/a><\/p>\n<h2 style=\"text-align: center;\">Nab\u00edz\u00edme modern\u00ed designov\u00e9 n\u00e1pady.<\/h2>\n<p>Na\u0161e studio m\u00e1 bohat\u00e9 zku\u0161enosti s vytv\u00e1\u0159en\u00edm unik\u00e1tn\u00edho interi\u00e9rov\u00e9ho designu ve venkovsk\u00fdch i soukrom\u00fdch domech ve m\u011bst\u011b Charkov. Design\u00e9\u0159i Asart o\u017eiv\u00ed jak\u00fdkoli modern\u00ed styl nebo n\u011bkolik styl\u016f. Abyste ur\u010dili ten nejvhodn\u011bj\u0161\u00ed pro v\u00e1\u0161 prostor, mus\u00edte jej prohl\u00e9dnout, zhodnotit jeho stav a dispozice. V\u011bt\u0161ina t\u011bchto byt\u016f se skl\u00e1d\u00e1 z n\u011bkolika pater. V p\u0159\u00edzem\u00ed se nach\u00e1z\u00ed ob\u00fdvac\u00ed pokoj, kuchyn\u011b, j\u00eddelna, koupelna a WC. Ve druh\u00e9m pat\u0159e jsou lo\u017enice, d\u011btsk\u00e9 pokoje, \u0161atna, pracovna a dal\u0161\u00ed.<\/p>\n<h3 style=\"text-align: center;\">Kr\u00e1sn\u00fd a pohodln\u00fd prostor.<\/h3>\n<p>Po prohl\u00eddce prostor v\u00e1m design\u00e9r doporu\u010d\u00ed vhodn\u00fd styl pro v\u00e1\u0161 domov. Nejobl\u00edben\u011bj\u0161\u00ed interi\u00e9rov\u00fd design v Charkov\u011b, kter\u00fd vytv\u00e1\u0159\u00ed kr\u00e1su a pohodl\u00ed v interi\u00e9ru:<\/p>\n<ul>\n<li>klasick\u00fd<\/li>\n<li>modern\u00ed<\/li>\n<li>Provence<\/li>\n<li>modern\u00ed<\/li>\n<li>minimalismus<\/li>\n<li>neoklasicistn\u00ed<\/li>\n<\/ul>\n<p>Stejn\u011b jako loft a minimalismus. Vzhledem k tomu, \u017ee plocha je velk\u00e1, umo\u017e\u0148uje vytvo\u0159it designov\u00fd projekt v n\u011bkolika stylech. N\u00e1\u0161 design\u00e9r je harmonicky zkombinuje a p\u0159id\u00e1 jedine\u010dn\u00e1 designov\u00e1 \u0159e\u0161en\u00ed. Takov\u00fd projekt u\u010din\u00ed interi\u00e9r domu jedine\u010dn\u00fdm, zaj\u00edmav\u00fdm a origin\u00e1ln\u00edm.<\/p>\n<p><a href=\"https:\/\/asart.com.ua\/wp-content\/uploads\/2023\/07\/kuhnya-studiya-dom-63-25watermark-1024x559.jpg\"><img loading=\"lazy\" decoding=\"async\" class=\"aligncenter size-large wp-image-10144 colorbox-18300\" src=\"https:\/\/asart.com.ua\/wp-content\/uploads\/2023\/07\/kuhnya-studiya-dom-63-25watermark-1024x559.jpg\" alt=\"\" width=\"1024\" height=\"559\" srcset=\"https:\/\/asart.com.ua\/wp-content\/uploads\/2023\/07\/kuhnya-studiya-dom-63-25watermark-1024x559.jpg 1024w, https:\/\/asart.com.ua\/wp-content\/uploads\/2023\/07\/kuhnya-studiya-dom-63-25watermark-300x164.jpg 300w, https:\/\/asart.com.ua\/wp-content\/uploads\/2023\/07\/kuhnya-studiya-dom-63-25watermark-768x419.jpg 768w, https:\/\/asart.com.ua\/wp-content\/uploads\/2023\/07\/kuhnya-studiya-dom-63-25watermark.jpg 1100w\" sizes=\"(max-width: 1024px) 100vw, 1024px\" \/><\/a><a href=\"https:\/\/asart.com.ua\/wp-content\/uploads\/2023\/07\/kuhnya-studiya-dom-63-10watermark-1024x559.jpg\"><img loading=\"lazy\" decoding=\"async\" class=\"aligncenter size-large wp-image-10114 colorbox-18300\" src=\"https:\/\/asart.com.ua\/wp-content\/uploads\/2023\/07\/kuhnya-studiya-dom-63-10watermark-1024x559.jpg\" alt=\"\" width=\"1024\" height=\"559\" srcset=\"https:\/\/asart.com.ua\/wp-content\/uploads\/2023\/07\/kuhnya-studiya-dom-63-10watermark-1024x559.jpg 1024w, https:\/\/asart.com.ua\/wp-content\/uploads\/2023\/07\/kuhnya-studiya-dom-63-10watermark-300x164.jpg 300w, https:\/\/asart.com.ua\/wp-content\/uploads\/2023\/07\/kuhnya-studiya-dom-63-10watermark-768x419.jpg 768w, https:\/\/asart.com.ua\/wp-content\/uploads\/2023\/07\/kuhnya-studiya-dom-63-10watermark.jpg 1100w\" sizes=\"(max-width: 1024px) 100vw, 1024px\" \/><\/a><a href=\"https:\/\/asart.com.ua\/wp-content\/uploads\/2023\/07\/kuhnya-studiya-dom-63-24watermark-1024x559.jpg\"><img loading=\"lazy\" decoding=\"async\" class=\"aligncenter size-large wp-image-10142 colorbox-18300\" src=\"https:\/\/asart.com.ua\/wp-content\/uploads\/2023\/07\/kuhnya-studiya-dom-63-24watermark-1024x559.jpg\" alt=\"\" width=\"1024\" height=\"559\" srcset=\"https:\/\/asart.com.ua\/wp-content\/uploads\/2023\/07\/kuhnya-studiya-dom-63-24watermark-1024x559.jpg 1024w, https:\/\/asart.com.ua\/wp-content\/uploads\/2023\/07\/kuhnya-studiya-dom-63-24watermark-300x164.jpg 300w, https:\/\/asart.com.ua\/wp-content\/uploads\/2023\/07\/kuhnya-studiya-dom-63-24watermark-768x419.jpg 768w, https:\/\/asart.com.ua\/wp-content\/uploads\/2023\/07\/kuhnya-studiya-dom-63-24watermark.jpg 1100w\" sizes=\"(max-width: 1024px) 100vw, 1024px\" \/><\/a><a href=\"https:\/\/asart.com.ua\/wp-content\/uploads\/2023\/07\/kuhnya-studiya-dom-63-13watermark-1024x559.jpg\"><img loading=\"lazy\" decoding=\"async\" class=\"aligncenter size-large wp-image-10120 colorbox-18300\" src=\"https:\/\/asart.com.ua\/wp-content\/uploads\/2023\/07\/kuhnya-studiya-dom-63-13watermark-1024x559.jpg\" alt=\"\" width=\"1024\" height=\"559\" srcset=\"https:\/\/asart.com.ua\/wp-content\/uploads\/2023\/07\/kuhnya-studiya-dom-63-13watermark-1024x559.jpg 1024w, https:\/\/asart.com.ua\/wp-content\/uploads\/2023\/07\/kuhnya-studiya-dom-63-13watermark-300x164.jpg 300w, https:\/\/asart.com.ua\/wp-content\/uploads\/2023\/07\/kuhnya-studiya-dom-63-13watermark-768x419.jpg 768w, https:\/\/asart.com.ua\/wp-content\/uploads\/2023\/07\/kuhnya-studiya-dom-63-13watermark.jpg 1100w\" sizes=\"(max-width: 1024px) 100vw, 1024px\" \/><\/a><a href=\"https:\/\/asart.com.ua\/wp-content\/uploads\/2011\/11\/63-2vwatermark-1024x559.jpg\"><img loading=\"lazy\" decoding=\"async\" class=\"aligncenter size-large wp-image-10205 colorbox-18300\" src=\"https:\/\/asart.com.ua\/wp-content\/uploads\/2011\/11\/63-2vwatermark-1024x559.jpg\" alt=\"\" width=\"1024\" height=\"559\" srcset=\"https:\/\/asart.com.ua\/wp-content\/uploads\/2011\/11\/63-2vwatermark-1024x559.jpg 1024w, https:\/\/asart.com.ua\/wp-content\/uploads\/2011\/11\/63-2vwatermark-300x164.jpg 300w, https:\/\/asart.com.ua\/wp-content\/uploads\/2011\/11\/63-2vwatermark-768x419.jpg 768w, https:\/\/asart.com.ua\/wp-content\/uploads\/2011\/11\/63-2vwatermark.jpg 1100w\" sizes=\"(max-width: 1024px) 100vw, 1024px\" \/><\/a><\/p>\n<p>Pomoc\u00ed projektu designu interi\u00e9ru lze zm\u011bnit uspo\u0159\u00e1d\u00e1n\u00ed uvnit\u0159 domu a vytvo\u0159it jedin\u00fd pohodln\u00fd a \u00fatuln\u00fd prostor. Pomoc\u00ed n\u00e1bytku, sv\u011btel a barevn\u00fdch sch\u00e9mat jej rozd\u011blte do funk\u010dn\u00edch z\u00f3n. Aby ka\u017ed\u00fd \u010dlen rodiny m\u011bl sv\u016fj osobn\u00ed prostor. Design\u00e9rka designov\u00e9ho studia As v ka\u017ed\u00e9m p\u0159\u00edpad\u011b vybere nejvhodn\u011bj\u0161\u00ed n\u00e1bytek, dopl\u0148ky, dekorace a textilie. Pom\u016f\u017ee tak\u00e9 um\u00edst\u011bn\u00ed tohoto n\u00e1bytku do v\u0161ech m\u00edstnost\u00ed.<\/p>\n<p>Design a interi\u00e9r domu od studia Asart ud\u011bl\u00e1 z va\u0161eho domova bez ohledu na jeho velikost modern\u00ed, pohodln\u00fd a \u00fatuln\u00fd prostor.<\/p>\n","protected":false},"excerpt":{"rendered":"<p>V\u00fdznamn\u00e1 plocha soukrom\u00e9ho nebo venkovsk\u00e9ho domu <a class=\"continue_link\" href=\"https:\/\/asart.com.ua\/cs\/design-kottedzhey\/vnutri\/\">\u0427\u0438\u0442\u0430\u0442\u044c \u0434\u0430\u043b\u0435\u0435 >><\/a><\/p>\n","protected":false},"author":6,"featured_media":0,"parent":18282,"menu_order":0,"comment_status":"closed","ping_status":"closed","template":"","meta":{"footnotes":""},"acf":[],"aioseo_notices":[],"_links":{"self":[{"href":"https:\/\/asart.com.ua\/cs\/wp-json\/wp\/v2\/pages\/18300"}],"collection":[{"href":"https:\/\/asart.com.ua\/cs\/wp-json\/wp\/v2\/pages"}],"about":[{"href":"https:\/\/asart.com.ua\/cs\/wp-json\/wp\/v2\/types\/page"}],"author":[{"embeddable":true,"href":"https:\/\/asart.com.ua\/cs\/wp-json\/wp\/v2\/users\/6"}],"replies":[{"embeddable":true,"href":"https:\/\/asart.com.ua\/cs\/wp-json\/wp\/v2\/comments?post=18300"}],"version-history":[{"count":6,"href":"https:\/\/asart.com.ua\/cs\/wp-json\/wp\/v2\/pages\/18300\/revisions"}],"predecessor-version":[{"id":21157,"href":"https:\/\/asart.com.ua\/cs\/wp-json\/wp\/v2\/pages\/18300\/revisions\/21157"}],"up":[{"embeddable":true,"href":"https:\/\/asart.com.ua\/cs\/wp-json\/wp\/v2\/pages\/18282"}],"wp:attachment":[{"href":"https:\/\/asart.com.ua\/cs\/wp-json\/wp\/v2\/media?parent=18300"}],"curies":[{"name":"wp","href":"https:\/\/api.w.org\/{rel}","templated":true}]}}