{"id":18294,"date":"2016-06-10T13:15:37","date_gmt":"2016-06-10T10:15:37","guid":{"rendered":"https:\/\/asart.com.ua\/design-kottedzhey\/dom-cena\/"},"modified":"2023-11-24T01:29:59","modified_gmt":"2023-11-23T22:29:59","slug":"dom-cena","status":"publish","type":"page","link":"https:\/\/asart.com.ua\/cs\/design-kottedzhey\/dom-cena\/","title":{"rendered":"N\u00e1klady na design domu"},"content":{"rendered":"<p>Vytvo\u0159it v jak\u00e9mkoli dom\u011b, bez ohledu na \u00fa\u010dely, pro kter\u00e9 se pou\u017e\u00edv\u00e1, a\u0165 u\u017e tam lid\u00e9 \u017eij\u00ed trvale nebo do\u010dasn\u011b, a\u0165 u\u017e se nach\u00e1z\u00ed ve m\u011bst\u011b Charkov nebo mimo n\u011bj:<\/p>\n<ul>\n<li> \u00fatulnost<\/li>\n<li> pohodl\u00ed<\/li>\n<li> za\u0159\u00edzen\u00ed<\/li>\n<li> v\u0159el\u00e1 atmosf\u00e9ra<\/li>\n<\/ul>\n<p> Krom\u011b oprav je nutn\u00e9 prov\u00e9st projek\u010dn\u00ed pr\u00e1ce. Koneckonc\u016f, pouze jedine\u010dn\u00fd a exkluzivn\u00ed design interi\u00e9ru m\u016f\u017ee vytvo\u0159it krom\u011b uveden\u00fdch ukazatel\u016f kr\u00e1su a funk\u010dnost v jak\u00e9koli m\u00edstnosti. <\/p>\n<p><img loading=\"lazy\" decoding=\"async\" class=\"aligncenter wp-image-3608 size-full colorbox-18294\" src=\"https:\/\/asart.com.ua\/wp-content\/uploads\/2014\/06\/Dizayn-fasada-69watermark.jpg\" alt=\"Bytov\u00fd design\" width=\"1000\" height=\"750\" srcset=\"https:\/\/asart.com.ua\/wp-content\/uploads\/2014\/06\/Dizayn-fasada-69watermark.jpg 1000w, https:\/\/asart.com.ua\/wp-content\/uploads\/2014\/06\/Dizayn-fasada-69watermark-300x225.jpg 300w, https:\/\/asart.com.ua\/wp-content\/uploads\/2014\/06\/Dizayn-fasada-69watermark-160x120.jpg 160w, https:\/\/asart.com.ua\/wp-content\/uploads\/2014\/06\/Dizayn-fasada-69watermark-289x217.jpg 289w\" sizes=\"(max-width: 1000px) 100vw, 1000px\" \/><img loading=\"lazy\" decoding=\"async\" class=\"aligncenter wp-image-3607 size-full colorbox-18294\" src=\"https:\/\/asart.com.ua\/wp-content\/uploads\/2014\/06\/Dizayn-fasada-68watermark.jpg\" alt=\"Design chaty\" width=\"1000\" height=\"750\" srcset=\"https:\/\/asart.com.ua\/wp-content\/uploads\/2014\/06\/Dizayn-fasada-68watermark.jpg 1000w, https:\/\/asart.com.ua\/wp-content\/uploads\/2014\/06\/Dizayn-fasada-68watermark-300x225.jpg 300w, https:\/\/asart.com.ua\/wp-content\/uploads\/2014\/06\/Dizayn-fasada-68watermark-160x120.jpg 160w, https:\/\/asart.com.ua\/wp-content\/uploads\/2014\/06\/Dizayn-fasada-68watermark-289x217.jpg 289w\" sizes=\"(max-width: 1000px) 100vw, 1000px\" \/><img loading=\"lazy\" decoding=\"async\" class=\"aligncenter wp-image-3569 size-full colorbox-18294\" src=\"https:\/\/asart.com.ua\/wp-content\/uploads\/2014\/06\/Interer-chastnogo-doma-10watermark.jpg\" alt=\"Dom\u00e1c\u00ed interi\u00e9rov\u00fd design\" width=\"1000\" height=\"750\" srcset=\"https:\/\/asart.com.ua\/wp-content\/uploads\/2014\/06\/Interer-chastnogo-doma-10watermark.jpg 1000w, https:\/\/asart.com.ua\/wp-content\/uploads\/2014\/06\/Interer-chastnogo-doma-10watermark-300x225.jpg 300w, https:\/\/asart.com.ua\/wp-content\/uploads\/2014\/06\/Interer-chastnogo-doma-10watermark-160x120.jpg 160w, https:\/\/asart.com.ua\/wp-content\/uploads\/2014\/06\/Interer-chastnogo-doma-10watermark-289x217.jpg 289w\" sizes=\"(max-width: 1000px) 100vw, 1000px\" \/><img loading=\"lazy\" decoding=\"async\" class=\"aligncenter wp-image-3571 size-full colorbox-18294\" src=\"https:\/\/asart.com.ua\/wp-content\/uploads\/2014\/06\/Interer-chastnogo-doma-12watermark.jpg\" alt=\"N\u00e1vrh interi\u00e9ru chaty\" width=\"997\" height=\"1000\" srcset=\"https:\/\/asart.com.ua\/wp-content\/uploads\/2014\/06\/Interer-chastnogo-doma-12watermark.jpg 997w, https:\/\/asart.com.ua\/wp-content\/uploads\/2014\/06\/Interer-chastnogo-doma-12watermark-150x150.jpg 150w, https:\/\/asart.com.ua\/wp-content\/uploads\/2014\/06\/Interer-chastnogo-doma-12watermark-300x300.jpg 300w\" sizes=\"(max-width: 997px) 100vw, 997px\" \/><img loading=\"lazy\" decoding=\"async\" class=\"aligncenter wp-image-3566 size-full colorbox-18294\" src=\"https:\/\/asart.com.ua\/wp-content\/uploads\/2014\/06\/Interer-chastnogo-doma-7watermark.jpg\" alt=\"Interi\u00e9r soukrom\u00e9ho domu (7)vodoznak\" width=\"1000\" height=\"750\" srcset=\"https:\/\/asart.com.ua\/wp-content\/uploads\/2014\/06\/Interer-chastnogo-doma-7watermark.jpg 1000w, https:\/\/asart.com.ua\/wp-content\/uploads\/2014\/06\/Interer-chastnogo-doma-7watermark-300x225.jpg 300w, https:\/\/asart.com.ua\/wp-content\/uploads\/2014\/06\/Interer-chastnogo-doma-7watermark-160x120.jpg 160w, https:\/\/asart.com.ua\/wp-content\/uploads\/2014\/06\/Interer-chastnogo-doma-7watermark-289x217.jpg 289w\" sizes=\"(max-width: 1000px) 100vw, 1000px\" \/><img loading=\"lazy\" decoding=\"async\" class=\"aligncenter wp-image-3563 size-full colorbox-18294\" src=\"https:\/\/asart.com.ua\/wp-content\/uploads\/2014\/06\/Interer-chastnogo-doma-4watermark.jpg\" alt=\"Interi\u00e9r soukrom\u00e9ho domu (4)vodoznak\" width=\"1000\" height=\"750\" srcset=\"https:\/\/asart.com.ua\/wp-content\/uploads\/2014\/06\/Interer-chastnogo-doma-4watermark.jpg 1000w, https:\/\/asart.com.ua\/wp-content\/uploads\/2014\/06\/Interer-chastnogo-doma-4watermark-300x225.jpg 300w, https:\/\/asart.com.ua\/wp-content\/uploads\/2014\/06\/Interer-chastnogo-doma-4watermark-160x120.jpg 160w, https:\/\/asart.com.ua\/wp-content\/uploads\/2014\/06\/Interer-chastnogo-doma-4watermark-289x217.jpg 289w\" sizes=\"(max-width: 1000px) 100vw, 1000px\" \/><\/p>\n<h2> Vysok\u00e1 kvalita, p\u0159ijateln\u00e1 cena.<\/h2>\n<p> <strong>Vzhledem k tomu, \u017ee vytvo\u0159en\u00ed designu pro d\u016fm nebo chatu vy\u017eaduje ur\u010dit\u00e9 znalosti v oblasti designov\u00fdch slu\u017eeb, jako\u017e i nov\u00e9, modern\u00ed trendy a trendy souvisej\u00edc\u00ed s v\u00fdzdobou a v\u00fdzdobou prostor obecn\u011b a jejich m\u00edstnost\u00ed samostatn\u011b, stejn\u011b jako popul\u00e1rn\u00ed styly a barevn\u00e1 \u0159e\u0161en\u00ed, s S<\/strong> tak d\u016fle\u017eit\u00fdm \u00fakolem budete muset kontaktovat specialisty, kte\u0159\u00ed pro v\u00e1s vypracuj\u00ed exkluzivn\u00ed projekt za n\u00edzkou cenu.<\/p>\n<p> Na\u0161e spole\u010dnost v Charkov\u011b poskytuje designov\u00e9 slu\u017eby za nejp\u0159ijateln\u011bj\u0161\u00ed ceny. Na\u0161i design\u00e9\u0159i vyvinuli mnoho:<\/p>\n<ul>\n<li> zaj\u00edmav\u00fd<\/li>\n<li> unik\u00e1tn\u00ed<\/li>\n<li> origin\u00e1l<\/li>\n<li> modern\u00ed<\/li>\n<\/ul>\n<p> design interi\u00e9ru domu. Ve\u0161ker\u00e9 slu\u017eby prov\u00e1d\u00edme efektivn\u011b, zodpov\u011bdn\u011b, v jasn\u011b stanoven\u00fdch term\u00ednech a za n\u00edzk\u00e9 n\u00e1klady. Prvn\u00ed f\u00e1z\u00ed tvorby bytov\u00e9ho designu je setk\u00e1n\u00ed specialist\u016f spole\u010dnosti s klientem v m\u00edstnosti, kde budou pr\u00e1ce prov\u00e1d\u011bny. To je nezbytn\u00e9 k proveden\u00ed kontroly, ke zji\u0161t\u011bn\u00ed stavu budovy, jej\u00edho uspo\u0159\u00e1d\u00e1n\u00ed a stavu jej\u00ed komunikace. Pomoc\u00ed projek\u010dn\u00ed pr\u00e1ce m\u016f\u017eete zcela zm\u011bnit vzhled lo\u017enice, kuchyn\u011b, ob\u00fdvac\u00edho pokoje, koupelny, d\u011btsk\u00e9ho pokoje a jak\u00e9hokoli dal\u0161\u00edho pokoje.<\/p>\n<p> Na sch\u016fzce jsou vyjasn\u011bna v\u0161echna p\u0159\u00e1n\u00ed z\u00e1kazn\u00edka ohledn\u011b preferenc\u00ed stylu a barev a dohodnuta cena, kterou o\u010dek\u00e1v\u00e1te. Na\u0161i design\u00e9\u0159i, kte\u0159\u00ed poznali v\u00e1\u0161 domov, v\u00e1m mohou nab\u00eddnout nejvhodn\u011bj\u0161\u00ed styly pro vypracov\u00e1n\u00ed projektu interi\u00e9rov\u00e9ho designu a tak\u00e9 vybrat nejvhodn\u011bj\u0161\u00ed barvy. Ve\u0161ker\u00e9 projek\u010dn\u00ed pr\u00e1ce budou provedeny s p\u0159ihl\u00e9dnut\u00edm ke stanoven\u00e9 cen\u011b, po dokon\u010den\u00ed ji\u017e nebudete muset dopl\u00e1cet. V\u0161echny ceny se projedn\u00e1vaj\u00ed b\u011bhem jedn\u00e1n\u00ed. <\/p>\n<p><img loading=\"lazy\" decoding=\"async\" class=\"aligncenter wp-image-3611 size-full colorbox-18294\" src=\"https:\/\/asart.com.ua\/wp-content\/uploads\/2014\/06\/miniatyura2.jpg\" alt=\"miniaturn\u00ed\" width=\"1000\" height=\"750\" srcset=\"https:\/\/asart.com.ua\/wp-content\/uploads\/2014\/06\/miniatyura2.jpg 1000w, https:\/\/asart.com.ua\/wp-content\/uploads\/2014\/06\/miniatyura2-300x225.jpg 300w, https:\/\/asart.com.ua\/wp-content\/uploads\/2014\/06\/miniatyura2-160x120.jpg 160w, https:\/\/asart.com.ua\/wp-content\/uploads\/2014\/06\/miniatyura2-289x217.jpg 289w\" sizes=\"(max-width: 1000px) 100vw, 1000px\" \/><img loading=\"lazy\" decoding=\"async\" class=\"aligncenter wp-image-3604 size-full colorbox-18294\" src=\"https:\/\/asart.com.ua\/wp-content\/uploads\/2014\/06\/miniatyura-Fasad.jpg\" alt=\"miniaturn\u00ed fas\u00e1da\" width=\"1000\" height=\"750\" srcset=\"https:\/\/asart.com.ua\/wp-content\/uploads\/2014\/06\/miniatyura-Fasad.jpg 1000w, https:\/\/asart.com.ua\/wp-content\/uploads\/2014\/06\/miniatyura-Fasad-300x225.jpg 300w, https:\/\/asart.com.ua\/wp-content\/uploads\/2014\/06\/miniatyura-Fasad-160x120.jpg 160w, https:\/\/asart.com.ua\/wp-content\/uploads\/2014\/06\/miniatyura-Fasad-289x217.jpg 289w\" sizes=\"(max-width: 1000px) 100vw, 1000px\" \/><img loading=\"lazy\" decoding=\"async\" class=\"aligncenter wp-image-3578 size-full colorbox-18294\" src=\"https:\/\/asart.com.ua\/wp-content\/uploads\/2014\/06\/miniatyura1.jpg\" alt=\"miniaturn\u00ed\" width=\"1000\" height=\"750\" srcset=\"https:\/\/asart.com.ua\/wp-content\/uploads\/2014\/06\/miniatyura1.jpg 1000w, https:\/\/asart.com.ua\/wp-content\/uploads\/2014\/06\/miniatyura1-300x225.jpg 300w, https:\/\/asart.com.ua\/wp-content\/uploads\/2014\/06\/miniatyura1-160x120.jpg 160w, https:\/\/asart.com.ua\/wp-content\/uploads\/2014\/06\/miniatyura1-289x217.jpg 289w\" sizes=\"(max-width: 1000px) 100vw, 1000px\" \/><\/p>\n<h3> Cenov\u011b dostupn\u00e9 designov\u00e9 slu\u017eby.<\/h3>\n<p> V cen\u011b vytvo\u0159en\u00ed bytov\u00e9ho designu je i v\u00fdb\u011br n\u00e1bytku do v\u0161ech m\u00edstnost\u00ed. Kter\u00e9 jsou v n\u011bm. N\u00e1bytek bude vybr\u00e1n tak, aby byl kvalitn\u00ed a funk\u010dn\u00ed, nezabere mnoho m\u00edsta. Design\u00e9\u0159i v\u00e1m pomohou s jeho um\u00edst\u011bn\u00edm v m\u00edstnostech a tak\u00e9 pomoc\u00ed n\u011bj rozd\u011bl\u00ed m\u00edstnost na z\u00f3ny podle pot\u0159eby. Pomoc\u00ed slu\u017eby 3D vizualizace <em>se m\u016f\u017eete pod\u00edvat, jak bude v\u00e1\u0161 domov vypadat po dokon\u010den\u00ed v\u0161ech prac\u00ed<\/em> .<\/p>\n<p> Na\u0161e spole\u010dnost v\u00e1m vytvo\u0159\u00ed bytov\u00fd design za p\u0159ijatelnou cenu. Cenu na\u0161ich slu\u017eeb zjist\u00edte na telefonn\u00edm \u010d\u00edsle:<\/p>\n<ul>\n<li style=\"text-align: center;\"> 097 930 71 05<\/li>\n<li style=\"text-align: center;\"> 093 664 75 36<\/li>\n<\/ul>\n","protected":false},"excerpt":{"rendered":"<p>Vytvo\u0159it v jak\u00e9mkoli dom\u011b, bez ohledu <a class=\"continue_link\" href=\"https:\/\/asart.com.ua\/cs\/design-kottedzhey\/dom-cena\/\">\u0427\u0438\u0442\u0430\u0442\u044c \u0434\u0430\u043b\u0435\u0435 >><\/a><\/p>\n","protected":false},"author":6,"featured_media":0,"parent":18282,"menu_order":0,"comment_status":"closed","ping_status":"closed","template":"","meta":{"footnotes":""},"acf":[],"aioseo_notices":[],"_links":{"self":[{"href":"https:\/\/asart.com.ua\/cs\/wp-json\/wp\/v2\/pages\/18294"}],"collection":[{"href":"https:\/\/asart.com.ua\/cs\/wp-json\/wp\/v2\/pages"}],"about":[{"href":"https:\/\/asart.com.ua\/cs\/wp-json\/wp\/v2\/types\/page"}],"author":[{"embeddable":true,"href":"https:\/\/asart.com.ua\/cs\/wp-json\/wp\/v2\/users\/6"}],"replies":[{"embeddable":true,"href":"https:\/\/asart.com.ua\/cs\/wp-json\/wp\/v2\/comments?post=18294"}],"version-history":[{"count":1,"href":"https:\/\/asart.com.ua\/cs\/wp-json\/wp\/v2\/pages\/18294\/revisions"}],"predecessor-version":[{"id":18297,"href":"https:\/\/asart.com.ua\/cs\/wp-json\/wp\/v2\/pages\/18294\/revisions\/18297"}],"up":[{"embeddable":true,"href":"https:\/\/asart.com.ua\/cs\/wp-json\/wp\/v2\/pages\/18282"}],"wp:attachment":[{"href":"https:\/\/asart.com.ua\/cs\/wp-json\/wp\/v2\/media?parent=18294"}],"curies":[{"name":"wp","href":"https:\/\/api.w.org\/{rel}","templated":true}]}}